{"id":166763,"date":"2024-09-16T18:30:26","date_gmt":"2024-09-16T10:30:26","guid":{"rendered":"https:\/\/zxdoll.com\/?post_type=product&#038;p=166763"},"modified":"2024-10-03T10:45:29","modified_gmt":"2024-10-03T02:45:29","slug":"volt-fuck-master-5000-sex-doll","status":"publish","type":"product","link":"https:\/\/zxdoll.com\/hu\/product\/volt-fuck-master-5000-sex-doll\/","title":{"rendered":"Volt Fuck Master 5000 Sex Doll Joelle 157cm"},"content":{"rendered":"<h4><strong>Szexbaba k\u00e9pek<\/strong><\/h4>\n\t                <ul class=\"easy-image-gallery thumbnails-15 linked\">\r\n                    <li><a data-fancybox=\"gallery213\" href=\"https:\/\/zxdoll.com\/wp-content\/uploads\/2024\/09\/real-dolls-sex-dolls-i99ojx1-533x800.jpg\" class=\"eig-popup\" title=\"\" data-caption=\"\" target=\"_blank\"><i class=\"icon-view\"><\/i><span class=\"overlay\"><\/span><img decoding=\"async\" width=\"150\" height=\"150\" src=\"https:\/\/zxdoll.com\/wp-content\/uploads\/2024\/09\/real-dolls-sex-dolls-i99ojx1-150x150.jpg\" class=\"attachment-thumbnail size-thumbnail\" alt=\"\" title=\"\"><\/a><\/li><li><a data-fancybox=\"gallery213\" href=\"https:\/\/zxdoll.com\/wp-content\/uploads\/2024\/09\/real-dolls-sex-dolls-i99ojx2-425x800.jpg\" class=\"eig-popup\" title=\"\" data-caption=\"\" target=\"_blank\"><i class=\"icon-view\"><\/i><span class=\"overlay\"><\/span><img decoding=\"async\" width=\"150\" height=\"150\" src=\"https:\/\/zxdoll.com\/wp-content\/uploads\/2024\/09\/real-dolls-sex-dolls-i99ojx2-150x150.jpg\" class=\"attachment-thumbnail size-thumbnail\" alt=\"\" title=\"\"><\/a><\/li><li><a data-fancybox=\"gallery213\" href=\"https:\/\/zxdoll.com\/wp-content\/uploads\/2024\/09\/real-dolls-sex-dolls-i99ojx3-564x800.jpg\" class=\"eig-popup\" title=\"\" data-caption=\"\" target=\"_blank\"><i class=\"icon-view\"><\/i><span class=\"overlay\"><\/span><img decoding=\"async\" width=\"150\" height=\"150\" src=\"https:\/\/zxdoll.com\/wp-content\/uploads\/2024\/09\/real-dolls-sex-dolls-i99ojx3-150x150.jpg\" class=\"attachment-thumbnail size-thumbnail\" alt=\"\" title=\"\"><\/a><\/li><li><a data-fancybox=\"gallery213\" href=\"https:\/\/zxdoll.com\/wp-content\/uploads\/2024\/09\/real-dolls-sex-dolls-i99ojx4-533x800.jpg\" class=\"eig-popup\" title=\"\" data-caption=\"\" target=\"_blank\"><i class=\"icon-view\"><\/i><span class=\"overlay\"><\/span><img loading=\"lazy\" decoding=\"async\" width=\"150\" height=\"150\" src=\"https:\/\/zxdoll.com\/wp-content\/uploads\/2024\/09\/real-dolls-sex-dolls-i99ojx4-150x150.jpg\" class=\"attachment-thumbnail size-thumbnail\" alt=\"\" title=\"\"><\/a><\/li><li><a data-fancybox=\"gallery213\" href=\"https:\/\/zxdoll.com\/wp-content\/uploads\/2024\/09\/real-dolls-sex-dolls-i99ojx5-533x800.jpg\" class=\"eig-popup\" title=\"\" data-caption=\"\" target=\"_blank\"><i class=\"icon-view\"><\/i><span class=\"overlay\"><\/span><img loading=\"lazy\" decoding=\"async\" width=\"150\" height=\"150\" src=\"https:\/\/zxdoll.com\/wp-content\/uploads\/2024\/09\/real-dolls-sex-dolls-i99ojx5-150x150.jpg\" class=\"attachment-thumbnail size-thumbnail\" alt=\"\" title=\"\"><\/a><\/li><li><a data-fancybox=\"gallery213\" href=\"https:\/\/zxdoll.com\/wp-content\/uploads\/2024\/09\/real-dolls-sex-dolls-i99ojx6-533x800.jpg\" class=\"eig-popup\" title=\"\" data-caption=\"\" target=\"_blank\"><i class=\"icon-view\"><\/i><span class=\"overlay\"><\/span><img loading=\"lazy\" decoding=\"async\" width=\"150\" height=\"150\" src=\"https:\/\/zxdoll.com\/wp-content\/uploads\/2024\/09\/real-dolls-sex-dolls-i99ojx6-150x150.jpg\" class=\"attachment-thumbnail size-thumbnail\" alt=\"\" title=\"\"><\/a><\/li><li><a data-fancybox=\"gallery213\" href=\"https:\/\/zxdoll.com\/wp-content\/uploads\/2024\/09\/real-dolls-sex-dolls-i99ojx7-485x800.jpg\" class=\"eig-popup\" title=\"\" data-caption=\"\" target=\"_blank\"><i class=\"icon-view\"><\/i><span class=\"overlay\"><\/span><img loading=\"lazy\" decoding=\"async\" width=\"150\" height=\"150\" src=\"https:\/\/zxdoll.com\/wp-content\/uploads\/2024\/09\/real-dolls-sex-dolls-i99ojx7-150x150.jpg\" class=\"attachment-thumbnail size-thumbnail\" alt=\"\" title=\"\"><\/a><\/li><li><a data-fancybox=\"gallery213\" href=\"https:\/\/zxdoll.com\/wp-content\/uploads\/2024\/09\/real-dolls-sex-dolls-i99ojx8-533x800.jpg\" class=\"eig-popup\" title=\"\" data-caption=\"\" target=\"_blank\"><i class=\"icon-view\"><\/i><span class=\"overlay\"><\/span><img loading=\"lazy\" decoding=\"async\" width=\"150\" height=\"150\" src=\"https:\/\/zxdoll.com\/wp-content\/uploads\/2024\/09\/real-dolls-sex-dolls-i99ojx8-150x150.jpg\" class=\"attachment-thumbnail size-thumbnail\" alt=\"\" title=\"\"><\/a><\/li><li><a data-fancybox=\"gallery213\" href=\"https:\/\/zxdoll.com\/wp-content\/uploads\/2024\/09\/real-dolls-sex-dolls-i99ojx9-533x800.jpg\" class=\"eig-popup\" title=\"\" data-caption=\"\" target=\"_blank\"><i class=\"icon-view\"><\/i><span class=\"overlay\"><\/span><img loading=\"lazy\" decoding=\"async\" width=\"150\" height=\"150\" src=\"https:\/\/zxdoll.com\/wp-content\/uploads\/2024\/09\/real-dolls-sex-dolls-i99ojx9-150x150.jpg\" class=\"attachment-thumbnail size-thumbnail\" alt=\"\" title=\"\"><\/a><\/li><li><a data-fancybox=\"gallery213\" href=\"https:\/\/zxdoll.com\/wp-content\/uploads\/2024\/09\/real-dolls-sex-dolls-i99ojx10-1-533x800.jpg\" class=\"eig-popup\" title=\"\" data-caption=\"\" target=\"_blank\"><i class=\"icon-view\"><\/i><span class=\"overlay\"><\/span><img loading=\"lazy\" decoding=\"async\" width=\"150\" height=\"150\" src=\"https:\/\/zxdoll.com\/wp-content\/uploads\/2024\/09\/real-dolls-sex-dolls-i99ojx10-1-150x150.jpg\" class=\"attachment-thumbnail size-thumbnail\" alt=\"\" title=\"\"><\/a><\/li><li><a data-fancybox=\"gallery213\" href=\"https:\/\/zxdoll.com\/wp-content\/uploads\/2024\/09\/real-dolls-sex-dolls-i99ojx11-533x800.jpg\" class=\"eig-popup\" title=\"\" data-caption=\"\" target=\"_blank\"><i class=\"icon-view\"><\/i><span class=\"overlay\"><\/span><img loading=\"lazy\" decoding=\"async\" width=\"150\" height=\"150\" src=\"https:\/\/zxdoll.com\/wp-content\/uploads\/2024\/09\/real-dolls-sex-dolls-i99ojx11-150x150.jpg\" class=\"attachment-thumbnail size-thumbnail\" alt=\"\" title=\"\"><\/a><\/li><li><a data-fancybox=\"gallery213\" href=\"https:\/\/zxdoll.com\/wp-content\/uploads\/2024\/09\/real-dolls-sex-dolls-i99ojx12-490x800.jpg\" class=\"eig-popup\" title=\"\" data-caption=\"\" target=\"_blank\"><i class=\"icon-view\"><\/i><span class=\"overlay\"><\/span><img loading=\"lazy\" decoding=\"async\" width=\"150\" height=\"150\" src=\"https:\/\/zxdoll.com\/wp-content\/uploads\/2024\/09\/real-dolls-sex-dolls-i99ojx12-150x150.jpg\" class=\"attachment-thumbnail size-thumbnail\" alt=\"\" title=\"\"><\/a><\/li><li><a data-fancybox=\"gallery213\" href=\"https:\/\/zxdoll.com\/wp-content\/uploads\/2024\/09\/real-dolls-sex-dolls-i99ojx13-496x800.jpg\" class=\"eig-popup\" title=\"\" data-caption=\"\" target=\"_blank\"><i class=\"icon-view\"><\/i><span class=\"overlay\"><\/span><img loading=\"lazy\" decoding=\"async\" width=\"150\" height=\"150\" src=\"https:\/\/zxdoll.com\/wp-content\/uploads\/2024\/09\/real-dolls-sex-dolls-i99ojx13-150x150.jpg\" class=\"attachment-thumbnail size-thumbnail\" alt=\"\" title=\"\"><\/a><\/li><li><a data-fancybox=\"gallery213\" href=\"https:\/\/zxdoll.com\/wp-content\/uploads\/2024\/09\/real-dolls-sex-dolls-i99ojx14-377x800.jpg\" class=\"eig-popup\" title=\"\" data-caption=\"\" target=\"_blank\"><i class=\"icon-view\"><\/i><span class=\"overlay\"><\/span><img loading=\"lazy\" decoding=\"async\" width=\"150\" height=\"150\" src=\"https:\/\/zxdoll.com\/wp-content\/uploads\/2024\/09\/real-dolls-sex-dolls-i99ojx14-150x150.jpg\" class=\"attachment-thumbnail size-thumbnail\" alt=\"\" title=\"\"><\/a><\/li><li><a data-fancybox=\"gallery213\" href=\"https:\/\/zxdoll.com\/wp-content\/uploads\/2024\/09\/real-dolls-sex-dolls-i99ojx15-533x800.jpg\" class=\"eig-popup\" title=\"\" data-caption=\"\" target=\"_blank\"><i class=\"icon-view\"><\/i><span class=\"overlay\"><\/span><img loading=\"lazy\" decoding=\"async\" width=\"150\" height=\"150\" src=\"https:\/\/zxdoll.com\/wp-content\/uploads\/2024\/09\/real-dolls-sex-dolls-i99ojx15-150x150.jpg\" class=\"attachment-thumbnail size-thumbnail\" alt=\"\" title=\"\"><\/a><\/li><\/ul>\n<h4>M\u00e9rett\u00e1bl\u00e1zatok<\/h4>\n<table width=\"336\">\n<tbody>\n<tr>\n<td width=\"163\">Anyag<\/td>\n<td width=\"173\">TPE fej + TPE test<\/td>\n<\/tr>\n<tr>\n<td width=\"163\">Magass\u00e1g<\/td>\n<td>157cm B-cup<\/td>\n<\/tr>\n<tr>\n<td width=\"163\">V\u00e1ll<\/td>\n<td>31 cm<\/td>\n<\/tr>\n<tr>\n<td width=\"163\">Fels\u0151 mell<\/td>\n<td>67 cm<\/td>\n<\/tr>\n<tr>\n<td width=\"163\">Als\u00f3 mell<\/td>\n<td>53 cm<\/td>\n<\/tr>\n<tr>\n<td>Der\u00e9k<\/td>\n<td>49 cm<\/td>\n<\/tr>\n<tr>\n<td>Cs\u00edp\u0151<\/td>\n<td>76 cm<\/td>\n<\/tr>\n<tr>\n<td width=\"163\">Comb \u00f6v<\/td>\n<td>41.5cm<\/td>\n<\/tr>\n<tr>\n<td width=\"163\">Borj\u00fa Girth<\/td>\n<td>27 cm<\/td>\n<\/tr>\n<tr>\n<td width=\"163\">Legnth<\/td>\n<td>88 cm<\/td>\n<\/tr>\n<tr>\n<td width=\"163\">L\u00e1bhossz<\/td>\n<td>21,5 cm<\/td>\n<\/tr>\n<tr>\n<td width=\"163\">Nett\u00f3 t\u00f6meg<\/td>\n<td>27,8 kg<\/td>\n<\/tr>\n<tr>\n<td>Sz\u00e1jm\u00e9lys\u00e9g<\/td>\n<td>12 cm<\/td>\n<\/tr>\n<tr>\n<td>H\u00fcvelym\u00e9lys\u00e9g<\/td>\n<td>18 cm<\/td>\n<\/tr>\n<tr>\n<td>An\u00e1lis m\u00e9lys\u00e9g<\/td>\n<td>16 cm<\/td>\n<\/tr>\n<\/tbody>\n<\/table>\n<h4>A szexbab\u00e1r\u00f3l<\/h4>\n<p>&nbsp;<\/p>","protected":false},"excerpt":{"rendered":"<p>Sex Doll Images Size Charts Material TPE Head + TPE Body Height 157cm B-cup Shoulder 31cm Upper Breast 67cm Lower<\/p>","protected":false},"featured_media":166768,"comment_status":"open","ping_status":"closed","template":"","meta":[],"product_brand":[],"product_cat":[234,112,228,80,210,107,117,119],"product_tag":[],"class_list":{"0":"post-166763","1":"product","2":"type-product","3":"status-publish","4":"has-post-thumbnail","6":"product_cat-234","7":"product_cat-150cm-159cm-sex-dolls","8":"product_cat-26kg-30kg","9":"product_cat-asian-sex-doll","10":"product_cat-sex-doll-tumblr","11":"product_cat-skinny-sex-dolls","12":"product_cat-small-breast-sex-doll","13":"product_cat-tpe-sex-doll","14":"pa_brand-galaxy-doll","15":"tm-has-options","17":"first","18":"instock","19":"sale","20":"shipping-taxable","21":"purchasable","22":"product-type-simple"},"_links":{"self":[{"href":"https:\/\/zxdoll.com\/hu\/wp-json\/wp\/v2\/product\/166763","targetHints":{"allow":["GET"]}}],"collection":[{"href":"https:\/\/zxdoll.com\/hu\/wp-json\/wp\/v2\/product"}],"about":[{"href":"https:\/\/zxdoll.com\/hu\/wp-json\/wp\/v2\/types\/product"}],"replies":[{"embeddable":true,"href":"https:\/\/zxdoll.com\/hu\/wp-json\/wp\/v2\/comments?post=166763"}],"version-history":[{"count":1,"href":"https:\/\/zxdoll.com\/hu\/wp-json\/wp\/v2\/product\/166763\/revisions"}],"predecessor-version":[{"id":166800,"href":"https:\/\/zxdoll.com\/hu\/wp-json\/wp\/v2\/product\/166763\/revisions\/166800"}],"wp:featuredmedia":[{"embeddable":true,"href":"https:\/\/zxdoll.com\/hu\/wp-json\/wp\/v2\/media\/166768"}],"wp:attachment":[{"href":"https:\/\/zxdoll.com\/hu\/wp-json\/wp\/v2\/media?parent=166763"}],"wp:term":[{"taxonomy":"product_brand","embeddable":true,"href":"https:\/\/zxdoll.com\/hu\/wp-json\/wp\/v2\/product_brand?post=166763"},{"taxonomy":"product_cat","embeddable":true,"href":"https:\/\/zxdoll.com\/hu\/wp-json\/wp\/v2\/product_cat?post=166763"},{"taxonomy":"product_tag","embeddable":true,"href":"https:\/\/zxdoll.com\/hu\/wp-json\/wp\/v2\/product_tag?post=166763"}],"curies":[{"name":"wp","href":"https:\/\/api.w.org\/{rel}","templated":true}]}}