{"id":166694,"date":"2024-09-16T18:16:30","date_gmt":"2024-09-16T10:16:30","guid":{"rendered":"https:\/\/zxdoll.com\/?post_type=product&#038;p=166694"},"modified":"2024-10-03T01:29:57","modified_gmt":"2024-10-02T17:29:57","slug":"sissy-sperma-doll-sex-got-porn","status":"publish","type":"product","link":"https:\/\/zxdoll.com\/hu\/product\/sissy-sperma-doll-sex-got-porn\/","title":{"rendered":"Sissy Sperma Doll Sex Got Porn Joanna 140cm"},"content":{"rendered":"<h4><strong>Szexbaba k\u00e9pek<\/strong><\/h4>\n\t                <ul class=\"easy-image-gallery thumbnails-11 linked\">\r\n                    <li><a data-fancybox=\"gallery820\" href=\"https:\/\/zxdoll.com\/wp-content\/uploads\/2024\/09\/sophie-sex-doll-y6tx8x1-533x800.jpg\" class=\"eig-popup\" title=\"\" data-caption=\"\" target=\"_blank\"><i class=\"icon-view\"><\/i><span class=\"overlay\"><\/span><img decoding=\"async\" width=\"150\" height=\"150\" src=\"https:\/\/zxdoll.com\/wp-content\/uploads\/2024\/09\/sophie-sex-doll-y6tx8x1-150x150.jpg\" class=\"attachment-thumbnail size-thumbnail\" alt=\"\" title=\"\"><\/a><\/li><li><a data-fancybox=\"gallery820\" href=\"https:\/\/zxdoll.com\/wp-content\/uploads\/2024\/09\/sophie-sex-doll-y6tx8x2-533x800.jpg\" class=\"eig-popup\" title=\"\" data-caption=\"\" target=\"_blank\"><i class=\"icon-view\"><\/i><span class=\"overlay\"><\/span><img decoding=\"async\" width=\"150\" height=\"150\" src=\"https:\/\/zxdoll.com\/wp-content\/uploads\/2024\/09\/sophie-sex-doll-y6tx8x2-150x150.jpg\" class=\"attachment-thumbnail size-thumbnail\" alt=\"\" title=\"\"><\/a><\/li><li><a data-fancybox=\"gallery820\" href=\"https:\/\/zxdoll.com\/wp-content\/uploads\/2024\/09\/sophie-sex-doll-y6tx8x3-533x800.jpg\" class=\"eig-popup\" title=\"\" data-caption=\"\" target=\"_blank\"><i class=\"icon-view\"><\/i><span class=\"overlay\"><\/span><img decoding=\"async\" width=\"150\" height=\"150\" src=\"https:\/\/zxdoll.com\/wp-content\/uploads\/2024\/09\/sophie-sex-doll-y6tx8x3-150x150.jpg\" class=\"attachment-thumbnail size-thumbnail\" alt=\"\" title=\"\"><\/a><\/li><li><a data-fancybox=\"gallery820\" href=\"https:\/\/zxdoll.com\/wp-content\/uploads\/2024\/09\/sophie-sex-doll-y6tx8x4-533x800.jpg\" class=\"eig-popup\" title=\"\" data-caption=\"\" target=\"_blank\"><i class=\"icon-view\"><\/i><span class=\"overlay\"><\/span><img loading=\"lazy\" decoding=\"async\" width=\"150\" height=\"150\" src=\"https:\/\/zxdoll.com\/wp-content\/uploads\/2024\/09\/sophie-sex-doll-y6tx8x4-150x150.jpg\" class=\"attachment-thumbnail size-thumbnail\" alt=\"\" title=\"\"><\/a><\/li><li><a data-fancybox=\"gallery820\" href=\"https:\/\/zxdoll.com\/wp-content\/uploads\/2024\/09\/sophie-sex-doll-y6tx8x5-533x800.jpg\" class=\"eig-popup\" title=\"\" data-caption=\"\" target=\"_blank\"><i class=\"icon-view\"><\/i><span class=\"overlay\"><\/span><img loading=\"lazy\" decoding=\"async\" width=\"150\" height=\"150\" src=\"https:\/\/zxdoll.com\/wp-content\/uploads\/2024\/09\/sophie-sex-doll-y6tx8x5-150x150.jpg\" class=\"attachment-thumbnail size-thumbnail\" alt=\"\" title=\"\"><\/a><\/li><li><a data-fancybox=\"gallery820\" href=\"https:\/\/zxdoll.com\/wp-content\/uploads\/2024\/09\/sophie-sex-doll-y6tx8x6-533x800.jpg\" class=\"eig-popup\" title=\"\" data-caption=\"\" target=\"_blank\"><i class=\"icon-view\"><\/i><span class=\"overlay\"><\/span><img loading=\"lazy\" decoding=\"async\" width=\"150\" height=\"150\" src=\"https:\/\/zxdoll.com\/wp-content\/uploads\/2024\/09\/sophie-sex-doll-y6tx8x6-150x150.jpg\" class=\"attachment-thumbnail size-thumbnail\" alt=\"\" title=\"\"><\/a><\/li><li><a data-fancybox=\"gallery820\" href=\"https:\/\/zxdoll.com\/wp-content\/uploads\/2024\/09\/sophie-sex-doll-y6tx8x7-533x800.jpg\" class=\"eig-popup\" title=\"\" data-caption=\"\" target=\"_blank\"><i class=\"icon-view\"><\/i><span class=\"overlay\"><\/span><img loading=\"lazy\" decoding=\"async\" width=\"150\" height=\"150\" src=\"https:\/\/zxdoll.com\/wp-content\/uploads\/2024\/09\/sophie-sex-doll-y6tx8x7-150x150.jpg\" class=\"attachment-thumbnail size-thumbnail\" alt=\"\" title=\"\"><\/a><\/li><li><a data-fancybox=\"gallery820\" href=\"https:\/\/zxdoll.com\/wp-content\/uploads\/2024\/09\/sophie-sex-doll-y6tx8x8-533x800.jpg\" class=\"eig-popup\" title=\"\" data-caption=\"\" target=\"_blank\"><i class=\"icon-view\"><\/i><span class=\"overlay\"><\/span><img loading=\"lazy\" decoding=\"async\" width=\"150\" height=\"150\" src=\"https:\/\/zxdoll.com\/wp-content\/uploads\/2024\/09\/sophie-sex-doll-y6tx8x8-150x150.jpg\" class=\"attachment-thumbnail size-thumbnail\" alt=\"\" title=\"\"><\/a><\/li><li><a data-fancybox=\"gallery820\" href=\"https:\/\/zxdoll.com\/wp-content\/uploads\/2024\/09\/sophie-sex-doll-y6tx8x9-1-533x800.jpg\" class=\"eig-popup\" title=\"\" data-caption=\"\" target=\"_blank\"><i class=\"icon-view\"><\/i><span class=\"overlay\"><\/span><img loading=\"lazy\" decoding=\"async\" width=\"150\" height=\"150\" src=\"https:\/\/zxdoll.com\/wp-content\/uploads\/2024\/09\/sophie-sex-doll-y6tx8x9-1-150x150.jpg\" class=\"attachment-thumbnail size-thumbnail\" alt=\"\" title=\"\"><\/a><\/li><li><a data-fancybox=\"gallery820\" href=\"https:\/\/zxdoll.com\/wp-content\/uploads\/2024\/09\/sophie-sex-doll-y6tx8x10.jpg\" class=\"eig-popup\" title=\"\" data-caption=\"\" target=\"_blank\"><i class=\"icon-view\"><\/i><span class=\"overlay\"><\/span><img loading=\"lazy\" decoding=\"async\" width=\"150\" height=\"150\" src=\"https:\/\/zxdoll.com\/wp-content\/uploads\/2024\/09\/sophie-sex-doll-y6tx8x10-150x150.jpg\" class=\"attachment-thumbnail size-thumbnail\" alt=\"\" title=\"\"><\/a><\/li><li><a data-fancybox=\"gallery820\" href=\"https:\/\/zxdoll.com\/wp-content\/uploads\/2024\/09\/sophie-sex-doll-y6tx8x11-533x800.jpg\" class=\"eig-popup\" title=\"\" data-caption=\"\" target=\"_blank\"><i class=\"icon-view\"><\/i><span class=\"overlay\"><\/span><img loading=\"lazy\" decoding=\"async\" width=\"150\" height=\"150\" src=\"https:\/\/zxdoll.com\/wp-content\/uploads\/2024\/09\/sophie-sex-doll-y6tx8x11-150x150.jpg\" class=\"attachment-thumbnail size-thumbnail\" alt=\"\" title=\"\"><\/a><\/li><\/ul>\n<h4>M\u00e9rett\u00e1bl\u00e1zatok<\/h4>\n<table width=\"336\">\n<tbody>\n<tr>\n<td width=\"163\">Anyag<\/td>\n<td width=\"173\">TPE fej + TPE test<\/td>\n<\/tr>\n<tr>\n<td width=\"163\">Magass\u00e1g<\/td>\n<td>140 cm-es D-poh\u00e1r<\/td>\n<\/tr>\n<tr>\n<td width=\"163\">V\u00e1ll<\/td>\n<td>33.5cm<\/td>\n<\/tr>\n<tr>\n<td width=\"163\">Fels\u0151 mell<\/td>\n<td>77 cm<\/td>\n<\/tr>\n<tr>\n<td width=\"163\">Als\u00f3 mell<\/td>\n<td>57 cm<\/td>\n<\/tr>\n<tr>\n<td>Der\u00e9k<\/td>\n<td>51 cm<\/td>\n<\/tr>\n<tr>\n<td>Cs\u00edp\u0151<\/td>\n<td>81 cm<\/td>\n<\/tr>\n<tr>\n<td width=\"163\">Comb \u00f6v<\/td>\n<td>42 cm<\/td>\n<\/tr>\n<tr>\n<td width=\"163\">Borj\u00fa Girth<\/td>\n<td>27 cm<\/td>\n<\/tr>\n<tr>\n<td width=\"163\">Legnth<\/td>\n<td>71 cm<\/td>\n<\/tr>\n<tr>\n<td width=\"163\">L\u00e1bhossz<\/td>\n<td>21 cm<\/td>\n<\/tr>\n<tr>\n<td width=\"163\">Nett\u00f3 t\u00f6meg<\/td>\n<td>26.7kg<\/td>\n<\/tr>\n<tr>\n<td>Sz\u00e1jm\u00e9lys\u00e9g<\/td>\n<td>12 cm<\/td>\n<\/tr>\n<tr>\n<td>H\u00fcvelym\u00e9lys\u00e9g<\/td>\n<td>18 cm<\/td>\n<\/tr>\n<tr>\n<td>An\u00e1lis m\u00e9lys\u00e9g<\/td>\n<td>16 cm<\/td>\n<\/tr>\n<\/tbody>\n<\/table>\n<h4>A szexbab\u00e1r\u00f3l<\/h4>\n<p>&nbsp;<\/p>","protected":false},"excerpt":{"rendered":"<p>Sex Doll Images Size Charts Material TPE Head + TPE Body Height 140cm D-cup Shoulder 33.5cm Upper Breast 77cm Lower<\/p>","protected":false},"featured_media":166738,"comment_status":"open","ping_status":"closed","template":"","meta":[],"product_brand":[],"product_cat":[234,74,228,80,116,210,107,119],"product_tag":[],"class_list":{"0":"post-166694","1":"product","2":"type-product","3":"status-publish","4":"has-post-thumbnail","6":"product_cat-234","7":"product_cat-140cm-149cm-sex-dolls","8":"product_cat-26kg-30kg","9":"product_cat-asian-sex-doll","10":"product_cat-big-boobs-sex-doll","11":"product_cat-sex-doll-tumblr","12":"product_cat-skinny-sex-dolls","13":"product_cat-tpe-sex-doll","14":"pa_brand-galaxy-doll","15":"tm-has-options","17":"first","18":"instock","19":"sale","20":"shipping-taxable","21":"purchasable","22":"product-type-simple"},"_links":{"self":[{"href":"https:\/\/zxdoll.com\/hu\/wp-json\/wp\/v2\/product\/166694","targetHints":{"allow":["GET"]}}],"collection":[{"href":"https:\/\/zxdoll.com\/hu\/wp-json\/wp\/v2\/product"}],"about":[{"href":"https:\/\/zxdoll.com\/hu\/wp-json\/wp\/v2\/types\/product"}],"replies":[{"embeddable":true,"href":"https:\/\/zxdoll.com\/hu\/wp-json\/wp\/v2\/comments?post=166694"}],"version-history":[{"count":1,"href":"https:\/\/zxdoll.com\/hu\/wp-json\/wp\/v2\/product\/166694\/revisions"}],"predecessor-version":[{"id":166762,"href":"https:\/\/zxdoll.com\/hu\/wp-json\/wp\/v2\/product\/166694\/revisions\/166762"}],"wp:featuredmedia":[{"embeddable":true,"href":"https:\/\/zxdoll.com\/hu\/wp-json\/wp\/v2\/media\/166738"}],"wp:attachment":[{"href":"https:\/\/zxdoll.com\/hu\/wp-json\/wp\/v2\/media?parent=166694"}],"wp:term":[{"taxonomy":"product_brand","embeddable":true,"href":"https:\/\/zxdoll.com\/hu\/wp-json\/wp\/v2\/product_brand?post=166694"},{"taxonomy":"product_cat","embeddable":true,"href":"https:\/\/zxdoll.com\/hu\/wp-json\/wp\/v2\/product_cat?post=166694"},{"taxonomy":"product_tag","embeddable":true,"href":"https:\/\/zxdoll.com\/hu\/wp-json\/wp\/v2\/product_tag?post=166694"}],"curies":[{"name":"wp","href":"https:\/\/api.w.org\/{rel}","templated":true}]}}