{"id":16595,"date":"2023-03-01T01:41:03","date_gmt":"2023-02-28T17:41:03","guid":{"rendered":"https:\/\/zxdoll.com\/?post_type=product&#038;p=16595"},"modified":"2025-09-17T00:59:47","modified_gmt":"2025-09-16T16:59:47","slug":"sexy-life-size-realistic-doll-for-sale","status":"publish","type":"product","link":"https:\/\/zxdoll.com\/hu\/product\/sexy-life-size-realistic-doll-for-sale\/","title":{"rendered":"Elad\u00f3 szexi \u00e9letm\u00e9ret\u0171 val\u00f3s\u00e1gh\u0171 baba Oleta 160 cm"},"content":{"rendered":"<h4><strong>Szexbaba k\u00e9pek<\/strong><\/h4>\n\t                <ul class=\"easy-image-gallery thumbnails-20 linked\">\r\n                    <li><a data-fancybox=\"gallery770\" href=\"https:\/\/zxdoll.com\/wp-content\/uploads\/2023\/03\/wish-nicks-dolls-s6h3-533x800.jpg\" class=\"eig-popup\" title=\"\" data-caption=\"\" target=\"_blank\"><i class=\"icon-view\"><\/i><span class=\"overlay\"><\/span><img decoding=\"async\" width=\"150\" height=\"150\" src=\"https:\/\/zxdoll.com\/wp-content\/uploads\/2023\/03\/wish-nicks-dolls-s6h3-150x150.jpg\" class=\"attachment-thumbnail size-thumbnail\" alt=\"\" title=\"\"><\/a><\/li><li><a data-fancybox=\"gallery770\" href=\"https:\/\/zxdoll.com\/wp-content\/uploads\/2023\/03\/wish-nicks-dolls-s6h4-1-533x800.jpg\" class=\"eig-popup\" title=\"\" data-caption=\"\" target=\"_blank\"><i class=\"icon-view\"><\/i><span class=\"overlay\"><\/span><img decoding=\"async\" width=\"150\" height=\"150\" src=\"https:\/\/zxdoll.com\/wp-content\/uploads\/2023\/03\/wish-nicks-dolls-s6h4-1-150x150.jpg\" class=\"attachment-thumbnail size-thumbnail\" alt=\"\" title=\"\"><\/a><\/li><li><a data-fancybox=\"gallery770\" href=\"https:\/\/zxdoll.com\/wp-content\/uploads\/2023\/03\/wish-nicks-dolls-s6h5-533x800.jpg\" class=\"eig-popup\" title=\"\" data-caption=\"\" target=\"_blank\"><i class=\"icon-view\"><\/i><span class=\"overlay\"><\/span><img decoding=\"async\" width=\"150\" height=\"150\" src=\"https:\/\/zxdoll.com\/wp-content\/uploads\/2023\/03\/wish-nicks-dolls-s6h5-150x150.jpg\" class=\"attachment-thumbnail size-thumbnail\" alt=\"\" title=\"\"><\/a><\/li><li><a data-fancybox=\"gallery770\" href=\"https:\/\/zxdoll.com\/wp-content\/uploads\/2023\/03\/wish-nicks-dolls-s6h6-533x800.jpg\" class=\"eig-popup\" title=\"\" data-caption=\"\" target=\"_blank\"><i class=\"icon-view\"><\/i><span class=\"overlay\"><\/span><img loading=\"lazy\" decoding=\"async\" width=\"150\" height=\"150\" src=\"https:\/\/zxdoll.com\/wp-content\/uploads\/2023\/03\/wish-nicks-dolls-s6h6-150x150.jpg\" class=\"attachment-thumbnail size-thumbnail\" alt=\"\" title=\"\"><\/a><\/li><li><a data-fancybox=\"gallery770\" href=\"https:\/\/zxdoll.com\/wp-content\/uploads\/2023\/03\/wish-nicks-dolls-s6h7-533x800.jpg\" class=\"eig-popup\" title=\"\" data-caption=\"\" target=\"_blank\"><i class=\"icon-view\"><\/i><span class=\"overlay\"><\/span><img loading=\"lazy\" decoding=\"async\" width=\"150\" height=\"150\" src=\"https:\/\/zxdoll.com\/wp-content\/uploads\/2023\/03\/wish-nicks-dolls-s6h7-150x150.jpg\" class=\"attachment-thumbnail size-thumbnail\" alt=\"\" title=\"\"><\/a><\/li><li><a data-fancybox=\"gallery770\" href=\"https:\/\/zxdoll.com\/wp-content\/uploads\/2023\/03\/wish-nicks-dolls-s6h9-533x800.jpg\" class=\"eig-popup\" title=\"\" data-caption=\"\" target=\"_blank\"><i class=\"icon-view\"><\/i><span class=\"overlay\"><\/span><img loading=\"lazy\" decoding=\"async\" width=\"150\" height=\"150\" src=\"https:\/\/zxdoll.com\/wp-content\/uploads\/2023\/03\/wish-nicks-dolls-s6h9-150x150.jpg\" class=\"attachment-thumbnail size-thumbnail\" alt=\"\" title=\"\"><\/a><\/li><li><a data-fancybox=\"gallery770\" href=\"https:\/\/zxdoll.com\/wp-content\/uploads\/2023\/03\/wish-nicks-dolls-s6h11-533x800.jpg\" class=\"eig-popup\" title=\"\" data-caption=\"\" target=\"_blank\"><i class=\"icon-view\"><\/i><span class=\"overlay\"><\/span><img loading=\"lazy\" decoding=\"async\" width=\"150\" height=\"150\" src=\"https:\/\/zxdoll.com\/wp-content\/uploads\/2023\/03\/wish-nicks-dolls-s6h11-150x150.jpg\" class=\"attachment-thumbnail size-thumbnail\" alt=\"\" title=\"\"><\/a><\/li><li><a data-fancybox=\"gallery770\" href=\"https:\/\/zxdoll.com\/wp-content\/uploads\/2023\/03\/wish-nicks-dolls-s6h13-533x800.jpg\" class=\"eig-popup\" title=\"\" data-caption=\"\" target=\"_blank\"><i class=\"icon-view\"><\/i><span class=\"overlay\"><\/span><img loading=\"lazy\" decoding=\"async\" width=\"150\" height=\"150\" src=\"https:\/\/zxdoll.com\/wp-content\/uploads\/2023\/03\/wish-nicks-dolls-s6h13-150x150.jpg\" class=\"attachment-thumbnail size-thumbnail\" alt=\"\" title=\"\"><\/a><\/li><li><a data-fancybox=\"gallery770\" href=\"https:\/\/zxdoll.com\/wp-content\/uploads\/2023\/03\/wish-nicks-dolls-s6h14-533x800.jpg\" class=\"eig-popup\" title=\"\" data-caption=\"\" target=\"_blank\"><i class=\"icon-view\"><\/i><span class=\"overlay\"><\/span><img loading=\"lazy\" decoding=\"async\" width=\"150\" height=\"150\" src=\"https:\/\/zxdoll.com\/wp-content\/uploads\/2023\/03\/wish-nicks-dolls-s6h14-150x150.jpg\" class=\"attachment-thumbnail size-thumbnail\" alt=\"\" title=\"\"><\/a><\/li><li><a data-fancybox=\"gallery770\" href=\"https:\/\/zxdoll.com\/wp-content\/uploads\/2023\/03\/wish-nicks-dolls-s6h15-533x800.jpg\" class=\"eig-popup\" title=\"\" data-caption=\"\" target=\"_blank\"><i class=\"icon-view\"><\/i><span class=\"overlay\"><\/span><img loading=\"lazy\" decoding=\"async\" width=\"150\" height=\"150\" src=\"https:\/\/zxdoll.com\/wp-content\/uploads\/2023\/03\/wish-nicks-dolls-s6h15-150x150.jpg\" class=\"attachment-thumbnail size-thumbnail\" alt=\"\" title=\"\"><\/a><\/li><li><a data-fancybox=\"gallery770\" href=\"https:\/\/zxdoll.com\/wp-content\/uploads\/2023\/03\/wish-nicks-dolls-s6h17-533x800.jpg\" class=\"eig-popup\" title=\"\" data-caption=\"\" target=\"_blank\"><i class=\"icon-view\"><\/i><span class=\"overlay\"><\/span><img loading=\"lazy\" decoding=\"async\" width=\"150\" height=\"150\" src=\"https:\/\/zxdoll.com\/wp-content\/uploads\/2023\/03\/wish-nicks-dolls-s6h17-150x150.jpg\" class=\"attachment-thumbnail size-thumbnail\" alt=\"\" title=\"\"><\/a><\/li><li><a data-fancybox=\"gallery770\" href=\"https:\/\/zxdoll.com\/wp-content\/uploads\/2023\/03\/wish-nicks-dolls-s6h18.jpg\" class=\"eig-popup\" title=\"\" data-caption=\"\" target=\"_blank\"><i class=\"icon-view\"><\/i><span class=\"overlay\"><\/span><img loading=\"lazy\" decoding=\"async\" width=\"150\" height=\"150\" src=\"https:\/\/zxdoll.com\/wp-content\/uploads\/2023\/03\/wish-nicks-dolls-s6h18-150x150.jpg\" class=\"attachment-thumbnail size-thumbnail\" alt=\"\" title=\"\"><\/a><\/li><li><a data-fancybox=\"gallery770\" href=\"https:\/\/zxdoll.com\/wp-content\/uploads\/2023\/03\/wish-nicks-dolls-s6h19.jpg\" class=\"eig-popup\" title=\"\" data-caption=\"\" target=\"_blank\"><i class=\"icon-view\"><\/i><span class=\"overlay\"><\/span><img loading=\"lazy\" decoding=\"async\" width=\"150\" height=\"150\" src=\"https:\/\/zxdoll.com\/wp-content\/uploads\/2023\/03\/wish-nicks-dolls-s6h19-150x150.jpg\" class=\"attachment-thumbnail size-thumbnail\" alt=\"\" title=\"\"><\/a><\/li><li><a data-fancybox=\"gallery770\" href=\"https:\/\/zxdoll.com\/wp-content\/uploads\/2023\/03\/wish-nicks-dolls-s6h21-533x800.jpg\" class=\"eig-popup\" title=\"\" data-caption=\"\" target=\"_blank\"><i class=\"icon-view\"><\/i><span class=\"overlay\"><\/span><img loading=\"lazy\" decoding=\"async\" width=\"150\" height=\"150\" src=\"https:\/\/zxdoll.com\/wp-content\/uploads\/2023\/03\/wish-nicks-dolls-s6h21-150x150.jpg\" class=\"attachment-thumbnail size-thumbnail\" alt=\"\" title=\"\"><\/a><\/li><li><a data-fancybox=\"gallery770\" href=\"https:\/\/zxdoll.com\/wp-content\/uploads\/2023\/03\/wish-nicks-dolls-s6h22.jpg\" class=\"eig-popup\" title=\"\" data-caption=\"\" target=\"_blank\"><i class=\"icon-view\"><\/i><span class=\"overlay\"><\/span><img loading=\"lazy\" decoding=\"async\" width=\"150\" height=\"150\" src=\"https:\/\/zxdoll.com\/wp-content\/uploads\/2023\/03\/wish-nicks-dolls-s6h22-150x150.jpg\" class=\"attachment-thumbnail size-thumbnail\" alt=\"\" title=\"\"><\/a><\/li><li><a data-fancybox=\"gallery770\" href=\"https:\/\/zxdoll.com\/wp-content\/uploads\/2023\/03\/wish-nicks-dolls-s6h23.jpg\" class=\"eig-popup\" title=\"\" data-caption=\"\" target=\"_blank\"><i class=\"icon-view\"><\/i><span class=\"overlay\"><\/span><img loading=\"lazy\" decoding=\"async\" width=\"150\" height=\"150\" src=\"https:\/\/zxdoll.com\/wp-content\/uploads\/2023\/03\/wish-nicks-dolls-s6h23-150x150.jpg\" class=\"attachment-thumbnail size-thumbnail\" alt=\"\" title=\"\"><\/a><\/li><li><a data-fancybox=\"gallery770\" href=\"https:\/\/zxdoll.com\/wp-content\/uploads\/2023\/03\/wish-nicks-dolls-s6h25.jpg\" class=\"eig-popup\" title=\"\" data-caption=\"\" target=\"_blank\"><i class=\"icon-view\"><\/i><span class=\"overlay\"><\/span><img loading=\"lazy\" decoding=\"async\" width=\"150\" height=\"150\" src=\"https:\/\/zxdoll.com\/wp-content\/uploads\/2023\/03\/wish-nicks-dolls-s6h25-150x150.jpg\" class=\"attachment-thumbnail size-thumbnail\" alt=\"\" title=\"\"><\/a><\/li><li><a data-fancybox=\"gallery770\" href=\"https:\/\/zxdoll.com\/wp-content\/uploads\/2023\/03\/wish-nicks-dolls-s6h28-533x800.jpg\" class=\"eig-popup\" title=\"\" data-caption=\"\" target=\"_blank\"><i class=\"icon-view\"><\/i><span class=\"overlay\"><\/span><img loading=\"lazy\" decoding=\"async\" width=\"150\" height=\"150\" src=\"https:\/\/zxdoll.com\/wp-content\/uploads\/2023\/03\/wish-nicks-dolls-s6h28-150x150.jpg\" class=\"attachment-thumbnail size-thumbnail\" alt=\"\" title=\"\"><\/a><\/li><li><a data-fancybox=\"gallery770\" href=\"https:\/\/zxdoll.com\/wp-content\/uploads\/2023\/03\/wish-nicks-dolls-s6h29.jpg\" class=\"eig-popup\" title=\"\" data-caption=\"\" target=\"_blank\"><i class=\"icon-view\"><\/i><span class=\"overlay\"><\/span><img loading=\"lazy\" decoding=\"async\" width=\"150\" height=\"150\" src=\"https:\/\/zxdoll.com\/wp-content\/uploads\/2023\/03\/wish-nicks-dolls-s6h29-150x150.jpg\" class=\"attachment-thumbnail size-thumbnail\" alt=\"\" title=\"\"><\/a><\/li><li><a data-fancybox=\"gallery770\" href=\"https:\/\/zxdoll.com\/wp-content\/uploads\/2023\/03\/wish-nicks-dolls-s6h30-533x800.jpg\" class=\"eig-popup\" title=\"\" data-caption=\"\" target=\"_blank\"><i class=\"icon-view\"><\/i><span class=\"overlay\"><\/span><img loading=\"lazy\" decoding=\"async\" width=\"150\" height=\"150\" src=\"https:\/\/zxdoll.com\/wp-content\/uploads\/2023\/03\/wish-nicks-dolls-s6h30-150x150.jpg\" class=\"attachment-thumbnail size-thumbnail\" alt=\"\" title=\"\"><\/a><\/li><\/ul>\n<h4>M\u00e9rett\u00e1bl\u00e1zatok<\/h4>\n<table width=\"269\">\n<tbody>\n<tr>\n<td width=\"130\">Anyag<\/td>\n<td width=\"139\">TPE<\/td>\n<\/tr>\n<tr>\n<td width=\"130\">Magass\u00e1g<\/td>\n<td width=\"139\">160 cm<\/td>\n<\/tr>\n<tr>\n<td>Mell<\/td>\n<td>83 cm<\/td>\n<\/tr>\n<tr>\n<td>Der\u00e9k<\/td>\n<td>60 cm<\/td>\n<\/tr>\n<tr>\n<td>Cs\u00edp\u0151<\/td>\n<td>88 cm<\/td>\n<\/tr>\n<tr>\n<td>V\u00e1ll<\/td>\n<td>35 cm<\/td>\n<\/tr>\n<tr>\n<td>Kar hossz\u00fas\u00e1g<\/td>\n<td>60 cm<\/td>\n<\/tr>\n<tr>\n<td>L\u00e1bhossz<\/td>\n<td>21 cm<\/td>\n<\/tr>\n<tr>\n<td>Nett\u00f3 t\u00f6meg<\/td>\n<td>40 kg<\/td>\n<\/tr>\n<tr>\n<td>Or\u00e1lis m\u00e9lys\u00e9g<\/td>\n<td>13 cm<\/td>\n<\/tr>\n<tr>\n<td>H\u00fcvelym\u00e9lys\u00e9g<\/td>\n<td>17 cm<\/td>\n<\/tr>\n<tr>\n<td>An\u00e1lis m\u00e9lys\u00e9g<\/td>\n<td>16 cm<\/td>\n<\/tr>\n<\/tbody>\n<\/table>\n<h4>A szexbab\u00e1r\u00f3l<\/h4>\n<p>A szexu\u00e1lis j\u00e1t\u00e9kokat senkinek sem kell sz\u00e9gyellnie. \u0150k id\u0151tlen id\u0151k \u00f3ta itt vannak. A t\u00f6rt\u00e9nelem tan\u00fas\u00e1ga szerint a szexj\u00e1t\u00e9kok szinte ugyanazon a hull\u00e1mhosszon fejl\u0151dnek, mint mi, emberek. A Pleasure nem ismer nemet, ez\u00e9rt elad\u00f3 a k\u00e9zi szexbaba, az \u00e9letnagys\u00e1g\u00fa val\u00f3s\u00e1gh\u0171 baba \u00e9s a csod\u00e1latos Amy baba.<\/p>\n<p>Azok a partnerek, akik szeretn\u00e9k felp\u00f6rgetni egym\u00e1s k\u00f6z\u00f6tt a dolgokat, \u00e9s t\u00f6rt\u00e9netesen megkedvelt\u00e9k az igazi bab\u00e1t, kezdhetik azzal, hogy val\u00f3di l\u00e1nybab\u00e1k porn\u00f3j\u00e1t n\u00e9zhetik. Lehet, hogy a porn\u00f3t n\u00e9zni orvosilag nem javallott, de m\u00e9gis megfelel az izgalom c\u00e9lj\u00e1nak. A szexi, k\u00e9znagys\u00e1g\u00fa szexbaba t\u00f6k\u00e9letes ver\u00e9shez \u00e9s kibasz\u00e1shoz, mik\u00f6zben partnere a k\u00e9znagys\u00e1g\u00fa szexbab\u00e1j\u00e1val hevert, ugratja csikl\u00f3j\u00e1t, mik\u00f6zben cs\u00e1b\u00edt\u00f3an n\u00e9z a szem\u00e9be, mik\u00f6zben kem\u00e9ny fark\u00e1t m\u00e9lyen a jap\u00e1n felf\u00fajhat\u00f3 bab\u00e1j\u00e1ba d\u00f6ng\u00f6li.<\/p>\n<p>Hordozhat\u00f3, k\u00f6nnyen tiszt\u00edthat\u00f3 \u00e9s karbantarthat\u00f3. \u00cdme, mit kell tennie gyors kop\u00e1s. Ne tegye ki \u0151ket k\u00f6zvetlen napsug\u00e1rz\u00e1snak. A bels\u0151 t\u00e9r tiszt\u00edt\u00e1s\u00e1hoz haszn\u00e1ljon zuhanyvizet \u00e9s enyhe szappant. Haszn\u00e1ljon egy \u00fcgyes rokont, hogy m\u00e9lyen megsimogassa. A szexbab\u00e1ja k\u00e9szen \u00e1ll a k\u00f6vetkez\u0151 haszn\u00e1latra.<\/p>","protected":false},"excerpt":{"rendered":"<p>Szexbaba k\u00e9pek M\u00e9rett\u00e1bl\u00e1zat Anyag TPE magass\u00e1g 160 cm mell 83 cm der\u00e9k 60 cm cs\u00edp\u0151 88 cm v\u00e1ll 35 cm kar hossz 60 cm<\/p>","protected":false},"featured_media":16596,"comment_status":"open","ping_status":"closed","template":"","meta":[],"product_brand":[],"product_cat":[75,230,99,107,117,119],"product_tag":[],"class_list":{"0":"post-16595","1":"product","2":"type-product","3":"status-publish","4":"has-post-thumbnail","6":"product_cat-160cm-170cm-sex-dolls","7":"product_cat-36kg-40kg","8":"product_cat-life-size-sex-dolls","9":"product_cat-skinny-sex-dolls","10":"product_cat-small-breast-sex-doll","11":"product_cat-tpe-sex-doll","12":"pa_brand-6ye-doll","13":"tm-has-options","15":"first","16":"instock","17":"sale","18":"shipping-taxable","19":"purchasable","20":"product-type-simple"},"_links":{"self":[{"href":"https:\/\/zxdoll.com\/hu\/wp-json\/wp\/v2\/product\/16595","targetHints":{"allow":["GET"]}}],"collection":[{"href":"https:\/\/zxdoll.com\/hu\/wp-json\/wp\/v2\/product"}],"about":[{"href":"https:\/\/zxdoll.com\/hu\/wp-json\/wp\/v2\/types\/product"}],"replies":[{"embeddable":true,"href":"https:\/\/zxdoll.com\/hu\/wp-json\/wp\/v2\/comments?post=16595"}],"version-history":[{"count":1,"href":"https:\/\/zxdoll.com\/hu\/wp-json\/wp\/v2\/product\/16595\/revisions"}],"predecessor-version":[{"id":197881,"href":"https:\/\/zxdoll.com\/hu\/wp-json\/wp\/v2\/product\/16595\/revisions\/197881"}],"wp:featuredmedia":[{"embeddable":true,"href":"https:\/\/zxdoll.com\/hu\/wp-json\/wp\/v2\/media\/16596"}],"wp:attachment":[{"href":"https:\/\/zxdoll.com\/hu\/wp-json\/wp\/v2\/media?parent=16595"}],"wp:term":[{"taxonomy":"product_brand","embeddable":true,"href":"https:\/\/zxdoll.com\/hu\/wp-json\/wp\/v2\/product_brand?post=16595"},{"taxonomy":"product_cat","embeddable":true,"href":"https:\/\/zxdoll.com\/hu\/wp-json\/wp\/v2\/product_cat?post=16595"},{"taxonomy":"product_tag","embeddable":true,"href":"https:\/\/zxdoll.com\/hu\/wp-json\/wp\/v2\/product_tag?post=16595"}],"curies":[{"name":"wp","href":"https:\/\/api.w.org\/{rel}","templated":true}]}}