{"id":163552,"date":"2024-09-14T23:25:34","date_gmt":"2024-09-14T15:25:34","guid":{"rendered":"https:\/\/zxdoll.com\/?post_type=product&#038;p=163552"},"modified":"2024-10-04T04:45:27","modified_gmt":"2024-10-03T20:45:27","slug":"europes-first-sex-doll-brothel","status":"publish","type":"product","link":"https:\/\/zxdoll.com\/hu\/product\/europes-first-sex-doll-brothel\/","title":{"rendered":"Europes First Sex Doll Bord\u00e9ly Ariana 170cm"},"content":{"rendered":"<h4><strong>Szexbaba k\u00e9pek<\/strong><\/h4>\n\t                <ul class=\"easy-image-gallery thumbnails-21 linked\">\r\n                    <li><a data-fancybox=\"gallery870\" href=\"https:\/\/zxdoll.com\/wp-content\/uploads\/2024\/09\/darcy-sex-doll-wCc50y1-533x800.jpg\" class=\"eig-popup\" title=\"\" data-caption=\"\" target=\"_blank\"><i class=\"icon-view\"><\/i><span class=\"overlay\"><\/span><img decoding=\"async\" width=\"150\" height=\"150\" src=\"https:\/\/zxdoll.com\/wp-content\/uploads\/2024\/09\/darcy-sex-doll-wCc50y1-150x150.jpg\" class=\"attachment-thumbnail size-thumbnail\" alt=\"\" title=\"\"><\/a><\/li><li><a data-fancybox=\"gallery870\" href=\"https:\/\/zxdoll.com\/wp-content\/uploads\/2024\/09\/darcy-sex-doll-wCc50y2-533x800.jpg\" class=\"eig-popup\" title=\"\" data-caption=\"\" target=\"_blank\"><i class=\"icon-view\"><\/i><span class=\"overlay\"><\/span><img decoding=\"async\" width=\"150\" height=\"150\" src=\"https:\/\/zxdoll.com\/wp-content\/uploads\/2024\/09\/darcy-sex-doll-wCc50y2-150x150.jpg\" class=\"attachment-thumbnail size-thumbnail\" alt=\"\" title=\"\"><\/a><\/li><li><a data-fancybox=\"gallery870\" href=\"https:\/\/zxdoll.com\/wp-content\/uploads\/2024\/09\/darcy-sex-doll-wCc50y3-533x800.jpg\" class=\"eig-popup\" title=\"\" data-caption=\"\" target=\"_blank\"><i class=\"icon-view\"><\/i><span class=\"overlay\"><\/span><img decoding=\"async\" width=\"150\" height=\"150\" src=\"https:\/\/zxdoll.com\/wp-content\/uploads\/2024\/09\/darcy-sex-doll-wCc50y3-150x150.jpg\" class=\"attachment-thumbnail size-thumbnail\" alt=\"\" title=\"\"><\/a><\/li><li><a data-fancybox=\"gallery870\" href=\"https:\/\/zxdoll.com\/wp-content\/uploads\/2024\/09\/darcy-sex-doll-wCc50y4-533x800.jpg\" class=\"eig-popup\" title=\"\" data-caption=\"\" target=\"_blank\"><i class=\"icon-view\"><\/i><span class=\"overlay\"><\/span><img loading=\"lazy\" decoding=\"async\" width=\"150\" height=\"150\" src=\"https:\/\/zxdoll.com\/wp-content\/uploads\/2024\/09\/darcy-sex-doll-wCc50y4-150x150.jpg\" class=\"attachment-thumbnail size-thumbnail\" alt=\"\" title=\"\"><\/a><\/li><li><a data-fancybox=\"gallery870\" href=\"https:\/\/zxdoll.com\/wp-content\/uploads\/2024\/09\/darcy-sex-doll-wCc50y5-533x800.jpg\" class=\"eig-popup\" title=\"\" data-caption=\"\" target=\"_blank\"><i class=\"icon-view\"><\/i><span class=\"overlay\"><\/span><img loading=\"lazy\" decoding=\"async\" width=\"150\" height=\"150\" src=\"https:\/\/zxdoll.com\/wp-content\/uploads\/2024\/09\/darcy-sex-doll-wCc50y5-150x150.jpg\" class=\"attachment-thumbnail size-thumbnail\" alt=\"\" title=\"\"><\/a><\/li><li><a data-fancybox=\"gallery870\" href=\"https:\/\/zxdoll.com\/wp-content\/uploads\/2024\/09\/darcy-sex-doll-wCc50y6-1-533x800.jpg\" class=\"eig-popup\" title=\"\" data-caption=\"\" target=\"_blank\"><i class=\"icon-view\"><\/i><span class=\"overlay\"><\/span><img loading=\"lazy\" decoding=\"async\" width=\"150\" height=\"150\" src=\"https:\/\/zxdoll.com\/wp-content\/uploads\/2024\/09\/darcy-sex-doll-wCc50y6-1-150x150.jpg\" class=\"attachment-thumbnail size-thumbnail\" alt=\"\" title=\"\"><\/a><\/li><li><a data-fancybox=\"gallery870\" href=\"https:\/\/zxdoll.com\/wp-content\/uploads\/2024\/09\/darcy-sex-doll-wCc50y7-533x800.jpg\" class=\"eig-popup\" title=\"\" data-caption=\"\" target=\"_blank\"><i class=\"icon-view\"><\/i><span class=\"overlay\"><\/span><img loading=\"lazy\" decoding=\"async\" width=\"150\" height=\"150\" src=\"https:\/\/zxdoll.com\/wp-content\/uploads\/2024\/09\/darcy-sex-doll-wCc50y7-150x150.jpg\" class=\"attachment-thumbnail size-thumbnail\" alt=\"\" title=\"\"><\/a><\/li><li><a data-fancybox=\"gallery870\" href=\"https:\/\/zxdoll.com\/wp-content\/uploads\/2024\/09\/darcy-sex-doll-wCc50y8-533x800.jpg\" class=\"eig-popup\" title=\"\" data-caption=\"\" target=\"_blank\"><i class=\"icon-view\"><\/i><span class=\"overlay\"><\/span><img loading=\"lazy\" decoding=\"async\" width=\"150\" height=\"150\" src=\"https:\/\/zxdoll.com\/wp-content\/uploads\/2024\/09\/darcy-sex-doll-wCc50y8-150x150.jpg\" class=\"attachment-thumbnail size-thumbnail\" alt=\"\" title=\"\"><\/a><\/li><li><a data-fancybox=\"gallery870\" href=\"https:\/\/zxdoll.com\/wp-content\/uploads\/2024\/09\/darcy-sex-doll-wCc50y9-533x800.jpg\" class=\"eig-popup\" title=\"\" data-caption=\"\" target=\"_blank\"><i class=\"icon-view\"><\/i><span class=\"overlay\"><\/span><img loading=\"lazy\" decoding=\"async\" width=\"150\" height=\"150\" src=\"https:\/\/zxdoll.com\/wp-content\/uploads\/2024\/09\/darcy-sex-doll-wCc50y9-150x150.jpg\" class=\"attachment-thumbnail size-thumbnail\" alt=\"\" title=\"\"><\/a><\/li><li><a data-fancybox=\"gallery870\" href=\"https:\/\/zxdoll.com\/wp-content\/uploads\/2024\/09\/darcy-sex-doll-wCc50y10-533x800.jpg\" class=\"eig-popup\" title=\"\" data-caption=\"\" target=\"_blank\"><i class=\"icon-view\"><\/i><span class=\"overlay\"><\/span><img loading=\"lazy\" decoding=\"async\" width=\"150\" height=\"150\" src=\"https:\/\/zxdoll.com\/wp-content\/uploads\/2024\/09\/darcy-sex-doll-wCc50y10-150x150.jpg\" class=\"attachment-thumbnail size-thumbnail\" alt=\"\" title=\"\"><\/a><\/li><li><a data-fancybox=\"gallery870\" href=\"https:\/\/zxdoll.com\/wp-content\/uploads\/2024\/09\/darcy-sex-doll-wCc50y11-533x800.jpg\" class=\"eig-popup\" title=\"\" data-caption=\"\" target=\"_blank\"><i class=\"icon-view\"><\/i><span class=\"overlay\"><\/span><img loading=\"lazy\" decoding=\"async\" width=\"150\" height=\"150\" src=\"https:\/\/zxdoll.com\/wp-content\/uploads\/2024\/09\/darcy-sex-doll-wCc50y11-150x150.jpg\" class=\"attachment-thumbnail size-thumbnail\" alt=\"\" title=\"\"><\/a><\/li><li><a data-fancybox=\"gallery870\" href=\"https:\/\/zxdoll.com\/wp-content\/uploads\/2024\/09\/darcy-sex-doll-wCc50y12-533x800.jpg\" class=\"eig-popup\" title=\"\" data-caption=\"\" target=\"_blank\"><i class=\"icon-view\"><\/i><span class=\"overlay\"><\/span><img loading=\"lazy\" decoding=\"async\" width=\"150\" height=\"150\" src=\"https:\/\/zxdoll.com\/wp-content\/uploads\/2024\/09\/darcy-sex-doll-wCc50y12-150x150.jpg\" class=\"attachment-thumbnail size-thumbnail\" alt=\"\" title=\"\"><\/a><\/li><li><a data-fancybox=\"gallery870\" href=\"https:\/\/zxdoll.com\/wp-content\/uploads\/2024\/09\/darcy-sex-doll-wCc50y13-533x800.jpg\" class=\"eig-popup\" title=\"\" data-caption=\"\" target=\"_blank\"><i class=\"icon-view\"><\/i><span class=\"overlay\"><\/span><img loading=\"lazy\" decoding=\"async\" width=\"150\" height=\"150\" src=\"https:\/\/zxdoll.com\/wp-content\/uploads\/2024\/09\/darcy-sex-doll-wCc50y13-150x150.jpg\" class=\"attachment-thumbnail size-thumbnail\" alt=\"\" title=\"\"><\/a><\/li><li><a data-fancybox=\"gallery870\" href=\"https:\/\/zxdoll.com\/wp-content\/uploads\/2024\/09\/darcy-sex-doll-wCc50y14-533x800.jpg\" class=\"eig-popup\" title=\"\" data-caption=\"\" target=\"_blank\"><i class=\"icon-view\"><\/i><span class=\"overlay\"><\/span><img loading=\"lazy\" decoding=\"async\" width=\"150\" height=\"150\" src=\"https:\/\/zxdoll.com\/wp-content\/uploads\/2024\/09\/darcy-sex-doll-wCc50y14-150x150.jpg\" class=\"attachment-thumbnail size-thumbnail\" alt=\"\" title=\"\"><\/a><\/li><li><a data-fancybox=\"gallery870\" href=\"https:\/\/zxdoll.com\/wp-content\/uploads\/2024\/09\/darcy-sex-doll-wCc50y15-533x800.jpg\" class=\"eig-popup\" title=\"\" data-caption=\"\" target=\"_blank\"><i class=\"icon-view\"><\/i><span class=\"overlay\"><\/span><img loading=\"lazy\" decoding=\"async\" width=\"150\" height=\"150\" src=\"https:\/\/zxdoll.com\/wp-content\/uploads\/2024\/09\/darcy-sex-doll-wCc50y15-150x150.jpg\" class=\"attachment-thumbnail size-thumbnail\" alt=\"\" title=\"\"><\/a><\/li><li><a data-fancybox=\"gallery870\" href=\"https:\/\/zxdoll.com\/wp-content\/uploads\/2024\/09\/darcy-sex-doll-wCc50y16-533x800.jpg\" class=\"eig-popup\" title=\"\" data-caption=\"\" target=\"_blank\"><i class=\"icon-view\"><\/i><span class=\"overlay\"><\/span><img loading=\"lazy\" decoding=\"async\" width=\"150\" height=\"150\" src=\"https:\/\/zxdoll.com\/wp-content\/uploads\/2024\/09\/darcy-sex-doll-wCc50y16-150x150.jpg\" class=\"attachment-thumbnail size-thumbnail\" alt=\"\" title=\"\"><\/a><\/li><li><a data-fancybox=\"gallery870\" href=\"https:\/\/zxdoll.com\/wp-content\/uploads\/2024\/09\/darcy-sex-doll-wCc50y17-533x800.jpg\" class=\"eig-popup\" title=\"\" data-caption=\"\" target=\"_blank\"><i class=\"icon-view\"><\/i><span class=\"overlay\"><\/span><img loading=\"lazy\" decoding=\"async\" width=\"150\" height=\"150\" src=\"https:\/\/zxdoll.com\/wp-content\/uploads\/2024\/09\/darcy-sex-doll-wCc50y17-150x150.jpg\" class=\"attachment-thumbnail size-thumbnail\" alt=\"\" title=\"\"><\/a><\/li><li><a data-fancybox=\"gallery870\" href=\"https:\/\/zxdoll.com\/wp-content\/uploads\/2024\/09\/darcy-sex-doll-wCc50y18-533x800.jpg\" class=\"eig-popup\" title=\"\" data-caption=\"\" target=\"_blank\"><i class=\"icon-view\"><\/i><span class=\"overlay\"><\/span><img loading=\"lazy\" decoding=\"async\" width=\"150\" height=\"150\" src=\"https:\/\/zxdoll.com\/wp-content\/uploads\/2024\/09\/darcy-sex-doll-wCc50y18-150x150.jpg\" class=\"attachment-thumbnail size-thumbnail\" alt=\"\" title=\"\"><\/a><\/li><li><a data-fancybox=\"gallery870\" href=\"https:\/\/zxdoll.com\/wp-content\/uploads\/2024\/09\/darcy-sex-doll-wCc50y19-533x800.jpg\" class=\"eig-popup\" title=\"\" data-caption=\"\" target=\"_blank\"><i class=\"icon-view\"><\/i><span class=\"overlay\"><\/span><img loading=\"lazy\" decoding=\"async\" width=\"150\" height=\"150\" src=\"https:\/\/zxdoll.com\/wp-content\/uploads\/2024\/09\/darcy-sex-doll-wCc50y19-150x150.jpg\" class=\"attachment-thumbnail size-thumbnail\" alt=\"\" title=\"\"><\/a><\/li><li><a data-fancybox=\"gallery870\" href=\"https:\/\/zxdoll.com\/wp-content\/uploads\/2024\/09\/darcy-sex-doll-wCc50y20-533x800.jpg\" class=\"eig-popup\" title=\"\" data-caption=\"\" target=\"_blank\"><i class=\"icon-view\"><\/i><span class=\"overlay\"><\/span><img loading=\"lazy\" decoding=\"async\" width=\"150\" height=\"150\" src=\"https:\/\/zxdoll.com\/wp-content\/uploads\/2024\/09\/darcy-sex-doll-wCc50y20-150x150.jpg\" class=\"attachment-thumbnail size-thumbnail\" alt=\"\" title=\"\"><\/a><\/li><li><a data-fancybox=\"gallery870\" href=\"https:\/\/zxdoll.com\/wp-content\/uploads\/2024\/09\/darcy-sex-doll-wCc50y21-533x800.jpg\" class=\"eig-popup\" title=\"\" data-caption=\"\" target=\"_blank\"><i class=\"icon-view\"><\/i><span class=\"overlay\"><\/span><img loading=\"lazy\" decoding=\"async\" width=\"150\" height=\"150\" src=\"https:\/\/zxdoll.com\/wp-content\/uploads\/2024\/09\/darcy-sex-doll-wCc50y21-150x150.jpg\" class=\"attachment-thumbnail size-thumbnail\" alt=\"\" title=\"\"><\/a><\/li><\/ul>\n<h4>M\u00e9rett\u00e1bl\u00e1zatok<\/h4>\n<table width=\"375\">\n<tbody>\n<tr>\n<td width=\"129\">Anyag<\/td>\n<td width=\"246\">Szilikon fej + TPE test<\/td>\n<\/tr>\n<tr>\n<td>Magass\u00e1g<\/td>\n<td>170 cm<\/td>\n<\/tr>\n<tr>\n<td>Fels\u0151 mell<\/td>\n<td>101 cm<\/td>\n<\/tr>\n<tr>\n<td>Mell alatt<\/td>\n<td>59 cm<\/td>\n<\/tr>\n<tr>\n<td>Der\u00e9k<\/td>\n<td>56 cm<\/td>\n<\/tr>\n<tr>\n<td>Cs\u00edp\u0151<\/td>\n<td>97 cm<\/td>\n<\/tr>\n<tr>\n<td>L\u00e1b<\/td>\n<td>87 cm<\/td>\n<\/tr>\n<tr>\n<td>L\u00e1b<\/td>\n<td>21 cm<\/td>\n<\/tr>\n<tr>\n<td>H\u00fcvelym\u00e9lys\u00e9g<\/td>\n<td>17 cm<\/td>\n<\/tr>\n<tr>\n<td>An\u00e1lis m\u00e9lys\u00e9g<\/td>\n<td>17 cm<\/td>\n<\/tr>\n<tr>\n<td>Nett\u00f3 t\u00f6meg<\/td>\n<td>44 kg<\/td>\n<\/tr>\n<\/tbody>\n<\/table>\n<h4>A szexbab\u00e1r\u00f3l<\/h4>\n<p>&nbsp;<\/p>","protected":false},"excerpt":{"rendered":"<p>Szexbaba k\u00e9pek M\u00e9rett\u00e1bl\u00e1zatok Anyag Szilikon Fej + TPE Testmagass\u00e1g 170cm Fels\u0151 Mellb\u0151s\u00e9g 101cm Mell alatti b\u0151s\u00e9g 59cm Der\u00e9k<\/p>","protected":false},"featured_media":163615,"comment_status":"open","ping_status":"closed","template":"","meta":[],"product_brand":[],"product_cat":[234,75,231,80,116,192,200,107],"product_tag":[],"class_list":{"0":"post-163552","1":"product","2":"type-product","3":"status-publish","4":"has-post-thumbnail","6":"product_cat-234","7":"product_cat-160cm-170cm-sex-dolls","8":"product_cat-41kg-45kg","9":"product_cat-asian-sex-doll","10":"product_cat-big-boobs-sex-doll","11":"product_cat-hybrid-doll","12":"product_cat-sex-with-doll","13":"product_cat-skinny-sex-dolls","14":"pa_brand-cos-doll","15":"tm-has-options","17":"first","18":"instock","19":"sale","20":"shipping-taxable","21":"purchasable","22":"product-type-simple"},"_links":{"self":[{"href":"https:\/\/zxdoll.com\/hu\/wp-json\/wp\/v2\/product\/163552","targetHints":{"allow":["GET"]}}],"collection":[{"href":"https:\/\/zxdoll.com\/hu\/wp-json\/wp\/v2\/product"}],"about":[{"href":"https:\/\/zxdoll.com\/hu\/wp-json\/wp\/v2\/types\/product"}],"replies":[{"embeddable":true,"href":"https:\/\/zxdoll.com\/hu\/wp-json\/wp\/v2\/comments?post=163552"}],"version-history":[{"count":1,"href":"https:\/\/zxdoll.com\/hu\/wp-json\/wp\/v2\/product\/163552\/revisions"}],"predecessor-version":[{"id":163656,"href":"https:\/\/zxdoll.com\/hu\/wp-json\/wp\/v2\/product\/163552\/revisions\/163656"}],"wp:featuredmedia":[{"embeddable":true,"href":"https:\/\/zxdoll.com\/hu\/wp-json\/wp\/v2\/media\/163615"}],"wp:attachment":[{"href":"https:\/\/zxdoll.com\/hu\/wp-json\/wp\/v2\/media?parent=163552"}],"wp:term":[{"taxonomy":"product_brand","embeddable":true,"href":"https:\/\/zxdoll.com\/hu\/wp-json\/wp\/v2\/product_brand?post=163552"},{"taxonomy":"product_cat","embeddable":true,"href":"https:\/\/zxdoll.com\/hu\/wp-json\/wp\/v2\/product_cat?post=163552"},{"taxonomy":"product_tag","embeddable":true,"href":"https:\/\/zxdoll.com\/hu\/wp-json\/wp\/v2\/product_tag?post=163552"}],"curies":[{"name":"wp","href":"https:\/\/api.w.org\/{rel}","templated":true}]}}