{"id":162397,"date":"2024-09-14T19:34:37","date_gmt":"2024-09-14T11:34:37","guid":{"rendered":"https:\/\/zxdoll.com\/?post_type=product&#038;p=162397"},"modified":"2024-10-04T04:10:29","modified_gmt":"2024-10-03T20:10:29","slug":"hardcor-fucking-thicc-sex-doll","status":"publish","type":"product","link":"https:\/\/zxdoll.com\/hu\/product\/hardcor-fucking-thicc-sex-doll\/","title":{"rendered":"Hardcor Kibaszott Vastag Szexbaba Velda 172cm"},"content":{"rendered":"<h4><strong>Szexbaba k\u00e9pek<\/strong><\/h4>\n\t                <ul class=\"easy-image-gallery thumbnails-21 linked\">\r\n                    <li><a data-fancybox=\"gallery759\" href=\"https:\/\/zxdoll.com\/wp-content\/uploads\/2024\/09\/sex-doll-spank-wFf40t1-533x800.jpg\" class=\"eig-popup\" title=\"\" data-caption=\"\" target=\"_blank\"><i class=\"icon-view\"><\/i><span class=\"overlay\"><\/span><img decoding=\"async\" width=\"150\" height=\"150\" src=\"https:\/\/zxdoll.com\/wp-content\/uploads\/2024\/09\/sex-doll-spank-wFf40t1-150x150.jpg\" class=\"attachment-thumbnail size-thumbnail\" alt=\"\" title=\"\"><\/a><\/li><li><a data-fancybox=\"gallery759\" href=\"https:\/\/zxdoll.com\/wp-content\/uploads\/2024\/09\/sex-doll-spank-wFf40t2-1-533x800.jpg\" class=\"eig-popup\" title=\"\" data-caption=\"\" target=\"_blank\"><i class=\"icon-view\"><\/i><span class=\"overlay\"><\/span><img decoding=\"async\" width=\"150\" height=\"150\" src=\"https:\/\/zxdoll.com\/wp-content\/uploads\/2024\/09\/sex-doll-spank-wFf40t2-1-150x150.jpg\" class=\"attachment-thumbnail size-thumbnail\" alt=\"\" title=\"\"><\/a><\/li><li><a data-fancybox=\"gallery759\" href=\"https:\/\/zxdoll.com\/wp-content\/uploads\/2024\/09\/sex-doll-spank-wFf40t3-533x800.jpg\" class=\"eig-popup\" title=\"\" data-caption=\"\" target=\"_blank\"><i class=\"icon-view\"><\/i><span class=\"overlay\"><\/span><img decoding=\"async\" width=\"150\" height=\"150\" src=\"https:\/\/zxdoll.com\/wp-content\/uploads\/2024\/09\/sex-doll-spank-wFf40t3-150x150.jpg\" class=\"attachment-thumbnail size-thumbnail\" alt=\"\" title=\"\"><\/a><\/li><li><a data-fancybox=\"gallery759\" href=\"https:\/\/zxdoll.com\/wp-content\/uploads\/2024\/09\/sex-doll-spank-wFf40t4-533x800.jpg\" class=\"eig-popup\" title=\"\" data-caption=\"\" target=\"_blank\"><i class=\"icon-view\"><\/i><span class=\"overlay\"><\/span><img loading=\"lazy\" decoding=\"async\" width=\"150\" height=\"150\" src=\"https:\/\/zxdoll.com\/wp-content\/uploads\/2024\/09\/sex-doll-spank-wFf40t4-150x150.jpg\" class=\"attachment-thumbnail size-thumbnail\" alt=\"\" title=\"\"><\/a><\/li><li><a data-fancybox=\"gallery759\" href=\"https:\/\/zxdoll.com\/wp-content\/uploads\/2024\/09\/sex-doll-spank-wFf40t5-533x800.jpg\" class=\"eig-popup\" title=\"\" data-caption=\"\" target=\"_blank\"><i class=\"icon-view\"><\/i><span class=\"overlay\"><\/span><img loading=\"lazy\" decoding=\"async\" width=\"150\" height=\"150\" src=\"https:\/\/zxdoll.com\/wp-content\/uploads\/2024\/09\/sex-doll-spank-wFf40t5-150x150.jpg\" class=\"attachment-thumbnail size-thumbnail\" alt=\"\" title=\"\"><\/a><\/li><li><a data-fancybox=\"gallery759\" href=\"https:\/\/zxdoll.com\/wp-content\/uploads\/2024\/09\/sex-doll-spank-wFf40t6-533x800.jpg\" class=\"eig-popup\" title=\"\" data-caption=\"\" target=\"_blank\"><i class=\"icon-view\"><\/i><span class=\"overlay\"><\/span><img loading=\"lazy\" decoding=\"async\" width=\"150\" height=\"150\" src=\"https:\/\/zxdoll.com\/wp-content\/uploads\/2024\/09\/sex-doll-spank-wFf40t6-150x150.jpg\" class=\"attachment-thumbnail size-thumbnail\" alt=\"\" title=\"\"><\/a><\/li><li><a data-fancybox=\"gallery759\" href=\"https:\/\/zxdoll.com\/wp-content\/uploads\/2024\/09\/sex-doll-spank-wFf40t7-533x800.jpg\" class=\"eig-popup\" title=\"\" data-caption=\"\" target=\"_blank\"><i class=\"icon-view\"><\/i><span class=\"overlay\"><\/span><img loading=\"lazy\" decoding=\"async\" width=\"150\" height=\"150\" src=\"https:\/\/zxdoll.com\/wp-content\/uploads\/2024\/09\/sex-doll-spank-wFf40t7-150x150.jpg\" class=\"attachment-thumbnail size-thumbnail\" alt=\"\" title=\"\"><\/a><\/li><li><a data-fancybox=\"gallery759\" href=\"https:\/\/zxdoll.com\/wp-content\/uploads\/2024\/09\/sex-doll-spank-wFf40t8-533x800.jpg\" class=\"eig-popup\" title=\"\" data-caption=\"\" target=\"_blank\"><i class=\"icon-view\"><\/i><span class=\"overlay\"><\/span><img loading=\"lazy\" decoding=\"async\" width=\"150\" height=\"150\" src=\"https:\/\/zxdoll.com\/wp-content\/uploads\/2024\/09\/sex-doll-spank-wFf40t8-150x150.jpg\" class=\"attachment-thumbnail size-thumbnail\" alt=\"\" title=\"\"><\/a><\/li><li><a data-fancybox=\"gallery759\" href=\"https:\/\/zxdoll.com\/wp-content\/uploads\/2024\/09\/sex-doll-spank-wFf40t9-533x800.jpg\" class=\"eig-popup\" title=\"\" data-caption=\"\" target=\"_blank\"><i class=\"icon-view\"><\/i><span class=\"overlay\"><\/span><img loading=\"lazy\" decoding=\"async\" width=\"150\" height=\"150\" src=\"https:\/\/zxdoll.com\/wp-content\/uploads\/2024\/09\/sex-doll-spank-wFf40t9-150x150.jpg\" class=\"attachment-thumbnail size-thumbnail\" alt=\"\" title=\"\"><\/a><\/li><li><a data-fancybox=\"gallery759\" href=\"https:\/\/zxdoll.com\/wp-content\/uploads\/2024\/09\/sex-doll-spank-wFf40t10-533x800.jpg\" class=\"eig-popup\" title=\"\" data-caption=\"\" target=\"_blank\"><i class=\"icon-view\"><\/i><span class=\"overlay\"><\/span><img loading=\"lazy\" decoding=\"async\" width=\"150\" height=\"150\" src=\"https:\/\/zxdoll.com\/wp-content\/uploads\/2024\/09\/sex-doll-spank-wFf40t10-150x150.jpg\" class=\"attachment-thumbnail size-thumbnail\" alt=\"\" title=\"\"><\/a><\/li><li><a data-fancybox=\"gallery759\" href=\"https:\/\/zxdoll.com\/wp-content\/uploads\/2024\/09\/sex-doll-spank-wFf40t11-533x800.jpg\" class=\"eig-popup\" title=\"\" data-caption=\"\" target=\"_blank\"><i class=\"icon-view\"><\/i><span class=\"overlay\"><\/span><img loading=\"lazy\" decoding=\"async\" width=\"150\" height=\"150\" src=\"https:\/\/zxdoll.com\/wp-content\/uploads\/2024\/09\/sex-doll-spank-wFf40t11-150x150.jpg\" class=\"attachment-thumbnail size-thumbnail\" alt=\"\" title=\"\"><\/a><\/li><li><a data-fancybox=\"gallery759\" href=\"https:\/\/zxdoll.com\/wp-content\/uploads\/2024\/09\/sex-doll-spank-wFf40t12-533x800.jpg\" class=\"eig-popup\" title=\"\" data-caption=\"\" target=\"_blank\"><i class=\"icon-view\"><\/i><span class=\"overlay\"><\/span><img loading=\"lazy\" decoding=\"async\" width=\"150\" height=\"150\" src=\"https:\/\/zxdoll.com\/wp-content\/uploads\/2024\/09\/sex-doll-spank-wFf40t12-150x150.jpg\" class=\"attachment-thumbnail size-thumbnail\" alt=\"\" title=\"\"><\/a><\/li><li><a data-fancybox=\"gallery759\" href=\"https:\/\/zxdoll.com\/wp-content\/uploads\/2024\/09\/sex-doll-spank-wFf40t13-533x800.jpg\" class=\"eig-popup\" title=\"\" data-caption=\"\" target=\"_blank\"><i class=\"icon-view\"><\/i><span class=\"overlay\"><\/span><img loading=\"lazy\" decoding=\"async\" width=\"150\" height=\"150\" src=\"https:\/\/zxdoll.com\/wp-content\/uploads\/2024\/09\/sex-doll-spank-wFf40t13-150x150.jpg\" class=\"attachment-thumbnail size-thumbnail\" alt=\"\" title=\"\"><\/a><\/li><li><a data-fancybox=\"gallery759\" href=\"https:\/\/zxdoll.com\/wp-content\/uploads\/2024\/09\/sex-doll-spank-wFf40t14-533x800.jpg\" class=\"eig-popup\" title=\"\" data-caption=\"\" target=\"_blank\"><i class=\"icon-view\"><\/i><span class=\"overlay\"><\/span><img loading=\"lazy\" decoding=\"async\" width=\"150\" height=\"150\" src=\"https:\/\/zxdoll.com\/wp-content\/uploads\/2024\/09\/sex-doll-spank-wFf40t14-150x150.jpg\" class=\"attachment-thumbnail size-thumbnail\" alt=\"\" title=\"\"><\/a><\/li><li><a data-fancybox=\"gallery759\" href=\"https:\/\/zxdoll.com\/wp-content\/uploads\/2024\/09\/sex-doll-spank-wFf40t15-533x800.jpg\" class=\"eig-popup\" title=\"\" data-caption=\"\" target=\"_blank\"><i class=\"icon-view\"><\/i><span class=\"overlay\"><\/span><img loading=\"lazy\" decoding=\"async\" width=\"150\" height=\"150\" src=\"https:\/\/zxdoll.com\/wp-content\/uploads\/2024\/09\/sex-doll-spank-wFf40t15-150x150.jpg\" class=\"attachment-thumbnail size-thumbnail\" alt=\"\" title=\"\"><\/a><\/li><li><a data-fancybox=\"gallery759\" href=\"https:\/\/zxdoll.com\/wp-content\/uploads\/2024\/09\/sex-doll-spank-wFf40t16-533x800.jpg\" class=\"eig-popup\" title=\"\" data-caption=\"\" target=\"_blank\"><i class=\"icon-view\"><\/i><span class=\"overlay\"><\/span><img loading=\"lazy\" decoding=\"async\" width=\"150\" height=\"150\" src=\"https:\/\/zxdoll.com\/wp-content\/uploads\/2024\/09\/sex-doll-spank-wFf40t16-150x150.jpg\" class=\"attachment-thumbnail size-thumbnail\" alt=\"\" title=\"\"><\/a><\/li><li><a data-fancybox=\"gallery759\" href=\"https:\/\/zxdoll.com\/wp-content\/uploads\/2024\/09\/sex-doll-spank-wFf40t17-533x800.jpg\" class=\"eig-popup\" title=\"\" data-caption=\"\" target=\"_blank\"><i class=\"icon-view\"><\/i><span class=\"overlay\"><\/span><img loading=\"lazy\" decoding=\"async\" width=\"150\" height=\"150\" src=\"https:\/\/zxdoll.com\/wp-content\/uploads\/2024\/09\/sex-doll-spank-wFf40t17-150x150.jpg\" class=\"attachment-thumbnail size-thumbnail\" alt=\"\" title=\"\"><\/a><\/li><li><a data-fancybox=\"gallery759\" href=\"https:\/\/zxdoll.com\/wp-content\/uploads\/2024\/09\/sex-doll-spank-wFf40t18-533x800.jpg\" class=\"eig-popup\" title=\"\" data-caption=\"\" target=\"_blank\"><i class=\"icon-view\"><\/i><span class=\"overlay\"><\/span><img loading=\"lazy\" decoding=\"async\" width=\"150\" height=\"150\" src=\"https:\/\/zxdoll.com\/wp-content\/uploads\/2024\/09\/sex-doll-spank-wFf40t18-150x150.jpg\" class=\"attachment-thumbnail size-thumbnail\" alt=\"\" title=\"\"><\/a><\/li><li><a data-fancybox=\"gallery759\" href=\"https:\/\/zxdoll.com\/wp-content\/uploads\/2024\/09\/sex-doll-spank-wFf40t19-533x800.jpg\" class=\"eig-popup\" title=\"\" data-caption=\"\" target=\"_blank\"><i class=\"icon-view\"><\/i><span class=\"overlay\"><\/span><img loading=\"lazy\" decoding=\"async\" width=\"150\" height=\"150\" src=\"https:\/\/zxdoll.com\/wp-content\/uploads\/2024\/09\/sex-doll-spank-wFf40t19-150x150.jpg\" class=\"attachment-thumbnail size-thumbnail\" alt=\"\" title=\"\"><\/a><\/li><li><a data-fancybox=\"gallery759\" href=\"https:\/\/zxdoll.com\/wp-content\/uploads\/2024\/09\/sex-doll-spank-wFf40t20-533x800.jpg\" class=\"eig-popup\" title=\"\" data-caption=\"\" target=\"_blank\"><i class=\"icon-view\"><\/i><span class=\"overlay\"><\/span><img loading=\"lazy\" decoding=\"async\" width=\"150\" height=\"150\" src=\"https:\/\/zxdoll.com\/wp-content\/uploads\/2024\/09\/sex-doll-spank-wFf40t20-150x150.jpg\" class=\"attachment-thumbnail size-thumbnail\" alt=\"\" title=\"\"><\/a><\/li><li><a data-fancybox=\"gallery759\" href=\"https:\/\/zxdoll.com\/wp-content\/uploads\/2024\/09\/sex-doll-spank-wFf40t21-533x800.jpg\" class=\"eig-popup\" title=\"\" data-caption=\"\" target=\"_blank\"><i class=\"icon-view\"><\/i><span class=\"overlay\"><\/span><img loading=\"lazy\" decoding=\"async\" width=\"150\" height=\"150\" src=\"https:\/\/zxdoll.com\/wp-content\/uploads\/2024\/09\/sex-doll-spank-wFf40t21-150x150.jpg\" class=\"attachment-thumbnail size-thumbnail\" alt=\"\" title=\"\"><\/a><\/li><\/ul>\n<h4>M\u00e9rett\u00e1bl\u00e1zatok<\/h4>\n<table width=\"349\">\n<tbody>\n<tr>\n<td width=\"177\">Magass\u00e1g<\/td>\n<td width=\"172\">172 cm<\/td>\n<\/tr>\n<tr>\n<td>S\u00faly<\/td>\n<td>38,5 kg<\/td>\n<\/tr>\n<tr>\n<td>Mell\u0151k<\/td>\n<td>87 cm<\/td>\n<\/tr>\n<tr>\n<td>Mell alatt<\/td>\n<td>62 cm<\/td>\n<\/tr>\n<tr>\n<td>Der\u00e9k<\/td>\n<td>58,5 cm<\/td>\n<\/tr>\n<tr>\n<td>Cs\u00edp\u0151<\/td>\n<td>98 cm<\/td>\n<\/tr>\n<tr>\n<td>V\u00e1ll<\/td>\n<td>37 cm<\/td>\n<\/tr>\n<tr>\n<td>Comb<\/td>\n<td>54 cm<\/td>\n<\/tr>\n<tr>\n<td>L\u00e1b<\/td>\n<td>22 cm<\/td>\n<\/tr>\n<tr>\n<td>H\u00fcvely<\/td>\n<td>19 cm<\/td>\n<\/tr>\n<tr>\n<td>V\u00e9gb\u00e9lny\u00edl\u00e1s<\/td>\n<td>17 cm<\/td>\n<\/tr>\n<\/tbody>\n<\/table>\n<h4>A szexbab\u00e1r\u00f3l<\/h4>\n<p>&nbsp;<\/p>","protected":false},"excerpt":{"rendered":"<p>Sex Doll Images Size Charts Height 172cm Weight 38.5kg Breasts 87cm Under Bust 62cm Waist 58.5cm Hip 98cm Shoulder 37cm<\/p>","protected":false},"featured_media":162441,"comment_status":"open","ping_status":"closed","template":"","meta":[],"product_brand":[],"product_cat":[234,230,124,80,192,107,117,201],"product_tag":[],"class_list":{"0":"post-162397","1":"product","2":"type-product","3":"status-publish","4":"has-post-thumbnail","6":"product_cat-234","7":"product_cat-36kg-40kg","8":"product_cat-above-171cm-sex-dolls","9":"product_cat-asian-sex-doll","10":"product_cat-hybrid-doll","11":"product_cat-skinny-sex-dolls","12":"product_cat-small-breast-sex-doll","13":"product_cat-ultimate-sex-doll","14":"pa_brand-starpery-doll","15":"tm-has-options","17":"first","18":"instock","19":"sale","20":"shipping-taxable","21":"purchasable","22":"product-type-simple"},"_links":{"self":[{"href":"https:\/\/zxdoll.com\/hu\/wp-json\/wp\/v2\/product\/162397","targetHints":{"allow":["GET"]}}],"collection":[{"href":"https:\/\/zxdoll.com\/hu\/wp-json\/wp\/v2\/product"}],"about":[{"href":"https:\/\/zxdoll.com\/hu\/wp-json\/wp\/v2\/types\/product"}],"replies":[{"embeddable":true,"href":"https:\/\/zxdoll.com\/hu\/wp-json\/wp\/v2\/comments?post=162397"}],"version-history":[{"count":1,"href":"https:\/\/zxdoll.com\/hu\/wp-json\/wp\/v2\/product\/162397\/revisions"}],"predecessor-version":[{"id":162729,"href":"https:\/\/zxdoll.com\/hu\/wp-json\/wp\/v2\/product\/162397\/revisions\/162729"}],"wp:featuredmedia":[{"embeddable":true,"href":"https:\/\/zxdoll.com\/hu\/wp-json\/wp\/v2\/media\/162441"}],"wp:attachment":[{"href":"https:\/\/zxdoll.com\/hu\/wp-json\/wp\/v2\/media?parent=162397"}],"wp:term":[{"taxonomy":"product_brand","embeddable":true,"href":"https:\/\/zxdoll.com\/hu\/wp-json\/wp\/v2\/product_brand?post=162397"},{"taxonomy":"product_cat","embeddable":true,"href":"https:\/\/zxdoll.com\/hu\/wp-json\/wp\/v2\/product_cat?post=162397"},{"taxonomy":"product_tag","embeddable":true,"href":"https:\/\/zxdoll.com\/hu\/wp-json\/wp\/v2\/product_tag?post=162397"}],"curies":[{"name":"wp","href":"https:\/\/api.w.org\/{rel}","templated":true}]}}