{"id":157806,"date":"2024-09-13T19:29:17","date_gmt":"2024-09-13T11:29:17","guid":{"rendered":"https:\/\/zxdoll.com\/?post_type=product&#038;p=157806"},"modified":"2024-10-01T02:31:29","modified_gmt":"2024-09-30T18:31:29","slug":"living-sex-doll-deep-web","status":"publish","type":"product","link":"https:\/\/zxdoll.com\/hu\/product\/living-sex-doll-deep-web\/","title":{"rendered":"Living Sex Doll Deep Web Aidan 26,5 cm"},"content":{"rendered":"<h4><strong>Szexbaba k\u00e9pek<\/strong><\/h4>\n\t                <ul class=\"easy-image-gallery thumbnails-9 linked\">\r\n                    <li><a data-fancybox=\"gallery929\" href=\"https:\/\/zxdoll.com\/wp-content\/uploads\/2024\/09\/realest-sex-doll-eOr32k10.jpg\" class=\"eig-popup\" title=\"\" data-caption=\"\" target=\"_blank\"><i class=\"icon-view\"><\/i><span class=\"overlay\"><\/span><img decoding=\"async\" width=\"150\" height=\"150\" src=\"https:\/\/zxdoll.com\/wp-content\/uploads\/2024\/09\/realest-sex-doll-eOr32k10-150x150.jpg\" class=\"attachment-thumbnail size-thumbnail\" alt=\"\" srcset=\"https:\/\/zxdoll.com\/wp-content\/uploads\/2024\/09\/realest-sex-doll-eOr32k10-150x150.jpg 150w, https:\/\/zxdoll.com\/wp-content\/uploads\/2024\/09\/realest-sex-doll-eOr32k10-300x300.jpg 300w, https:\/\/zxdoll.com\/wp-content\/uploads\/2024\/09\/realest-sex-doll-eOr32k10-768x768.jpg 768w, https:\/\/zxdoll.com\/wp-content\/uploads\/2024\/09\/realest-sex-doll-eOr32k10-12x12.jpg 12w, https:\/\/zxdoll.com\/wp-content\/uploads\/2024\/09\/realest-sex-doll-eOr32k10-430x430.jpg 430w, https:\/\/zxdoll.com\/wp-content\/uploads\/2024\/09\/realest-sex-doll-eOr32k10-700x700.jpg 700w, https:\/\/zxdoll.com\/wp-content\/uploads\/2024\/09\/realest-sex-doll-eOr32k10.jpg 800w\" sizes=\"(max-width: 150px) 100vw, 150px\" title=\"\"><\/a><\/li><li><a data-fancybox=\"gallery929\" href=\"https:\/\/zxdoll.com\/wp-content\/uploads\/2024\/09\/realest-sex-doll-eOr32k9.jpg\" class=\"eig-popup\" title=\"\" data-caption=\"\" target=\"_blank\"><i class=\"icon-view\"><\/i><span class=\"overlay\"><\/span><img decoding=\"async\" width=\"150\" height=\"150\" src=\"https:\/\/zxdoll.com\/wp-content\/uploads\/2024\/09\/realest-sex-doll-eOr32k9-150x150.jpg\" class=\"attachment-thumbnail size-thumbnail\" alt=\"\" srcset=\"https:\/\/zxdoll.com\/wp-content\/uploads\/2024\/09\/realest-sex-doll-eOr32k9-150x150.jpg 150w, https:\/\/zxdoll.com\/wp-content\/uploads\/2024\/09\/realest-sex-doll-eOr32k9-300x300.jpg 300w, https:\/\/zxdoll.com\/wp-content\/uploads\/2024\/09\/realest-sex-doll-eOr32k9-768x768.jpg 768w, https:\/\/zxdoll.com\/wp-content\/uploads\/2024\/09\/realest-sex-doll-eOr32k9-12x12.jpg 12w, https:\/\/zxdoll.com\/wp-content\/uploads\/2024\/09\/realest-sex-doll-eOr32k9-430x430.jpg 430w, https:\/\/zxdoll.com\/wp-content\/uploads\/2024\/09\/realest-sex-doll-eOr32k9-700x700.jpg 700w, https:\/\/zxdoll.com\/wp-content\/uploads\/2024\/09\/realest-sex-doll-eOr32k9.jpg 800w\" sizes=\"(max-width: 150px) 100vw, 150px\" title=\"\"><\/a><\/li><li><a data-fancybox=\"gallery929\" href=\"https:\/\/zxdoll.com\/wp-content\/uploads\/2024\/09\/realest-sex-doll-eOr32k8.jpg\" class=\"eig-popup\" title=\"\" data-caption=\"\" target=\"_blank\"><i class=\"icon-view\"><\/i><span class=\"overlay\"><\/span><img decoding=\"async\" width=\"150\" height=\"150\" src=\"https:\/\/zxdoll.com\/wp-content\/uploads\/2024\/09\/realest-sex-doll-eOr32k8-150x150.jpg\" class=\"attachment-thumbnail size-thumbnail\" alt=\"\" srcset=\"https:\/\/zxdoll.com\/wp-content\/uploads\/2024\/09\/realest-sex-doll-eOr32k8-150x150.jpg 150w, https:\/\/zxdoll.com\/wp-content\/uploads\/2024\/09\/realest-sex-doll-eOr32k8-300x300.jpg 300w, https:\/\/zxdoll.com\/wp-content\/uploads\/2024\/09\/realest-sex-doll-eOr32k8-768x768.jpg 768w, https:\/\/zxdoll.com\/wp-content\/uploads\/2024\/09\/realest-sex-doll-eOr32k8-12x12.jpg 12w, https:\/\/zxdoll.com\/wp-content\/uploads\/2024\/09\/realest-sex-doll-eOr32k8-430x430.jpg 430w, https:\/\/zxdoll.com\/wp-content\/uploads\/2024\/09\/realest-sex-doll-eOr32k8-700x700.jpg 700w, https:\/\/zxdoll.com\/wp-content\/uploads\/2024\/09\/realest-sex-doll-eOr32k8.jpg 800w\" sizes=\"(max-width: 150px) 100vw, 150px\" title=\"\"><\/a><\/li><li><a data-fancybox=\"gallery929\" href=\"https:\/\/zxdoll.com\/wp-content\/uploads\/2024\/09\/realest-sex-doll-eOr32k6.jpg\" class=\"eig-popup\" title=\"\" data-caption=\"\" target=\"_blank\"><i class=\"icon-view\"><\/i><span class=\"overlay\"><\/span><img loading=\"lazy\" decoding=\"async\" width=\"150\" height=\"150\" src=\"https:\/\/zxdoll.com\/wp-content\/uploads\/2024\/09\/realest-sex-doll-eOr32k6-150x150.jpg\" class=\"attachment-thumbnail size-thumbnail\" alt=\"\" srcset=\"https:\/\/zxdoll.com\/wp-content\/uploads\/2024\/09\/realest-sex-doll-eOr32k6-150x150.jpg 150w, https:\/\/zxdoll.com\/wp-content\/uploads\/2024\/09\/realest-sex-doll-eOr32k6-300x300.jpg 300w, https:\/\/zxdoll.com\/wp-content\/uploads\/2024\/09\/realest-sex-doll-eOr32k6-768x768.jpg 768w, https:\/\/zxdoll.com\/wp-content\/uploads\/2024\/09\/realest-sex-doll-eOr32k6-12x12.jpg 12w, https:\/\/zxdoll.com\/wp-content\/uploads\/2024\/09\/realest-sex-doll-eOr32k6-430x430.jpg 430w, https:\/\/zxdoll.com\/wp-content\/uploads\/2024\/09\/realest-sex-doll-eOr32k6-700x700.jpg 700w, https:\/\/zxdoll.com\/wp-content\/uploads\/2024\/09\/realest-sex-doll-eOr32k6.jpg 800w\" sizes=\"(max-width: 150px) 100vw, 150px\" title=\"\"><\/a><\/li><li><a data-fancybox=\"gallery929\" href=\"https:\/\/zxdoll.com\/wp-content\/uploads\/2024\/09\/realest-sex-doll-eOr32k5.jpg\" class=\"eig-popup\" title=\"\" data-caption=\"\" target=\"_blank\"><i class=\"icon-view\"><\/i><span class=\"overlay\"><\/span><img loading=\"lazy\" decoding=\"async\" width=\"150\" height=\"150\" src=\"https:\/\/zxdoll.com\/wp-content\/uploads\/2024\/09\/realest-sex-doll-eOr32k5-150x150.jpg\" class=\"attachment-thumbnail size-thumbnail\" alt=\"\" srcset=\"https:\/\/zxdoll.com\/wp-content\/uploads\/2024\/09\/realest-sex-doll-eOr32k5-150x150.jpg 150w, https:\/\/zxdoll.com\/wp-content\/uploads\/2024\/09\/realest-sex-doll-eOr32k5-300x300.jpg 300w, https:\/\/zxdoll.com\/wp-content\/uploads\/2024\/09\/realest-sex-doll-eOr32k5-768x768.jpg 768w, https:\/\/zxdoll.com\/wp-content\/uploads\/2024\/09\/realest-sex-doll-eOr32k5-12x12.jpg 12w, https:\/\/zxdoll.com\/wp-content\/uploads\/2024\/09\/realest-sex-doll-eOr32k5-430x430.jpg 430w, https:\/\/zxdoll.com\/wp-content\/uploads\/2024\/09\/realest-sex-doll-eOr32k5-700x700.jpg 700w, https:\/\/zxdoll.com\/wp-content\/uploads\/2024\/09\/realest-sex-doll-eOr32k5.jpg 785w\" sizes=\"(max-width: 150px) 100vw, 150px\" title=\"\"><\/a><\/li><li><a data-fancybox=\"gallery929\" href=\"https:\/\/zxdoll.com\/wp-content\/uploads\/2024\/09\/realest-sex-doll-eOr32k4.jpg\" class=\"eig-popup\" title=\"\" data-caption=\"\" target=\"_blank\"><i class=\"icon-view\"><\/i><span class=\"overlay\"><\/span><img loading=\"lazy\" decoding=\"async\" width=\"150\" height=\"150\" src=\"https:\/\/zxdoll.com\/wp-content\/uploads\/2024\/09\/realest-sex-doll-eOr32k4-150x150.jpg\" class=\"attachment-thumbnail size-thumbnail\" alt=\"\" srcset=\"https:\/\/zxdoll.com\/wp-content\/uploads\/2024\/09\/realest-sex-doll-eOr32k4-150x150.jpg 150w, https:\/\/zxdoll.com\/wp-content\/uploads\/2024\/09\/realest-sex-doll-eOr32k4-300x300.jpg 300w, https:\/\/zxdoll.com\/wp-content\/uploads\/2024\/09\/realest-sex-doll-eOr32k4-768x768.jpg 768w, https:\/\/zxdoll.com\/wp-content\/uploads\/2024\/09\/realest-sex-doll-eOr32k4-12x12.jpg 12w, https:\/\/zxdoll.com\/wp-content\/uploads\/2024\/09\/realest-sex-doll-eOr32k4-430x430.jpg 430w, https:\/\/zxdoll.com\/wp-content\/uploads\/2024\/09\/realest-sex-doll-eOr32k4-700x700.jpg 700w, https:\/\/zxdoll.com\/wp-content\/uploads\/2024\/09\/realest-sex-doll-eOr32k4.jpg 800w\" sizes=\"(max-width: 150px) 100vw, 150px\" title=\"\"><\/a><\/li><li><a data-fancybox=\"gallery929\" href=\"https:\/\/zxdoll.com\/wp-content\/uploads\/2024\/09\/realest-sex-doll-eOr32k3.jpg\" class=\"eig-popup\" title=\"\" data-caption=\"\" target=\"_blank\"><i class=\"icon-view\"><\/i><span class=\"overlay\"><\/span><img loading=\"lazy\" decoding=\"async\" width=\"150\" height=\"150\" src=\"https:\/\/zxdoll.com\/wp-content\/uploads\/2024\/09\/realest-sex-doll-eOr32k3-150x150.jpg\" class=\"attachment-thumbnail size-thumbnail\" alt=\"\" srcset=\"https:\/\/zxdoll.com\/wp-content\/uploads\/2024\/09\/realest-sex-doll-eOr32k3-150x150.jpg 150w, https:\/\/zxdoll.com\/wp-content\/uploads\/2024\/09\/realest-sex-doll-eOr32k3-300x300.jpg 300w, https:\/\/zxdoll.com\/wp-content\/uploads\/2024\/09\/realest-sex-doll-eOr32k3-768x768.jpg 768w, https:\/\/zxdoll.com\/wp-content\/uploads\/2024\/09\/realest-sex-doll-eOr32k3-12x12.jpg 12w, https:\/\/zxdoll.com\/wp-content\/uploads\/2024\/09\/realest-sex-doll-eOr32k3-430x430.jpg 430w, https:\/\/zxdoll.com\/wp-content\/uploads\/2024\/09\/realest-sex-doll-eOr32k3-700x700.jpg 700w, https:\/\/zxdoll.com\/wp-content\/uploads\/2024\/09\/realest-sex-doll-eOr32k3.jpg 800w\" sizes=\"(max-width: 150px) 100vw, 150px\" title=\"\"><\/a><\/li><li><a data-fancybox=\"gallery929\" href=\"https:\/\/zxdoll.com\/wp-content\/uploads\/2024\/09\/realest-sex-doll-eOr32k2.jpg\" class=\"eig-popup\" title=\"\" data-caption=\"\" target=\"_blank\"><i class=\"icon-view\"><\/i><span class=\"overlay\"><\/span><img loading=\"lazy\" decoding=\"async\" width=\"150\" height=\"150\" src=\"https:\/\/zxdoll.com\/wp-content\/uploads\/2024\/09\/realest-sex-doll-eOr32k2-150x150.jpg\" class=\"attachment-thumbnail size-thumbnail\" alt=\"\" srcset=\"https:\/\/zxdoll.com\/wp-content\/uploads\/2024\/09\/realest-sex-doll-eOr32k2-150x150.jpg 150w, https:\/\/zxdoll.com\/wp-content\/uploads\/2024\/09\/realest-sex-doll-eOr32k2-300x300.jpg 300w, https:\/\/zxdoll.com\/wp-content\/uploads\/2024\/09\/realest-sex-doll-eOr32k2-768x768.jpg 768w, https:\/\/zxdoll.com\/wp-content\/uploads\/2024\/09\/realest-sex-doll-eOr32k2-12x12.jpg 12w, https:\/\/zxdoll.com\/wp-content\/uploads\/2024\/09\/realest-sex-doll-eOr32k2-430x430.jpg 430w, https:\/\/zxdoll.com\/wp-content\/uploads\/2024\/09\/realest-sex-doll-eOr32k2-700x700.jpg 700w, https:\/\/zxdoll.com\/wp-content\/uploads\/2024\/09\/realest-sex-doll-eOr32k2.jpg 800w\" sizes=\"(max-width: 150px) 100vw, 150px\" title=\"\"><\/a><\/li><li><a data-fancybox=\"gallery929\" href=\"https:\/\/zxdoll.com\/wp-content\/uploads\/2024\/09\/realest-sex-doll-eOr32k1.jpg\" class=\"eig-popup\" title=\"\" data-caption=\"\" target=\"_blank\"><i class=\"icon-view\"><\/i><span class=\"overlay\"><\/span><img loading=\"lazy\" decoding=\"async\" width=\"150\" height=\"150\" src=\"https:\/\/zxdoll.com\/wp-content\/uploads\/2024\/09\/realest-sex-doll-eOr32k1-150x150.jpg\" class=\"attachment-thumbnail size-thumbnail\" alt=\"\" srcset=\"https:\/\/zxdoll.com\/wp-content\/uploads\/2024\/09\/realest-sex-doll-eOr32k1-150x150.jpg 150w, https:\/\/zxdoll.com\/wp-content\/uploads\/2024\/09\/realest-sex-doll-eOr32k1-300x300.jpg 300w, https:\/\/zxdoll.com\/wp-content\/uploads\/2024\/09\/realest-sex-doll-eOr32k1-768x768.jpg 768w, https:\/\/zxdoll.com\/wp-content\/uploads\/2024\/09\/realest-sex-doll-eOr32k1-12x12.jpg 12w, https:\/\/zxdoll.com\/wp-content\/uploads\/2024\/09\/realest-sex-doll-eOr32k1-430x430.jpg 430w, https:\/\/zxdoll.com\/wp-content\/uploads\/2024\/09\/realest-sex-doll-eOr32k1-700x700.jpg 700w, https:\/\/zxdoll.com\/wp-content\/uploads\/2024\/09\/realest-sex-doll-eOr32k1.jpg 800w\" sizes=\"(max-width: 150px) 100vw, 150px\" title=\"\"><\/a><\/li><\/ul>\n<h4>M\u00e9rett\u00e1bl\u00e1zatok<\/h4>\n<table width=\"332\">\n<tbody>\n<tr>\n<td width=\"143\">Nett\u00f3 t\u00f6meg<\/td>\n<td width=\"189\">23.8lbs \/ 10.8kg<\/td>\n<\/tr>\n<tr>\n<td>Brutt\u00f3 s\u00faly<\/td>\n<td>30.86lbs \/ 14kg<\/td>\n<\/tr>\n<tr>\n<td>H\u00fcvelyi hossz<\/td>\n<td>30.86lbs \/ 14kg<\/td>\n<\/tr>\n<tr>\n<td>V\u00e9gb\u00e9lny\u00edl\u00e1s hossza<\/td>\n<td>5.51in \/ 14cm<\/td>\n<\/tr>\n<tr>\n<td>L\u00e1bk\u00f6rfogat<\/td>\n<td>18.5in \/ 47cm<\/td>\n<\/tr>\n<tr>\n<td>L\u00e1b hossz<\/td>\n<td>1.57in \/ 4cm<\/td>\n<\/tr>\n<tr>\n<td>\u00dcl\u0151magass\u00e1g<\/td>\n<td>10.43in \/ 26.5cm<\/td>\n<\/tr>\n<\/tbody>\n<\/table>\n<h4>A szexbab\u00e1r\u00f3l<\/h4>\n<p>&nbsp;<\/p>","protected":false},"excerpt":{"rendered":"<p>Sex Doll Images Size Charts Net Weight 23.8lbs \/ 10.8kg Gross Weight 30.86lbs \/ 14kg Vaginal Length 30.86lbs \/ 14kg<\/p>","protected":false},"featured_media":157808,"comment_status":"open","ping_status":"closed","template":"","meta":[],"product_brand":[],"product_cat":[234,149,195,227],"product_tag":[],"class_list":{"0":"post-157806","1":"product","2":"type-product","3":"status-publish","4":"has-post-thumbnail","6":"product_cat-234","7":"product_cat-below-139cm-sex-dolls","8":"product_cat-half-torso-sex-doll","9":"product_cat-under-25kg","10":"pa_brand-tantaly-doll","11":"tm-has-options","13":"first","14":"instock","15":"shipping-taxable","16":"purchasable","17":"product-type-simple"},"_links":{"self":[{"href":"https:\/\/zxdoll.com\/hu\/wp-json\/wp\/v2\/product\/157806","targetHints":{"allow":["GET"]}}],"collection":[{"href":"https:\/\/zxdoll.com\/hu\/wp-json\/wp\/v2\/product"}],"about":[{"href":"https:\/\/zxdoll.com\/hu\/wp-json\/wp\/v2\/types\/product"}],"replies":[{"embeddable":true,"href":"https:\/\/zxdoll.com\/hu\/wp-json\/wp\/v2\/comments?post=157806"}],"version-history":[{"count":2,"href":"https:\/\/zxdoll.com\/hu\/wp-json\/wp\/v2\/product\/157806\/revisions"}],"predecessor-version":[{"id":157819,"href":"https:\/\/zxdoll.com\/hu\/wp-json\/wp\/v2\/product\/157806\/revisions\/157819"}],"wp:featuredmedia":[{"embeddable":true,"href":"https:\/\/zxdoll.com\/hu\/wp-json\/wp\/v2\/media\/157808"}],"wp:attachment":[{"href":"https:\/\/zxdoll.com\/hu\/wp-json\/wp\/v2\/media?parent=157806"}],"wp:term":[{"taxonomy":"product_brand","embeddable":true,"href":"https:\/\/zxdoll.com\/hu\/wp-json\/wp\/v2\/product_brand?post=157806"},{"taxonomy":"product_cat","embeddable":true,"href":"https:\/\/zxdoll.com\/hu\/wp-json\/wp\/v2\/product_cat?post=157806"},{"taxonomy":"product_tag","embeddable":true,"href":"https:\/\/zxdoll.com\/hu\/wp-json\/wp\/v2\/product_tag?post=157806"}],"curies":[{"name":"wp","href":"https:\/\/api.w.org\/{rel}","templated":true}]}}