{"id":156870,"date":"2024-09-12T23:45:53","date_gmt":"2024-09-12T15:45:53","guid":{"rendered":"https:\/\/zxdoll.com\/?post_type=product&#038;p=156870"},"modified":"2024-10-01T02:19:54","modified_gmt":"2024-09-30T18:19:54","slug":"taking-care-of-a-real-sex-doll","status":"publish","type":"product","link":"https:\/\/zxdoll.com\/hu\/product\/taking-care-of-a-real-sex-doll\/","title":{"rendered":"Egy igazi szexbaba gondoz\u00e1sa, Sevyn 37cm"},"content":{"rendered":"<h4><strong>Szexbaba k\u00e9pek<\/strong><\/h4>\n\t                <ul class=\"easy-image-gallery thumbnails-10 linked\">\r\n                    <li><a data-fancybox=\"gallery846\" href=\"https:\/\/zxdoll.com\/wp-content\/uploads\/2024\/09\/sex-teen-doll-fDn44l1-1-800x800.jpg\" class=\"eig-popup\" title=\"\" data-caption=\"\" target=\"_blank\"><i class=\"icon-view\"><\/i><span class=\"overlay\"><\/span><img decoding=\"async\" width=\"150\" height=\"150\" src=\"https:\/\/zxdoll.com\/wp-content\/uploads\/2024\/09\/sex-teen-doll-fDn44l1-1-150x150.jpg\" class=\"attachment-thumbnail size-thumbnail\" alt=\"\" srcset=\"https:\/\/zxdoll.com\/wp-content\/uploads\/2024\/09\/sex-teen-doll-fDn44l1-1-150x150.jpg 150w, https:\/\/zxdoll.com\/wp-content\/uploads\/2024\/09\/sex-teen-doll-fDn44l1-1-300x300.jpg 300w, https:\/\/zxdoll.com\/wp-content\/uploads\/2024\/09\/sex-teen-doll-fDn44l1-1-800x800.jpg 800w, https:\/\/zxdoll.com\/wp-content\/uploads\/2024\/09\/sex-teen-doll-fDn44l1-1-768x768.jpg 768w, https:\/\/zxdoll.com\/wp-content\/uploads\/2024\/09\/sex-teen-doll-fDn44l1-1-12x12.jpg 12w, https:\/\/zxdoll.com\/wp-content\/uploads\/2024\/09\/sex-teen-doll-fDn44l1-1-860x860.jpg 860w, https:\/\/zxdoll.com\/wp-content\/uploads\/2024\/09\/sex-teen-doll-fDn44l1-1-430x430.jpg 430w, https:\/\/zxdoll.com\/wp-content\/uploads\/2024\/09\/sex-teen-doll-fDn44l1-1-700x700.jpg 700w, https:\/\/zxdoll.com\/wp-content\/uploads\/2024\/09\/sex-teen-doll-fDn44l1-1.jpg 1000w\" sizes=\"(max-width: 150px) 100vw, 150px\" title=\"\"><\/a><\/li><li><a data-fancybox=\"gallery846\" href=\"https:\/\/zxdoll.com\/wp-content\/uploads\/2024\/09\/sex-teen-doll-fDn44l2-1-800x800.jpg\" class=\"eig-popup\" title=\"\" data-caption=\"\" target=\"_blank\"><i class=\"icon-view\"><\/i><span class=\"overlay\"><\/span><img decoding=\"async\" width=\"150\" height=\"150\" src=\"https:\/\/zxdoll.com\/wp-content\/uploads\/2024\/09\/sex-teen-doll-fDn44l2-1-150x150.jpg\" class=\"attachment-thumbnail size-thumbnail\" alt=\"\" srcset=\"https:\/\/zxdoll.com\/wp-content\/uploads\/2024\/09\/sex-teen-doll-fDn44l2-1-150x150.jpg 150w, https:\/\/zxdoll.com\/wp-content\/uploads\/2024\/09\/sex-teen-doll-fDn44l2-1-300x300.jpg 300w, https:\/\/zxdoll.com\/wp-content\/uploads\/2024\/09\/sex-teen-doll-fDn44l2-1-800x800.jpg 800w, https:\/\/zxdoll.com\/wp-content\/uploads\/2024\/09\/sex-teen-doll-fDn44l2-1-768x768.jpg 768w, https:\/\/zxdoll.com\/wp-content\/uploads\/2024\/09\/sex-teen-doll-fDn44l2-1-12x12.jpg 12w, https:\/\/zxdoll.com\/wp-content\/uploads\/2024\/09\/sex-teen-doll-fDn44l2-1-860x860.jpg 860w, https:\/\/zxdoll.com\/wp-content\/uploads\/2024\/09\/sex-teen-doll-fDn44l2-1-430x430.jpg 430w, https:\/\/zxdoll.com\/wp-content\/uploads\/2024\/09\/sex-teen-doll-fDn44l2-1-700x700.jpg 700w, https:\/\/zxdoll.com\/wp-content\/uploads\/2024\/09\/sex-teen-doll-fDn44l2-1.jpg 1000w\" sizes=\"(max-width: 150px) 100vw, 150px\" title=\"\"><\/a><\/li><li><a data-fancybox=\"gallery846\" href=\"https:\/\/zxdoll.com\/wp-content\/uploads\/2024\/09\/sex-teen-doll-fDn44l3-1-800x800.jpg\" class=\"eig-popup\" title=\"\" data-caption=\"\" target=\"_blank\"><i class=\"icon-view\"><\/i><span class=\"overlay\"><\/span><img decoding=\"async\" width=\"150\" height=\"150\" src=\"https:\/\/zxdoll.com\/wp-content\/uploads\/2024\/09\/sex-teen-doll-fDn44l3-1-150x150.jpg\" class=\"attachment-thumbnail size-thumbnail\" alt=\"\" srcset=\"https:\/\/zxdoll.com\/wp-content\/uploads\/2024\/09\/sex-teen-doll-fDn44l3-1-150x150.jpg 150w, https:\/\/zxdoll.com\/wp-content\/uploads\/2024\/09\/sex-teen-doll-fDn44l3-1-300x300.jpg 300w, https:\/\/zxdoll.com\/wp-content\/uploads\/2024\/09\/sex-teen-doll-fDn44l3-1-800x800.jpg 800w, https:\/\/zxdoll.com\/wp-content\/uploads\/2024\/09\/sex-teen-doll-fDn44l3-1-768x768.jpg 768w, https:\/\/zxdoll.com\/wp-content\/uploads\/2024\/09\/sex-teen-doll-fDn44l3-1-12x12.jpg 12w, https:\/\/zxdoll.com\/wp-content\/uploads\/2024\/09\/sex-teen-doll-fDn44l3-1-860x860.jpg 860w, https:\/\/zxdoll.com\/wp-content\/uploads\/2024\/09\/sex-teen-doll-fDn44l3-1-430x430.jpg 430w, https:\/\/zxdoll.com\/wp-content\/uploads\/2024\/09\/sex-teen-doll-fDn44l3-1-700x700.jpg 700w, https:\/\/zxdoll.com\/wp-content\/uploads\/2024\/09\/sex-teen-doll-fDn44l3-1.jpg 1000w\" sizes=\"(max-width: 150px) 100vw, 150px\" title=\"\"><\/a><\/li><li><a data-fancybox=\"gallery846\" href=\"https:\/\/zxdoll.com\/wp-content\/uploads\/2024\/09\/sex-teen-doll-fDn44l4-1-800x800.jpg\" class=\"eig-popup\" title=\"\" data-caption=\"\" target=\"_blank\"><i class=\"icon-view\"><\/i><span class=\"overlay\"><\/span><img loading=\"lazy\" decoding=\"async\" width=\"150\" height=\"150\" src=\"https:\/\/zxdoll.com\/wp-content\/uploads\/2024\/09\/sex-teen-doll-fDn44l4-1-150x150.jpg\" class=\"attachment-thumbnail size-thumbnail\" alt=\"\" srcset=\"https:\/\/zxdoll.com\/wp-content\/uploads\/2024\/09\/sex-teen-doll-fDn44l4-1-150x150.jpg 150w, https:\/\/zxdoll.com\/wp-content\/uploads\/2024\/09\/sex-teen-doll-fDn44l4-1-300x300.jpg 300w, https:\/\/zxdoll.com\/wp-content\/uploads\/2024\/09\/sex-teen-doll-fDn44l4-1-800x800.jpg 800w, https:\/\/zxdoll.com\/wp-content\/uploads\/2024\/09\/sex-teen-doll-fDn44l4-1-768x768.jpg 768w, https:\/\/zxdoll.com\/wp-content\/uploads\/2024\/09\/sex-teen-doll-fDn44l4-1-12x12.jpg 12w, https:\/\/zxdoll.com\/wp-content\/uploads\/2024\/09\/sex-teen-doll-fDn44l4-1-860x860.jpg 860w, https:\/\/zxdoll.com\/wp-content\/uploads\/2024\/09\/sex-teen-doll-fDn44l4-1-430x430.jpg 430w, https:\/\/zxdoll.com\/wp-content\/uploads\/2024\/09\/sex-teen-doll-fDn44l4-1-700x700.jpg 700w, https:\/\/zxdoll.com\/wp-content\/uploads\/2024\/09\/sex-teen-doll-fDn44l4-1.jpg 1000w\" sizes=\"(max-width: 150px) 100vw, 150px\" title=\"\"><\/a><\/li><li><a data-fancybox=\"gallery846\" href=\"https:\/\/zxdoll.com\/wp-content\/uploads\/2024\/09\/sex-teen-doll-fDn44l5-1-800x800.jpg\" class=\"eig-popup\" title=\"\" data-caption=\"\" target=\"_blank\"><i class=\"icon-view\"><\/i><span class=\"overlay\"><\/span><img loading=\"lazy\" decoding=\"async\" width=\"150\" height=\"150\" src=\"https:\/\/zxdoll.com\/wp-content\/uploads\/2024\/09\/sex-teen-doll-fDn44l5-1-150x150.jpg\" class=\"attachment-thumbnail size-thumbnail\" alt=\"\" srcset=\"https:\/\/zxdoll.com\/wp-content\/uploads\/2024\/09\/sex-teen-doll-fDn44l5-1-150x150.jpg 150w, https:\/\/zxdoll.com\/wp-content\/uploads\/2024\/09\/sex-teen-doll-fDn44l5-1-300x300.jpg 300w, https:\/\/zxdoll.com\/wp-content\/uploads\/2024\/09\/sex-teen-doll-fDn44l5-1-800x800.jpg 800w, https:\/\/zxdoll.com\/wp-content\/uploads\/2024\/09\/sex-teen-doll-fDn44l5-1-768x768.jpg 768w, https:\/\/zxdoll.com\/wp-content\/uploads\/2024\/09\/sex-teen-doll-fDn44l5-1-12x12.jpg 12w, https:\/\/zxdoll.com\/wp-content\/uploads\/2024\/09\/sex-teen-doll-fDn44l5-1-860x860.jpg 860w, https:\/\/zxdoll.com\/wp-content\/uploads\/2024\/09\/sex-teen-doll-fDn44l5-1-430x430.jpg 430w, https:\/\/zxdoll.com\/wp-content\/uploads\/2024\/09\/sex-teen-doll-fDn44l5-1-700x700.jpg 700w, https:\/\/zxdoll.com\/wp-content\/uploads\/2024\/09\/sex-teen-doll-fDn44l5-1.jpg 1000w\" sizes=\"(max-width: 150px) 100vw, 150px\" title=\"\"><\/a><\/li><li><a data-fancybox=\"gallery846\" href=\"https:\/\/zxdoll.com\/wp-content\/uploads\/2024\/09\/sex-teen-doll-fDn44l6-1-800x800.jpg\" class=\"eig-popup\" title=\"\" data-caption=\"\" target=\"_blank\"><i class=\"icon-view\"><\/i><span class=\"overlay\"><\/span><img loading=\"lazy\" decoding=\"async\" width=\"150\" height=\"150\" src=\"https:\/\/zxdoll.com\/wp-content\/uploads\/2024\/09\/sex-teen-doll-fDn44l6-1-150x150.jpg\" class=\"attachment-thumbnail size-thumbnail\" alt=\"\" srcset=\"https:\/\/zxdoll.com\/wp-content\/uploads\/2024\/09\/sex-teen-doll-fDn44l6-1-150x150.jpg 150w, https:\/\/zxdoll.com\/wp-content\/uploads\/2024\/09\/sex-teen-doll-fDn44l6-1-300x300.jpg 300w, https:\/\/zxdoll.com\/wp-content\/uploads\/2024\/09\/sex-teen-doll-fDn44l6-1-800x800.jpg 800w, https:\/\/zxdoll.com\/wp-content\/uploads\/2024\/09\/sex-teen-doll-fDn44l6-1-768x768.jpg 768w, https:\/\/zxdoll.com\/wp-content\/uploads\/2024\/09\/sex-teen-doll-fDn44l6-1-12x12.jpg 12w, https:\/\/zxdoll.com\/wp-content\/uploads\/2024\/09\/sex-teen-doll-fDn44l6-1-860x860.jpg 860w, https:\/\/zxdoll.com\/wp-content\/uploads\/2024\/09\/sex-teen-doll-fDn44l6-1-430x430.jpg 430w, https:\/\/zxdoll.com\/wp-content\/uploads\/2024\/09\/sex-teen-doll-fDn44l6-1-700x700.jpg 700w, https:\/\/zxdoll.com\/wp-content\/uploads\/2024\/09\/sex-teen-doll-fDn44l6-1.jpg 1000w\" sizes=\"(max-width: 150px) 100vw, 150px\" title=\"\"><\/a><\/li><li><a data-fancybox=\"gallery846\" href=\"https:\/\/zxdoll.com\/wp-content\/uploads\/2024\/09\/sex-teen-doll-fDn44l7-1-800x800.jpg\" class=\"eig-popup\" title=\"\" data-caption=\"\" target=\"_blank\"><i class=\"icon-view\"><\/i><span class=\"overlay\"><\/span><img loading=\"lazy\" decoding=\"async\" width=\"150\" height=\"150\" src=\"https:\/\/zxdoll.com\/wp-content\/uploads\/2024\/09\/sex-teen-doll-fDn44l7-1-150x150.jpg\" class=\"attachment-thumbnail size-thumbnail\" alt=\"\" srcset=\"https:\/\/zxdoll.com\/wp-content\/uploads\/2024\/09\/sex-teen-doll-fDn44l7-1-150x150.jpg 150w, https:\/\/zxdoll.com\/wp-content\/uploads\/2024\/09\/sex-teen-doll-fDn44l7-1-300x300.jpg 300w, https:\/\/zxdoll.com\/wp-content\/uploads\/2024\/09\/sex-teen-doll-fDn44l7-1-800x800.jpg 800w, https:\/\/zxdoll.com\/wp-content\/uploads\/2024\/09\/sex-teen-doll-fDn44l7-1-768x768.jpg 768w, https:\/\/zxdoll.com\/wp-content\/uploads\/2024\/09\/sex-teen-doll-fDn44l7-1-12x12.jpg 12w, https:\/\/zxdoll.com\/wp-content\/uploads\/2024\/09\/sex-teen-doll-fDn44l7-1-860x860.jpg 860w, https:\/\/zxdoll.com\/wp-content\/uploads\/2024\/09\/sex-teen-doll-fDn44l7-1-430x430.jpg 430w, https:\/\/zxdoll.com\/wp-content\/uploads\/2024\/09\/sex-teen-doll-fDn44l7-1-700x700.jpg 700w, https:\/\/zxdoll.com\/wp-content\/uploads\/2024\/09\/sex-teen-doll-fDn44l7-1.jpg 1000w\" sizes=\"(max-width: 150px) 100vw, 150px\" title=\"\"><\/a><\/li><li><a data-fancybox=\"gallery846\" href=\"https:\/\/zxdoll.com\/wp-content\/uploads\/2024\/09\/sex-teen-doll-fDn44l8-1-800x800.jpg\" class=\"eig-popup\" title=\"\" data-caption=\"\" target=\"_blank\"><i class=\"icon-view\"><\/i><span class=\"overlay\"><\/span><img loading=\"lazy\" decoding=\"async\" width=\"150\" height=\"150\" src=\"https:\/\/zxdoll.com\/wp-content\/uploads\/2024\/09\/sex-teen-doll-fDn44l8-1-150x150.jpg\" class=\"attachment-thumbnail size-thumbnail\" alt=\"\" srcset=\"https:\/\/zxdoll.com\/wp-content\/uploads\/2024\/09\/sex-teen-doll-fDn44l8-1-150x150.jpg 150w, https:\/\/zxdoll.com\/wp-content\/uploads\/2024\/09\/sex-teen-doll-fDn44l8-1-300x300.jpg 300w, https:\/\/zxdoll.com\/wp-content\/uploads\/2024\/09\/sex-teen-doll-fDn44l8-1-800x800.jpg 800w, https:\/\/zxdoll.com\/wp-content\/uploads\/2024\/09\/sex-teen-doll-fDn44l8-1-768x768.jpg 768w, https:\/\/zxdoll.com\/wp-content\/uploads\/2024\/09\/sex-teen-doll-fDn44l8-1-12x12.jpg 12w, https:\/\/zxdoll.com\/wp-content\/uploads\/2024\/09\/sex-teen-doll-fDn44l8-1-860x860.jpg 860w, https:\/\/zxdoll.com\/wp-content\/uploads\/2024\/09\/sex-teen-doll-fDn44l8-1-430x430.jpg 430w, https:\/\/zxdoll.com\/wp-content\/uploads\/2024\/09\/sex-teen-doll-fDn44l8-1-700x700.jpg 700w, https:\/\/zxdoll.com\/wp-content\/uploads\/2024\/09\/sex-teen-doll-fDn44l8-1.jpg 1000w\" sizes=\"(max-width: 150px) 100vw, 150px\" title=\"\"><\/a><\/li><li><a data-fancybox=\"gallery846\" href=\"https:\/\/zxdoll.com\/wp-content\/uploads\/2024\/09\/sex-teen-doll-fDn44l9-1-800x800.jpg\" class=\"eig-popup\" title=\"\" data-caption=\"\" target=\"_blank\"><i class=\"icon-view\"><\/i><span class=\"overlay\"><\/span><img loading=\"lazy\" decoding=\"async\" width=\"150\" height=\"150\" src=\"https:\/\/zxdoll.com\/wp-content\/uploads\/2024\/09\/sex-teen-doll-fDn44l9-1-150x150.jpg\" class=\"attachment-thumbnail size-thumbnail\" alt=\"\" srcset=\"https:\/\/zxdoll.com\/wp-content\/uploads\/2024\/09\/sex-teen-doll-fDn44l9-1-150x150.jpg 150w, https:\/\/zxdoll.com\/wp-content\/uploads\/2024\/09\/sex-teen-doll-fDn44l9-1-300x300.jpg 300w, https:\/\/zxdoll.com\/wp-content\/uploads\/2024\/09\/sex-teen-doll-fDn44l9-1-800x800.jpg 800w, https:\/\/zxdoll.com\/wp-content\/uploads\/2024\/09\/sex-teen-doll-fDn44l9-1-768x768.jpg 768w, https:\/\/zxdoll.com\/wp-content\/uploads\/2024\/09\/sex-teen-doll-fDn44l9-1-12x12.jpg 12w, https:\/\/zxdoll.com\/wp-content\/uploads\/2024\/09\/sex-teen-doll-fDn44l9-1-860x860.jpg 860w, https:\/\/zxdoll.com\/wp-content\/uploads\/2024\/09\/sex-teen-doll-fDn44l9-1-430x430.jpg 430w, https:\/\/zxdoll.com\/wp-content\/uploads\/2024\/09\/sex-teen-doll-fDn44l9-1-700x700.jpg 700w, https:\/\/zxdoll.com\/wp-content\/uploads\/2024\/09\/sex-teen-doll-fDn44l9-1.jpg 1000w\" sizes=\"(max-width: 150px) 100vw, 150px\" title=\"\"><\/a><\/li><li><a data-fancybox=\"gallery846\" href=\"https:\/\/zxdoll.com\/wp-content\/uploads\/2024\/09\/sex-teen-doll-fDn44l10-1-800x800.jpg\" class=\"eig-popup\" title=\"\" data-caption=\"\" target=\"_blank\"><i class=\"icon-view\"><\/i><span class=\"overlay\"><\/span><img loading=\"lazy\" decoding=\"async\" width=\"150\" height=\"150\" src=\"https:\/\/zxdoll.com\/wp-content\/uploads\/2024\/09\/sex-teen-doll-fDn44l10-1-150x150.jpg\" class=\"attachment-thumbnail size-thumbnail\" alt=\"\" srcset=\"https:\/\/zxdoll.com\/wp-content\/uploads\/2024\/09\/sex-teen-doll-fDn44l10-1-150x150.jpg 150w, https:\/\/zxdoll.com\/wp-content\/uploads\/2024\/09\/sex-teen-doll-fDn44l10-1-300x300.jpg 300w, https:\/\/zxdoll.com\/wp-content\/uploads\/2024\/09\/sex-teen-doll-fDn44l10-1-800x800.jpg 800w, https:\/\/zxdoll.com\/wp-content\/uploads\/2024\/09\/sex-teen-doll-fDn44l10-1-768x768.jpg 768w, https:\/\/zxdoll.com\/wp-content\/uploads\/2024\/09\/sex-teen-doll-fDn44l10-1-12x12.jpg 12w, https:\/\/zxdoll.com\/wp-content\/uploads\/2024\/09\/sex-teen-doll-fDn44l10-1-860x860.jpg 860w, https:\/\/zxdoll.com\/wp-content\/uploads\/2024\/09\/sex-teen-doll-fDn44l10-1-430x430.jpg 430w, https:\/\/zxdoll.com\/wp-content\/uploads\/2024\/09\/sex-teen-doll-fDn44l10-1-700x700.jpg 700w, https:\/\/zxdoll.com\/wp-content\/uploads\/2024\/09\/sex-teen-doll-fDn44l10-1.jpg 1000w\" sizes=\"(max-width: 150px) 100vw, 150px\" title=\"\"><\/a><\/li><\/ul>\n<h4>M\u00e9rett\u00e1bl\u00e1zatok<\/h4>\n<table width=\"269\">\n<tbody>\n<tr>\n<td width=\"130\">Anyag<\/td>\n<td width=\"139\">TPR<\/td>\n<\/tr>\n<tr>\n<td>Magass\u00e1g<\/td>\n<td>37 cm<\/td>\n<\/tr>\n<tr>\n<td>Hossz<\/td>\n<td>39 cm<\/td>\n<\/tr>\n<tr>\n<td>Sz\u00e9less\u00e9g<\/td>\n<td>29 cm<\/td>\n<\/tr>\n<tr>\n<td>H\u00fcvely<\/td>\n<td>18 cm<\/td>\n<\/tr>\n<tr>\n<td>An\u00e1lis<\/td>\n<td>15 cm<\/td>\n<\/tr>\n<tr>\n<td width=\"130\">Nett\u00f3 t\u00f6meg<\/td>\n<td>11,83 kg<\/td>\n<\/tr>\n<\/tbody>\n<\/table>\n<h4>A szexbab\u00e1r\u00f3l<\/h4>\n<p>&nbsp;<\/p>","protected":false},"excerpt":{"rendered":"<p>Szexbaba k\u00e9pek M\u00e9rett\u00e1bl\u00e1zat Anyag TPR Magass\u00e1g 37 cm Hossz\u00fas\u00e1g 39 cm Sz\u00e9less\u00e9g 29 cm H\u00fcvely 18 cm An\u00e1lis<\/p>","protected":false},"featured_media":156871,"comment_status":"open","ping_status":"closed","template":"","meta":[],"product_brand":[],"product_cat":[234,149,194,227],"product_tag":[],"class_list":{"0":"post-156870","1":"product","2":"type-product","3":"status-publish","4":"has-post-thumbnail","6":"product_cat-234","7":"product_cat-below-139cm-sex-dolls","8":"product_cat-cheap-sex-doll-torso","9":"product_cat-under-25kg","10":"pa_brand-xise-doll","11":"tm-has-options","13":"first","14":"instock","15":"shipping-taxable","16":"purchasable","17":"product-type-simple"},"_links":{"self":[{"href":"https:\/\/zxdoll.com\/hu\/wp-json\/wp\/v2\/product\/156870","targetHints":{"allow":["GET"]}}],"collection":[{"href":"https:\/\/zxdoll.com\/hu\/wp-json\/wp\/v2\/product"}],"about":[{"href":"https:\/\/zxdoll.com\/hu\/wp-json\/wp\/v2\/types\/product"}],"replies":[{"embeddable":true,"href":"https:\/\/zxdoll.com\/hu\/wp-json\/wp\/v2\/comments?post=156870"}],"version-history":[{"count":3,"href":"https:\/\/zxdoll.com\/hu\/wp-json\/wp\/v2\/product\/156870\/revisions"}],"predecessor-version":[{"id":186415,"href":"https:\/\/zxdoll.com\/hu\/wp-json\/wp\/v2\/product\/156870\/revisions\/186415"}],"wp:featuredmedia":[{"embeddable":true,"href":"https:\/\/zxdoll.com\/hu\/wp-json\/wp\/v2\/media\/156871"}],"wp:attachment":[{"href":"https:\/\/zxdoll.com\/hu\/wp-json\/wp\/v2\/media?parent=156870"}],"wp:term":[{"taxonomy":"product_brand","embeddable":true,"href":"https:\/\/zxdoll.com\/hu\/wp-json\/wp\/v2\/product_brand?post=156870"},{"taxonomy":"product_cat","embeddable":true,"href":"https:\/\/zxdoll.com\/hu\/wp-json\/wp\/v2\/product_cat?post=156870"},{"taxonomy":"product_tag","embeddable":true,"href":"https:\/\/zxdoll.com\/hu\/wp-json\/wp\/v2\/product_tag?post=156870"}],"curies":[{"name":"wp","href":"https:\/\/api.w.org\/{rel}","templated":true}]}}