{"id":156777,"date":"2024-09-12T23:04:29","date_gmt":"2024-09-12T15:04:29","guid":{"rendered":"https:\/\/zxdoll.com\/?post_type=product&#038;p=156777"},"modified":"2024-10-16T03:19:08","modified_gmt":"2024-10-15T19:19:08","slug":"cyberskin-cyber-chic-sex-doll","status":"publish","type":"product","link":"https:\/\/zxdoll.com\/hu\/product\/cyberskin-cyber-chic-sex-doll\/","title":{"rendered":"Cyberskin Cyber Chic Sex Doll Sarah 6,88 h\u00fcvelykes"},"content":{"rendered":"<h4><strong>Szexbaba k\u00e9pek<\/strong><\/h4>\n\t                <ul class=\"easy-image-gallery thumbnails-9 linked\">\r\n                    <li><a data-fancybox=\"gallery285\" href=\"https:\/\/zxdoll.com\/wp-content\/uploads\/2024\/09\/doll-love-sex-jVy98y1-800x800.jpg\" class=\"eig-popup\" title=\"\" data-caption=\"\" target=\"_blank\"><i class=\"icon-view\"><\/i><span class=\"overlay\"><\/span><img decoding=\"async\" width=\"150\" height=\"150\" src=\"https:\/\/zxdoll.com\/wp-content\/uploads\/2024\/09\/doll-love-sex-jVy98y1-150x150.jpg\" class=\"attachment-thumbnail size-thumbnail\" alt=\"\" srcset=\"https:\/\/zxdoll.com\/wp-content\/uploads\/2024\/09\/doll-love-sex-jVy98y1-150x150.jpg 150w, https:\/\/zxdoll.com\/wp-content\/uploads\/2024\/09\/doll-love-sex-jVy98y1-300x300.jpg 300w, https:\/\/zxdoll.com\/wp-content\/uploads\/2024\/09\/doll-love-sex-jVy98y1-800x800.jpg 800w, https:\/\/zxdoll.com\/wp-content\/uploads\/2024\/09\/doll-love-sex-jVy98y1-768x768.jpg 768w, https:\/\/zxdoll.com\/wp-content\/uploads\/2024\/09\/doll-love-sex-jVy98y1-12x12.jpg 12w, https:\/\/zxdoll.com\/wp-content\/uploads\/2024\/09\/doll-love-sex-jVy98y1-860x860.jpg 860w, https:\/\/zxdoll.com\/wp-content\/uploads\/2024\/09\/doll-love-sex-jVy98y1-430x430.jpg 430w, https:\/\/zxdoll.com\/wp-content\/uploads\/2024\/09\/doll-love-sex-jVy98y1-700x700.jpg 700w, https:\/\/zxdoll.com\/wp-content\/uploads\/2024\/09\/doll-love-sex-jVy98y1.jpg 1000w\" sizes=\"(max-width: 150px) 100vw, 150px\" title=\"\"><\/a><\/li><li><a data-fancybox=\"gallery285\" href=\"https:\/\/zxdoll.com\/wp-content\/uploads\/2024\/09\/doll-love-sex-jVy98y2-800x800.jpg\" class=\"eig-popup\" title=\"\" data-caption=\"\" target=\"_blank\"><i class=\"icon-view\"><\/i><span class=\"overlay\"><\/span><img decoding=\"async\" width=\"150\" height=\"150\" src=\"https:\/\/zxdoll.com\/wp-content\/uploads\/2024\/09\/doll-love-sex-jVy98y2-150x150.jpg\" class=\"attachment-thumbnail size-thumbnail\" alt=\"\" srcset=\"https:\/\/zxdoll.com\/wp-content\/uploads\/2024\/09\/doll-love-sex-jVy98y2-150x150.jpg 150w, https:\/\/zxdoll.com\/wp-content\/uploads\/2024\/09\/doll-love-sex-jVy98y2-300x300.jpg 300w, https:\/\/zxdoll.com\/wp-content\/uploads\/2024\/09\/doll-love-sex-jVy98y2-800x800.jpg 800w, https:\/\/zxdoll.com\/wp-content\/uploads\/2024\/09\/doll-love-sex-jVy98y2-768x768.jpg 768w, https:\/\/zxdoll.com\/wp-content\/uploads\/2024\/09\/doll-love-sex-jVy98y2-12x12.jpg 12w, https:\/\/zxdoll.com\/wp-content\/uploads\/2024\/09\/doll-love-sex-jVy98y2-860x860.jpg 860w, https:\/\/zxdoll.com\/wp-content\/uploads\/2024\/09\/doll-love-sex-jVy98y2-430x430.jpg 430w, https:\/\/zxdoll.com\/wp-content\/uploads\/2024\/09\/doll-love-sex-jVy98y2-700x700.jpg 700w, https:\/\/zxdoll.com\/wp-content\/uploads\/2024\/09\/doll-love-sex-jVy98y2.jpg 1000w\" sizes=\"(max-width: 150px) 100vw, 150px\" title=\"\"><\/a><\/li><li><a data-fancybox=\"gallery285\" href=\"https:\/\/zxdoll.com\/wp-content\/uploads\/2024\/09\/doll-love-sex-jVy98y3-800x800.jpg\" class=\"eig-popup\" title=\"\" data-caption=\"\" target=\"_blank\"><i class=\"icon-view\"><\/i><span class=\"overlay\"><\/span><img decoding=\"async\" width=\"150\" height=\"150\" src=\"https:\/\/zxdoll.com\/wp-content\/uploads\/2024\/09\/doll-love-sex-jVy98y3-150x150.jpg\" class=\"attachment-thumbnail size-thumbnail\" alt=\"\" srcset=\"https:\/\/zxdoll.com\/wp-content\/uploads\/2024\/09\/doll-love-sex-jVy98y3-150x150.jpg 150w, https:\/\/zxdoll.com\/wp-content\/uploads\/2024\/09\/doll-love-sex-jVy98y3-300x300.jpg 300w, https:\/\/zxdoll.com\/wp-content\/uploads\/2024\/09\/doll-love-sex-jVy98y3-800x800.jpg 800w, https:\/\/zxdoll.com\/wp-content\/uploads\/2024\/09\/doll-love-sex-jVy98y3-768x768.jpg 768w, https:\/\/zxdoll.com\/wp-content\/uploads\/2024\/09\/doll-love-sex-jVy98y3-12x12.jpg 12w, https:\/\/zxdoll.com\/wp-content\/uploads\/2024\/09\/doll-love-sex-jVy98y3-860x860.jpg 860w, https:\/\/zxdoll.com\/wp-content\/uploads\/2024\/09\/doll-love-sex-jVy98y3-430x430.jpg 430w, https:\/\/zxdoll.com\/wp-content\/uploads\/2024\/09\/doll-love-sex-jVy98y3-700x700.jpg 700w, https:\/\/zxdoll.com\/wp-content\/uploads\/2024\/09\/doll-love-sex-jVy98y3.jpg 1000w\" sizes=\"(max-width: 150px) 100vw, 150px\" title=\"\"><\/a><\/li><li><a data-fancybox=\"gallery285\" href=\"https:\/\/zxdoll.com\/wp-content\/uploads\/2024\/09\/doll-love-sex-jVy98y4-800x800.jpg\" class=\"eig-popup\" title=\"\" data-caption=\"\" target=\"_blank\"><i class=\"icon-view\"><\/i><span class=\"overlay\"><\/span><img loading=\"lazy\" decoding=\"async\" width=\"150\" height=\"150\" src=\"https:\/\/zxdoll.com\/wp-content\/uploads\/2024\/09\/doll-love-sex-jVy98y4-150x150.jpg\" class=\"attachment-thumbnail size-thumbnail\" alt=\"\" srcset=\"https:\/\/zxdoll.com\/wp-content\/uploads\/2024\/09\/doll-love-sex-jVy98y4-150x150.jpg 150w, https:\/\/zxdoll.com\/wp-content\/uploads\/2024\/09\/doll-love-sex-jVy98y4-300x300.jpg 300w, https:\/\/zxdoll.com\/wp-content\/uploads\/2024\/09\/doll-love-sex-jVy98y4-800x800.jpg 800w, https:\/\/zxdoll.com\/wp-content\/uploads\/2024\/09\/doll-love-sex-jVy98y4-768x768.jpg 768w, https:\/\/zxdoll.com\/wp-content\/uploads\/2024\/09\/doll-love-sex-jVy98y4-12x12.jpg 12w, https:\/\/zxdoll.com\/wp-content\/uploads\/2024\/09\/doll-love-sex-jVy98y4-860x860.jpg 860w, https:\/\/zxdoll.com\/wp-content\/uploads\/2024\/09\/doll-love-sex-jVy98y4-430x430.jpg 430w, https:\/\/zxdoll.com\/wp-content\/uploads\/2024\/09\/doll-love-sex-jVy98y4-700x700.jpg 700w, https:\/\/zxdoll.com\/wp-content\/uploads\/2024\/09\/doll-love-sex-jVy98y4.jpg 1000w\" sizes=\"(max-width: 150px) 100vw, 150px\" title=\"\"><\/a><\/li><li><a data-fancybox=\"gallery285\" href=\"https:\/\/zxdoll.com\/wp-content\/uploads\/2024\/09\/doll-love-sex-jVy98y5-800x800.jpg\" class=\"eig-popup\" title=\"\" data-caption=\"\" target=\"_blank\"><i class=\"icon-view\"><\/i><span class=\"overlay\"><\/span><img loading=\"lazy\" decoding=\"async\" width=\"150\" height=\"150\" src=\"https:\/\/zxdoll.com\/wp-content\/uploads\/2024\/09\/doll-love-sex-jVy98y5-150x150.jpg\" class=\"attachment-thumbnail size-thumbnail\" alt=\"\" srcset=\"https:\/\/zxdoll.com\/wp-content\/uploads\/2024\/09\/doll-love-sex-jVy98y5-150x150.jpg 150w, https:\/\/zxdoll.com\/wp-content\/uploads\/2024\/09\/doll-love-sex-jVy98y5-300x300.jpg 300w, https:\/\/zxdoll.com\/wp-content\/uploads\/2024\/09\/doll-love-sex-jVy98y5-800x800.jpg 800w, https:\/\/zxdoll.com\/wp-content\/uploads\/2024\/09\/doll-love-sex-jVy98y5-768x768.jpg 768w, https:\/\/zxdoll.com\/wp-content\/uploads\/2024\/09\/doll-love-sex-jVy98y5-12x12.jpg 12w, https:\/\/zxdoll.com\/wp-content\/uploads\/2024\/09\/doll-love-sex-jVy98y5-860x860.jpg 860w, https:\/\/zxdoll.com\/wp-content\/uploads\/2024\/09\/doll-love-sex-jVy98y5-430x430.jpg 430w, https:\/\/zxdoll.com\/wp-content\/uploads\/2024\/09\/doll-love-sex-jVy98y5-700x700.jpg 700w, https:\/\/zxdoll.com\/wp-content\/uploads\/2024\/09\/doll-love-sex-jVy98y5.jpg 1000w\" sizes=\"(max-width: 150px) 100vw, 150px\" title=\"\"><\/a><\/li><li><a data-fancybox=\"gallery285\" href=\"https:\/\/zxdoll.com\/wp-content\/uploads\/2024\/09\/doll-love-sex-jVy98y6-800x800.jpg\" class=\"eig-popup\" title=\"\" data-caption=\"\" target=\"_blank\"><i class=\"icon-view\"><\/i><span class=\"overlay\"><\/span><img loading=\"lazy\" decoding=\"async\" width=\"150\" height=\"150\" src=\"https:\/\/zxdoll.com\/wp-content\/uploads\/2024\/09\/doll-love-sex-jVy98y6-150x150.jpg\" class=\"attachment-thumbnail size-thumbnail\" alt=\"\" srcset=\"https:\/\/zxdoll.com\/wp-content\/uploads\/2024\/09\/doll-love-sex-jVy98y6-150x150.jpg 150w, https:\/\/zxdoll.com\/wp-content\/uploads\/2024\/09\/doll-love-sex-jVy98y6-300x300.jpg 300w, https:\/\/zxdoll.com\/wp-content\/uploads\/2024\/09\/doll-love-sex-jVy98y6-800x800.jpg 800w, https:\/\/zxdoll.com\/wp-content\/uploads\/2024\/09\/doll-love-sex-jVy98y6-768x768.jpg 768w, https:\/\/zxdoll.com\/wp-content\/uploads\/2024\/09\/doll-love-sex-jVy98y6-12x12.jpg 12w, https:\/\/zxdoll.com\/wp-content\/uploads\/2024\/09\/doll-love-sex-jVy98y6-860x860.jpg 860w, https:\/\/zxdoll.com\/wp-content\/uploads\/2024\/09\/doll-love-sex-jVy98y6-430x430.jpg 430w, https:\/\/zxdoll.com\/wp-content\/uploads\/2024\/09\/doll-love-sex-jVy98y6-700x700.jpg 700w, https:\/\/zxdoll.com\/wp-content\/uploads\/2024\/09\/doll-love-sex-jVy98y6.jpg 1000w\" sizes=\"(max-width: 150px) 100vw, 150px\" title=\"\"><\/a><\/li><li><a data-fancybox=\"gallery285\" href=\"https:\/\/zxdoll.com\/wp-content\/uploads\/2024\/09\/doll-love-sex-jVy98y7-800x800.jpg\" class=\"eig-popup\" title=\"\" data-caption=\"\" target=\"_blank\"><i class=\"icon-view\"><\/i><span class=\"overlay\"><\/span><img loading=\"lazy\" decoding=\"async\" width=\"150\" height=\"150\" src=\"https:\/\/zxdoll.com\/wp-content\/uploads\/2024\/09\/doll-love-sex-jVy98y7-150x150.jpg\" class=\"attachment-thumbnail size-thumbnail\" alt=\"\" srcset=\"https:\/\/zxdoll.com\/wp-content\/uploads\/2024\/09\/doll-love-sex-jVy98y7-150x150.jpg 150w, https:\/\/zxdoll.com\/wp-content\/uploads\/2024\/09\/doll-love-sex-jVy98y7-300x300.jpg 300w, https:\/\/zxdoll.com\/wp-content\/uploads\/2024\/09\/doll-love-sex-jVy98y7-800x800.jpg 800w, https:\/\/zxdoll.com\/wp-content\/uploads\/2024\/09\/doll-love-sex-jVy98y7-768x768.jpg 768w, https:\/\/zxdoll.com\/wp-content\/uploads\/2024\/09\/doll-love-sex-jVy98y7-12x12.jpg 12w, https:\/\/zxdoll.com\/wp-content\/uploads\/2024\/09\/doll-love-sex-jVy98y7-860x860.jpg 860w, https:\/\/zxdoll.com\/wp-content\/uploads\/2024\/09\/doll-love-sex-jVy98y7-430x430.jpg 430w, https:\/\/zxdoll.com\/wp-content\/uploads\/2024\/09\/doll-love-sex-jVy98y7-700x700.jpg 700w, https:\/\/zxdoll.com\/wp-content\/uploads\/2024\/09\/doll-love-sex-jVy98y7.jpg 1000w\" sizes=\"(max-width: 150px) 100vw, 150px\" title=\"\"><\/a><\/li><li><a data-fancybox=\"gallery285\" href=\"https:\/\/zxdoll.com\/wp-content\/uploads\/2024\/09\/doll-love-sex-jVy98y8-800x800.jpg\" class=\"eig-popup\" title=\"\" data-caption=\"\" target=\"_blank\"><i class=\"icon-view\"><\/i><span class=\"overlay\"><\/span><img loading=\"lazy\" decoding=\"async\" width=\"150\" height=\"150\" src=\"https:\/\/zxdoll.com\/wp-content\/uploads\/2024\/09\/doll-love-sex-jVy98y8-150x150.jpg\" class=\"attachment-thumbnail size-thumbnail\" alt=\"\" srcset=\"https:\/\/zxdoll.com\/wp-content\/uploads\/2024\/09\/doll-love-sex-jVy98y8-150x150.jpg 150w, https:\/\/zxdoll.com\/wp-content\/uploads\/2024\/09\/doll-love-sex-jVy98y8-300x300.jpg 300w, https:\/\/zxdoll.com\/wp-content\/uploads\/2024\/09\/doll-love-sex-jVy98y8-800x800.jpg 800w, https:\/\/zxdoll.com\/wp-content\/uploads\/2024\/09\/doll-love-sex-jVy98y8-768x768.jpg 768w, https:\/\/zxdoll.com\/wp-content\/uploads\/2024\/09\/doll-love-sex-jVy98y8-12x12.jpg 12w, https:\/\/zxdoll.com\/wp-content\/uploads\/2024\/09\/doll-love-sex-jVy98y8-860x860.jpg 860w, https:\/\/zxdoll.com\/wp-content\/uploads\/2024\/09\/doll-love-sex-jVy98y8-430x430.jpg 430w, https:\/\/zxdoll.com\/wp-content\/uploads\/2024\/09\/doll-love-sex-jVy98y8-700x700.jpg 700w, https:\/\/zxdoll.com\/wp-content\/uploads\/2024\/09\/doll-love-sex-jVy98y8.jpg 1000w\" sizes=\"(max-width: 150px) 100vw, 150px\" title=\"\"><\/a><\/li><li><a data-fancybox=\"gallery285\" href=\"https:\/\/zxdoll.com\/wp-content\/uploads\/2024\/09\/doll-love-sex-jVy98y9-800x800.jpg\" class=\"eig-popup\" title=\"\" data-caption=\"\" target=\"_blank\"><i class=\"icon-view\"><\/i><span class=\"overlay\"><\/span><img loading=\"lazy\" decoding=\"async\" width=\"150\" height=\"150\" src=\"https:\/\/zxdoll.com\/wp-content\/uploads\/2024\/09\/doll-love-sex-jVy98y9-150x150.jpg\" class=\"attachment-thumbnail size-thumbnail\" alt=\"\" srcset=\"https:\/\/zxdoll.com\/wp-content\/uploads\/2024\/09\/doll-love-sex-jVy98y9-150x150.jpg 150w, https:\/\/zxdoll.com\/wp-content\/uploads\/2024\/09\/doll-love-sex-jVy98y9-300x300.jpg 300w, https:\/\/zxdoll.com\/wp-content\/uploads\/2024\/09\/doll-love-sex-jVy98y9-800x800.jpg 800w, https:\/\/zxdoll.com\/wp-content\/uploads\/2024\/09\/doll-love-sex-jVy98y9-768x768.jpg 768w, https:\/\/zxdoll.com\/wp-content\/uploads\/2024\/09\/doll-love-sex-jVy98y9-12x12.jpg 12w, https:\/\/zxdoll.com\/wp-content\/uploads\/2024\/09\/doll-love-sex-jVy98y9-860x860.jpg 860w, https:\/\/zxdoll.com\/wp-content\/uploads\/2024\/09\/doll-love-sex-jVy98y9-430x430.jpg 430w, https:\/\/zxdoll.com\/wp-content\/uploads\/2024\/09\/doll-love-sex-jVy98y9-700x700.jpg 700w, https:\/\/zxdoll.com\/wp-content\/uploads\/2024\/09\/doll-love-sex-jVy98y9.jpg 1000w\" sizes=\"(max-width: 150px) 100vw, 150px\" title=\"\"><\/a><\/li><\/ul>\n<h4>M\u00e9rett\u00e1bl\u00e1zatok<\/h4>\n<table width=\"269\">\n<tbody>\n<tr>\n<td width=\"130\">Anyag<\/td>\n<td width=\"139\">TPR<\/td>\n<\/tr>\n<tr>\n<td>Magass\u00e1g<\/td>\n<td>6.88 inch<\/td>\n<\/tr>\n<tr>\n<td>Hossz<\/td>\n<td>7.48 inch<\/td>\n<\/tr>\n<tr>\n<td>Sz\u00e9less\u00e9g<\/td>\n<td>5.31 inch<\/td>\n<\/tr>\n<tr>\n<td>H\u00fcvely<\/td>\n<td>5.08 inch<\/td>\n<\/tr>\n<tr>\n<td>An\u00e1lis<\/td>\n<td>4,90 h\u00fcvelyk<\/td>\n<\/tr>\n<tr>\n<td width=\"130\">Nett\u00f3 t\u00f6meg<\/td>\n<td>5.73 lb<\/td>\n<\/tr>\n<\/tbody>\n<\/table>\n<h4>A szexbab\u00e1r\u00f3l<\/h4>\n<p>&nbsp;<\/p>","protected":false},"excerpt":{"rendered":"<p>Sex Doll Images Size Charts Material TPR Height 6.88 inch Length 7.48 inch Width 5.31 inch Vagina 5.08 inch Anal<\/p>","protected":false},"featured_media":156784,"comment_status":"open","ping_status":"closed","template":"","meta":[],"product_brand":[],"product_cat":[234,194],"product_tag":[],"class_list":{"0":"post-156777","1":"product","2":"type-product","3":"status-publish","4":"has-post-thumbnail","6":"product_cat-234","7":"product_cat-cheap-sex-doll-torso","8":"pa_brand-xise-doll","9":"tm-has-options","11":"first","12":"instock","13":"shipping-taxable","14":"purchasable","15":"product-type-simple"},"_links":{"self":[{"href":"https:\/\/zxdoll.com\/hu\/wp-json\/wp\/v2\/product\/156777","targetHints":{"allow":["GET"]}}],"collection":[{"href":"https:\/\/zxdoll.com\/hu\/wp-json\/wp\/v2\/product"}],"about":[{"href":"https:\/\/zxdoll.com\/hu\/wp-json\/wp\/v2\/types\/product"}],"replies":[{"embeddable":true,"href":"https:\/\/zxdoll.com\/hu\/wp-json\/wp\/v2\/comments?post=156777"}],"version-history":[{"count":5,"href":"https:\/\/zxdoll.com\/hu\/wp-json\/wp\/v2\/product\/156777\/revisions"}],"predecessor-version":[{"id":186583,"href":"https:\/\/zxdoll.com\/hu\/wp-json\/wp\/v2\/product\/156777\/revisions\/186583"}],"wp:featuredmedia":[{"embeddable":true,"href":"https:\/\/zxdoll.com\/hu\/wp-json\/wp\/v2\/media\/156784"}],"wp:attachment":[{"href":"https:\/\/zxdoll.com\/hu\/wp-json\/wp\/v2\/media?parent=156777"}],"wp:term":[{"taxonomy":"product_brand","embeddable":true,"href":"https:\/\/zxdoll.com\/hu\/wp-json\/wp\/v2\/product_brand?post=156777"},{"taxonomy":"product_cat","embeddable":true,"href":"https:\/\/zxdoll.com\/hu\/wp-json\/wp\/v2\/product_cat?post=156777"},{"taxonomy":"product_tag","embeddable":true,"href":"https:\/\/zxdoll.com\/hu\/wp-json\/wp\/v2\/product_tag?post=156777"}],"curies":[{"name":"wp","href":"https:\/\/api.w.org\/{rel}","templated":true}]}}