{"id":156462,"date":"2024-09-12T20:09:30","date_gmt":"2024-09-12T12:09:30","guid":{"rendered":"https:\/\/zxdoll.com\/?post_type=product&#038;p=156462"},"modified":"2024-10-01T02:05:03","modified_gmt":"2024-09-30T18:05:03","slug":"getting-fucked-by-sex-doll","status":"publish","type":"product","link":"https:\/\/zxdoll.com\/hu\/product\/getting-fucked-by-sex-doll\/","title":{"rendered":"Egyre szex baba Ellie 14,56 h\u00fcvelykes"},"content":{"rendered":"<h4><strong>Szexbaba k\u00e9pek<\/strong><\/h4>\n\t                <ul class=\"easy-image-gallery thumbnails-9 linked\">\r\n                    <li><a data-fancybox=\"gallery776\" href=\"https:\/\/zxdoll.com\/wp-content\/uploads\/2024\/09\/hand-sex-doll-kMb63r1-800x800.jpg\" class=\"eig-popup\" title=\"\" data-caption=\"\" target=\"_blank\"><i class=\"icon-view\"><\/i><span class=\"overlay\"><\/span><img decoding=\"async\" width=\"150\" height=\"150\" src=\"https:\/\/zxdoll.com\/wp-content\/uploads\/2024\/09\/hand-sex-doll-kMb63r1-150x150.jpg\" class=\"attachment-thumbnail size-thumbnail\" alt=\"\" srcset=\"https:\/\/zxdoll.com\/wp-content\/uploads\/2024\/09\/hand-sex-doll-kMb63r1-150x150.jpg 150w, https:\/\/zxdoll.com\/wp-content\/uploads\/2024\/09\/hand-sex-doll-kMb63r1-300x300.jpg 300w, https:\/\/zxdoll.com\/wp-content\/uploads\/2024\/09\/hand-sex-doll-kMb63r1-800x800.jpg 800w, https:\/\/zxdoll.com\/wp-content\/uploads\/2024\/09\/hand-sex-doll-kMb63r1-768x768.jpg 768w, https:\/\/zxdoll.com\/wp-content\/uploads\/2024\/09\/hand-sex-doll-kMb63r1-12x12.jpg 12w, https:\/\/zxdoll.com\/wp-content\/uploads\/2024\/09\/hand-sex-doll-kMb63r1-860x860.jpg 860w, https:\/\/zxdoll.com\/wp-content\/uploads\/2024\/09\/hand-sex-doll-kMb63r1-430x430.jpg 430w, https:\/\/zxdoll.com\/wp-content\/uploads\/2024\/09\/hand-sex-doll-kMb63r1-700x700.jpg 700w, https:\/\/zxdoll.com\/wp-content\/uploads\/2024\/09\/hand-sex-doll-kMb63r1.jpg 1000w\" sizes=\"(max-width: 150px) 100vw, 150px\" title=\"\"><\/a><\/li><li><a data-fancybox=\"gallery776\" href=\"https:\/\/zxdoll.com\/wp-content\/uploads\/2024\/09\/hand-sex-doll-kMb63r2-800x800.jpg\" class=\"eig-popup\" title=\"\" data-caption=\"\" target=\"_blank\"><i class=\"icon-view\"><\/i><span class=\"overlay\"><\/span><img decoding=\"async\" width=\"150\" height=\"150\" src=\"https:\/\/zxdoll.com\/wp-content\/uploads\/2024\/09\/hand-sex-doll-kMb63r2-150x150.jpg\" class=\"attachment-thumbnail size-thumbnail\" alt=\"\" srcset=\"https:\/\/zxdoll.com\/wp-content\/uploads\/2024\/09\/hand-sex-doll-kMb63r2-150x150.jpg 150w, https:\/\/zxdoll.com\/wp-content\/uploads\/2024\/09\/hand-sex-doll-kMb63r2-300x300.jpg 300w, https:\/\/zxdoll.com\/wp-content\/uploads\/2024\/09\/hand-sex-doll-kMb63r2-800x800.jpg 800w, https:\/\/zxdoll.com\/wp-content\/uploads\/2024\/09\/hand-sex-doll-kMb63r2-768x768.jpg 768w, https:\/\/zxdoll.com\/wp-content\/uploads\/2024\/09\/hand-sex-doll-kMb63r2-12x12.jpg 12w, https:\/\/zxdoll.com\/wp-content\/uploads\/2024\/09\/hand-sex-doll-kMb63r2-860x860.jpg 860w, https:\/\/zxdoll.com\/wp-content\/uploads\/2024\/09\/hand-sex-doll-kMb63r2-430x430.jpg 430w, https:\/\/zxdoll.com\/wp-content\/uploads\/2024\/09\/hand-sex-doll-kMb63r2-700x700.jpg 700w, https:\/\/zxdoll.com\/wp-content\/uploads\/2024\/09\/hand-sex-doll-kMb63r2.jpg 1000w\" sizes=\"(max-width: 150px) 100vw, 150px\" title=\"\"><\/a><\/li><li><a data-fancybox=\"gallery776\" href=\"https:\/\/zxdoll.com\/wp-content\/uploads\/2024\/09\/hand-sex-doll-kMb63r3-800x800.jpg\" class=\"eig-popup\" title=\"\" data-caption=\"\" target=\"_blank\"><i class=\"icon-view\"><\/i><span class=\"overlay\"><\/span><img decoding=\"async\" width=\"150\" height=\"150\" src=\"https:\/\/zxdoll.com\/wp-content\/uploads\/2024\/09\/hand-sex-doll-kMb63r3-150x150.jpg\" class=\"attachment-thumbnail size-thumbnail\" alt=\"\" srcset=\"https:\/\/zxdoll.com\/wp-content\/uploads\/2024\/09\/hand-sex-doll-kMb63r3-150x150.jpg 150w, https:\/\/zxdoll.com\/wp-content\/uploads\/2024\/09\/hand-sex-doll-kMb63r3-300x300.jpg 300w, https:\/\/zxdoll.com\/wp-content\/uploads\/2024\/09\/hand-sex-doll-kMb63r3-800x800.jpg 800w, https:\/\/zxdoll.com\/wp-content\/uploads\/2024\/09\/hand-sex-doll-kMb63r3-768x768.jpg 768w, https:\/\/zxdoll.com\/wp-content\/uploads\/2024\/09\/hand-sex-doll-kMb63r3-12x12.jpg 12w, https:\/\/zxdoll.com\/wp-content\/uploads\/2024\/09\/hand-sex-doll-kMb63r3-860x860.jpg 860w, https:\/\/zxdoll.com\/wp-content\/uploads\/2024\/09\/hand-sex-doll-kMb63r3-430x430.jpg 430w, https:\/\/zxdoll.com\/wp-content\/uploads\/2024\/09\/hand-sex-doll-kMb63r3-700x700.jpg 700w, https:\/\/zxdoll.com\/wp-content\/uploads\/2024\/09\/hand-sex-doll-kMb63r3.jpg 1000w\" sizes=\"(max-width: 150px) 100vw, 150px\" title=\"\"><\/a><\/li><li><a data-fancybox=\"gallery776\" href=\"https:\/\/zxdoll.com\/wp-content\/uploads\/2024\/09\/hand-sex-doll-kMb63r4-800x800.jpg\" class=\"eig-popup\" title=\"\" data-caption=\"\" target=\"_blank\"><i class=\"icon-view\"><\/i><span class=\"overlay\"><\/span><img loading=\"lazy\" decoding=\"async\" width=\"150\" height=\"150\" src=\"https:\/\/zxdoll.com\/wp-content\/uploads\/2024\/09\/hand-sex-doll-kMb63r4-150x150.jpg\" class=\"attachment-thumbnail size-thumbnail\" alt=\"\" srcset=\"https:\/\/zxdoll.com\/wp-content\/uploads\/2024\/09\/hand-sex-doll-kMb63r4-150x150.jpg 150w, https:\/\/zxdoll.com\/wp-content\/uploads\/2024\/09\/hand-sex-doll-kMb63r4-300x300.jpg 300w, https:\/\/zxdoll.com\/wp-content\/uploads\/2024\/09\/hand-sex-doll-kMb63r4-800x800.jpg 800w, https:\/\/zxdoll.com\/wp-content\/uploads\/2024\/09\/hand-sex-doll-kMb63r4-768x768.jpg 768w, https:\/\/zxdoll.com\/wp-content\/uploads\/2024\/09\/hand-sex-doll-kMb63r4-12x12.jpg 12w, https:\/\/zxdoll.com\/wp-content\/uploads\/2024\/09\/hand-sex-doll-kMb63r4-860x860.jpg 860w, https:\/\/zxdoll.com\/wp-content\/uploads\/2024\/09\/hand-sex-doll-kMb63r4-430x430.jpg 430w, https:\/\/zxdoll.com\/wp-content\/uploads\/2024\/09\/hand-sex-doll-kMb63r4-700x700.jpg 700w, https:\/\/zxdoll.com\/wp-content\/uploads\/2024\/09\/hand-sex-doll-kMb63r4.jpg 1000w\" sizes=\"(max-width: 150px) 100vw, 150px\" title=\"\"><\/a><\/li><li><a data-fancybox=\"gallery776\" href=\"https:\/\/zxdoll.com\/wp-content\/uploads\/2024\/09\/hand-sex-doll-kMb63r5-800x800.jpg\" class=\"eig-popup\" title=\"\" data-caption=\"\" target=\"_blank\"><i class=\"icon-view\"><\/i><span class=\"overlay\"><\/span><img loading=\"lazy\" decoding=\"async\" width=\"150\" height=\"150\" src=\"https:\/\/zxdoll.com\/wp-content\/uploads\/2024\/09\/hand-sex-doll-kMb63r5-150x150.jpg\" class=\"attachment-thumbnail size-thumbnail\" alt=\"\" srcset=\"https:\/\/zxdoll.com\/wp-content\/uploads\/2024\/09\/hand-sex-doll-kMb63r5-150x150.jpg 150w, https:\/\/zxdoll.com\/wp-content\/uploads\/2024\/09\/hand-sex-doll-kMb63r5-300x300.jpg 300w, https:\/\/zxdoll.com\/wp-content\/uploads\/2024\/09\/hand-sex-doll-kMb63r5-800x800.jpg 800w, https:\/\/zxdoll.com\/wp-content\/uploads\/2024\/09\/hand-sex-doll-kMb63r5-768x768.jpg 768w, https:\/\/zxdoll.com\/wp-content\/uploads\/2024\/09\/hand-sex-doll-kMb63r5-12x12.jpg 12w, https:\/\/zxdoll.com\/wp-content\/uploads\/2024\/09\/hand-sex-doll-kMb63r5-860x860.jpg 860w, https:\/\/zxdoll.com\/wp-content\/uploads\/2024\/09\/hand-sex-doll-kMb63r5-430x430.jpg 430w, https:\/\/zxdoll.com\/wp-content\/uploads\/2024\/09\/hand-sex-doll-kMb63r5-700x700.jpg 700w, https:\/\/zxdoll.com\/wp-content\/uploads\/2024\/09\/hand-sex-doll-kMb63r5.jpg 1000w\" sizes=\"(max-width: 150px) 100vw, 150px\" title=\"\"><\/a><\/li><li><a data-fancybox=\"gallery776\" href=\"https:\/\/zxdoll.com\/wp-content\/uploads\/2024\/09\/hand-sex-doll-kMb63r6-800x800.jpg\" class=\"eig-popup\" title=\"\" data-caption=\"\" target=\"_blank\"><i class=\"icon-view\"><\/i><span class=\"overlay\"><\/span><img loading=\"lazy\" decoding=\"async\" width=\"150\" height=\"150\" src=\"https:\/\/zxdoll.com\/wp-content\/uploads\/2024\/09\/hand-sex-doll-kMb63r6-150x150.jpg\" class=\"attachment-thumbnail size-thumbnail\" alt=\"\" srcset=\"https:\/\/zxdoll.com\/wp-content\/uploads\/2024\/09\/hand-sex-doll-kMb63r6-150x150.jpg 150w, https:\/\/zxdoll.com\/wp-content\/uploads\/2024\/09\/hand-sex-doll-kMb63r6-300x300.jpg 300w, https:\/\/zxdoll.com\/wp-content\/uploads\/2024\/09\/hand-sex-doll-kMb63r6-800x800.jpg 800w, https:\/\/zxdoll.com\/wp-content\/uploads\/2024\/09\/hand-sex-doll-kMb63r6-768x768.jpg 768w, https:\/\/zxdoll.com\/wp-content\/uploads\/2024\/09\/hand-sex-doll-kMb63r6-12x12.jpg 12w, https:\/\/zxdoll.com\/wp-content\/uploads\/2024\/09\/hand-sex-doll-kMb63r6-860x860.jpg 860w, https:\/\/zxdoll.com\/wp-content\/uploads\/2024\/09\/hand-sex-doll-kMb63r6-430x430.jpg 430w, https:\/\/zxdoll.com\/wp-content\/uploads\/2024\/09\/hand-sex-doll-kMb63r6-700x700.jpg 700w, https:\/\/zxdoll.com\/wp-content\/uploads\/2024\/09\/hand-sex-doll-kMb63r6.jpg 1000w\" sizes=\"(max-width: 150px) 100vw, 150px\" title=\"\"><\/a><\/li><li><a data-fancybox=\"gallery776\" href=\"https:\/\/zxdoll.com\/wp-content\/uploads\/2024\/09\/hand-sex-doll-kMb63r7-800x800.jpg\" class=\"eig-popup\" title=\"\" data-caption=\"\" target=\"_blank\"><i class=\"icon-view\"><\/i><span class=\"overlay\"><\/span><img loading=\"lazy\" decoding=\"async\" width=\"150\" height=\"150\" src=\"https:\/\/zxdoll.com\/wp-content\/uploads\/2024\/09\/hand-sex-doll-kMb63r7-150x150.jpg\" class=\"attachment-thumbnail size-thumbnail\" alt=\"\" srcset=\"https:\/\/zxdoll.com\/wp-content\/uploads\/2024\/09\/hand-sex-doll-kMb63r7-150x150.jpg 150w, https:\/\/zxdoll.com\/wp-content\/uploads\/2024\/09\/hand-sex-doll-kMb63r7-300x300.jpg 300w, https:\/\/zxdoll.com\/wp-content\/uploads\/2024\/09\/hand-sex-doll-kMb63r7-800x800.jpg 800w, https:\/\/zxdoll.com\/wp-content\/uploads\/2024\/09\/hand-sex-doll-kMb63r7-768x768.jpg 768w, https:\/\/zxdoll.com\/wp-content\/uploads\/2024\/09\/hand-sex-doll-kMb63r7-12x12.jpg 12w, https:\/\/zxdoll.com\/wp-content\/uploads\/2024\/09\/hand-sex-doll-kMb63r7-860x860.jpg 860w, https:\/\/zxdoll.com\/wp-content\/uploads\/2024\/09\/hand-sex-doll-kMb63r7-430x430.jpg 430w, https:\/\/zxdoll.com\/wp-content\/uploads\/2024\/09\/hand-sex-doll-kMb63r7-700x700.jpg 700w, https:\/\/zxdoll.com\/wp-content\/uploads\/2024\/09\/hand-sex-doll-kMb63r7.jpg 1000w\" sizes=\"(max-width: 150px) 100vw, 150px\" title=\"\"><\/a><\/li><li><a data-fancybox=\"gallery776\" href=\"https:\/\/zxdoll.com\/wp-content\/uploads\/2024\/09\/hand-sex-doll-kMb63r8-800x800.jpg\" class=\"eig-popup\" title=\"\" data-caption=\"\" target=\"_blank\"><i class=\"icon-view\"><\/i><span class=\"overlay\"><\/span><img loading=\"lazy\" decoding=\"async\" width=\"150\" height=\"150\" src=\"https:\/\/zxdoll.com\/wp-content\/uploads\/2024\/09\/hand-sex-doll-kMb63r8-150x150.jpg\" class=\"attachment-thumbnail size-thumbnail\" alt=\"\" srcset=\"https:\/\/zxdoll.com\/wp-content\/uploads\/2024\/09\/hand-sex-doll-kMb63r8-150x150.jpg 150w, https:\/\/zxdoll.com\/wp-content\/uploads\/2024\/09\/hand-sex-doll-kMb63r8-300x300.jpg 300w, https:\/\/zxdoll.com\/wp-content\/uploads\/2024\/09\/hand-sex-doll-kMb63r8-800x800.jpg 800w, https:\/\/zxdoll.com\/wp-content\/uploads\/2024\/09\/hand-sex-doll-kMb63r8-768x768.jpg 768w, https:\/\/zxdoll.com\/wp-content\/uploads\/2024\/09\/hand-sex-doll-kMb63r8-12x12.jpg 12w, https:\/\/zxdoll.com\/wp-content\/uploads\/2024\/09\/hand-sex-doll-kMb63r8-860x860.jpg 860w, https:\/\/zxdoll.com\/wp-content\/uploads\/2024\/09\/hand-sex-doll-kMb63r8-430x430.jpg 430w, https:\/\/zxdoll.com\/wp-content\/uploads\/2024\/09\/hand-sex-doll-kMb63r8-700x700.jpg 700w, https:\/\/zxdoll.com\/wp-content\/uploads\/2024\/09\/hand-sex-doll-kMb63r8.jpg 1000w\" sizes=\"(max-width: 150px) 100vw, 150px\" title=\"\"><\/a><\/li><li><a data-fancybox=\"gallery776\" href=\"https:\/\/zxdoll.com\/wp-content\/uploads\/2024\/09\/hand-sex-doll-kMb63r9-800x800.jpg\" class=\"eig-popup\" title=\"\" data-caption=\"\" target=\"_blank\"><i class=\"icon-view\"><\/i><span class=\"overlay\"><\/span><img loading=\"lazy\" decoding=\"async\" width=\"150\" height=\"150\" src=\"https:\/\/zxdoll.com\/wp-content\/uploads\/2024\/09\/hand-sex-doll-kMb63r9-150x150.jpg\" class=\"attachment-thumbnail size-thumbnail\" alt=\"\" srcset=\"https:\/\/zxdoll.com\/wp-content\/uploads\/2024\/09\/hand-sex-doll-kMb63r9-150x150.jpg 150w, https:\/\/zxdoll.com\/wp-content\/uploads\/2024\/09\/hand-sex-doll-kMb63r9-300x300.jpg 300w, https:\/\/zxdoll.com\/wp-content\/uploads\/2024\/09\/hand-sex-doll-kMb63r9-800x800.jpg 800w, https:\/\/zxdoll.com\/wp-content\/uploads\/2024\/09\/hand-sex-doll-kMb63r9-768x768.jpg 768w, https:\/\/zxdoll.com\/wp-content\/uploads\/2024\/09\/hand-sex-doll-kMb63r9-12x12.jpg 12w, https:\/\/zxdoll.com\/wp-content\/uploads\/2024\/09\/hand-sex-doll-kMb63r9-860x860.jpg 860w, https:\/\/zxdoll.com\/wp-content\/uploads\/2024\/09\/hand-sex-doll-kMb63r9-430x430.jpg 430w, https:\/\/zxdoll.com\/wp-content\/uploads\/2024\/09\/hand-sex-doll-kMb63r9-700x700.jpg 700w, https:\/\/zxdoll.com\/wp-content\/uploads\/2024\/09\/hand-sex-doll-kMb63r9.jpg 1000w\" sizes=\"(max-width: 150px) 100vw, 150px\" title=\"\"><\/a><\/li><\/ul>\n<h4>M\u00e9rett\u00e1bl\u00e1zatok<\/h4>\n<table width=\"269\">\n<tbody>\n<tr>\n<td width=\"130\">Anyag<\/td>\n<td width=\"139\">TPR<\/td>\n<\/tr>\n<tr>\n<td>Magass\u00e1g<\/td>\n<td>14.56 inch<\/td>\n<\/tr>\n<tr>\n<td>Hossz<\/td>\n<td>8.66 inch<\/td>\n<\/tr>\n<tr>\n<td>Sz\u00e9less\u00e9g<\/td>\n<td>7,08 h\u00fcvelyk<\/td>\n<\/tr>\n<tr>\n<td>H\u00fcvely<\/td>\n<td>7,08 h\u00fcvelyk<\/td>\n<\/tr>\n<tr>\n<td>An\u00e1lis<\/td>\n<td>4,90 h\u00fcvelyk<\/td>\n<\/tr>\n<tr>\n<td width=\"130\">Nett\u00f3 t\u00f6meg<\/td>\n<td>15.87 lb<\/td>\n<\/tr>\n<\/tbody>\n<\/table>\n<h4>A szexbab\u00e1r\u00f3l<\/h4>\n<p>&nbsp;<\/p>","protected":false},"excerpt":{"rendered":"<p>Sex Doll Images Size Charts Material TPR Height 14.56 inch Length 8.66 inch Width 7.08 inch Vagina 7.08 inch Anal<\/p>","protected":false},"featured_media":156477,"comment_status":"open","ping_status":"closed","template":"","meta":[],"product_brand":[],"product_cat":[234,116,194],"product_tag":[],"class_list":{"0":"post-156462","1":"product","2":"type-product","3":"status-publish","4":"has-post-thumbnail","6":"product_cat-234","7":"product_cat-big-boobs-sex-doll","8":"product_cat-cheap-sex-doll-torso","9":"pa_brand-xise-doll","10":"tm-has-options","12":"first","13":"instock","14":"shipping-taxable","15":"purchasable","16":"product-type-simple"},"_links":{"self":[{"href":"https:\/\/zxdoll.com\/hu\/wp-json\/wp\/v2\/product\/156462","targetHints":{"allow":["GET"]}}],"collection":[{"href":"https:\/\/zxdoll.com\/hu\/wp-json\/wp\/v2\/product"}],"about":[{"href":"https:\/\/zxdoll.com\/hu\/wp-json\/wp\/v2\/types\/product"}],"replies":[{"embeddable":true,"href":"https:\/\/zxdoll.com\/hu\/wp-json\/wp\/v2\/comments?post=156462"}],"version-history":[{"count":3,"href":"https:\/\/zxdoll.com\/hu\/wp-json\/wp\/v2\/product\/156462\/revisions"}],"predecessor-version":[{"id":186402,"href":"https:\/\/zxdoll.com\/hu\/wp-json\/wp\/v2\/product\/156462\/revisions\/186402"}],"wp:featuredmedia":[{"embeddable":true,"href":"https:\/\/zxdoll.com\/hu\/wp-json\/wp\/v2\/media\/156477"}],"wp:attachment":[{"href":"https:\/\/zxdoll.com\/hu\/wp-json\/wp\/v2\/media?parent=156462"}],"wp:term":[{"taxonomy":"product_brand","embeddable":true,"href":"https:\/\/zxdoll.com\/hu\/wp-json\/wp\/v2\/product_brand?post=156462"},{"taxonomy":"product_cat","embeddable":true,"href":"https:\/\/zxdoll.com\/hu\/wp-json\/wp\/v2\/product_cat?post=156462"},{"taxonomy":"product_tag","embeddable":true,"href":"https:\/\/zxdoll.com\/hu\/wp-json\/wp\/v2\/product_tag?post=156462"}],"curies":[{"name":"wp","href":"https:\/\/api.w.org\/{rel}","templated":true}]}}