{"id":156352,"date":"2024-09-12T19:40:44","date_gmt":"2024-09-12T11:40:44","guid":{"rendered":"https:\/\/zxdoll.com\/?post_type=product&#038;p=156352"},"modified":"2024-10-01T02:02:58","modified_gmt":"2024-09-30T18:02:58","slug":"gofund-me-for-sex-doll-wyoming","status":"publish","type":"product","link":"https:\/\/zxdoll.com\/hu\/product\/gofund-me-for-sex-doll-wyoming\/","title":{"rendered":"Gofund Me For Sex Doll Wyoming Dulce 34,2 h\u00fcvelykes"},"content":{"rendered":"<h4><strong>Szexbaba k\u00e9pek<\/strong><\/h4>\n\t                <ul class=\"easy-image-gallery thumbnails-10 linked\">\r\n                    <li><a data-fancybox=\"gallery437\" href=\"https:\/\/zxdoll.com\/wp-content\/uploads\/2024\/09\/nier-sex-doll-pNr23a1-800x800.jpg\" class=\"eig-popup\" title=\"\" data-caption=\"\" target=\"_blank\"><i class=\"icon-view\"><\/i><span class=\"overlay\"><\/span><img decoding=\"async\" width=\"150\" height=\"150\" src=\"https:\/\/zxdoll.com\/wp-content\/uploads\/2024\/09\/nier-sex-doll-pNr23a1-150x150.jpg\" class=\"attachment-thumbnail size-thumbnail\" alt=\"\" srcset=\"https:\/\/zxdoll.com\/wp-content\/uploads\/2024\/09\/nier-sex-doll-pNr23a1-150x150.jpg 150w, https:\/\/zxdoll.com\/wp-content\/uploads\/2024\/09\/nier-sex-doll-pNr23a1-300x300.jpg 300w, https:\/\/zxdoll.com\/wp-content\/uploads\/2024\/09\/nier-sex-doll-pNr23a1-800x800.jpg 800w, https:\/\/zxdoll.com\/wp-content\/uploads\/2024\/09\/nier-sex-doll-pNr23a1-768x768.jpg 768w, https:\/\/zxdoll.com\/wp-content\/uploads\/2024\/09\/nier-sex-doll-pNr23a1-12x12.jpg 12w, https:\/\/zxdoll.com\/wp-content\/uploads\/2024\/09\/nier-sex-doll-pNr23a1-860x860.jpg 860w, https:\/\/zxdoll.com\/wp-content\/uploads\/2024\/09\/nier-sex-doll-pNr23a1-430x430.jpg 430w, https:\/\/zxdoll.com\/wp-content\/uploads\/2024\/09\/nier-sex-doll-pNr23a1-700x700.jpg 700w, https:\/\/zxdoll.com\/wp-content\/uploads\/2024\/09\/nier-sex-doll-pNr23a1.jpg 1000w\" sizes=\"(max-width: 150px) 100vw, 150px\" title=\"\"><\/a><\/li><li><a data-fancybox=\"gallery437\" href=\"https:\/\/zxdoll.com\/wp-content\/uploads\/2024\/09\/nier-sex-doll-pNr23a2-800x800.jpg\" class=\"eig-popup\" title=\"\" data-caption=\"\" target=\"_blank\"><i class=\"icon-view\"><\/i><span class=\"overlay\"><\/span><img decoding=\"async\" width=\"150\" height=\"150\" src=\"https:\/\/zxdoll.com\/wp-content\/uploads\/2024\/09\/nier-sex-doll-pNr23a2-150x150.jpg\" class=\"attachment-thumbnail size-thumbnail\" alt=\"\" srcset=\"https:\/\/zxdoll.com\/wp-content\/uploads\/2024\/09\/nier-sex-doll-pNr23a2-150x150.jpg 150w, https:\/\/zxdoll.com\/wp-content\/uploads\/2024\/09\/nier-sex-doll-pNr23a2-300x300.jpg 300w, https:\/\/zxdoll.com\/wp-content\/uploads\/2024\/09\/nier-sex-doll-pNr23a2-800x800.jpg 800w, https:\/\/zxdoll.com\/wp-content\/uploads\/2024\/09\/nier-sex-doll-pNr23a2-768x768.jpg 768w, https:\/\/zxdoll.com\/wp-content\/uploads\/2024\/09\/nier-sex-doll-pNr23a2-12x12.jpg 12w, https:\/\/zxdoll.com\/wp-content\/uploads\/2024\/09\/nier-sex-doll-pNr23a2-860x860.jpg 860w, https:\/\/zxdoll.com\/wp-content\/uploads\/2024\/09\/nier-sex-doll-pNr23a2-430x430.jpg 430w, https:\/\/zxdoll.com\/wp-content\/uploads\/2024\/09\/nier-sex-doll-pNr23a2-700x700.jpg 700w, https:\/\/zxdoll.com\/wp-content\/uploads\/2024\/09\/nier-sex-doll-pNr23a2.jpg 1000w\" sizes=\"(max-width: 150px) 100vw, 150px\" title=\"\"><\/a><\/li><li><a data-fancybox=\"gallery437\" href=\"https:\/\/zxdoll.com\/wp-content\/uploads\/2024\/09\/nier-sex-doll-pNr23a3-800x800.jpg\" class=\"eig-popup\" title=\"\" data-caption=\"\" target=\"_blank\"><i class=\"icon-view\"><\/i><span class=\"overlay\"><\/span><img decoding=\"async\" width=\"150\" height=\"150\" src=\"https:\/\/zxdoll.com\/wp-content\/uploads\/2024\/09\/nier-sex-doll-pNr23a3-150x150.jpg\" class=\"attachment-thumbnail size-thumbnail\" alt=\"\" srcset=\"https:\/\/zxdoll.com\/wp-content\/uploads\/2024\/09\/nier-sex-doll-pNr23a3-150x150.jpg 150w, https:\/\/zxdoll.com\/wp-content\/uploads\/2024\/09\/nier-sex-doll-pNr23a3-300x300.jpg 300w, https:\/\/zxdoll.com\/wp-content\/uploads\/2024\/09\/nier-sex-doll-pNr23a3-800x800.jpg 800w, https:\/\/zxdoll.com\/wp-content\/uploads\/2024\/09\/nier-sex-doll-pNr23a3-768x768.jpg 768w, https:\/\/zxdoll.com\/wp-content\/uploads\/2024\/09\/nier-sex-doll-pNr23a3-12x12.jpg 12w, https:\/\/zxdoll.com\/wp-content\/uploads\/2024\/09\/nier-sex-doll-pNr23a3-860x860.jpg 860w, https:\/\/zxdoll.com\/wp-content\/uploads\/2024\/09\/nier-sex-doll-pNr23a3-430x430.jpg 430w, https:\/\/zxdoll.com\/wp-content\/uploads\/2024\/09\/nier-sex-doll-pNr23a3-700x700.jpg 700w, https:\/\/zxdoll.com\/wp-content\/uploads\/2024\/09\/nier-sex-doll-pNr23a3.jpg 1000w\" sizes=\"(max-width: 150px) 100vw, 150px\" title=\"\"><\/a><\/li><li><a data-fancybox=\"gallery437\" href=\"https:\/\/zxdoll.com\/wp-content\/uploads\/2024\/09\/nier-sex-doll-pNr23a4-850x800.jpg\" class=\"eig-popup\" title=\"\" data-caption=\"\" target=\"_blank\"><i class=\"icon-view\"><\/i><span class=\"overlay\"><\/span><img loading=\"lazy\" decoding=\"async\" width=\"150\" height=\"150\" src=\"https:\/\/zxdoll.com\/wp-content\/uploads\/2024\/09\/nier-sex-doll-pNr23a4-150x150.jpg\" class=\"attachment-thumbnail size-thumbnail\" alt=\"\" srcset=\"https:\/\/zxdoll.com\/wp-content\/uploads\/2024\/09\/nier-sex-doll-pNr23a4-150x150.jpg 150w, https:\/\/zxdoll.com\/wp-content\/uploads\/2024\/09\/nier-sex-doll-pNr23a4-13x12.jpg 13w\" sizes=\"(max-width: 150px) 100vw, 150px\" title=\"\"><\/a><\/li><li><a data-fancybox=\"gallery437\" href=\"https:\/\/zxdoll.com\/wp-content\/uploads\/2024\/09\/nier-sex-doll-pNr23a5-800x800.jpg\" class=\"eig-popup\" title=\"\" data-caption=\"\" target=\"_blank\"><i class=\"icon-view\"><\/i><span class=\"overlay\"><\/span><img loading=\"lazy\" decoding=\"async\" width=\"150\" height=\"150\" src=\"https:\/\/zxdoll.com\/wp-content\/uploads\/2024\/09\/nier-sex-doll-pNr23a5-150x150.jpg\" class=\"attachment-thumbnail size-thumbnail\" alt=\"\" srcset=\"https:\/\/zxdoll.com\/wp-content\/uploads\/2024\/09\/nier-sex-doll-pNr23a5-150x150.jpg 150w, https:\/\/zxdoll.com\/wp-content\/uploads\/2024\/09\/nier-sex-doll-pNr23a5-300x300.jpg 300w, https:\/\/zxdoll.com\/wp-content\/uploads\/2024\/09\/nier-sex-doll-pNr23a5-800x800.jpg 800w, https:\/\/zxdoll.com\/wp-content\/uploads\/2024\/09\/nier-sex-doll-pNr23a5-768x768.jpg 768w, https:\/\/zxdoll.com\/wp-content\/uploads\/2024\/09\/nier-sex-doll-pNr23a5-12x12.jpg 12w, https:\/\/zxdoll.com\/wp-content\/uploads\/2024\/09\/nier-sex-doll-pNr23a5-860x860.jpg 860w, https:\/\/zxdoll.com\/wp-content\/uploads\/2024\/09\/nier-sex-doll-pNr23a5-430x430.jpg 430w, https:\/\/zxdoll.com\/wp-content\/uploads\/2024\/09\/nier-sex-doll-pNr23a5-700x700.jpg 700w, https:\/\/zxdoll.com\/wp-content\/uploads\/2024\/09\/nier-sex-doll-pNr23a5.jpg 1000w\" sizes=\"(max-width: 150px) 100vw, 150px\" title=\"\"><\/a><\/li><li><a data-fancybox=\"gallery437\" href=\"https:\/\/zxdoll.com\/wp-content\/uploads\/2024\/09\/nier-sex-doll-pNr23a6-800x800.jpg\" class=\"eig-popup\" title=\"\" data-caption=\"\" target=\"_blank\"><i class=\"icon-view\"><\/i><span class=\"overlay\"><\/span><img loading=\"lazy\" decoding=\"async\" width=\"150\" height=\"150\" src=\"https:\/\/zxdoll.com\/wp-content\/uploads\/2024\/09\/nier-sex-doll-pNr23a6-150x150.jpg\" class=\"attachment-thumbnail size-thumbnail\" alt=\"\" srcset=\"https:\/\/zxdoll.com\/wp-content\/uploads\/2024\/09\/nier-sex-doll-pNr23a6-150x150.jpg 150w, https:\/\/zxdoll.com\/wp-content\/uploads\/2024\/09\/nier-sex-doll-pNr23a6-300x300.jpg 300w, https:\/\/zxdoll.com\/wp-content\/uploads\/2024\/09\/nier-sex-doll-pNr23a6-800x800.jpg 800w, https:\/\/zxdoll.com\/wp-content\/uploads\/2024\/09\/nier-sex-doll-pNr23a6-768x768.jpg 768w, https:\/\/zxdoll.com\/wp-content\/uploads\/2024\/09\/nier-sex-doll-pNr23a6-12x12.jpg 12w, https:\/\/zxdoll.com\/wp-content\/uploads\/2024\/09\/nier-sex-doll-pNr23a6-860x860.jpg 860w, https:\/\/zxdoll.com\/wp-content\/uploads\/2024\/09\/nier-sex-doll-pNr23a6-430x430.jpg 430w, https:\/\/zxdoll.com\/wp-content\/uploads\/2024\/09\/nier-sex-doll-pNr23a6-700x700.jpg 700w, https:\/\/zxdoll.com\/wp-content\/uploads\/2024\/09\/nier-sex-doll-pNr23a6.jpg 1000w\" sizes=\"(max-width: 150px) 100vw, 150px\" title=\"\"><\/a><\/li><li><a data-fancybox=\"gallery437\" href=\"https:\/\/zxdoll.com\/wp-content\/uploads\/2024\/09\/nier-sex-doll-pNr23a7-800x800.jpg\" class=\"eig-popup\" title=\"\" data-caption=\"\" target=\"_blank\"><i class=\"icon-view\"><\/i><span class=\"overlay\"><\/span><img loading=\"lazy\" decoding=\"async\" width=\"150\" height=\"150\" src=\"https:\/\/zxdoll.com\/wp-content\/uploads\/2024\/09\/nier-sex-doll-pNr23a7-150x150.jpg\" class=\"attachment-thumbnail size-thumbnail\" alt=\"\" srcset=\"https:\/\/zxdoll.com\/wp-content\/uploads\/2024\/09\/nier-sex-doll-pNr23a7-150x150.jpg 150w, https:\/\/zxdoll.com\/wp-content\/uploads\/2024\/09\/nier-sex-doll-pNr23a7-300x300.jpg 300w, https:\/\/zxdoll.com\/wp-content\/uploads\/2024\/09\/nier-sex-doll-pNr23a7-800x800.jpg 800w, https:\/\/zxdoll.com\/wp-content\/uploads\/2024\/09\/nier-sex-doll-pNr23a7-768x768.jpg 768w, https:\/\/zxdoll.com\/wp-content\/uploads\/2024\/09\/nier-sex-doll-pNr23a7-12x12.jpg 12w, https:\/\/zxdoll.com\/wp-content\/uploads\/2024\/09\/nier-sex-doll-pNr23a7-860x860.jpg 860w, https:\/\/zxdoll.com\/wp-content\/uploads\/2024\/09\/nier-sex-doll-pNr23a7-430x430.jpg 430w, https:\/\/zxdoll.com\/wp-content\/uploads\/2024\/09\/nier-sex-doll-pNr23a7-700x700.jpg 700w, https:\/\/zxdoll.com\/wp-content\/uploads\/2024\/09\/nier-sex-doll-pNr23a7.jpg 1000w\" sizes=\"(max-width: 150px) 100vw, 150px\" title=\"\"><\/a><\/li><li><a data-fancybox=\"gallery437\" href=\"https:\/\/zxdoll.com\/wp-content\/uploads\/2024\/09\/nier-sex-doll-pNr23a8-800x800.jpg\" class=\"eig-popup\" title=\"\" data-caption=\"\" target=\"_blank\"><i class=\"icon-view\"><\/i><span class=\"overlay\"><\/span><img loading=\"lazy\" decoding=\"async\" width=\"150\" height=\"150\" src=\"https:\/\/zxdoll.com\/wp-content\/uploads\/2024\/09\/nier-sex-doll-pNr23a8-150x150.jpg\" class=\"attachment-thumbnail size-thumbnail\" alt=\"\" srcset=\"https:\/\/zxdoll.com\/wp-content\/uploads\/2024\/09\/nier-sex-doll-pNr23a8-150x150.jpg 150w, https:\/\/zxdoll.com\/wp-content\/uploads\/2024\/09\/nier-sex-doll-pNr23a8-300x300.jpg 300w, https:\/\/zxdoll.com\/wp-content\/uploads\/2024\/09\/nier-sex-doll-pNr23a8-800x800.jpg 800w, https:\/\/zxdoll.com\/wp-content\/uploads\/2024\/09\/nier-sex-doll-pNr23a8-768x768.jpg 768w, https:\/\/zxdoll.com\/wp-content\/uploads\/2024\/09\/nier-sex-doll-pNr23a8-12x12.jpg 12w, https:\/\/zxdoll.com\/wp-content\/uploads\/2024\/09\/nier-sex-doll-pNr23a8-860x860.jpg 860w, https:\/\/zxdoll.com\/wp-content\/uploads\/2024\/09\/nier-sex-doll-pNr23a8-430x430.jpg 430w, https:\/\/zxdoll.com\/wp-content\/uploads\/2024\/09\/nier-sex-doll-pNr23a8-700x700.jpg 700w, https:\/\/zxdoll.com\/wp-content\/uploads\/2024\/09\/nier-sex-doll-pNr23a8.jpg 1000w\" sizes=\"(max-width: 150px) 100vw, 150px\" title=\"\"><\/a><\/li><li><a data-fancybox=\"gallery437\" href=\"https:\/\/zxdoll.com\/wp-content\/uploads\/2024\/09\/nier-sex-doll-pNr23a9-800x800.jpg\" class=\"eig-popup\" title=\"\" data-caption=\"\" target=\"_blank\"><i class=\"icon-view\"><\/i><span class=\"overlay\"><\/span><img loading=\"lazy\" decoding=\"async\" width=\"150\" height=\"150\" src=\"https:\/\/zxdoll.com\/wp-content\/uploads\/2024\/09\/nier-sex-doll-pNr23a9-150x150.jpg\" class=\"attachment-thumbnail size-thumbnail\" alt=\"\" srcset=\"https:\/\/zxdoll.com\/wp-content\/uploads\/2024\/09\/nier-sex-doll-pNr23a9-150x150.jpg 150w, https:\/\/zxdoll.com\/wp-content\/uploads\/2024\/09\/nier-sex-doll-pNr23a9-300x300.jpg 300w, https:\/\/zxdoll.com\/wp-content\/uploads\/2024\/09\/nier-sex-doll-pNr23a9-800x800.jpg 800w, https:\/\/zxdoll.com\/wp-content\/uploads\/2024\/09\/nier-sex-doll-pNr23a9-768x768.jpg 768w, https:\/\/zxdoll.com\/wp-content\/uploads\/2024\/09\/nier-sex-doll-pNr23a9-12x12.jpg 12w, https:\/\/zxdoll.com\/wp-content\/uploads\/2024\/09\/nier-sex-doll-pNr23a9-860x860.jpg 860w, https:\/\/zxdoll.com\/wp-content\/uploads\/2024\/09\/nier-sex-doll-pNr23a9-430x430.jpg 430w, https:\/\/zxdoll.com\/wp-content\/uploads\/2024\/09\/nier-sex-doll-pNr23a9-700x700.jpg 700w, https:\/\/zxdoll.com\/wp-content\/uploads\/2024\/09\/nier-sex-doll-pNr23a9.jpg 1000w\" sizes=\"(max-width: 150px) 100vw, 150px\" title=\"\"><\/a><\/li><li><a data-fancybox=\"gallery437\" href=\"https:\/\/zxdoll.com\/wp-content\/uploads\/2024\/09\/nier-sex-doll-pNr23a10-800x800.jpg\" class=\"eig-popup\" title=\"\" data-caption=\"\" target=\"_blank\"><i class=\"icon-view\"><\/i><span class=\"overlay\"><\/span><img loading=\"lazy\" decoding=\"async\" width=\"150\" height=\"150\" src=\"https:\/\/zxdoll.com\/wp-content\/uploads\/2024\/09\/nier-sex-doll-pNr23a10-150x150.jpg\" class=\"attachment-thumbnail size-thumbnail\" alt=\"\" srcset=\"https:\/\/zxdoll.com\/wp-content\/uploads\/2024\/09\/nier-sex-doll-pNr23a10-150x150.jpg 150w, https:\/\/zxdoll.com\/wp-content\/uploads\/2024\/09\/nier-sex-doll-pNr23a10-300x300.jpg 300w, https:\/\/zxdoll.com\/wp-content\/uploads\/2024\/09\/nier-sex-doll-pNr23a10-800x800.jpg 800w, https:\/\/zxdoll.com\/wp-content\/uploads\/2024\/09\/nier-sex-doll-pNr23a10-768x768.jpg 768w, https:\/\/zxdoll.com\/wp-content\/uploads\/2024\/09\/nier-sex-doll-pNr23a10-12x12.jpg 12w, https:\/\/zxdoll.com\/wp-content\/uploads\/2024\/09\/nier-sex-doll-pNr23a10-860x860.jpg 860w, https:\/\/zxdoll.com\/wp-content\/uploads\/2024\/09\/nier-sex-doll-pNr23a10-430x430.jpg 430w, https:\/\/zxdoll.com\/wp-content\/uploads\/2024\/09\/nier-sex-doll-pNr23a10-700x700.jpg 700w, https:\/\/zxdoll.com\/wp-content\/uploads\/2024\/09\/nier-sex-doll-pNr23a10.jpg 1000w\" sizes=\"(max-width: 150px) 100vw, 150px\" title=\"\"><\/a><\/li><\/ul>\n<h4>M\u00e9rett\u00e1bl\u00e1zatok<\/h4>\n<table width=\"269\">\n<tbody>\n<tr>\n<td width=\"130\">Anyag<\/td>\n<td width=\"139\">TPR<\/td>\n<\/tr>\n<tr>\n<td>Magass\u00e1g<\/td>\n<td>34.2 inch<\/td>\n<\/tr>\n<tr>\n<td>Hossz<\/td>\n<td>12.2 inch<\/td>\n<\/tr>\n<tr>\n<td>Sz\u00e9less\u00e9g<\/td>\n<td>14 inch<\/td>\n<\/tr>\n<tr>\n<td>H\u00fcvely<\/td>\n<td>7,08 h\u00fcvelyk<\/td>\n<\/tr>\n<tr>\n<td>An\u00e1lis<\/td>\n<td>4,90 h\u00fcvelyk<\/td>\n<\/tr>\n<tr>\n<td width=\"130\">Nett\u00f3 t\u00f6meg<\/td>\n<td>52.9 lb<\/td>\n<\/tr>\n<\/tbody>\n<\/table>\n<h4>A szexbab\u00e1r\u00f3l<\/h4>\n<p>&nbsp;<\/p>","protected":false},"excerpt":{"rendered":"<p>Sex Doll Images Size Charts Material TPR Height 34.2 inch Length 12.2 inch Width 14 inch Vagina 7.08 inch Anal<\/p>","protected":false},"featured_media":156372,"comment_status":"open","ping_status":"closed","template":"","meta":[],"product_brand":[],"product_cat":[234,194,107,117],"product_tag":[],"class_list":{"0":"post-156352","1":"product","2":"type-product","3":"status-publish","4":"has-post-thumbnail","6":"product_cat-234","7":"product_cat-cheap-sex-doll-torso","8":"product_cat-skinny-sex-dolls","9":"product_cat-small-breast-sex-doll","10":"pa_brand-xise-doll","11":"tm-has-options","13":"first","14":"instock","15":"shipping-taxable","16":"purchasable","17":"product-type-simple"},"_links":{"self":[{"href":"https:\/\/zxdoll.com\/hu\/wp-json\/wp\/v2\/product\/156352","targetHints":{"allow":["GET"]}}],"collection":[{"href":"https:\/\/zxdoll.com\/hu\/wp-json\/wp\/v2\/product"}],"about":[{"href":"https:\/\/zxdoll.com\/hu\/wp-json\/wp\/v2\/types\/product"}],"replies":[{"embeddable":true,"href":"https:\/\/zxdoll.com\/hu\/wp-json\/wp\/v2\/comments?post=156352"}],"version-history":[{"count":3,"href":"https:\/\/zxdoll.com\/hu\/wp-json\/wp\/v2\/product\/156352\/revisions"}],"predecessor-version":[{"id":186397,"href":"https:\/\/zxdoll.com\/hu\/wp-json\/wp\/v2\/product\/156352\/revisions\/186397"}],"wp:featuredmedia":[{"embeddable":true,"href":"https:\/\/zxdoll.com\/hu\/wp-json\/wp\/v2\/media\/156372"}],"wp:attachment":[{"href":"https:\/\/zxdoll.com\/hu\/wp-json\/wp\/v2\/media?parent=156352"}],"wp:term":[{"taxonomy":"product_brand","embeddable":true,"href":"https:\/\/zxdoll.com\/hu\/wp-json\/wp\/v2\/product_brand?post=156352"},{"taxonomy":"product_cat","embeddable":true,"href":"https:\/\/zxdoll.com\/hu\/wp-json\/wp\/v2\/product_cat?post=156352"},{"taxonomy":"product_tag","embeddable":true,"href":"https:\/\/zxdoll.com\/hu\/wp-json\/wp\/v2\/product_tag?post=156352"}],"curies":[{"name":"wp","href":"https:\/\/api.w.org\/{rel}","templated":true}]}}