{"id":156079,"date":"2024-09-11T13:23:34","date_gmt":"2024-09-11T05:23:34","guid":{"rendered":"https:\/\/zxdoll.com\/?post_type=product&#038;p=156079"},"modified":"2024-09-30T04:06:21","modified_gmt":"2024-09-29T20:06:21","slug":"konako-hidh-school-dxd-sex-doll","status":"publish","type":"product","link":"https:\/\/zxdoll.com\/hu\/product\/konako-hidh-school-dxd-sex-doll\/","title":{"rendered":"Konako Hidh School Dxd Sex Doll Ariya 10,23 h\u00fcvelykes"},"content":{"rendered":"<h4><strong>Szexbaba k\u00e9pek<\/strong><\/h4>\n\t                <ul class=\"easy-image-gallery thumbnails-9 linked\">\r\n                    <li><a data-fancybox=\"gallery135\" href=\"https:\/\/zxdoll.com\/wp-content\/uploads\/2024\/09\/free-doll-sex-fHf59d9-800x800.jpg\" class=\"eig-popup\" title=\"\" data-caption=\"\" target=\"_blank\"><i class=\"icon-view\"><\/i><span class=\"overlay\"><\/span><img decoding=\"async\" width=\"150\" height=\"150\" src=\"https:\/\/zxdoll.com\/wp-content\/uploads\/2024\/09\/free-doll-sex-fHf59d9-150x150.jpg\" class=\"attachment-thumbnail size-thumbnail\" alt=\"\" srcset=\"https:\/\/zxdoll.com\/wp-content\/uploads\/2024\/09\/free-doll-sex-fHf59d9-150x150.jpg 150w, https:\/\/zxdoll.com\/wp-content\/uploads\/2024\/09\/free-doll-sex-fHf59d9-300x300.jpg 300w, https:\/\/zxdoll.com\/wp-content\/uploads\/2024\/09\/free-doll-sex-fHf59d9-800x800.jpg 800w, https:\/\/zxdoll.com\/wp-content\/uploads\/2024\/09\/free-doll-sex-fHf59d9-768x768.jpg 768w, https:\/\/zxdoll.com\/wp-content\/uploads\/2024\/09\/free-doll-sex-fHf59d9-12x12.jpg 12w, https:\/\/zxdoll.com\/wp-content\/uploads\/2024\/09\/free-doll-sex-fHf59d9-860x860.jpg 860w, https:\/\/zxdoll.com\/wp-content\/uploads\/2024\/09\/free-doll-sex-fHf59d9-430x430.jpg 430w, https:\/\/zxdoll.com\/wp-content\/uploads\/2024\/09\/free-doll-sex-fHf59d9-700x700.jpg 700w, https:\/\/zxdoll.com\/wp-content\/uploads\/2024\/09\/free-doll-sex-fHf59d9.jpg 1000w\" sizes=\"(max-width: 150px) 100vw, 150px\" title=\"\"><\/a><\/li><li><a data-fancybox=\"gallery135\" href=\"https:\/\/zxdoll.com\/wp-content\/uploads\/2024\/09\/free-doll-sex-fHf59d8-800x800.jpg\" class=\"eig-popup\" title=\"\" data-caption=\"\" target=\"_blank\"><i class=\"icon-view\"><\/i><span class=\"overlay\"><\/span><img decoding=\"async\" width=\"150\" height=\"150\" src=\"https:\/\/zxdoll.com\/wp-content\/uploads\/2024\/09\/free-doll-sex-fHf59d8-150x150.jpg\" class=\"attachment-thumbnail size-thumbnail\" alt=\"\" srcset=\"https:\/\/zxdoll.com\/wp-content\/uploads\/2024\/09\/free-doll-sex-fHf59d8-150x150.jpg 150w, https:\/\/zxdoll.com\/wp-content\/uploads\/2024\/09\/free-doll-sex-fHf59d8-300x300.jpg 300w, https:\/\/zxdoll.com\/wp-content\/uploads\/2024\/09\/free-doll-sex-fHf59d8-800x800.jpg 800w, https:\/\/zxdoll.com\/wp-content\/uploads\/2024\/09\/free-doll-sex-fHf59d8-768x768.jpg 768w, https:\/\/zxdoll.com\/wp-content\/uploads\/2024\/09\/free-doll-sex-fHf59d8-12x12.jpg 12w, https:\/\/zxdoll.com\/wp-content\/uploads\/2024\/09\/free-doll-sex-fHf59d8-860x860.jpg 860w, https:\/\/zxdoll.com\/wp-content\/uploads\/2024\/09\/free-doll-sex-fHf59d8-430x430.jpg 430w, https:\/\/zxdoll.com\/wp-content\/uploads\/2024\/09\/free-doll-sex-fHf59d8-700x700.jpg 700w, https:\/\/zxdoll.com\/wp-content\/uploads\/2024\/09\/free-doll-sex-fHf59d8.jpg 1000w\" sizes=\"(max-width: 150px) 100vw, 150px\" title=\"\"><\/a><\/li><li><a data-fancybox=\"gallery135\" href=\"https:\/\/zxdoll.com\/wp-content\/uploads\/2024\/09\/free-doll-sex-fHf59d7-800x800.jpg\" class=\"eig-popup\" title=\"\" data-caption=\"\" target=\"_blank\"><i class=\"icon-view\"><\/i><span class=\"overlay\"><\/span><img decoding=\"async\" width=\"150\" height=\"150\" src=\"https:\/\/zxdoll.com\/wp-content\/uploads\/2024\/09\/free-doll-sex-fHf59d7-150x150.jpg\" class=\"attachment-thumbnail size-thumbnail\" alt=\"\" srcset=\"https:\/\/zxdoll.com\/wp-content\/uploads\/2024\/09\/free-doll-sex-fHf59d7-150x150.jpg 150w, https:\/\/zxdoll.com\/wp-content\/uploads\/2024\/09\/free-doll-sex-fHf59d7-300x300.jpg 300w, https:\/\/zxdoll.com\/wp-content\/uploads\/2024\/09\/free-doll-sex-fHf59d7-800x800.jpg 800w, https:\/\/zxdoll.com\/wp-content\/uploads\/2024\/09\/free-doll-sex-fHf59d7-768x768.jpg 768w, https:\/\/zxdoll.com\/wp-content\/uploads\/2024\/09\/free-doll-sex-fHf59d7-12x12.jpg 12w, https:\/\/zxdoll.com\/wp-content\/uploads\/2024\/09\/free-doll-sex-fHf59d7-860x860.jpg 860w, https:\/\/zxdoll.com\/wp-content\/uploads\/2024\/09\/free-doll-sex-fHf59d7-430x430.jpg 430w, https:\/\/zxdoll.com\/wp-content\/uploads\/2024\/09\/free-doll-sex-fHf59d7-700x700.jpg 700w, https:\/\/zxdoll.com\/wp-content\/uploads\/2024\/09\/free-doll-sex-fHf59d7.jpg 1000w\" sizes=\"(max-width: 150px) 100vw, 150px\" title=\"\"><\/a><\/li><li><a data-fancybox=\"gallery135\" href=\"https:\/\/zxdoll.com\/wp-content\/uploads\/2024\/09\/free-doll-sex-fHf59d6-800x800.jpg\" class=\"eig-popup\" title=\"\" data-caption=\"\" target=\"_blank\"><i class=\"icon-view\"><\/i><span class=\"overlay\"><\/span><img loading=\"lazy\" decoding=\"async\" width=\"150\" height=\"150\" src=\"https:\/\/zxdoll.com\/wp-content\/uploads\/2024\/09\/free-doll-sex-fHf59d6-150x150.jpg\" class=\"attachment-thumbnail size-thumbnail\" alt=\"\" srcset=\"https:\/\/zxdoll.com\/wp-content\/uploads\/2024\/09\/free-doll-sex-fHf59d6-150x150.jpg 150w, https:\/\/zxdoll.com\/wp-content\/uploads\/2024\/09\/free-doll-sex-fHf59d6-300x300.jpg 300w, https:\/\/zxdoll.com\/wp-content\/uploads\/2024\/09\/free-doll-sex-fHf59d6-800x800.jpg 800w, https:\/\/zxdoll.com\/wp-content\/uploads\/2024\/09\/free-doll-sex-fHf59d6-768x768.jpg 768w, https:\/\/zxdoll.com\/wp-content\/uploads\/2024\/09\/free-doll-sex-fHf59d6-12x12.jpg 12w, https:\/\/zxdoll.com\/wp-content\/uploads\/2024\/09\/free-doll-sex-fHf59d6-860x860.jpg 860w, https:\/\/zxdoll.com\/wp-content\/uploads\/2024\/09\/free-doll-sex-fHf59d6-430x430.jpg 430w, https:\/\/zxdoll.com\/wp-content\/uploads\/2024\/09\/free-doll-sex-fHf59d6-700x700.jpg 700w, https:\/\/zxdoll.com\/wp-content\/uploads\/2024\/09\/free-doll-sex-fHf59d6.jpg 1000w\" sizes=\"(max-width: 150px) 100vw, 150px\" title=\"\"><\/a><\/li><li><a data-fancybox=\"gallery135\" href=\"https:\/\/zxdoll.com\/wp-content\/uploads\/2024\/09\/free-doll-sex-fHf59d5-800x800.jpg\" class=\"eig-popup\" title=\"\" data-caption=\"\" target=\"_blank\"><i class=\"icon-view\"><\/i><span class=\"overlay\"><\/span><img loading=\"lazy\" decoding=\"async\" width=\"150\" height=\"150\" src=\"https:\/\/zxdoll.com\/wp-content\/uploads\/2024\/09\/free-doll-sex-fHf59d5-150x150.jpg\" class=\"attachment-thumbnail size-thumbnail\" alt=\"\" srcset=\"https:\/\/zxdoll.com\/wp-content\/uploads\/2024\/09\/free-doll-sex-fHf59d5-150x150.jpg 150w, https:\/\/zxdoll.com\/wp-content\/uploads\/2024\/09\/free-doll-sex-fHf59d5-300x300.jpg 300w, https:\/\/zxdoll.com\/wp-content\/uploads\/2024\/09\/free-doll-sex-fHf59d5-800x800.jpg 800w, https:\/\/zxdoll.com\/wp-content\/uploads\/2024\/09\/free-doll-sex-fHf59d5-768x768.jpg 768w, https:\/\/zxdoll.com\/wp-content\/uploads\/2024\/09\/free-doll-sex-fHf59d5-12x12.jpg 12w, https:\/\/zxdoll.com\/wp-content\/uploads\/2024\/09\/free-doll-sex-fHf59d5-860x860.jpg 860w, https:\/\/zxdoll.com\/wp-content\/uploads\/2024\/09\/free-doll-sex-fHf59d5-430x430.jpg 430w, https:\/\/zxdoll.com\/wp-content\/uploads\/2024\/09\/free-doll-sex-fHf59d5-700x700.jpg 700w, https:\/\/zxdoll.com\/wp-content\/uploads\/2024\/09\/free-doll-sex-fHf59d5.jpg 1000w\" sizes=\"(max-width: 150px) 100vw, 150px\" title=\"\"><\/a><\/li><li><a data-fancybox=\"gallery135\" href=\"https:\/\/zxdoll.com\/wp-content\/uploads\/2024\/09\/free-doll-sex-fHf59d2-800x800.jpg\" class=\"eig-popup\" title=\"\" data-caption=\"\" target=\"_blank\"><i class=\"icon-view\"><\/i><span class=\"overlay\"><\/span><img loading=\"lazy\" decoding=\"async\" width=\"150\" height=\"150\" src=\"https:\/\/zxdoll.com\/wp-content\/uploads\/2024\/09\/free-doll-sex-fHf59d2-150x150.jpg\" class=\"attachment-thumbnail size-thumbnail\" alt=\"\" srcset=\"https:\/\/zxdoll.com\/wp-content\/uploads\/2024\/09\/free-doll-sex-fHf59d2-150x150.jpg 150w, https:\/\/zxdoll.com\/wp-content\/uploads\/2024\/09\/free-doll-sex-fHf59d2-300x300.jpg 300w, https:\/\/zxdoll.com\/wp-content\/uploads\/2024\/09\/free-doll-sex-fHf59d2-800x800.jpg 800w, https:\/\/zxdoll.com\/wp-content\/uploads\/2024\/09\/free-doll-sex-fHf59d2-768x768.jpg 768w, https:\/\/zxdoll.com\/wp-content\/uploads\/2024\/09\/free-doll-sex-fHf59d2-12x12.jpg 12w, https:\/\/zxdoll.com\/wp-content\/uploads\/2024\/09\/free-doll-sex-fHf59d2-860x860.jpg 860w, https:\/\/zxdoll.com\/wp-content\/uploads\/2024\/09\/free-doll-sex-fHf59d2-430x430.jpg 430w, https:\/\/zxdoll.com\/wp-content\/uploads\/2024\/09\/free-doll-sex-fHf59d2-700x700.jpg 700w, https:\/\/zxdoll.com\/wp-content\/uploads\/2024\/09\/free-doll-sex-fHf59d2.jpg 1000w\" sizes=\"(max-width: 150px) 100vw, 150px\" title=\"\"><\/a><\/li><li><a data-fancybox=\"gallery135\" href=\"https:\/\/zxdoll.com\/wp-content\/uploads\/2024\/09\/free-doll-sex-fHf59d1-800x800.jpg\" class=\"eig-popup\" title=\"\" data-caption=\"\" target=\"_blank\"><i class=\"icon-view\"><\/i><span class=\"overlay\"><\/span><img loading=\"lazy\" decoding=\"async\" width=\"150\" height=\"150\" src=\"https:\/\/zxdoll.com\/wp-content\/uploads\/2024\/09\/free-doll-sex-fHf59d1-150x150.jpg\" class=\"attachment-thumbnail size-thumbnail\" alt=\"\" srcset=\"https:\/\/zxdoll.com\/wp-content\/uploads\/2024\/09\/free-doll-sex-fHf59d1-150x150.jpg 150w, https:\/\/zxdoll.com\/wp-content\/uploads\/2024\/09\/free-doll-sex-fHf59d1-300x300.jpg 300w, https:\/\/zxdoll.com\/wp-content\/uploads\/2024\/09\/free-doll-sex-fHf59d1-800x800.jpg 800w, https:\/\/zxdoll.com\/wp-content\/uploads\/2024\/09\/free-doll-sex-fHf59d1-768x768.jpg 768w, https:\/\/zxdoll.com\/wp-content\/uploads\/2024\/09\/free-doll-sex-fHf59d1-12x12.jpg 12w, https:\/\/zxdoll.com\/wp-content\/uploads\/2024\/09\/free-doll-sex-fHf59d1-860x860.jpg 860w, https:\/\/zxdoll.com\/wp-content\/uploads\/2024\/09\/free-doll-sex-fHf59d1-430x430.jpg 430w, https:\/\/zxdoll.com\/wp-content\/uploads\/2024\/09\/free-doll-sex-fHf59d1-700x700.jpg 700w, https:\/\/zxdoll.com\/wp-content\/uploads\/2024\/09\/free-doll-sex-fHf59d1.jpg 1000w\" sizes=\"(max-width: 150px) 100vw, 150px\" title=\"\"><\/a><\/li><li><a data-fancybox=\"gallery135\" href=\"https:\/\/zxdoll.com\/wp-content\/uploads\/2024\/09\/free-doll-sex-fHf59d3-800x800.jpg\" class=\"eig-popup\" title=\"\" data-caption=\"\" target=\"_blank\"><i class=\"icon-view\"><\/i><span class=\"overlay\"><\/span><img loading=\"lazy\" decoding=\"async\" width=\"150\" height=\"150\" src=\"https:\/\/zxdoll.com\/wp-content\/uploads\/2024\/09\/free-doll-sex-fHf59d3-150x150.jpg\" class=\"attachment-thumbnail size-thumbnail\" alt=\"\" srcset=\"https:\/\/zxdoll.com\/wp-content\/uploads\/2024\/09\/free-doll-sex-fHf59d3-150x150.jpg 150w, https:\/\/zxdoll.com\/wp-content\/uploads\/2024\/09\/free-doll-sex-fHf59d3-300x300.jpg 300w, https:\/\/zxdoll.com\/wp-content\/uploads\/2024\/09\/free-doll-sex-fHf59d3-800x800.jpg 800w, https:\/\/zxdoll.com\/wp-content\/uploads\/2024\/09\/free-doll-sex-fHf59d3-768x768.jpg 768w, https:\/\/zxdoll.com\/wp-content\/uploads\/2024\/09\/free-doll-sex-fHf59d3-12x12.jpg 12w, https:\/\/zxdoll.com\/wp-content\/uploads\/2024\/09\/free-doll-sex-fHf59d3-860x860.jpg 860w, https:\/\/zxdoll.com\/wp-content\/uploads\/2024\/09\/free-doll-sex-fHf59d3-430x430.jpg 430w, https:\/\/zxdoll.com\/wp-content\/uploads\/2024\/09\/free-doll-sex-fHf59d3-700x700.jpg 700w, https:\/\/zxdoll.com\/wp-content\/uploads\/2024\/09\/free-doll-sex-fHf59d3.jpg 1000w\" sizes=\"(max-width: 150px) 100vw, 150px\" title=\"\"><\/a><\/li><li><a data-fancybox=\"gallery135\" href=\"https:\/\/zxdoll.com\/wp-content\/uploads\/2024\/09\/free-doll-sex-fHf59d4-800x800.jpg\" class=\"eig-popup\" title=\"\" data-caption=\"\" target=\"_blank\"><i class=\"icon-view\"><\/i><span class=\"overlay\"><\/span><img loading=\"lazy\" decoding=\"async\" width=\"150\" height=\"150\" src=\"https:\/\/zxdoll.com\/wp-content\/uploads\/2024\/09\/free-doll-sex-fHf59d4-150x150.jpg\" class=\"attachment-thumbnail size-thumbnail\" alt=\"\" srcset=\"https:\/\/zxdoll.com\/wp-content\/uploads\/2024\/09\/free-doll-sex-fHf59d4-150x150.jpg 150w, https:\/\/zxdoll.com\/wp-content\/uploads\/2024\/09\/free-doll-sex-fHf59d4-300x300.jpg 300w, https:\/\/zxdoll.com\/wp-content\/uploads\/2024\/09\/free-doll-sex-fHf59d4-800x800.jpg 800w, https:\/\/zxdoll.com\/wp-content\/uploads\/2024\/09\/free-doll-sex-fHf59d4-768x768.jpg 768w, https:\/\/zxdoll.com\/wp-content\/uploads\/2024\/09\/free-doll-sex-fHf59d4-12x12.jpg 12w, https:\/\/zxdoll.com\/wp-content\/uploads\/2024\/09\/free-doll-sex-fHf59d4-860x860.jpg 860w, https:\/\/zxdoll.com\/wp-content\/uploads\/2024\/09\/free-doll-sex-fHf59d4-430x430.jpg 430w, https:\/\/zxdoll.com\/wp-content\/uploads\/2024\/09\/free-doll-sex-fHf59d4-700x700.jpg 700w, https:\/\/zxdoll.com\/wp-content\/uploads\/2024\/09\/free-doll-sex-fHf59d4.jpg 1000w\" sizes=\"(max-width: 150px) 100vw, 150px\" title=\"\"><\/a><\/li><\/ul>\n<h4>M\u00e9rett\u00e1bl\u00e1zatok<\/h4>\n<table width=\"269\">\n<tbody>\n<tr>\n<td width=\"130\">Anyag<\/td>\n<td width=\"139\">TPR<\/td>\n<\/tr>\n<tr>\n<td>Magass\u00e1g<\/td>\n<td>10.23 inch<\/td>\n<\/tr>\n<tr>\n<td>Hossz<\/td>\n<td>13.38 inch<\/td>\n<\/tr>\n<tr>\n<td>Sz\u00e9less\u00e9g<\/td>\n<td>5.90 inch<\/td>\n<\/tr>\n<tr>\n<td>H\u00fcvely<\/td>\n<td>7,08 h\u00fcvelyk<\/td>\n<\/tr>\n<tr>\n<td>An\u00e1lis<\/td>\n<td>4,90 h\u00fcvelyk<\/td>\n<\/tr>\n<tr>\n<td width=\"130\">Nett\u00f3 t\u00f6meg<\/td>\n<td>13.44 lb<\/td>\n<\/tr>\n<\/tbody>\n<\/table>\n<h4>A szexbab\u00e1r\u00f3l<\/h4>\n<p>&nbsp;<\/p>","protected":false},"excerpt":{"rendered":"<p>Sex Doll Images Size Charts Material TPR Height 10.23 inch Length 13.38 inch Width 5.90 inch Vagina 7.08 inch Anal<\/p>","protected":false},"featured_media":156092,"comment_status":"open","ping_status":"closed","template":"","meta":[],"product_brand":[],"product_cat":[234,149,194,227],"product_tag":[],"class_list":{"0":"post-156079","1":"product","2":"type-product","3":"status-publish","4":"has-post-thumbnail","6":"product_cat-234","7":"product_cat-below-139cm-sex-dolls","8":"product_cat-cheap-sex-doll-torso","9":"product_cat-under-25kg","10":"pa_brand-xise-doll","11":"tm-has-options","13":"first","14":"instock","15":"shipping-taxable","16":"purchasable","17":"product-type-simple"},"_links":{"self":[{"href":"https:\/\/zxdoll.com\/hu\/wp-json\/wp\/v2\/product\/156079","targetHints":{"allow":["GET"]}}],"collection":[{"href":"https:\/\/zxdoll.com\/hu\/wp-json\/wp\/v2\/product"}],"about":[{"href":"https:\/\/zxdoll.com\/hu\/wp-json\/wp\/v2\/types\/product"}],"replies":[{"embeddable":true,"href":"https:\/\/zxdoll.com\/hu\/wp-json\/wp\/v2\/comments?post=156079"}],"version-history":[{"count":3,"href":"https:\/\/zxdoll.com\/hu\/wp-json\/wp\/v2\/product\/156079\/revisions"}],"predecessor-version":[{"id":186381,"href":"https:\/\/zxdoll.com\/hu\/wp-json\/wp\/v2\/product\/156079\/revisions\/186381"}],"wp:featuredmedia":[{"embeddable":true,"href":"https:\/\/zxdoll.com\/hu\/wp-json\/wp\/v2\/media\/156092"}],"wp:attachment":[{"href":"https:\/\/zxdoll.com\/hu\/wp-json\/wp\/v2\/media?parent=156079"}],"wp:term":[{"taxonomy":"product_brand","embeddable":true,"href":"https:\/\/zxdoll.com\/hu\/wp-json\/wp\/v2\/product_brand?post=156079"},{"taxonomy":"product_cat","embeddable":true,"href":"https:\/\/zxdoll.com\/hu\/wp-json\/wp\/v2\/product_cat?post=156079"},{"taxonomy":"product_tag","embeddable":true,"href":"https:\/\/zxdoll.com\/hu\/wp-json\/wp\/v2\/product_tag?post=156079"}],"curies":[{"name":"wp","href":"https:\/\/api.w.org\/{rel}","templated":true}]}}