{"id":154085,"date":"2023-08-09T03:37:09","date_gmt":"2023-08-08T19:37:09","guid":{"rendered":"https:\/\/zxdoll.com\/?post_type=product&#038;p=154085"},"modified":"2025-09-09T01:37:34","modified_gmt":"2025-09-08T17:37:34","slug":"life-like-mega-sex-doll-ass","status":"publish","type":"product","link":"https:\/\/zxdoll.com\/hu\/product\/life-like-mega-sex-doll-ass\/","title":{"rendered":"Life Like Mega Sex Doll Ass Carin 175cm"},"content":{"rendered":"<h4><strong>Szexbaba k\u00e9pek<\/strong><\/h4>\n\t                <ul class=\"easy-image-gallery thumbnails-13 linked\">\r\n                    <li><a data-fancybox=\"gallery326\" href=\"https:\/\/zxdoll.com\/wp-content\/uploads\/2023\/08\/maven-dolls-f5rg1-533x800.jpg\" class=\"eig-popup\" title=\"\" data-caption=\"\" target=\"_blank\"><i class=\"icon-view\"><\/i><span class=\"overlay\"><\/span><img decoding=\"async\" width=\"150\" height=\"150\" src=\"https:\/\/zxdoll.com\/wp-content\/uploads\/2023\/08\/maven-dolls-f5rg1-150x150.jpg\" class=\"attachment-thumbnail size-thumbnail\" alt=\"maven-dolls-f5rg1\" title=\"\"><\/a><\/li><li><a data-fancybox=\"gallery326\" href=\"https:\/\/zxdoll.com\/wp-content\/uploads\/2023\/08\/maven-dolls-f5rg2-533x800.jpg\" class=\"eig-popup\" title=\"\" data-caption=\"\" target=\"_blank\"><i class=\"icon-view\"><\/i><span class=\"overlay\"><\/span><img decoding=\"async\" width=\"150\" height=\"150\" src=\"https:\/\/zxdoll.com\/wp-content\/uploads\/2023\/08\/maven-dolls-f5rg2-150x150.jpg\" class=\"attachment-thumbnail size-thumbnail\" alt=\"maven-dolls-f5rg2\" title=\"\"><\/a><\/li><li><a data-fancybox=\"gallery326\" href=\"https:\/\/zxdoll.com\/wp-content\/uploads\/2023\/08\/maven-dolls-f5rg3-533x800.jpg\" class=\"eig-popup\" title=\"\" data-caption=\"\" target=\"_blank\"><i class=\"icon-view\"><\/i><span class=\"overlay\"><\/span><img decoding=\"async\" width=\"150\" height=\"150\" src=\"https:\/\/zxdoll.com\/wp-content\/uploads\/2023\/08\/maven-dolls-f5rg3-150x150.jpg\" class=\"attachment-thumbnail size-thumbnail\" alt=\"maven-dolls-f5rg3\" title=\"\"><\/a><\/li><li><a data-fancybox=\"gallery326\" href=\"https:\/\/zxdoll.com\/wp-content\/uploads\/2023\/08\/maven-dolls-f5rg4-533x800.jpg\" class=\"eig-popup\" title=\"\" data-caption=\"\" target=\"_blank\"><i class=\"icon-view\"><\/i><span class=\"overlay\"><\/span><img loading=\"lazy\" decoding=\"async\" width=\"150\" height=\"150\" src=\"https:\/\/zxdoll.com\/wp-content\/uploads\/2023\/08\/maven-dolls-f5rg4-150x150.jpg\" class=\"attachment-thumbnail size-thumbnail\" alt=\"maven-dolls-f5rg4\" title=\"\"><\/a><\/li><li><a data-fancybox=\"gallery326\" href=\"https:\/\/zxdoll.com\/wp-content\/uploads\/2023\/08\/maven-dolls-f5rg5.jpg\" class=\"eig-popup\" title=\"\" data-caption=\"\" target=\"_blank\"><i class=\"icon-view\"><\/i><span class=\"overlay\"><\/span><img loading=\"lazy\" decoding=\"async\" width=\"150\" height=\"150\" src=\"https:\/\/zxdoll.com\/wp-content\/uploads\/2023\/08\/maven-dolls-f5rg5-150x150.jpg\" class=\"attachment-thumbnail size-thumbnail\" alt=\"maven-dolls-f5rg5\" title=\"\"><\/a><\/li><li><a data-fancybox=\"gallery326\" href=\"https:\/\/zxdoll.com\/wp-content\/uploads\/2023\/08\/maven-dolls-f5rg6-533x800.jpg\" class=\"eig-popup\" title=\"\" data-caption=\"\" target=\"_blank\"><i class=\"icon-view\"><\/i><span class=\"overlay\"><\/span><img loading=\"lazy\" decoding=\"async\" width=\"150\" height=\"150\" src=\"https:\/\/zxdoll.com\/wp-content\/uploads\/2023\/08\/maven-dolls-f5rg6-150x150.jpg\" class=\"attachment-thumbnail size-thumbnail\" alt=\"maven-dolls-f5rg6\" title=\"\"><\/a><\/li><li><a data-fancybox=\"gallery326\" href=\"https:\/\/zxdoll.com\/wp-content\/uploads\/2023\/08\/maven-dolls-f5rg9-533x800.jpg\" class=\"eig-popup\" title=\"\" data-caption=\"\" target=\"_blank\"><i class=\"icon-view\"><\/i><span class=\"overlay\"><\/span><img loading=\"lazy\" decoding=\"async\" width=\"150\" height=\"150\" src=\"https:\/\/zxdoll.com\/wp-content\/uploads\/2023\/08\/maven-dolls-f5rg9-150x150.jpg\" class=\"attachment-thumbnail size-thumbnail\" alt=\"maven-dolls-f5rg9\" title=\"\"><\/a><\/li><li><a data-fancybox=\"gallery326\" href=\"https:\/\/zxdoll.com\/wp-content\/uploads\/2023\/08\/maven-dolls-f5rg12-533x800.jpg\" class=\"eig-popup\" title=\"\" data-caption=\"\" target=\"_blank\"><i class=\"icon-view\"><\/i><span class=\"overlay\"><\/span><img loading=\"lazy\" decoding=\"async\" width=\"150\" height=\"150\" src=\"https:\/\/zxdoll.com\/wp-content\/uploads\/2023\/08\/maven-dolls-f5rg12-150x150.jpg\" class=\"attachment-thumbnail size-thumbnail\" alt=\"maven-dolls-f5rg12\" title=\"\"><\/a><\/li><li><a data-fancybox=\"gallery326\" href=\"https:\/\/zxdoll.com\/wp-content\/uploads\/2023\/08\/maven-dolls-f5rg14-533x800.jpg\" class=\"eig-popup\" title=\"\" data-caption=\"\" target=\"_blank\"><i class=\"icon-view\"><\/i><span class=\"overlay\"><\/span><img loading=\"lazy\" decoding=\"async\" width=\"150\" height=\"150\" src=\"https:\/\/zxdoll.com\/wp-content\/uploads\/2023\/08\/maven-dolls-f5rg14-150x150.jpg\" class=\"attachment-thumbnail size-thumbnail\" alt=\"maven-dolls-f5rg14\" title=\"\"><\/a><\/li><li><a data-fancybox=\"gallery326\" href=\"https:\/\/zxdoll.com\/wp-content\/uploads\/2023\/08\/maven-dolls-f5rg15-533x800.jpg\" class=\"eig-popup\" title=\"\" data-caption=\"\" target=\"_blank\"><i class=\"icon-view\"><\/i><span class=\"overlay\"><\/span><img loading=\"lazy\" decoding=\"async\" width=\"150\" height=\"150\" src=\"https:\/\/zxdoll.com\/wp-content\/uploads\/2023\/08\/maven-dolls-f5rg15-150x150.jpg\" class=\"attachment-thumbnail size-thumbnail\" alt=\"maven-dolls-f5rg15\" title=\"\"><\/a><\/li><li><a data-fancybox=\"gallery326\" href=\"https:\/\/zxdoll.com\/wp-content\/uploads\/2023\/08\/maven-dolls-f5rg17-533x800.jpg\" class=\"eig-popup\" title=\"\" data-caption=\"\" target=\"_blank\"><i class=\"icon-view\"><\/i><span class=\"overlay\"><\/span><img loading=\"lazy\" decoding=\"async\" width=\"150\" height=\"150\" src=\"https:\/\/zxdoll.com\/wp-content\/uploads\/2023\/08\/maven-dolls-f5rg17-150x150.jpg\" class=\"attachment-thumbnail size-thumbnail\" alt=\"maven-dolls-f5rg17\" title=\"\"><\/a><\/li><li><a data-fancybox=\"gallery326\" href=\"https:\/\/zxdoll.com\/wp-content\/uploads\/2023\/08\/maven-dolls-f5rg19-533x800.jpg\" class=\"eig-popup\" title=\"\" data-caption=\"\" target=\"_blank\"><i class=\"icon-view\"><\/i><span class=\"overlay\"><\/span><img loading=\"lazy\" decoding=\"async\" width=\"150\" height=\"150\" src=\"https:\/\/zxdoll.com\/wp-content\/uploads\/2023\/08\/maven-dolls-f5rg19-150x150.jpg\" class=\"attachment-thumbnail size-thumbnail\" alt=\"maven-dolls-f5rg19\" title=\"\"><\/a><\/li><li><a data-fancybox=\"gallery326\" href=\"https:\/\/zxdoll.com\/wp-content\/uploads\/2023\/08\/maven-dolls-f5rg20-533x800.jpg\" class=\"eig-popup\" title=\"\" data-caption=\"\" target=\"_blank\"><i class=\"icon-view\"><\/i><span class=\"overlay\"><\/span><img loading=\"lazy\" decoding=\"async\" width=\"150\" height=\"150\" src=\"https:\/\/zxdoll.com\/wp-content\/uploads\/2023\/08\/maven-dolls-f5rg20-150x150.jpg\" class=\"attachment-thumbnail size-thumbnail\" alt=\"maven-dolls-f5rg20\" title=\"\"><\/a><\/li><\/ul>\n<h4>M\u00e9rett\u00e1bl\u00e1zatok<\/h4>\n<table width=\"333\">\n<tbody>\n<tr>\n<td width=\"145\">Anyag<\/td>\n<td width=\"188\">TPE<\/td>\n<\/tr>\n<tr>\n<td>Magass\u00e1g<\/td>\n<td width=\"188\">175 cm<\/td>\n<\/tr>\n<tr>\n<td width=\"145\">Fels\u0151 mellkas<\/td>\n<td>78 cm<\/td>\n<\/tr>\n<tr>\n<td width=\"145\">Als\u00f3 mellkas<\/td>\n<td>69 cm<\/td>\n<\/tr>\n<tr>\n<td width=\"145\">Der\u00e9k<\/td>\n<td>59 cm<\/td>\n<\/tr>\n<tr>\n<td width=\"145\">Cs\u00edp\u0151<\/td>\n<td>88,5 cm<\/td>\n<\/tr>\n<tr>\n<td width=\"145\">V\u00e1ll<\/td>\n<td>36 cm<\/td>\n<\/tr>\n<tr>\n<td width=\"145\">L\u00e1b hossz<\/td>\n<td>105 cm<\/td>\n<\/tr>\n<tr>\n<td width=\"145\">Comb<\/td>\n<td>49 cm<\/td>\n<\/tr>\n<tr>\n<td width=\"145\">Kar hossz\u00fas\u00e1g<\/td>\n<td>71 cm<\/td>\n<\/tr>\n<tr>\n<td width=\"145\">Egyetlen<\/td>\n<td>21 cm<\/td>\n<\/tr>\n<tr>\n<td width=\"145\">H\u00fcvelym\u00e9lys\u00e9g<\/td>\n<td>18 cm<\/td>\n<\/tr>\n<tr>\n<td width=\"145\">Or\u00e1lis m\u00e9lys\u00e9g<\/td>\n<td>10 cm<\/td>\n<\/tr>\n<tr>\n<td width=\"145\">An\u00e1lis m\u00e9lys\u00e9g<\/td>\n<td>15 cm<\/td>\n<\/tr>\n<tr>\n<td width=\"145\">Nett\u00f3 t\u00f6meg<\/td>\n<td>39 kg<\/td>\n<\/tr>\n<\/tbody>\n<\/table>\n<h4>A szexbab\u00e1r\u00f3l<\/h4>\n<p>&nbsp;<\/p>","protected":false},"excerpt":{"rendered":"<p>Szexbaba k\u00e9pek M\u00e9rett\u00e1bl\u00e1zatok Anyag TPE magass\u00e1g 175 cm mellkas fels\u0151 78 cm mellkas als\u00f3 69 cm der\u00e9k 59 cm cs\u00edp\u0151 88,5 cm v\u00e1ll<\/p>","protected":false},"featured_media":154100,"comment_status":"open","ping_status":"closed","template":"","meta":[],"product_brand":[],"product_cat":[119,230,124,170,107,117],"product_tag":[],"class_list":{"0":"post-154085","1":"product","2":"type-product","3":"status-publish","4":"has-post-thumbnail","6":"product_cat-tpe-sex-doll","7":"product_cat-36kg-40kg","8":"product_cat-above-171cm-sex-dolls","9":"product_cat-adult-sex-doll","10":"product_cat-skinny-sex-dolls","11":"product_cat-small-breast-sex-doll","12":"pa_brand-climax-doll","13":"tm-has-options","15":"first","16":"instock","17":"sale","18":"shipping-taxable","19":"purchasable","20":"product-type-simple"},"_links":{"self":[{"href":"https:\/\/zxdoll.com\/hu\/wp-json\/wp\/v2\/product\/154085","targetHints":{"allow":["GET"]}}],"collection":[{"href":"https:\/\/zxdoll.com\/hu\/wp-json\/wp\/v2\/product"}],"about":[{"href":"https:\/\/zxdoll.com\/hu\/wp-json\/wp\/v2\/types\/product"}],"replies":[{"embeddable":true,"href":"https:\/\/zxdoll.com\/hu\/wp-json\/wp\/v2\/comments?post=154085"}],"version-history":[{"count":1,"href":"https:\/\/zxdoll.com\/hu\/wp-json\/wp\/v2\/product\/154085\/revisions"}],"predecessor-version":[{"id":154140,"href":"https:\/\/zxdoll.com\/hu\/wp-json\/wp\/v2\/product\/154085\/revisions\/154140"}],"wp:featuredmedia":[{"embeddable":true,"href":"https:\/\/zxdoll.com\/hu\/wp-json\/wp\/v2\/media\/154100"}],"wp:attachment":[{"href":"https:\/\/zxdoll.com\/hu\/wp-json\/wp\/v2\/media?parent=154085"}],"wp:term":[{"taxonomy":"product_brand","embeddable":true,"href":"https:\/\/zxdoll.com\/hu\/wp-json\/wp\/v2\/product_brand?post=154085"},{"taxonomy":"product_cat","embeddable":true,"href":"https:\/\/zxdoll.com\/hu\/wp-json\/wp\/v2\/product_cat?post=154085"},{"taxonomy":"product_tag","embeddable":true,"href":"https:\/\/zxdoll.com\/hu\/wp-json\/wp\/v2\/product_tag?post=154085"}],"curies":[{"name":"wp","href":"https:\/\/api.w.org\/{rel}","templated":true}]}}