{"id":153828,"date":"2023-08-09T03:14:39","date_gmt":"2023-08-08T19:14:39","guid":{"rendered":"https:\/\/zxdoll.com\/?post_type=product&#038;p=153828"},"modified":"2025-09-09T00:46:37","modified_gmt":"2025-09-08T16:46:37","slug":"rent-adult-sex-doll-arizona-ass","status":"publish","type":"product","link":"https:\/\/zxdoll.com\/hu\/product\/rent-adult-sex-doll-arizona-ass\/","title":{"rendered":"B\u00e9reljen feln\u0151tt szexbaba Arizona Ass Calli 165 cm-es"},"content":{"rendered":"<h4><strong>Szexbaba k\u00e9pek<\/strong><\/h4>\n\t                <ul class=\"easy-image-gallery thumbnails-18 linked\">\r\n                    <li><a data-fancybox=\"gallery166\" href=\"https:\/\/zxdoll.com\/wp-content\/uploads\/2023\/08\/human-plush-doll-h7ud3-533x800.jpg\" class=\"eig-popup\" title=\"\" data-caption=\"\" target=\"_blank\"><i class=\"icon-view\"><\/i><span class=\"overlay\"><\/span><img decoding=\"async\" width=\"150\" height=\"150\" src=\"https:\/\/zxdoll.com\/wp-content\/uploads\/2023\/08\/human-plush-doll-h7ud3-150x150.jpg\" class=\"attachment-thumbnail size-thumbnail\" alt=\"\" title=\"\"><\/a><\/li><li><a data-fancybox=\"gallery166\" href=\"https:\/\/zxdoll.com\/wp-content\/uploads\/2023\/08\/human-plush-doll-h7ud4.jpg\" class=\"eig-popup\" title=\"\" data-caption=\"\" target=\"_blank\"><i class=\"icon-view\"><\/i><span class=\"overlay\"><\/span><img decoding=\"async\" width=\"150\" height=\"150\" src=\"https:\/\/zxdoll.com\/wp-content\/uploads\/2023\/08\/human-plush-doll-h7ud4-150x150.jpg\" class=\"attachment-thumbnail size-thumbnail\" alt=\"\" title=\"\"><\/a><\/li><li><a data-fancybox=\"gallery166\" href=\"https:\/\/zxdoll.com\/wp-content\/uploads\/2023\/08\/human-plush-doll-h7ud7.jpg\" class=\"eig-popup\" title=\"\" data-caption=\"\" target=\"_blank\"><i class=\"icon-view\"><\/i><span class=\"overlay\"><\/span><img decoding=\"async\" width=\"150\" height=\"150\" src=\"https:\/\/zxdoll.com\/wp-content\/uploads\/2023\/08\/human-plush-doll-h7ud7-150x150.jpg\" class=\"attachment-thumbnail size-thumbnail\" alt=\"\" title=\"\"><\/a><\/li><li><a data-fancybox=\"gallery166\" href=\"https:\/\/zxdoll.com\/wp-content\/uploads\/2023\/08\/human-plush-doll-h7ud8.jpg\" class=\"eig-popup\" title=\"\" data-caption=\"\" target=\"_blank\"><i class=\"icon-view\"><\/i><span class=\"overlay\"><\/span><img loading=\"lazy\" decoding=\"async\" width=\"150\" height=\"150\" src=\"https:\/\/zxdoll.com\/wp-content\/uploads\/2023\/08\/human-plush-doll-h7ud8-150x150.jpg\" class=\"attachment-thumbnail size-thumbnail\" alt=\"\" title=\"\"><\/a><\/li><li><a data-fancybox=\"gallery166\" href=\"https:\/\/zxdoll.com\/wp-content\/uploads\/2023\/08\/human-plush-doll-h7ud9.jpg\" class=\"eig-popup\" title=\"\" data-caption=\"\" target=\"_blank\"><i class=\"icon-view\"><\/i><span class=\"overlay\"><\/span><img loading=\"lazy\" decoding=\"async\" width=\"150\" height=\"150\" src=\"https:\/\/zxdoll.com\/wp-content\/uploads\/2023\/08\/human-plush-doll-h7ud9-150x150.jpg\" class=\"attachment-thumbnail size-thumbnail\" alt=\"\" title=\"\"><\/a><\/li><li><a data-fancybox=\"gallery166\" href=\"https:\/\/zxdoll.com\/wp-content\/uploads\/2023\/08\/human-plush-doll-h7ud10.jpg\" class=\"eig-popup\" title=\"\" data-caption=\"\" target=\"_blank\"><i class=\"icon-view\"><\/i><span class=\"overlay\"><\/span><img loading=\"lazy\" decoding=\"async\" width=\"150\" height=\"150\" src=\"https:\/\/zxdoll.com\/wp-content\/uploads\/2023\/08\/human-plush-doll-h7ud10-150x150.jpg\" class=\"attachment-thumbnail size-thumbnail\" alt=\"\" title=\"\"><\/a><\/li><li><a data-fancybox=\"gallery166\" href=\"https:\/\/zxdoll.com\/wp-content\/uploads\/2023\/08\/human-plush-doll-h7ud11-533x800.jpg\" class=\"eig-popup\" title=\"\" data-caption=\"\" target=\"_blank\"><i class=\"icon-view\"><\/i><span class=\"overlay\"><\/span><img loading=\"lazy\" decoding=\"async\" width=\"150\" height=\"150\" src=\"https:\/\/zxdoll.com\/wp-content\/uploads\/2023\/08\/human-plush-doll-h7ud11-150x150.jpg\" class=\"attachment-thumbnail size-thumbnail\" alt=\"\" title=\"\"><\/a><\/li><li><a data-fancybox=\"gallery166\" href=\"https:\/\/zxdoll.com\/wp-content\/uploads\/2023\/08\/human-plush-doll-h7ud12.jpg\" class=\"eig-popup\" title=\"\" data-caption=\"\" target=\"_blank\"><i class=\"icon-view\"><\/i><span class=\"overlay\"><\/span><img loading=\"lazy\" decoding=\"async\" width=\"150\" height=\"150\" src=\"https:\/\/zxdoll.com\/wp-content\/uploads\/2023\/08\/human-plush-doll-h7ud12-150x150.jpg\" class=\"attachment-thumbnail size-thumbnail\" alt=\"\" title=\"\"><\/a><\/li><li><a data-fancybox=\"gallery166\" href=\"https:\/\/zxdoll.com\/wp-content\/uploads\/2023\/08\/human-plush-doll-h7ud13.jpg\" class=\"eig-popup\" title=\"\" data-caption=\"\" target=\"_blank\"><i class=\"icon-view\"><\/i><span class=\"overlay\"><\/span><img loading=\"lazy\" decoding=\"async\" width=\"150\" height=\"150\" src=\"https:\/\/zxdoll.com\/wp-content\/uploads\/2023\/08\/human-plush-doll-h7ud13-150x150.jpg\" class=\"attachment-thumbnail size-thumbnail\" alt=\"\" title=\"\"><\/a><\/li><li><a data-fancybox=\"gallery166\" href=\"https:\/\/zxdoll.com\/wp-content\/uploads\/2023\/08\/human-plush-doll-h7ud14.jpg\" class=\"eig-popup\" title=\"\" data-caption=\"\" target=\"_blank\"><i class=\"icon-view\"><\/i><span class=\"overlay\"><\/span><img loading=\"lazy\" decoding=\"async\" width=\"150\" height=\"150\" src=\"https:\/\/zxdoll.com\/wp-content\/uploads\/2023\/08\/human-plush-doll-h7ud14-150x150.jpg\" class=\"attachment-thumbnail size-thumbnail\" alt=\"\" title=\"\"><\/a><\/li><li><a data-fancybox=\"gallery166\" href=\"https:\/\/zxdoll.com\/wp-content\/uploads\/2023\/08\/human-plush-doll-h7ud15.jpg\" class=\"eig-popup\" title=\"\" data-caption=\"\" target=\"_blank\"><i class=\"icon-view\"><\/i><span class=\"overlay\"><\/span><img loading=\"lazy\" decoding=\"async\" width=\"150\" height=\"150\" src=\"https:\/\/zxdoll.com\/wp-content\/uploads\/2023\/08\/human-plush-doll-h7ud15-150x150.jpg\" class=\"attachment-thumbnail size-thumbnail\" alt=\"\" title=\"\"><\/a><\/li><li><a data-fancybox=\"gallery166\" href=\"https:\/\/zxdoll.com\/wp-content\/uploads\/2023\/08\/human-plush-doll-h7ud16-533x800.jpg\" class=\"eig-popup\" title=\"\" data-caption=\"\" target=\"_blank\"><i class=\"icon-view\"><\/i><span class=\"overlay\"><\/span><img loading=\"lazy\" decoding=\"async\" width=\"150\" height=\"150\" src=\"https:\/\/zxdoll.com\/wp-content\/uploads\/2023\/08\/human-plush-doll-h7ud16-150x150.jpg\" class=\"attachment-thumbnail size-thumbnail\" alt=\"\" title=\"\"><\/a><\/li><li><a data-fancybox=\"gallery166\" href=\"https:\/\/zxdoll.com\/wp-content\/uploads\/2023\/08\/human-plush-doll-h7ud17.jpg\" class=\"eig-popup\" title=\"\" data-caption=\"\" target=\"_blank\"><i class=\"icon-view\"><\/i><span class=\"overlay\"><\/span><img loading=\"lazy\" decoding=\"async\" width=\"150\" height=\"150\" src=\"https:\/\/zxdoll.com\/wp-content\/uploads\/2023\/08\/human-plush-doll-h7ud17-150x150.jpg\" class=\"attachment-thumbnail size-thumbnail\" alt=\"\" title=\"\"><\/a><\/li><li><a data-fancybox=\"gallery166\" href=\"https:\/\/zxdoll.com\/wp-content\/uploads\/2023\/08\/human-plush-doll-h7ud18.jpg\" class=\"eig-popup\" title=\"\" data-caption=\"\" target=\"_blank\"><i class=\"icon-view\"><\/i><span class=\"overlay\"><\/span><img loading=\"lazy\" decoding=\"async\" width=\"150\" height=\"150\" src=\"https:\/\/zxdoll.com\/wp-content\/uploads\/2023\/08\/human-plush-doll-h7ud18-150x150.jpg\" class=\"attachment-thumbnail size-thumbnail\" alt=\"\" title=\"\"><\/a><\/li><li><a data-fancybox=\"gallery166\" href=\"https:\/\/zxdoll.com\/wp-content\/uploads\/2023\/08\/human-plush-doll-h7ud19-533x800.jpg\" class=\"eig-popup\" title=\"\" data-caption=\"\" target=\"_blank\"><i class=\"icon-view\"><\/i><span class=\"overlay\"><\/span><img loading=\"lazy\" decoding=\"async\" width=\"150\" height=\"150\" src=\"https:\/\/zxdoll.com\/wp-content\/uploads\/2023\/08\/human-plush-doll-h7ud19-150x150.jpg\" class=\"attachment-thumbnail size-thumbnail\" alt=\"\" title=\"\"><\/a><\/li><li><a data-fancybox=\"gallery166\" href=\"https:\/\/zxdoll.com\/wp-content\/uploads\/2023\/08\/human-plush-doll-h7ud20-533x800.jpg\" class=\"eig-popup\" title=\"\" data-caption=\"\" target=\"_blank\"><i class=\"icon-view\"><\/i><span class=\"overlay\"><\/span><img loading=\"lazy\" decoding=\"async\" width=\"150\" height=\"150\" src=\"https:\/\/zxdoll.com\/wp-content\/uploads\/2023\/08\/human-plush-doll-h7ud20-150x150.jpg\" class=\"attachment-thumbnail size-thumbnail\" alt=\"\" title=\"\"><\/a><\/li><li><a data-fancybox=\"gallery166\" href=\"https:\/\/zxdoll.com\/wp-content\/uploads\/2023\/08\/human-plush-doll-h7ud21-533x800.jpg\" class=\"eig-popup\" title=\"\" data-caption=\"\" target=\"_blank\"><i class=\"icon-view\"><\/i><span class=\"overlay\"><\/span><img loading=\"lazy\" decoding=\"async\" width=\"150\" height=\"150\" src=\"https:\/\/zxdoll.com\/wp-content\/uploads\/2023\/08\/human-plush-doll-h7ud21-150x150.jpg\" class=\"attachment-thumbnail size-thumbnail\" alt=\"\" title=\"\"><\/a><\/li><li><a data-fancybox=\"gallery166\" href=\"https:\/\/zxdoll.com\/wp-content\/uploads\/2023\/08\/human-plush-doll-h7ud22-533x800.jpg\" class=\"eig-popup\" title=\"\" data-caption=\"\" target=\"_blank\"><i class=\"icon-view\"><\/i><span class=\"overlay\"><\/span><img loading=\"lazy\" decoding=\"async\" width=\"150\" height=\"150\" src=\"https:\/\/zxdoll.com\/wp-content\/uploads\/2023\/08\/human-plush-doll-h7ud22-150x150.jpg\" class=\"attachment-thumbnail size-thumbnail\" alt=\"\" title=\"\"><\/a><\/li><\/ul>\n<h4>M\u00e9rett\u00e1bl\u00e1zatok<\/h4>\n<table width=\"333\">\n<tbody>\n<tr>\n<td width=\"145\">Anyag<\/td>\n<td width=\"188\">TPE<\/td>\n<\/tr>\n<tr>\n<td>Magass\u00e1g<\/td>\n<td width=\"188\">165 cm<\/td>\n<\/tr>\n<tr>\n<td width=\"145\">Fels\u0151 mellkas<\/td>\n<td>88 cm<\/td>\n<\/tr>\n<tr>\n<td width=\"145\">Als\u00f3 mellkas<\/td>\n<td>64 cm<\/td>\n<\/tr>\n<tr>\n<td width=\"145\">Der\u00e9k<\/td>\n<td>54 cm<\/td>\n<\/tr>\n<tr>\n<td width=\"145\">Cs\u00edp\u0151<\/td>\n<td>87 cm<\/td>\n<\/tr>\n<tr>\n<td width=\"145\">V\u00e1ll<\/td>\n<td>37 cm<\/td>\n<\/tr>\n<tr>\n<td width=\"145\">L\u00e1b hossz<\/td>\n<td>94 cm<\/td>\n<\/tr>\n<tr>\n<td width=\"145\">Comb<\/td>\n<td>49 cm<\/td>\n<\/tr>\n<tr>\n<td width=\"145\">Kar hossz\u00fas\u00e1g<\/td>\n<td>65 cm<\/td>\n<\/tr>\n<tr>\n<td width=\"145\">Egyetlen<\/td>\n<td>21 cm<\/td>\n<\/tr>\n<tr>\n<td width=\"145\">H\u00fcvelym\u00e9lys\u00e9g<\/td>\n<td>18 cm<\/td>\n<\/tr>\n<tr>\n<td width=\"145\">Or\u00e1lis m\u00e9lys\u00e9g<\/td>\n<td>10 cm<\/td>\n<\/tr>\n<tr>\n<td width=\"145\">An\u00e1lis m\u00e9lys\u00e9g<\/td>\n<td>15 cm<\/td>\n<\/tr>\n<tr>\n<td width=\"145\">Nett\u00f3 t\u00f6meg<\/td>\n<td>33 kg<\/td>\n<\/tr>\n<\/tbody>\n<\/table>\n<h4>A szexbab\u00e1r\u00f3l<\/h4>\n<p>&nbsp;<\/p>","protected":false},"excerpt":{"rendered":"<p>Szexbaba k\u00e9pek M\u00e9rett\u00e1bl\u00e1zatok Anyag TPE magass\u00e1g 165 cm mellkas fels\u0151 88 cm mellkas als\u00f3 64 cm der\u00e9k 54 cm cs\u00edp\u0151 87 cm v\u00e1ll<\/p>","protected":false},"featured_media":153844,"comment_status":"open","ping_status":"closed","template":"","meta":[],"product_brand":[],"product_cat":[119,75,229,170,116,107],"product_tag":[],"class_list":{"0":"post-153828","1":"product","2":"type-product","3":"status-publish","4":"has-post-thumbnail","6":"product_cat-tpe-sex-doll","7":"product_cat-160cm-170cm-sex-dolls","8":"product_cat-31kg-35kg","9":"product_cat-adult-sex-doll","10":"product_cat-big-boobs-sex-doll","11":"product_cat-skinny-sex-dolls","12":"pa_brand-climax-doll","13":"tm-has-options","15":"first","16":"instock","17":"sale","18":"shipping-taxable","19":"purchasable","20":"product-type-simple"},"_links":{"self":[{"href":"https:\/\/zxdoll.com\/hu\/wp-json\/wp\/v2\/product\/153828","targetHints":{"allow":["GET"]}}],"collection":[{"href":"https:\/\/zxdoll.com\/hu\/wp-json\/wp\/v2\/product"}],"about":[{"href":"https:\/\/zxdoll.com\/hu\/wp-json\/wp\/v2\/types\/product"}],"replies":[{"embeddable":true,"href":"https:\/\/zxdoll.com\/hu\/wp-json\/wp\/v2\/comments?post=153828"}],"version-history":[{"count":1,"href":"https:\/\/zxdoll.com\/hu\/wp-json\/wp\/v2\/product\/153828\/revisions"}],"predecessor-version":[{"id":153885,"href":"https:\/\/zxdoll.com\/hu\/wp-json\/wp\/v2\/product\/153828\/revisions\/153885"}],"wp:featuredmedia":[{"embeddable":true,"href":"https:\/\/zxdoll.com\/hu\/wp-json\/wp\/v2\/media\/153844"}],"wp:attachment":[{"href":"https:\/\/zxdoll.com\/hu\/wp-json\/wp\/v2\/media?parent=153828"}],"wp:term":[{"taxonomy":"product_brand","embeddable":true,"href":"https:\/\/zxdoll.com\/hu\/wp-json\/wp\/v2\/product_brand?post=153828"},{"taxonomy":"product_cat","embeddable":true,"href":"https:\/\/zxdoll.com\/hu\/wp-json\/wp\/v2\/product_cat?post=153828"},{"taxonomy":"product_tag","embeddable":true,"href":"https:\/\/zxdoll.com\/hu\/wp-json\/wp\/v2\/product_tag?post=153828"}],"curies":[{"name":"wp","href":"https:\/\/api.w.org\/{rel}","templated":true}]}}