{"id":152908,"date":"2023-08-09T01:54:06","date_gmt":"2023-08-08T17:54:06","guid":{"rendered":"https:\/\/zxdoll.com\/?post_type=product&#038;p=152908"},"modified":"2025-09-09T00:09:50","modified_gmt":"2025-09-08T16:09:50","slug":"infection-from-sex-doll-big-ass","status":"publish","type":"product","link":"https:\/\/zxdoll.com\/hu\/product\/infection-from-sex-doll-big-ass\/","title":{"rendered":"Fert\u0151z\u00e9s szex bab\u00e1t\u00f3l Big Ass Berti 155cm"},"content":{"rendered":"<h4><strong>Szexbaba k\u00e9pek<\/strong><\/h4>\n\t                <ul class=\"easy-image-gallery thumbnails-26 linked\">\r\n                    <li><a data-fancybox=\"gallery563\" href=\"https:\/\/zxdoll.com\/wp-content\/uploads\/2023\/08\/harmony-realdoll-6r5t1-533x800.jpg\" class=\"eig-popup\" title=\"\" data-caption=\"\" target=\"_blank\"><i class=\"icon-view\"><\/i><span class=\"overlay\"><\/span><img decoding=\"async\" width=\"150\" height=\"150\" src=\"https:\/\/zxdoll.com\/wp-content\/uploads\/2023\/08\/harmony-realdoll-6r5t1-150x150.jpg\" class=\"attachment-thumbnail size-thumbnail\" alt=\"\" title=\"\"><\/a><\/li><li><a data-fancybox=\"gallery563\" href=\"https:\/\/zxdoll.com\/wp-content\/uploads\/2023\/08\/harmony-realdoll-6r5t4.jpg\" class=\"eig-popup\" title=\"\" data-caption=\"\" target=\"_blank\"><i class=\"icon-view\"><\/i><span class=\"overlay\"><\/span><img decoding=\"async\" width=\"150\" height=\"150\" src=\"https:\/\/zxdoll.com\/wp-content\/uploads\/2023\/08\/harmony-realdoll-6r5t4-150x150.jpg\" class=\"attachment-thumbnail size-thumbnail\" alt=\"\" title=\"\"><\/a><\/li><li><a data-fancybox=\"gallery563\" href=\"https:\/\/zxdoll.com\/wp-content\/uploads\/2023\/08\/harmony-realdoll-6r5t6-533x800.jpg\" class=\"eig-popup\" title=\"\" data-caption=\"\" target=\"_blank\"><i class=\"icon-view\"><\/i><span class=\"overlay\"><\/span><img decoding=\"async\" width=\"150\" height=\"150\" src=\"https:\/\/zxdoll.com\/wp-content\/uploads\/2023\/08\/harmony-realdoll-6r5t6-150x150.jpg\" class=\"attachment-thumbnail size-thumbnail\" alt=\"\" title=\"\"><\/a><\/li><li><a data-fancybox=\"gallery563\" href=\"https:\/\/zxdoll.com\/wp-content\/uploads\/2023\/08\/harmony-realdoll-6r5t8-533x800.jpg\" class=\"eig-popup\" title=\"\" data-caption=\"\" target=\"_blank\"><i class=\"icon-view\"><\/i><span class=\"overlay\"><\/span><img loading=\"lazy\" decoding=\"async\" width=\"150\" height=\"150\" src=\"https:\/\/zxdoll.com\/wp-content\/uploads\/2023\/08\/harmony-realdoll-6r5t8-150x150.jpg\" class=\"attachment-thumbnail size-thumbnail\" alt=\"\" title=\"\"><\/a><\/li><li><a data-fancybox=\"gallery563\" href=\"https:\/\/zxdoll.com\/wp-content\/uploads\/2023\/08\/harmony-realdoll-6r5t9-533x800.jpg\" class=\"eig-popup\" title=\"\" data-caption=\"\" target=\"_blank\"><i class=\"icon-view\"><\/i><span class=\"overlay\"><\/span><img loading=\"lazy\" decoding=\"async\" width=\"150\" height=\"150\" src=\"https:\/\/zxdoll.com\/wp-content\/uploads\/2023\/08\/harmony-realdoll-6r5t9-150x150.jpg\" class=\"attachment-thumbnail size-thumbnail\" alt=\"\" title=\"\"><\/a><\/li><li><a data-fancybox=\"gallery563\" href=\"https:\/\/zxdoll.com\/wp-content\/uploads\/2023\/08\/harmony-realdoll-6r5t11-533x800.jpg\" class=\"eig-popup\" title=\"\" data-caption=\"\" target=\"_blank\"><i class=\"icon-view\"><\/i><span class=\"overlay\"><\/span><img loading=\"lazy\" decoding=\"async\" width=\"150\" height=\"150\" src=\"https:\/\/zxdoll.com\/wp-content\/uploads\/2023\/08\/harmony-realdoll-6r5t11-150x150.jpg\" class=\"attachment-thumbnail size-thumbnail\" alt=\"\" title=\"\"><\/a><\/li><li><a data-fancybox=\"gallery563\" href=\"https:\/\/zxdoll.com\/wp-content\/uploads\/2023\/08\/harmony-realdoll-6r5t12-533x800.jpg\" class=\"eig-popup\" title=\"\" data-caption=\"\" target=\"_blank\"><i class=\"icon-view\"><\/i><span class=\"overlay\"><\/span><img loading=\"lazy\" decoding=\"async\" width=\"150\" height=\"150\" src=\"https:\/\/zxdoll.com\/wp-content\/uploads\/2023\/08\/harmony-realdoll-6r5t12-150x150.jpg\" class=\"attachment-thumbnail size-thumbnail\" alt=\"\" title=\"\"><\/a><\/li><li><a data-fancybox=\"gallery563\" href=\"https:\/\/zxdoll.com\/wp-content\/uploads\/2023\/08\/harmony-realdoll-6r5t13-533x800.jpg\" class=\"eig-popup\" title=\"\" data-caption=\"\" target=\"_blank\"><i class=\"icon-view\"><\/i><span class=\"overlay\"><\/span><img loading=\"lazy\" decoding=\"async\" width=\"150\" height=\"150\" src=\"https:\/\/zxdoll.com\/wp-content\/uploads\/2023\/08\/harmony-realdoll-6r5t13-150x150.jpg\" class=\"attachment-thumbnail size-thumbnail\" alt=\"\" title=\"\"><\/a><\/li><li><a data-fancybox=\"gallery563\" href=\"https:\/\/zxdoll.com\/wp-content\/uploads\/2023\/08\/harmony-realdoll-6r5t14-533x800.jpg\" class=\"eig-popup\" title=\"\" data-caption=\"\" target=\"_blank\"><i class=\"icon-view\"><\/i><span class=\"overlay\"><\/span><img loading=\"lazy\" decoding=\"async\" width=\"150\" height=\"150\" src=\"https:\/\/zxdoll.com\/wp-content\/uploads\/2023\/08\/harmony-realdoll-6r5t14-150x150.jpg\" class=\"attachment-thumbnail size-thumbnail\" alt=\"\" title=\"\"><\/a><\/li><li><a data-fancybox=\"gallery563\" href=\"https:\/\/zxdoll.com\/wp-content\/uploads\/2023\/08\/harmony-realdoll-6r5t17-533x800.jpg\" class=\"eig-popup\" title=\"\" data-caption=\"\" target=\"_blank\"><i class=\"icon-view\"><\/i><span class=\"overlay\"><\/span><img loading=\"lazy\" decoding=\"async\" width=\"150\" height=\"150\" src=\"https:\/\/zxdoll.com\/wp-content\/uploads\/2023\/08\/harmony-realdoll-6r5t17-150x150.jpg\" class=\"attachment-thumbnail size-thumbnail\" alt=\"\" title=\"\"><\/a><\/li><li><a data-fancybox=\"gallery563\" href=\"https:\/\/zxdoll.com\/wp-content\/uploads\/2023\/08\/harmony-realdoll-6r5t18-533x800.jpg\" class=\"eig-popup\" title=\"\" data-caption=\"\" target=\"_blank\"><i class=\"icon-view\"><\/i><span class=\"overlay\"><\/span><img loading=\"lazy\" decoding=\"async\" width=\"150\" height=\"150\" src=\"https:\/\/zxdoll.com\/wp-content\/uploads\/2023\/08\/harmony-realdoll-6r5t18-150x150.jpg\" class=\"attachment-thumbnail size-thumbnail\" alt=\"\" title=\"\"><\/a><\/li><li><a data-fancybox=\"gallery563\" href=\"https:\/\/zxdoll.com\/wp-content\/uploads\/2023\/08\/harmony-realdoll-6r5t19-533x800.jpg\" class=\"eig-popup\" title=\"\" data-caption=\"\" target=\"_blank\"><i class=\"icon-view\"><\/i><span class=\"overlay\"><\/span><img loading=\"lazy\" decoding=\"async\" width=\"150\" height=\"150\" src=\"https:\/\/zxdoll.com\/wp-content\/uploads\/2023\/08\/harmony-realdoll-6r5t19-150x150.jpg\" class=\"attachment-thumbnail size-thumbnail\" alt=\"\" title=\"\"><\/a><\/li><li><a data-fancybox=\"gallery563\" href=\"https:\/\/zxdoll.com\/wp-content\/uploads\/2023\/08\/harmony-realdoll-6r5t24-533x800.jpg\" class=\"eig-popup\" title=\"\" data-caption=\"\" target=\"_blank\"><i class=\"icon-view\"><\/i><span class=\"overlay\"><\/span><img loading=\"lazy\" decoding=\"async\" width=\"150\" height=\"150\" src=\"https:\/\/zxdoll.com\/wp-content\/uploads\/2023\/08\/harmony-realdoll-6r5t24-150x150.jpg\" class=\"attachment-thumbnail size-thumbnail\" alt=\"\" title=\"\"><\/a><\/li><li><a data-fancybox=\"gallery563\" href=\"https:\/\/zxdoll.com\/wp-content\/uploads\/2023\/08\/harmony-realdoll-6r5t27-533x800.jpg\" class=\"eig-popup\" title=\"\" data-caption=\"\" target=\"_blank\"><i class=\"icon-view\"><\/i><span class=\"overlay\"><\/span><img loading=\"lazy\" decoding=\"async\" width=\"150\" height=\"150\" src=\"https:\/\/zxdoll.com\/wp-content\/uploads\/2023\/08\/harmony-realdoll-6r5t27-150x150.jpg\" class=\"attachment-thumbnail size-thumbnail\" alt=\"\" title=\"\"><\/a><\/li><li><a data-fancybox=\"gallery563\" href=\"https:\/\/zxdoll.com\/wp-content\/uploads\/2023\/08\/harmony-realdoll-6r5t31-533x800.jpg\" class=\"eig-popup\" title=\"\" data-caption=\"\" target=\"_blank\"><i class=\"icon-view\"><\/i><span class=\"overlay\"><\/span><img loading=\"lazy\" decoding=\"async\" width=\"150\" height=\"150\" src=\"https:\/\/zxdoll.com\/wp-content\/uploads\/2023\/08\/harmony-realdoll-6r5t31-150x150.jpg\" class=\"attachment-thumbnail size-thumbnail\" alt=\"\" title=\"\"><\/a><\/li><li><a data-fancybox=\"gallery563\" href=\"https:\/\/zxdoll.com\/wp-content\/uploads\/2023\/08\/harmony-realdoll-6r5t32-533x800.jpg\" class=\"eig-popup\" title=\"\" data-caption=\"\" target=\"_blank\"><i class=\"icon-view\"><\/i><span class=\"overlay\"><\/span><img loading=\"lazy\" decoding=\"async\" width=\"150\" height=\"150\" src=\"https:\/\/zxdoll.com\/wp-content\/uploads\/2023\/08\/harmony-realdoll-6r5t32-150x150.jpg\" class=\"attachment-thumbnail size-thumbnail\" alt=\"\" title=\"\"><\/a><\/li><li><a data-fancybox=\"gallery563\" href=\"https:\/\/zxdoll.com\/wp-content\/uploads\/2023\/08\/harmony-realdoll-6r5t34-533x800.jpg\" class=\"eig-popup\" title=\"\" data-caption=\"\" target=\"_blank\"><i class=\"icon-view\"><\/i><span class=\"overlay\"><\/span><img loading=\"lazy\" decoding=\"async\" width=\"150\" height=\"150\" src=\"https:\/\/zxdoll.com\/wp-content\/uploads\/2023\/08\/harmony-realdoll-6r5t34-150x150.jpg\" class=\"attachment-thumbnail size-thumbnail\" alt=\"\" title=\"\"><\/a><\/li><li><a data-fancybox=\"gallery563\" href=\"https:\/\/zxdoll.com\/wp-content\/uploads\/2023\/08\/harmony-realdoll-6r5t35-533x800.jpg\" class=\"eig-popup\" title=\"\" data-caption=\"\" target=\"_blank\"><i class=\"icon-view\"><\/i><span class=\"overlay\"><\/span><img loading=\"lazy\" decoding=\"async\" width=\"150\" height=\"150\" src=\"https:\/\/zxdoll.com\/wp-content\/uploads\/2023\/08\/harmony-realdoll-6r5t35-150x150.jpg\" class=\"attachment-thumbnail size-thumbnail\" alt=\"\" title=\"\"><\/a><\/li><li><a data-fancybox=\"gallery563\" href=\"https:\/\/zxdoll.com\/wp-content\/uploads\/2023\/08\/harmony-realdoll-6r5t36.jpg\" class=\"eig-popup\" title=\"\" data-caption=\"\" target=\"_blank\"><i class=\"icon-view\"><\/i><span class=\"overlay\"><\/span><img loading=\"lazy\" decoding=\"async\" width=\"150\" height=\"150\" src=\"https:\/\/zxdoll.com\/wp-content\/uploads\/2023\/08\/harmony-realdoll-6r5t36-150x150.jpg\" class=\"attachment-thumbnail size-thumbnail\" alt=\"\" title=\"\"><\/a><\/li><li><a data-fancybox=\"gallery563\" href=\"https:\/\/zxdoll.com\/wp-content\/uploads\/2023\/08\/harmony-realdoll-6r5t37-533x800.jpg\" class=\"eig-popup\" title=\"\" data-caption=\"\" target=\"_blank\"><i class=\"icon-view\"><\/i><span class=\"overlay\"><\/span><img loading=\"lazy\" decoding=\"async\" width=\"150\" height=\"150\" src=\"https:\/\/zxdoll.com\/wp-content\/uploads\/2023\/08\/harmony-realdoll-6r5t37-150x150.jpg\" class=\"attachment-thumbnail size-thumbnail\" alt=\"\" title=\"\"><\/a><\/li><li><a data-fancybox=\"gallery563\" href=\"https:\/\/zxdoll.com\/wp-content\/uploads\/2023\/08\/harmony-realdoll-6r5t38.jpg\" class=\"eig-popup\" title=\"\" data-caption=\"\" target=\"_blank\"><i class=\"icon-view\"><\/i><span class=\"overlay\"><\/span><img loading=\"lazy\" decoding=\"async\" width=\"150\" height=\"150\" src=\"https:\/\/zxdoll.com\/wp-content\/uploads\/2023\/08\/harmony-realdoll-6r5t38-150x150.jpg\" class=\"attachment-thumbnail size-thumbnail\" alt=\"\" title=\"\"><\/a><\/li><li><a data-fancybox=\"gallery563\" href=\"https:\/\/zxdoll.com\/wp-content\/uploads\/2023\/08\/harmony-realdoll-6r5t39-533x800.jpg\" class=\"eig-popup\" title=\"\" data-caption=\"\" target=\"_blank\"><i class=\"icon-view\"><\/i><span class=\"overlay\"><\/span><img loading=\"lazy\" decoding=\"async\" width=\"150\" height=\"150\" src=\"https:\/\/zxdoll.com\/wp-content\/uploads\/2023\/08\/harmony-realdoll-6r5t39-150x150.jpg\" class=\"attachment-thumbnail size-thumbnail\" alt=\"\" title=\"\"><\/a><\/li><li><a data-fancybox=\"gallery563\" href=\"https:\/\/zxdoll.com\/wp-content\/uploads\/2023\/08\/harmony-realdoll-6r5t40.jpg\" class=\"eig-popup\" title=\"\" data-caption=\"\" target=\"_blank\"><i class=\"icon-view\"><\/i><span class=\"overlay\"><\/span><img loading=\"lazy\" decoding=\"async\" width=\"150\" height=\"150\" src=\"https:\/\/zxdoll.com\/wp-content\/uploads\/2023\/08\/harmony-realdoll-6r5t40-150x150.jpg\" class=\"attachment-thumbnail size-thumbnail\" alt=\"\" title=\"\"><\/a><\/li><li><a data-fancybox=\"gallery563\" href=\"https:\/\/zxdoll.com\/wp-content\/uploads\/2023\/08\/harmony-realdoll-6r5t41.jpg\" class=\"eig-popup\" title=\"\" data-caption=\"\" target=\"_blank\"><i class=\"icon-view\"><\/i><span class=\"overlay\"><\/span><img loading=\"lazy\" decoding=\"async\" width=\"150\" height=\"150\" src=\"https:\/\/zxdoll.com\/wp-content\/uploads\/2023\/08\/harmony-realdoll-6r5t41-150x150.jpg\" class=\"attachment-thumbnail size-thumbnail\" alt=\"\" title=\"\"><\/a><\/li><li><a data-fancybox=\"gallery563\" href=\"https:\/\/zxdoll.com\/wp-content\/uploads\/2023\/08\/harmony-realdoll-6r5t42.jpg\" class=\"eig-popup\" title=\"\" data-caption=\"\" target=\"_blank\"><i class=\"icon-view\"><\/i><span class=\"overlay\"><\/span><img loading=\"lazy\" decoding=\"async\" width=\"150\" height=\"150\" src=\"https:\/\/zxdoll.com\/wp-content\/uploads\/2023\/08\/harmony-realdoll-6r5t42-150x150.jpg\" class=\"attachment-thumbnail size-thumbnail\" alt=\"\" title=\"\"><\/a><\/li><li><a data-fancybox=\"gallery563\" href=\"https:\/\/zxdoll.com\/wp-content\/uploads\/2023\/08\/harmony-realdoll-6r5t43.jpg\" class=\"eig-popup\" title=\"\" data-caption=\"\" target=\"_blank\"><i class=\"icon-view\"><\/i><span class=\"overlay\"><\/span><img loading=\"lazy\" decoding=\"async\" width=\"150\" height=\"150\" src=\"https:\/\/zxdoll.com\/wp-content\/uploads\/2023\/08\/harmony-realdoll-6r5t43-150x150.jpg\" class=\"attachment-thumbnail size-thumbnail\" alt=\"\" title=\"\"><\/a><\/li><\/ul>\n<h4>M\u00e9rett\u00e1bl\u00e1zatok<\/h4>\n<table width=\"333\">\n<tbody>\n<tr>\n<td width=\"145\">Anyag<\/td>\n<td width=\"188\">TPE<\/td>\n<\/tr>\n<tr>\n<td>Magass\u00e1g<\/td>\n<td width=\"188\">155 cm<\/td>\n<\/tr>\n<tr>\n<td width=\"145\">Fels\u0151 mellkas<\/td>\n<td>102 cm<\/td>\n<\/tr>\n<tr>\n<td width=\"145\">Als\u00f3 mellkas<\/td>\n<td>64 cm<\/td>\n<\/tr>\n<tr>\n<td width=\"145\">Der\u00e9k<\/td>\n<td>60,5 cm<\/td>\n<\/tr>\n<tr>\n<td width=\"145\">Cs\u00edp\u0151<\/td>\n<td>107 cm<\/td>\n<\/tr>\n<tr>\n<td width=\"145\">V\u00e1ll<\/td>\n<td>37 cm<\/td>\n<\/tr>\n<tr>\n<td width=\"145\">L\u00e1b hossz<\/td>\n<td>81 cm<\/td>\n<\/tr>\n<tr>\n<td width=\"145\">Comb<\/td>\n<td>56,5 cm<\/td>\n<\/tr>\n<tr>\n<td width=\"145\">Kar hossz\u00fas\u00e1g<\/td>\n<td>59 cm<\/td>\n<\/tr>\n<tr>\n<td width=\"145\">Egyetlen<\/td>\n<td>21 cm<\/td>\n<\/tr>\n<tr>\n<td width=\"145\">H\u00fcvelym\u00e9lys\u00e9g<\/td>\n<td>18 cm<\/td>\n<\/tr>\n<tr>\n<td width=\"145\">Or\u00e1lis m\u00e9lys\u00e9g<\/td>\n<td>10 cm<\/td>\n<\/tr>\n<tr>\n<td width=\"145\">An\u00e1lis m\u00e9lys\u00e9g<\/td>\n<td>15 cm<\/td>\n<\/tr>\n<tr>\n<td width=\"145\">Nett\u00f3 t\u00f6meg<\/td>\n<td>43 kg<\/td>\n<\/tr>\n<\/tbody>\n<\/table>\n<h4>A szexbab\u00e1r\u00f3l<\/h4>\n<p>&nbsp;<\/p>","protected":false},"excerpt":{"rendered":"<p>Szexbaba k\u00e9pek M\u00e9rett\u00e1bl\u00e1zatok Anyag TPE magass\u00e1g 155 cm mellkas fels\u0151 102 cm mellkas als\u00f3 64 cm der\u00e9k 60,5 cm cs\u00edp\u0151 107 cm v\u00e1ll<\/p>","protected":false},"featured_media":153026,"comment_status":"open","ping_status":"closed","template":"","meta":[],"product_brand":[],"product_cat":[119,112,231,170,77,116,107],"product_tag":[],"class_list":{"0":"post-152908","1":"product","2":"type-product","3":"status-publish","4":"has-post-thumbnail","6":"product_cat-tpe-sex-doll","7":"product_cat-150cm-159cm-sex-dolls","8":"product_cat-41kg-45kg","9":"product_cat-adult-sex-doll","10":"product_cat-bbw-sex-doll","11":"product_cat-big-boobs-sex-doll","12":"product_cat-skinny-sex-dolls","13":"pa_brand-climax-doll","14":"tm-has-options","16":"first","17":"instock","18":"sale","19":"shipping-taxable","20":"purchasable","21":"product-type-simple"},"_links":{"self":[{"href":"https:\/\/zxdoll.com\/hu\/wp-json\/wp\/v2\/product\/152908","targetHints":{"allow":["GET"]}}],"collection":[{"href":"https:\/\/zxdoll.com\/hu\/wp-json\/wp\/v2\/product"}],"about":[{"href":"https:\/\/zxdoll.com\/hu\/wp-json\/wp\/v2\/types\/product"}],"replies":[{"embeddable":true,"href":"https:\/\/zxdoll.com\/hu\/wp-json\/wp\/v2\/comments?post=152908"}],"version-history":[{"count":1,"href":"https:\/\/zxdoll.com\/hu\/wp-json\/wp\/v2\/product\/152908\/revisions"}],"predecessor-version":[{"id":153072,"href":"https:\/\/zxdoll.com\/hu\/wp-json\/wp\/v2\/product\/152908\/revisions\/153072"}],"wp:featuredmedia":[{"embeddable":true,"href":"https:\/\/zxdoll.com\/hu\/wp-json\/wp\/v2\/media\/153026"}],"wp:attachment":[{"href":"https:\/\/zxdoll.com\/hu\/wp-json\/wp\/v2\/media?parent=152908"}],"wp:term":[{"taxonomy":"product_brand","embeddable":true,"href":"https:\/\/zxdoll.com\/hu\/wp-json\/wp\/v2\/product_brand?post=152908"},{"taxonomy":"product_cat","embeddable":true,"href":"https:\/\/zxdoll.com\/hu\/wp-json\/wp\/v2\/product_cat?post=152908"},{"taxonomy":"product_tag","embeddable":true,"href":"https:\/\/zxdoll.com\/hu\/wp-json\/wp\/v2\/product_tag?post=152908"}],"curies":[{"name":"wp","href":"https:\/\/api.w.org\/{rel}","templated":true}]}}