{"id":142008,"date":"2023-08-06T01:54:33","date_gmt":"2023-08-05T17:54:33","guid":{"rendered":"https:\/\/zxdoll.com\/?post_type=product&#038;p=142008"},"modified":"2025-09-10T22:49:59","modified_gmt":"2025-09-10T14:49:59","slug":"sex-doll-realistic-small-boobs-suck","status":"publish","type":"product","link":"https:\/\/zxdoll.com\/hu\/product\/sex-doll-realistic-small-boobs-suck\/","title":{"rendered":"Sex Doll Realistic Small Boobs Suck Jaynell 168cm"},"content":{"rendered":"<h4><strong>Szexbaba k\u00e9pek<\/strong><\/h4>\n\t                <ul class=\"easy-image-gallery thumbnails-18 linked\">\r\n                    <li><a data-fancybox=\"gallery540\" href=\"https:\/\/zxdoll.com\/wp-content\/uploads\/2023\/08\/real-life-love-doll-p7ev1-533x800.jpg\" class=\"eig-popup\" title=\"\" data-caption=\"\" target=\"_blank\"><i class=\"icon-view\"><\/i><span class=\"overlay\"><\/span><img decoding=\"async\" width=\"150\" height=\"150\" src=\"https:\/\/zxdoll.com\/wp-content\/uploads\/2023\/08\/real-life-love-doll-p7ev1-150x150.jpg\" class=\"attachment-thumbnail size-thumbnail\" alt=\"\" title=\"\"><\/a><\/li><li><a data-fancybox=\"gallery540\" href=\"https:\/\/zxdoll.com\/wp-content\/uploads\/2023\/08\/real-life-love-doll-p7ev2-533x800.jpg\" class=\"eig-popup\" title=\"\" data-caption=\"\" target=\"_blank\"><i class=\"icon-view\"><\/i><span class=\"overlay\"><\/span><img decoding=\"async\" width=\"150\" height=\"150\" src=\"https:\/\/zxdoll.com\/wp-content\/uploads\/2023\/08\/real-life-love-doll-p7ev2-150x150.jpg\" class=\"attachment-thumbnail size-thumbnail\" alt=\"\" title=\"\"><\/a><\/li><li><a data-fancybox=\"gallery540\" href=\"https:\/\/zxdoll.com\/wp-content\/uploads\/2023\/08\/real-life-love-doll-p7ev3-533x800.jpg\" class=\"eig-popup\" title=\"\" data-caption=\"\" target=\"_blank\"><i class=\"icon-view\"><\/i><span class=\"overlay\"><\/span><img decoding=\"async\" width=\"150\" height=\"150\" src=\"https:\/\/zxdoll.com\/wp-content\/uploads\/2023\/08\/real-life-love-doll-p7ev3-150x150.jpg\" class=\"attachment-thumbnail size-thumbnail\" alt=\"\" title=\"\"><\/a><\/li><li><a data-fancybox=\"gallery540\" href=\"https:\/\/zxdoll.com\/wp-content\/uploads\/2023\/08\/real-life-love-doll-p7ev4-533x800.jpg\" class=\"eig-popup\" title=\"\" data-caption=\"\" target=\"_blank\"><i class=\"icon-view\"><\/i><span class=\"overlay\"><\/span><img loading=\"lazy\" decoding=\"async\" width=\"150\" height=\"150\" src=\"https:\/\/zxdoll.com\/wp-content\/uploads\/2023\/08\/real-life-love-doll-p7ev4-150x150.jpg\" class=\"attachment-thumbnail size-thumbnail\" alt=\"\" title=\"\"><\/a><\/li><li><a data-fancybox=\"gallery540\" href=\"https:\/\/zxdoll.com\/wp-content\/uploads\/2023\/08\/real-life-love-doll-p7ev5-533x800.jpg\" class=\"eig-popup\" title=\"\" data-caption=\"\" target=\"_blank\"><i class=\"icon-view\"><\/i><span class=\"overlay\"><\/span><img loading=\"lazy\" decoding=\"async\" width=\"150\" height=\"150\" src=\"https:\/\/zxdoll.com\/wp-content\/uploads\/2023\/08\/real-life-love-doll-p7ev5-150x150.jpg\" class=\"attachment-thumbnail size-thumbnail\" alt=\"\" title=\"\"><\/a><\/li><li><a data-fancybox=\"gallery540\" href=\"https:\/\/zxdoll.com\/wp-content\/uploads\/2023\/08\/real-life-love-doll-p7ev6-533x800.jpg\" class=\"eig-popup\" title=\"\" data-caption=\"\" target=\"_blank\"><i class=\"icon-view\"><\/i><span class=\"overlay\"><\/span><img loading=\"lazy\" decoding=\"async\" width=\"150\" height=\"150\" src=\"https:\/\/zxdoll.com\/wp-content\/uploads\/2023\/08\/real-life-love-doll-p7ev6-150x150.jpg\" class=\"attachment-thumbnail size-thumbnail\" alt=\"\" title=\"\"><\/a><\/li><li><a data-fancybox=\"gallery540\" href=\"https:\/\/zxdoll.com\/wp-content\/uploads\/2023\/08\/real-life-love-doll-p7ev7-533x800.jpg\" class=\"eig-popup\" title=\"\" data-caption=\"\" target=\"_blank\"><i class=\"icon-view\"><\/i><span class=\"overlay\"><\/span><img loading=\"lazy\" decoding=\"async\" width=\"150\" height=\"150\" src=\"https:\/\/zxdoll.com\/wp-content\/uploads\/2023\/08\/real-life-love-doll-p7ev7-150x150.jpg\" class=\"attachment-thumbnail size-thumbnail\" alt=\"\" title=\"\"><\/a><\/li><li><a data-fancybox=\"gallery540\" href=\"https:\/\/zxdoll.com\/wp-content\/uploads\/2023\/08\/real-life-love-doll-p7ev8-533x800.jpg\" class=\"eig-popup\" title=\"\" data-caption=\"\" target=\"_blank\"><i class=\"icon-view\"><\/i><span class=\"overlay\"><\/span><img loading=\"lazy\" decoding=\"async\" width=\"150\" height=\"150\" src=\"https:\/\/zxdoll.com\/wp-content\/uploads\/2023\/08\/real-life-love-doll-p7ev8-150x150.jpg\" class=\"attachment-thumbnail size-thumbnail\" alt=\"\" title=\"\"><\/a><\/li><li><a data-fancybox=\"gallery540\" href=\"https:\/\/zxdoll.com\/wp-content\/uploads\/2023\/08\/real-life-love-doll-p7ev9-533x800.jpg\" class=\"eig-popup\" title=\"\" data-caption=\"\" target=\"_blank\"><i class=\"icon-view\"><\/i><span class=\"overlay\"><\/span><img loading=\"lazy\" decoding=\"async\" width=\"150\" height=\"150\" src=\"https:\/\/zxdoll.com\/wp-content\/uploads\/2023\/08\/real-life-love-doll-p7ev9-150x150.jpg\" class=\"attachment-thumbnail size-thumbnail\" alt=\"\" title=\"\"><\/a><\/li><li><a data-fancybox=\"gallery540\" href=\"https:\/\/zxdoll.com\/wp-content\/uploads\/2023\/08\/real-life-love-doll-p7ev10-533x800.jpg\" class=\"eig-popup\" title=\"\" data-caption=\"\" target=\"_blank\"><i class=\"icon-view\"><\/i><span class=\"overlay\"><\/span><img loading=\"lazy\" decoding=\"async\" width=\"150\" height=\"150\" src=\"https:\/\/zxdoll.com\/wp-content\/uploads\/2023\/08\/real-life-love-doll-p7ev10-150x150.jpg\" class=\"attachment-thumbnail size-thumbnail\" alt=\"\" title=\"\"><\/a><\/li><li><a data-fancybox=\"gallery540\" href=\"https:\/\/zxdoll.com\/wp-content\/uploads\/2023\/08\/real-life-love-doll-p7ev11-533x800.jpg\" class=\"eig-popup\" title=\"\" data-caption=\"\" target=\"_blank\"><i class=\"icon-view\"><\/i><span class=\"overlay\"><\/span><img loading=\"lazy\" decoding=\"async\" width=\"150\" height=\"150\" src=\"https:\/\/zxdoll.com\/wp-content\/uploads\/2023\/08\/real-life-love-doll-p7ev11-150x150.jpg\" class=\"attachment-thumbnail size-thumbnail\" alt=\"\" title=\"\"><\/a><\/li><li><a data-fancybox=\"gallery540\" href=\"https:\/\/zxdoll.com\/wp-content\/uploads\/2023\/08\/real-life-love-doll-p7ev12-533x800.jpg\" class=\"eig-popup\" title=\"\" data-caption=\"\" target=\"_blank\"><i class=\"icon-view\"><\/i><span class=\"overlay\"><\/span><img loading=\"lazy\" decoding=\"async\" width=\"150\" height=\"150\" src=\"https:\/\/zxdoll.com\/wp-content\/uploads\/2023\/08\/real-life-love-doll-p7ev12-150x150.jpg\" class=\"attachment-thumbnail size-thumbnail\" alt=\"\" title=\"\"><\/a><\/li><li><a data-fancybox=\"gallery540\" href=\"https:\/\/zxdoll.com\/wp-content\/uploads\/2023\/08\/real-life-love-doll-p7ev13-533x800.jpg\" class=\"eig-popup\" title=\"\" data-caption=\"\" target=\"_blank\"><i class=\"icon-view\"><\/i><span class=\"overlay\"><\/span><img loading=\"lazy\" decoding=\"async\" width=\"150\" height=\"150\" src=\"https:\/\/zxdoll.com\/wp-content\/uploads\/2023\/08\/real-life-love-doll-p7ev13-150x150.jpg\" class=\"attachment-thumbnail size-thumbnail\" alt=\"\" title=\"\"><\/a><\/li><li><a data-fancybox=\"gallery540\" href=\"https:\/\/zxdoll.com\/wp-content\/uploads\/2023\/08\/real-life-love-doll-p7ev14-533x800.jpg\" class=\"eig-popup\" title=\"\" data-caption=\"\" target=\"_blank\"><i class=\"icon-view\"><\/i><span class=\"overlay\"><\/span><img loading=\"lazy\" decoding=\"async\" width=\"150\" height=\"150\" src=\"https:\/\/zxdoll.com\/wp-content\/uploads\/2023\/08\/real-life-love-doll-p7ev14-150x150.jpg\" class=\"attachment-thumbnail size-thumbnail\" alt=\"\" title=\"\"><\/a><\/li><li><a data-fancybox=\"gallery540\" href=\"https:\/\/zxdoll.com\/wp-content\/uploads\/2023\/08\/real-life-love-doll-p7ev15-533x800.jpg\" class=\"eig-popup\" title=\"\" data-caption=\"\" target=\"_blank\"><i class=\"icon-view\"><\/i><span class=\"overlay\"><\/span><img loading=\"lazy\" decoding=\"async\" width=\"150\" height=\"150\" src=\"https:\/\/zxdoll.com\/wp-content\/uploads\/2023\/08\/real-life-love-doll-p7ev15-150x150.jpg\" class=\"attachment-thumbnail size-thumbnail\" alt=\"\" title=\"\"><\/a><\/li><li><a data-fancybox=\"gallery540\" href=\"https:\/\/zxdoll.com\/wp-content\/uploads\/2023\/08\/real-life-love-doll-p7ev16-533x800.jpg\" class=\"eig-popup\" title=\"\" data-caption=\"\" target=\"_blank\"><i class=\"icon-view\"><\/i><span class=\"overlay\"><\/span><img loading=\"lazy\" decoding=\"async\" width=\"150\" height=\"150\" src=\"https:\/\/zxdoll.com\/wp-content\/uploads\/2023\/08\/real-life-love-doll-p7ev16-150x150.jpg\" class=\"attachment-thumbnail size-thumbnail\" alt=\"\" title=\"\"><\/a><\/li><li><a data-fancybox=\"gallery540\" href=\"https:\/\/zxdoll.com\/wp-content\/uploads\/2023\/08\/real-life-love-doll-p7ev17-533x800.jpg\" class=\"eig-popup\" title=\"\" data-caption=\"\" target=\"_blank\"><i class=\"icon-view\"><\/i><span class=\"overlay\"><\/span><img loading=\"lazy\" decoding=\"async\" width=\"150\" height=\"150\" src=\"https:\/\/zxdoll.com\/wp-content\/uploads\/2023\/08\/real-life-love-doll-p7ev17-150x150.jpg\" class=\"attachment-thumbnail size-thumbnail\" alt=\"\" title=\"\"><\/a><\/li><li><a data-fancybox=\"gallery540\" href=\"https:\/\/zxdoll.com\/wp-content\/uploads\/2023\/08\/real-life-love-doll-p7ev18-533x800.jpg\" class=\"eig-popup\" title=\"\" data-caption=\"\" target=\"_blank\"><i class=\"icon-view\"><\/i><span class=\"overlay\"><\/span><img loading=\"lazy\" decoding=\"async\" width=\"150\" height=\"150\" src=\"https:\/\/zxdoll.com\/wp-content\/uploads\/2023\/08\/real-life-love-doll-p7ev18-150x150.jpg\" class=\"attachment-thumbnail size-thumbnail\" alt=\"\" title=\"\"><\/a><\/li><\/ul>\n<h4>M\u00e9rett\u00e1bl\u00e1zatok<\/h4>\n<table width=\"333\">\n<tbody>\n<tr>\n<td width=\"145\">Anyag<\/td>\n<td width=\"188\">Platina szilikon<\/td>\n<\/tr>\n<tr>\n<td>Magass\u00e1g<\/td>\n<td>168 cm<\/td>\n<\/tr>\n<tr>\n<td>Nett\u00f3 t\u00f6meg<\/td>\n<td>39,7 kg<\/td>\n<\/tr>\n<tr>\n<td>Fels\u0151 mell<\/td>\n<td>82,5 cm<\/td>\n<\/tr>\n<tr>\n<td>Mell alatt<\/td>\n<td>63,5 cm<\/td>\n<\/tr>\n<tr>\n<td>Der\u00e9k<\/td>\n<td>62 cm<\/td>\n<\/tr>\n<tr>\n<td>Cs\u00edp\u0151<\/td>\n<td>95,5 cm<\/td>\n<\/tr>\n<tr>\n<td>V\u00e1llsz\u00e9less\u00e9g<\/td>\n<td>40,5 cm<\/td>\n<\/tr>\n<tr>\n<td>Kar hossz\u00fas\u00e1g<\/td>\n<td>66,5 cm<\/td>\n<\/tr>\n<tr>\n<td>K\u00e9z hossza<\/td>\n<td>18,5 cm<\/td>\n<\/tr>\n<tr>\n<td>L\u00e1b hossz<\/td>\n<td>76 cm<\/td>\n<\/tr>\n<tr>\n<td>L\u00e1bhossz<\/td>\n<td>23,5 cm<\/td>\n<\/tr>\n<tr>\n<td>H\u00fcvelym\u00e9lys\u00e9g<\/td>\n<td>17,5 cm<\/td>\n<\/tr>\n<tr>\n<td>An\u00e1lis m\u00e9lys\u00e9g<\/td>\n<td>16 cm<\/td>\n<\/tr>\n<\/tbody>\n<\/table>\n<h4>A szexbab\u00e1r\u00f3l<\/h4>\n<p>&nbsp;<\/p>","protected":false},"excerpt":{"rendered":"<p>Szexbaba k\u00e9pek M\u00e9rett\u00e1bl\u00e1zat Anyag Platina szilikon Magass\u00e1g 168 cm Nett\u00f3 s\u00faly 39,7 kg Mellbels\u0151 82,5 cm Mell alatt 63,5 cm Der\u00e9k<\/p>","protected":false},"featured_media":142691,"comment_status":"open","ping_status":"closed","template":"","meta":[],"product_brand":[],"product_cat":[110,75,230,104,107,117],"product_tag":[],"class_list":{"0":"post-142008","1":"product","2":"type-product","3":"status-publish","4":"has-post-thumbnail","6":"product_cat-silicone-sex-doll","7":"product_cat-160cm-170cm-sex-dolls","8":"product_cat-36kg-40kg","9":"product_cat-3d-love-dolls","10":"product_cat-skinny-sex-dolls","11":"product_cat-small-breast-sex-doll","12":"pa_brand-gamelady-doll","13":"tm-has-options","15":"first","16":"instock","17":"shipping-taxable","18":"purchasable","19":"product-type-simple"},"_links":{"self":[{"href":"https:\/\/zxdoll.com\/hu\/wp-json\/wp\/v2\/product\/142008","targetHints":{"allow":["GET"]}}],"collection":[{"href":"https:\/\/zxdoll.com\/hu\/wp-json\/wp\/v2\/product"}],"about":[{"href":"https:\/\/zxdoll.com\/hu\/wp-json\/wp\/v2\/types\/product"}],"replies":[{"embeddable":true,"href":"https:\/\/zxdoll.com\/hu\/wp-json\/wp\/v2\/comments?post=142008"}],"version-history":[{"count":2,"href":"https:\/\/zxdoll.com\/hu\/wp-json\/wp\/v2\/product\/142008\/revisions"}],"predecessor-version":[{"id":155318,"href":"https:\/\/zxdoll.com\/hu\/wp-json\/wp\/v2\/product\/142008\/revisions\/155318"}],"wp:featuredmedia":[{"embeddable":true,"href":"https:\/\/zxdoll.com\/hu\/wp-json\/wp\/v2\/media\/142691"}],"wp:attachment":[{"href":"https:\/\/zxdoll.com\/hu\/wp-json\/wp\/v2\/media?parent=142008"}],"wp:term":[{"taxonomy":"product_brand","embeddable":true,"href":"https:\/\/zxdoll.com\/hu\/wp-json\/wp\/v2\/product_brand?post=142008"},{"taxonomy":"product_cat","embeddable":true,"href":"https:\/\/zxdoll.com\/hu\/wp-json\/wp\/v2\/product_cat?post=142008"},{"taxonomy":"product_tag","embeddable":true,"href":"https:\/\/zxdoll.com\/hu\/wp-json\/wp\/v2\/product_tag?post=142008"}],"curies":[{"name":"wp","href":"https:\/\/api.w.org\/{rel}","templated":true}]}}