{"id":141485,"date":"2023-08-06T01:29:16","date_gmt":"2023-08-05T17:29:16","guid":{"rendered":"https:\/\/zxdoll.com\/?post_type=product&#038;p=141485"},"modified":"2025-09-10T22:51:45","modified_gmt":"2025-09-10T14:51:45","slug":"life-like-trans-horny-sex-doll","status":"publish","type":"product","link":"https:\/\/zxdoll.com\/hu\/product\/life-like-trans-horny-sex-doll\/","title":{"rendered":"Life Like Trans Horny Sex Doll Imogene 167cm"},"content":{"rendered":"<h4><strong>Szexbaba k\u00e9pek<\/strong><\/h4>\n\t                <ul class=\"easy-image-gallery thumbnails-18 linked\">\r\n                    <li><a data-fancybox=\"gallery529\" href=\"https:\/\/zxdoll.com\/wp-content\/uploads\/2023\/08\/anime-doll-hentai-7e4r1-533x800.jpg\" class=\"eig-popup\" title=\"\" data-caption=\"\" target=\"_blank\"><i class=\"icon-view\"><\/i><span class=\"overlay\"><\/span><img decoding=\"async\" width=\"150\" height=\"150\" src=\"https:\/\/zxdoll.com\/wp-content\/uploads\/2023\/08\/anime-doll-hentai-7e4r1-150x150.jpg\" class=\"attachment-thumbnail size-thumbnail\" alt=\"\" title=\"\"><\/a><\/li><li><a data-fancybox=\"gallery529\" href=\"https:\/\/zxdoll.com\/wp-content\/uploads\/2023\/08\/anime-doll-hentai-7e4r2-533x800.jpg\" class=\"eig-popup\" title=\"\" data-caption=\"\" target=\"_blank\"><i class=\"icon-view\"><\/i><span class=\"overlay\"><\/span><img decoding=\"async\" width=\"150\" height=\"150\" src=\"https:\/\/zxdoll.com\/wp-content\/uploads\/2023\/08\/anime-doll-hentai-7e4r2-150x150.jpg\" class=\"attachment-thumbnail size-thumbnail\" alt=\"\" title=\"\"><\/a><\/li><li><a data-fancybox=\"gallery529\" href=\"https:\/\/zxdoll.com\/wp-content\/uploads\/2023\/08\/anime-doll-hentai-7e4r3-533x800.jpg\" class=\"eig-popup\" title=\"\" data-caption=\"\" target=\"_blank\"><i class=\"icon-view\"><\/i><span class=\"overlay\"><\/span><img decoding=\"async\" width=\"150\" height=\"150\" src=\"https:\/\/zxdoll.com\/wp-content\/uploads\/2023\/08\/anime-doll-hentai-7e4r3-150x150.jpg\" class=\"attachment-thumbnail size-thumbnail\" alt=\"\" title=\"\"><\/a><\/li><li><a data-fancybox=\"gallery529\" href=\"https:\/\/zxdoll.com\/wp-content\/uploads\/2023\/08\/anime-doll-hentai-7e4r4-533x800.jpg\" class=\"eig-popup\" title=\"\" data-caption=\"\" target=\"_blank\"><i class=\"icon-view\"><\/i><span class=\"overlay\"><\/span><img loading=\"lazy\" decoding=\"async\" width=\"150\" height=\"150\" src=\"https:\/\/zxdoll.com\/wp-content\/uploads\/2023\/08\/anime-doll-hentai-7e4r4-150x150.jpg\" class=\"attachment-thumbnail size-thumbnail\" alt=\"\" title=\"\"><\/a><\/li><li><a data-fancybox=\"gallery529\" href=\"https:\/\/zxdoll.com\/wp-content\/uploads\/2023\/08\/anime-doll-hentai-7e4r5-533x800.jpg\" class=\"eig-popup\" title=\"\" data-caption=\"\" target=\"_blank\"><i class=\"icon-view\"><\/i><span class=\"overlay\"><\/span><img loading=\"lazy\" decoding=\"async\" width=\"150\" height=\"150\" src=\"https:\/\/zxdoll.com\/wp-content\/uploads\/2023\/08\/anime-doll-hentai-7e4r5-150x150.jpg\" class=\"attachment-thumbnail size-thumbnail\" alt=\"\" title=\"\"><\/a><\/li><li><a data-fancybox=\"gallery529\" href=\"https:\/\/zxdoll.com\/wp-content\/uploads\/2023\/08\/anime-doll-hentai-7e4r6-533x800.jpg\" class=\"eig-popup\" title=\"\" data-caption=\"\" target=\"_blank\"><i class=\"icon-view\"><\/i><span class=\"overlay\"><\/span><img loading=\"lazy\" decoding=\"async\" width=\"150\" height=\"150\" src=\"https:\/\/zxdoll.com\/wp-content\/uploads\/2023\/08\/anime-doll-hentai-7e4r6-150x150.jpg\" class=\"attachment-thumbnail size-thumbnail\" alt=\"\" title=\"\"><\/a><\/li><li><a data-fancybox=\"gallery529\" href=\"https:\/\/zxdoll.com\/wp-content\/uploads\/2023\/08\/anime-doll-hentai-7e4r7-533x800.jpg\" class=\"eig-popup\" title=\"\" data-caption=\"\" target=\"_blank\"><i class=\"icon-view\"><\/i><span class=\"overlay\"><\/span><img loading=\"lazy\" decoding=\"async\" width=\"150\" height=\"150\" src=\"https:\/\/zxdoll.com\/wp-content\/uploads\/2023\/08\/anime-doll-hentai-7e4r7-150x150.jpg\" class=\"attachment-thumbnail size-thumbnail\" alt=\"\" title=\"\"><\/a><\/li><li><a data-fancybox=\"gallery529\" href=\"https:\/\/zxdoll.com\/wp-content\/uploads\/2023\/08\/anime-doll-hentai-7e4r8-533x800.jpg\" class=\"eig-popup\" title=\"\" data-caption=\"\" target=\"_blank\"><i class=\"icon-view\"><\/i><span class=\"overlay\"><\/span><img loading=\"lazy\" decoding=\"async\" width=\"150\" height=\"150\" src=\"https:\/\/zxdoll.com\/wp-content\/uploads\/2023\/08\/anime-doll-hentai-7e4r8-150x150.jpg\" class=\"attachment-thumbnail size-thumbnail\" alt=\"\" title=\"\"><\/a><\/li><li><a data-fancybox=\"gallery529\" href=\"https:\/\/zxdoll.com\/wp-content\/uploads\/2023\/08\/anime-doll-hentai-7e4r9-533x800.jpg\" class=\"eig-popup\" title=\"\" data-caption=\"\" target=\"_blank\"><i class=\"icon-view\"><\/i><span class=\"overlay\"><\/span><img loading=\"lazy\" decoding=\"async\" width=\"150\" height=\"150\" src=\"https:\/\/zxdoll.com\/wp-content\/uploads\/2023\/08\/anime-doll-hentai-7e4r9-150x150.jpg\" class=\"attachment-thumbnail size-thumbnail\" alt=\"\" title=\"\"><\/a><\/li><li><a data-fancybox=\"gallery529\" href=\"https:\/\/zxdoll.com\/wp-content\/uploads\/2023\/08\/anime-doll-hentai-7e4r10-533x800.jpg\" class=\"eig-popup\" title=\"\" data-caption=\"\" target=\"_blank\"><i class=\"icon-view\"><\/i><span class=\"overlay\"><\/span><img loading=\"lazy\" decoding=\"async\" width=\"150\" height=\"150\" src=\"https:\/\/zxdoll.com\/wp-content\/uploads\/2023\/08\/anime-doll-hentai-7e4r10-150x150.jpg\" class=\"attachment-thumbnail size-thumbnail\" alt=\"\" title=\"\"><\/a><\/li><li><a data-fancybox=\"gallery529\" href=\"https:\/\/zxdoll.com\/wp-content\/uploads\/2023\/08\/anime-doll-hentai-7e4r11-533x800.jpg\" class=\"eig-popup\" title=\"\" data-caption=\"\" target=\"_blank\"><i class=\"icon-view\"><\/i><span class=\"overlay\"><\/span><img loading=\"lazy\" decoding=\"async\" width=\"150\" height=\"150\" src=\"https:\/\/zxdoll.com\/wp-content\/uploads\/2023\/08\/anime-doll-hentai-7e4r11-150x150.jpg\" class=\"attachment-thumbnail size-thumbnail\" alt=\"\" title=\"\"><\/a><\/li><li><a data-fancybox=\"gallery529\" href=\"https:\/\/zxdoll.com\/wp-content\/uploads\/2023\/08\/anime-doll-hentai-7e4r12-533x800.jpg\" class=\"eig-popup\" title=\"\" data-caption=\"\" target=\"_blank\"><i class=\"icon-view\"><\/i><span class=\"overlay\"><\/span><img loading=\"lazy\" decoding=\"async\" width=\"150\" height=\"150\" src=\"https:\/\/zxdoll.com\/wp-content\/uploads\/2023\/08\/anime-doll-hentai-7e4r12-150x150.jpg\" class=\"attachment-thumbnail size-thumbnail\" alt=\"\" title=\"\"><\/a><\/li><li><a data-fancybox=\"gallery529\" href=\"https:\/\/zxdoll.com\/wp-content\/uploads\/2023\/08\/anime-doll-hentai-7e4r13-533x800.jpg\" class=\"eig-popup\" title=\"\" data-caption=\"\" target=\"_blank\"><i class=\"icon-view\"><\/i><span class=\"overlay\"><\/span><img loading=\"lazy\" decoding=\"async\" width=\"150\" height=\"150\" src=\"https:\/\/zxdoll.com\/wp-content\/uploads\/2023\/08\/anime-doll-hentai-7e4r13-150x150.jpg\" class=\"attachment-thumbnail size-thumbnail\" alt=\"\" title=\"\"><\/a><\/li><li><a data-fancybox=\"gallery529\" href=\"https:\/\/zxdoll.com\/wp-content\/uploads\/2023\/08\/anime-doll-hentai-7e4r14.jpg\" class=\"eig-popup\" title=\"\" data-caption=\"\" target=\"_blank\"><i class=\"icon-view\"><\/i><span class=\"overlay\"><\/span><img loading=\"lazy\" decoding=\"async\" width=\"150\" height=\"150\" src=\"https:\/\/zxdoll.com\/wp-content\/uploads\/2023\/08\/anime-doll-hentai-7e4r14-150x150.jpg\" class=\"attachment-thumbnail size-thumbnail\" alt=\"\" title=\"\"><\/a><\/li><li><a data-fancybox=\"gallery529\" href=\"https:\/\/zxdoll.com\/wp-content\/uploads\/2023\/08\/anime-doll-hentai-7e4r15-800x800.jpg\" class=\"eig-popup\" title=\"\" data-caption=\"\" target=\"_blank\"><i class=\"icon-view\"><\/i><span class=\"overlay\"><\/span><img loading=\"lazy\" decoding=\"async\" width=\"150\" height=\"150\" src=\"https:\/\/zxdoll.com\/wp-content\/uploads\/2023\/08\/anime-doll-hentai-7e4r15-150x150.jpg\" class=\"attachment-thumbnail size-thumbnail\" alt=\"\" srcset=\"https:\/\/zxdoll.com\/wp-content\/uploads\/2023\/08\/anime-doll-hentai-7e4r15-150x150.jpg 150w, https:\/\/zxdoll.com\/wp-content\/uploads\/2023\/08\/anime-doll-hentai-7e4r15-300x300.jpg 300w, https:\/\/zxdoll.com\/wp-content\/uploads\/2023\/08\/anime-doll-hentai-7e4r15-800x800.jpg 800w, https:\/\/zxdoll.com\/wp-content\/uploads\/2023\/08\/anime-doll-hentai-7e4r15-768x768.jpg 768w, https:\/\/zxdoll.com\/wp-content\/uploads\/2023\/08\/anime-doll-hentai-7e4r15-12x12.jpg 12w, https:\/\/zxdoll.com\/wp-content\/uploads\/2023\/08\/anime-doll-hentai-7e4r15-860x860.jpg 860w, https:\/\/zxdoll.com\/wp-content\/uploads\/2023\/08\/anime-doll-hentai-7e4r15-430x430.jpg 430w, https:\/\/zxdoll.com\/wp-content\/uploads\/2023\/08\/anime-doll-hentai-7e4r15-700x700.jpg 700w, https:\/\/zxdoll.com\/wp-content\/uploads\/2023\/08\/anime-doll-hentai-7e4r15.jpg 900w\" sizes=\"(max-width: 150px) 100vw, 150px\" title=\"\"><\/a><\/li><li><a data-fancybox=\"gallery529\" href=\"https:\/\/zxdoll.com\/wp-content\/uploads\/2023\/08\/anime-doll-hentai-7e4r16-800x800.jpg\" class=\"eig-popup\" title=\"\" data-caption=\"\" target=\"_blank\"><i class=\"icon-view\"><\/i><span class=\"overlay\"><\/span><img loading=\"lazy\" decoding=\"async\" width=\"150\" height=\"150\" src=\"https:\/\/zxdoll.com\/wp-content\/uploads\/2023\/08\/anime-doll-hentai-7e4r16-150x150.jpg\" class=\"attachment-thumbnail size-thumbnail\" alt=\"\" srcset=\"https:\/\/zxdoll.com\/wp-content\/uploads\/2023\/08\/anime-doll-hentai-7e4r16-150x150.jpg 150w, https:\/\/zxdoll.com\/wp-content\/uploads\/2023\/08\/anime-doll-hentai-7e4r16-300x300.jpg 300w, https:\/\/zxdoll.com\/wp-content\/uploads\/2023\/08\/anime-doll-hentai-7e4r16-800x800.jpg 800w, https:\/\/zxdoll.com\/wp-content\/uploads\/2023\/08\/anime-doll-hentai-7e4r16-768x768.jpg 768w, https:\/\/zxdoll.com\/wp-content\/uploads\/2023\/08\/anime-doll-hentai-7e4r16-12x12.jpg 12w, https:\/\/zxdoll.com\/wp-content\/uploads\/2023\/08\/anime-doll-hentai-7e4r16-860x860.jpg 860w, https:\/\/zxdoll.com\/wp-content\/uploads\/2023\/08\/anime-doll-hentai-7e4r16-430x430.jpg 430w, https:\/\/zxdoll.com\/wp-content\/uploads\/2023\/08\/anime-doll-hentai-7e4r16-700x700.jpg 700w, https:\/\/zxdoll.com\/wp-content\/uploads\/2023\/08\/anime-doll-hentai-7e4r16.jpg 900w\" sizes=\"(max-width: 150px) 100vw, 150px\" title=\"\"><\/a><\/li><li><a data-fancybox=\"gallery529\" href=\"https:\/\/zxdoll.com\/wp-content\/uploads\/2023\/08\/anime-doll-hentai-7e4r17-533x800.jpg\" class=\"eig-popup\" title=\"\" data-caption=\"\" target=\"_blank\"><i class=\"icon-view\"><\/i><span class=\"overlay\"><\/span><img loading=\"lazy\" decoding=\"async\" width=\"150\" height=\"150\" src=\"https:\/\/zxdoll.com\/wp-content\/uploads\/2023\/08\/anime-doll-hentai-7e4r17-150x150.jpg\" class=\"attachment-thumbnail size-thumbnail\" alt=\"\" title=\"\"><\/a><\/li><li><a data-fancybox=\"gallery529\" href=\"https:\/\/zxdoll.com\/wp-content\/uploads\/2023\/08\/anime-doll-hentai-7e4r18-533x800.jpg\" class=\"eig-popup\" title=\"\" data-caption=\"\" target=\"_blank\"><i class=\"icon-view\"><\/i><span class=\"overlay\"><\/span><img loading=\"lazy\" decoding=\"async\" width=\"150\" height=\"150\" src=\"https:\/\/zxdoll.com\/wp-content\/uploads\/2023\/08\/anime-doll-hentai-7e4r18-150x150.jpg\" class=\"attachment-thumbnail size-thumbnail\" alt=\"\" title=\"\"><\/a><\/li><\/ul>\n<h4>M\u00e9rett\u00e1bl\u00e1zatok<\/h4>\n<table width=\"333\">\n<tbody>\n<tr>\n<td width=\"145\">Anyag<\/td>\n<td width=\"188\">Platina szilikon<\/td>\n<\/tr>\n<tr>\n<td>Magass\u00e1g<\/td>\n<td>167 cm<\/td>\n<\/tr>\n<tr>\n<td>Nett\u00f3 t\u00f6meg<\/td>\n<td>35,5 kg<\/td>\n<\/tr>\n<tr>\n<td>Fels\u0151 mell<\/td>\n<td>82 cm<\/td>\n<\/tr>\n<tr>\n<td>Mell alatt<\/td>\n<td>63,5 cm<\/td>\n<\/tr>\n<tr>\n<td>Der\u00e9k<\/td>\n<td>58,5 cm<\/td>\n<\/tr>\n<tr>\n<td>Cs\u00edp\u0151<\/td>\n<td>100 cm<\/td>\n<\/tr>\n<tr>\n<td>V\u00e1llsz\u00e9less\u00e9g<\/td>\n<td>37 cm<\/td>\n<\/tr>\n<tr>\n<td>Kar hossz\u00fas\u00e1g<\/td>\n<td>63 cm<\/td>\n<\/tr>\n<tr>\n<td>K\u00e9z hossza<\/td>\n<td>16 cm<\/td>\n<\/tr>\n<tr>\n<td>L\u00e1b hossz<\/td>\n<td>83,5 cm<\/td>\n<\/tr>\n<tr>\n<td>L\u00e1bhossz<\/td>\n<td>21 cm<\/td>\n<\/tr>\n<tr>\n<td>H\u00fcvelym\u00e9lys\u00e9g<\/td>\n<td>17,5 cm<\/td>\n<\/tr>\n<tr>\n<td>An\u00e1lis m\u00e9lys\u00e9g<\/td>\n<td>16 cm<\/td>\n<\/tr>\n<\/tbody>\n<\/table>\n<h4>A szexbab\u00e1r\u00f3l<\/h4>\n<p>&nbsp;<\/p>","protected":false},"excerpt":{"rendered":"<p>Szexbaba k\u00e9pek M\u00e9rett\u00e1bl\u00e1zat Anyag Platina szilikon Magass\u00e1g 167 cm Nett\u00f3 s\u00faly 35,5 kg Mellbels\u0151 82 cm Mell alatt 63,5 cm Der\u00e9k<\/p>","protected":false},"featured_media":141576,"comment_status":"open","ping_status":"closed","template":"","meta":[],"product_brand":[],"product_cat":[110,75,229,104,107,117],"product_tag":[],"class_list":{"0":"post-141485","1":"product","2":"type-product","3":"status-publish","4":"has-post-thumbnail","6":"product_cat-silicone-sex-doll","7":"product_cat-160cm-170cm-sex-dolls","8":"product_cat-31kg-35kg","9":"product_cat-3d-love-dolls","10":"product_cat-skinny-sex-dolls","11":"product_cat-small-breast-sex-doll","12":"pa_brand-gamelady-doll","13":"tm-has-options","15":"first","16":"instock","17":"shipping-taxable","18":"purchasable","19":"product-type-simple"},"_links":{"self":[{"href":"https:\/\/zxdoll.com\/hu\/wp-json\/wp\/v2\/product\/141485","targetHints":{"allow":["GET"]}}],"collection":[{"href":"https:\/\/zxdoll.com\/hu\/wp-json\/wp\/v2\/product"}],"about":[{"href":"https:\/\/zxdoll.com\/hu\/wp-json\/wp\/v2\/types\/product"}],"replies":[{"embeddable":true,"href":"https:\/\/zxdoll.com\/hu\/wp-json\/wp\/v2\/comments?post=141485"}],"version-history":[{"count":2,"href":"https:\/\/zxdoll.com\/hu\/wp-json\/wp\/v2\/product\/141485\/revisions"}],"predecessor-version":[{"id":155285,"href":"https:\/\/zxdoll.com\/hu\/wp-json\/wp\/v2\/product\/141485\/revisions\/155285"}],"wp:featuredmedia":[{"embeddable":true,"href":"https:\/\/zxdoll.com\/hu\/wp-json\/wp\/v2\/media\/141576"}],"wp:attachment":[{"href":"https:\/\/zxdoll.com\/hu\/wp-json\/wp\/v2\/media?parent=141485"}],"wp:term":[{"taxonomy":"product_brand","embeddable":true,"href":"https:\/\/zxdoll.com\/hu\/wp-json\/wp\/v2\/product_brand?post=141485"},{"taxonomy":"product_cat","embeddable":true,"href":"https:\/\/zxdoll.com\/hu\/wp-json\/wp\/v2\/product_cat?post=141485"},{"taxonomy":"product_tag","embeddable":true,"href":"https:\/\/zxdoll.com\/hu\/wp-json\/wp\/v2\/product_tag?post=141485"}],"curies":[{"name":"wp","href":"https:\/\/api.w.org\/{rel}","templated":true}]}}