{"id":129743,"date":"2023-07-30T02:12:16","date_gmt":"2023-07-29T18:12:16","guid":{"rendered":"https:\/\/zxdoll.com\/?post_type=product&#038;p=129743"},"modified":"2025-09-17T01:31:33","modified_gmt":"2025-09-16T17:31:33","slug":"sex-doll-conversion-pics-on-cost","status":"publish","type":"product","link":"https:\/\/zxdoll.com\/hu\/product\/sex-doll-conversion-pics-on-cost\/","title":{"rendered":"Szexbaba \u00e1talak\u00edt\u00e1si k\u00e9pek Ariadne 153 cm \u00e1ron"},"content":{"rendered":"<h4><strong>Szexbaba k\u00e9pek<\/strong><\/h4>\n\t                <ul class=\"easy-image-gallery thumbnails-11 linked\">\r\n                    <li><a data-fancybox=\"gallery139\" href=\"https:\/\/zxdoll.com\/wp-content\/uploads\/2023\/07\/human-life-size-doll-riiuo1-532x800.jpg\" class=\"eig-popup\" title=\"\" data-caption=\"\" target=\"_blank\"><i class=\"icon-view\"><\/i><span class=\"overlay\"><\/span><img decoding=\"async\" width=\"150\" height=\"150\" src=\"https:\/\/zxdoll.com\/wp-content\/uploads\/2023\/07\/human-life-size-doll-riiuo1-150x150.jpg\" class=\"attachment-thumbnail size-thumbnail\" alt=\"\" title=\"\"><\/a><\/li><li><a data-fancybox=\"gallery139\" href=\"https:\/\/zxdoll.com\/wp-content\/uploads\/2023\/07\/human-life-size-doll-riiuo2-532x800.jpg\" class=\"eig-popup\" title=\"\" data-caption=\"\" target=\"_blank\"><i class=\"icon-view\"><\/i><span class=\"overlay\"><\/span><img decoding=\"async\" width=\"150\" height=\"150\" src=\"https:\/\/zxdoll.com\/wp-content\/uploads\/2023\/07\/human-life-size-doll-riiuo2-150x150.jpg\" class=\"attachment-thumbnail size-thumbnail\" alt=\"\" title=\"\"><\/a><\/li><li><a data-fancybox=\"gallery139\" href=\"https:\/\/zxdoll.com\/wp-content\/uploads\/2023\/07\/human-life-size-doll-riiuo3-532x800.jpg\" class=\"eig-popup\" title=\"\" data-caption=\"\" target=\"_blank\"><i class=\"icon-view\"><\/i><span class=\"overlay\"><\/span><img decoding=\"async\" width=\"150\" height=\"150\" src=\"https:\/\/zxdoll.com\/wp-content\/uploads\/2023\/07\/human-life-size-doll-riiuo3-150x150.jpg\" class=\"attachment-thumbnail size-thumbnail\" alt=\"\" title=\"\"><\/a><\/li><li><a data-fancybox=\"gallery139\" href=\"https:\/\/zxdoll.com\/wp-content\/uploads\/2023\/07\/human-life-size-doll-riiuo4-532x800.jpg\" class=\"eig-popup\" title=\"\" data-caption=\"\" target=\"_blank\"><i class=\"icon-view\"><\/i><span class=\"overlay\"><\/span><img loading=\"lazy\" decoding=\"async\" width=\"150\" height=\"150\" src=\"https:\/\/zxdoll.com\/wp-content\/uploads\/2023\/07\/human-life-size-doll-riiuo4-150x150.jpg\" class=\"attachment-thumbnail size-thumbnail\" alt=\"\" title=\"\"><\/a><\/li><li><a data-fancybox=\"gallery139\" href=\"https:\/\/zxdoll.com\/wp-content\/uploads\/2023\/07\/human-life-size-doll-riiuo5-532x800.jpg\" class=\"eig-popup\" title=\"\" data-caption=\"\" target=\"_blank\"><i class=\"icon-view\"><\/i><span class=\"overlay\"><\/span><img loading=\"lazy\" decoding=\"async\" width=\"150\" height=\"150\" src=\"https:\/\/zxdoll.com\/wp-content\/uploads\/2023\/07\/human-life-size-doll-riiuo5-150x150.jpg\" class=\"attachment-thumbnail size-thumbnail\" alt=\"\" title=\"\"><\/a><\/li><li><a data-fancybox=\"gallery139\" href=\"https:\/\/zxdoll.com\/wp-content\/uploads\/2023\/07\/human-life-size-doll-riiuo6-532x800.jpg\" class=\"eig-popup\" title=\"\" data-caption=\"\" target=\"_blank\"><i class=\"icon-view\"><\/i><span class=\"overlay\"><\/span><img loading=\"lazy\" decoding=\"async\" width=\"150\" height=\"150\" src=\"https:\/\/zxdoll.com\/wp-content\/uploads\/2023\/07\/human-life-size-doll-riiuo6-150x150.jpg\" class=\"attachment-thumbnail size-thumbnail\" alt=\"\" title=\"\"><\/a><\/li><li><a data-fancybox=\"gallery139\" href=\"https:\/\/zxdoll.com\/wp-content\/uploads\/2023\/07\/human-life-size-doll-riiuo7-532x800.jpg\" class=\"eig-popup\" title=\"\" data-caption=\"\" target=\"_blank\"><i class=\"icon-view\"><\/i><span class=\"overlay\"><\/span><img loading=\"lazy\" decoding=\"async\" width=\"150\" height=\"150\" src=\"https:\/\/zxdoll.com\/wp-content\/uploads\/2023\/07\/human-life-size-doll-riiuo7-150x150.jpg\" class=\"attachment-thumbnail size-thumbnail\" alt=\"\" title=\"\"><\/a><\/li><li><a data-fancybox=\"gallery139\" href=\"https:\/\/zxdoll.com\/wp-content\/uploads\/2023\/07\/human-life-size-doll-riiuo8-532x800.jpg\" class=\"eig-popup\" title=\"\" data-caption=\"\" target=\"_blank\"><i class=\"icon-view\"><\/i><span class=\"overlay\"><\/span><img loading=\"lazy\" decoding=\"async\" width=\"150\" height=\"150\" src=\"https:\/\/zxdoll.com\/wp-content\/uploads\/2023\/07\/human-life-size-doll-riiuo8-150x150.jpg\" class=\"attachment-thumbnail size-thumbnail\" alt=\"\" title=\"\"><\/a><\/li><li><a data-fancybox=\"gallery139\" href=\"https:\/\/zxdoll.com\/wp-content\/uploads\/2023\/07\/human-life-size-doll-riiuo9.jpg\" class=\"eig-popup\" title=\"\" data-caption=\"\" target=\"_blank\"><i class=\"icon-view\"><\/i><span class=\"overlay\"><\/span><img loading=\"lazy\" decoding=\"async\" width=\"100\" height=\"150\" src=\"https:\/\/zxdoll.com\/wp-content\/uploads\/2023\/07\/human-life-size-doll-riiuo9.jpg\" class=\"attachment-thumbnail size-thumbnail\" alt=\"\" title=\"\"><\/a><\/li><li><a data-fancybox=\"gallery139\" href=\"https:\/\/zxdoll.com\/wp-content\/uploads\/2023\/07\/human-life-size-doll-riiuo10-532x800.jpg\" class=\"eig-popup\" title=\"\" data-caption=\"\" target=\"_blank\"><i class=\"icon-view\"><\/i><span class=\"overlay\"><\/span><img loading=\"lazy\" decoding=\"async\" width=\"150\" height=\"150\" src=\"https:\/\/zxdoll.com\/wp-content\/uploads\/2023\/07\/human-life-size-doll-riiuo10-150x150.jpg\" class=\"attachment-thumbnail size-thumbnail\" alt=\"\" title=\"\"><\/a><\/li><li><a data-fancybox=\"gallery139\" href=\"https:\/\/zxdoll.com\/wp-content\/uploads\/2023\/07\/human-life-size-doll-riiuo11-532x800.jpg\" class=\"eig-popup\" title=\"\" data-caption=\"\" target=\"_blank\"><i class=\"icon-view\"><\/i><span class=\"overlay\"><\/span><img loading=\"lazy\" decoding=\"async\" width=\"150\" height=\"150\" src=\"https:\/\/zxdoll.com\/wp-content\/uploads\/2023\/07\/human-life-size-doll-riiuo11-150x150.jpg\" class=\"attachment-thumbnail size-thumbnail\" alt=\"\" title=\"\"><\/a><\/li><\/ul>\n<h4>M\u00e9rett\u00e1bl\u00e1zatok<\/h4>\n<table width=\"236\">\n<tbody>\n<tr>\n<td width=\"129\">Anyag<\/td>\n<td width=\"107\">TPE<\/td>\n<\/tr>\n<tr>\n<td>Testm\u00e9ret<\/td>\n<td>153 cm-es G cs\u00e9sze<\/td>\n<\/tr>\n<tr>\n<td>Nett\u00f3 t\u00f6meg<\/td>\n<td>44 kg<\/td>\n<\/tr>\n<tr>\n<td>Teljes mell<\/td>\n<td>97 cm<\/td>\n<\/tr>\n<tr>\n<td>Mell alatt<\/td>\n<td>61 cm<\/td>\n<\/tr>\n<tr>\n<td>Der\u00e9k<\/td>\n<td>53 cm<\/td>\n<\/tr>\n<tr>\n<td>Cs\u00edp\u0151<\/td>\n<td>113 cm<\/td>\n<\/tr>\n<tr>\n<td>L\u00e1bhossz<\/td>\n<td>20 cm<\/td>\n<\/tr>\n<tr>\n<td>V\u00e1ll<\/td>\n<td>37 cm<\/td>\n<\/tr>\n<tr>\n<td>H\u00fcvelym\u00e9lys\u00e9g<\/td>\n<td>18 cm<\/td>\n<\/tr>\n<tr>\n<td>V\u00e9gb\u00e9lny\u00edl\u00e1s m\u00e9lys\u00e9ge<\/td>\n<td>15 cm<\/td>\n<\/tr>\n<tr>\n<td>Or\u00e1lis m\u00e9lys\u00e9g<\/td>\n<td>12 cm<\/td>\n<\/tr>\n<\/tbody>\n<\/table>\n<h4>A szexbab\u00e1r\u00f3l<\/h4>\n<p>&nbsp;<\/p>","protected":false},"excerpt":{"rendered":"<p>Szexbaba k\u00e9pek M\u00e9rett\u00e1bl\u00e1zatok Anyag TPE Testm\u00e9ret 153 cm G cs\u00e9sze Nett\u00f3 s\u00faly 44 kg Teljes mell 97 cm mell alatt<\/p>","protected":false},"featured_media":129878,"comment_status":"open","ping_status":"closed","template":"","meta":[],"product_brand":[],"product_cat":[119,74,112,231,77,116,158,107],"product_tag":[],"class_list":{"0":"post-129743","1":"product","2":"type-product","3":"status-publish","4":"has-post-thumbnail","6":"product_cat-tpe-sex-doll","7":"product_cat-140cm-149cm-sex-dolls","8":"product_cat-150cm-159cm-sex-dolls","9":"product_cat-41kg-45kg","10":"product_cat-bbw-sex-doll","11":"product_cat-big-boobs-sex-doll","12":"product_cat-mannequin-dolls","13":"product_cat-skinny-sex-dolls","14":"pa_brand-yl-doll","15":"tm-has-options","17":"first","18":"instock","19":"sale","20":"shipping-taxable","21":"purchasable","22":"product-type-simple"},"_links":{"self":[{"href":"https:\/\/zxdoll.com\/hu\/wp-json\/wp\/v2\/product\/129743","targetHints":{"allow":["GET"]}}],"collection":[{"href":"https:\/\/zxdoll.com\/hu\/wp-json\/wp\/v2\/product"}],"about":[{"href":"https:\/\/zxdoll.com\/hu\/wp-json\/wp\/v2\/types\/product"}],"replies":[{"embeddable":true,"href":"https:\/\/zxdoll.com\/hu\/wp-json\/wp\/v2\/comments?post=129743"}],"version-history":[{"count":2,"href":"https:\/\/zxdoll.com\/hu\/wp-json\/wp\/v2\/product\/129743\/revisions"}],"predecessor-version":[{"id":155224,"href":"https:\/\/zxdoll.com\/hu\/wp-json\/wp\/v2\/product\/129743\/revisions\/155224"}],"wp:featuredmedia":[{"embeddable":true,"href":"https:\/\/zxdoll.com\/hu\/wp-json\/wp\/v2\/media\/129878"}],"wp:attachment":[{"href":"https:\/\/zxdoll.com\/hu\/wp-json\/wp\/v2\/media?parent=129743"}],"wp:term":[{"taxonomy":"product_brand","embeddable":true,"href":"https:\/\/zxdoll.com\/hu\/wp-json\/wp\/v2\/product_brand?post=129743"},{"taxonomy":"product_cat","embeddable":true,"href":"https:\/\/zxdoll.com\/hu\/wp-json\/wp\/v2\/product_cat?post=129743"},{"taxonomy":"product_tag","embeddable":true,"href":"https:\/\/zxdoll.com\/hu\/wp-json\/wp\/v2\/product_tag?post=129743"}],"curies":[{"name":"wp","href":"https:\/\/api.w.org\/{rel}","templated":true}]}}