{"id":102998,"date":"2023-07-19T00:32:09","date_gmt":"2023-07-18T16:32:09","guid":{"rendered":"https:\/\/zxdoll.com\/?post_type=product&#038;p=102998"},"modified":"2023-09-26T17:28:28","modified_gmt":"2023-09-26T09:28:28","slug":"sex-doll-with-adult-grip-boobs","status":"publish","type":"product","link":"https:\/\/zxdoll.com\/hu\/product\/sex-doll-with-adult-grip-boobs\/","title":{"rendered":"Szex baba feln\u0151tt markolat mellekkel Ruella 28cm"},"content":{"rendered":"<h4><strong>Szexbaba k\u00e9pek<\/strong><\/h4>\n\t                <ul class=\"easy-image-gallery thumbnails-15 linked\">\r\n                    <li><a data-fancybox=\"gallery159\" href=\"https:\/\/zxdoll.com\/wp-content\/uploads\/2023\/07\/funny-butt-doll-trdx1-1-533x800.jpg\" class=\"eig-popup\" title=\"\" data-caption=\"\" target=\"_blank\"><i class=\"icon-view\"><\/i><span class=\"overlay\"><\/span><img decoding=\"async\" width=\"150\" height=\"150\" src=\"https:\/\/zxdoll.com\/wp-content\/uploads\/2023\/07\/funny-butt-doll-trdx1-1-150x150.jpg\" class=\"attachment-thumbnail size-thumbnail\" alt=\"\" title=\"\"><\/a><\/li><li><a data-fancybox=\"gallery159\" href=\"https:\/\/zxdoll.com\/wp-content\/uploads\/2023\/07\/funny-butt-doll-trdx2.jpg\" class=\"eig-popup\" title=\"\" data-caption=\"\" target=\"_blank\"><i class=\"icon-view\"><\/i><span class=\"overlay\"><\/span><img decoding=\"async\" width=\"150\" height=\"150\" src=\"https:\/\/zxdoll.com\/wp-content\/uploads\/2023\/07\/funny-butt-doll-trdx2-150x150.jpg\" class=\"attachment-thumbnail size-thumbnail\" alt=\"\" title=\"\"><\/a><\/li><li><a data-fancybox=\"gallery159\" href=\"https:\/\/zxdoll.com\/wp-content\/uploads\/2023\/07\/funny-butt-doll-trdx3.jpg\" class=\"eig-popup\" title=\"\" data-caption=\"\" target=\"_blank\"><i class=\"icon-view\"><\/i><span class=\"overlay\"><\/span><img decoding=\"async\" width=\"150\" height=\"150\" src=\"https:\/\/zxdoll.com\/wp-content\/uploads\/2023\/07\/funny-butt-doll-trdx3-150x150.jpg\" class=\"attachment-thumbnail size-thumbnail\" alt=\"\" title=\"\"><\/a><\/li><li><a data-fancybox=\"gallery159\" href=\"https:\/\/zxdoll.com\/wp-content\/uploads\/2023\/07\/funny-butt-doll-trdx4.jpg\" class=\"eig-popup\" title=\"\" data-caption=\"\" target=\"_blank\"><i class=\"icon-view\"><\/i><span class=\"overlay\"><\/span><img loading=\"lazy\" decoding=\"async\" width=\"150\" height=\"150\" src=\"https:\/\/zxdoll.com\/wp-content\/uploads\/2023\/07\/funny-butt-doll-trdx4-150x150.jpg\" class=\"attachment-thumbnail size-thumbnail\" alt=\"\" title=\"\"><\/a><\/li><li><a data-fancybox=\"gallery159\" href=\"https:\/\/zxdoll.com\/wp-content\/uploads\/2023\/07\/funny-butt-doll-trdx6.jpg\" class=\"eig-popup\" title=\"\" data-caption=\"\" target=\"_blank\"><i class=\"icon-view\"><\/i><span class=\"overlay\"><\/span><img loading=\"lazy\" decoding=\"async\" width=\"150\" height=\"150\" src=\"https:\/\/zxdoll.com\/wp-content\/uploads\/2023\/07\/funny-butt-doll-trdx6-150x150.jpg\" class=\"attachment-thumbnail size-thumbnail\" alt=\"\" title=\"\"><\/a><\/li><li><a data-fancybox=\"gallery159\" href=\"https:\/\/zxdoll.com\/wp-content\/uploads\/2023\/07\/funny-butt-doll-trdx8.jpg\" class=\"eig-popup\" title=\"\" data-caption=\"\" target=\"_blank\"><i class=\"icon-view\"><\/i><span class=\"overlay\"><\/span><img loading=\"lazy\" decoding=\"async\" width=\"150\" height=\"150\" src=\"https:\/\/zxdoll.com\/wp-content\/uploads\/2023\/07\/funny-butt-doll-trdx8-150x150.jpg\" class=\"attachment-thumbnail size-thumbnail\" alt=\"\" title=\"\"><\/a><\/li><li><a data-fancybox=\"gallery159\" href=\"https:\/\/zxdoll.com\/wp-content\/uploads\/2023\/07\/funny-butt-doll-trdx9.jpg\" class=\"eig-popup\" title=\"\" data-caption=\"\" target=\"_blank\"><i class=\"icon-view\"><\/i><span class=\"overlay\"><\/span><img loading=\"lazy\" decoding=\"async\" width=\"150\" height=\"150\" src=\"https:\/\/zxdoll.com\/wp-content\/uploads\/2023\/07\/funny-butt-doll-trdx9-150x150.jpg\" class=\"attachment-thumbnail size-thumbnail\" alt=\"\" title=\"\"><\/a><\/li><li><a data-fancybox=\"gallery159\" href=\"https:\/\/zxdoll.com\/wp-content\/uploads\/2023\/07\/funny-butt-doll-trdx10.jpg\" class=\"eig-popup\" title=\"\" data-caption=\"\" target=\"_blank\"><i class=\"icon-view\"><\/i><span class=\"overlay\"><\/span><img loading=\"lazy\" decoding=\"async\" width=\"150\" height=\"150\" src=\"https:\/\/zxdoll.com\/wp-content\/uploads\/2023\/07\/funny-butt-doll-trdx10-150x150.jpg\" class=\"attachment-thumbnail size-thumbnail\" alt=\"\" title=\"\"><\/a><\/li><li><a data-fancybox=\"gallery159\" href=\"https:\/\/zxdoll.com\/wp-content\/uploads\/2023\/07\/funny-butt-doll-trdx11.jpg\" class=\"eig-popup\" title=\"\" data-caption=\"\" target=\"_blank\"><i class=\"icon-view\"><\/i><span class=\"overlay\"><\/span><img loading=\"lazy\" decoding=\"async\" width=\"150\" height=\"150\" src=\"https:\/\/zxdoll.com\/wp-content\/uploads\/2023\/07\/funny-butt-doll-trdx11-150x150.jpg\" class=\"attachment-thumbnail size-thumbnail\" alt=\"\" title=\"\"><\/a><\/li><li><a data-fancybox=\"gallery159\" href=\"https:\/\/zxdoll.com\/wp-content\/uploads\/2023\/07\/funny-butt-doll-trdx14.jpg\" class=\"eig-popup\" title=\"\" data-caption=\"\" target=\"_blank\"><i class=\"icon-view\"><\/i><span class=\"overlay\"><\/span><img loading=\"lazy\" decoding=\"async\" width=\"150\" height=\"150\" src=\"https:\/\/zxdoll.com\/wp-content\/uploads\/2023\/07\/funny-butt-doll-trdx14-150x150.jpg\" class=\"attachment-thumbnail size-thumbnail\" alt=\"\" title=\"\"><\/a><\/li><li><a data-fancybox=\"gallery159\" href=\"https:\/\/zxdoll.com\/wp-content\/uploads\/2023\/07\/funny-butt-doll-trdx16.jpg\" class=\"eig-popup\" title=\"\" data-caption=\"\" target=\"_blank\"><i class=\"icon-view\"><\/i><span class=\"overlay\"><\/span><img loading=\"lazy\" decoding=\"async\" width=\"150\" height=\"150\" src=\"https:\/\/zxdoll.com\/wp-content\/uploads\/2023\/07\/funny-butt-doll-trdx16-150x150.jpg\" class=\"attachment-thumbnail size-thumbnail\" alt=\"\" title=\"\"><\/a><\/li><li><a data-fancybox=\"gallery159\" href=\"https:\/\/zxdoll.com\/wp-content\/uploads\/2023\/07\/funny-butt-doll-trdx18.jpg\" class=\"eig-popup\" title=\"\" data-caption=\"\" target=\"_blank\"><i class=\"icon-view\"><\/i><span class=\"overlay\"><\/span><img loading=\"lazy\" decoding=\"async\" width=\"150\" height=\"150\" src=\"https:\/\/zxdoll.com\/wp-content\/uploads\/2023\/07\/funny-butt-doll-trdx18-150x150.jpg\" class=\"attachment-thumbnail size-thumbnail\" alt=\"\" title=\"\"><\/a><\/li><li><a data-fancybox=\"gallery159\" href=\"https:\/\/zxdoll.com\/wp-content\/uploads\/2023\/07\/funny-butt-doll-trdx19.jpg\" class=\"eig-popup\" title=\"\" data-caption=\"\" target=\"_blank\"><i class=\"icon-view\"><\/i><span class=\"overlay\"><\/span><img loading=\"lazy\" decoding=\"async\" width=\"150\" height=\"150\" src=\"https:\/\/zxdoll.com\/wp-content\/uploads\/2023\/07\/funny-butt-doll-trdx19-150x150.jpg\" class=\"attachment-thumbnail size-thumbnail\" alt=\"\" srcset=\"https:\/\/zxdoll.com\/wp-content\/uploads\/2023\/07\/funny-butt-doll-trdx19-150x150.jpg 150w, https:\/\/zxdoll.com\/wp-content\/uploads\/2023\/07\/funny-butt-doll-trdx19-300x300.jpg 300w, https:\/\/zxdoll.com\/wp-content\/uploads\/2023\/07\/funny-butt-doll-trdx19-768x768.jpg 768w, https:\/\/zxdoll.com\/wp-content\/uploads\/2023\/07\/funny-butt-doll-trdx19-12x12.jpg 12w, https:\/\/zxdoll.com\/wp-content\/uploads\/2023\/07\/funny-butt-doll-trdx19-430x430.jpg 430w, https:\/\/zxdoll.com\/wp-content\/uploads\/2023\/07\/funny-butt-doll-trdx19-700x700.jpg 700w, https:\/\/zxdoll.com\/wp-content\/uploads\/2023\/07\/funny-butt-doll-trdx19.jpg 800w\" sizes=\"(max-width: 150px) 100vw, 150px\" title=\"\"><\/a><\/li><li><a data-fancybox=\"gallery159\" href=\"https:\/\/zxdoll.com\/wp-content\/uploads\/2023\/07\/funny-butt-doll-trdx20.jpg\" class=\"eig-popup\" title=\"\" data-caption=\"\" target=\"_blank\"><i class=\"icon-view\"><\/i><span class=\"overlay\"><\/span><img loading=\"lazy\" decoding=\"async\" width=\"150\" height=\"150\" src=\"https:\/\/zxdoll.com\/wp-content\/uploads\/2023\/07\/funny-butt-doll-trdx20-150x150.jpg\" class=\"attachment-thumbnail size-thumbnail\" alt=\"\" title=\"\"><\/a><\/li><li><a data-fancybox=\"gallery159\" href=\"https:\/\/zxdoll.com\/wp-content\/uploads\/2023\/07\/funny-butt-doll-trdx21.jpg\" class=\"eig-popup\" title=\"\" data-caption=\"\" target=\"_blank\"><i class=\"icon-view\"><\/i><span class=\"overlay\"><\/span><img loading=\"lazy\" decoding=\"async\" width=\"150\" height=\"150\" src=\"https:\/\/zxdoll.com\/wp-content\/uploads\/2023\/07\/funny-butt-doll-trdx21-150x150.jpg\" class=\"attachment-thumbnail size-thumbnail\" alt=\"\" title=\"\"><\/a><\/li><\/ul>\n<h4>M\u00e9rett\u00e1bl\u00e1zatok<\/h4>\n<table width=\"269\">\n<tbody>\n<tr>\n<td width=\"130\">Anyag<\/td>\n<td width=\"139\">TPE<\/td>\n<\/tr>\n<tr>\n<td>Magass\u00e1g<\/td>\n<td>28 cm<\/td>\n<\/tr>\n<tr>\n<td>Sz\u00e9less\u00e9g<\/td>\n<td>32 cm<\/td>\n<\/tr>\n<tr>\n<td>H\u00fcvely<\/td>\n<td>15 cm<\/td>\n<\/tr>\n<tr>\n<td>An\u00e1lis<\/td>\n<td>10 cm<\/td>\n<\/tr>\n<tr>\n<td width=\"130\">Nett\u00f3 t\u00f6meg<\/td>\n<td>8,8 kg<\/td>\n<\/tr>\n<\/tbody>\n<\/table>\n<h4>A szexbab\u00e1r\u00f3l<\/h4>\n<p>&nbsp;<\/p>","protected":false},"excerpt":{"rendered":"<p>Szexbaba k\u00e9pek M\u00e9rett\u00e1bl\u00e1zatok Anyag TPE magass\u00e1g 28 cm sz\u00e9less\u00e9g 32 cm h\u00fcvely 15 cm an\u00e1lis 10 cm nett\u00f3 t\u00f6meg 8,8 kg kb.<\/p>","protected":false},"featured_media":103014,"comment_status":"open","ping_status":"closed","template":"","meta":[],"product_brand":[],"product_cat":[119,121],"product_tag":[],"class_list":{"0":"post-102998","1":"product","2":"type-product","3":"status-publish","4":"has-post-thumbnail","6":"product_cat-tpe-sex-doll","7":"product_cat-torso-sex-doll","8":"tm-has-options","10":"first","11":"instock","12":"sale","13":"shipping-taxable","14":"purchasable","15":"product-type-simple"},"_links":{"self":[{"href":"https:\/\/zxdoll.com\/hu\/wp-json\/wp\/v2\/product\/102998","targetHints":{"allow":["GET"]}}],"collection":[{"href":"https:\/\/zxdoll.com\/hu\/wp-json\/wp\/v2\/product"}],"about":[{"href":"https:\/\/zxdoll.com\/hu\/wp-json\/wp\/v2\/types\/product"}],"replies":[{"embeddable":true,"href":"https:\/\/zxdoll.com\/hu\/wp-json\/wp\/v2\/comments?post=102998"}],"version-history":[{"count":1,"href":"https:\/\/zxdoll.com\/hu\/wp-json\/wp\/v2\/product\/102998\/revisions"}],"predecessor-version":[{"id":103031,"href":"https:\/\/zxdoll.com\/hu\/wp-json\/wp\/v2\/product\/102998\/revisions\/103031"}],"wp:featuredmedia":[{"embeddable":true,"href":"https:\/\/zxdoll.com\/hu\/wp-json\/wp\/v2\/media\/103014"}],"wp:attachment":[{"href":"https:\/\/zxdoll.com\/hu\/wp-json\/wp\/v2\/media?parent=102998"}],"wp:term":[{"taxonomy":"product_brand","embeddable":true,"href":"https:\/\/zxdoll.com\/hu\/wp-json\/wp\/v2\/product_brand?post=102998"},{"taxonomy":"product_cat","embeddable":true,"href":"https:\/\/zxdoll.com\/hu\/wp-json\/wp\/v2\/product_cat?post=102998"},{"taxonomy":"product_tag","embeddable":true,"href":"https:\/\/zxdoll.com\/hu\/wp-json\/wp\/v2\/product_tag?post=102998"}],"curies":[{"name":"wp","href":"https:\/\/api.w.org\/{rel}","templated":true}]}}