{"id":43739,"date":"2023-04-17T03:32:16","date_gmt":"2023-04-16T19:32:16","guid":{"rendered":"https:\/\/zxdoll.com\/?post_type=product&#038;p=43739"},"modified":"2025-09-10T22:07:14","modified_gmt":"2025-09-10T14:07:14","slug":"super-small-breast-harmony-realdoll","status":"publish","type":"product","link":"https:\/\/zxdoll.com\/fr\/product\/super-small-breast-harmony-realdoll\/","title":{"rendered":"Realdoll Loralie Harmony Super Petite Poitrine 168cm"},"content":{"rendered":"<h4><strong>Images de poup\u00e9e de sexe<\/strong><\/h4>\n\t                <ul class=\"easy-image-gallery thumbnails-18 linked\">\r\n                    <li><a data-fancybox=\"gallery334\" href=\"https:\/\/zxdoll.com\/wp-content\/uploads\/2023\/04\/sex-doll-shop-8u6v1-533x800.jpg\" class=\"eig-popup\" title=\"\" data-caption=\"\" target=\"_blank\"><i class=\"icon-view\"><\/i><span class=\"overlay\"><\/span><img decoding=\"async\" width=\"150\" height=\"150\" src=\"https:\/\/zxdoll.com\/wp-content\/uploads\/2023\/04\/sex-doll-shop-8u6v1-150x150.jpg\" class=\"attachment-thumbnail size-thumbnail\" alt=\"\" title=\"\"><\/a><\/li><li><a data-fancybox=\"gallery334\" href=\"https:\/\/zxdoll.com\/wp-content\/uploads\/2023\/04\/sex-doll-shop-8u6v2-533x800.jpg\" class=\"eig-popup\" title=\"\" data-caption=\"\" target=\"_blank\"><i class=\"icon-view\"><\/i><span class=\"overlay\"><\/span><img decoding=\"async\" width=\"150\" height=\"150\" src=\"https:\/\/zxdoll.com\/wp-content\/uploads\/2023\/04\/sex-doll-shop-8u6v2-150x150.jpg\" class=\"attachment-thumbnail size-thumbnail\" alt=\"\" title=\"\"><\/a><\/li><li><a data-fancybox=\"gallery334\" href=\"https:\/\/zxdoll.com\/wp-content\/uploads\/2023\/04\/sex-doll-shop-8u6v3-533x800.jpg\" class=\"eig-popup\" title=\"\" data-caption=\"\" target=\"_blank\"><i class=\"icon-view\"><\/i><span class=\"overlay\"><\/span><img decoding=\"async\" width=\"150\" height=\"150\" src=\"https:\/\/zxdoll.com\/wp-content\/uploads\/2023\/04\/sex-doll-shop-8u6v3-150x150.jpg\" class=\"attachment-thumbnail size-thumbnail\" alt=\"\" title=\"\"><\/a><\/li><li><a data-fancybox=\"gallery334\" href=\"https:\/\/zxdoll.com\/wp-content\/uploads\/2023\/04\/sex-doll-shop-8u6v4-533x800.jpg\" class=\"eig-popup\" title=\"\" data-caption=\"\" target=\"_blank\"><i class=\"icon-view\"><\/i><span class=\"overlay\"><\/span><img loading=\"lazy\" decoding=\"async\" width=\"150\" height=\"150\" src=\"https:\/\/zxdoll.com\/wp-content\/uploads\/2023\/04\/sex-doll-shop-8u6v4-150x150.jpg\" class=\"attachment-thumbnail size-thumbnail\" alt=\"\" title=\"\"><\/a><\/li><li><a data-fancybox=\"gallery334\" href=\"https:\/\/zxdoll.com\/wp-content\/uploads\/2023\/04\/sex-doll-shop-8u6v5-533x800.jpg\" class=\"eig-popup\" title=\"\" data-caption=\"\" target=\"_blank\"><i class=\"icon-view\"><\/i><span class=\"overlay\"><\/span><img loading=\"lazy\" decoding=\"async\" width=\"150\" height=\"150\" src=\"https:\/\/zxdoll.com\/wp-content\/uploads\/2023\/04\/sex-doll-shop-8u6v5-150x150.jpg\" class=\"attachment-thumbnail size-thumbnail\" alt=\"\" title=\"\"><\/a><\/li><li><a data-fancybox=\"gallery334\" href=\"https:\/\/zxdoll.com\/wp-content\/uploads\/2023\/04\/sex-doll-shop-8u6v6-533x800.jpg\" class=\"eig-popup\" title=\"\" data-caption=\"\" target=\"_blank\"><i class=\"icon-view\"><\/i><span class=\"overlay\"><\/span><img loading=\"lazy\" decoding=\"async\" width=\"150\" height=\"150\" src=\"https:\/\/zxdoll.com\/wp-content\/uploads\/2023\/04\/sex-doll-shop-8u6v6-150x150.jpg\" class=\"attachment-thumbnail size-thumbnail\" alt=\"\" title=\"\"><\/a><\/li><li><a data-fancybox=\"gallery334\" href=\"https:\/\/zxdoll.com\/wp-content\/uploads\/2023\/04\/sex-doll-shop-8u6v7-533x800.jpg\" class=\"eig-popup\" title=\"\" data-caption=\"\" target=\"_blank\"><i class=\"icon-view\"><\/i><span class=\"overlay\"><\/span><img loading=\"lazy\" decoding=\"async\" width=\"150\" height=\"150\" src=\"https:\/\/zxdoll.com\/wp-content\/uploads\/2023\/04\/sex-doll-shop-8u6v7-150x150.jpg\" class=\"attachment-thumbnail size-thumbnail\" alt=\"\" title=\"\"><\/a><\/li><li><a data-fancybox=\"gallery334\" href=\"https:\/\/zxdoll.com\/wp-content\/uploads\/2023\/04\/sex-doll-shop-8u6v8-508x800.jpg\" class=\"eig-popup\" title=\"\" data-caption=\"\" target=\"_blank\"><i class=\"icon-view\"><\/i><span class=\"overlay\"><\/span><img loading=\"lazy\" decoding=\"async\" width=\"150\" height=\"150\" src=\"https:\/\/zxdoll.com\/wp-content\/uploads\/2023\/04\/sex-doll-shop-8u6v8-150x150.jpg\" class=\"attachment-thumbnail size-thumbnail\" alt=\"\" title=\"\"><\/a><\/li><li><a data-fancybox=\"gallery334\" href=\"https:\/\/zxdoll.com\/wp-content\/uploads\/2023\/04\/sex-doll-shop-8u6v9-533x800.jpg\" class=\"eig-popup\" title=\"\" data-caption=\"\" target=\"_blank\"><i class=\"icon-view\"><\/i><span class=\"overlay\"><\/span><img loading=\"lazy\" decoding=\"async\" width=\"150\" height=\"150\" src=\"https:\/\/zxdoll.com\/wp-content\/uploads\/2023\/04\/sex-doll-shop-8u6v9-150x150.jpg\" class=\"attachment-thumbnail size-thumbnail\" alt=\"\" title=\"\"><\/a><\/li><li><a data-fancybox=\"gallery334\" href=\"https:\/\/zxdoll.com\/wp-content\/uploads\/2023\/04\/sex-doll-shop-8u6v10-497x800.jpg\" class=\"eig-popup\" title=\"\" data-caption=\"\" target=\"_blank\"><i class=\"icon-view\"><\/i><span class=\"overlay\"><\/span><img loading=\"lazy\" decoding=\"async\" width=\"150\" height=\"150\" src=\"https:\/\/zxdoll.com\/wp-content\/uploads\/2023\/04\/sex-doll-shop-8u6v10-150x150.jpg\" class=\"attachment-thumbnail size-thumbnail\" alt=\"\" title=\"\"><\/a><\/li><li><a data-fancybox=\"gallery334\" href=\"https:\/\/zxdoll.com\/wp-content\/uploads\/2023\/04\/sex-doll-shop-8u6v12-518x800.jpg\" class=\"eig-popup\" title=\"\" data-caption=\"\" target=\"_blank\"><i class=\"icon-view\"><\/i><span class=\"overlay\"><\/span><img loading=\"lazy\" decoding=\"async\" width=\"150\" height=\"150\" src=\"https:\/\/zxdoll.com\/wp-content\/uploads\/2023\/04\/sex-doll-shop-8u6v12-150x150.jpg\" class=\"attachment-thumbnail size-thumbnail\" alt=\"\" title=\"\"><\/a><\/li><li><a data-fancybox=\"gallery334\" href=\"https:\/\/zxdoll.com\/wp-content\/uploads\/2023\/04\/sex-doll-shop-8u6v13-481x800.jpg\" class=\"eig-popup\" title=\"\" data-caption=\"\" target=\"_blank\"><i class=\"icon-view\"><\/i><span class=\"overlay\"><\/span><img loading=\"lazy\" decoding=\"async\" width=\"150\" height=\"150\" src=\"https:\/\/zxdoll.com\/wp-content\/uploads\/2023\/04\/sex-doll-shop-8u6v13-150x150.jpg\" class=\"attachment-thumbnail size-thumbnail\" alt=\"\" title=\"\"><\/a><\/li><li><a data-fancybox=\"gallery334\" href=\"https:\/\/zxdoll.com\/wp-content\/uploads\/2023\/04\/sex-doll-shop-8u6v14-491x800.jpg\" class=\"eig-popup\" title=\"\" data-caption=\"\" target=\"_blank\"><i class=\"icon-view\"><\/i><span class=\"overlay\"><\/span><img loading=\"lazy\" decoding=\"async\" width=\"150\" height=\"150\" src=\"https:\/\/zxdoll.com\/wp-content\/uploads\/2023\/04\/sex-doll-shop-8u6v14-150x150.jpg\" class=\"attachment-thumbnail size-thumbnail\" alt=\"\" title=\"\"><\/a><\/li><li><a data-fancybox=\"gallery334\" href=\"https:\/\/zxdoll.com\/wp-content\/uploads\/2023\/04\/sex-doll-shop-8u6v15-524x800.jpg\" class=\"eig-popup\" title=\"\" data-caption=\"\" target=\"_blank\"><i class=\"icon-view\"><\/i><span class=\"overlay\"><\/span><img loading=\"lazy\" decoding=\"async\" width=\"150\" height=\"150\" src=\"https:\/\/zxdoll.com\/wp-content\/uploads\/2023\/04\/sex-doll-shop-8u6v15-150x150.jpg\" class=\"attachment-thumbnail size-thumbnail\" alt=\"\" title=\"\"><\/a><\/li><li><a data-fancybox=\"gallery334\" href=\"https:\/\/zxdoll.com\/wp-content\/uploads\/2023\/04\/sex-doll-shop-8u6v16-533x800.jpg\" class=\"eig-popup\" title=\"\" data-caption=\"\" target=\"_blank\"><i class=\"icon-view\"><\/i><span class=\"overlay\"><\/span><img loading=\"lazy\" decoding=\"async\" width=\"150\" height=\"150\" src=\"https:\/\/zxdoll.com\/wp-content\/uploads\/2023\/04\/sex-doll-shop-8u6v16-150x150.jpg\" class=\"attachment-thumbnail size-thumbnail\" alt=\"\" title=\"\"><\/a><\/li><li><a data-fancybox=\"gallery334\" href=\"https:\/\/zxdoll.com\/wp-content\/uploads\/2023\/04\/sex-doll-shop-8u6v17-1-533x800.jpg\" class=\"eig-popup\" title=\"\" data-caption=\"\" target=\"_blank\"><i class=\"icon-view\"><\/i><span class=\"overlay\"><\/span><img loading=\"lazy\" decoding=\"async\" width=\"150\" height=\"150\" src=\"https:\/\/zxdoll.com\/wp-content\/uploads\/2023\/04\/sex-doll-shop-8u6v17-1-150x150.jpg\" class=\"attachment-thumbnail size-thumbnail\" alt=\"\" title=\"\"><\/a><\/li><li><a data-fancybox=\"gallery334\" href=\"https:\/\/zxdoll.com\/wp-content\/uploads\/2023\/04\/sex-doll-shop-8u6v18-533x800.jpg\" class=\"eig-popup\" title=\"\" data-caption=\"\" target=\"_blank\"><i class=\"icon-view\"><\/i><span class=\"overlay\"><\/span><img loading=\"lazy\" decoding=\"async\" width=\"150\" height=\"150\" src=\"https:\/\/zxdoll.com\/wp-content\/uploads\/2023\/04\/sex-doll-shop-8u6v18-150x150.jpg\" class=\"attachment-thumbnail size-thumbnail\" alt=\"\" title=\"\"><\/a><\/li><li><a data-fancybox=\"gallery334\" href=\"https:\/\/zxdoll.com\/wp-content\/uploads\/2023\/04\/sex-doll-shop-8u6v19-531x800.jpg\" class=\"eig-popup\" title=\"\" data-caption=\"\" target=\"_blank\"><i class=\"icon-view\"><\/i><span class=\"overlay\"><\/span><img loading=\"lazy\" decoding=\"async\" width=\"150\" height=\"150\" src=\"https:\/\/zxdoll.com\/wp-content\/uploads\/2023\/04\/sex-doll-shop-8u6v19-150x150.jpg\" class=\"attachment-thumbnail size-thumbnail\" alt=\"\" title=\"\"><\/a><\/li><\/ul>\n<h4>Tableaux des tailles<\/h4>\n<table width=\"292\">\n<tbody>\n<tr>\n<td width=\"153\">Mat\u00e9riel<\/td>\n<td width=\"139\">TPE<\/td>\n<\/tr>\n<tr>\n<td>Hauteur<\/td>\n<td>168cm<\/td>\n<\/tr>\n<tr>\n<td>Ligne de poitrine<\/td>\n<td>67cm<\/td>\n<\/tr>\n<tr>\n<td>Ligne de taille<\/td>\n<td>53cm<\/td>\n<\/tr>\n<tr>\n<td>Ligne de hanche<\/td>\n<td>73cm<\/td>\n<\/tr>\n<tr>\n<td>Largeur d&#039;\u00e9paule<\/td>\n<td>32cm<\/td>\n<\/tr>\n<tr>\n<td>Longueur de bras<\/td>\n<td>58cm<\/td>\n<\/tr>\n<tr>\n<td>Longueur de jambe<\/td>\n<td>109cm<\/td>\n<\/tr>\n<tr>\n<td>Taille des pieds<\/td>\n<td>22cm<\/td>\n<\/tr>\n<tr>\n<td>Cuisse Ligne<\/td>\n<td>44cm<\/td>\n<\/tr>\n<tr>\n<td>Ligne de mollet<\/td>\n<td>27cm<\/td>\n<\/tr>\n<tr>\n<td>Poids net<\/td>\n<td>28,5 kg<\/td>\n<\/tr>\n<tr>\n<td>Profondeur orale<\/td>\n<td>13cm<\/td>\n<\/tr>\n<tr>\n<td>Profondeur du vagin<\/td>\n<td>18cm<\/td>\n<\/tr>\n<tr>\n<td>Profondeur anale<\/td>\n<td>16cm<\/td>\n<\/tr>\n<\/tbody>\n<\/table>\n<h4>\u00c0 propos de la poup\u00e9e sexuelle<\/h4>\n<p>Si vous vous \u00eates demand\u00e9 ce que c&#039;est que de baiser une poup\u00e9e fantaisiste, vous avez de la chance. D\u00e9couvrez Ray, la petite poup\u00e9e sexuelle du moment. La plupart des poup\u00e9es sexuelles tpe ne sont pas aussi flexibles ou sexy ou m\u00eame aussi s\u00e9duisantes que cette beaut\u00e9.<\/p>\n<p>Ne laissez pas ses longs cheveux et son attitude calme vous tromper ; cette super poup\u00e9e sexuelle est plus que dispos\u00e9e \u00e0 tenter n&#039;importe quelle position sexuelle, et elle est \u00e9galement dou\u00e9e pour cela. En fait, vous trouverez tr\u00e8s rarement une poup\u00e9e d&#039;amour comme elle, et nous ne disons pas cela \u00e0 la l\u00e9g\u00e8re. Cette poup\u00e9e n&#039;est peut-\u00eatre pas une poup\u00e9e piper, mais elle en a le physique.<\/p>\n<p>Des seins importants, un teint clair, un visage magnifique et des cheveux saisissants. Ce ne sont pas les seules caract\u00e9ristiques qui rendent cette poup\u00e9e d&#039;amour unique. Elle est une poup\u00e9e sexuelle transexuelle et a un p\u00e9nis d\u00e9tachable en dehors de sa chatte et de son cul de poup\u00e9e. Cela en fait une poup\u00e9e \u00e0 usages divers, parfaite pour les hommes, les femmes et les personnes en dehors de ces deux sexes.<\/p>\n<p>Et dans une vraie harmonie de poup\u00e9e famili\u00e8re, cette poup\u00e9e d&#039;amour a une t\u00eate parfaitement attach\u00e9e qui peut \u00eatre facilement d\u00e9tach\u00e9e pour un changement, de sorte que vous pouvez obtenir plusieurs t\u00eates de poup\u00e9e comme la sienne et les changer, en conservant son physique parfaitement tonique. N&#039;est-ce pas incroyable?<\/p>","protected":false},"excerpt":{"rendered":"<p>Images de poup\u00e9e de sexe Tableaux des tailles Mat\u00e9riau TPE Hauteur 168 cm Ligne de poitrine 67 cm Ligne de taille 53 cm Ligne de hanche 73 cm Largeur d&#039;\u00e9paule<\/p>","protected":false},"featured_media":43740,"comment_status":"open","ping_status":"closed","template":"","meta":[],"product_brand":[],"product_cat":[119,75,228,102,107,117],"product_tag":[],"class_list":{"0":"post-43739","1":"product","2":"type-product","3":"status-publish","4":"has-post-thumbnail","6":"product_cat-tpe-sex-doll","7":"product_cat-160cm-170cm-sex-dolls","8":"product_cat-26kg-30kg","9":"product_cat-fantasy-sex-dolls","10":"product_cat-skinny-sex-dolls","11":"product_cat-small-breast-sex-doll","12":"pa_brand-fire-doll","13":"tm-has-options","15":"first","16":"instock","17":"sale","18":"shipping-taxable","19":"purchasable","20":"product-type-simple"},"_links":{"self":[{"href":"https:\/\/zxdoll.com\/fr\/wp-json\/wp\/v2\/product\/43739","targetHints":{"allow":["GET"]}}],"collection":[{"href":"https:\/\/zxdoll.com\/fr\/wp-json\/wp\/v2\/product"}],"about":[{"href":"https:\/\/zxdoll.com\/fr\/wp-json\/wp\/v2\/types\/product"}],"replies":[{"embeddable":true,"href":"https:\/\/zxdoll.com\/fr\/wp-json\/wp\/v2\/comments?post=43739"}],"version-history":[{"count":2,"href":"https:\/\/zxdoll.com\/fr\/wp-json\/wp\/v2\/product\/43739\/revisions"}],"predecessor-version":[{"id":155438,"href":"https:\/\/zxdoll.com\/fr\/wp-json\/wp\/v2\/product\/43739\/revisions\/155438"}],"wp:featuredmedia":[{"embeddable":true,"href":"https:\/\/zxdoll.com\/fr\/wp-json\/wp\/v2\/media\/43740"}],"wp:attachment":[{"href":"https:\/\/zxdoll.com\/fr\/wp-json\/wp\/v2\/media?parent=43739"}],"wp:term":[{"taxonomy":"product_brand","embeddable":true,"href":"https:\/\/zxdoll.com\/fr\/wp-json\/wp\/v2\/product_brand?post=43739"},{"taxonomy":"product_cat","embeddable":true,"href":"https:\/\/zxdoll.com\/fr\/wp-json\/wp\/v2\/product_cat?post=43739"},{"taxonomy":"product_tag","embeddable":true,"href":"https:\/\/zxdoll.com\/fr\/wp-json\/wp\/v2\/product_tag?post=43739"}],"curies":[{"name":"wp","href":"https:\/\/api.w.org\/{rel}","templated":true}]}}