{"id":42873,"date":"2023-04-17T01:10:15","date_gmt":"2023-04-16T17:10:15","guid":{"rendered":"https:\/\/zxdoll.com\/?post_type=product&#038;p=42873"},"modified":"2025-09-10T01:20:44","modified_gmt":"2025-09-09T17:20:44","slug":"beautiful-face-dress-sense-tight-doll-pussy","status":"publish","type":"product","link":"https:\/\/zxdoll.com\/fr\/product\/beautiful-face-dress-sense-tight-doll-pussy\/","title":{"rendered":"Beau Visage Robe Sens Chatte Serr\u00e9e De Poup\u00e9e Azucena 165cm"},"content":{"rendered":"<h4><strong>Images de poup\u00e9e de sexe<\/strong><\/h4>\n\t                <ul class=\"easy-image-gallery thumbnails-17 linked\">\r\n                    <li><a data-fancybox=\"gallery314\" href=\"https:\/\/zxdoll.com\/wp-content\/uploads\/2023\/04\/tgirl-sex-doll-8u7a1-533x800.jpg\" class=\"eig-popup\" title=\"\" data-caption=\"\" target=\"_blank\"><i class=\"icon-view\"><\/i><span class=\"overlay\"><\/span><img decoding=\"async\" width=\"150\" height=\"150\" src=\"https:\/\/zxdoll.com\/wp-content\/uploads\/2023\/04\/tgirl-sex-doll-8u7a1-150x150.jpg\" class=\"attachment-thumbnail size-thumbnail\" alt=\"\" title=\"\"><\/a><\/li><li><a data-fancybox=\"gallery314\" href=\"https:\/\/zxdoll.com\/wp-content\/uploads\/2023\/04\/tgirl-sex-doll-8u7a2-533x800.jpg\" class=\"eig-popup\" title=\"\" data-caption=\"\" target=\"_blank\"><i class=\"icon-view\"><\/i><span class=\"overlay\"><\/span><img decoding=\"async\" width=\"150\" height=\"150\" src=\"https:\/\/zxdoll.com\/wp-content\/uploads\/2023\/04\/tgirl-sex-doll-8u7a2-150x150.jpg\" class=\"attachment-thumbnail size-thumbnail\" alt=\"\" title=\"\"><\/a><\/li><li><a data-fancybox=\"gallery314\" href=\"https:\/\/zxdoll.com\/wp-content\/uploads\/2023\/04\/tgirl-sex-doll-8u7a4-533x800.jpg\" class=\"eig-popup\" title=\"\" data-caption=\"\" target=\"_blank\"><i class=\"icon-view\"><\/i><span class=\"overlay\"><\/span><img decoding=\"async\" width=\"150\" height=\"150\" src=\"https:\/\/zxdoll.com\/wp-content\/uploads\/2023\/04\/tgirl-sex-doll-8u7a4-150x150.jpg\" class=\"attachment-thumbnail size-thumbnail\" alt=\"\" title=\"\"><\/a><\/li><li><a data-fancybox=\"gallery314\" href=\"https:\/\/zxdoll.com\/wp-content\/uploads\/2023\/04\/tgirl-sex-doll-8u7a6-533x800.jpg\" class=\"eig-popup\" title=\"\" data-caption=\"\" target=\"_blank\"><i class=\"icon-view\"><\/i><span class=\"overlay\"><\/span><img loading=\"lazy\" decoding=\"async\" width=\"150\" height=\"150\" src=\"https:\/\/zxdoll.com\/wp-content\/uploads\/2023\/04\/tgirl-sex-doll-8u7a6-150x150.jpg\" class=\"attachment-thumbnail size-thumbnail\" alt=\"\" title=\"\"><\/a><\/li><li><a data-fancybox=\"gallery314\" href=\"https:\/\/zxdoll.com\/wp-content\/uploads\/2023\/04\/tgirl-sex-doll-8u7a8-533x800.jpg\" class=\"eig-popup\" title=\"\" data-caption=\"\" target=\"_blank\"><i class=\"icon-view\"><\/i><span class=\"overlay\"><\/span><img loading=\"lazy\" decoding=\"async\" width=\"150\" height=\"150\" src=\"https:\/\/zxdoll.com\/wp-content\/uploads\/2023\/04\/tgirl-sex-doll-8u7a8-150x150.jpg\" class=\"attachment-thumbnail size-thumbnail\" alt=\"\" title=\"\"><\/a><\/li><li><a data-fancybox=\"gallery314\" href=\"https:\/\/zxdoll.com\/wp-content\/uploads\/2023\/04\/tgirl-sex-doll-8u7a10-533x800.jpg\" class=\"eig-popup\" title=\"\" data-caption=\"\" target=\"_blank\"><i class=\"icon-view\"><\/i><span class=\"overlay\"><\/span><img loading=\"lazy\" decoding=\"async\" width=\"150\" height=\"150\" src=\"https:\/\/zxdoll.com\/wp-content\/uploads\/2023\/04\/tgirl-sex-doll-8u7a10-150x150.jpg\" class=\"attachment-thumbnail size-thumbnail\" alt=\"\" title=\"\"><\/a><\/li><li><a data-fancybox=\"gallery314\" href=\"https:\/\/zxdoll.com\/wp-content\/uploads\/2023\/04\/tgirl-sex-doll-8u7a11-533x800.jpg\" class=\"eig-popup\" title=\"\" data-caption=\"\" target=\"_blank\"><i class=\"icon-view\"><\/i><span class=\"overlay\"><\/span><img loading=\"lazy\" decoding=\"async\" width=\"150\" height=\"150\" src=\"https:\/\/zxdoll.com\/wp-content\/uploads\/2023\/04\/tgirl-sex-doll-8u7a11-150x150.jpg\" class=\"attachment-thumbnail size-thumbnail\" alt=\"\" title=\"\"><\/a><\/li><li><a data-fancybox=\"gallery314\" href=\"https:\/\/zxdoll.com\/wp-content\/uploads\/2023\/04\/tgirl-sex-doll-8u7a13-533x800.jpg\" class=\"eig-popup\" title=\"\" data-caption=\"\" target=\"_blank\"><i class=\"icon-view\"><\/i><span class=\"overlay\"><\/span><img loading=\"lazy\" decoding=\"async\" width=\"150\" height=\"150\" src=\"https:\/\/zxdoll.com\/wp-content\/uploads\/2023\/04\/tgirl-sex-doll-8u7a13-150x150.jpg\" class=\"attachment-thumbnail size-thumbnail\" alt=\"\" title=\"\"><\/a><\/li><li><a data-fancybox=\"gallery314\" href=\"https:\/\/zxdoll.com\/wp-content\/uploads\/2023\/04\/tgirl-sex-doll-8u7a17-533x800.jpg\" class=\"eig-popup\" title=\"\" data-caption=\"\" target=\"_blank\"><i class=\"icon-view\"><\/i><span class=\"overlay\"><\/span><img loading=\"lazy\" decoding=\"async\" width=\"150\" height=\"150\" src=\"https:\/\/zxdoll.com\/wp-content\/uploads\/2023\/04\/tgirl-sex-doll-8u7a17-150x150.jpg\" class=\"attachment-thumbnail size-thumbnail\" alt=\"\" title=\"\"><\/a><\/li><li><a data-fancybox=\"gallery314\" href=\"https:\/\/zxdoll.com\/wp-content\/uploads\/2023\/04\/tgirl-sex-doll-8u7a18-533x800.jpg\" class=\"eig-popup\" title=\"\" data-caption=\"\" target=\"_blank\"><i class=\"icon-view\"><\/i><span class=\"overlay\"><\/span><img loading=\"lazy\" decoding=\"async\" width=\"150\" height=\"150\" src=\"https:\/\/zxdoll.com\/wp-content\/uploads\/2023\/04\/tgirl-sex-doll-8u7a18-150x150.jpg\" class=\"attachment-thumbnail size-thumbnail\" alt=\"\" title=\"\"><\/a><\/li><li><a data-fancybox=\"gallery314\" href=\"https:\/\/zxdoll.com\/wp-content\/uploads\/2023\/04\/tgirl-sex-doll-8u7a21-533x800.jpg\" class=\"eig-popup\" title=\"\" data-caption=\"\" target=\"_blank\"><i class=\"icon-view\"><\/i><span class=\"overlay\"><\/span><img loading=\"lazy\" decoding=\"async\" width=\"150\" height=\"150\" src=\"https:\/\/zxdoll.com\/wp-content\/uploads\/2023\/04\/tgirl-sex-doll-8u7a21-150x150.jpg\" class=\"attachment-thumbnail size-thumbnail\" alt=\"\" title=\"\"><\/a><\/li><li><a data-fancybox=\"gallery314\" href=\"https:\/\/zxdoll.com\/wp-content\/uploads\/2023\/04\/tgirl-sex-doll-8u7a22-533x800.jpg\" class=\"eig-popup\" title=\"\" data-caption=\"\" target=\"_blank\"><i class=\"icon-view\"><\/i><span class=\"overlay\"><\/span><img loading=\"lazy\" decoding=\"async\" width=\"150\" height=\"150\" src=\"https:\/\/zxdoll.com\/wp-content\/uploads\/2023\/04\/tgirl-sex-doll-8u7a22-150x150.jpg\" class=\"attachment-thumbnail size-thumbnail\" alt=\"\" title=\"\"><\/a><\/li><li><a data-fancybox=\"gallery314\" href=\"https:\/\/zxdoll.com\/wp-content\/uploads\/2023\/04\/tgirl-sex-doll-8u7a24-533x800.jpg\" class=\"eig-popup\" title=\"\" data-caption=\"\" target=\"_blank\"><i class=\"icon-view\"><\/i><span class=\"overlay\"><\/span><img loading=\"lazy\" decoding=\"async\" width=\"150\" height=\"150\" src=\"https:\/\/zxdoll.com\/wp-content\/uploads\/2023\/04\/tgirl-sex-doll-8u7a24-150x150.jpg\" class=\"attachment-thumbnail size-thumbnail\" alt=\"\" title=\"\"><\/a><\/li><li><a data-fancybox=\"gallery314\" href=\"https:\/\/zxdoll.com\/wp-content\/uploads\/2023\/04\/tgirl-sex-doll-8u7a25-533x800.jpg\" class=\"eig-popup\" title=\"\" data-caption=\"\" target=\"_blank\"><i class=\"icon-view\"><\/i><span class=\"overlay\"><\/span><img loading=\"lazy\" decoding=\"async\" width=\"150\" height=\"150\" src=\"https:\/\/zxdoll.com\/wp-content\/uploads\/2023\/04\/tgirl-sex-doll-8u7a25-150x150.jpg\" class=\"attachment-thumbnail size-thumbnail\" alt=\"\" title=\"\"><\/a><\/li><li><a data-fancybox=\"gallery314\" href=\"https:\/\/zxdoll.com\/wp-content\/uploads\/2023\/04\/tgirl-sex-doll-8u7a27-533x800.jpg\" class=\"eig-popup\" title=\"\" data-caption=\"\" target=\"_blank\"><i class=\"icon-view\"><\/i><span class=\"overlay\"><\/span><img loading=\"lazy\" decoding=\"async\" width=\"150\" height=\"150\" src=\"https:\/\/zxdoll.com\/wp-content\/uploads\/2023\/04\/tgirl-sex-doll-8u7a27-150x150.jpg\" class=\"attachment-thumbnail size-thumbnail\" alt=\"\" title=\"\"><\/a><\/li><li><a data-fancybox=\"gallery314\" href=\"https:\/\/zxdoll.com\/wp-content\/uploads\/2023\/04\/tgirl-sex-doll-8u7a28-533x800.jpg\" class=\"eig-popup\" title=\"\" data-caption=\"\" target=\"_blank\"><i class=\"icon-view\"><\/i><span class=\"overlay\"><\/span><img loading=\"lazy\" decoding=\"async\" width=\"150\" height=\"150\" src=\"https:\/\/zxdoll.com\/wp-content\/uploads\/2023\/04\/tgirl-sex-doll-8u7a28-150x150.jpg\" class=\"attachment-thumbnail size-thumbnail\" alt=\"\" title=\"\"><\/a><\/li><li><a data-fancybox=\"gallery314\" href=\"https:\/\/zxdoll.com\/wp-content\/uploads\/2023\/04\/tgirl-sex-doll-8u7a30-533x800.jpg\" class=\"eig-popup\" title=\"\" data-caption=\"\" target=\"_blank\"><i class=\"icon-view\"><\/i><span class=\"overlay\"><\/span><img loading=\"lazy\" decoding=\"async\" width=\"150\" height=\"150\" src=\"https:\/\/zxdoll.com\/wp-content\/uploads\/2023\/04\/tgirl-sex-doll-8u7a30-150x150.jpg\" class=\"attachment-thumbnail size-thumbnail\" alt=\"\" title=\"\"><\/a><\/li><\/ul>\n<h4>Tableaux des tailles<\/h4>\n<table width=\"292\">\n<tbody>\n<tr>\n<td width=\"153\">Mat\u00e9riel<\/td>\n<td width=\"139\">TPE<\/td>\n<\/tr>\n<tr>\n<td>Hauteur<\/td>\n<td>165cm<\/td>\n<\/tr>\n<tr>\n<td>Ligne de poitrine<\/td>\n<td>67cm<\/td>\n<\/tr>\n<tr>\n<td>Ligne de taille<\/td>\n<td>54cm<\/td>\n<\/tr>\n<tr>\n<td>Ligne de hanche<\/td>\n<td>94cm<\/td>\n<\/tr>\n<tr>\n<td>Largeur d&#039;\u00e9paule<\/td>\n<td>29cm<\/td>\n<\/tr>\n<tr>\n<td>Longueur de bras<\/td>\n<td>67cm<\/td>\n<\/tr>\n<tr>\n<td>Longueur de jambe<\/td>\n<td>103cm<\/td>\n<\/tr>\n<tr>\n<td>Taille des pieds<\/td>\n<td>22cm<\/td>\n<\/tr>\n<tr>\n<td>Cuisse Ligne<\/td>\n<td>48cm<\/td>\n<\/tr>\n<tr>\n<td>Ligne de mollet<\/td>\n<td>32cm<\/td>\n<\/tr>\n<tr>\n<td>Poids net<\/td>\n<td>36 kg<\/td>\n<\/tr>\n<tr>\n<td>Profondeur orale<\/td>\n<td>13cm<\/td>\n<\/tr>\n<tr>\n<td>Profondeur du vagin<\/td>\n<td>18cm<\/td>\n<\/tr>\n<tr>\n<td>Profondeur anale<\/td>\n<td>16cm<\/td>\n<\/tr>\n<\/tbody>\n<\/table>\n<h4>\u00c0 propos de la poup\u00e9e sexuelle<\/h4>\n<p>Vous vouliez une poup\u00e9e d&#039;amour r\u00e9aliste, et nous sommes l\u00e0 pour vous livrer.<\/p>\n<p>Nous aimerions vous pr\u00e9senter cette adorable vraie poup\u00e9e sexuelle grandeur nature, Mya. Mya est une poup\u00e9e sexuelle TPE avec le corps d&#039;une poup\u00e9e adulte naturelle, une poup\u00e9e sexy au corps r\u00e9aliste. De ses courts cheveux bruns au-dessus de ses \u00e9paules \u00e0 ses yeux sombres et son visage rougissant \u00e0 ses seins bonnet B dissimul\u00e9s par sa camisole et son haut, cette poup\u00e9e d&#039;amour a un visage si jeune. C&#039;est une beaut\u00e9 \u00e0 regarder.<\/p>\n<p>La vraie poup\u00e9e sexuelle est la meilleure de sa classe, avec la vraie poup\u00e9e d&#039;amour en TPE, douce et spongieuse, ainsi que son beau visage et son sens vestimentaire. La poup\u00e9e sexuelle r\u00e9pondra enfin \u00e0 votre &quot;les poup\u00e9es sexy sont-elles r\u00e9elles?&quot; question, rapide et efficace.<\/p>\n<p>Elle a un squelette m\u00e9tallique flexible qui l&#039;aide \u00e0 prendre de nombreuses positions tr\u00e8s rapidement, et la poup\u00e9e sexuelle de la star du porno ne vous plaira pas seulement si c&#039;est ce que vous voulez, mais restera l\u00e0 pendant que vous lui plaisez si c&#039;est ce que vous pr\u00e9f\u00e9rez.<\/p>\n<p>Elle peut \u00eatre trouv\u00e9e dans de nombreux h\u00f4pitaux de don de sperme, car ses capacit\u00e9s sexuelles sont s\u00fbres d&#039;exciter n&#039;importe quel homme. Vous appr\u00e9cierez aussi sa chatte serr\u00e9e de poup\u00e9e, son cul de poup\u00e9e et sa bouche, si vous \u00eates un homme qui aime la pipe.<\/p>","protected":false},"excerpt":{"rendered":"<p>Images de poup\u00e9e de sexe Tableaux des tailles Mat\u00e9riau TPE Hauteur 165 cm Ligne de poitrine 67 cm Ligne de taille 54 cm Ligne de hanche 94 cm Largeur d&#039;\u00e9paule<\/p>","protected":false},"featured_media":42893,"comment_status":"open","ping_status":"closed","template":"","meta":[],"product_brand":[],"product_cat":[119,75,230,102,107,117],"product_tag":[],"class_list":{"0":"post-42873","1":"product","2":"type-product","3":"status-publish","4":"has-post-thumbnail","6":"product_cat-tpe-sex-doll","7":"product_cat-160cm-170cm-sex-dolls","8":"product_cat-36kg-40kg","9":"product_cat-fantasy-sex-dolls","10":"product_cat-skinny-sex-dolls","11":"product_cat-small-breast-sex-doll","12":"pa_brand-fire-doll","13":"tm-has-options","15":"first","16":"instock","17":"sale","18":"shipping-taxable","19":"purchasable","20":"product-type-simple"},"_links":{"self":[{"href":"https:\/\/zxdoll.com\/fr\/wp-json\/wp\/v2\/product\/42873","targetHints":{"allow":["GET"]}}],"collection":[{"href":"https:\/\/zxdoll.com\/fr\/wp-json\/wp\/v2\/product"}],"about":[{"href":"https:\/\/zxdoll.com\/fr\/wp-json\/wp\/v2\/types\/product"}],"replies":[{"embeddable":true,"href":"https:\/\/zxdoll.com\/fr\/wp-json\/wp\/v2\/comments?post=42873"}],"version-history":[{"count":1,"href":"https:\/\/zxdoll.com\/fr\/wp-json\/wp\/v2\/product\/42873\/revisions"}],"predecessor-version":[{"id":101554,"href":"https:\/\/zxdoll.com\/fr\/wp-json\/wp\/v2\/product\/42873\/revisions\/101554"}],"wp:featuredmedia":[{"embeddable":true,"href":"https:\/\/zxdoll.com\/fr\/wp-json\/wp\/v2\/media\/42893"}],"wp:attachment":[{"href":"https:\/\/zxdoll.com\/fr\/wp-json\/wp\/v2\/media?parent=42873"}],"wp:term":[{"taxonomy":"product_brand","embeddable":true,"href":"https:\/\/zxdoll.com\/fr\/wp-json\/wp\/v2\/product_brand?post=42873"},{"taxonomy":"product_cat","embeddable":true,"href":"https:\/\/zxdoll.com\/fr\/wp-json\/wp\/v2\/product_cat?post=42873"},{"taxonomy":"product_tag","embeddable":true,"href":"https:\/\/zxdoll.com\/fr\/wp-json\/wp\/v2\/product_tag?post=42873"}],"curies":[{"name":"wp","href":"https:\/\/api.w.org\/{rel}","templated":true}]}}