{"id":42194,"date":"2023-04-15T04:40:55","date_gmt":"2023-04-14T20:40:55","guid":{"rendered":"https:\/\/zxdoll.com\/?post_type=product&#038;p=42194"},"modified":"2025-09-10T01:10:05","modified_gmt":"2025-09-09T17:10:05","slug":"most-beautiful-adult-fucking-sex-doll","status":"publish","type":"product","link":"https:\/\/zxdoll.com\/fr\/product\/most-beautiful-adult-fucking-sex-doll\/","title":{"rendered":"La plus belle poup\u00e9e sexuelle adulte Lanna 158cm"},"content":{"rendered":"<h4><strong>Images de poup\u00e9e de sexe<\/strong><\/h4>\n\t                <ul class=\"easy-image-gallery thumbnails-15 linked\">\r\n                    <li><a data-fancybox=\"gallery329\" href=\"https:\/\/zxdoll.com\/wp-content\/uploads\/2023\/04\/harmony-doll-8t5s1-533x800.jpg\" class=\"eig-popup\" title=\"\" data-caption=\"\" target=\"_blank\"><i class=\"icon-view\"><\/i><span class=\"overlay\"><\/span><img decoding=\"async\" width=\"150\" height=\"150\" src=\"https:\/\/zxdoll.com\/wp-content\/uploads\/2023\/04\/harmony-doll-8t5s1-150x150.jpg\" class=\"attachment-thumbnail size-thumbnail\" alt=\"\" title=\"\"><\/a><\/li><li><a data-fancybox=\"gallery329\" href=\"https:\/\/zxdoll.com\/wp-content\/uploads\/2023\/04\/harmony-doll-8t5s2-533x800.jpg\" class=\"eig-popup\" title=\"\" data-caption=\"\" target=\"_blank\"><i class=\"icon-view\"><\/i><span class=\"overlay\"><\/span><img decoding=\"async\" width=\"150\" height=\"150\" src=\"https:\/\/zxdoll.com\/wp-content\/uploads\/2023\/04\/harmony-doll-8t5s2-150x150.jpg\" class=\"attachment-thumbnail size-thumbnail\" alt=\"\" title=\"\"><\/a><\/li><li><a data-fancybox=\"gallery329\" href=\"https:\/\/zxdoll.com\/wp-content\/uploads\/2023\/04\/harmony-doll-8t5s3-533x800.jpg\" class=\"eig-popup\" title=\"\" data-caption=\"\" target=\"_blank\"><i class=\"icon-view\"><\/i><span class=\"overlay\"><\/span><img decoding=\"async\" width=\"150\" height=\"150\" src=\"https:\/\/zxdoll.com\/wp-content\/uploads\/2023\/04\/harmony-doll-8t5s3-150x150.jpg\" class=\"attachment-thumbnail size-thumbnail\" alt=\"\" title=\"\"><\/a><\/li><li><a data-fancybox=\"gallery329\" href=\"https:\/\/zxdoll.com\/wp-content\/uploads\/2023\/04\/harmony-doll-8t5s4-533x800.jpg\" class=\"eig-popup\" title=\"\" data-caption=\"\" target=\"_blank\"><i class=\"icon-view\"><\/i><span class=\"overlay\"><\/span><img loading=\"lazy\" decoding=\"async\" width=\"150\" height=\"150\" src=\"https:\/\/zxdoll.com\/wp-content\/uploads\/2023\/04\/harmony-doll-8t5s4-150x150.jpg\" class=\"attachment-thumbnail size-thumbnail\" alt=\"\" title=\"\"><\/a><\/li><li><a data-fancybox=\"gallery329\" href=\"https:\/\/zxdoll.com\/wp-content\/uploads\/2023\/04\/harmony-doll-8t5s5-533x800.jpg\" class=\"eig-popup\" title=\"\" data-caption=\"\" target=\"_blank\"><i class=\"icon-view\"><\/i><span class=\"overlay\"><\/span><img loading=\"lazy\" decoding=\"async\" width=\"150\" height=\"150\" src=\"https:\/\/zxdoll.com\/wp-content\/uploads\/2023\/04\/harmony-doll-8t5s5-150x150.jpg\" class=\"attachment-thumbnail size-thumbnail\" alt=\"\" title=\"\"><\/a><\/li><li><a data-fancybox=\"gallery329\" href=\"https:\/\/zxdoll.com\/wp-content\/uploads\/2023\/04\/harmony-doll-8t5s6-533x800.jpg\" class=\"eig-popup\" title=\"\" data-caption=\"\" target=\"_blank\"><i class=\"icon-view\"><\/i><span class=\"overlay\"><\/span><img loading=\"lazy\" decoding=\"async\" width=\"150\" height=\"150\" src=\"https:\/\/zxdoll.com\/wp-content\/uploads\/2023\/04\/harmony-doll-8t5s6-150x150.jpg\" class=\"attachment-thumbnail size-thumbnail\" alt=\"\" title=\"\"><\/a><\/li><li><a data-fancybox=\"gallery329\" href=\"https:\/\/zxdoll.com\/wp-content\/uploads\/2023\/04\/harmony-doll-8t5s7-533x800.jpg\" class=\"eig-popup\" title=\"\" data-caption=\"\" target=\"_blank\"><i class=\"icon-view\"><\/i><span class=\"overlay\"><\/span><img loading=\"lazy\" decoding=\"async\" width=\"150\" height=\"150\" src=\"https:\/\/zxdoll.com\/wp-content\/uploads\/2023\/04\/harmony-doll-8t5s7-150x150.jpg\" class=\"attachment-thumbnail size-thumbnail\" alt=\"\" title=\"\"><\/a><\/li><li><a data-fancybox=\"gallery329\" href=\"https:\/\/zxdoll.com\/wp-content\/uploads\/2023\/04\/harmony-doll-8t5s8-533x800.jpg\" class=\"eig-popup\" title=\"\" data-caption=\"\" target=\"_blank\"><i class=\"icon-view\"><\/i><span class=\"overlay\"><\/span><img loading=\"lazy\" decoding=\"async\" width=\"150\" height=\"150\" src=\"https:\/\/zxdoll.com\/wp-content\/uploads\/2023\/04\/harmony-doll-8t5s8-150x150.jpg\" class=\"attachment-thumbnail size-thumbnail\" alt=\"\" title=\"\"><\/a><\/li><li><a data-fancybox=\"gallery329\" href=\"https:\/\/zxdoll.com\/wp-content\/uploads\/2023\/04\/harmony-doll-8t5s9-533x800.jpg\" class=\"eig-popup\" title=\"\" data-caption=\"\" target=\"_blank\"><i class=\"icon-view\"><\/i><span class=\"overlay\"><\/span><img loading=\"lazy\" decoding=\"async\" width=\"150\" height=\"150\" src=\"https:\/\/zxdoll.com\/wp-content\/uploads\/2023\/04\/harmony-doll-8t5s9-150x150.jpg\" class=\"attachment-thumbnail size-thumbnail\" alt=\"\" title=\"\"><\/a><\/li><li><a data-fancybox=\"gallery329\" href=\"https:\/\/zxdoll.com\/wp-content\/uploads\/2023\/04\/harmony-doll-8t5s10-533x800.jpg\" class=\"eig-popup\" title=\"\" data-caption=\"\" target=\"_blank\"><i class=\"icon-view\"><\/i><span class=\"overlay\"><\/span><img loading=\"lazy\" decoding=\"async\" width=\"150\" height=\"150\" src=\"https:\/\/zxdoll.com\/wp-content\/uploads\/2023\/04\/harmony-doll-8t5s10-150x150.jpg\" class=\"attachment-thumbnail size-thumbnail\" alt=\"\" title=\"\"><\/a><\/li><li><a data-fancybox=\"gallery329\" href=\"https:\/\/zxdoll.com\/wp-content\/uploads\/2023\/04\/harmony-doll-8t5s11-533x800.jpg\" class=\"eig-popup\" title=\"\" data-caption=\"\" target=\"_blank\"><i class=\"icon-view\"><\/i><span class=\"overlay\"><\/span><img loading=\"lazy\" decoding=\"async\" width=\"150\" height=\"150\" src=\"https:\/\/zxdoll.com\/wp-content\/uploads\/2023\/04\/harmony-doll-8t5s11-150x150.jpg\" class=\"attachment-thumbnail size-thumbnail\" alt=\"\" title=\"\"><\/a><\/li><li><a data-fancybox=\"gallery329\" href=\"https:\/\/zxdoll.com\/wp-content\/uploads\/2023\/04\/harmony-doll-8t5s12-533x800.jpg\" class=\"eig-popup\" title=\"\" data-caption=\"\" target=\"_blank\"><i class=\"icon-view\"><\/i><span class=\"overlay\"><\/span><img loading=\"lazy\" decoding=\"async\" width=\"150\" height=\"150\" src=\"https:\/\/zxdoll.com\/wp-content\/uploads\/2023\/04\/harmony-doll-8t5s12-150x150.jpg\" class=\"attachment-thumbnail size-thumbnail\" alt=\"\" title=\"\"><\/a><\/li><li><a data-fancybox=\"gallery329\" href=\"https:\/\/zxdoll.com\/wp-content\/uploads\/2023\/04\/harmony-doll-8t5s14-533x800.jpg\" class=\"eig-popup\" title=\"\" data-caption=\"\" target=\"_blank\"><i class=\"icon-view\"><\/i><span class=\"overlay\"><\/span><img loading=\"lazy\" decoding=\"async\" width=\"150\" height=\"150\" src=\"https:\/\/zxdoll.com\/wp-content\/uploads\/2023\/04\/harmony-doll-8t5s14-150x150.jpg\" class=\"attachment-thumbnail size-thumbnail\" alt=\"\" title=\"\"><\/a><\/li><li><a data-fancybox=\"gallery329\" href=\"https:\/\/zxdoll.com\/wp-content\/uploads\/2023\/04\/harmony-doll-8t5s15-533x800.jpg\" class=\"eig-popup\" title=\"\" data-caption=\"\" target=\"_blank\"><i class=\"icon-view\"><\/i><span class=\"overlay\"><\/span><img loading=\"lazy\" decoding=\"async\" width=\"150\" height=\"150\" src=\"https:\/\/zxdoll.com\/wp-content\/uploads\/2023\/04\/harmony-doll-8t5s15-150x150.jpg\" class=\"attachment-thumbnail size-thumbnail\" alt=\"\" title=\"\"><\/a><\/li><li><a data-fancybox=\"gallery329\" href=\"https:\/\/zxdoll.com\/wp-content\/uploads\/2023\/04\/harmony-doll-8t5s16-533x800.jpg\" class=\"eig-popup\" title=\"\" data-caption=\"\" target=\"_blank\"><i class=\"icon-view\"><\/i><span class=\"overlay\"><\/span><img loading=\"lazy\" decoding=\"async\" width=\"150\" height=\"150\" src=\"https:\/\/zxdoll.com\/wp-content\/uploads\/2023\/04\/harmony-doll-8t5s16-150x150.jpg\" class=\"attachment-thumbnail size-thumbnail\" alt=\"\" title=\"\"><\/a><\/li><\/ul>\n<h4>Tableaux des tailles<\/h4>\n<table width=\"292\">\n<tbody>\n<tr>\n<td width=\"153\">Mat\u00e9riel<\/td>\n<td width=\"139\">TPE<\/td>\n<\/tr>\n<tr>\n<td>Hauteur<\/td>\n<td>158cm<\/td>\n<\/tr>\n<tr>\n<td>Ligne de poitrine<\/td>\n<td>85cm<\/td>\n<\/tr>\n<tr>\n<td>Ligne de taille<\/td>\n<td>60cm<\/td>\n<\/tr>\n<tr>\n<td>Ligne de hanche<\/td>\n<td>85cm<\/td>\n<\/tr>\n<tr>\n<td>Largeur d&#039;\u00e9paule<\/td>\n<td>36cm<\/td>\n<\/tr>\n<tr>\n<td>Longueur de bras<\/td>\n<td>65cm<\/td>\n<\/tr>\n<tr>\n<td>Longueur de jambe<\/td>\n<td>94cm<\/td>\n<\/tr>\n<tr>\n<td>Taille des pieds<\/td>\n<td>22cm<\/td>\n<\/tr>\n<tr>\n<td>Cuisse Ligne<\/td>\n<td>48cm<\/td>\n<\/tr>\n<tr>\n<td>Ligne de mollet<\/td>\n<td>28cm<\/td>\n<\/tr>\n<tr>\n<td>Poids net<\/td>\n<td>35 kg<\/td>\n<\/tr>\n<tr>\n<td>Profondeur orale<\/td>\n<td>13cm<\/td>\n<\/tr>\n<tr>\n<td>Profondeur du vagin<\/td>\n<td>18cm<\/td>\n<\/tr>\n<tr>\n<td>Profondeur anale<\/td>\n<td>16cm<\/td>\n<\/tr>\n<\/tbody>\n<\/table>\n<h4>\u00c0 propos de la poup\u00e9e sexuelle<\/h4>\n<p>Aimez-vous le sport, les filles et les athl\u00e8tes f\u00e9minines\u00a0? Cette poup\u00e9e sexuelle haut de gamme est une joueuse de cricket et est si tonique et si en forme que vous ne voudrez plus jamais une autre vraie poup\u00e9e sexuelle grandeur nature.<\/p>\n<p>petite et ferme partout, cette poup\u00e9e d&#039;amour au visage doux est la meilleure poup\u00e9e sexuelle pour les hommes qui aiment que leurs femmes soient en forme. Enlevez son chapeau de sport et caressez ses longues m\u00e8ches brunes, faites tourner les m\u00e8ches douces dans votre p et repoussez-le pour voir son cou doux.<\/p>\n<p>D\u00e9crochez sa batte de cricket et jouez avec sa peau douce et souple.<\/p>\n<p>La poup\u00e9e sexuelle enti\u00e8re, haute de 100 cm, est en forme et tonique partout sur son corps, et si vous soulevez son crop top, vous trouverez des seins de bonnet B, vifs et doux, juste au-dessus de ses abdominaux durs. Elle n&#039;est pas trop grande, et si vous avez d\u00e9j\u00e0 eu une love doll de 100 cm, vous appr\u00e9cierez son physique.<\/p>\n<p>Elle a \u00e9t\u00e9 pr\u00e9sent\u00e9e dans de nombreuses vid\u00e9os pornos de vraies poup\u00e9es sexuelles grandeur nature, et la poup\u00e9e humaine est disponible partout, y compris la poup\u00e9e de lecture Deutschland. C&#039;est une poup\u00e9e aventureuse qui aime essayer de nouvelles choses, donc si vous aimez jouer un r\u00f4le et explorer plusieurs positions sexuelles, c&#039;est la poup\u00e9e sexuelle haut de gamme qu&#039;il vous faut.<\/p>","protected":false},"excerpt":{"rendered":"<p>Images de poup\u00e9e de sexe Tableaux des tailles Mat\u00e9riau TPE Hauteur 158 cm Ligne de poitrine 85 cm Ligne de taille 60 cm Ligne de hanche 85 cm Largeur d&#039;\u00e9paule<\/p>","protected":false},"featured_media":42195,"comment_status":"open","ping_status":"closed","template":"","meta":[],"product_brand":[],"product_cat":[119,112,229,80,102,107,117],"product_tag":[],"class_list":{"0":"post-42194","1":"product","2":"type-product","3":"status-publish","4":"has-post-thumbnail","6":"product_cat-tpe-sex-doll","7":"product_cat-150cm-159cm-sex-dolls","8":"product_cat-31kg-35kg","9":"product_cat-asian-sex-doll","10":"product_cat-fantasy-sex-dolls","11":"product_cat-skinny-sex-dolls","12":"product_cat-small-breast-sex-doll","13":"pa_brand-fire-doll","14":"tm-has-options","16":"first","17":"instock","18":"sale","19":"shipping-taxable","20":"purchasable","21":"product-type-simple"},"_links":{"self":[{"href":"https:\/\/zxdoll.com\/fr\/wp-json\/wp\/v2\/product\/42194","targetHints":{"allow":["GET"]}}],"collection":[{"href":"https:\/\/zxdoll.com\/fr\/wp-json\/wp\/v2\/product"}],"about":[{"href":"https:\/\/zxdoll.com\/fr\/wp-json\/wp\/v2\/types\/product"}],"replies":[{"embeddable":true,"href":"https:\/\/zxdoll.com\/fr\/wp-json\/wp\/v2\/comments?post=42194"}],"version-history":[{"count":3,"href":"https:\/\/zxdoll.com\/fr\/wp-json\/wp\/v2\/product\/42194\/revisions"}],"predecessor-version":[{"id":101298,"href":"https:\/\/zxdoll.com\/fr\/wp-json\/wp\/v2\/product\/42194\/revisions\/101298"}],"wp:featuredmedia":[{"embeddable":true,"href":"https:\/\/zxdoll.com\/fr\/wp-json\/wp\/v2\/media\/42195"}],"wp:attachment":[{"href":"https:\/\/zxdoll.com\/fr\/wp-json\/wp\/v2\/media?parent=42194"}],"wp:term":[{"taxonomy":"product_brand","embeddable":true,"href":"https:\/\/zxdoll.com\/fr\/wp-json\/wp\/v2\/product_brand?post=42194"},{"taxonomy":"product_cat","embeddable":true,"href":"https:\/\/zxdoll.com\/fr\/wp-json\/wp\/v2\/product_cat?post=42194"},{"taxonomy":"product_tag","embeddable":true,"href":"https:\/\/zxdoll.com\/fr\/wp-json\/wp\/v2\/product_tag?post=42194"}],"curies":[{"name":"wp","href":"https:\/\/api.w.org\/{rel}","templated":true}]}}