{"id":41924,"date":"2023-04-15T04:12:08","date_gmt":"2023-04-14T20:12:08","guid":{"rendered":"https:\/\/zxdoll.com\/?post_type=product&#038;p=41924"},"modified":"2025-09-10T01:07:26","modified_gmt":"2025-09-09T17:07:26","slug":"big-boobs-lifesize-skinny-love-dolls","status":"publish","type":"product","link":"https:\/\/zxdoll.com\/fr\/product\/big-boobs-lifesize-skinny-love-dolls\/","title":{"rendered":"Poup\u00e9es d&#039;amour maigres grandeur nature aux gros seins Laurice 156cm"},"content":{"rendered":"<h4><strong>Images de poup\u00e9e de sexe<\/strong><\/h4>\n\t                <ul class=\"easy-image-gallery thumbnails-18 linked\">\r\n                    <li><a data-fancybox=\"gallery816\" href=\"https:\/\/zxdoll.com\/wp-content\/uploads\/2023\/04\/fuck-dolls-porn-8u5r4-533x800.jpg\" class=\"eig-popup\" title=\"\" data-caption=\"\" target=\"_blank\"><i class=\"icon-view\"><\/i><span class=\"overlay\"><\/span><img decoding=\"async\" width=\"150\" height=\"150\" src=\"https:\/\/zxdoll.com\/wp-content\/uploads\/2023\/04\/fuck-dolls-porn-8u5r4-150x150.jpg\" class=\"attachment-thumbnail size-thumbnail\" alt=\"\" title=\"\"><\/a><\/li><li><a data-fancybox=\"gallery816\" href=\"https:\/\/zxdoll.com\/wp-content\/uploads\/2023\/04\/fuck-dolls-porn-8u5r5-533x800.jpg\" class=\"eig-popup\" title=\"\" data-caption=\"\" target=\"_blank\"><i class=\"icon-view\"><\/i><span class=\"overlay\"><\/span><img decoding=\"async\" width=\"150\" height=\"150\" src=\"https:\/\/zxdoll.com\/wp-content\/uploads\/2023\/04\/fuck-dolls-porn-8u5r5-150x150.jpg\" class=\"attachment-thumbnail size-thumbnail\" alt=\"\" title=\"\"><\/a><\/li><li><a data-fancybox=\"gallery816\" href=\"https:\/\/zxdoll.com\/wp-content\/uploads\/2023\/04\/fuck-dolls-porn-8u5r7-533x800.jpg\" class=\"eig-popup\" title=\"\" data-caption=\"\" target=\"_blank\"><i class=\"icon-view\"><\/i><span class=\"overlay\"><\/span><img decoding=\"async\" width=\"150\" height=\"150\" src=\"https:\/\/zxdoll.com\/wp-content\/uploads\/2023\/04\/fuck-dolls-porn-8u5r7-150x150.jpg\" class=\"attachment-thumbnail size-thumbnail\" alt=\"\" title=\"\"><\/a><\/li><li><a data-fancybox=\"gallery816\" href=\"https:\/\/zxdoll.com\/wp-content\/uploads\/2023\/04\/fuck-dolls-porn-8u5r8-533x800.jpg\" class=\"eig-popup\" title=\"\" data-caption=\"\" target=\"_blank\"><i class=\"icon-view\"><\/i><span class=\"overlay\"><\/span><img loading=\"lazy\" decoding=\"async\" width=\"150\" height=\"150\" src=\"https:\/\/zxdoll.com\/wp-content\/uploads\/2023\/04\/fuck-dolls-porn-8u5r8-150x150.jpg\" class=\"attachment-thumbnail size-thumbnail\" alt=\"\" title=\"\"><\/a><\/li><li><a data-fancybox=\"gallery816\" href=\"https:\/\/zxdoll.com\/wp-content\/uploads\/2023\/04\/fuck-dolls-porn-8u5r9-533x800.jpg\" class=\"eig-popup\" title=\"\" data-caption=\"\" target=\"_blank\"><i class=\"icon-view\"><\/i><span class=\"overlay\"><\/span><img loading=\"lazy\" decoding=\"async\" width=\"150\" height=\"150\" src=\"https:\/\/zxdoll.com\/wp-content\/uploads\/2023\/04\/fuck-dolls-porn-8u5r9-150x150.jpg\" class=\"attachment-thumbnail size-thumbnail\" alt=\"\" title=\"\"><\/a><\/li><li><a data-fancybox=\"gallery816\" href=\"https:\/\/zxdoll.com\/wp-content\/uploads\/2023\/04\/fuck-dolls-porn-8u5r10-533x800.jpg\" class=\"eig-popup\" title=\"\" data-caption=\"\" target=\"_blank\"><i class=\"icon-view\"><\/i><span class=\"overlay\"><\/span><img loading=\"lazy\" decoding=\"async\" width=\"150\" height=\"150\" src=\"https:\/\/zxdoll.com\/wp-content\/uploads\/2023\/04\/fuck-dolls-porn-8u5r10-150x150.jpg\" class=\"attachment-thumbnail size-thumbnail\" alt=\"\" title=\"\"><\/a><\/li><li><a data-fancybox=\"gallery816\" href=\"https:\/\/zxdoll.com\/wp-content\/uploads\/2023\/04\/fuck-dolls-porn-8u5r11-533x800.jpg\" class=\"eig-popup\" title=\"\" data-caption=\"\" target=\"_blank\"><i class=\"icon-view\"><\/i><span class=\"overlay\"><\/span><img loading=\"lazy\" decoding=\"async\" width=\"150\" height=\"150\" src=\"https:\/\/zxdoll.com\/wp-content\/uploads\/2023\/04\/fuck-dolls-porn-8u5r11-150x150.jpg\" class=\"attachment-thumbnail size-thumbnail\" alt=\"\" title=\"\"><\/a><\/li><li><a data-fancybox=\"gallery816\" href=\"https:\/\/zxdoll.com\/wp-content\/uploads\/2023\/04\/fuck-dolls-porn-8u5r12-533x800.jpg\" class=\"eig-popup\" title=\"\" data-caption=\"\" target=\"_blank\"><i class=\"icon-view\"><\/i><span class=\"overlay\"><\/span><img loading=\"lazy\" decoding=\"async\" width=\"150\" height=\"150\" src=\"https:\/\/zxdoll.com\/wp-content\/uploads\/2023\/04\/fuck-dolls-porn-8u5r12-150x150.jpg\" class=\"attachment-thumbnail size-thumbnail\" alt=\"\" title=\"\"><\/a><\/li><li><a data-fancybox=\"gallery816\" href=\"https:\/\/zxdoll.com\/wp-content\/uploads\/2023\/04\/fuck-dolls-porn-8u5r13-533x800.jpg\" class=\"eig-popup\" title=\"\" data-caption=\"\" target=\"_blank\"><i class=\"icon-view\"><\/i><span class=\"overlay\"><\/span><img loading=\"lazy\" decoding=\"async\" width=\"150\" height=\"150\" src=\"https:\/\/zxdoll.com\/wp-content\/uploads\/2023\/04\/fuck-dolls-porn-8u5r13-150x150.jpg\" class=\"attachment-thumbnail size-thumbnail\" alt=\"\" title=\"\"><\/a><\/li><li><a data-fancybox=\"gallery816\" href=\"https:\/\/zxdoll.com\/wp-content\/uploads\/2023\/04\/fuck-dolls-porn-8u5r14-533x800.jpg\" class=\"eig-popup\" title=\"\" data-caption=\"\" target=\"_blank\"><i class=\"icon-view\"><\/i><span class=\"overlay\"><\/span><img loading=\"lazy\" decoding=\"async\" width=\"150\" height=\"150\" src=\"https:\/\/zxdoll.com\/wp-content\/uploads\/2023\/04\/fuck-dolls-porn-8u5r14-150x150.jpg\" class=\"attachment-thumbnail size-thumbnail\" alt=\"\" title=\"\"><\/a><\/li><li><a data-fancybox=\"gallery816\" href=\"https:\/\/zxdoll.com\/wp-content\/uploads\/2023\/04\/fuck-dolls-porn-8u5r15-533x800.jpg\" class=\"eig-popup\" title=\"\" data-caption=\"\" target=\"_blank\"><i class=\"icon-view\"><\/i><span class=\"overlay\"><\/span><img loading=\"lazy\" decoding=\"async\" width=\"150\" height=\"150\" src=\"https:\/\/zxdoll.com\/wp-content\/uploads\/2023\/04\/fuck-dolls-porn-8u5r15-150x150.jpg\" class=\"attachment-thumbnail size-thumbnail\" alt=\"\" title=\"\"><\/a><\/li><li><a data-fancybox=\"gallery816\" href=\"https:\/\/zxdoll.com\/wp-content\/uploads\/2023\/04\/fuck-dolls-porn-8u5r16-533x800.jpg\" class=\"eig-popup\" title=\"\" data-caption=\"\" target=\"_blank\"><i class=\"icon-view\"><\/i><span class=\"overlay\"><\/span><img loading=\"lazy\" decoding=\"async\" width=\"150\" height=\"150\" src=\"https:\/\/zxdoll.com\/wp-content\/uploads\/2023\/04\/fuck-dolls-porn-8u5r16-150x150.jpg\" class=\"attachment-thumbnail size-thumbnail\" alt=\"\" title=\"\"><\/a><\/li><li><a data-fancybox=\"gallery816\" href=\"https:\/\/zxdoll.com\/wp-content\/uploads\/2023\/04\/fuck-dolls-porn-8u5r17-533x800.jpg\" class=\"eig-popup\" title=\"\" data-caption=\"\" target=\"_blank\"><i class=\"icon-view\"><\/i><span class=\"overlay\"><\/span><img loading=\"lazy\" decoding=\"async\" width=\"150\" height=\"150\" src=\"https:\/\/zxdoll.com\/wp-content\/uploads\/2023\/04\/fuck-dolls-porn-8u5r17-150x150.jpg\" class=\"attachment-thumbnail size-thumbnail\" alt=\"\" title=\"\"><\/a><\/li><li><a data-fancybox=\"gallery816\" href=\"https:\/\/zxdoll.com\/wp-content\/uploads\/2023\/04\/fuck-dolls-porn-8u5r18-533x800.jpg\" class=\"eig-popup\" title=\"\" data-caption=\"\" target=\"_blank\"><i class=\"icon-view\"><\/i><span class=\"overlay\"><\/span><img loading=\"lazy\" decoding=\"async\" width=\"150\" height=\"150\" src=\"https:\/\/zxdoll.com\/wp-content\/uploads\/2023\/04\/fuck-dolls-porn-8u5r18-150x150.jpg\" class=\"attachment-thumbnail size-thumbnail\" alt=\"\" title=\"\"><\/a><\/li><li><a data-fancybox=\"gallery816\" href=\"https:\/\/zxdoll.com\/wp-content\/uploads\/2023\/04\/fuck-dolls-porn-8u5r19-533x800.jpg\" class=\"eig-popup\" title=\"\" data-caption=\"\" target=\"_blank\"><i class=\"icon-view\"><\/i><span class=\"overlay\"><\/span><img loading=\"lazy\" decoding=\"async\" width=\"150\" height=\"150\" src=\"https:\/\/zxdoll.com\/wp-content\/uploads\/2023\/04\/fuck-dolls-porn-8u5r19-150x150.jpg\" class=\"attachment-thumbnail size-thumbnail\" alt=\"\" title=\"\"><\/a><\/li><li><a data-fancybox=\"gallery816\" href=\"https:\/\/zxdoll.com\/wp-content\/uploads\/2023\/04\/fuck-dolls-porn-8u5r20-533x800.jpg\" class=\"eig-popup\" title=\"\" data-caption=\"\" target=\"_blank\"><i class=\"icon-view\"><\/i><span class=\"overlay\"><\/span><img loading=\"lazy\" decoding=\"async\" width=\"150\" height=\"150\" src=\"https:\/\/zxdoll.com\/wp-content\/uploads\/2023\/04\/fuck-dolls-porn-8u5r20-150x150.jpg\" class=\"attachment-thumbnail size-thumbnail\" alt=\"\" title=\"\"><\/a><\/li><li><a data-fancybox=\"gallery816\" href=\"https:\/\/zxdoll.com\/wp-content\/uploads\/2023\/04\/fuck-dolls-porn-8u5r21-533x800.jpg\" class=\"eig-popup\" title=\"\" data-caption=\"\" target=\"_blank\"><i class=\"icon-view\"><\/i><span class=\"overlay\"><\/span><img loading=\"lazy\" decoding=\"async\" width=\"150\" height=\"150\" src=\"https:\/\/zxdoll.com\/wp-content\/uploads\/2023\/04\/fuck-dolls-porn-8u5r21-150x150.jpg\" class=\"attachment-thumbnail size-thumbnail\" alt=\"\" title=\"\"><\/a><\/li><li><a data-fancybox=\"gallery816\" href=\"https:\/\/zxdoll.com\/wp-content\/uploads\/2023\/04\/fuck-dolls-porn-8u5r22-533x800.jpg\" class=\"eig-popup\" title=\"\" data-caption=\"\" target=\"_blank\"><i class=\"icon-view\"><\/i><span class=\"overlay\"><\/span><img loading=\"lazy\" decoding=\"async\" width=\"150\" height=\"150\" src=\"https:\/\/zxdoll.com\/wp-content\/uploads\/2023\/04\/fuck-dolls-porn-8u5r22-150x150.jpg\" class=\"attachment-thumbnail size-thumbnail\" alt=\"\" title=\"\"><\/a><\/li><\/ul>\n<h4>Tableaux des tailles<\/h4>\n<table width=\"292\">\n<tbody>\n<tr>\n<td width=\"153\">Mat\u00e9riel<\/td>\n<td width=\"139\">TPE<\/td>\n<\/tr>\n<tr>\n<td>Hauteur<\/td>\n<td>156cm<\/td>\n<\/tr>\n<tr>\n<td>Ligne de poitrine<\/td>\n<td>95cm<\/td>\n<\/tr>\n<tr>\n<td>Ligne de taille<\/td>\n<td>54,5 cm<\/td>\n<\/tr>\n<tr>\n<td>Ligne de hanche<\/td>\n<td>96,5 cm<\/td>\n<\/tr>\n<tr>\n<td>Largeur d&#039;\u00e9paule<\/td>\n<td>31cm<\/td>\n<\/tr>\n<tr>\n<td>Longueur de bras<\/td>\n<td>62cm<\/td>\n<\/tr>\n<tr>\n<td>Longueur de jambe<\/td>\n<td>92cm<\/td>\n<\/tr>\n<tr>\n<td>Taille des pieds<\/td>\n<td>22cm<\/td>\n<\/tr>\n<tr>\n<td>Cuisse Ligne<\/td>\n<td>53cm<\/td>\n<\/tr>\n<tr>\n<td>Ligne de mollet<\/td>\n<td>53cm<\/td>\n<\/tr>\n<tr>\n<td>Poids net<\/td>\n<td>40,5\u00a0kg<\/td>\n<\/tr>\n<tr>\n<td>Profondeur orale<\/td>\n<td>13cm<\/td>\n<\/tr>\n<tr>\n<td>Profondeur du vagin<\/td>\n<td>18cm<\/td>\n<\/tr>\n<tr>\n<td>Profondeur anale<\/td>\n<td>16cm<\/td>\n<\/tr>\n<\/tbody>\n<\/table>\n<h4>\u00c0 propos de la poup\u00e9e sexuelle<\/h4>\n<p>Quelle est cette chose qu&#039;ils disent \u00e0 propos des blondes qui s&#039;amusent le plus ? Un tel mensonge. Il suffit de regarder notre vraie poup\u00e9e sexuelle grandeur nature aux cheveux noirs ! Avec tous ses traits asiatiques pointus, cette poup\u00e9e TPE pourrait passer pour une poup\u00e9e sexuelle au jasmin.<\/p>\n<p>De jolis yeux en amande bord\u00e9s d&#039;un rouge vif, un nez pointu et de jolies petites l\u00e8vres. Si vous aimez les poup\u00e9es d&#039;amour maigres, cette poup\u00e9e sexuelle chinoise est probablement l&#039;une des poup\u00e9es d&#039;amour les plus sexy d&#039;origine orientale. De nombreuses poup\u00e9es aux gros seins \u00e0 vendre ont \u00e9t\u00e9 pr\u00e9sent\u00e9es dans le porno teel sex doll. Si vous recherchez des vid\u00e9os de poup\u00e9es sexuelles avec des poup\u00e9es sexuelles chinoises, vous trouverez de nombreuses vid\u00e9os de poup\u00e9es comme celle-ci participant au vrai porno de poup\u00e9es sexuelles.<\/p>\n<p>Les poup\u00e9es TPE sont la meilleure option pour les personnes qui aiment ressentir les sensations les plus r\u00e9alistes. Ils ont une peau souple et sont spongieux et doux, amusants \u00e0 avoir des relations sexuelles avec. Bien s\u00fbr, ils sont poreux et non \u00e9tanches, mais vous ne regretterez pas l&#039;exp\u00e9rience d&#039;utiliser cette vie comme poup\u00e9e d&#039;amour.<\/p>\n<p>Elle sait quoi faire et comment le faire, et en plus, l&#039;acc\u00e8s est facile. Ses jolis costumes de soutien-gorge et de poup\u00e9e sexuelle s&#039;enl\u00e8vent tr\u00e8s facilement.<\/p>\n<p>Elle est \u00e9galement livr\u00e9e avec une bo\u00eete pour un rangement facile des poup\u00e9es sexuelles afin d&#039;\u00e9viter les dommages et de maintenir sa dur\u00e9e de vie.<\/p>","protected":false},"excerpt":{"rendered":"<p>Images de poup\u00e9e de sexe Tableaux des tailles Mat\u00e9riau TPE Hauteur 156 cm Ligne de poitrine 95 cm Ligne de taille 54,5 cm Ligne de hanche 96,5 cm Largeur d&#039;\u00e9paule<\/p>","protected":false},"featured_media":41925,"comment_status":"open","ping_status":"closed","template":"","meta":[],"product_brand":[],"product_cat":[119,112,230,77,116,115,102],"product_tag":[],"class_list":{"0":"post-41924","1":"product","2":"type-product","3":"status-publish","4":"has-post-thumbnail","6":"product_cat-tpe-sex-doll","7":"product_cat-150cm-159cm-sex-dolls","8":"product_cat-36kg-40kg","9":"product_cat-bbw-sex-doll","10":"product_cat-big-boobs-sex-doll","11":"product_cat-big-booty-sex-doll","12":"product_cat-fantasy-sex-dolls","13":"pa_brand-fire-doll","14":"tm-has-options","16":"first","17":"instock","18":"sale","19":"shipping-taxable","20":"purchasable","21":"product-type-simple"},"_links":{"self":[{"href":"https:\/\/zxdoll.com\/fr\/wp-json\/wp\/v2\/product\/41924","targetHints":{"allow":["GET"]}}],"collection":[{"href":"https:\/\/zxdoll.com\/fr\/wp-json\/wp\/v2\/product"}],"about":[{"href":"https:\/\/zxdoll.com\/fr\/wp-json\/wp\/v2\/types\/product"}],"replies":[{"embeddable":true,"href":"https:\/\/zxdoll.com\/fr\/wp-json\/wp\/v2\/comments?post=41924"}],"version-history":[{"count":2,"href":"https:\/\/zxdoll.com\/fr\/wp-json\/wp\/v2\/product\/41924\/revisions"}],"predecessor-version":[{"id":155409,"href":"https:\/\/zxdoll.com\/fr\/wp-json\/wp\/v2\/product\/41924\/revisions\/155409"}],"wp:featuredmedia":[{"embeddable":true,"href":"https:\/\/zxdoll.com\/fr\/wp-json\/wp\/v2\/media\/41925"}],"wp:attachment":[{"href":"https:\/\/zxdoll.com\/fr\/wp-json\/wp\/v2\/media?parent=41924"}],"wp:term":[{"taxonomy":"product_brand","embeddable":true,"href":"https:\/\/zxdoll.com\/fr\/wp-json\/wp\/v2\/product_brand?post=41924"},{"taxonomy":"product_cat","embeddable":true,"href":"https:\/\/zxdoll.com\/fr\/wp-json\/wp\/v2\/product_cat?post=41924"},{"taxonomy":"product_tag","embeddable":true,"href":"https:\/\/zxdoll.com\/fr\/wp-json\/wp\/v2\/product_tag?post=41924"}],"curies":[{"name":"wp","href":"https:\/\/api.w.org\/{rel}","templated":true}]}}