{"id":41508,"date":"2023-04-14T04:49:32","date_gmt":"2023-04-13T20:49:32","guid":{"rendered":"https:\/\/zxdoll.com\/?post_type=product&#038;p=41508"},"modified":"2025-09-10T00:51:57","modified_gmt":"2025-09-09T16:51:57","slug":"most-used-lifesize-female-tpe-love-dolls","status":"publish","type":"product","link":"https:\/\/zxdoll.com\/fr\/product\/most-used-lifesize-female-tpe-love-dolls\/","title":{"rendered":"Poup\u00e9es d&#039;amour TPE f\u00e9minines grandeur nature les plus utilis\u00e9es Laryssa 145 cm"},"content":{"rendered":"<h4><strong>Images de poup\u00e9e de sexe<\/strong><\/h4>\n\t                <ul class=\"easy-image-gallery thumbnails-18 linked\">\r\n                    <li><a data-fancybox=\"gallery444\" href=\"https:\/\/zxdoll.com\/wp-content\/uploads\/2023\/04\/sex-dolls-toys-9u2s1-533x800.jpg\" class=\"eig-popup\" title=\"\" data-caption=\"\" target=\"_blank\"><i class=\"icon-view\"><\/i><span class=\"overlay\"><\/span><img decoding=\"async\" width=\"150\" height=\"150\" src=\"https:\/\/zxdoll.com\/wp-content\/uploads\/2023\/04\/sex-dolls-toys-9u2s1-150x150.jpg\" class=\"attachment-thumbnail size-thumbnail\" alt=\"\" title=\"\"><\/a><\/li><li><a data-fancybox=\"gallery444\" href=\"https:\/\/zxdoll.com\/wp-content\/uploads\/2023\/04\/sex-dolls-toys-9u2s2-533x800.jpg\" class=\"eig-popup\" title=\"\" data-caption=\"\" target=\"_blank\"><i class=\"icon-view\"><\/i><span class=\"overlay\"><\/span><img decoding=\"async\" width=\"150\" height=\"150\" src=\"https:\/\/zxdoll.com\/wp-content\/uploads\/2023\/04\/sex-dolls-toys-9u2s2-150x150.jpg\" class=\"attachment-thumbnail size-thumbnail\" alt=\"\" title=\"\"><\/a><\/li><li><a data-fancybox=\"gallery444\" href=\"https:\/\/zxdoll.com\/wp-content\/uploads\/2023\/04\/sex-dolls-toys-9u2s3-533x800.jpg\" class=\"eig-popup\" title=\"\" data-caption=\"\" target=\"_blank\"><i class=\"icon-view\"><\/i><span class=\"overlay\"><\/span><img decoding=\"async\" width=\"150\" height=\"150\" src=\"https:\/\/zxdoll.com\/wp-content\/uploads\/2023\/04\/sex-dolls-toys-9u2s3-150x150.jpg\" class=\"attachment-thumbnail size-thumbnail\" alt=\"\" title=\"\"><\/a><\/li><li><a data-fancybox=\"gallery444\" href=\"https:\/\/zxdoll.com\/wp-content\/uploads\/2023\/04\/sex-dolls-toys-9u2s5-533x800.jpg\" class=\"eig-popup\" title=\"\" data-caption=\"\" target=\"_blank\"><i class=\"icon-view\"><\/i><span class=\"overlay\"><\/span><img loading=\"lazy\" decoding=\"async\" width=\"150\" height=\"150\" src=\"https:\/\/zxdoll.com\/wp-content\/uploads\/2023\/04\/sex-dolls-toys-9u2s5-150x150.jpg\" class=\"attachment-thumbnail size-thumbnail\" alt=\"\" title=\"\"><\/a><\/li><li><a data-fancybox=\"gallery444\" href=\"https:\/\/zxdoll.com\/wp-content\/uploads\/2023\/04\/sex-dolls-toys-9u2s6-533x800.jpg\" class=\"eig-popup\" title=\"\" data-caption=\"\" target=\"_blank\"><i class=\"icon-view\"><\/i><span class=\"overlay\"><\/span><img loading=\"lazy\" decoding=\"async\" width=\"150\" height=\"150\" src=\"https:\/\/zxdoll.com\/wp-content\/uploads\/2023\/04\/sex-dolls-toys-9u2s6-150x150.jpg\" class=\"attachment-thumbnail size-thumbnail\" alt=\"\" title=\"\"><\/a><\/li><li><a data-fancybox=\"gallery444\" href=\"https:\/\/zxdoll.com\/wp-content\/uploads\/2023\/04\/sex-dolls-toys-9u2s8-533x800.jpg\" class=\"eig-popup\" title=\"\" data-caption=\"\" target=\"_blank\"><i class=\"icon-view\"><\/i><span class=\"overlay\"><\/span><img loading=\"lazy\" decoding=\"async\" width=\"150\" height=\"150\" src=\"https:\/\/zxdoll.com\/wp-content\/uploads\/2023\/04\/sex-dolls-toys-9u2s8-150x150.jpg\" class=\"attachment-thumbnail size-thumbnail\" alt=\"\" title=\"\"><\/a><\/li><li><a data-fancybox=\"gallery444\" href=\"https:\/\/zxdoll.com\/wp-content\/uploads\/2023\/04\/sex-dolls-toys-9u2s9-533x800.jpg\" class=\"eig-popup\" title=\"\" data-caption=\"\" target=\"_blank\"><i class=\"icon-view\"><\/i><span class=\"overlay\"><\/span><img loading=\"lazy\" decoding=\"async\" width=\"150\" height=\"150\" src=\"https:\/\/zxdoll.com\/wp-content\/uploads\/2023\/04\/sex-dolls-toys-9u2s9-150x150.jpg\" class=\"attachment-thumbnail size-thumbnail\" alt=\"\" title=\"\"><\/a><\/li><li><a data-fancybox=\"gallery444\" href=\"https:\/\/zxdoll.com\/wp-content\/uploads\/2023\/04\/sex-dolls-toys-9u2s10-533x800.jpg\" class=\"eig-popup\" title=\"\" data-caption=\"\" target=\"_blank\"><i class=\"icon-view\"><\/i><span class=\"overlay\"><\/span><img loading=\"lazy\" decoding=\"async\" width=\"150\" height=\"150\" src=\"https:\/\/zxdoll.com\/wp-content\/uploads\/2023\/04\/sex-dolls-toys-9u2s10-150x150.jpg\" class=\"attachment-thumbnail size-thumbnail\" alt=\"\" title=\"\"><\/a><\/li><li><a data-fancybox=\"gallery444\" href=\"https:\/\/zxdoll.com\/wp-content\/uploads\/2023\/04\/sex-dolls-toys-9u2s11-533x800.jpg\" class=\"eig-popup\" title=\"\" data-caption=\"\" target=\"_blank\"><i class=\"icon-view\"><\/i><span class=\"overlay\"><\/span><img loading=\"lazy\" decoding=\"async\" width=\"150\" height=\"150\" src=\"https:\/\/zxdoll.com\/wp-content\/uploads\/2023\/04\/sex-dolls-toys-9u2s11-150x150.jpg\" class=\"attachment-thumbnail size-thumbnail\" alt=\"\" title=\"\"><\/a><\/li><li><a data-fancybox=\"gallery444\" href=\"https:\/\/zxdoll.com\/wp-content\/uploads\/2023\/04\/sex-dolls-toys-9u2s12-533x800.jpg\" class=\"eig-popup\" title=\"\" data-caption=\"\" target=\"_blank\"><i class=\"icon-view\"><\/i><span class=\"overlay\"><\/span><img loading=\"lazy\" decoding=\"async\" width=\"150\" height=\"150\" src=\"https:\/\/zxdoll.com\/wp-content\/uploads\/2023\/04\/sex-dolls-toys-9u2s12-150x150.jpg\" class=\"attachment-thumbnail size-thumbnail\" alt=\"\" title=\"\"><\/a><\/li><li><a data-fancybox=\"gallery444\" href=\"https:\/\/zxdoll.com\/wp-content\/uploads\/2023\/04\/sex-dolls-toys-9u2s13-533x800.jpg\" class=\"eig-popup\" title=\"\" data-caption=\"\" target=\"_blank\"><i class=\"icon-view\"><\/i><span class=\"overlay\"><\/span><img loading=\"lazy\" decoding=\"async\" width=\"150\" height=\"150\" src=\"https:\/\/zxdoll.com\/wp-content\/uploads\/2023\/04\/sex-dolls-toys-9u2s13-150x150.jpg\" class=\"attachment-thumbnail size-thumbnail\" alt=\"\" title=\"\"><\/a><\/li><li><a data-fancybox=\"gallery444\" href=\"https:\/\/zxdoll.com\/wp-content\/uploads\/2023\/04\/sex-dolls-toys-9u2s14-533x800.jpg\" class=\"eig-popup\" title=\"\" data-caption=\"\" target=\"_blank\"><i class=\"icon-view\"><\/i><span class=\"overlay\"><\/span><img loading=\"lazy\" decoding=\"async\" width=\"150\" height=\"150\" src=\"https:\/\/zxdoll.com\/wp-content\/uploads\/2023\/04\/sex-dolls-toys-9u2s14-150x150.jpg\" class=\"attachment-thumbnail size-thumbnail\" alt=\"\" title=\"\"><\/a><\/li><li><a data-fancybox=\"gallery444\" href=\"https:\/\/zxdoll.com\/wp-content\/uploads\/2023\/04\/sex-dolls-toys-9u2s15-533x800.jpg\" class=\"eig-popup\" title=\"\" data-caption=\"\" target=\"_blank\"><i class=\"icon-view\"><\/i><span class=\"overlay\"><\/span><img loading=\"lazy\" decoding=\"async\" width=\"150\" height=\"150\" src=\"https:\/\/zxdoll.com\/wp-content\/uploads\/2023\/04\/sex-dolls-toys-9u2s15-150x150.jpg\" class=\"attachment-thumbnail size-thumbnail\" alt=\"\" title=\"\"><\/a><\/li><li><a data-fancybox=\"gallery444\" href=\"https:\/\/zxdoll.com\/wp-content\/uploads\/2023\/04\/sex-dolls-toys-9u2s16-533x800.jpg\" class=\"eig-popup\" title=\"\" data-caption=\"\" target=\"_blank\"><i class=\"icon-view\"><\/i><span class=\"overlay\"><\/span><img loading=\"lazy\" decoding=\"async\" width=\"150\" height=\"150\" src=\"https:\/\/zxdoll.com\/wp-content\/uploads\/2023\/04\/sex-dolls-toys-9u2s16-150x150.jpg\" class=\"attachment-thumbnail size-thumbnail\" alt=\"\" title=\"\"><\/a><\/li><li><a data-fancybox=\"gallery444\" href=\"https:\/\/zxdoll.com\/wp-content\/uploads\/2023\/04\/sex-dolls-toys-9u2s17-533x800.jpg\" class=\"eig-popup\" title=\"\" data-caption=\"\" target=\"_blank\"><i class=\"icon-view\"><\/i><span class=\"overlay\"><\/span><img loading=\"lazy\" decoding=\"async\" width=\"150\" height=\"150\" src=\"https:\/\/zxdoll.com\/wp-content\/uploads\/2023\/04\/sex-dolls-toys-9u2s17-150x150.jpg\" class=\"attachment-thumbnail size-thumbnail\" alt=\"\" title=\"\"><\/a><\/li><li><a data-fancybox=\"gallery444\" href=\"https:\/\/zxdoll.com\/wp-content\/uploads\/2023\/04\/sex-dolls-toys-9u2s18-533x800.jpg\" class=\"eig-popup\" title=\"\" data-caption=\"\" target=\"_blank\"><i class=\"icon-view\"><\/i><span class=\"overlay\"><\/span><img loading=\"lazy\" decoding=\"async\" width=\"150\" height=\"150\" src=\"https:\/\/zxdoll.com\/wp-content\/uploads\/2023\/04\/sex-dolls-toys-9u2s18-150x150.jpg\" class=\"attachment-thumbnail size-thumbnail\" alt=\"\" title=\"\"><\/a><\/li><li><a data-fancybox=\"gallery444\" href=\"https:\/\/zxdoll.com\/wp-content\/uploads\/2023\/04\/sex-dolls-toys-9u2s19-533x800.jpg\" class=\"eig-popup\" title=\"\" data-caption=\"\" target=\"_blank\"><i class=\"icon-view\"><\/i><span class=\"overlay\"><\/span><img loading=\"lazy\" decoding=\"async\" width=\"150\" height=\"150\" src=\"https:\/\/zxdoll.com\/wp-content\/uploads\/2023\/04\/sex-dolls-toys-9u2s19-150x150.jpg\" class=\"attachment-thumbnail size-thumbnail\" alt=\"\" title=\"\"><\/a><\/li><li><a data-fancybox=\"gallery444\" href=\"https:\/\/zxdoll.com\/wp-content\/uploads\/2023\/04\/sex-dolls-toys-9u2s20-533x800.jpg\" class=\"eig-popup\" title=\"\" data-caption=\"\" target=\"_blank\"><i class=\"icon-view\"><\/i><span class=\"overlay\"><\/span><img loading=\"lazy\" decoding=\"async\" width=\"150\" height=\"150\" src=\"https:\/\/zxdoll.com\/wp-content\/uploads\/2023\/04\/sex-dolls-toys-9u2s20-150x150.jpg\" class=\"attachment-thumbnail size-thumbnail\" alt=\"\" title=\"\"><\/a><\/li><\/ul>\n<h4>Tableaux des tailles<\/h4>\n<table width=\"292\">\n<tbody>\n<tr>\n<td width=\"153\">Mat\u00e9riel<\/td>\n<td width=\"139\">TPE<\/td>\n<\/tr>\n<tr>\n<td>Hauteur<\/td>\n<td>145cm<\/td>\n<\/tr>\n<tr>\n<td>Ligne de poitrine<\/td>\n<td>77cm<\/td>\n<\/tr>\n<tr>\n<td>Ligne de taille<\/td>\n<td>53cm<\/td>\n<\/tr>\n<tr>\n<td>Ligne de hanche<\/td>\n<td>80cm<\/td>\n<\/tr>\n<tr>\n<td>Largeur d&#039;\u00e9paule<\/td>\n<td>35cm<\/td>\n<\/tr>\n<tr>\n<td>Longueur de bras<\/td>\n<td>57cm<\/td>\n<\/tr>\n<tr>\n<td>Longueur de jambe<\/td>\n<td>89cm<\/td>\n<\/tr>\n<tr>\n<td>Taille des pieds<\/td>\n<td>22cm<\/td>\n<\/tr>\n<tr>\n<td>Cuisse Ligne<\/td>\n<td>43cm<\/td>\n<\/tr>\n<tr>\n<td>Ligne de mollet<\/td>\n<td>30cm<\/td>\n<\/tr>\n<tr>\n<td>Poids net<\/td>\n<td>30 kg<\/td>\n<\/tr>\n<tr>\n<td>Profondeur orale<\/td>\n<td>13cm<\/td>\n<\/tr>\n<tr>\n<td>Profondeur du vagin<\/td>\n<td>18cm<\/td>\n<\/tr>\n<tr>\n<td>Profondeur anale<\/td>\n<td>16cm<\/td>\n<\/tr>\n<\/tbody>\n<\/table>\n<h4>\u00c0 propos de la poup\u00e9e sexuelle<\/h4>\n<p>Une grande majorit\u00e9 de gens aiment les vraies poup\u00e9es sexuelles grandeur nature. C&#039;est parce que les vraies poup\u00e9es sexuelles grandeur nature ont un esprit \u00e9lev\u00e9, un visage mignon et un \u00e9clat de jeunesse. La plupart des hommes et des femmes matures pr\u00e9f\u00e8rent opter pour la vraie poup\u00e9e sexuelle grandeur nature, et ces poup\u00e9es d&#039;amour tpe sont des poup\u00e9es sexuelles \u00e9lectriques \u00e0 la hanche. Une fois que vous aurez p\u00e9n\u00e9tr\u00e9 cette poup\u00e9e sexuelle, vous ressentirez une sensation choquante mais belle dans vos aines. Il y a des vid\u00e9os de poup\u00e9es d&#039;amour en silicone sur notre site Web ; cela vous donnerait une image plus claire de ce \u00e0 quoi ressemble le vagin de la vraie poup\u00e9e et de ses capacit\u00e9s sexuelles. Notre vraie poup\u00e9e sexuelle est bien lubrifi\u00e9e et les vrais vagins f\u00e9minins sont doux, lubrifi\u00e9s et faciles \u00e0 p\u00e9n\u00e9trer. Avec la poup\u00e9e d&#039;amour en silicone, vous n&#039;avez pas \u00e0 vous soucier de quoi que ce soit ; tout ce sur quoi vous devriez vous concentrer, c&#039;est le sexe agr\u00e9able que vous vivriez et les souvenirs que vous feriez tous les deux. Nos vraies poup\u00e9es sexuelles grandeur nature ont beaucoup d&#039;\u00e9nergie vibrante et elles sont tr\u00e8s \u00e9conomiques. Tout ce que vous avez \u00e0 faire est de faire un achat, et nous vous ferons livrer la poup\u00e9e d&#039;amour en tpe.<\/p>","protected":false},"excerpt":{"rendered":"<p>Images de poup\u00e9e de sexe Tableaux des tailles Mat\u00e9riau TPE Hauteur 145 cm Ligne de poitrine 77 cm Ligne de taille 53 cm Ligne de hanche 80 cm Largeur d&#039;\u00e9paule<\/p>","protected":false},"featured_media":41532,"comment_status":"open","ping_status":"closed","template":"","meta":[],"product_brand":[],"product_cat":[119,74,228,102,107,117],"product_tag":[],"class_list":{"0":"post-41508","1":"product","2":"type-product","3":"status-publish","4":"has-post-thumbnail","6":"product_cat-tpe-sex-doll","7":"product_cat-140cm-149cm-sex-dolls","8":"product_cat-26kg-30kg","9":"product_cat-fantasy-sex-dolls","10":"product_cat-skinny-sex-dolls","11":"product_cat-small-breast-sex-doll","12":"pa_brand-fire-doll","13":"tm-has-options","15":"first","16":"instock","17":"sale","18":"shipping-taxable","19":"purchasable","20":"product-type-simple"},"_links":{"self":[{"href":"https:\/\/zxdoll.com\/fr\/wp-json\/wp\/v2\/product\/41508","targetHints":{"allow":["GET"]}}],"collection":[{"href":"https:\/\/zxdoll.com\/fr\/wp-json\/wp\/v2\/product"}],"about":[{"href":"https:\/\/zxdoll.com\/fr\/wp-json\/wp\/v2\/types\/product"}],"replies":[{"embeddable":true,"href":"https:\/\/zxdoll.com\/fr\/wp-json\/wp\/v2\/comments?post=41508"}],"version-history":[{"count":3,"href":"https:\/\/zxdoll.com\/fr\/wp-json\/wp\/v2\/product\/41508\/revisions"}],"predecessor-version":[{"id":155402,"href":"https:\/\/zxdoll.com\/fr\/wp-json\/wp\/v2\/product\/41508\/revisions\/155402"}],"wp:featuredmedia":[{"embeddable":true,"href":"https:\/\/zxdoll.com\/fr\/wp-json\/wp\/v2\/media\/41532"}],"wp:attachment":[{"href":"https:\/\/zxdoll.com\/fr\/wp-json\/wp\/v2\/media?parent=41508"}],"wp:term":[{"taxonomy":"product_brand","embeddable":true,"href":"https:\/\/zxdoll.com\/fr\/wp-json\/wp\/v2\/product_brand?post=41508"},{"taxonomy":"product_cat","embeddable":true,"href":"https:\/\/zxdoll.com\/fr\/wp-json\/wp\/v2\/product_cat?post=41508"},{"taxonomy":"product_tag","embeddable":true,"href":"https:\/\/zxdoll.com\/fr\/wp-json\/wp\/v2\/product_tag?post=41508"}],"curies":[{"name":"wp","href":"https:\/\/api.w.org\/{rel}","templated":true}]}}