{"id":40281,"date":"2023-04-14T01:23:00","date_gmt":"2023-04-13T17:23:00","guid":{"rendered":"https:\/\/zxdoll.com\/?post_type=product&#038;p=40281"},"modified":"2025-09-08T03:07:36","modified_gmt":"2025-09-07T19:07:36","slug":"cheap-affordable-big-breast-doll-online","status":"publish","type":"product","link":"https:\/\/zxdoll.com\/fr\/product\/cheap-affordable-big-breast-doll-online\/","title":{"rendered":"Poup\u00e9e gros seins abordable pas cher en ligne Edith 165cm"},"content":{"rendered":"<h4><strong>Images de poup\u00e9e de sexe<\/strong><\/h4>\n\t                <ul class=\"easy-image-gallery thumbnails-25 linked\">\r\n                    <li><a data-fancybox=\"gallery522\" href=\"https:\/\/zxdoll.com\/wp-content\/uploads\/2023\/04\/real-doll-buy-4r5x1-533x800.jpg\" class=\"eig-popup\" title=\"\" data-caption=\"\" target=\"_blank\"><i class=\"icon-view\"><\/i><span class=\"overlay\"><\/span><img decoding=\"async\" width=\"150\" height=\"150\" src=\"https:\/\/zxdoll.com\/wp-content\/uploads\/2023\/04\/real-doll-buy-4r5x1-150x150.jpg\" class=\"attachment-thumbnail size-thumbnail\" alt=\"\" title=\"\"><\/a><\/li><li><a data-fancybox=\"gallery522\" href=\"https:\/\/zxdoll.com\/wp-content\/uploads\/2023\/04\/real-doll-buy-4r5x2-533x800.jpg\" class=\"eig-popup\" title=\"\" data-caption=\"\" target=\"_blank\"><i class=\"icon-view\"><\/i><span class=\"overlay\"><\/span><img decoding=\"async\" width=\"150\" height=\"150\" src=\"https:\/\/zxdoll.com\/wp-content\/uploads\/2023\/04\/real-doll-buy-4r5x2-150x150.jpg\" class=\"attachment-thumbnail size-thumbnail\" alt=\"\" title=\"\"><\/a><\/li><li><a data-fancybox=\"gallery522\" href=\"https:\/\/zxdoll.com\/wp-content\/uploads\/2023\/04\/real-doll-buy-4r5x3-533x800.jpg\" class=\"eig-popup\" title=\"\" data-caption=\"\" target=\"_blank\"><i class=\"icon-view\"><\/i><span class=\"overlay\"><\/span><img decoding=\"async\" width=\"150\" height=\"150\" src=\"https:\/\/zxdoll.com\/wp-content\/uploads\/2023\/04\/real-doll-buy-4r5x3-150x150.jpg\" class=\"attachment-thumbnail size-thumbnail\" alt=\"\" title=\"\"><\/a><\/li><li><a data-fancybox=\"gallery522\" href=\"https:\/\/zxdoll.com\/wp-content\/uploads\/2023\/04\/real-doll-buy-4r5x6-533x800.jpg\" class=\"eig-popup\" title=\"\" data-caption=\"\" target=\"_blank\"><i class=\"icon-view\"><\/i><span class=\"overlay\"><\/span><img loading=\"lazy\" decoding=\"async\" width=\"150\" height=\"150\" src=\"https:\/\/zxdoll.com\/wp-content\/uploads\/2023\/04\/real-doll-buy-4r5x6-150x150.jpg\" class=\"attachment-thumbnail size-thumbnail\" alt=\"\" title=\"\"><\/a><\/li><li><a data-fancybox=\"gallery522\" href=\"https:\/\/zxdoll.com\/wp-content\/uploads\/2023\/04\/real-doll-buy-4r5x7-533x800.jpg\" class=\"eig-popup\" title=\"\" data-caption=\"\" target=\"_blank\"><i class=\"icon-view\"><\/i><span class=\"overlay\"><\/span><img loading=\"lazy\" decoding=\"async\" width=\"150\" height=\"150\" src=\"https:\/\/zxdoll.com\/wp-content\/uploads\/2023\/04\/real-doll-buy-4r5x7-150x150.jpg\" class=\"attachment-thumbnail size-thumbnail\" alt=\"\" title=\"\"><\/a><\/li><li><a data-fancybox=\"gallery522\" href=\"https:\/\/zxdoll.com\/wp-content\/uploads\/2023\/04\/real-doll-buy-4r5x8-533x800.jpg\" class=\"eig-popup\" title=\"\" data-caption=\"\" target=\"_blank\"><i class=\"icon-view\"><\/i><span class=\"overlay\"><\/span><img loading=\"lazy\" decoding=\"async\" width=\"150\" height=\"150\" src=\"https:\/\/zxdoll.com\/wp-content\/uploads\/2023\/04\/real-doll-buy-4r5x8-150x150.jpg\" class=\"attachment-thumbnail size-thumbnail\" alt=\"\" title=\"\"><\/a><\/li><li><a data-fancybox=\"gallery522\" href=\"https:\/\/zxdoll.com\/wp-content\/uploads\/2023\/04\/real-doll-buy-4r5x9-533x800.jpg\" class=\"eig-popup\" title=\"\" data-caption=\"\" target=\"_blank\"><i class=\"icon-view\"><\/i><span class=\"overlay\"><\/span><img loading=\"lazy\" decoding=\"async\" width=\"150\" height=\"150\" src=\"https:\/\/zxdoll.com\/wp-content\/uploads\/2023\/04\/real-doll-buy-4r5x9-150x150.jpg\" class=\"attachment-thumbnail size-thumbnail\" alt=\"\" title=\"\"><\/a><\/li><li><a data-fancybox=\"gallery522\" href=\"https:\/\/zxdoll.com\/wp-content\/uploads\/2023\/04\/real-doll-buy-4r5x10-533x800.jpg\" class=\"eig-popup\" title=\"\" data-caption=\"\" target=\"_blank\"><i class=\"icon-view\"><\/i><span class=\"overlay\"><\/span><img loading=\"lazy\" decoding=\"async\" width=\"150\" height=\"150\" src=\"https:\/\/zxdoll.com\/wp-content\/uploads\/2023\/04\/real-doll-buy-4r5x10-150x150.jpg\" class=\"attachment-thumbnail size-thumbnail\" alt=\"\" title=\"\"><\/a><\/li><li><a data-fancybox=\"gallery522\" href=\"https:\/\/zxdoll.com\/wp-content\/uploads\/2023\/04\/real-doll-buy-4r5x11-533x800.jpg\" class=\"eig-popup\" title=\"\" data-caption=\"\" target=\"_blank\"><i class=\"icon-view\"><\/i><span class=\"overlay\"><\/span><img loading=\"lazy\" decoding=\"async\" width=\"150\" height=\"150\" src=\"https:\/\/zxdoll.com\/wp-content\/uploads\/2023\/04\/real-doll-buy-4r5x11-150x150.jpg\" class=\"attachment-thumbnail size-thumbnail\" alt=\"\" title=\"\"><\/a><\/li><li><a data-fancybox=\"gallery522\" href=\"https:\/\/zxdoll.com\/wp-content\/uploads\/2023\/04\/real-doll-buy-4r5x13-533x800.jpg\" class=\"eig-popup\" title=\"\" data-caption=\"\" target=\"_blank\"><i class=\"icon-view\"><\/i><span class=\"overlay\"><\/span><img loading=\"lazy\" decoding=\"async\" width=\"150\" height=\"150\" src=\"https:\/\/zxdoll.com\/wp-content\/uploads\/2023\/04\/real-doll-buy-4r5x13-150x150.jpg\" class=\"attachment-thumbnail size-thumbnail\" alt=\"\" title=\"\"><\/a><\/li><li><a data-fancybox=\"gallery522\" href=\"https:\/\/zxdoll.com\/wp-content\/uploads\/2023\/04\/real-doll-buy-4r5x14-533x800.jpg\" class=\"eig-popup\" title=\"\" data-caption=\"\" target=\"_blank\"><i class=\"icon-view\"><\/i><span class=\"overlay\"><\/span><img loading=\"lazy\" decoding=\"async\" width=\"150\" height=\"150\" src=\"https:\/\/zxdoll.com\/wp-content\/uploads\/2023\/04\/real-doll-buy-4r5x14-150x150.jpg\" class=\"attachment-thumbnail size-thumbnail\" alt=\"\" title=\"\"><\/a><\/li><li><a data-fancybox=\"gallery522\" href=\"https:\/\/zxdoll.com\/wp-content\/uploads\/2023\/04\/real-doll-buy-4r5x15-533x800.jpg\" class=\"eig-popup\" title=\"\" data-caption=\"\" target=\"_blank\"><i class=\"icon-view\"><\/i><span class=\"overlay\"><\/span><img loading=\"lazy\" decoding=\"async\" width=\"150\" height=\"150\" src=\"https:\/\/zxdoll.com\/wp-content\/uploads\/2023\/04\/real-doll-buy-4r5x15-150x150.jpg\" class=\"attachment-thumbnail size-thumbnail\" alt=\"\" title=\"\"><\/a><\/li><li><a data-fancybox=\"gallery522\" href=\"https:\/\/zxdoll.com\/wp-content\/uploads\/2023\/04\/real-doll-buy-4r5x17-533x800.jpg\" class=\"eig-popup\" title=\"\" data-caption=\"\" target=\"_blank\"><i class=\"icon-view\"><\/i><span class=\"overlay\"><\/span><img loading=\"lazy\" decoding=\"async\" width=\"150\" height=\"150\" src=\"https:\/\/zxdoll.com\/wp-content\/uploads\/2023\/04\/real-doll-buy-4r5x17-150x150.jpg\" class=\"attachment-thumbnail size-thumbnail\" alt=\"\" title=\"\"><\/a><\/li><li><a data-fancybox=\"gallery522\" href=\"https:\/\/zxdoll.com\/wp-content\/uploads\/2023\/04\/real-doll-buy-4r5x19-533x800.jpg\" class=\"eig-popup\" title=\"\" data-caption=\"\" target=\"_blank\"><i class=\"icon-view\"><\/i><span class=\"overlay\"><\/span><img loading=\"lazy\" decoding=\"async\" width=\"150\" height=\"150\" src=\"https:\/\/zxdoll.com\/wp-content\/uploads\/2023\/04\/real-doll-buy-4r5x19-150x150.jpg\" class=\"attachment-thumbnail size-thumbnail\" alt=\"\" title=\"\"><\/a><\/li><li><a data-fancybox=\"gallery522\" href=\"https:\/\/zxdoll.com\/wp-content\/uploads\/2023\/04\/real-doll-buy-4r5x20-533x800.jpg\" class=\"eig-popup\" title=\"\" data-caption=\"\" target=\"_blank\"><i class=\"icon-view\"><\/i><span class=\"overlay\"><\/span><img loading=\"lazy\" decoding=\"async\" width=\"150\" height=\"150\" src=\"https:\/\/zxdoll.com\/wp-content\/uploads\/2023\/04\/real-doll-buy-4r5x20-150x150.jpg\" class=\"attachment-thumbnail size-thumbnail\" alt=\"\" title=\"\"><\/a><\/li><li><a data-fancybox=\"gallery522\" href=\"https:\/\/zxdoll.com\/wp-content\/uploads\/2023\/04\/real-doll-buy-4r5x21.jpg\" class=\"eig-popup\" title=\"\" data-caption=\"\" target=\"_blank\"><i class=\"icon-view\"><\/i><span class=\"overlay\"><\/span><img loading=\"lazy\" decoding=\"async\" width=\"150\" height=\"150\" src=\"https:\/\/zxdoll.com\/wp-content\/uploads\/2023\/04\/real-doll-buy-4r5x21-150x150.jpg\" class=\"attachment-thumbnail size-thumbnail\" alt=\"\" title=\"\"><\/a><\/li><li><a data-fancybox=\"gallery522\" href=\"https:\/\/zxdoll.com\/wp-content\/uploads\/2023\/04\/real-doll-buy-4r5x22-533x800.jpg\" class=\"eig-popup\" title=\"\" data-caption=\"\" target=\"_blank\"><i class=\"icon-view\"><\/i><span class=\"overlay\"><\/span><img loading=\"lazy\" decoding=\"async\" width=\"150\" height=\"150\" src=\"https:\/\/zxdoll.com\/wp-content\/uploads\/2023\/04\/real-doll-buy-4r5x22-150x150.jpg\" class=\"attachment-thumbnail size-thumbnail\" alt=\"\" title=\"\"><\/a><\/li><li><a data-fancybox=\"gallery522\" href=\"https:\/\/zxdoll.com\/wp-content\/uploads\/2023\/04\/real-doll-buy-4r5x23.jpg\" class=\"eig-popup\" title=\"\" data-caption=\"\" target=\"_blank\"><i class=\"icon-view\"><\/i><span class=\"overlay\"><\/span><img loading=\"lazy\" decoding=\"async\" width=\"150\" height=\"150\" src=\"https:\/\/zxdoll.com\/wp-content\/uploads\/2023\/04\/real-doll-buy-4r5x23-150x150.jpg\" class=\"attachment-thumbnail size-thumbnail\" alt=\"\" title=\"\"><\/a><\/li><li><a data-fancybox=\"gallery522\" href=\"https:\/\/zxdoll.com\/wp-content\/uploads\/2023\/04\/real-doll-buy-4r5x26-533x800.jpg\" class=\"eig-popup\" title=\"\" data-caption=\"\" target=\"_blank\"><i class=\"icon-view\"><\/i><span class=\"overlay\"><\/span><img loading=\"lazy\" decoding=\"async\" width=\"150\" height=\"150\" src=\"https:\/\/zxdoll.com\/wp-content\/uploads\/2023\/04\/real-doll-buy-4r5x26-150x150.jpg\" class=\"attachment-thumbnail size-thumbnail\" alt=\"\" title=\"\"><\/a><\/li><li><a data-fancybox=\"gallery522\" href=\"https:\/\/zxdoll.com\/wp-content\/uploads\/2023\/04\/real-doll-buy-4r5x28-533x800.jpg\" class=\"eig-popup\" title=\"\" data-caption=\"\" target=\"_blank\"><i class=\"icon-view\"><\/i><span class=\"overlay\"><\/span><img loading=\"lazy\" decoding=\"async\" width=\"150\" height=\"150\" src=\"https:\/\/zxdoll.com\/wp-content\/uploads\/2023\/04\/real-doll-buy-4r5x28-150x150.jpg\" class=\"attachment-thumbnail size-thumbnail\" alt=\"\" title=\"\"><\/a><\/li><li><a data-fancybox=\"gallery522\" href=\"https:\/\/zxdoll.com\/wp-content\/uploads\/2023\/04\/real-doll-buy-4r5x29.jpg\" class=\"eig-popup\" title=\"\" data-caption=\"\" target=\"_blank\"><i class=\"icon-view\"><\/i><span class=\"overlay\"><\/span><img loading=\"lazy\" decoding=\"async\" width=\"150\" height=\"150\" src=\"https:\/\/zxdoll.com\/wp-content\/uploads\/2023\/04\/real-doll-buy-4r5x29-150x150.jpg\" class=\"attachment-thumbnail size-thumbnail\" alt=\"\" title=\"\"><\/a><\/li><li><a data-fancybox=\"gallery522\" href=\"https:\/\/zxdoll.com\/wp-content\/uploads\/2023\/04\/real-doll-buy-4r5x30.jpg\" class=\"eig-popup\" title=\"\" data-caption=\"\" target=\"_blank\"><i class=\"icon-view\"><\/i><span class=\"overlay\"><\/span><img loading=\"lazy\" decoding=\"async\" width=\"150\" height=\"150\" src=\"https:\/\/zxdoll.com\/wp-content\/uploads\/2023\/04\/real-doll-buy-4r5x30-150x150.jpg\" class=\"attachment-thumbnail size-thumbnail\" alt=\"\" title=\"\"><\/a><\/li><li><a data-fancybox=\"gallery522\" href=\"https:\/\/zxdoll.com\/wp-content\/uploads\/2023\/04\/real-doll-buy-4r5x31.jpg\" class=\"eig-popup\" title=\"\" data-caption=\"\" target=\"_blank\"><i class=\"icon-view\"><\/i><span class=\"overlay\"><\/span><img loading=\"lazy\" decoding=\"async\" width=\"150\" height=\"150\" src=\"https:\/\/zxdoll.com\/wp-content\/uploads\/2023\/04\/real-doll-buy-4r5x31-150x150.jpg\" class=\"attachment-thumbnail size-thumbnail\" alt=\"\" title=\"\"><\/a><\/li><li><a data-fancybox=\"gallery522\" href=\"https:\/\/zxdoll.com\/wp-content\/uploads\/2023\/04\/real-doll-buy-4r5x32-533x800.jpg\" class=\"eig-popup\" title=\"\" data-caption=\"\" target=\"_blank\"><i class=\"icon-view\"><\/i><span class=\"overlay\"><\/span><img loading=\"lazy\" decoding=\"async\" width=\"150\" height=\"150\" src=\"https:\/\/zxdoll.com\/wp-content\/uploads\/2023\/04\/real-doll-buy-4r5x32-150x150.jpg\" class=\"attachment-thumbnail size-thumbnail\" alt=\"\" title=\"\"><\/a><\/li><li><a data-fancybox=\"gallery522\" href=\"https:\/\/zxdoll.com\/wp-content\/uploads\/2023\/04\/real-doll-buy-4r5x33-533x800.jpg\" class=\"eig-popup\" title=\"\" data-caption=\"\" target=\"_blank\"><i class=\"icon-view\"><\/i><span class=\"overlay\"><\/span><img loading=\"lazy\" decoding=\"async\" width=\"150\" height=\"150\" src=\"https:\/\/zxdoll.com\/wp-content\/uploads\/2023\/04\/real-doll-buy-4r5x33-150x150.jpg\" class=\"attachment-thumbnail size-thumbnail\" alt=\"\" title=\"\"><\/a><\/li><\/ul>\n<h4>Tableaux des tailles<\/h4>\n<table width=\"269\">\n<tbody>\n<tr>\n<td width=\"130\">Mat\u00e9riel<\/td>\n<td width=\"139\">TPE<\/td>\n<\/tr>\n<tr>\n<td>Hauteur<\/td>\n<td>165cm<\/td>\n<\/tr>\n<tr>\n<td>Ligne de poitrine<\/td>\n<td>101cm<\/td>\n<\/tr>\n<tr>\n<td>Ligne de taille<\/td>\n<td>86cm<\/td>\n<\/tr>\n<tr>\n<td>Ligne de hanche<\/td>\n<td>108cm<\/td>\n<\/tr>\n<tr>\n<td>Largeur d&#039;\u00e9paule<\/td>\n<td>35cm<\/td>\n<\/tr>\n<tr>\n<td>Longueur de jambe<\/td>\n<td>83cm<\/td>\n<\/tr>\n<tr>\n<td>Longueur de bras<\/td>\n<td>57cm<\/td>\n<\/tr>\n<tr>\n<td>Cuisse Ligne<\/td>\n<td>65cm<\/td>\n<\/tr>\n<tr>\n<td>Ligne de mollet<\/td>\n<td>33cm<\/td>\n<\/tr>\n<tr>\n<td>Taille des pieds<\/td>\n<td>21cm<\/td>\n<\/tr>\n<tr>\n<td>Poids net<\/td>\n<td>55 kg<\/td>\n<\/tr>\n<tr>\n<td>Profondeur orale<\/td>\n<td>13cm<\/td>\n<\/tr>\n<tr>\n<td>Profondeur du vagin<\/td>\n<td>18cm<\/td>\n<\/tr>\n<tr>\n<td>Profondeur anale<\/td>\n<td>16cm<\/td>\n<\/tr>\n<\/tbody>\n<\/table>\n<h4>\u00c0 propos de la poup\u00e9e sexuelle<\/h4>\n<p>Si vous ne pouvez pas baiser des femmes bon march\u00e9, alors procurez-vous une poup\u00e9e bon march\u00e9 qui a un haut niveau de classe et d&#039;\u00e9l\u00e9gance. Notre poup\u00e9e sexuelle en ligne est un jouet sexuel que nous avons mis en vente en ligne. C&#039;est une poup\u00e9e gonflable f\u00e9minine, ce qui signifie qu&#039;elle a \u00e9t\u00e9 con\u00e7ue pour satisfaire les hommes. La poup\u00e9e gonflable f\u00e9minine \u00e9tait faite pour le plaisir ; elle fait passer vos sentiments avant les siens. Obtenir une vraie poup\u00e9e sexuelle grandeur nature est une bonne id\u00e9e ; elle vous aiderait \u00e0 rester sain d&#039;esprit et \u00e0 faire en sorte que votre jeu de chambre devienne meilleur qu&#039;avant. Avec une poup\u00e9e gonflable bon march\u00e9, vous n&#039;avez pas \u00e0 vous soucier d&#039;avoir le c\u0153ur bris\u00e9 ou du prix qu&#039;il faut pour l&#039;acheter. La poup\u00e9e gonflable est peut-\u00eatre remplie d&#039;air, mais elle sait rendre les gens heureux. Nos vraies poup\u00e9es sexuelles grandeur nature sont excitantes ; ils sont beaux, et elle vient avec un trou vaginal. Baiser des poup\u00e9es sexuelles est tellement amusant, et si vous n&#039;avez pas de partenaire, vous devriez l&#039;essayer. Nos poup\u00e9es sont incroyables ; ils remplissent tr\u00e8s bien leurs fonctions et elle ne plaisante pas avec son partenaire.<\/p>","protected":false},"excerpt":{"rendered":"<p>Images de poup\u00e9e de sexe Tableaux des tailles Mat\u00e9riau TPE Hauteur 165 cm Ligne de poitrine 101 cm Ligne de taille 86 cm Ligne de hanche 108 cm Largeur d&#039;\u00e9paule<\/p>","protected":false},"featured_media":40318,"comment_status":"open","ping_status":"closed","template":"","meta":[],"product_brand":[],"product_cat":[119,75,77,116,115,101,233],"product_tag":[],"class_list":{"0":"post-40281","1":"product","2":"type-product","3":"status-publish","4":"has-post-thumbnail","6":"product_cat-tpe-sex-doll","7":"product_cat-160cm-170cm-sex-dolls","8":"product_cat-bbw-sex-doll","9":"product_cat-big-boobs-sex-doll","10":"product_cat-big-booty-sex-doll","11":"product_cat-lesbian-sex-doll","12":"product_cat-over-51kg","13":"pa_brand-af-doll","14":"tm-has-options","16":"first","17":"instock","18":"sale","19":"shipping-taxable","20":"purchasable","21":"product-type-simple"},"_links":{"self":[{"href":"https:\/\/zxdoll.com\/fr\/wp-json\/wp\/v2\/product\/40281","targetHints":{"allow":["GET"]}}],"collection":[{"href":"https:\/\/zxdoll.com\/fr\/wp-json\/wp\/v2\/product"}],"about":[{"href":"https:\/\/zxdoll.com\/fr\/wp-json\/wp\/v2\/types\/product"}],"replies":[{"embeddable":true,"href":"https:\/\/zxdoll.com\/fr\/wp-json\/wp\/v2\/comments?post=40281"}],"version-history":[{"count":2,"href":"https:\/\/zxdoll.com\/fr\/wp-json\/wp\/v2\/product\/40281\/revisions"}],"predecessor-version":[{"id":100268,"href":"https:\/\/zxdoll.com\/fr\/wp-json\/wp\/v2\/product\/40281\/revisions\/100268"}],"wp:featuredmedia":[{"embeddable":true,"href":"https:\/\/zxdoll.com\/fr\/wp-json\/wp\/v2\/media\/40318"}],"wp:attachment":[{"href":"https:\/\/zxdoll.com\/fr\/wp-json\/wp\/v2\/media?parent=40281"}],"wp:term":[{"taxonomy":"product_brand","embeddable":true,"href":"https:\/\/zxdoll.com\/fr\/wp-json\/wp\/v2\/product_brand?post=40281"},{"taxonomy":"product_cat","embeddable":true,"href":"https:\/\/zxdoll.com\/fr\/wp-json\/wp\/v2\/product_cat?post=40281"},{"taxonomy":"product_tag","embeddable":true,"href":"https:\/\/zxdoll.com\/fr\/wp-json\/wp\/v2\/product_tag?post=40281"}],"curies":[{"name":"wp","href":"https:\/\/api.w.org\/{rel}","templated":true}]}}