{"id":38681,"date":"2023-04-12T04:11:42","date_gmt":"2023-04-11T20:11:42","guid":{"rendered":"https:\/\/zxdoll.com\/?post_type=product&#038;p=38681"},"modified":"2025-09-08T02:17:23","modified_gmt":"2025-09-07T18:17:23","slug":"sexual-intimacy-most-compatible-doll-sale","status":"publish","type":"product","link":"https:\/\/zxdoll.com\/fr\/product\/sexual-intimacy-most-compatible-doll-sale\/","title":{"rendered":"Intimit\u00e9 Sexuelle Poup\u00e9e La Plus Compatible Vente Debora 165cm"},"content":{"rendered":"<h4><strong>Images de poup\u00e9e de sexe<\/strong><\/h4>\n\t                <ul class=\"easy-image-gallery thumbnails-17 linked\">\r\n                    <li><a data-fancybox=\"gallery532\" href=\"https:\/\/zxdoll.com\/wp-content\/uploads\/2023\/04\/sex-robot-dolls-u78y1.jpg\" class=\"eig-popup\" title=\"\" data-caption=\"\" target=\"_blank\"><i class=\"icon-view\"><\/i><span class=\"overlay\"><\/span><img decoding=\"async\" width=\"150\" height=\"150\" src=\"https:\/\/zxdoll.com\/wp-content\/uploads\/2023\/04\/sex-robot-dolls-u78y1-150x150.jpg\" class=\"attachment-thumbnail size-thumbnail\" alt=\"\" title=\"\"><\/a><\/li><li><a data-fancybox=\"gallery532\" href=\"https:\/\/zxdoll.com\/wp-content\/uploads\/2023\/04\/sex-robot-dolls-u78y2-533x800.jpg\" class=\"eig-popup\" title=\"\" data-caption=\"\" target=\"_blank\"><i class=\"icon-view\"><\/i><span class=\"overlay\"><\/span><img decoding=\"async\" width=\"150\" height=\"150\" src=\"https:\/\/zxdoll.com\/wp-content\/uploads\/2023\/04\/sex-robot-dolls-u78y2-150x150.jpg\" class=\"attachment-thumbnail size-thumbnail\" alt=\"\" title=\"\"><\/a><\/li><li><a data-fancybox=\"gallery532\" href=\"https:\/\/zxdoll.com\/wp-content\/uploads\/2023\/04\/sex-robot-dolls-u78y3-533x800.jpg\" class=\"eig-popup\" title=\"\" data-caption=\"\" target=\"_blank\"><i class=\"icon-view\"><\/i><span class=\"overlay\"><\/span><img decoding=\"async\" width=\"150\" height=\"150\" src=\"https:\/\/zxdoll.com\/wp-content\/uploads\/2023\/04\/sex-robot-dolls-u78y3-150x150.jpg\" class=\"attachment-thumbnail size-thumbnail\" alt=\"\" title=\"\"><\/a><\/li><li><a data-fancybox=\"gallery532\" href=\"https:\/\/zxdoll.com\/wp-content\/uploads\/2023\/04\/sex-robot-dolls-u78y4-533x800.jpg\" class=\"eig-popup\" title=\"\" data-caption=\"\" target=\"_blank\"><i class=\"icon-view\"><\/i><span class=\"overlay\"><\/span><img loading=\"lazy\" decoding=\"async\" width=\"150\" height=\"150\" src=\"https:\/\/zxdoll.com\/wp-content\/uploads\/2023\/04\/sex-robot-dolls-u78y4-150x150.jpg\" class=\"attachment-thumbnail size-thumbnail\" alt=\"\" title=\"\"><\/a><\/li><li><a data-fancybox=\"gallery532\" href=\"https:\/\/zxdoll.com\/wp-content\/uploads\/2023\/04\/sex-robot-dolls-u78y6-533x800.jpg\" class=\"eig-popup\" title=\"\" data-caption=\"\" target=\"_blank\"><i class=\"icon-view\"><\/i><span class=\"overlay\"><\/span><img loading=\"lazy\" decoding=\"async\" width=\"150\" height=\"150\" src=\"https:\/\/zxdoll.com\/wp-content\/uploads\/2023\/04\/sex-robot-dolls-u78y6-150x150.jpg\" class=\"attachment-thumbnail size-thumbnail\" alt=\"\" title=\"\"><\/a><\/li><li><a data-fancybox=\"gallery532\" href=\"https:\/\/zxdoll.com\/wp-content\/uploads\/2023\/04\/sex-robot-dolls-u78y7-533x800.jpg\" class=\"eig-popup\" title=\"\" data-caption=\"\" target=\"_blank\"><i class=\"icon-view\"><\/i><span class=\"overlay\"><\/span><img loading=\"lazy\" decoding=\"async\" width=\"150\" height=\"150\" src=\"https:\/\/zxdoll.com\/wp-content\/uploads\/2023\/04\/sex-robot-dolls-u78y7-150x150.jpg\" class=\"attachment-thumbnail size-thumbnail\" alt=\"\" title=\"\"><\/a><\/li><li><a data-fancybox=\"gallery532\" href=\"https:\/\/zxdoll.com\/wp-content\/uploads\/2023\/04\/sex-robot-dolls-u78y8-533x800.jpg\" class=\"eig-popup\" title=\"\" data-caption=\"\" target=\"_blank\"><i class=\"icon-view\"><\/i><span class=\"overlay\"><\/span><img loading=\"lazy\" decoding=\"async\" width=\"150\" height=\"150\" src=\"https:\/\/zxdoll.com\/wp-content\/uploads\/2023\/04\/sex-robot-dolls-u78y8-150x150.jpg\" class=\"attachment-thumbnail size-thumbnail\" alt=\"\" title=\"\"><\/a><\/li><li><a data-fancybox=\"gallery532\" href=\"https:\/\/zxdoll.com\/wp-content\/uploads\/2023\/04\/sex-robot-dolls-u78y9-533x800.jpg\" class=\"eig-popup\" title=\"\" data-caption=\"\" target=\"_blank\"><i class=\"icon-view\"><\/i><span class=\"overlay\"><\/span><img loading=\"lazy\" decoding=\"async\" width=\"150\" height=\"150\" src=\"https:\/\/zxdoll.com\/wp-content\/uploads\/2023\/04\/sex-robot-dolls-u78y9-150x150.jpg\" class=\"attachment-thumbnail size-thumbnail\" alt=\"\" title=\"\"><\/a><\/li><li><a data-fancybox=\"gallery532\" href=\"https:\/\/zxdoll.com\/wp-content\/uploads\/2023\/04\/sex-robot-dolls-u78y10-533x800.jpg\" class=\"eig-popup\" title=\"\" data-caption=\"\" target=\"_blank\"><i class=\"icon-view\"><\/i><span class=\"overlay\"><\/span><img loading=\"lazy\" decoding=\"async\" width=\"150\" height=\"150\" src=\"https:\/\/zxdoll.com\/wp-content\/uploads\/2023\/04\/sex-robot-dolls-u78y10-150x150.jpg\" class=\"attachment-thumbnail size-thumbnail\" alt=\"\" title=\"\"><\/a><\/li><li><a data-fancybox=\"gallery532\" href=\"https:\/\/zxdoll.com\/wp-content\/uploads\/2023\/04\/sex-robot-dolls-u78y11.jpg\" class=\"eig-popup\" title=\"\" data-caption=\"\" target=\"_blank\"><i class=\"icon-view\"><\/i><span class=\"overlay\"><\/span><img loading=\"lazy\" decoding=\"async\" width=\"150\" height=\"150\" src=\"https:\/\/zxdoll.com\/wp-content\/uploads\/2023\/04\/sex-robot-dolls-u78y11-150x150.jpg\" class=\"attachment-thumbnail size-thumbnail\" alt=\"\" title=\"\"><\/a><\/li><li><a data-fancybox=\"gallery532\" href=\"https:\/\/zxdoll.com\/wp-content\/uploads\/2023\/04\/sex-robot-dolls-u78y12-533x800.jpg\" class=\"eig-popup\" title=\"\" data-caption=\"\" target=\"_blank\"><i class=\"icon-view\"><\/i><span class=\"overlay\"><\/span><img loading=\"lazy\" decoding=\"async\" width=\"150\" height=\"150\" src=\"https:\/\/zxdoll.com\/wp-content\/uploads\/2023\/04\/sex-robot-dolls-u78y12-150x150.jpg\" class=\"attachment-thumbnail size-thumbnail\" alt=\"\" title=\"\"><\/a><\/li><li><a data-fancybox=\"gallery532\" href=\"https:\/\/zxdoll.com\/wp-content\/uploads\/2023\/04\/sex-robot-dolls-u78y13.jpg\" class=\"eig-popup\" title=\"\" data-caption=\"\" target=\"_blank\"><i class=\"icon-view\"><\/i><span class=\"overlay\"><\/span><img loading=\"lazy\" decoding=\"async\" width=\"150\" height=\"150\" src=\"https:\/\/zxdoll.com\/wp-content\/uploads\/2023\/04\/sex-robot-dolls-u78y13-150x150.jpg\" class=\"attachment-thumbnail size-thumbnail\" alt=\"\" title=\"\"><\/a><\/li><li><a data-fancybox=\"gallery532\" href=\"https:\/\/zxdoll.com\/wp-content\/uploads\/2023\/04\/sex-robot-dolls-u78y14.jpg\" class=\"eig-popup\" title=\"\" data-caption=\"\" target=\"_blank\"><i class=\"icon-view\"><\/i><span class=\"overlay\"><\/span><img loading=\"lazy\" decoding=\"async\" width=\"150\" height=\"150\" src=\"https:\/\/zxdoll.com\/wp-content\/uploads\/2023\/04\/sex-robot-dolls-u78y14-150x150.jpg\" class=\"attachment-thumbnail size-thumbnail\" alt=\"\" title=\"\"><\/a><\/li><li><a data-fancybox=\"gallery532\" href=\"https:\/\/zxdoll.com\/wp-content\/uploads\/2023\/04\/sex-robot-dolls-u78y15.jpg\" class=\"eig-popup\" title=\"\" data-caption=\"\" target=\"_blank\"><i class=\"icon-view\"><\/i><span class=\"overlay\"><\/span><img loading=\"lazy\" decoding=\"async\" width=\"150\" height=\"150\" src=\"https:\/\/zxdoll.com\/wp-content\/uploads\/2023\/04\/sex-robot-dolls-u78y15-150x150.jpg\" class=\"attachment-thumbnail size-thumbnail\" alt=\"\" title=\"\"><\/a><\/li><li><a data-fancybox=\"gallery532\" href=\"https:\/\/zxdoll.com\/wp-content\/uploads\/2023\/04\/sex-robot-dolls-u78y16.jpg\" class=\"eig-popup\" title=\"\" data-caption=\"\" target=\"_blank\"><i class=\"icon-view\"><\/i><span class=\"overlay\"><\/span><img loading=\"lazy\" decoding=\"async\" width=\"150\" height=\"150\" src=\"https:\/\/zxdoll.com\/wp-content\/uploads\/2023\/04\/sex-robot-dolls-u78y16-150x150.jpg\" class=\"attachment-thumbnail size-thumbnail\" alt=\"\" title=\"\"><\/a><\/li><li><a data-fancybox=\"gallery532\" href=\"https:\/\/zxdoll.com\/wp-content\/uploads\/2023\/04\/sex-robot-dolls-u78y17-533x800.jpg\" class=\"eig-popup\" title=\"\" data-caption=\"\" target=\"_blank\"><i class=\"icon-view\"><\/i><span class=\"overlay\"><\/span><img loading=\"lazy\" decoding=\"async\" width=\"150\" height=\"150\" src=\"https:\/\/zxdoll.com\/wp-content\/uploads\/2023\/04\/sex-robot-dolls-u78y17-150x150.jpg\" class=\"attachment-thumbnail size-thumbnail\" alt=\"\" title=\"\"><\/a><\/li><li><a data-fancybox=\"gallery532\" href=\"https:\/\/zxdoll.com\/wp-content\/uploads\/2023\/04\/sex-robot-dolls-u78y18-533x800.jpg\" class=\"eig-popup\" title=\"\" data-caption=\"\" target=\"_blank\"><i class=\"icon-view\"><\/i><span class=\"overlay\"><\/span><img loading=\"lazy\" decoding=\"async\" width=\"150\" height=\"150\" src=\"https:\/\/zxdoll.com\/wp-content\/uploads\/2023\/04\/sex-robot-dolls-u78y18-150x150.jpg\" class=\"attachment-thumbnail size-thumbnail\" alt=\"\" title=\"\"><\/a><\/li><\/ul>\n<h4>Tableaux des tailles<\/h4>\n<table width=\"292\">\n<tbody>\n<tr>\n<td width=\"153\">Mat\u00e9riel<\/td>\n<td width=\"139\">TPE<\/td>\n<\/tr>\n<tr>\n<td>Hauteur<\/td>\n<td>165cm<\/td>\n<\/tr>\n<tr>\n<td>Bousiller<\/td>\n<td>79cm<\/td>\n<\/tr>\n<tr>\n<td>Taille<\/td>\n<td>52cm<\/td>\n<\/tr>\n<tr>\n<td>Hanche<\/td>\n<td>81cm<\/td>\n<\/tr>\n<tr>\n<td>Longueur de bras<\/td>\n<td>63cm<\/td>\n<\/tr>\n<tr>\n<td>Pied<\/td>\n<td>21cm<\/td>\n<\/tr>\n<tr>\n<td>Poids net<\/td>\n<td>32 kg<\/td>\n<\/tr>\n<tr>\n<td>Profondeur orale<\/td>\n<td>13cm<\/td>\n<\/tr>\n<tr>\n<td>Profondeur du vagin<\/td>\n<td>18cm<\/td>\n<\/tr>\n<tr>\n<td>Profondeur anale<\/td>\n<td>16cm<\/td>\n<\/tr>\n<\/tbody>\n<\/table>\n<h4>\u00c0 propos de la poup\u00e9e sexuelle<\/h4>\n<p>La marque TPE de real sexdolls propose des corps en tpe 100% dans des sex dolls fuck grandeur nature. Ils sont r\u00e9put\u00e9s pour la production de poup\u00e9es sexuelles pour hommes ainsi que de poup\u00e9es sexuelles pour femmes avec des caract\u00e9ristiques r\u00e9alistes pour une intimit\u00e9 sexuelle accrue et aussi la poup\u00e9e d&#039;amour parfaite pour les hommes.<\/p>\n<p>La poup\u00e9e sexuelle r\u00e9elle grandeur nature est la meilleure cat\u00e9gorie de poup\u00e9es sexuelles asiatiques, con\u00e7ue avec des caract\u00e9ristiques uniques pour vous offrir une exp\u00e9rience sexuelle r\u00e9elle inoubliable et intime. Si votre pervers a des relations sexuelles avec des poup\u00e9es sexuelles, la marque de poup\u00e9es sexuelles TPE est en t\u00eate de liste lorsque vous recherchez la poup\u00e9e la plus compatible lors de la prochaine vente de poup\u00e9es sexuelles.<\/p>\n<p>Qu&#039;est-ce qui est cool\u00a0? Le paquet est livr\u00e9 avec une fonction \u00e9volutive qui permet une augmentation des g\u00e9missements, un changement de voix g\u00e9missante, trois orifices \u00e0 essayer selon votre humeur et votre f\u00e9tichisme, et un r\u00e9chauffeur de vagin USB pour augmenter la temp\u00e9rature du vagin pour une exp\u00e9rience encore plus sensuelle. Maintenant, c&#039;est le genre que vous ne voulez pas manquer. Sa temp\u00e9rature vaginale r\u00e9gul\u00e9e en fait la poup\u00e9e parfaite pour toutes sortes de conditions m\u00e9t\u00e9orologiques en toutes saisons. Augmentez la temp\u00e9rature de la chatte et profitez d&#039;une temp\u00e9rature vijay chaude, chaude ou douce pendant que vous roulez jusqu&#039;\u00e0 l&#039;apog\u00e9e.<\/p>","protected":false},"excerpt":{"rendered":"<p>Images de poup\u00e9e de sexe Tableaux de taille Mat\u00e9riel TPE Hauteur 165 cm Buste 79 cm Taille 52 cm Hanche 81 cm Longueur de bras 63 cm Pied 21 cm<\/p>","protected":false},"featured_media":38713,"comment_status":"open","ping_status":"closed","template":"","meta":[],"product_brand":[],"product_cat":[103,75,229,115,117,119],"product_tag":[],"class_list":{"0":"post-38681","1":"product","2":"type-product","3":"status-publish","4":"has-post-thumbnail","6":"product_cat-2b-sex-doll","7":"product_cat-160cm-170cm-sex-dolls","8":"product_cat-31kg-35kg","9":"product_cat-big-booty-sex-doll","10":"product_cat-small-breast-sex-doll","11":"product_cat-tpe-sex-doll","12":"pa_brand-aibei-doll","13":"tm-has-options","15":"first","16":"instock","17":"sale","18":"shipping-taxable","19":"purchasable","20":"product-type-simple"},"_links":{"self":[{"href":"https:\/\/zxdoll.com\/fr\/wp-json\/wp\/v2\/product\/38681","targetHints":{"allow":["GET"]}}],"collection":[{"href":"https:\/\/zxdoll.com\/fr\/wp-json\/wp\/v2\/product"}],"about":[{"href":"https:\/\/zxdoll.com\/fr\/wp-json\/wp\/v2\/types\/product"}],"replies":[{"embeddable":true,"href":"https:\/\/zxdoll.com\/fr\/wp-json\/wp\/v2\/comments?post=38681"}],"version-history":[{"count":1,"href":"https:\/\/zxdoll.com\/fr\/wp-json\/wp\/v2\/product\/38681\/revisions"}],"predecessor-version":[{"id":101482,"href":"https:\/\/zxdoll.com\/fr\/wp-json\/wp\/v2\/product\/38681\/revisions\/101482"}],"wp:featuredmedia":[{"embeddable":true,"href":"https:\/\/zxdoll.com\/fr\/wp-json\/wp\/v2\/media\/38713"}],"wp:attachment":[{"href":"https:\/\/zxdoll.com\/fr\/wp-json\/wp\/v2\/media?parent=38681"}],"wp:term":[{"taxonomy":"product_brand","embeddable":true,"href":"https:\/\/zxdoll.com\/fr\/wp-json\/wp\/v2\/product_brand?post=38681"},{"taxonomy":"product_cat","embeddable":true,"href":"https:\/\/zxdoll.com\/fr\/wp-json\/wp\/v2\/product_cat?post=38681"},{"taxonomy":"product_tag","embeddable":true,"href":"https:\/\/zxdoll.com\/fr\/wp-json\/wp\/v2\/product_tag?post=38681"}],"curies":[{"name":"wp","href":"https:\/\/api.w.org\/{rel}","templated":true}]}}