{"id":37691,"date":"2023-04-12T02:07:21","date_gmt":"2023-04-11T18:07:21","guid":{"rendered":"https:\/\/zxdoll.com\/?post_type=product&#038;p=37691"},"modified":"2025-09-08T01:21:17","modified_gmt":"2025-09-07T17:21:17","slug":"complete-satisfaction-realistic-submissive-doll","status":"publish","type":"product","link":"https:\/\/zxdoll.com\/fr\/product\/complete-satisfaction-realistic-submissive-doll\/","title":{"rendered":"Poup\u00e9e Soumise R\u00e9aliste Satisfaction Compl\u00e8te Matilda 158cm"},"content":{"rendered":"<h4><strong>Images de poup\u00e9e de sexe<\/strong><\/h4>\n\t                <ul class=\"easy-image-gallery thumbnails-33 linked\">\r\n                    <li><a data-fancybox=\"gallery588\" href=\"https:\/\/zxdoll.com\/wp-content\/uploads\/2023\/04\/big-booty-love-doll-8u4e2-533x800.jpg\" class=\"eig-popup\" title=\"\" data-caption=\"\" target=\"_blank\"><i class=\"icon-view\"><\/i><span class=\"overlay\"><\/span><img decoding=\"async\" width=\"150\" height=\"150\" src=\"https:\/\/zxdoll.com\/wp-content\/uploads\/2023\/04\/big-booty-love-doll-8u4e2-150x150.jpg\" class=\"attachment-thumbnail size-thumbnail\" alt=\"\" title=\"\"><\/a><\/li><li><a data-fancybox=\"gallery588\" href=\"https:\/\/zxdoll.com\/wp-content\/uploads\/2023\/04\/big-booty-love-doll-8u4e3.jpg\" class=\"eig-popup\" title=\"\" data-caption=\"\" target=\"_blank\"><i class=\"icon-view\"><\/i><span class=\"overlay\"><\/span><img decoding=\"async\" width=\"150\" height=\"150\" src=\"https:\/\/zxdoll.com\/wp-content\/uploads\/2023\/04\/big-booty-love-doll-8u4e3-150x150.jpg\" class=\"attachment-thumbnail size-thumbnail\" alt=\"\" title=\"\"><\/a><\/li><li><a data-fancybox=\"gallery588\" href=\"https:\/\/zxdoll.com\/wp-content\/uploads\/2023\/04\/big-booty-love-doll-8u4e4.jpg\" class=\"eig-popup\" title=\"\" data-caption=\"\" target=\"_blank\"><i class=\"icon-view\"><\/i><span class=\"overlay\"><\/span><img decoding=\"async\" width=\"150\" height=\"150\" src=\"https:\/\/zxdoll.com\/wp-content\/uploads\/2023\/04\/big-booty-love-doll-8u4e4-150x150.jpg\" class=\"attachment-thumbnail size-thumbnail\" alt=\"\" title=\"\"><\/a><\/li><li><a data-fancybox=\"gallery588\" href=\"https:\/\/zxdoll.com\/wp-content\/uploads\/2023\/04\/big-booty-love-doll-8u4e5-533x800.jpg\" class=\"eig-popup\" title=\"\" data-caption=\"\" target=\"_blank\"><i class=\"icon-view\"><\/i><span class=\"overlay\"><\/span><img loading=\"lazy\" decoding=\"async\" width=\"150\" height=\"150\" src=\"https:\/\/zxdoll.com\/wp-content\/uploads\/2023\/04\/big-booty-love-doll-8u4e5-150x150.jpg\" class=\"attachment-thumbnail size-thumbnail\" alt=\"\" title=\"\"><\/a><\/li><li><a data-fancybox=\"gallery588\" href=\"https:\/\/zxdoll.com\/wp-content\/uploads\/2023\/04\/big-booty-love-doll-8u4e6-533x800.jpg\" class=\"eig-popup\" title=\"\" data-caption=\"\" target=\"_blank\"><i class=\"icon-view\"><\/i><span class=\"overlay\"><\/span><img loading=\"lazy\" decoding=\"async\" width=\"150\" height=\"150\" src=\"https:\/\/zxdoll.com\/wp-content\/uploads\/2023\/04\/big-booty-love-doll-8u4e6-150x150.jpg\" class=\"attachment-thumbnail size-thumbnail\" alt=\"\" title=\"\"><\/a><\/li><li><a data-fancybox=\"gallery588\" href=\"https:\/\/zxdoll.com\/wp-content\/uploads\/2023\/04\/big-booty-love-doll-8u4e7-533x800.jpg\" class=\"eig-popup\" title=\"\" data-caption=\"\" target=\"_blank\"><i class=\"icon-view\"><\/i><span class=\"overlay\"><\/span><img loading=\"lazy\" decoding=\"async\" width=\"150\" height=\"150\" src=\"https:\/\/zxdoll.com\/wp-content\/uploads\/2023\/04\/big-booty-love-doll-8u4e7-150x150.jpg\" class=\"attachment-thumbnail size-thumbnail\" alt=\"\" title=\"\"><\/a><\/li><li><a data-fancybox=\"gallery588\" href=\"https:\/\/zxdoll.com\/wp-content\/uploads\/2023\/04\/big-booty-love-doll-8u4e8-533x800.jpg\" class=\"eig-popup\" title=\"\" data-caption=\"\" target=\"_blank\"><i class=\"icon-view\"><\/i><span class=\"overlay\"><\/span><img loading=\"lazy\" decoding=\"async\" width=\"150\" height=\"150\" src=\"https:\/\/zxdoll.com\/wp-content\/uploads\/2023\/04\/big-booty-love-doll-8u4e8-150x150.jpg\" class=\"attachment-thumbnail size-thumbnail\" alt=\"\" title=\"\"><\/a><\/li><li><a data-fancybox=\"gallery588\" href=\"https:\/\/zxdoll.com\/wp-content\/uploads\/2023\/04\/big-booty-love-doll-8u4e9-533x800.jpg\" class=\"eig-popup\" title=\"\" data-caption=\"\" target=\"_blank\"><i class=\"icon-view\"><\/i><span class=\"overlay\"><\/span><img loading=\"lazy\" decoding=\"async\" width=\"150\" height=\"150\" src=\"https:\/\/zxdoll.com\/wp-content\/uploads\/2023\/04\/big-booty-love-doll-8u4e9-150x150.jpg\" class=\"attachment-thumbnail size-thumbnail\" alt=\"\" title=\"\"><\/a><\/li><li><a data-fancybox=\"gallery588\" href=\"https:\/\/zxdoll.com\/wp-content\/uploads\/2023\/04\/big-booty-love-doll-8u4e10.jpg\" class=\"eig-popup\" title=\"\" data-caption=\"\" target=\"_blank\"><i class=\"icon-view\"><\/i><span class=\"overlay\"><\/span><img loading=\"lazy\" decoding=\"async\" width=\"150\" height=\"150\" src=\"https:\/\/zxdoll.com\/wp-content\/uploads\/2023\/04\/big-booty-love-doll-8u4e10-150x150.jpg\" class=\"attachment-thumbnail size-thumbnail\" alt=\"\" title=\"\"><\/a><\/li><li><a data-fancybox=\"gallery588\" href=\"https:\/\/zxdoll.com\/wp-content\/uploads\/2023\/04\/big-booty-love-doll-8u4e11.jpg\" class=\"eig-popup\" title=\"\" data-caption=\"\" target=\"_blank\"><i class=\"icon-view\"><\/i><span class=\"overlay\"><\/span><img loading=\"lazy\" decoding=\"async\" width=\"150\" height=\"150\" src=\"https:\/\/zxdoll.com\/wp-content\/uploads\/2023\/04\/big-booty-love-doll-8u4e11-150x150.jpg\" class=\"attachment-thumbnail size-thumbnail\" alt=\"\" title=\"\"><\/a><\/li><li><a data-fancybox=\"gallery588\" href=\"https:\/\/zxdoll.com\/wp-content\/uploads\/2023\/04\/big-booty-love-doll-8u4e12.jpg\" class=\"eig-popup\" title=\"\" data-caption=\"\" target=\"_blank\"><i class=\"icon-view\"><\/i><span class=\"overlay\"><\/span><img loading=\"lazy\" decoding=\"async\" width=\"150\" height=\"150\" src=\"https:\/\/zxdoll.com\/wp-content\/uploads\/2023\/04\/big-booty-love-doll-8u4e12-150x150.jpg\" class=\"attachment-thumbnail size-thumbnail\" alt=\"\" title=\"\"><\/a><\/li><li><a data-fancybox=\"gallery588\" href=\"https:\/\/zxdoll.com\/wp-content\/uploads\/2023\/04\/big-booty-love-doll-8u4e13-533x800.jpg\" class=\"eig-popup\" title=\"\" data-caption=\"\" target=\"_blank\"><i class=\"icon-view\"><\/i><span class=\"overlay\"><\/span><img loading=\"lazy\" decoding=\"async\" width=\"150\" height=\"150\" src=\"https:\/\/zxdoll.com\/wp-content\/uploads\/2023\/04\/big-booty-love-doll-8u4e13-150x150.jpg\" class=\"attachment-thumbnail size-thumbnail\" alt=\"\" title=\"\"><\/a><\/li><li><a data-fancybox=\"gallery588\" href=\"https:\/\/zxdoll.com\/wp-content\/uploads\/2023\/04\/big-booty-love-doll-8u4e14.jpg\" class=\"eig-popup\" title=\"\" data-caption=\"\" target=\"_blank\"><i class=\"icon-view\"><\/i><span class=\"overlay\"><\/span><img loading=\"lazy\" decoding=\"async\" width=\"150\" height=\"150\" src=\"https:\/\/zxdoll.com\/wp-content\/uploads\/2023\/04\/big-booty-love-doll-8u4e14-150x150.jpg\" class=\"attachment-thumbnail size-thumbnail\" alt=\"\" title=\"\"><\/a><\/li><li><a data-fancybox=\"gallery588\" href=\"https:\/\/zxdoll.com\/wp-content\/uploads\/2023\/04\/big-booty-love-doll-8u4e15-533x800.jpg\" class=\"eig-popup\" title=\"\" data-caption=\"\" target=\"_blank\"><i class=\"icon-view\"><\/i><span class=\"overlay\"><\/span><img loading=\"lazy\" decoding=\"async\" width=\"150\" height=\"150\" src=\"https:\/\/zxdoll.com\/wp-content\/uploads\/2023\/04\/big-booty-love-doll-8u4e15-150x150.jpg\" class=\"attachment-thumbnail size-thumbnail\" alt=\"\" title=\"\"><\/a><\/li><li><a data-fancybox=\"gallery588\" href=\"https:\/\/zxdoll.com\/wp-content\/uploads\/2023\/04\/big-booty-love-doll-8u4e16-533x800.jpg\" class=\"eig-popup\" title=\"\" data-caption=\"\" target=\"_blank\"><i class=\"icon-view\"><\/i><span class=\"overlay\"><\/span><img loading=\"lazy\" decoding=\"async\" width=\"150\" height=\"150\" src=\"https:\/\/zxdoll.com\/wp-content\/uploads\/2023\/04\/big-booty-love-doll-8u4e16-150x150.jpg\" class=\"attachment-thumbnail size-thumbnail\" alt=\"\" title=\"\"><\/a><\/li><li><a data-fancybox=\"gallery588\" href=\"https:\/\/zxdoll.com\/wp-content\/uploads\/2023\/04\/big-booty-love-doll-8u4e17-533x800.jpg\" class=\"eig-popup\" title=\"\" data-caption=\"\" target=\"_blank\"><i class=\"icon-view\"><\/i><span class=\"overlay\"><\/span><img loading=\"lazy\" decoding=\"async\" width=\"150\" height=\"150\" src=\"https:\/\/zxdoll.com\/wp-content\/uploads\/2023\/04\/big-booty-love-doll-8u4e17-150x150.jpg\" class=\"attachment-thumbnail size-thumbnail\" alt=\"\" title=\"\"><\/a><\/li><li><a data-fancybox=\"gallery588\" href=\"https:\/\/zxdoll.com\/wp-content\/uploads\/2023\/04\/big-booty-love-doll-8u4e18-533x800.jpg\" class=\"eig-popup\" title=\"\" data-caption=\"\" target=\"_blank\"><i class=\"icon-view\"><\/i><span class=\"overlay\"><\/span><img loading=\"lazy\" decoding=\"async\" width=\"150\" height=\"150\" src=\"https:\/\/zxdoll.com\/wp-content\/uploads\/2023\/04\/big-booty-love-doll-8u4e18-150x150.jpg\" class=\"attachment-thumbnail size-thumbnail\" alt=\"\" title=\"\"><\/a><\/li><li><a data-fancybox=\"gallery588\" href=\"https:\/\/zxdoll.com\/wp-content\/uploads\/2023\/04\/big-booty-love-doll-8u4e19-533x800.jpg\" class=\"eig-popup\" title=\"\" data-caption=\"\" target=\"_blank\"><i class=\"icon-view\"><\/i><span class=\"overlay\"><\/span><img loading=\"lazy\" decoding=\"async\" width=\"150\" height=\"150\" src=\"https:\/\/zxdoll.com\/wp-content\/uploads\/2023\/04\/big-booty-love-doll-8u4e19-150x150.jpg\" class=\"attachment-thumbnail size-thumbnail\" alt=\"\" title=\"\"><\/a><\/li><li><a data-fancybox=\"gallery588\" href=\"https:\/\/zxdoll.com\/wp-content\/uploads\/2023\/04\/big-booty-love-doll-8u4e20-533x800.jpg\" class=\"eig-popup\" title=\"\" data-caption=\"\" target=\"_blank\"><i class=\"icon-view\"><\/i><span class=\"overlay\"><\/span><img loading=\"lazy\" decoding=\"async\" width=\"150\" height=\"150\" src=\"https:\/\/zxdoll.com\/wp-content\/uploads\/2023\/04\/big-booty-love-doll-8u4e20-150x150.jpg\" class=\"attachment-thumbnail size-thumbnail\" alt=\"\" title=\"\"><\/a><\/li><li><a data-fancybox=\"gallery588\" href=\"https:\/\/zxdoll.com\/wp-content\/uploads\/2023\/04\/big-booty-love-doll-8u4e21-533x800.jpg\" class=\"eig-popup\" title=\"\" data-caption=\"\" target=\"_blank\"><i class=\"icon-view\"><\/i><span class=\"overlay\"><\/span><img loading=\"lazy\" decoding=\"async\" width=\"150\" height=\"150\" src=\"https:\/\/zxdoll.com\/wp-content\/uploads\/2023\/04\/big-booty-love-doll-8u4e21-150x150.jpg\" class=\"attachment-thumbnail size-thumbnail\" alt=\"\" title=\"\"><\/a><\/li><li><a data-fancybox=\"gallery588\" href=\"https:\/\/zxdoll.com\/wp-content\/uploads\/2023\/04\/big-booty-love-doll-8u4e22-533x800.jpg\" class=\"eig-popup\" title=\"\" data-caption=\"\" target=\"_blank\"><i class=\"icon-view\"><\/i><span class=\"overlay\"><\/span><img loading=\"lazy\" decoding=\"async\" width=\"150\" height=\"150\" src=\"https:\/\/zxdoll.com\/wp-content\/uploads\/2023\/04\/big-booty-love-doll-8u4e22-150x150.jpg\" class=\"attachment-thumbnail size-thumbnail\" alt=\"\" title=\"\"><\/a><\/li><li><a data-fancybox=\"gallery588\" href=\"https:\/\/zxdoll.com\/wp-content\/uploads\/2023\/04\/big-booty-love-doll-8u4e23-533x800.jpg\" class=\"eig-popup\" title=\"\" data-caption=\"\" target=\"_blank\"><i class=\"icon-view\"><\/i><span class=\"overlay\"><\/span><img loading=\"lazy\" decoding=\"async\" width=\"150\" height=\"150\" src=\"https:\/\/zxdoll.com\/wp-content\/uploads\/2023\/04\/big-booty-love-doll-8u4e23-150x150.jpg\" class=\"attachment-thumbnail size-thumbnail\" alt=\"\" title=\"\"><\/a><\/li><li><a data-fancybox=\"gallery588\" href=\"https:\/\/zxdoll.com\/wp-content\/uploads\/2023\/04\/big-booty-love-doll-8u4e24-533x800.jpg\" class=\"eig-popup\" title=\"\" data-caption=\"\" target=\"_blank\"><i class=\"icon-view\"><\/i><span class=\"overlay\"><\/span><img loading=\"lazy\" decoding=\"async\" width=\"150\" height=\"150\" src=\"https:\/\/zxdoll.com\/wp-content\/uploads\/2023\/04\/big-booty-love-doll-8u4e24-150x150.jpg\" class=\"attachment-thumbnail size-thumbnail\" alt=\"\" title=\"\"><\/a><\/li><li><a data-fancybox=\"gallery588\" href=\"https:\/\/zxdoll.com\/wp-content\/uploads\/2023\/04\/big-booty-love-doll-8u4e25-533x800.jpg\" class=\"eig-popup\" title=\"\" data-caption=\"\" target=\"_blank\"><i class=\"icon-view\"><\/i><span class=\"overlay\"><\/span><img loading=\"lazy\" decoding=\"async\" width=\"150\" height=\"150\" src=\"https:\/\/zxdoll.com\/wp-content\/uploads\/2023\/04\/big-booty-love-doll-8u4e25-150x150.jpg\" class=\"attachment-thumbnail size-thumbnail\" alt=\"\" title=\"\"><\/a><\/li><li><a data-fancybox=\"gallery588\" href=\"https:\/\/zxdoll.com\/wp-content\/uploads\/2023\/04\/big-booty-love-doll-8u4e26-533x800.jpg\" class=\"eig-popup\" title=\"\" data-caption=\"\" target=\"_blank\"><i class=\"icon-view\"><\/i><span class=\"overlay\"><\/span><img loading=\"lazy\" decoding=\"async\" width=\"150\" height=\"150\" src=\"https:\/\/zxdoll.com\/wp-content\/uploads\/2023\/04\/big-booty-love-doll-8u4e26-150x150.jpg\" class=\"attachment-thumbnail size-thumbnail\" alt=\"\" title=\"\"><\/a><\/li><li><a data-fancybox=\"gallery588\" href=\"https:\/\/zxdoll.com\/wp-content\/uploads\/2023\/04\/big-booty-love-doll-8u4e27-533x800.jpg\" class=\"eig-popup\" title=\"\" data-caption=\"\" target=\"_blank\"><i class=\"icon-view\"><\/i><span class=\"overlay\"><\/span><img loading=\"lazy\" decoding=\"async\" width=\"150\" height=\"150\" src=\"https:\/\/zxdoll.com\/wp-content\/uploads\/2023\/04\/big-booty-love-doll-8u4e27-150x150.jpg\" class=\"attachment-thumbnail size-thumbnail\" alt=\"\" title=\"\"><\/a><\/li><li><a data-fancybox=\"gallery588\" href=\"https:\/\/zxdoll.com\/wp-content\/uploads\/2023\/04\/big-booty-love-doll-8u4e28-533x800.jpg\" class=\"eig-popup\" title=\"\" data-caption=\"\" target=\"_blank\"><i class=\"icon-view\"><\/i><span class=\"overlay\"><\/span><img loading=\"lazy\" decoding=\"async\" width=\"150\" height=\"150\" src=\"https:\/\/zxdoll.com\/wp-content\/uploads\/2023\/04\/big-booty-love-doll-8u4e28-150x150.jpg\" class=\"attachment-thumbnail size-thumbnail\" alt=\"\" title=\"\"><\/a><\/li><li><a data-fancybox=\"gallery588\" href=\"https:\/\/zxdoll.com\/wp-content\/uploads\/2023\/04\/big-booty-love-doll-8u4e29-533x800.jpg\" class=\"eig-popup\" title=\"\" data-caption=\"\" target=\"_blank\"><i class=\"icon-view\"><\/i><span class=\"overlay\"><\/span><img loading=\"lazy\" decoding=\"async\" width=\"150\" height=\"150\" src=\"https:\/\/zxdoll.com\/wp-content\/uploads\/2023\/04\/big-booty-love-doll-8u4e29-150x150.jpg\" class=\"attachment-thumbnail size-thumbnail\" alt=\"\" title=\"\"><\/a><\/li><li><a data-fancybox=\"gallery588\" href=\"https:\/\/zxdoll.com\/wp-content\/uploads\/2023\/04\/big-booty-love-doll-8u4e30.jpg\" class=\"eig-popup\" title=\"\" data-caption=\"\" target=\"_blank\"><i class=\"icon-view\"><\/i><span class=\"overlay\"><\/span><img loading=\"lazy\" decoding=\"async\" width=\"150\" height=\"150\" src=\"https:\/\/zxdoll.com\/wp-content\/uploads\/2023\/04\/big-booty-love-doll-8u4e30-150x150.jpg\" class=\"attachment-thumbnail size-thumbnail\" alt=\"\" title=\"\"><\/a><\/li><li><a data-fancybox=\"gallery588\" href=\"https:\/\/zxdoll.com\/wp-content\/uploads\/2023\/04\/big-booty-love-doll-8u4e31-533x800.jpg\" class=\"eig-popup\" title=\"\" data-caption=\"\" target=\"_blank\"><i class=\"icon-view\"><\/i><span class=\"overlay\"><\/span><img loading=\"lazy\" decoding=\"async\" width=\"150\" height=\"150\" src=\"https:\/\/zxdoll.com\/wp-content\/uploads\/2023\/04\/big-booty-love-doll-8u4e31-150x150.jpg\" class=\"attachment-thumbnail size-thumbnail\" alt=\"\" title=\"\"><\/a><\/li><li><a data-fancybox=\"gallery588\" href=\"https:\/\/zxdoll.com\/wp-content\/uploads\/2023\/04\/big-booty-love-doll-8u4e32-533x800.jpg\" class=\"eig-popup\" title=\"\" data-caption=\"\" target=\"_blank\"><i class=\"icon-view\"><\/i><span class=\"overlay\"><\/span><img loading=\"lazy\" decoding=\"async\" width=\"150\" height=\"150\" src=\"https:\/\/zxdoll.com\/wp-content\/uploads\/2023\/04\/big-booty-love-doll-8u4e32-150x150.jpg\" class=\"attachment-thumbnail size-thumbnail\" alt=\"\" title=\"\"><\/a><\/li><li><a data-fancybox=\"gallery588\" href=\"https:\/\/zxdoll.com\/wp-content\/uploads\/2023\/04\/big-booty-love-doll-8u4e33-533x800.jpg\" class=\"eig-popup\" title=\"\" data-caption=\"\" target=\"_blank\"><i class=\"icon-view\"><\/i><span class=\"overlay\"><\/span><img loading=\"lazy\" decoding=\"async\" width=\"150\" height=\"150\" src=\"https:\/\/zxdoll.com\/wp-content\/uploads\/2023\/04\/big-booty-love-doll-8u4e33-150x150.jpg\" class=\"attachment-thumbnail size-thumbnail\" alt=\"\" title=\"\"><\/a><\/li><li><a data-fancybox=\"gallery588\" href=\"https:\/\/zxdoll.com\/wp-content\/uploads\/2023\/04\/big-booty-love-doll-8u4e34-533x800.jpg\" class=\"eig-popup\" title=\"\" data-caption=\"\" target=\"_blank\"><i class=\"icon-view\"><\/i><span class=\"overlay\"><\/span><img loading=\"lazy\" decoding=\"async\" width=\"150\" height=\"150\" src=\"https:\/\/zxdoll.com\/wp-content\/uploads\/2023\/04\/big-booty-love-doll-8u4e34-150x150.jpg\" class=\"attachment-thumbnail size-thumbnail\" alt=\"\" title=\"\"><\/a><\/li><\/ul>\n<h4>Tableaux des tailles<\/h4>\n<table width=\"292\">\n<tbody>\n<tr>\n<td width=\"153\">Mat\u00e9riel<\/td>\n<td width=\"139\">TPE<\/td>\n<\/tr>\n<tr>\n<td>Hauteur<\/td>\n<td>158cm<\/td>\n<\/tr>\n<tr>\n<td>Bousiller<\/td>\n<td>75cm<\/td>\n<\/tr>\n<tr>\n<td>Taille<\/td>\n<td>49cm<\/td>\n<\/tr>\n<tr>\n<td>Hanche<\/td>\n<td>81cm<\/td>\n<\/tr>\n<tr>\n<td>Longueur de bras<\/td>\n<td>63cm<\/td>\n<\/tr>\n<tr>\n<td>Pied<\/td>\n<td>21cm<\/td>\n<\/tr>\n<tr>\n<td>Poids net<\/td>\n<td>32 kg<\/td>\n<\/tr>\n<tr>\n<td>Profondeur orale<\/td>\n<td>13cm<\/td>\n<\/tr>\n<tr>\n<td>Profondeur du vagin<\/td>\n<td>18cm<\/td>\n<\/tr>\n<tr>\n<td>Profondeur anale<\/td>\n<td>16cm<\/td>\n<\/tr>\n<\/tbody>\n<\/table>\n<h4>\u00c0 propos de la poup\u00e9e sexuelle<\/h4>\n<p>Il s&#039;agit d&#039;une poup\u00e9e sexuelle rias r\u00e9aliste qui poss\u00e8de toutes les caract\u00e9ristiques et fonctionnalit\u00e9s dont vous avez besoin dans une poup\u00e9e soumise tr\u00e8s r\u00e9aliste. Cette poup\u00e9e d&#039;amour r\u00e9aliste a toutes les r\u00e9ponses \u00e0 la question de savoir ce qu&#039;est une vraie poup\u00e9e. De l&#039;apparence r\u00e9aliste d&#039;une poup\u00e9e Jenna Jameson \u00e0 la sensation de chair d&#039;une poup\u00e9e de cr\u00e9ation de personnage \u00e0 diffusion h\u00e9matog\u00e8ne. Cette poup\u00e9e en silicone pour adulte offre une stimulation visuelle, associ\u00e9e de mani\u00e8re transparente \u00e0 une stimulation tactile semblable \u00e0 de la chair. Ainsi, offrant une stimulation sexuelle \u00e0 plusieurs niveaux.<\/p>\n<p>De plus, c&#039;est l&#039;une des meilleures poup\u00e9es de masturbateurs masculins que vous puissiez trouver en ligne. Cette poup\u00e9e soumise a \u00e9t\u00e9 con\u00e7ue pour supporter tout ce que vous lui lancez. Des douces caresses sensuelles aux actes sexuels plus vigoureux. Cette poup\u00e9e sexuelle de nettoyage r\u00e9aliste a la durabilit\u00e9 pour r\u00e9sister \u00e0 vos exc\u00e8s sexuels. Par cons\u00e9quent, avec cette poup\u00e9e sexuelle dolltemptation. Vous pouvez \u00eatre assur\u00e9 que vous obtiendrez l&#039;une des meilleures poup\u00e9es sexuelles en silicone du march\u00e9. Par cons\u00e9quent, votre enti\u00e8re satisfaction sexuelle est assur\u00e9e. Par cons\u00e9quent, si vous cherchez \u00e0 vivre une exp\u00e9rience sexuelle totalement r\u00e9aliste, totalement immersive et profond\u00e9ment satisfaisante. Ne cherchez plus, car cette poup\u00e9e sexuelle r\u00e9aliste a tout ce dont vous avez besoin pour une enti\u00e8re satisfaction.<\/p>","protected":false},"excerpt":{"rendered":"<p>Images de poup\u00e9e de sexe Tableaux de taille Mat\u00e9riel TPE Hauteur 158cm Buste 75cm Taille 49cm Hanche 81cm Longueur de bras 63cm Pied 21cm<\/p>","protected":false},"featured_media":37722,"comment_status":"open","ping_status":"closed","template":"","meta":[],"product_brand":[],"product_cat":[103,112,229,115,117,119],"product_tag":[],"class_list":{"0":"post-37691","1":"product","2":"type-product","3":"status-publish","4":"has-post-thumbnail","6":"product_cat-2b-sex-doll","7":"product_cat-150cm-159cm-sex-dolls","8":"product_cat-31kg-35kg","9":"product_cat-big-booty-sex-doll","10":"product_cat-small-breast-sex-doll","11":"product_cat-tpe-sex-doll","12":"pa_brand-aibei-doll","13":"tm-has-options","15":"first","16":"instock","17":"sale","18":"shipping-taxable","19":"purchasable","20":"product-type-simple"},"_links":{"self":[{"href":"https:\/\/zxdoll.com\/fr\/wp-json\/wp\/v2\/product\/37691","targetHints":{"allow":["GET"]}}],"collection":[{"href":"https:\/\/zxdoll.com\/fr\/wp-json\/wp\/v2\/product"}],"about":[{"href":"https:\/\/zxdoll.com\/fr\/wp-json\/wp\/v2\/types\/product"}],"replies":[{"embeddable":true,"href":"https:\/\/zxdoll.com\/fr\/wp-json\/wp\/v2\/comments?post=37691"}],"version-history":[{"count":1,"href":"https:\/\/zxdoll.com\/fr\/wp-json\/wp\/v2\/product\/37691\/revisions"}],"predecessor-version":[{"id":101695,"href":"https:\/\/zxdoll.com\/fr\/wp-json\/wp\/v2\/product\/37691\/revisions\/101695"}],"wp:featuredmedia":[{"embeddable":true,"href":"https:\/\/zxdoll.com\/fr\/wp-json\/wp\/v2\/media\/37722"}],"wp:attachment":[{"href":"https:\/\/zxdoll.com\/fr\/wp-json\/wp\/v2\/media?parent=37691"}],"wp:term":[{"taxonomy":"product_brand","embeddable":true,"href":"https:\/\/zxdoll.com\/fr\/wp-json\/wp\/v2\/product_brand?post=37691"},{"taxonomy":"product_cat","embeddable":true,"href":"https:\/\/zxdoll.com\/fr\/wp-json\/wp\/v2\/product_cat?post=37691"},{"taxonomy":"product_tag","embeddable":true,"href":"https:\/\/zxdoll.com\/fr\/wp-json\/wp\/v2\/product_tag?post=37691"}],"curies":[{"name":"wp","href":"https:\/\/api.w.org\/{rel}","templated":true}]}}