{"id":36503,"date":"2023-04-09T04:11:12","date_gmt":"2023-04-08T20:11:12","guid":{"rendered":"https:\/\/zxdoll.com\/?post_type=product&#038;p=36503"},"modified":"2025-09-08T01:36:02","modified_gmt":"2025-09-07T17:36:02","slug":"sexy-beauty-affordable-lady-doll","status":"publish","type":"product","link":"https:\/\/zxdoll.com\/fr\/product\/sexy-beauty-affordable-lady-doll\/","title":{"rendered":"Poup\u00e9e sexy et abordable pour femme Tameika 158 cm"},"content":{"rendered":"<h4><strong>Images de poup\u00e9e de sexe<\/strong><\/h4>\n\t                <ul class=\"easy-image-gallery thumbnails-20 linked\">\r\n                    <li><a data-fancybox=\"gallery558\" href=\"https:\/\/zxdoll.com\/wp-content\/uploads\/2023\/04\/life-size-love-dolls-5t6c1-533x800.jpg\" class=\"eig-popup\" title=\"\" data-caption=\"\" target=\"_blank\"><i class=\"icon-view\"><\/i><span class=\"overlay\"><\/span><img decoding=\"async\" width=\"150\" height=\"150\" src=\"https:\/\/zxdoll.com\/wp-content\/uploads\/2023\/04\/life-size-love-dolls-5t6c1-150x150.jpg\" class=\"attachment-thumbnail size-thumbnail\" alt=\"\" title=\"\"><\/a><\/li><li><a data-fancybox=\"gallery558\" href=\"https:\/\/zxdoll.com\/wp-content\/uploads\/2023\/04\/life-size-love-dolls-5t6c3-533x800.jpg\" class=\"eig-popup\" title=\"\" data-caption=\"\" target=\"_blank\"><i class=\"icon-view\"><\/i><span class=\"overlay\"><\/span><img decoding=\"async\" width=\"150\" height=\"150\" src=\"https:\/\/zxdoll.com\/wp-content\/uploads\/2023\/04\/life-size-love-dolls-5t6c3-150x150.jpg\" class=\"attachment-thumbnail size-thumbnail\" alt=\"\" title=\"\"><\/a><\/li><li><a data-fancybox=\"gallery558\" href=\"https:\/\/zxdoll.com\/wp-content\/uploads\/2023\/04\/life-size-love-dolls-5t6c6-533x800.jpg\" class=\"eig-popup\" title=\"\" data-caption=\"\" target=\"_blank\"><i class=\"icon-view\"><\/i><span class=\"overlay\"><\/span><img decoding=\"async\" width=\"150\" height=\"150\" src=\"https:\/\/zxdoll.com\/wp-content\/uploads\/2023\/04\/life-size-love-dolls-5t6c6-150x150.jpg\" class=\"attachment-thumbnail size-thumbnail\" alt=\"\" title=\"\"><\/a><\/li><li><a data-fancybox=\"gallery558\" href=\"https:\/\/zxdoll.com\/wp-content\/uploads\/2023\/04\/life-size-love-dolls-5t6c8-533x800.jpg\" class=\"eig-popup\" title=\"\" data-caption=\"\" target=\"_blank\"><i class=\"icon-view\"><\/i><span class=\"overlay\"><\/span><img loading=\"lazy\" decoding=\"async\" width=\"150\" height=\"150\" src=\"https:\/\/zxdoll.com\/wp-content\/uploads\/2023\/04\/life-size-love-dolls-5t6c8-150x150.jpg\" class=\"attachment-thumbnail size-thumbnail\" alt=\"\" title=\"\"><\/a><\/li><li><a data-fancybox=\"gallery558\" href=\"https:\/\/zxdoll.com\/wp-content\/uploads\/2023\/04\/life-size-love-dolls-5t6c10-533x800.jpg\" class=\"eig-popup\" title=\"\" data-caption=\"\" target=\"_blank\"><i class=\"icon-view\"><\/i><span class=\"overlay\"><\/span><img loading=\"lazy\" decoding=\"async\" width=\"150\" height=\"150\" src=\"https:\/\/zxdoll.com\/wp-content\/uploads\/2023\/04\/life-size-love-dolls-5t6c10-150x150.jpg\" class=\"attachment-thumbnail size-thumbnail\" alt=\"\" title=\"\"><\/a><\/li><li><a data-fancybox=\"gallery558\" href=\"https:\/\/zxdoll.com\/wp-content\/uploads\/2023\/04\/life-size-love-dolls-5t6c13-533x800.jpg\" class=\"eig-popup\" title=\"\" data-caption=\"\" target=\"_blank\"><i class=\"icon-view\"><\/i><span class=\"overlay\"><\/span><img loading=\"lazy\" decoding=\"async\" width=\"150\" height=\"150\" src=\"https:\/\/zxdoll.com\/wp-content\/uploads\/2023\/04\/life-size-love-dolls-5t6c13-150x150.jpg\" class=\"attachment-thumbnail size-thumbnail\" alt=\"\" title=\"\"><\/a><\/li><li><a data-fancybox=\"gallery558\" href=\"https:\/\/zxdoll.com\/wp-content\/uploads\/2023\/04\/life-size-love-dolls-5t6c14-533x800.jpg\" class=\"eig-popup\" title=\"\" data-caption=\"\" target=\"_blank\"><i class=\"icon-view\"><\/i><span class=\"overlay\"><\/span><img loading=\"lazy\" decoding=\"async\" width=\"150\" height=\"150\" src=\"https:\/\/zxdoll.com\/wp-content\/uploads\/2023\/04\/life-size-love-dolls-5t6c14-150x150.jpg\" class=\"attachment-thumbnail size-thumbnail\" alt=\"\" title=\"\"><\/a><\/li><li><a data-fancybox=\"gallery558\" href=\"https:\/\/zxdoll.com\/wp-content\/uploads\/2023\/04\/life-size-love-dolls-5t6c15-533x800.jpg\" class=\"eig-popup\" title=\"\" data-caption=\"\" target=\"_blank\"><i class=\"icon-view\"><\/i><span class=\"overlay\"><\/span><img loading=\"lazy\" decoding=\"async\" width=\"150\" height=\"150\" src=\"https:\/\/zxdoll.com\/wp-content\/uploads\/2023\/04\/life-size-love-dolls-5t6c15-150x150.jpg\" class=\"attachment-thumbnail size-thumbnail\" alt=\"\" title=\"\"><\/a><\/li><li><a data-fancybox=\"gallery558\" href=\"https:\/\/zxdoll.com\/wp-content\/uploads\/2023\/04\/life-size-love-dolls-5t6c17-533x800.jpg\" class=\"eig-popup\" title=\"\" data-caption=\"\" target=\"_blank\"><i class=\"icon-view\"><\/i><span class=\"overlay\"><\/span><img loading=\"lazy\" decoding=\"async\" width=\"150\" height=\"150\" src=\"https:\/\/zxdoll.com\/wp-content\/uploads\/2023\/04\/life-size-love-dolls-5t6c17-150x150.jpg\" class=\"attachment-thumbnail size-thumbnail\" alt=\"\" title=\"\"><\/a><\/li><li><a data-fancybox=\"gallery558\" href=\"https:\/\/zxdoll.com\/wp-content\/uploads\/2023\/04\/life-size-love-dolls-5t6c19-533x800.jpg\" class=\"eig-popup\" title=\"\" data-caption=\"\" target=\"_blank\"><i class=\"icon-view\"><\/i><span class=\"overlay\"><\/span><img loading=\"lazy\" decoding=\"async\" width=\"150\" height=\"150\" src=\"https:\/\/zxdoll.com\/wp-content\/uploads\/2023\/04\/life-size-love-dolls-5t6c19-150x150.jpg\" class=\"attachment-thumbnail size-thumbnail\" alt=\"\" title=\"\"><\/a><\/li><li><a data-fancybox=\"gallery558\" href=\"https:\/\/zxdoll.com\/wp-content\/uploads\/2023\/04\/life-size-love-dolls-5t6c20-533x800.jpg\" class=\"eig-popup\" title=\"\" data-caption=\"\" target=\"_blank\"><i class=\"icon-view\"><\/i><span class=\"overlay\"><\/span><img loading=\"lazy\" decoding=\"async\" width=\"150\" height=\"150\" src=\"https:\/\/zxdoll.com\/wp-content\/uploads\/2023\/04\/life-size-love-dolls-5t6c20-150x150.jpg\" class=\"attachment-thumbnail size-thumbnail\" alt=\"\" title=\"\"><\/a><\/li><li><a data-fancybox=\"gallery558\" href=\"https:\/\/zxdoll.com\/wp-content\/uploads\/2023\/04\/life-size-love-dolls-5t6c21-533x800.jpg\" class=\"eig-popup\" title=\"\" data-caption=\"\" target=\"_blank\"><i class=\"icon-view\"><\/i><span class=\"overlay\"><\/span><img loading=\"lazy\" decoding=\"async\" width=\"150\" height=\"150\" src=\"https:\/\/zxdoll.com\/wp-content\/uploads\/2023\/04\/life-size-love-dolls-5t6c21-150x150.jpg\" class=\"attachment-thumbnail size-thumbnail\" alt=\"\" title=\"\"><\/a><\/li><li><a data-fancybox=\"gallery558\" href=\"https:\/\/zxdoll.com\/wp-content\/uploads\/2023\/04\/life-size-love-dolls-5t6c23-533x800.jpg\" class=\"eig-popup\" title=\"\" data-caption=\"\" target=\"_blank\"><i class=\"icon-view\"><\/i><span class=\"overlay\"><\/span><img loading=\"lazy\" decoding=\"async\" width=\"150\" height=\"150\" src=\"https:\/\/zxdoll.com\/wp-content\/uploads\/2023\/04\/life-size-love-dolls-5t6c23-150x150.jpg\" class=\"attachment-thumbnail size-thumbnail\" alt=\"\" title=\"\"><\/a><\/li><li><a data-fancybox=\"gallery558\" href=\"https:\/\/zxdoll.com\/wp-content\/uploads\/2023\/04\/life-size-love-dolls-5t6c24-533x800.jpg\" class=\"eig-popup\" title=\"\" data-caption=\"\" target=\"_blank\"><i class=\"icon-view\"><\/i><span class=\"overlay\"><\/span><img loading=\"lazy\" decoding=\"async\" width=\"150\" height=\"150\" src=\"https:\/\/zxdoll.com\/wp-content\/uploads\/2023\/04\/life-size-love-dolls-5t6c24-150x150.jpg\" class=\"attachment-thumbnail size-thumbnail\" alt=\"\" title=\"\"><\/a><\/li><li><a data-fancybox=\"gallery558\" href=\"https:\/\/zxdoll.com\/wp-content\/uploads\/2023\/04\/life-size-love-dolls-5t6c25-533x800.jpg\" class=\"eig-popup\" title=\"\" data-caption=\"\" target=\"_blank\"><i class=\"icon-view\"><\/i><span class=\"overlay\"><\/span><img loading=\"lazy\" decoding=\"async\" width=\"150\" height=\"150\" src=\"https:\/\/zxdoll.com\/wp-content\/uploads\/2023\/04\/life-size-love-dolls-5t6c25-150x150.jpg\" class=\"attachment-thumbnail size-thumbnail\" alt=\"\" title=\"\"><\/a><\/li><li><a data-fancybox=\"gallery558\" href=\"https:\/\/zxdoll.com\/wp-content\/uploads\/2023\/04\/life-size-love-dolls-5t6c26-533x800.jpg\" class=\"eig-popup\" title=\"\" data-caption=\"\" target=\"_blank\"><i class=\"icon-view\"><\/i><span class=\"overlay\"><\/span><img loading=\"lazy\" decoding=\"async\" width=\"150\" height=\"150\" src=\"https:\/\/zxdoll.com\/wp-content\/uploads\/2023\/04\/life-size-love-dolls-5t6c26-150x150.jpg\" class=\"attachment-thumbnail size-thumbnail\" alt=\"\" title=\"\"><\/a><\/li><li><a data-fancybox=\"gallery558\" href=\"https:\/\/zxdoll.com\/wp-content\/uploads\/2023\/04\/life-size-love-dolls-5t6c28-533x800.jpg\" class=\"eig-popup\" title=\"\" data-caption=\"\" target=\"_blank\"><i class=\"icon-view\"><\/i><span class=\"overlay\"><\/span><img loading=\"lazy\" decoding=\"async\" width=\"150\" height=\"150\" src=\"https:\/\/zxdoll.com\/wp-content\/uploads\/2023\/04\/life-size-love-dolls-5t6c28-150x150.jpg\" class=\"attachment-thumbnail size-thumbnail\" alt=\"\" title=\"\"><\/a><\/li><li><a data-fancybox=\"gallery558\" href=\"https:\/\/zxdoll.com\/wp-content\/uploads\/2023\/04\/life-size-love-dolls-5t6c29-533x800.jpg\" class=\"eig-popup\" title=\"\" data-caption=\"\" target=\"_blank\"><i class=\"icon-view\"><\/i><span class=\"overlay\"><\/span><img loading=\"lazy\" decoding=\"async\" width=\"150\" height=\"150\" src=\"https:\/\/zxdoll.com\/wp-content\/uploads\/2023\/04\/life-size-love-dolls-5t6c29-150x150.jpg\" class=\"attachment-thumbnail size-thumbnail\" alt=\"\" title=\"\"><\/a><\/li><li><a data-fancybox=\"gallery558\" href=\"https:\/\/zxdoll.com\/wp-content\/uploads\/2023\/04\/life-size-love-dolls-5t6c31-533x800.jpg\" class=\"eig-popup\" title=\"\" data-caption=\"\" target=\"_blank\"><i class=\"icon-view\"><\/i><span class=\"overlay\"><\/span><img loading=\"lazy\" decoding=\"async\" width=\"150\" height=\"150\" src=\"https:\/\/zxdoll.com\/wp-content\/uploads\/2023\/04\/life-size-love-dolls-5t6c31-150x150.jpg\" class=\"attachment-thumbnail size-thumbnail\" alt=\"\" title=\"\"><\/a><\/li><li><a data-fancybox=\"gallery558\" href=\"https:\/\/zxdoll.com\/wp-content\/uploads\/2023\/04\/life-size-love-dolls-5t6c32-533x800.jpg\" class=\"eig-popup\" title=\"\" data-caption=\"\" target=\"_blank\"><i class=\"icon-view\"><\/i><span class=\"overlay\"><\/span><img loading=\"lazy\" decoding=\"async\" width=\"150\" height=\"150\" src=\"https:\/\/zxdoll.com\/wp-content\/uploads\/2023\/04\/life-size-love-dolls-5t6c32-150x150.jpg\" class=\"attachment-thumbnail size-thumbnail\" alt=\"\" title=\"\"><\/a><\/li><\/ul>\n<h4>Tableaux des tailles<\/h4>\n<table width=\"292\">\n<tbody>\n<tr>\n<td width=\"153\">Mat\u00e9riel<\/td>\n<td width=\"139\">TPE<\/td>\n<\/tr>\n<tr>\n<td>Hauteur<\/td>\n<td>158cm<\/td>\n<\/tr>\n<tr>\n<td>Bousiller<\/td>\n<td>87cm<\/td>\n<\/tr>\n<tr>\n<td>Taille<\/td>\n<td>60cm<\/td>\n<\/tr>\n<tr>\n<td>Hanche<\/td>\n<td>99cm<\/td>\n<\/tr>\n<tr>\n<td>Longueur de bras<\/td>\n<td>63cm<\/td>\n<\/tr>\n<tr>\n<td>Pied<\/td>\n<td>22cm<\/td>\n<\/tr>\n<tr>\n<td>Poids net<\/td>\n<td>41kg<\/td>\n<\/tr>\n<tr>\n<td>Profondeur orale<\/td>\n<td>13cm<\/td>\n<\/tr>\n<tr>\n<td>Profondeur du vagin<\/td>\n<td>18cm<\/td>\n<\/tr>\n<tr>\n<td>Profondeur anale<\/td>\n<td>16cm<\/td>\n<\/tr>\n<\/tbody>\n<\/table>\n<h4>\u00c0 propos de la poup\u00e9e sexuelle<\/h4>\n<p>pr\u00e9sentant notre fougueuse petite poup\u00e9e de collection Dracula, parfaite pour les utilisateurs les plus fantaisistes. Cette beaut\u00e9 sexy et \u00e9nerv\u00e9e a toutes les meilleures caract\u00e9ristiques d&#039;une poup\u00e9e aux yeux ferm\u00e9s. Ainsi, ajoutant un niveau de profondeur aux looks r\u00e9alistes d\u00e9j\u00e0 bien d\u00e9taill\u00e9s. En plus, \u00e0 une si belle apparence. Cette poup\u00e9e de vache russe est enti\u00e8rement charg\u00e9e avec tous les d\u00e9tails r\u00e9alistes qui en font un ensemble si attrayant. En effet, cette poup\u00e9e Street Fighter est bien \u00e9quip\u00e9e avec une gamme de fonctionnalit\u00e9s int\u00e9ressantes et de parties du corps fonctionnelles. Ainsi, offrant une rencontre sexuelle tr\u00e8s r\u00e9aliste \u00e0 chaque utilisation.<\/p>\n<p>De plus, cette poup\u00e9e sexuelle f\u00e9minine est con\u00e7ue pour durer. Gr\u00e2ce aux mat\u00e9riaux tpe de poup\u00e9es en \u00e9b\u00e8ne de haute qualit\u00e9 utilis\u00e9s dans le processus de fabrication. Ainsi, avec cette poup\u00e9e d&#039;amour chaleureuse, vous profitez d&#039;un design bien d\u00e9taill\u00e9 et r\u00e9aliste. Cela donne \u00e0 cette poup\u00e9e dimitresu de dame noire une ambiance totalement immersive. Ainsi, cette poup\u00e9e sexuelle Mackenzie est parfaite pour vos app\u00e9tits sexuels uniques.<\/p>\n<p>De plus, notre gamme de poup\u00e9es sexuelles sexy ne laisse aucun d\u00e9tail sans surveillance. Cela signifie que de la petite innocente au joli visage au corps f\u00e9minin sexy. Vous ne profiterez pas seulement d&#039;un spectacle visuellement attrayant, gr\u00e2ce aux d\u00e9tails r\u00e9alistes. Vous appr\u00e9cierez \u00e9galement une texture enti\u00e8rement fonctionnelle et semblable \u00e0 de la chair.<\/p>","protected":false},"excerpt":{"rendered":"<p>Images de poup\u00e9es sexuelles Tableaux des tailles Mat\u00e9riel TPE Hauteur 158 cm Buste 87 cm Taille 60 cm Hanche 99 cm Longueur des bras 63 cm Pied 22 cm<\/p>","protected":false},"featured_media":36530,"comment_status":"open","ping_status":"closed","template":"","meta":[],"product_brand":[],"product_cat":[103,112,231,116,115,118,119],"product_tag":[],"class_list":{"0":"post-36503","1":"product","2":"type-product","3":"status-publish","4":"has-post-thumbnail","6":"product_cat-2b-sex-doll","7":"product_cat-150cm-159cm-sex-dolls","8":"product_cat-41kg-45kg","9":"product_cat-big-boobs-sex-doll","10":"product_cat-big-booty-sex-doll","11":"product_cat-ebony-sex-doll","12":"product_cat-tpe-sex-doll","13":"pa_brand-aibei-doll","14":"tm-has-options","16":"first","17":"instock","18":"sale","19":"shipping-taxable","20":"purchasable","21":"product-type-simple"},"_links":{"self":[{"href":"https:\/\/zxdoll.com\/fr\/wp-json\/wp\/v2\/product\/36503","targetHints":{"allow":["GET"]}}],"collection":[{"href":"https:\/\/zxdoll.com\/fr\/wp-json\/wp\/v2\/product"}],"about":[{"href":"https:\/\/zxdoll.com\/fr\/wp-json\/wp\/v2\/types\/product"}],"replies":[{"embeddable":true,"href":"https:\/\/zxdoll.com\/fr\/wp-json\/wp\/v2\/comments?post=36503"}],"version-history":[{"count":4,"href":"https:\/\/zxdoll.com\/fr\/wp-json\/wp\/v2\/product\/36503\/revisions"}],"predecessor-version":[{"id":186697,"href":"https:\/\/zxdoll.com\/fr\/wp-json\/wp\/v2\/product\/36503\/revisions\/186697"}],"wp:featuredmedia":[{"embeddable":true,"href":"https:\/\/zxdoll.com\/fr\/wp-json\/wp\/v2\/media\/36530"}],"wp:attachment":[{"href":"https:\/\/zxdoll.com\/fr\/wp-json\/wp\/v2\/media?parent=36503"}],"wp:term":[{"taxonomy":"product_brand","embeddable":true,"href":"https:\/\/zxdoll.com\/fr\/wp-json\/wp\/v2\/product_brand?post=36503"},{"taxonomy":"product_cat","embeddable":true,"href":"https:\/\/zxdoll.com\/fr\/wp-json\/wp\/v2\/product_cat?post=36503"},{"taxonomy":"product_tag","embeddable":true,"href":"https:\/\/zxdoll.com\/fr\/wp-json\/wp\/v2\/product_tag?post=36503"}],"curies":[{"name":"wp","href":"https:\/\/api.w.org\/{rel}","templated":true}]}}