{"id":28170,"date":"2023-04-01T05:07:51","date_gmt":"2023-03-31T21:07:51","guid":{"rendered":"https:\/\/zxdoll.com\/?post_type=product&#038;p=28170"},"modified":"2025-09-11T00:33:48","modified_gmt":"2025-09-10T16:33:48","slug":"gorgeous-lifelike-petite-realistic-fuck-doll","status":"publish","type":"product","link":"https:\/\/zxdoll.com\/fr\/product\/gorgeous-lifelike-petite-realistic-fuck-doll\/","title":{"rendered":"Superbe Petite Poup\u00e9e Baise R\u00e9aliste Micha 150cm"},"content":{"rendered":"<h4><strong>Images de poup\u00e9e de sexe<\/strong><\/h4>\n\t                <ul class=\"easy-image-gallery thumbnails-26 linked\">\r\n                    <li><a data-fancybox=\"gallery515\" href=\"https:\/\/zxdoll.com\/wp-content\/uploads\/2023\/04\/premium-dolls-s2xei1-533x800.jpg\" class=\"eig-popup\" title=\"\" data-caption=\"\" target=\"_blank\"><i class=\"icon-view\"><\/i><span class=\"overlay\"><\/span><img decoding=\"async\" width=\"150\" height=\"150\" src=\"https:\/\/zxdoll.com\/wp-content\/uploads\/2023\/04\/premium-dolls-s2xei1-150x150.jpg\" class=\"attachment-thumbnail size-thumbnail\" alt=\"\" title=\"\"><\/a><\/li><li><a data-fancybox=\"gallery515\" href=\"https:\/\/zxdoll.com\/wp-content\/uploads\/2023\/04\/premium-dolls-s2xei3-533x800.jpg\" class=\"eig-popup\" title=\"\" data-caption=\"\" target=\"_blank\"><i class=\"icon-view\"><\/i><span class=\"overlay\"><\/span><img decoding=\"async\" width=\"150\" height=\"150\" src=\"https:\/\/zxdoll.com\/wp-content\/uploads\/2023\/04\/premium-dolls-s2xei3-150x150.jpg\" class=\"attachment-thumbnail size-thumbnail\" alt=\"\" title=\"\"><\/a><\/li><li><a data-fancybox=\"gallery515\" href=\"https:\/\/zxdoll.com\/wp-content\/uploads\/2023\/04\/premium-dolls-s2xei4-533x800.jpg\" class=\"eig-popup\" title=\"\" data-caption=\"\" target=\"_blank\"><i class=\"icon-view\"><\/i><span class=\"overlay\"><\/span><img decoding=\"async\" width=\"150\" height=\"150\" src=\"https:\/\/zxdoll.com\/wp-content\/uploads\/2023\/04\/premium-dolls-s2xei4-150x150.jpg\" class=\"attachment-thumbnail size-thumbnail\" alt=\"\" title=\"\"><\/a><\/li><li><a data-fancybox=\"gallery515\" href=\"https:\/\/zxdoll.com\/wp-content\/uploads\/2023\/04\/premium-dolls-s2xei9-533x800.jpg\" class=\"eig-popup\" title=\"\" data-caption=\"\" target=\"_blank\"><i class=\"icon-view\"><\/i><span class=\"overlay\"><\/span><img loading=\"lazy\" decoding=\"async\" width=\"150\" height=\"150\" src=\"https:\/\/zxdoll.com\/wp-content\/uploads\/2023\/04\/premium-dolls-s2xei9-150x150.jpg\" class=\"attachment-thumbnail size-thumbnail\" alt=\"\" title=\"\"><\/a><\/li><li><a data-fancybox=\"gallery515\" href=\"https:\/\/zxdoll.com\/wp-content\/uploads\/2023\/04\/premium-dolls-s2xei11-533x800.jpg\" class=\"eig-popup\" title=\"\" data-caption=\"\" target=\"_blank\"><i class=\"icon-view\"><\/i><span class=\"overlay\"><\/span><img loading=\"lazy\" decoding=\"async\" width=\"150\" height=\"150\" src=\"https:\/\/zxdoll.com\/wp-content\/uploads\/2023\/04\/premium-dolls-s2xei11-150x150.jpg\" class=\"attachment-thumbnail size-thumbnail\" alt=\"\" title=\"\"><\/a><\/li><li><a data-fancybox=\"gallery515\" href=\"https:\/\/zxdoll.com\/wp-content\/uploads\/2023\/04\/premium-dolls-s2xei12-533x800.jpg\" class=\"eig-popup\" title=\"\" data-caption=\"\" target=\"_blank\"><i class=\"icon-view\"><\/i><span class=\"overlay\"><\/span><img loading=\"lazy\" decoding=\"async\" width=\"150\" height=\"150\" src=\"https:\/\/zxdoll.com\/wp-content\/uploads\/2023\/04\/premium-dolls-s2xei12-150x150.jpg\" class=\"attachment-thumbnail size-thumbnail\" alt=\"\" title=\"\"><\/a><\/li><li><a data-fancybox=\"gallery515\" href=\"https:\/\/zxdoll.com\/wp-content\/uploads\/2023\/04\/premium-dolls-s2xei15-533x800.jpg\" class=\"eig-popup\" title=\"\" data-caption=\"\" target=\"_blank\"><i class=\"icon-view\"><\/i><span class=\"overlay\"><\/span><img loading=\"lazy\" decoding=\"async\" width=\"150\" height=\"150\" src=\"https:\/\/zxdoll.com\/wp-content\/uploads\/2023\/04\/premium-dolls-s2xei15-150x150.jpg\" class=\"attachment-thumbnail size-thumbnail\" alt=\"\" title=\"\"><\/a><\/li><li><a data-fancybox=\"gallery515\" href=\"https:\/\/zxdoll.com\/wp-content\/uploads\/2023\/04\/premium-dolls-s2xei16.jpg\" class=\"eig-popup\" title=\"\" data-caption=\"\" target=\"_blank\"><i class=\"icon-view\"><\/i><span class=\"overlay\"><\/span><img loading=\"lazy\" decoding=\"async\" width=\"150\" height=\"150\" src=\"https:\/\/zxdoll.com\/wp-content\/uploads\/2023\/04\/premium-dolls-s2xei16-150x150.jpg\" class=\"attachment-thumbnail size-thumbnail\" alt=\"\" title=\"\"><\/a><\/li><li><a data-fancybox=\"gallery515\" href=\"https:\/\/zxdoll.com\/wp-content\/uploads\/2023\/04\/premium-dolls-s2xei20-533x800.jpg\" class=\"eig-popup\" title=\"\" data-caption=\"\" target=\"_blank\"><i class=\"icon-view\"><\/i><span class=\"overlay\"><\/span><img loading=\"lazy\" decoding=\"async\" width=\"150\" height=\"150\" src=\"https:\/\/zxdoll.com\/wp-content\/uploads\/2023\/04\/premium-dolls-s2xei20-150x150.jpg\" class=\"attachment-thumbnail size-thumbnail\" alt=\"\" title=\"\"><\/a><\/li><li><a data-fancybox=\"gallery515\" href=\"https:\/\/zxdoll.com\/wp-content\/uploads\/2023\/04\/premium-dolls-s2xei21-533x800.jpg\" class=\"eig-popup\" title=\"\" data-caption=\"\" target=\"_blank\"><i class=\"icon-view\"><\/i><span class=\"overlay\"><\/span><img loading=\"lazy\" decoding=\"async\" width=\"150\" height=\"150\" src=\"https:\/\/zxdoll.com\/wp-content\/uploads\/2023\/04\/premium-dolls-s2xei21-150x150.jpg\" class=\"attachment-thumbnail size-thumbnail\" alt=\"\" title=\"\"><\/a><\/li><li><a data-fancybox=\"gallery515\" href=\"https:\/\/zxdoll.com\/wp-content\/uploads\/2023\/04\/premium-dolls-s2xei22-533x800.jpg\" class=\"eig-popup\" title=\"\" data-caption=\"\" target=\"_blank\"><i class=\"icon-view\"><\/i><span class=\"overlay\"><\/span><img loading=\"lazy\" decoding=\"async\" width=\"150\" height=\"150\" src=\"https:\/\/zxdoll.com\/wp-content\/uploads\/2023\/04\/premium-dolls-s2xei22-150x150.jpg\" class=\"attachment-thumbnail size-thumbnail\" alt=\"\" title=\"\"><\/a><\/li><li><a data-fancybox=\"gallery515\" href=\"https:\/\/zxdoll.com\/wp-content\/uploads\/2023\/04\/premium-dolls-s2xei24.jpg\" class=\"eig-popup\" title=\"\" data-caption=\"\" target=\"_blank\"><i class=\"icon-view\"><\/i><span class=\"overlay\"><\/span><img loading=\"lazy\" decoding=\"async\" width=\"150\" height=\"150\" src=\"https:\/\/zxdoll.com\/wp-content\/uploads\/2023\/04\/premium-dolls-s2xei24-150x150.jpg\" class=\"attachment-thumbnail size-thumbnail\" alt=\"\" title=\"\"><\/a><\/li><li><a data-fancybox=\"gallery515\" href=\"https:\/\/zxdoll.com\/wp-content\/uploads\/2023\/04\/premium-dolls-s2xei25-533x800.jpg\" class=\"eig-popup\" title=\"\" data-caption=\"\" target=\"_blank\"><i class=\"icon-view\"><\/i><span class=\"overlay\"><\/span><img loading=\"lazy\" decoding=\"async\" width=\"150\" height=\"150\" src=\"https:\/\/zxdoll.com\/wp-content\/uploads\/2023\/04\/premium-dolls-s2xei25-150x150.jpg\" class=\"attachment-thumbnail size-thumbnail\" alt=\"\" title=\"\"><\/a><\/li><li><a data-fancybox=\"gallery515\" href=\"https:\/\/zxdoll.com\/wp-content\/uploads\/2023\/04\/premium-dolls-s2xei26.jpg\" class=\"eig-popup\" title=\"\" data-caption=\"\" target=\"_blank\"><i class=\"icon-view\"><\/i><span class=\"overlay\"><\/span><img loading=\"lazy\" decoding=\"async\" width=\"100\" height=\"150\" src=\"https:\/\/zxdoll.com\/wp-content\/uploads\/2023\/04\/premium-dolls-s2xei26.jpg\" class=\"attachment-thumbnail size-thumbnail\" alt=\"\" title=\"\"><\/a><\/li><li><a data-fancybox=\"gallery515\" href=\"https:\/\/zxdoll.com\/wp-content\/uploads\/2023\/04\/premium-dolls-s2xei27-533x800.jpg\" class=\"eig-popup\" title=\"\" data-caption=\"\" target=\"_blank\"><i class=\"icon-view\"><\/i><span class=\"overlay\"><\/span><img loading=\"lazy\" decoding=\"async\" width=\"150\" height=\"150\" src=\"https:\/\/zxdoll.com\/wp-content\/uploads\/2023\/04\/premium-dolls-s2xei27-150x150.jpg\" class=\"attachment-thumbnail size-thumbnail\" alt=\"\" title=\"\"><\/a><\/li><li><a data-fancybox=\"gallery515\" href=\"https:\/\/zxdoll.com\/wp-content\/uploads\/2023\/04\/premium-dolls-s2xei28.jpg\" class=\"eig-popup\" title=\"\" data-caption=\"\" target=\"_blank\"><i class=\"icon-view\"><\/i><span class=\"overlay\"><\/span><img loading=\"lazy\" decoding=\"async\" width=\"150\" height=\"150\" src=\"https:\/\/zxdoll.com\/wp-content\/uploads\/2023\/04\/premium-dolls-s2xei28-150x150.jpg\" class=\"attachment-thumbnail size-thumbnail\" alt=\"\" title=\"\"><\/a><\/li><li><a data-fancybox=\"gallery515\" href=\"https:\/\/zxdoll.com\/wp-content\/uploads\/2023\/04\/premium-dolls-s2xei30.jpg\" class=\"eig-popup\" title=\"\" data-caption=\"\" target=\"_blank\"><i class=\"icon-view\"><\/i><span class=\"overlay\"><\/span><img loading=\"lazy\" decoding=\"async\" width=\"150\" height=\"150\" src=\"https:\/\/zxdoll.com\/wp-content\/uploads\/2023\/04\/premium-dolls-s2xei30-150x150.jpg\" class=\"attachment-thumbnail size-thumbnail\" alt=\"\" title=\"\"><\/a><\/li><li><a data-fancybox=\"gallery515\" href=\"https:\/\/zxdoll.com\/wp-content\/uploads\/2023\/04\/premium-dolls-s2xei31-533x800.jpg\" class=\"eig-popup\" title=\"\" data-caption=\"\" target=\"_blank\"><i class=\"icon-view\"><\/i><span class=\"overlay\"><\/span><img loading=\"lazy\" decoding=\"async\" width=\"150\" height=\"150\" src=\"https:\/\/zxdoll.com\/wp-content\/uploads\/2023\/04\/premium-dolls-s2xei31-150x150.jpg\" class=\"attachment-thumbnail size-thumbnail\" alt=\"\" title=\"\"><\/a><\/li><li><a data-fancybox=\"gallery515\" href=\"https:\/\/zxdoll.com\/wp-content\/uploads\/2023\/04\/premium-dolls-s2xei33-533x800.jpg\" class=\"eig-popup\" title=\"\" data-caption=\"\" target=\"_blank\"><i class=\"icon-view\"><\/i><span class=\"overlay\"><\/span><img loading=\"lazy\" decoding=\"async\" width=\"150\" height=\"150\" src=\"https:\/\/zxdoll.com\/wp-content\/uploads\/2023\/04\/premium-dolls-s2xei33-150x150.jpg\" class=\"attachment-thumbnail size-thumbnail\" alt=\"\" title=\"\"><\/a><\/li><li><a data-fancybox=\"gallery515\" href=\"https:\/\/zxdoll.com\/wp-content\/uploads\/2023\/04\/premium-dolls-s2xei34-533x800.jpg\" class=\"eig-popup\" title=\"\" data-caption=\"\" target=\"_blank\"><i class=\"icon-view\"><\/i><span class=\"overlay\"><\/span><img loading=\"lazy\" decoding=\"async\" width=\"150\" height=\"150\" src=\"https:\/\/zxdoll.com\/wp-content\/uploads\/2023\/04\/premium-dolls-s2xei34-150x150.jpg\" class=\"attachment-thumbnail size-thumbnail\" alt=\"\" title=\"\"><\/a><\/li><li><a data-fancybox=\"gallery515\" href=\"https:\/\/zxdoll.com\/wp-content\/uploads\/2023\/04\/premium-dolls-s2xei35.jpg\" class=\"eig-popup\" title=\"\" data-caption=\"\" target=\"_blank\"><i class=\"icon-view\"><\/i><span class=\"overlay\"><\/span><img loading=\"lazy\" decoding=\"async\" width=\"150\" height=\"150\" src=\"https:\/\/zxdoll.com\/wp-content\/uploads\/2023\/04\/premium-dolls-s2xei35-150x150.jpg\" class=\"attachment-thumbnail size-thumbnail\" alt=\"\" title=\"\"><\/a><\/li><li><a data-fancybox=\"gallery515\" href=\"https:\/\/zxdoll.com\/wp-content\/uploads\/2023\/04\/premium-dolls-s2xei37.jpg\" class=\"eig-popup\" title=\"\" data-caption=\"\" target=\"_blank\"><i class=\"icon-view\"><\/i><span class=\"overlay\"><\/span><img loading=\"lazy\" decoding=\"async\" width=\"150\" height=\"150\" src=\"https:\/\/zxdoll.com\/wp-content\/uploads\/2023\/04\/premium-dolls-s2xei37-150x150.jpg\" class=\"attachment-thumbnail size-thumbnail\" alt=\"\" title=\"\"><\/a><\/li><li><a data-fancybox=\"gallery515\" href=\"https:\/\/zxdoll.com\/wp-content\/uploads\/2023\/04\/premium-dolls-s2xei39-533x800.jpg\" class=\"eig-popup\" title=\"\" data-caption=\"\" target=\"_blank\"><i class=\"icon-view\"><\/i><span class=\"overlay\"><\/span><img loading=\"lazy\" decoding=\"async\" width=\"150\" height=\"150\" src=\"https:\/\/zxdoll.com\/wp-content\/uploads\/2023\/04\/premium-dolls-s2xei39-150x150.jpg\" class=\"attachment-thumbnail size-thumbnail\" alt=\"\" title=\"\"><\/a><\/li><li><a data-fancybox=\"gallery515\" href=\"https:\/\/zxdoll.com\/wp-content\/uploads\/2023\/04\/premium-dolls-s2xei40.jpg\" class=\"eig-popup\" title=\"\" data-caption=\"\" target=\"_blank\"><i class=\"icon-view\"><\/i><span class=\"overlay\"><\/span><img loading=\"lazy\" decoding=\"async\" width=\"150\" height=\"150\" src=\"https:\/\/zxdoll.com\/wp-content\/uploads\/2023\/04\/premium-dolls-s2xei40-150x150.jpg\" class=\"attachment-thumbnail size-thumbnail\" alt=\"\" title=\"\"><\/a><\/li><li><a data-fancybox=\"gallery515\" href=\"https:\/\/zxdoll.com\/wp-content\/uploads\/2023\/04\/premium-dolls-s2xei41.jpg\" class=\"eig-popup\" title=\"\" data-caption=\"\" target=\"_blank\"><i class=\"icon-view\"><\/i><span class=\"overlay\"><\/span><img loading=\"lazy\" decoding=\"async\" width=\"150\" height=\"150\" src=\"https:\/\/zxdoll.com\/wp-content\/uploads\/2023\/04\/premium-dolls-s2xei41-150x150.jpg\" class=\"attachment-thumbnail size-thumbnail\" alt=\"\" title=\"\"><\/a><\/li><li><a data-fancybox=\"gallery515\" href=\"https:\/\/zxdoll.com\/wp-content\/uploads\/2023\/04\/premium-dolls-s2xei42-533x800.jpg\" class=\"eig-popup\" title=\"\" data-caption=\"\" target=\"_blank\"><i class=\"icon-view\"><\/i><span class=\"overlay\"><\/span><img loading=\"lazy\" decoding=\"async\" width=\"150\" height=\"150\" src=\"https:\/\/zxdoll.com\/wp-content\/uploads\/2023\/04\/premium-dolls-s2xei42-150x150.jpg\" class=\"attachment-thumbnail size-thumbnail\" alt=\"\" title=\"\"><\/a><\/li><\/ul>\n<h4>Tableaux des tailles<\/h4>\n<table width=\"286\">\n<tbody>\n<tr>\n<td width=\"147\">Mat\u00e9riel<\/td>\n<td width=\"139\">TPE<\/td>\n<\/tr>\n<tr>\n<td>Hauteur<\/td>\n<td>150cm<\/td>\n<\/tr>\n<tr>\n<td>Sein<\/td>\n<td>70cm<\/td>\n<\/tr>\n<tr>\n<td>Taille<\/td>\n<td>53cm<\/td>\n<\/tr>\n<tr>\n<td>Hanches<\/td>\n<td>85,5 cm<\/td>\n<\/tr>\n<tr>\n<td>Longueur de bras<\/td>\n<td>56cm<\/td>\n<\/tr>\n<tr>\n<td>Largeur d&#039;\u00e9paule<\/td>\n<td>34cm<\/td>\n<\/tr>\n<tr>\n<td>Circum de mollet<\/td>\n<td>28cm<\/td>\n<\/tr>\n<tr>\n<td>Tour de cuisse<\/td>\n<td>56cm<\/td>\n<\/tr>\n<tr>\n<td>Longueur de jambe<\/td>\n<td>78cm<\/td>\n<\/tr>\n<tr>\n<td>Longueur du pied<\/td>\n<td>21,5 cm<\/td>\n<\/tr>\n<tr>\n<td>Poids net<\/td>\n<td>27 kg<\/td>\n<\/tr>\n<tr>\n<td>Profondeur orale<\/td>\n<td>12cm<\/td>\n<\/tr>\n<tr>\n<td>Profondeur du vagin<\/td>\n<td>18cm<\/td>\n<\/tr>\n<tr>\n<td>Profondeur anale<\/td>\n<td>16cm<\/td>\n<\/tr>\n<\/tbody>\n<\/table>\n<h4>\u00c0 propos de la poup\u00e9e sexuelle<\/h4>\n<p>Cette petite poup\u00e9e sexuelle est l&#039;une des meilleures poup\u00e9es sexuelles r\u00e9alistes que vous puissiez trouver sur le march\u00e9. Gr\u00e2ce \u00e0 une combinaison d&#039;esth\u00e9tique visuelle et de textures r\u00e9alistes, vous profitez d&#039;une rencontre sexuelle pleinement satisfaisante avec ce jouet sexuel pour poup\u00e9e gonflable. Par cons\u00e9quent, si vous aimez le vrai sexe avec une poup\u00e9e, alors le sexe avec une poup\u00e9e sexuelle r\u00e9aliste est parfait pour vous.<\/p>\n<p>De plus, comme les poup\u00e9es sexuelles r\u00e9alistes de la meilleure qualit\u00e9, cette magnifique poup\u00e9e sexuelle r\u00e9aliste a \u00e9t\u00e9 con\u00e7ue pour durer pendant les s\u00e9ances de baise de poup\u00e9e sexuelle les plus aventureuses. Par cons\u00e9quent, cette poup\u00e9e d&#039;amour r\u00e9aliste est l&#039;une des vraies poup\u00e9es f\u00e9minines de la meilleure qualit\u00e9 que vous trouverez dans un magasin de poup\u00e9es sexuelles. Gr\u00e2ce \u00e0 une combinaison de beaut\u00e9 et de textures r\u00e9alistes, cette poup\u00e9e de baise r\u00e9aliste est l&#039;une des poup\u00e9es sexuelles r\u00e9alistes de la meilleure qualit\u00e9 et de la meilleure valeur que vous trouverez sur le march\u00e9.<\/p>\n<p>De plus, gr\u00e2ce \u00e0 une combinaison bien m\u00e9lang\u00e9e de mat\u00e9riaux de haute qualit\u00e9, gr\u00e2ce \u00e0 un processus bien d\u00e9taill\u00e9, cette magnifique poup\u00e9e sexuelle r\u00e9aliste offre un aspect et une sensation tr\u00e8s r\u00e9alistes dans toutes les parties du corps. Ainsi, vous pouvez pleinement profiter d&#039;une s\u00e9ance tr\u00e8s stimulante visuellement et tactilement. C&#039;est parce que chaque partie du corps de cette vraie poup\u00e9e a \u00e9t\u00e9 con\u00e7ue pour se sentir aussi bien qu&#039;elle en a l&#039;air.<\/p>","protected":false},"excerpt":{"rendered":"<p>Images de poup\u00e9es sexuelles Tableaux des tailles Mat\u00e9riel TPE Hauteur 150cm Poitrine 70cm Taille 53cm Hanches 85.5cm Longueur des bras 56cm Largeur des \u00e9paules<\/p>","protected":false},"featured_media":28185,"comment_status":"open","ping_status":"closed","template":"","meta":[],"product_brand":[],"product_cat":[97,112,228,118,107,117,119],"product_tag":[],"class_list":{"0":"post-28170","1":"product","2":"type-product","3":"status-publish","4":"has-post-thumbnail","6":"product_cat-real-life-sex-dolls","7":"product_cat-150cm-159cm-sex-dolls","8":"product_cat-26kg-30kg","9":"product_cat-ebony-sex-doll","10":"product_cat-skinny-sex-dolls","11":"product_cat-small-breast-sex-doll","12":"product_cat-tpe-sex-doll","13":"pa_brand-irontech-doll","14":"tm-has-options","16":"first","17":"instock","18":"sale","19":"shipping-taxable","20":"purchasable","21":"product-type-simple"},"_links":{"self":[{"href":"https:\/\/zxdoll.com\/fr\/wp-json\/wp\/v2\/product\/28170","targetHints":{"allow":["GET"]}}],"collection":[{"href":"https:\/\/zxdoll.com\/fr\/wp-json\/wp\/v2\/product"}],"about":[{"href":"https:\/\/zxdoll.com\/fr\/wp-json\/wp\/v2\/types\/product"}],"replies":[{"embeddable":true,"href":"https:\/\/zxdoll.com\/fr\/wp-json\/wp\/v2\/comments?post=28170"}],"version-history":[{"count":1,"href":"https:\/\/zxdoll.com\/fr\/wp-json\/wp\/v2\/product\/28170\/revisions"}],"predecessor-version":[{"id":100813,"href":"https:\/\/zxdoll.com\/fr\/wp-json\/wp\/v2\/product\/28170\/revisions\/100813"}],"wp:featuredmedia":[{"embeddable":true,"href":"https:\/\/zxdoll.com\/fr\/wp-json\/wp\/v2\/media\/28185"}],"wp:attachment":[{"href":"https:\/\/zxdoll.com\/fr\/wp-json\/wp\/v2\/media?parent=28170"}],"wp:term":[{"taxonomy":"product_brand","embeddable":true,"href":"https:\/\/zxdoll.com\/fr\/wp-json\/wp\/v2\/product_brand?post=28170"},{"taxonomy":"product_cat","embeddable":true,"href":"https:\/\/zxdoll.com\/fr\/wp-json\/wp\/v2\/product_cat?post=28170"},{"taxonomy":"product_tag","embeddable":true,"href":"https:\/\/zxdoll.com\/fr\/wp-json\/wp\/v2\/product_tag?post=28170"}],"curies":[{"name":"wp","href":"https:\/\/api.w.org\/{rel}","templated":true}]}}