{"id":27673,"date":"2023-04-01T00:42:01","date_gmt":"2023-03-31T16:42:01","guid":{"rendered":"https:\/\/zxdoll.com\/?post_type=product&#038;p=27673"},"modified":"2025-09-16T03:20:18","modified_gmt":"2025-09-15T19:20:18","slug":"cheap-affordable-celebrity-face-sex-doll","status":"publish","type":"product","link":"https:\/\/zxdoll.com\/fr\/product\/cheap-affordable-celebrity-face-sex-doll\/","title":{"rendered":"Poup\u00e9e Sexuelle Visage de C\u00e9l\u00e9brit\u00e9 Abordable Pas Cher Mimi 170cm"},"content":{"rendered":"<h4><strong>Images de poup\u00e9e de sexe<\/strong><\/h4>\n\t                <ul class=\"easy-image-gallery thumbnails-18 linked\">\r\n                    <li><a data-fancybox=\"gallery271\" href=\"https:\/\/zxdoll.com\/wp-content\/uploads\/2023\/04\/sex-doll-for-men-q9ut1-533x800.jpg\" class=\"eig-popup\" title=\"\" data-caption=\"\" target=\"_blank\"><i class=\"icon-view\"><\/i><span class=\"overlay\"><\/span><img decoding=\"async\" width=\"150\" height=\"150\" src=\"https:\/\/zxdoll.com\/wp-content\/uploads\/2023\/04\/sex-doll-for-men-q9ut1-150x150.jpg\" class=\"attachment-thumbnail size-thumbnail\" alt=\"\" title=\"\"><\/a><\/li><li><a data-fancybox=\"gallery271\" href=\"https:\/\/zxdoll.com\/wp-content\/uploads\/2023\/04\/sex-doll-for-men-q9ut3-533x800.jpg\" class=\"eig-popup\" title=\"\" data-caption=\"\" target=\"_blank\"><i class=\"icon-view\"><\/i><span class=\"overlay\"><\/span><img decoding=\"async\" width=\"150\" height=\"150\" src=\"https:\/\/zxdoll.com\/wp-content\/uploads\/2023\/04\/sex-doll-for-men-q9ut3-150x150.jpg\" class=\"attachment-thumbnail size-thumbnail\" alt=\"\" title=\"\"><\/a><\/li><li><a data-fancybox=\"gallery271\" href=\"https:\/\/zxdoll.com\/wp-content\/uploads\/2023\/04\/sex-doll-for-men-q9ut4-800x800.jpg\" class=\"eig-popup\" title=\"\" data-caption=\"\" target=\"_blank\"><i class=\"icon-view\"><\/i><span class=\"overlay\"><\/span><img decoding=\"async\" width=\"150\" height=\"150\" src=\"https:\/\/zxdoll.com\/wp-content\/uploads\/2023\/04\/sex-doll-for-men-q9ut4-150x150.jpg\" class=\"attachment-thumbnail size-thumbnail\" alt=\"\" srcset=\"https:\/\/zxdoll.com\/wp-content\/uploads\/2023\/04\/sex-doll-for-men-q9ut4-150x150.jpg 150w, https:\/\/zxdoll.com\/wp-content\/uploads\/2023\/04\/sex-doll-for-men-q9ut4-300x300.jpg 300w, https:\/\/zxdoll.com\/wp-content\/uploads\/2023\/04\/sex-doll-for-men-q9ut4-800x800.jpg 800w, https:\/\/zxdoll.com\/wp-content\/uploads\/2023\/04\/sex-doll-for-men-q9ut4-768x768.jpg 768w, https:\/\/zxdoll.com\/wp-content\/uploads\/2023\/04\/sex-doll-for-men-q9ut4-12x12.jpg 12w, https:\/\/zxdoll.com\/wp-content\/uploads\/2023\/04\/sex-doll-for-men-q9ut4-860x860.jpg 860w, https:\/\/zxdoll.com\/wp-content\/uploads\/2023\/04\/sex-doll-for-men-q9ut4-430x430.jpg 430w, https:\/\/zxdoll.com\/wp-content\/uploads\/2023\/04\/sex-doll-for-men-q9ut4-700x700.jpg 700w, https:\/\/zxdoll.com\/wp-content\/uploads\/2023\/04\/sex-doll-for-men-q9ut4.jpg 1001w\" sizes=\"(max-width: 150px) 100vw, 150px\" title=\"\"><\/a><\/li><li><a data-fancybox=\"gallery271\" href=\"https:\/\/zxdoll.com\/wp-content\/uploads\/2023\/04\/sex-doll-for-men-q9ut5-800x800.jpg\" class=\"eig-popup\" title=\"\" data-caption=\"\" target=\"_blank\"><i class=\"icon-view\"><\/i><span class=\"overlay\"><\/span><img loading=\"lazy\" decoding=\"async\" width=\"150\" height=\"150\" src=\"https:\/\/zxdoll.com\/wp-content\/uploads\/2023\/04\/sex-doll-for-men-q9ut5-150x150.jpg\" class=\"attachment-thumbnail size-thumbnail\" alt=\"\" srcset=\"https:\/\/zxdoll.com\/wp-content\/uploads\/2023\/04\/sex-doll-for-men-q9ut5-150x150.jpg 150w, https:\/\/zxdoll.com\/wp-content\/uploads\/2023\/04\/sex-doll-for-men-q9ut5-300x300.jpg 300w, https:\/\/zxdoll.com\/wp-content\/uploads\/2023\/04\/sex-doll-for-men-q9ut5-800x800.jpg 800w, https:\/\/zxdoll.com\/wp-content\/uploads\/2023\/04\/sex-doll-for-men-q9ut5-768x768.jpg 768w, https:\/\/zxdoll.com\/wp-content\/uploads\/2023\/04\/sex-doll-for-men-q9ut5-12x12.jpg 12w, https:\/\/zxdoll.com\/wp-content\/uploads\/2023\/04\/sex-doll-for-men-q9ut5-860x860.jpg 860w, https:\/\/zxdoll.com\/wp-content\/uploads\/2023\/04\/sex-doll-for-men-q9ut5-430x430.jpg 430w, https:\/\/zxdoll.com\/wp-content\/uploads\/2023\/04\/sex-doll-for-men-q9ut5-700x700.jpg 700w, https:\/\/zxdoll.com\/wp-content\/uploads\/2023\/04\/sex-doll-for-men-q9ut5.jpg 1001w\" sizes=\"(max-width: 150px) 100vw, 150px\" title=\"\"><\/a><\/li><li><a data-fancybox=\"gallery271\" href=\"https:\/\/zxdoll.com\/wp-content\/uploads\/2023\/04\/sex-doll-for-men-q9ut6-800x800.jpg\" class=\"eig-popup\" title=\"\" data-caption=\"\" target=\"_blank\"><i class=\"icon-view\"><\/i><span class=\"overlay\"><\/span><img loading=\"lazy\" decoding=\"async\" width=\"150\" height=\"150\" src=\"https:\/\/zxdoll.com\/wp-content\/uploads\/2023\/04\/sex-doll-for-men-q9ut6-150x150.jpg\" class=\"attachment-thumbnail size-thumbnail\" alt=\"\" srcset=\"https:\/\/zxdoll.com\/wp-content\/uploads\/2023\/04\/sex-doll-for-men-q9ut6-150x150.jpg 150w, https:\/\/zxdoll.com\/wp-content\/uploads\/2023\/04\/sex-doll-for-men-q9ut6-300x300.jpg 300w, https:\/\/zxdoll.com\/wp-content\/uploads\/2023\/04\/sex-doll-for-men-q9ut6-800x800.jpg 800w, https:\/\/zxdoll.com\/wp-content\/uploads\/2023\/04\/sex-doll-for-men-q9ut6-768x768.jpg 768w, https:\/\/zxdoll.com\/wp-content\/uploads\/2023\/04\/sex-doll-for-men-q9ut6-12x12.jpg 12w, https:\/\/zxdoll.com\/wp-content\/uploads\/2023\/04\/sex-doll-for-men-q9ut6-860x860.jpg 860w, https:\/\/zxdoll.com\/wp-content\/uploads\/2023\/04\/sex-doll-for-men-q9ut6-430x430.jpg 430w, https:\/\/zxdoll.com\/wp-content\/uploads\/2023\/04\/sex-doll-for-men-q9ut6-700x700.jpg 700w, https:\/\/zxdoll.com\/wp-content\/uploads\/2023\/04\/sex-doll-for-men-q9ut6.jpg 1001w\" sizes=\"(max-width: 150px) 100vw, 150px\" title=\"\"><\/a><\/li><li><a data-fancybox=\"gallery271\" href=\"https:\/\/zxdoll.com\/wp-content\/uploads\/2023\/04\/sex-doll-for-men-q9ut7-800x800.jpg\" class=\"eig-popup\" title=\"\" data-caption=\"\" target=\"_blank\"><i class=\"icon-view\"><\/i><span class=\"overlay\"><\/span><img loading=\"lazy\" decoding=\"async\" width=\"150\" height=\"150\" src=\"https:\/\/zxdoll.com\/wp-content\/uploads\/2023\/04\/sex-doll-for-men-q9ut7-150x150.jpg\" class=\"attachment-thumbnail size-thumbnail\" alt=\"\" srcset=\"https:\/\/zxdoll.com\/wp-content\/uploads\/2023\/04\/sex-doll-for-men-q9ut7-150x150.jpg 150w, https:\/\/zxdoll.com\/wp-content\/uploads\/2023\/04\/sex-doll-for-men-q9ut7-300x300.jpg 300w, https:\/\/zxdoll.com\/wp-content\/uploads\/2023\/04\/sex-doll-for-men-q9ut7-800x800.jpg 800w, https:\/\/zxdoll.com\/wp-content\/uploads\/2023\/04\/sex-doll-for-men-q9ut7-768x768.jpg 768w, https:\/\/zxdoll.com\/wp-content\/uploads\/2023\/04\/sex-doll-for-men-q9ut7-12x12.jpg 12w, https:\/\/zxdoll.com\/wp-content\/uploads\/2023\/04\/sex-doll-for-men-q9ut7-860x860.jpg 860w, https:\/\/zxdoll.com\/wp-content\/uploads\/2023\/04\/sex-doll-for-men-q9ut7-430x430.jpg 430w, https:\/\/zxdoll.com\/wp-content\/uploads\/2023\/04\/sex-doll-for-men-q9ut7-700x700.jpg 700w, https:\/\/zxdoll.com\/wp-content\/uploads\/2023\/04\/sex-doll-for-men-q9ut7.jpg 1001w\" sizes=\"(max-width: 150px) 100vw, 150px\" title=\"\"><\/a><\/li><li><a data-fancybox=\"gallery271\" href=\"https:\/\/zxdoll.com\/wp-content\/uploads\/2023\/04\/sex-doll-for-men-q9ut8-800x800.jpg\" class=\"eig-popup\" title=\"\" data-caption=\"\" target=\"_blank\"><i class=\"icon-view\"><\/i><span class=\"overlay\"><\/span><img loading=\"lazy\" decoding=\"async\" width=\"150\" height=\"150\" src=\"https:\/\/zxdoll.com\/wp-content\/uploads\/2023\/04\/sex-doll-for-men-q9ut8-150x150.jpg\" class=\"attachment-thumbnail size-thumbnail\" alt=\"\" srcset=\"https:\/\/zxdoll.com\/wp-content\/uploads\/2023\/04\/sex-doll-for-men-q9ut8-150x150.jpg 150w, https:\/\/zxdoll.com\/wp-content\/uploads\/2023\/04\/sex-doll-for-men-q9ut8-300x300.jpg 300w, https:\/\/zxdoll.com\/wp-content\/uploads\/2023\/04\/sex-doll-for-men-q9ut8-800x800.jpg 800w, https:\/\/zxdoll.com\/wp-content\/uploads\/2023\/04\/sex-doll-for-men-q9ut8-768x768.jpg 768w, https:\/\/zxdoll.com\/wp-content\/uploads\/2023\/04\/sex-doll-for-men-q9ut8-12x12.jpg 12w, https:\/\/zxdoll.com\/wp-content\/uploads\/2023\/04\/sex-doll-for-men-q9ut8-860x860.jpg 860w, https:\/\/zxdoll.com\/wp-content\/uploads\/2023\/04\/sex-doll-for-men-q9ut8-430x430.jpg 430w, https:\/\/zxdoll.com\/wp-content\/uploads\/2023\/04\/sex-doll-for-men-q9ut8-700x700.jpg 700w, https:\/\/zxdoll.com\/wp-content\/uploads\/2023\/04\/sex-doll-for-men-q9ut8.jpg 1001w\" sizes=\"(max-width: 150px) 100vw, 150px\" title=\"\"><\/a><\/li><li><a data-fancybox=\"gallery271\" href=\"https:\/\/zxdoll.com\/wp-content\/uploads\/2023\/04\/sex-doll-for-men-q9ut9-800x800.jpg\" class=\"eig-popup\" title=\"\" data-caption=\"\" target=\"_blank\"><i class=\"icon-view\"><\/i><span class=\"overlay\"><\/span><img loading=\"lazy\" decoding=\"async\" width=\"150\" height=\"150\" src=\"https:\/\/zxdoll.com\/wp-content\/uploads\/2023\/04\/sex-doll-for-men-q9ut9-150x150.jpg\" class=\"attachment-thumbnail size-thumbnail\" alt=\"\" srcset=\"https:\/\/zxdoll.com\/wp-content\/uploads\/2023\/04\/sex-doll-for-men-q9ut9-150x150.jpg 150w, https:\/\/zxdoll.com\/wp-content\/uploads\/2023\/04\/sex-doll-for-men-q9ut9-300x300.jpg 300w, https:\/\/zxdoll.com\/wp-content\/uploads\/2023\/04\/sex-doll-for-men-q9ut9-800x800.jpg 800w, https:\/\/zxdoll.com\/wp-content\/uploads\/2023\/04\/sex-doll-for-men-q9ut9-768x768.jpg 768w, https:\/\/zxdoll.com\/wp-content\/uploads\/2023\/04\/sex-doll-for-men-q9ut9-12x12.jpg 12w, https:\/\/zxdoll.com\/wp-content\/uploads\/2023\/04\/sex-doll-for-men-q9ut9-860x860.jpg 860w, https:\/\/zxdoll.com\/wp-content\/uploads\/2023\/04\/sex-doll-for-men-q9ut9-430x430.jpg 430w, https:\/\/zxdoll.com\/wp-content\/uploads\/2023\/04\/sex-doll-for-men-q9ut9-700x700.jpg 700w, https:\/\/zxdoll.com\/wp-content\/uploads\/2023\/04\/sex-doll-for-men-q9ut9.jpg 1001w\" sizes=\"(max-width: 150px) 100vw, 150px\" title=\"\"><\/a><\/li><li><a data-fancybox=\"gallery271\" href=\"https:\/\/zxdoll.com\/wp-content\/uploads\/2023\/04\/sex-doll-for-men-q9ut10-800x800.jpg\" class=\"eig-popup\" title=\"\" data-caption=\"\" target=\"_blank\"><i class=\"icon-view\"><\/i><span class=\"overlay\"><\/span><img loading=\"lazy\" decoding=\"async\" width=\"150\" height=\"150\" src=\"https:\/\/zxdoll.com\/wp-content\/uploads\/2023\/04\/sex-doll-for-men-q9ut10-150x150.jpg\" class=\"attachment-thumbnail size-thumbnail\" alt=\"\" srcset=\"https:\/\/zxdoll.com\/wp-content\/uploads\/2023\/04\/sex-doll-for-men-q9ut10-150x150.jpg 150w, https:\/\/zxdoll.com\/wp-content\/uploads\/2023\/04\/sex-doll-for-men-q9ut10-300x300.jpg 300w, https:\/\/zxdoll.com\/wp-content\/uploads\/2023\/04\/sex-doll-for-men-q9ut10-800x800.jpg 800w, https:\/\/zxdoll.com\/wp-content\/uploads\/2023\/04\/sex-doll-for-men-q9ut10-768x768.jpg 768w, https:\/\/zxdoll.com\/wp-content\/uploads\/2023\/04\/sex-doll-for-men-q9ut10-12x12.jpg 12w, https:\/\/zxdoll.com\/wp-content\/uploads\/2023\/04\/sex-doll-for-men-q9ut10-860x860.jpg 860w, https:\/\/zxdoll.com\/wp-content\/uploads\/2023\/04\/sex-doll-for-men-q9ut10-430x430.jpg 430w, https:\/\/zxdoll.com\/wp-content\/uploads\/2023\/04\/sex-doll-for-men-q9ut10-700x700.jpg 700w, https:\/\/zxdoll.com\/wp-content\/uploads\/2023\/04\/sex-doll-for-men-q9ut10.jpg 1001w\" sizes=\"(max-width: 150px) 100vw, 150px\" title=\"\"><\/a><\/li><li><a data-fancybox=\"gallery271\" href=\"https:\/\/zxdoll.com\/wp-content\/uploads\/2023\/04\/sex-doll-for-men-q9ut11-800x800.jpg\" class=\"eig-popup\" title=\"\" data-caption=\"\" target=\"_blank\"><i class=\"icon-view\"><\/i><span class=\"overlay\"><\/span><img loading=\"lazy\" decoding=\"async\" width=\"150\" height=\"150\" src=\"https:\/\/zxdoll.com\/wp-content\/uploads\/2023\/04\/sex-doll-for-men-q9ut11-150x150.jpg\" class=\"attachment-thumbnail size-thumbnail\" alt=\"\" srcset=\"https:\/\/zxdoll.com\/wp-content\/uploads\/2023\/04\/sex-doll-for-men-q9ut11-150x150.jpg 150w, https:\/\/zxdoll.com\/wp-content\/uploads\/2023\/04\/sex-doll-for-men-q9ut11-300x300.jpg 300w, https:\/\/zxdoll.com\/wp-content\/uploads\/2023\/04\/sex-doll-for-men-q9ut11-800x800.jpg 800w, https:\/\/zxdoll.com\/wp-content\/uploads\/2023\/04\/sex-doll-for-men-q9ut11-768x768.jpg 768w, https:\/\/zxdoll.com\/wp-content\/uploads\/2023\/04\/sex-doll-for-men-q9ut11-12x12.jpg 12w, https:\/\/zxdoll.com\/wp-content\/uploads\/2023\/04\/sex-doll-for-men-q9ut11-860x860.jpg 860w, https:\/\/zxdoll.com\/wp-content\/uploads\/2023\/04\/sex-doll-for-men-q9ut11-430x430.jpg 430w, https:\/\/zxdoll.com\/wp-content\/uploads\/2023\/04\/sex-doll-for-men-q9ut11-700x700.jpg 700w, https:\/\/zxdoll.com\/wp-content\/uploads\/2023\/04\/sex-doll-for-men-q9ut11.jpg 1001w\" sizes=\"(max-width: 150px) 100vw, 150px\" title=\"\"><\/a><\/li><li><a data-fancybox=\"gallery271\" href=\"https:\/\/zxdoll.com\/wp-content\/uploads\/2023\/04\/sex-doll-for-men-q9ut12-533x800.jpg\" class=\"eig-popup\" title=\"\" data-caption=\"\" target=\"_blank\"><i class=\"icon-view\"><\/i><span class=\"overlay\"><\/span><img loading=\"lazy\" decoding=\"async\" width=\"150\" height=\"150\" src=\"https:\/\/zxdoll.com\/wp-content\/uploads\/2023\/04\/sex-doll-for-men-q9ut12-150x150.jpg\" class=\"attachment-thumbnail size-thumbnail\" alt=\"\" title=\"\"><\/a><\/li><li><a data-fancybox=\"gallery271\" href=\"https:\/\/zxdoll.com\/wp-content\/uploads\/2023\/04\/sex-doll-for-men-q9ut13-533x800.jpg\" class=\"eig-popup\" title=\"\" data-caption=\"\" target=\"_blank\"><i class=\"icon-view\"><\/i><span class=\"overlay\"><\/span><img loading=\"lazy\" decoding=\"async\" width=\"150\" height=\"150\" src=\"https:\/\/zxdoll.com\/wp-content\/uploads\/2023\/04\/sex-doll-for-men-q9ut13-150x150.jpg\" class=\"attachment-thumbnail size-thumbnail\" alt=\"\" title=\"\"><\/a><\/li><li><a data-fancybox=\"gallery271\" href=\"https:\/\/zxdoll.com\/wp-content\/uploads\/2023\/04\/sex-doll-for-men-q9ut14-533x800.jpg\" class=\"eig-popup\" title=\"\" data-caption=\"\" target=\"_blank\"><i class=\"icon-view\"><\/i><span class=\"overlay\"><\/span><img loading=\"lazy\" decoding=\"async\" width=\"150\" height=\"150\" src=\"https:\/\/zxdoll.com\/wp-content\/uploads\/2023\/04\/sex-doll-for-men-q9ut14-150x150.jpg\" class=\"attachment-thumbnail size-thumbnail\" alt=\"\" title=\"\"><\/a><\/li><li><a data-fancybox=\"gallery271\" href=\"https:\/\/zxdoll.com\/wp-content\/uploads\/2023\/04\/sex-doll-for-men-q9ut15-533x800.jpg\" class=\"eig-popup\" title=\"\" data-caption=\"\" target=\"_blank\"><i class=\"icon-view\"><\/i><span class=\"overlay\"><\/span><img loading=\"lazy\" decoding=\"async\" width=\"150\" height=\"150\" src=\"https:\/\/zxdoll.com\/wp-content\/uploads\/2023\/04\/sex-doll-for-men-q9ut15-150x150.jpg\" class=\"attachment-thumbnail size-thumbnail\" alt=\"\" title=\"\"><\/a><\/li><li><a data-fancybox=\"gallery271\" href=\"https:\/\/zxdoll.com\/wp-content\/uploads\/2023\/04\/sex-doll-for-men-q9ut16-533x800.jpg\" class=\"eig-popup\" title=\"\" data-caption=\"\" target=\"_blank\"><i class=\"icon-view\"><\/i><span class=\"overlay\"><\/span><img loading=\"lazy\" decoding=\"async\" width=\"150\" height=\"150\" src=\"https:\/\/zxdoll.com\/wp-content\/uploads\/2023\/04\/sex-doll-for-men-q9ut16-150x150.jpg\" class=\"attachment-thumbnail size-thumbnail\" alt=\"\" title=\"\"><\/a><\/li><li><a data-fancybox=\"gallery271\" href=\"https:\/\/zxdoll.com\/wp-content\/uploads\/2023\/04\/sex-doll-for-men-q9ut17-533x800.jpg\" class=\"eig-popup\" title=\"\" data-caption=\"\" target=\"_blank\"><i class=\"icon-view\"><\/i><span class=\"overlay\"><\/span><img loading=\"lazy\" decoding=\"async\" width=\"150\" height=\"150\" src=\"https:\/\/zxdoll.com\/wp-content\/uploads\/2023\/04\/sex-doll-for-men-q9ut17-150x150.jpg\" class=\"attachment-thumbnail size-thumbnail\" alt=\"\" title=\"\"><\/a><\/li><li><a data-fancybox=\"gallery271\" href=\"https:\/\/zxdoll.com\/wp-content\/uploads\/2023\/04\/sex-doll-for-men-q9ut18-533x800.jpg\" class=\"eig-popup\" title=\"\" data-caption=\"\" target=\"_blank\"><i class=\"icon-view\"><\/i><span class=\"overlay\"><\/span><img loading=\"lazy\" decoding=\"async\" width=\"150\" height=\"150\" src=\"https:\/\/zxdoll.com\/wp-content\/uploads\/2023\/04\/sex-doll-for-men-q9ut18-150x150.jpg\" class=\"attachment-thumbnail size-thumbnail\" alt=\"\" title=\"\"><\/a><\/li><li><a data-fancybox=\"gallery271\" href=\"https:\/\/zxdoll.com\/wp-content\/uploads\/2023\/04\/sex-doll-for-men-q9ut19-533x800.jpg\" class=\"eig-popup\" title=\"\" data-caption=\"\" target=\"_blank\"><i class=\"icon-view\"><\/i><span class=\"overlay\"><\/span><img loading=\"lazy\" decoding=\"async\" width=\"150\" height=\"150\" src=\"https:\/\/zxdoll.com\/wp-content\/uploads\/2023\/04\/sex-doll-for-men-q9ut19-150x150.jpg\" class=\"attachment-thumbnail size-thumbnail\" alt=\"\" title=\"\"><\/a><\/li><\/ul>\n<h4>Tableaux des tailles<\/h4>\n<table width=\"203\">\n<tbody>\n<tr>\n<td width=\"124\">Mat\u00e9riel<\/td>\n<td width=\"79\">TPE<\/td>\n<\/tr>\n<tr>\n<td>Hauteur<\/td>\n<td>170cm<\/td>\n<\/tr>\n<tr>\n<td>Bousiller<\/td>\n<td>102cm<\/td>\n<\/tr>\n<tr>\n<td>Taille<\/td>\n<td>54cm<\/td>\n<\/tr>\n<tr>\n<td>Hanche<\/td>\n<td>97cm<\/td>\n<\/tr>\n<tr>\n<td>\u00c9paule<\/td>\n<td>35cm<\/td>\n<\/tr>\n<tr>\n<td>Bras<\/td>\n<td>52cm<\/td>\n<\/tr>\n<tr>\n<td>Jambe<\/td>\n<td>86cm<\/td>\n<\/tr>\n<tr>\n<td width=\"124\">Pied<\/td>\n<td>20cm<\/td>\n<\/tr>\n<tr>\n<td width=\"124\">Poids net<\/td>\n<td>41kg<\/td>\n<\/tr>\n<tr>\n<td>Profondeur orale<\/td>\n<td>13cm<\/td>\n<\/tr>\n<tr>\n<td>Profondeur du vagin<\/td>\n<td>18cm<\/td>\n<\/tr>\n<tr>\n<td>Profondeur anale<\/td>\n<td>17cm<\/td>\n<\/tr>\n<\/tbody>\n<\/table>\n<p>&nbsp;<\/p>\n<h4>\u00c0 propos de la poup\u00e9e sexuelle<\/h4>\n<p>C&#039;est une chose normale et r\u00e9guli\u00e8re pour les fans d&#039;avoir le b\u00e9guin pour leur c\u00e9l\u00e9brit\u00e9 pr\u00e9f\u00e9r\u00e9e ; le seul probl\u00e8me est que la plupart de ces fans finissent par ne pas avoir l&#039;occasion de rencontrer leur c\u00e9l\u00e9brit\u00e9 pr\u00e9f\u00e9r\u00e9e. Cependant, tout cela a chang\u00e9 depuis la production de poup\u00e9es sexuelles de c\u00e9l\u00e9brit\u00e9s. Maintenant, contrairement \u00e0 d&#039;autres types de poup\u00e9es, la poup\u00e9e sexuelle de c\u00e9l\u00e9brit\u00e9 est une r\u00e9plique de ce \u00e0 quoi ressemble votre c\u00e9l\u00e8bre c\u00e9l\u00e9brit\u00e9, et ces poup\u00e9es sont fabriqu\u00e9es avec le consentement de la c\u00e9l\u00e9brit\u00e9. La poup\u00e9e sexuelle de c\u00e9l\u00e9brit\u00e9 est une poup\u00e9e sexuelle masculine, ce qui signifie simplement qu&#039;elle peut \u00eatre au service des hommes et des femmes. C&#039;est une vraie poup\u00e9e de la vie; vous pouvez simplement la remplir d&#039;air et l&#039;utiliser quand vous le souhaitez. Elle est \u00e9galement l&#039;une des meilleures poup\u00e9es sexuelles jamais produites. cela la rend encore plus unique, et comme les autres types de poup\u00e9es, cette poup\u00e9e sexuelle masculine JY est une grosse poup\u00e9e sexuelle et la meilleure poup\u00e9e sexuelle pour un homme. Nous vendons nos grosses poup\u00e9es sexuelles \u00e0 un prix abordable parce que nous nous soucions tellement de nos utilisateurs et acheteurs. Elle est bon march\u00e9, abordable et l&#039;un des meilleurs investissements.<\/p>","protected":false},"excerpt":{"rendered":"<p>Images de poup\u00e9e de sexe Tableaux de taille Mat\u00e9riel TPE Hauteur 170 cm Buste 102 cm Taille 54 cm Hanche 97 cm \u00c9paule 35 cm Bras 52 cm Jambe<\/p>","protected":false},"featured_media":27674,"comment_status":"open","ping_status":"closed","template":"","meta":[],"product_brand":[],"product_cat":[96,75,231,77,116,115,119],"product_tag":[],"class_list":{"0":"post-27673","1":"product","2":"type-product","3":"status-publish","4":"has-post-thumbnail","6":"product_cat-real-sex-dolls","7":"product_cat-160cm-170cm-sex-dolls","8":"product_cat-41kg-45kg","9":"product_cat-bbw-sex-doll","10":"product_cat-big-boobs-sex-doll","11":"product_cat-big-booty-sex-doll","12":"product_cat-tpe-sex-doll","13":"pa_brand-sy-doll","14":"tm-has-options","16":"first","17":"instock","18":"sale","19":"shipping-taxable","20":"purchasable","21":"product-type-simple"},"_links":{"self":[{"href":"https:\/\/zxdoll.com\/fr\/wp-json\/wp\/v2\/product\/27673","targetHints":{"allow":["GET"]}}],"collection":[{"href":"https:\/\/zxdoll.com\/fr\/wp-json\/wp\/v2\/product"}],"about":[{"href":"https:\/\/zxdoll.com\/fr\/wp-json\/wp\/v2\/types\/product"}],"replies":[{"embeddable":true,"href":"https:\/\/zxdoll.com\/fr\/wp-json\/wp\/v2\/comments?post=27673"}],"version-history":[{"count":1,"href":"https:\/\/zxdoll.com\/fr\/wp-json\/wp\/v2\/product\/27673\/revisions"}],"predecessor-version":[{"id":100709,"href":"https:\/\/zxdoll.com\/fr\/wp-json\/wp\/v2\/product\/27673\/revisions\/100709"}],"wp:featuredmedia":[{"embeddable":true,"href":"https:\/\/zxdoll.com\/fr\/wp-json\/wp\/v2\/media\/27674"}],"wp:attachment":[{"href":"https:\/\/zxdoll.com\/fr\/wp-json\/wp\/v2\/media?parent=27673"}],"wp:term":[{"taxonomy":"product_brand","embeddable":true,"href":"https:\/\/zxdoll.com\/fr\/wp-json\/wp\/v2\/product_brand?post=27673"},{"taxonomy":"product_cat","embeddable":true,"href":"https:\/\/zxdoll.com\/fr\/wp-json\/wp\/v2\/product_cat?post=27673"},{"taxonomy":"product_tag","embeddable":true,"href":"https:\/\/zxdoll.com\/fr\/wp-json\/wp\/v2\/product_tag?post=27673"}],"curies":[{"name":"wp","href":"https:\/\/api.w.org\/{rel}","templated":true}]}}