{"id":25557,"date":"2023-03-29T03:04:29","date_gmt":"2023-03-28T19:04:29","guid":{"rendered":"https:\/\/zxdoll.com\/?post_type=product&#038;p=25557"},"modified":"2025-09-16T01:16:26","modified_gmt":"2025-09-15T17:16:26","slug":"canada-fuckable-custom-love-dolls","status":"publish","type":"product","link":"https:\/\/zxdoll.com\/fr\/product\/canada-fuckable-custom-love-dolls\/","title":{"rendered":"Poup\u00e9es d&#039;amour personnalis\u00e9es baisables Canada Rhoda 161cm"},"content":{"rendered":"<h4><strong>Images de poup\u00e9e de sexe<\/strong><\/h4>\n\t                <ul class=\"easy-image-gallery thumbnails-14 linked\">\r\n                    <li><a data-fancybox=\"gallery372\" href=\"https:\/\/zxdoll.com\/wp-content\/uploads\/2023\/03\/life-size-female-doll-a8ii1-533x800.jpg\" class=\"eig-popup\" title=\"\" data-caption=\"\" target=\"_blank\"><i class=\"icon-view\"><\/i><span class=\"overlay\"><\/span><img decoding=\"async\" width=\"150\" height=\"150\" src=\"https:\/\/zxdoll.com\/wp-content\/uploads\/2023\/03\/life-size-female-doll-a8ii1-150x150.jpg\" class=\"attachment-thumbnail size-thumbnail\" alt=\"\" title=\"\"><\/a><\/li><li><a data-fancybox=\"gallery372\" href=\"https:\/\/zxdoll.com\/wp-content\/uploads\/2023\/03\/life-size-female-doll-a8ii2-800x800.jpg\" class=\"eig-popup\" title=\"\" data-caption=\"\" target=\"_blank\"><i class=\"icon-view\"><\/i><span class=\"overlay\"><\/span><img decoding=\"async\" width=\"150\" height=\"150\" src=\"https:\/\/zxdoll.com\/wp-content\/uploads\/2023\/03\/life-size-female-doll-a8ii2-150x150.jpg\" class=\"attachment-thumbnail size-thumbnail\" alt=\"\" srcset=\"https:\/\/zxdoll.com\/wp-content\/uploads\/2023\/03\/life-size-female-doll-a8ii2-150x150.jpg 150w, https:\/\/zxdoll.com\/wp-content\/uploads\/2023\/03\/life-size-female-doll-a8ii2-300x300.jpg 300w, https:\/\/zxdoll.com\/wp-content\/uploads\/2023\/03\/life-size-female-doll-a8ii2-800x800.jpg 800w, https:\/\/zxdoll.com\/wp-content\/uploads\/2023\/03\/life-size-female-doll-a8ii2-768x768.jpg 768w, https:\/\/zxdoll.com\/wp-content\/uploads\/2023\/03\/life-size-female-doll-a8ii2-12x12.jpg 12w, https:\/\/zxdoll.com\/wp-content\/uploads\/2023\/03\/life-size-female-doll-a8ii2-860x860.jpg 860w, https:\/\/zxdoll.com\/wp-content\/uploads\/2023\/03\/life-size-female-doll-a8ii2-430x430.jpg 430w, https:\/\/zxdoll.com\/wp-content\/uploads\/2023\/03\/life-size-female-doll-a8ii2-700x700.jpg 700w, https:\/\/zxdoll.com\/wp-content\/uploads\/2023\/03\/life-size-female-doll-a8ii2.jpg 1001w\" sizes=\"(max-width: 150px) 100vw, 150px\" title=\"\"><\/a><\/li><li><a data-fancybox=\"gallery372\" href=\"https:\/\/zxdoll.com\/wp-content\/uploads\/2023\/03\/life-size-female-doll-a8ii3-800x800.jpg\" class=\"eig-popup\" title=\"\" data-caption=\"\" target=\"_blank\"><i class=\"icon-view\"><\/i><span class=\"overlay\"><\/span><img decoding=\"async\" width=\"150\" height=\"150\" src=\"https:\/\/zxdoll.com\/wp-content\/uploads\/2023\/03\/life-size-female-doll-a8ii3-150x150.jpg\" class=\"attachment-thumbnail size-thumbnail\" alt=\"\" srcset=\"https:\/\/zxdoll.com\/wp-content\/uploads\/2023\/03\/life-size-female-doll-a8ii3-150x150.jpg 150w, https:\/\/zxdoll.com\/wp-content\/uploads\/2023\/03\/life-size-female-doll-a8ii3-300x300.jpg 300w, https:\/\/zxdoll.com\/wp-content\/uploads\/2023\/03\/life-size-female-doll-a8ii3-800x800.jpg 800w, https:\/\/zxdoll.com\/wp-content\/uploads\/2023\/03\/life-size-female-doll-a8ii3-768x768.jpg 768w, https:\/\/zxdoll.com\/wp-content\/uploads\/2023\/03\/life-size-female-doll-a8ii3-12x12.jpg 12w, https:\/\/zxdoll.com\/wp-content\/uploads\/2023\/03\/life-size-female-doll-a8ii3-860x860.jpg 860w, https:\/\/zxdoll.com\/wp-content\/uploads\/2023\/03\/life-size-female-doll-a8ii3-430x430.jpg 430w, https:\/\/zxdoll.com\/wp-content\/uploads\/2023\/03\/life-size-female-doll-a8ii3-700x700.jpg 700w, https:\/\/zxdoll.com\/wp-content\/uploads\/2023\/03\/life-size-female-doll-a8ii3.jpg 1001w\" sizes=\"(max-width: 150px) 100vw, 150px\" title=\"\"><\/a><\/li><li><a data-fancybox=\"gallery372\" href=\"https:\/\/zxdoll.com\/wp-content\/uploads\/2023\/03\/life-size-female-doll-a8ii4-800x800.jpg\" class=\"eig-popup\" title=\"\" data-caption=\"\" target=\"_blank\"><i class=\"icon-view\"><\/i><span class=\"overlay\"><\/span><img loading=\"lazy\" decoding=\"async\" width=\"150\" height=\"150\" src=\"https:\/\/zxdoll.com\/wp-content\/uploads\/2023\/03\/life-size-female-doll-a8ii4-150x150.jpg\" class=\"attachment-thumbnail size-thumbnail\" alt=\"\" srcset=\"https:\/\/zxdoll.com\/wp-content\/uploads\/2023\/03\/life-size-female-doll-a8ii4-150x150.jpg 150w, https:\/\/zxdoll.com\/wp-content\/uploads\/2023\/03\/life-size-female-doll-a8ii4-300x300.jpg 300w, https:\/\/zxdoll.com\/wp-content\/uploads\/2023\/03\/life-size-female-doll-a8ii4-800x800.jpg 800w, https:\/\/zxdoll.com\/wp-content\/uploads\/2023\/03\/life-size-female-doll-a8ii4-768x768.jpg 768w, https:\/\/zxdoll.com\/wp-content\/uploads\/2023\/03\/life-size-female-doll-a8ii4-12x12.jpg 12w, https:\/\/zxdoll.com\/wp-content\/uploads\/2023\/03\/life-size-female-doll-a8ii4-860x860.jpg 860w, https:\/\/zxdoll.com\/wp-content\/uploads\/2023\/03\/life-size-female-doll-a8ii4-430x430.jpg 430w, https:\/\/zxdoll.com\/wp-content\/uploads\/2023\/03\/life-size-female-doll-a8ii4-700x700.jpg 700w, https:\/\/zxdoll.com\/wp-content\/uploads\/2023\/03\/life-size-female-doll-a8ii4.jpg 1001w\" sizes=\"(max-width: 150px) 100vw, 150px\" title=\"\"><\/a><\/li><li><a data-fancybox=\"gallery372\" href=\"https:\/\/zxdoll.com\/wp-content\/uploads\/2023\/03\/life-size-female-doll-a8ii5-800x800.jpg\" class=\"eig-popup\" title=\"\" data-caption=\"\" target=\"_blank\"><i class=\"icon-view\"><\/i><span class=\"overlay\"><\/span><img loading=\"lazy\" decoding=\"async\" width=\"150\" height=\"150\" src=\"https:\/\/zxdoll.com\/wp-content\/uploads\/2023\/03\/life-size-female-doll-a8ii5-150x150.jpg\" class=\"attachment-thumbnail size-thumbnail\" alt=\"\" srcset=\"https:\/\/zxdoll.com\/wp-content\/uploads\/2023\/03\/life-size-female-doll-a8ii5-150x150.jpg 150w, https:\/\/zxdoll.com\/wp-content\/uploads\/2023\/03\/life-size-female-doll-a8ii5-300x300.jpg 300w, https:\/\/zxdoll.com\/wp-content\/uploads\/2023\/03\/life-size-female-doll-a8ii5-800x800.jpg 800w, https:\/\/zxdoll.com\/wp-content\/uploads\/2023\/03\/life-size-female-doll-a8ii5-768x768.jpg 768w, https:\/\/zxdoll.com\/wp-content\/uploads\/2023\/03\/life-size-female-doll-a8ii5-12x12.jpg 12w, https:\/\/zxdoll.com\/wp-content\/uploads\/2023\/03\/life-size-female-doll-a8ii5-860x860.jpg 860w, https:\/\/zxdoll.com\/wp-content\/uploads\/2023\/03\/life-size-female-doll-a8ii5-430x430.jpg 430w, https:\/\/zxdoll.com\/wp-content\/uploads\/2023\/03\/life-size-female-doll-a8ii5-700x700.jpg 700w, https:\/\/zxdoll.com\/wp-content\/uploads\/2023\/03\/life-size-female-doll-a8ii5.jpg 1001w\" sizes=\"(max-width: 150px) 100vw, 150px\" title=\"\"><\/a><\/li><li><a data-fancybox=\"gallery372\" href=\"https:\/\/zxdoll.com\/wp-content\/uploads\/2023\/03\/life-size-female-doll-a8ii6-800x800.jpg\" class=\"eig-popup\" title=\"\" data-caption=\"\" target=\"_blank\"><i class=\"icon-view\"><\/i><span class=\"overlay\"><\/span><img loading=\"lazy\" decoding=\"async\" width=\"150\" height=\"150\" src=\"https:\/\/zxdoll.com\/wp-content\/uploads\/2023\/03\/life-size-female-doll-a8ii6-150x150.jpg\" class=\"attachment-thumbnail size-thumbnail\" alt=\"\" srcset=\"https:\/\/zxdoll.com\/wp-content\/uploads\/2023\/03\/life-size-female-doll-a8ii6-150x150.jpg 150w, https:\/\/zxdoll.com\/wp-content\/uploads\/2023\/03\/life-size-female-doll-a8ii6-300x300.jpg 300w, https:\/\/zxdoll.com\/wp-content\/uploads\/2023\/03\/life-size-female-doll-a8ii6-800x800.jpg 800w, https:\/\/zxdoll.com\/wp-content\/uploads\/2023\/03\/life-size-female-doll-a8ii6-768x768.jpg 768w, https:\/\/zxdoll.com\/wp-content\/uploads\/2023\/03\/life-size-female-doll-a8ii6-12x12.jpg 12w, https:\/\/zxdoll.com\/wp-content\/uploads\/2023\/03\/life-size-female-doll-a8ii6-860x860.jpg 860w, https:\/\/zxdoll.com\/wp-content\/uploads\/2023\/03\/life-size-female-doll-a8ii6-430x430.jpg 430w, https:\/\/zxdoll.com\/wp-content\/uploads\/2023\/03\/life-size-female-doll-a8ii6-700x700.jpg 700w, https:\/\/zxdoll.com\/wp-content\/uploads\/2023\/03\/life-size-female-doll-a8ii6.jpg 1001w\" sizes=\"(max-width: 150px) 100vw, 150px\" title=\"\"><\/a><\/li><li><a data-fancybox=\"gallery372\" href=\"https:\/\/zxdoll.com\/wp-content\/uploads\/2023\/03\/life-size-female-doll-a8ii7-800x800.jpg\" class=\"eig-popup\" title=\"\" data-caption=\"\" target=\"_blank\"><i class=\"icon-view\"><\/i><span class=\"overlay\"><\/span><img loading=\"lazy\" decoding=\"async\" width=\"150\" height=\"150\" src=\"https:\/\/zxdoll.com\/wp-content\/uploads\/2023\/03\/life-size-female-doll-a8ii7-150x150.jpg\" class=\"attachment-thumbnail size-thumbnail\" alt=\"\" srcset=\"https:\/\/zxdoll.com\/wp-content\/uploads\/2023\/03\/life-size-female-doll-a8ii7-150x150.jpg 150w, https:\/\/zxdoll.com\/wp-content\/uploads\/2023\/03\/life-size-female-doll-a8ii7-300x300.jpg 300w, https:\/\/zxdoll.com\/wp-content\/uploads\/2023\/03\/life-size-female-doll-a8ii7-800x800.jpg 800w, https:\/\/zxdoll.com\/wp-content\/uploads\/2023\/03\/life-size-female-doll-a8ii7-768x768.jpg 768w, https:\/\/zxdoll.com\/wp-content\/uploads\/2023\/03\/life-size-female-doll-a8ii7-12x12.jpg 12w, https:\/\/zxdoll.com\/wp-content\/uploads\/2023\/03\/life-size-female-doll-a8ii7-860x860.jpg 860w, https:\/\/zxdoll.com\/wp-content\/uploads\/2023\/03\/life-size-female-doll-a8ii7-430x430.jpg 430w, https:\/\/zxdoll.com\/wp-content\/uploads\/2023\/03\/life-size-female-doll-a8ii7-700x700.jpg 700w, https:\/\/zxdoll.com\/wp-content\/uploads\/2023\/03\/life-size-female-doll-a8ii7.jpg 1001w\" sizes=\"(max-width: 150px) 100vw, 150px\" title=\"\"><\/a><\/li><li><a data-fancybox=\"gallery372\" href=\"https:\/\/zxdoll.com\/wp-content\/uploads\/2023\/03\/life-size-female-doll-a8ii8-533x800.jpg\" class=\"eig-popup\" title=\"\" data-caption=\"\" target=\"_blank\"><i class=\"icon-view\"><\/i><span class=\"overlay\"><\/span><img loading=\"lazy\" decoding=\"async\" width=\"150\" height=\"150\" src=\"https:\/\/zxdoll.com\/wp-content\/uploads\/2023\/03\/life-size-female-doll-a8ii8-150x150.jpg\" class=\"attachment-thumbnail size-thumbnail\" alt=\"\" title=\"\"><\/a><\/li><li><a data-fancybox=\"gallery372\" href=\"https:\/\/zxdoll.com\/wp-content\/uploads\/2023\/03\/life-size-female-doll-a8ii10-533x800.jpg\" class=\"eig-popup\" title=\"\" data-caption=\"\" target=\"_blank\"><i class=\"icon-view\"><\/i><span class=\"overlay\"><\/span><img loading=\"lazy\" decoding=\"async\" width=\"150\" height=\"150\" src=\"https:\/\/zxdoll.com\/wp-content\/uploads\/2023\/03\/life-size-female-doll-a8ii10-150x150.jpg\" class=\"attachment-thumbnail size-thumbnail\" alt=\"\" title=\"\"><\/a><\/li><li><a data-fancybox=\"gallery372\" href=\"https:\/\/zxdoll.com\/wp-content\/uploads\/2023\/03\/life-size-female-doll-a8ii11-533x800.jpg\" class=\"eig-popup\" title=\"\" data-caption=\"\" target=\"_blank\"><i class=\"icon-view\"><\/i><span class=\"overlay\"><\/span><img loading=\"lazy\" decoding=\"async\" width=\"150\" height=\"150\" src=\"https:\/\/zxdoll.com\/wp-content\/uploads\/2023\/03\/life-size-female-doll-a8ii11-150x150.jpg\" class=\"attachment-thumbnail size-thumbnail\" alt=\"\" title=\"\"><\/a><\/li><li><a data-fancybox=\"gallery372\" href=\"https:\/\/zxdoll.com\/wp-content\/uploads\/2023\/03\/life-size-female-doll-a8ii12.jpg\" class=\"eig-popup\" title=\"\" data-caption=\"\" target=\"_blank\"><i class=\"icon-view\"><\/i><span class=\"overlay\"><\/span><img loading=\"lazy\" decoding=\"async\" width=\"150\" height=\"150\" src=\"https:\/\/zxdoll.com\/wp-content\/uploads\/2023\/03\/life-size-female-doll-a8ii12-150x150.jpg\" class=\"attachment-thumbnail size-thumbnail\" alt=\"\" title=\"\"><\/a><\/li><li><a data-fancybox=\"gallery372\" href=\"https:\/\/zxdoll.com\/wp-content\/uploads\/2023\/03\/life-size-female-doll-a8ii13-533x800.jpg\" class=\"eig-popup\" title=\"\" data-caption=\"\" target=\"_blank\"><i class=\"icon-view\"><\/i><span class=\"overlay\"><\/span><img loading=\"lazy\" decoding=\"async\" width=\"150\" height=\"150\" src=\"https:\/\/zxdoll.com\/wp-content\/uploads\/2023\/03\/life-size-female-doll-a8ii13-150x150.jpg\" class=\"attachment-thumbnail size-thumbnail\" alt=\"\" title=\"\"><\/a><\/li><li><a data-fancybox=\"gallery372\" href=\"https:\/\/zxdoll.com\/wp-content\/uploads\/2023\/03\/life-size-female-doll-a8ii14-533x800.jpg\" class=\"eig-popup\" title=\"\" data-caption=\"\" target=\"_blank\"><i class=\"icon-view\"><\/i><span class=\"overlay\"><\/span><img loading=\"lazy\" decoding=\"async\" width=\"150\" height=\"150\" src=\"https:\/\/zxdoll.com\/wp-content\/uploads\/2023\/03\/life-size-female-doll-a8ii14-150x150.jpg\" class=\"attachment-thumbnail size-thumbnail\" alt=\"\" title=\"\"><\/a><\/li><li><a data-fancybox=\"gallery372\" href=\"https:\/\/zxdoll.com\/wp-content\/uploads\/2023\/03\/life-size-female-doll-a8ii15-533x800.jpg\" class=\"eig-popup\" title=\"\" data-caption=\"\" target=\"_blank\"><i class=\"icon-view\"><\/i><span class=\"overlay\"><\/span><img loading=\"lazy\" decoding=\"async\" width=\"150\" height=\"150\" src=\"https:\/\/zxdoll.com\/wp-content\/uploads\/2023\/03\/life-size-female-doll-a8ii15-150x150.jpg\" class=\"attachment-thumbnail size-thumbnail\" alt=\"\" title=\"\"><\/a><\/li><\/ul>\n<h4>Tableaux des tailles<\/h4>\n<table width=\"203\">\n<tbody>\n<tr>\n<td width=\"124\">Mat\u00e9riel<\/td>\n<td width=\"79\">TPE<\/td>\n<\/tr>\n<tr>\n<td>Hauteur<\/td>\n<td>161cm<\/td>\n<\/tr>\n<tr>\n<td>Bousiller<\/td>\n<td>92cm<\/td>\n<\/tr>\n<tr>\n<td>Taille<\/td>\n<td>52cm<\/td>\n<\/tr>\n<tr>\n<td>Hanche<\/td>\n<td>96cm<\/td>\n<\/tr>\n<tr>\n<td>\u00c9paule<\/td>\n<td>36cm<\/td>\n<\/tr>\n<tr>\n<td>Bras<\/td>\n<td>53cm<\/td>\n<\/tr>\n<tr>\n<td>Jambe<\/td>\n<td>90cm<\/td>\n<\/tr>\n<tr>\n<td width=\"124\">Pied<\/td>\n<td>19cm<\/td>\n<\/tr>\n<tr>\n<td width=\"124\">Poids net<\/td>\n<td>39 kg<\/td>\n<\/tr>\n<tr>\n<td>Profondeur orale<\/td>\n<td>13cm<\/td>\n<\/tr>\n<tr>\n<td>Profondeur du vagin<\/td>\n<td>18cm<\/td>\n<\/tr>\n<tr>\n<td>Profondeur anale<\/td>\n<td>17cm<\/td>\n<\/tr>\n<\/tbody>\n<\/table>\n<h4>\u00c0 propos de la poup\u00e9e sexuelle<\/h4>\n<p>Il y a beaucoup de poup\u00e9es sexuelles incroyables qui ont \u00e9t\u00e9 produites pour les hommes, ces poup\u00e9es sexuelles pour hommes facilitent automatiquement la vie des hommes, et comme beaucoup d&#039;hommes ont des relations sexuelles, ils ont besoin d&#039;une poup\u00e9e sexuelle qui peut les satisfaire sexuellement \u00e0 tout moment. Nos poup\u00e9es TPE sont baisables, elles ont l&#039;air tr\u00e8s r\u00e9alistes, elles sont belles, et elle vient dans une petite taille donc c&#039;est plus facile pour vous de la transporter pendant les rapports sexuels. Si vous \u00eates sur le forum des poup\u00e9es sexuelles, vous entendrez de nombreuses critiques positives sur les poup\u00e9es sexuelles concernant notre poup\u00e9e d&#039;amour Canada. Ces poup\u00e9es ont un moyen de vous rendre plus heureux. Donc, si vous voulez acheter une poup\u00e9e sexuelle ou si vous voulez les meilleures poup\u00e9es sexuelles pour hommes, vous devez consulter notre boutique de poup\u00e9es sexuelles ; il y a toujours une poup\u00e9e pour tout le monde.<\/p>\n<p>Nos poup\u00e9es sont \u00e9galement tr\u00e8s abordables et \u00e9conomiques ; il vous suffit de passer une commande et nous vous en enverrons une imm\u00e9diatement. Nous exp\u00e9dions nos poup\u00e9es dans toutes les r\u00e9gions du monde et elles vous sont livr\u00e9es en parfait \u00e9tat, vous n&#039;avez donc rien \u00e0 craindre.<\/p>\n<p>Nos poup\u00e9es personnalis\u00e9es sont l&#039;un des meilleurs types de poup\u00e9es car vous pouvez changer n&#039;importe quelle partie de son corps que vous n&#039;aimez pas ou remplacer n&#039;importe quelle partie de son corps avec laquelle vous n&#039;\u00eates pas \u00e0 l&#039;aise. Les poup\u00e9es personnalis\u00e9es vous permettent de contr\u00f4ler l&#039;apparence ou la sensation de votre poup\u00e9e.<\/p>","protected":false},"excerpt":{"rendered":"<p>Images de poup\u00e9e de sexe Tableaux de taille Mat\u00e9riel TPE Hauteur 161cm Buste 92cm Taille 52cm Hanche 96cm \u00c9paule 36cm Bras 53cm Jambe<\/p>","protected":false},"featured_media":25563,"comment_status":"open","ping_status":"closed","template":"","meta":[],"product_brand":[],"product_cat":[96,75,230,116,115,119],"product_tag":[],"class_list":{"0":"post-25557","1":"product","2":"type-product","3":"status-publish","4":"has-post-thumbnail","6":"product_cat-real-sex-dolls","7":"product_cat-160cm-170cm-sex-dolls","8":"product_cat-36kg-40kg","9":"product_cat-big-boobs-sex-doll","10":"product_cat-big-booty-sex-doll","11":"product_cat-tpe-sex-doll","12":"pa_brand-sy-doll","13":"tm-has-options","15":"first","16":"instock","17":"sale","18":"shipping-taxable","19":"purchasable","20":"product-type-simple"},"_links":{"self":[{"href":"https:\/\/zxdoll.com\/fr\/wp-json\/wp\/v2\/product\/25557","targetHints":{"allow":["GET"]}}],"collection":[{"href":"https:\/\/zxdoll.com\/fr\/wp-json\/wp\/v2\/product"}],"about":[{"href":"https:\/\/zxdoll.com\/fr\/wp-json\/wp\/v2\/types\/product"}],"replies":[{"embeddable":true,"href":"https:\/\/zxdoll.com\/fr\/wp-json\/wp\/v2\/comments?post=25557"}],"version-history":[{"count":1,"href":"https:\/\/zxdoll.com\/fr\/wp-json\/wp\/v2\/product\/25557\/revisions"}],"predecessor-version":[{"id":101577,"href":"https:\/\/zxdoll.com\/fr\/wp-json\/wp\/v2\/product\/25557\/revisions\/101577"}],"wp:featuredmedia":[{"embeddable":true,"href":"https:\/\/zxdoll.com\/fr\/wp-json\/wp\/v2\/media\/25563"}],"wp:attachment":[{"href":"https:\/\/zxdoll.com\/fr\/wp-json\/wp\/v2\/media?parent=25557"}],"wp:term":[{"taxonomy":"product_brand","embeddable":true,"href":"https:\/\/zxdoll.com\/fr\/wp-json\/wp\/v2\/product_brand?post=25557"},{"taxonomy":"product_cat","embeddable":true,"href":"https:\/\/zxdoll.com\/fr\/wp-json\/wp\/v2\/product_cat?post=25557"},{"taxonomy":"product_tag","embeddable":true,"href":"https:\/\/zxdoll.com\/fr\/wp-json\/wp\/v2\/product_tag?post=25557"}],"curies":[{"name":"wp","href":"https:\/\/api.w.org\/{rel}","templated":true}]}}