{"id":25447,"date":"2023-03-29T01:07:05","date_gmt":"2023-03-28T17:07:05","guid":{"rendered":"https:\/\/zxdoll.com\/?post_type=product&#038;p=25447"},"modified":"2025-09-16T01:07:34","modified_gmt":"2025-09-15T17:07:34","slug":"realistic-small-breast-affordable-fuck-doll","status":"publish","type":"product","link":"https:\/\/zxdoll.com\/fr\/product\/realistic-small-breast-affordable-fuck-doll\/","title":{"rendered":"Poup\u00e9e de baise r\u00e9aliste \u00e0 petits seins Alease 160cm"},"content":{"rendered":"<h4><strong>Images de poup\u00e9e de sexe<\/strong><\/h4>\n\t                <ul class=\"easy-image-gallery thumbnails-14 linked\">\r\n                    <li><a data-fancybox=\"gallery707\" href=\"https:\/\/zxdoll.com\/wp-content\/uploads\/2023\/03\/the-sliver-doll-2a8x1-533x800.jpg\" class=\"eig-popup\" title=\"\" data-caption=\"\" target=\"_blank\"><i class=\"icon-view\"><\/i><span class=\"overlay\"><\/span><img decoding=\"async\" width=\"150\" height=\"150\" src=\"https:\/\/zxdoll.com\/wp-content\/uploads\/2023\/03\/the-sliver-doll-2a8x1-150x150.jpg\" class=\"attachment-thumbnail size-thumbnail\" alt=\"\" title=\"\"><\/a><\/li><li><a data-fancybox=\"gallery707\" href=\"https:\/\/zxdoll.com\/wp-content\/uploads\/2023\/03\/the-sliver-doll-2a8x3-533x800.jpg\" class=\"eig-popup\" title=\"\" data-caption=\"\" target=\"_blank\"><i class=\"icon-view\"><\/i><span class=\"overlay\"><\/span><img decoding=\"async\" width=\"150\" height=\"150\" src=\"https:\/\/zxdoll.com\/wp-content\/uploads\/2023\/03\/the-sliver-doll-2a8x3-150x150.jpg\" class=\"attachment-thumbnail size-thumbnail\" alt=\"\" title=\"\"><\/a><\/li><li><a data-fancybox=\"gallery707\" href=\"https:\/\/zxdoll.com\/wp-content\/uploads\/2023\/03\/the-sliver-doll-2a8x4.jpg\" class=\"eig-popup\" title=\"\" data-caption=\"\" target=\"_blank\"><i class=\"icon-view\"><\/i><span class=\"overlay\"><\/span><img decoding=\"async\" width=\"150\" height=\"150\" src=\"https:\/\/zxdoll.com\/wp-content\/uploads\/2023\/03\/the-sliver-doll-2a8x4-150x150.jpg\" class=\"attachment-thumbnail size-thumbnail\" alt=\"\" title=\"\"><\/a><\/li><li><a data-fancybox=\"gallery707\" href=\"https:\/\/zxdoll.com\/wp-content\/uploads\/2023\/03\/the-sliver-doll-2a8x5-524x800.jpg\" class=\"eig-popup\" title=\"\" data-caption=\"\" target=\"_blank\"><i class=\"icon-view\"><\/i><span class=\"overlay\"><\/span><img loading=\"lazy\" decoding=\"async\" width=\"150\" height=\"150\" src=\"https:\/\/zxdoll.com\/wp-content\/uploads\/2023\/03\/the-sliver-doll-2a8x5-150x150.jpg\" class=\"attachment-thumbnail size-thumbnail\" alt=\"\" title=\"\"><\/a><\/li><li><a data-fancybox=\"gallery707\" href=\"https:\/\/zxdoll.com\/wp-content\/uploads\/2023\/03\/the-sliver-doll-2a8x6-497x800.jpg\" class=\"eig-popup\" title=\"\" data-caption=\"\" target=\"_blank\"><i class=\"icon-view\"><\/i><span class=\"overlay\"><\/span><img loading=\"lazy\" decoding=\"async\" width=\"150\" height=\"150\" src=\"https:\/\/zxdoll.com\/wp-content\/uploads\/2023\/03\/the-sliver-doll-2a8x6-150x150.jpg\" class=\"attachment-thumbnail size-thumbnail\" alt=\"\" title=\"\"><\/a><\/li><li><a data-fancybox=\"gallery707\" href=\"https:\/\/zxdoll.com\/wp-content\/uploads\/2023\/03\/the-sliver-doll-2a8x7-800x800.jpg\" class=\"eig-popup\" title=\"\" data-caption=\"\" target=\"_blank\"><i class=\"icon-view\"><\/i><span class=\"overlay\"><\/span><img loading=\"lazy\" decoding=\"async\" width=\"150\" height=\"150\" src=\"https:\/\/zxdoll.com\/wp-content\/uploads\/2023\/03\/the-sliver-doll-2a8x7-150x150.jpg\" class=\"attachment-thumbnail size-thumbnail\" alt=\"\" srcset=\"https:\/\/zxdoll.com\/wp-content\/uploads\/2023\/03\/the-sliver-doll-2a8x7-150x150.jpg 150w, https:\/\/zxdoll.com\/wp-content\/uploads\/2023\/03\/the-sliver-doll-2a8x7-300x300.jpg 300w, https:\/\/zxdoll.com\/wp-content\/uploads\/2023\/03\/the-sliver-doll-2a8x7-800x800.jpg 800w, https:\/\/zxdoll.com\/wp-content\/uploads\/2023\/03\/the-sliver-doll-2a8x7-768x768.jpg 768w, https:\/\/zxdoll.com\/wp-content\/uploads\/2023\/03\/the-sliver-doll-2a8x7-12x12.jpg 12w, https:\/\/zxdoll.com\/wp-content\/uploads\/2023\/03\/the-sliver-doll-2a8x7-860x860.jpg 860w, https:\/\/zxdoll.com\/wp-content\/uploads\/2023\/03\/the-sliver-doll-2a8x7-430x430.jpg 430w, https:\/\/zxdoll.com\/wp-content\/uploads\/2023\/03\/the-sliver-doll-2a8x7-700x700.jpg 700w, https:\/\/zxdoll.com\/wp-content\/uploads\/2023\/03\/the-sliver-doll-2a8x7.jpg 1001w\" sizes=\"(max-width: 150px) 100vw, 150px\" title=\"\"><\/a><\/li><li><a data-fancybox=\"gallery707\" href=\"https:\/\/zxdoll.com\/wp-content\/uploads\/2023\/03\/the-sliver-doll-2a8x8-800x800.jpg\" class=\"eig-popup\" title=\"\" data-caption=\"\" target=\"_blank\"><i class=\"icon-view\"><\/i><span class=\"overlay\"><\/span><img loading=\"lazy\" decoding=\"async\" width=\"150\" height=\"150\" src=\"https:\/\/zxdoll.com\/wp-content\/uploads\/2023\/03\/the-sliver-doll-2a8x8-150x150.jpg\" class=\"attachment-thumbnail size-thumbnail\" alt=\"\" srcset=\"https:\/\/zxdoll.com\/wp-content\/uploads\/2023\/03\/the-sliver-doll-2a8x8-150x150.jpg 150w, https:\/\/zxdoll.com\/wp-content\/uploads\/2023\/03\/the-sliver-doll-2a8x8-300x300.jpg 300w, https:\/\/zxdoll.com\/wp-content\/uploads\/2023\/03\/the-sliver-doll-2a8x8-800x800.jpg 800w, https:\/\/zxdoll.com\/wp-content\/uploads\/2023\/03\/the-sliver-doll-2a8x8-768x768.jpg 768w, https:\/\/zxdoll.com\/wp-content\/uploads\/2023\/03\/the-sliver-doll-2a8x8-12x12.jpg 12w, https:\/\/zxdoll.com\/wp-content\/uploads\/2023\/03\/the-sliver-doll-2a8x8-860x860.jpg 860w, https:\/\/zxdoll.com\/wp-content\/uploads\/2023\/03\/the-sliver-doll-2a8x8-430x430.jpg 430w, https:\/\/zxdoll.com\/wp-content\/uploads\/2023\/03\/the-sliver-doll-2a8x8-700x700.jpg 700w, https:\/\/zxdoll.com\/wp-content\/uploads\/2023\/03\/the-sliver-doll-2a8x8.jpg 1001w\" sizes=\"(max-width: 150px) 100vw, 150px\" title=\"\"><\/a><\/li><li><a data-fancybox=\"gallery707\" href=\"https:\/\/zxdoll.com\/wp-content\/uploads\/2023\/03\/the-sliver-doll-2a8x9-800x800.jpg\" class=\"eig-popup\" title=\"\" data-caption=\"\" target=\"_blank\"><i class=\"icon-view\"><\/i><span class=\"overlay\"><\/span><img loading=\"lazy\" decoding=\"async\" width=\"150\" height=\"150\" src=\"https:\/\/zxdoll.com\/wp-content\/uploads\/2023\/03\/the-sliver-doll-2a8x9-150x150.jpg\" class=\"attachment-thumbnail size-thumbnail\" alt=\"\" srcset=\"https:\/\/zxdoll.com\/wp-content\/uploads\/2023\/03\/the-sliver-doll-2a8x9-150x150.jpg 150w, https:\/\/zxdoll.com\/wp-content\/uploads\/2023\/03\/the-sliver-doll-2a8x9-300x300.jpg 300w, https:\/\/zxdoll.com\/wp-content\/uploads\/2023\/03\/the-sliver-doll-2a8x9-800x800.jpg 800w, https:\/\/zxdoll.com\/wp-content\/uploads\/2023\/03\/the-sliver-doll-2a8x9-768x768.jpg 768w, https:\/\/zxdoll.com\/wp-content\/uploads\/2023\/03\/the-sliver-doll-2a8x9-12x12.jpg 12w, https:\/\/zxdoll.com\/wp-content\/uploads\/2023\/03\/the-sliver-doll-2a8x9-860x860.jpg 860w, https:\/\/zxdoll.com\/wp-content\/uploads\/2023\/03\/the-sliver-doll-2a8x9-430x430.jpg 430w, https:\/\/zxdoll.com\/wp-content\/uploads\/2023\/03\/the-sliver-doll-2a8x9-700x700.jpg 700w, https:\/\/zxdoll.com\/wp-content\/uploads\/2023\/03\/the-sliver-doll-2a8x9.jpg 1001w\" sizes=\"(max-width: 150px) 100vw, 150px\" title=\"\"><\/a><\/li><li><a data-fancybox=\"gallery707\" href=\"https:\/\/zxdoll.com\/wp-content\/uploads\/2023\/03\/the-sliver-doll-2a8x10-800x800.jpg\" class=\"eig-popup\" title=\"\" data-caption=\"\" target=\"_blank\"><i class=\"icon-view\"><\/i><span class=\"overlay\"><\/span><img loading=\"lazy\" decoding=\"async\" width=\"150\" height=\"150\" src=\"https:\/\/zxdoll.com\/wp-content\/uploads\/2023\/03\/the-sliver-doll-2a8x10-150x150.jpg\" class=\"attachment-thumbnail size-thumbnail\" alt=\"\" srcset=\"https:\/\/zxdoll.com\/wp-content\/uploads\/2023\/03\/the-sliver-doll-2a8x10-150x150.jpg 150w, https:\/\/zxdoll.com\/wp-content\/uploads\/2023\/03\/the-sliver-doll-2a8x10-300x300.jpg 300w, https:\/\/zxdoll.com\/wp-content\/uploads\/2023\/03\/the-sliver-doll-2a8x10-800x800.jpg 800w, https:\/\/zxdoll.com\/wp-content\/uploads\/2023\/03\/the-sliver-doll-2a8x10-768x768.jpg 768w, https:\/\/zxdoll.com\/wp-content\/uploads\/2023\/03\/the-sliver-doll-2a8x10-12x12.jpg 12w, https:\/\/zxdoll.com\/wp-content\/uploads\/2023\/03\/the-sliver-doll-2a8x10-860x860.jpg 860w, https:\/\/zxdoll.com\/wp-content\/uploads\/2023\/03\/the-sliver-doll-2a8x10-430x430.jpg 430w, https:\/\/zxdoll.com\/wp-content\/uploads\/2023\/03\/the-sliver-doll-2a8x10-700x700.jpg 700w, https:\/\/zxdoll.com\/wp-content\/uploads\/2023\/03\/the-sliver-doll-2a8x10.jpg 1001w\" sizes=\"(max-width: 150px) 100vw, 150px\" title=\"\"><\/a><\/li><li><a data-fancybox=\"gallery707\" href=\"https:\/\/zxdoll.com\/wp-content\/uploads\/2023\/03\/the-sliver-doll-2a8x11-800x800.jpg\" class=\"eig-popup\" title=\"\" data-caption=\"\" target=\"_blank\"><i class=\"icon-view\"><\/i><span class=\"overlay\"><\/span><img loading=\"lazy\" decoding=\"async\" width=\"150\" height=\"150\" src=\"https:\/\/zxdoll.com\/wp-content\/uploads\/2023\/03\/the-sliver-doll-2a8x11-150x150.jpg\" class=\"attachment-thumbnail size-thumbnail\" alt=\"\" srcset=\"https:\/\/zxdoll.com\/wp-content\/uploads\/2023\/03\/the-sliver-doll-2a8x11-150x150.jpg 150w, https:\/\/zxdoll.com\/wp-content\/uploads\/2023\/03\/the-sliver-doll-2a8x11-300x300.jpg 300w, https:\/\/zxdoll.com\/wp-content\/uploads\/2023\/03\/the-sliver-doll-2a8x11-800x800.jpg 800w, https:\/\/zxdoll.com\/wp-content\/uploads\/2023\/03\/the-sliver-doll-2a8x11-768x768.jpg 768w, https:\/\/zxdoll.com\/wp-content\/uploads\/2023\/03\/the-sliver-doll-2a8x11-12x12.jpg 12w, https:\/\/zxdoll.com\/wp-content\/uploads\/2023\/03\/the-sliver-doll-2a8x11-860x860.jpg 860w, https:\/\/zxdoll.com\/wp-content\/uploads\/2023\/03\/the-sliver-doll-2a8x11-430x430.jpg 430w, https:\/\/zxdoll.com\/wp-content\/uploads\/2023\/03\/the-sliver-doll-2a8x11-700x700.jpg 700w, https:\/\/zxdoll.com\/wp-content\/uploads\/2023\/03\/the-sliver-doll-2a8x11.jpg 1001w\" sizes=\"(max-width: 150px) 100vw, 150px\" title=\"\"><\/a><\/li><li><a data-fancybox=\"gallery707\" href=\"https:\/\/zxdoll.com\/wp-content\/uploads\/2023\/03\/the-sliver-doll-2a8x12-800x800.jpg\" class=\"eig-popup\" title=\"\" data-caption=\"\" target=\"_blank\"><i class=\"icon-view\"><\/i><span class=\"overlay\"><\/span><img loading=\"lazy\" decoding=\"async\" width=\"150\" height=\"150\" src=\"https:\/\/zxdoll.com\/wp-content\/uploads\/2023\/03\/the-sliver-doll-2a8x12-150x150.jpg\" class=\"attachment-thumbnail size-thumbnail\" alt=\"\" srcset=\"https:\/\/zxdoll.com\/wp-content\/uploads\/2023\/03\/the-sliver-doll-2a8x12-150x150.jpg 150w, https:\/\/zxdoll.com\/wp-content\/uploads\/2023\/03\/the-sliver-doll-2a8x12-300x300.jpg 300w, https:\/\/zxdoll.com\/wp-content\/uploads\/2023\/03\/the-sliver-doll-2a8x12-800x800.jpg 800w, https:\/\/zxdoll.com\/wp-content\/uploads\/2023\/03\/the-sliver-doll-2a8x12-768x768.jpg 768w, https:\/\/zxdoll.com\/wp-content\/uploads\/2023\/03\/the-sliver-doll-2a8x12-12x12.jpg 12w, https:\/\/zxdoll.com\/wp-content\/uploads\/2023\/03\/the-sliver-doll-2a8x12-860x860.jpg 860w, https:\/\/zxdoll.com\/wp-content\/uploads\/2023\/03\/the-sliver-doll-2a8x12-430x430.jpg 430w, https:\/\/zxdoll.com\/wp-content\/uploads\/2023\/03\/the-sliver-doll-2a8x12-700x700.jpg 700w, https:\/\/zxdoll.com\/wp-content\/uploads\/2023\/03\/the-sliver-doll-2a8x12.jpg 1001w\" sizes=\"(max-width: 150px) 100vw, 150px\" title=\"\"><\/a><\/li><li><a data-fancybox=\"gallery707\" href=\"https:\/\/zxdoll.com\/wp-content\/uploads\/2023\/03\/the-sliver-doll-2a8x13-800x800.jpg\" class=\"eig-popup\" title=\"\" data-caption=\"\" target=\"_blank\"><i class=\"icon-view\"><\/i><span class=\"overlay\"><\/span><img loading=\"lazy\" decoding=\"async\" width=\"150\" height=\"150\" src=\"https:\/\/zxdoll.com\/wp-content\/uploads\/2023\/03\/the-sliver-doll-2a8x13-150x150.jpg\" class=\"attachment-thumbnail size-thumbnail\" alt=\"\" srcset=\"https:\/\/zxdoll.com\/wp-content\/uploads\/2023\/03\/the-sliver-doll-2a8x13-150x150.jpg 150w, https:\/\/zxdoll.com\/wp-content\/uploads\/2023\/03\/the-sliver-doll-2a8x13-300x300.jpg 300w, https:\/\/zxdoll.com\/wp-content\/uploads\/2023\/03\/the-sliver-doll-2a8x13-800x800.jpg 800w, https:\/\/zxdoll.com\/wp-content\/uploads\/2023\/03\/the-sliver-doll-2a8x13-768x768.jpg 768w, https:\/\/zxdoll.com\/wp-content\/uploads\/2023\/03\/the-sliver-doll-2a8x13-12x12.jpg 12w, https:\/\/zxdoll.com\/wp-content\/uploads\/2023\/03\/the-sliver-doll-2a8x13-860x860.jpg 860w, https:\/\/zxdoll.com\/wp-content\/uploads\/2023\/03\/the-sliver-doll-2a8x13-430x430.jpg 430w, https:\/\/zxdoll.com\/wp-content\/uploads\/2023\/03\/the-sliver-doll-2a8x13-700x700.jpg 700w, https:\/\/zxdoll.com\/wp-content\/uploads\/2023\/03\/the-sliver-doll-2a8x13.jpg 1001w\" sizes=\"(max-width: 150px) 100vw, 150px\" title=\"\"><\/a><\/li><li><a data-fancybox=\"gallery707\" href=\"https:\/\/zxdoll.com\/wp-content\/uploads\/2023\/03\/the-sliver-doll-2a8x14-800x800.jpg\" class=\"eig-popup\" title=\"\" data-caption=\"\" target=\"_blank\"><i class=\"icon-view\"><\/i><span class=\"overlay\"><\/span><img loading=\"lazy\" decoding=\"async\" width=\"150\" height=\"150\" src=\"https:\/\/zxdoll.com\/wp-content\/uploads\/2023\/03\/the-sliver-doll-2a8x14-150x150.jpg\" class=\"attachment-thumbnail size-thumbnail\" alt=\"\" srcset=\"https:\/\/zxdoll.com\/wp-content\/uploads\/2023\/03\/the-sliver-doll-2a8x14-150x150.jpg 150w, https:\/\/zxdoll.com\/wp-content\/uploads\/2023\/03\/the-sliver-doll-2a8x14-300x300.jpg 300w, https:\/\/zxdoll.com\/wp-content\/uploads\/2023\/03\/the-sliver-doll-2a8x14-800x800.jpg 800w, https:\/\/zxdoll.com\/wp-content\/uploads\/2023\/03\/the-sliver-doll-2a8x14-768x768.jpg 768w, https:\/\/zxdoll.com\/wp-content\/uploads\/2023\/03\/the-sliver-doll-2a8x14-12x12.jpg 12w, https:\/\/zxdoll.com\/wp-content\/uploads\/2023\/03\/the-sliver-doll-2a8x14-860x860.jpg 860w, https:\/\/zxdoll.com\/wp-content\/uploads\/2023\/03\/the-sliver-doll-2a8x14-430x430.jpg 430w, https:\/\/zxdoll.com\/wp-content\/uploads\/2023\/03\/the-sliver-doll-2a8x14-700x700.jpg 700w, https:\/\/zxdoll.com\/wp-content\/uploads\/2023\/03\/the-sliver-doll-2a8x14.jpg 1001w\" sizes=\"(max-width: 150px) 100vw, 150px\" title=\"\"><\/a><\/li><li><a data-fancybox=\"gallery707\" href=\"https:\/\/zxdoll.com\/wp-content\/uploads\/2023\/03\/the-sliver-doll-2a8x15-533x800.jpg\" class=\"eig-popup\" title=\"\" data-caption=\"\" target=\"_blank\"><i class=\"icon-view\"><\/i><span class=\"overlay\"><\/span><img loading=\"lazy\" decoding=\"async\" width=\"150\" height=\"150\" src=\"https:\/\/zxdoll.com\/wp-content\/uploads\/2023\/03\/the-sliver-doll-2a8x15-150x150.jpg\" class=\"attachment-thumbnail size-thumbnail\" alt=\"\" title=\"\"><\/a><\/li><\/ul>\n<h4>Tableaux des tailles<\/h4>\n<table width=\"203\">\n<tbody>\n<tr>\n<td width=\"124\">Mat\u00e9riel<\/td>\n<td width=\"79\">TPE<\/td>\n<\/tr>\n<tr>\n<td>Hauteur<\/td>\n<td>160cm<\/td>\n<\/tr>\n<tr>\n<td>Bousiller<\/td>\n<td>77cm<\/td>\n<\/tr>\n<tr>\n<td>Taille<\/td>\n<td>51cm<\/td>\n<\/tr>\n<tr>\n<td>Hanche<\/td>\n<td>78cm<\/td>\n<\/tr>\n<tr>\n<td>\u00c9paule<\/td>\n<td>35cm<\/td>\n<\/tr>\n<tr>\n<td>Bras<\/td>\n<td>50cm<\/td>\n<\/tr>\n<tr>\n<td>Jambe<\/td>\n<td>85cm<\/td>\n<\/tr>\n<tr>\n<td width=\"124\">Pied<\/td>\n<td>21cm<\/td>\n<\/tr>\n<tr>\n<td width=\"124\">Poids net<\/td>\n<td>29 kg<\/td>\n<\/tr>\n<tr>\n<td>Profondeur orale<\/td>\n<td>13cm<\/td>\n<\/tr>\n<tr>\n<td>Profondeur du vagin<\/td>\n<td>18cm<\/td>\n<\/tr>\n<tr>\n<td>Profondeur anale<\/td>\n<td>17cm<\/td>\n<\/tr>\n<\/tbody>\n<\/table>\n<h4>\u00c0 propos de la poup\u00e9e sexuelle<\/h4>\n<p>La solitude ne manque pas dans ce monde. Quelques ann\u00e9es d&#039;isolement pand\u00e9mique n&#039;ont fait que souligner ce fait. Pour certaines personnes, c&#039;est simplement parce qu&#039;elles manquent d&#039;amis ou de famille, tandis que pour d&#039;autres, il y a un vide dans leur vie qui devrait \u00eatre rempli d&#039;amour romantique. Pour certaines personnes, combler ces lacunes peut sembler intimidant. Une poup\u00e9e sexuelle r\u00e9aliste peut faire une \u00e9norme diff\u00e9rence \u00e0 cet \u00e9gard, offrant aux individus la possibilit\u00e9 de se relier d&#039;une mani\u00e8re plus naturelle que certains ne le pensent. La poup\u00e9e femme bionique tire son nom de la femme bionique, un personnage t\u00e9l\u00e9vis\u00e9 la version f\u00e9minine de l&#039;homme bionique, c&#039;est une poup\u00e9e de baise conviviale et abordable avec une petite poitrine qui tient parfaitement dans vos paumes pour les ventouses. Avec elle, vous n&#039;avez pas \u00e0 vous soucier de la solitude, elle peut \u00eatre tout en une : une amie qui vous \u00e9coute, une compagne qui ne vous trahira pas, une partenaire sexuelle qui ne vous en veut pas et qui est pr\u00eate \u00e0 \u00eatre \u00e0 vous \u00e7a \u00e0 chaque instant.<\/p>","protected":false},"excerpt":{"rendered":"<p>Images de poup\u00e9e de sexe Tableaux de taille Mat\u00e9riel TPE Hauteur 160 cm Buste 77 cm Taille 51 cm Hanche 78 cm \u00c9paule 35 cm Bras 50 cm Jambe<\/p>","protected":false},"featured_media":25449,"comment_status":"open","ping_status":"closed","template":"","meta":[],"product_brand":[],"product_cat":[96,75,228,107,117,119],"product_tag":[],"class_list":{"0":"post-25447","1":"product","2":"type-product","3":"status-publish","4":"has-post-thumbnail","6":"product_cat-real-sex-dolls","7":"product_cat-160cm-170cm-sex-dolls","8":"product_cat-26kg-30kg","9":"product_cat-skinny-sex-dolls","10":"product_cat-small-breast-sex-doll","11":"product_cat-tpe-sex-doll","12":"pa_brand-sy-doll","13":"tm-has-options","15":"first","16":"instock","17":"sale","18":"shipping-taxable","19":"purchasable","20":"product-type-simple"},"_links":{"self":[{"href":"https:\/\/zxdoll.com\/fr\/wp-json\/wp\/v2\/product\/25447","targetHints":{"allow":["GET"]}}],"collection":[{"href":"https:\/\/zxdoll.com\/fr\/wp-json\/wp\/v2\/product"}],"about":[{"href":"https:\/\/zxdoll.com\/fr\/wp-json\/wp\/v2\/types\/product"}],"replies":[{"embeddable":true,"href":"https:\/\/zxdoll.com\/fr\/wp-json\/wp\/v2\/comments?post=25447"}],"version-history":[{"count":1,"href":"https:\/\/zxdoll.com\/fr\/wp-json\/wp\/v2\/product\/25447\/revisions"}],"predecessor-version":[{"id":101471,"href":"https:\/\/zxdoll.com\/fr\/wp-json\/wp\/v2\/product\/25447\/revisions\/101471"}],"wp:featuredmedia":[{"embeddable":true,"href":"https:\/\/zxdoll.com\/fr\/wp-json\/wp\/v2\/media\/25449"}],"wp:attachment":[{"href":"https:\/\/zxdoll.com\/fr\/wp-json\/wp\/v2\/media?parent=25447"}],"wp:term":[{"taxonomy":"product_brand","embeddable":true,"href":"https:\/\/zxdoll.com\/fr\/wp-json\/wp\/v2\/product_brand?post=25447"},{"taxonomy":"product_cat","embeddable":true,"href":"https:\/\/zxdoll.com\/fr\/wp-json\/wp\/v2\/product_cat?post=25447"},{"taxonomy":"product_tag","embeddable":true,"href":"https:\/\/zxdoll.com\/fr\/wp-json\/wp\/v2\/product_tag?post=25447"}],"curies":[{"name":"wp","href":"https:\/\/api.w.org\/{rel}","templated":true}]}}