{"id":24205,"date":"2023-03-27T03:22:07","date_gmt":"2023-03-26T19:22:07","guid":{"rendered":"https:\/\/zxdoll.com\/?post_type=product&#038;p=24205"},"modified":"2025-09-15T02:24:29","modified_gmt":"2025-09-14T18:24:29","slug":"affordable-beautiful-full-body-mannequin-doll","status":"publish","type":"product","link":"https:\/\/zxdoll.com\/fr\/product\/affordable-beautiful-full-body-mannequin-doll\/","title":{"rendered":"Abordable Belle Poup\u00e9e Mannequin Corps Complet Cassey 152cm"},"content":{"rendered":"<h4><strong>Images de poup\u00e9e de sexe<\/strong><\/h4>\n\t                <ul class=\"easy-image-gallery thumbnails-17 linked\">\r\n                    <li><a data-fancybox=\"gallery496\" href=\"https:\/\/zxdoll.com\/wp-content\/uploads\/2023\/03\/real-doll-company-s3r1-800x800.jpg\" class=\"eig-popup\" title=\"\" data-caption=\"\" target=\"_blank\"><i class=\"icon-view\"><\/i><span class=\"overlay\"><\/span><img decoding=\"async\" width=\"150\" height=\"150\" src=\"https:\/\/zxdoll.com\/wp-content\/uploads\/2023\/03\/real-doll-company-s3r1-150x150.jpg\" class=\"attachment-thumbnail size-thumbnail\" alt=\"\" srcset=\"https:\/\/zxdoll.com\/wp-content\/uploads\/2023\/03\/real-doll-company-s3r1-150x150.jpg 150w, https:\/\/zxdoll.com\/wp-content\/uploads\/2023\/03\/real-doll-company-s3r1-300x300.jpg 300w, https:\/\/zxdoll.com\/wp-content\/uploads\/2023\/03\/real-doll-company-s3r1-800x800.jpg 800w, https:\/\/zxdoll.com\/wp-content\/uploads\/2023\/03\/real-doll-company-s3r1-768x768.jpg 768w, https:\/\/zxdoll.com\/wp-content\/uploads\/2023\/03\/real-doll-company-s3r1-12x12.jpg 12w, https:\/\/zxdoll.com\/wp-content\/uploads\/2023\/03\/real-doll-company-s3r1-860x860.jpg 860w, https:\/\/zxdoll.com\/wp-content\/uploads\/2023\/03\/real-doll-company-s3r1-430x430.jpg 430w, https:\/\/zxdoll.com\/wp-content\/uploads\/2023\/03\/real-doll-company-s3r1-700x700.jpg 700w, https:\/\/zxdoll.com\/wp-content\/uploads\/2023\/03\/real-doll-company-s3r1.jpg 1001w\" sizes=\"(max-width: 150px) 100vw, 150px\" title=\"\"><\/a><\/li><li><a data-fancybox=\"gallery496\" href=\"https:\/\/zxdoll.com\/wp-content\/uploads\/2023\/03\/real-doll-company-s3r2-589x800.jpg\" class=\"eig-popup\" title=\"\" data-caption=\"\" target=\"_blank\"><i class=\"icon-view\"><\/i><span class=\"overlay\"><\/span><img decoding=\"async\" width=\"150\" height=\"150\" src=\"https:\/\/zxdoll.com\/wp-content\/uploads\/2023\/03\/real-doll-company-s3r2-150x150.jpg\" class=\"attachment-thumbnail size-thumbnail\" alt=\"\" title=\"\"><\/a><\/li><li><a data-fancybox=\"gallery496\" href=\"https:\/\/zxdoll.com\/wp-content\/uploads\/2023\/03\/real-doll-company-s3r3-574x800.jpg\" class=\"eig-popup\" title=\"\" data-caption=\"\" target=\"_blank\"><i class=\"icon-view\"><\/i><span class=\"overlay\"><\/span><img decoding=\"async\" width=\"150\" height=\"150\" src=\"https:\/\/zxdoll.com\/wp-content\/uploads\/2023\/03\/real-doll-company-s3r3-150x150.jpg\" class=\"attachment-thumbnail size-thumbnail\" alt=\"\" title=\"\"><\/a><\/li><li><a data-fancybox=\"gallery496\" href=\"https:\/\/zxdoll.com\/wp-content\/uploads\/2023\/03\/real-doll-company-s3r4-577x800.jpg\" class=\"eig-popup\" title=\"\" data-caption=\"\" target=\"_blank\"><i class=\"icon-view\"><\/i><span class=\"overlay\"><\/span><img loading=\"lazy\" decoding=\"async\" width=\"150\" height=\"150\" src=\"https:\/\/zxdoll.com\/wp-content\/uploads\/2023\/03\/real-doll-company-s3r4-150x150.jpg\" class=\"attachment-thumbnail size-thumbnail\" alt=\"\" title=\"\"><\/a><\/li><li><a data-fancybox=\"gallery496\" href=\"https:\/\/zxdoll.com\/wp-content\/uploads\/2023\/03\/real-doll-company-s3r5-800x800.jpg\" class=\"eig-popup\" title=\"\" data-caption=\"\" target=\"_blank\"><i class=\"icon-view\"><\/i><span class=\"overlay\"><\/span><img loading=\"lazy\" decoding=\"async\" width=\"150\" height=\"150\" src=\"https:\/\/zxdoll.com\/wp-content\/uploads\/2023\/03\/real-doll-company-s3r5-150x150.jpg\" class=\"attachment-thumbnail size-thumbnail\" alt=\"\" srcset=\"https:\/\/zxdoll.com\/wp-content\/uploads\/2023\/03\/real-doll-company-s3r5-150x150.jpg 150w, https:\/\/zxdoll.com\/wp-content\/uploads\/2023\/03\/real-doll-company-s3r5-300x300.jpg 300w, https:\/\/zxdoll.com\/wp-content\/uploads\/2023\/03\/real-doll-company-s3r5-800x800.jpg 800w, https:\/\/zxdoll.com\/wp-content\/uploads\/2023\/03\/real-doll-company-s3r5-768x768.jpg 768w, https:\/\/zxdoll.com\/wp-content\/uploads\/2023\/03\/real-doll-company-s3r5-12x12.jpg 12w, https:\/\/zxdoll.com\/wp-content\/uploads\/2023\/03\/real-doll-company-s3r5-860x860.jpg 860w, https:\/\/zxdoll.com\/wp-content\/uploads\/2023\/03\/real-doll-company-s3r5-430x430.jpg 430w, https:\/\/zxdoll.com\/wp-content\/uploads\/2023\/03\/real-doll-company-s3r5-700x700.jpg 700w, https:\/\/zxdoll.com\/wp-content\/uploads\/2023\/03\/real-doll-company-s3r5.jpg 1001w\" sizes=\"(max-width: 150px) 100vw, 150px\" title=\"\"><\/a><\/li><li><a data-fancybox=\"gallery496\" href=\"https:\/\/zxdoll.com\/wp-content\/uploads\/2023\/03\/real-doll-company-s3r6-800x800.jpg\" class=\"eig-popup\" title=\"\" data-caption=\"\" target=\"_blank\"><i class=\"icon-view\"><\/i><span class=\"overlay\"><\/span><img loading=\"lazy\" decoding=\"async\" width=\"150\" height=\"150\" src=\"https:\/\/zxdoll.com\/wp-content\/uploads\/2023\/03\/real-doll-company-s3r6-150x150.jpg\" class=\"attachment-thumbnail size-thumbnail\" alt=\"\" srcset=\"https:\/\/zxdoll.com\/wp-content\/uploads\/2023\/03\/real-doll-company-s3r6-150x150.jpg 150w, https:\/\/zxdoll.com\/wp-content\/uploads\/2023\/03\/real-doll-company-s3r6-300x300.jpg 300w, https:\/\/zxdoll.com\/wp-content\/uploads\/2023\/03\/real-doll-company-s3r6-800x800.jpg 800w, https:\/\/zxdoll.com\/wp-content\/uploads\/2023\/03\/real-doll-company-s3r6-768x768.jpg 768w, https:\/\/zxdoll.com\/wp-content\/uploads\/2023\/03\/real-doll-company-s3r6-12x12.jpg 12w, https:\/\/zxdoll.com\/wp-content\/uploads\/2023\/03\/real-doll-company-s3r6-860x860.jpg 860w, https:\/\/zxdoll.com\/wp-content\/uploads\/2023\/03\/real-doll-company-s3r6-430x430.jpg 430w, https:\/\/zxdoll.com\/wp-content\/uploads\/2023\/03\/real-doll-company-s3r6-700x700.jpg 700w, https:\/\/zxdoll.com\/wp-content\/uploads\/2023\/03\/real-doll-company-s3r6.jpg 1001w\" sizes=\"(max-width: 150px) 100vw, 150px\" title=\"\"><\/a><\/li><li><a data-fancybox=\"gallery496\" href=\"https:\/\/zxdoll.com\/wp-content\/uploads\/2023\/03\/real-doll-company-s3r7-800x800.jpg\" class=\"eig-popup\" title=\"\" data-caption=\"\" target=\"_blank\"><i class=\"icon-view\"><\/i><span class=\"overlay\"><\/span><img loading=\"lazy\" decoding=\"async\" width=\"150\" height=\"150\" src=\"https:\/\/zxdoll.com\/wp-content\/uploads\/2023\/03\/real-doll-company-s3r7-150x150.jpg\" class=\"attachment-thumbnail size-thumbnail\" alt=\"\" srcset=\"https:\/\/zxdoll.com\/wp-content\/uploads\/2023\/03\/real-doll-company-s3r7-150x150.jpg 150w, https:\/\/zxdoll.com\/wp-content\/uploads\/2023\/03\/real-doll-company-s3r7-300x300.jpg 300w, https:\/\/zxdoll.com\/wp-content\/uploads\/2023\/03\/real-doll-company-s3r7-800x800.jpg 800w, https:\/\/zxdoll.com\/wp-content\/uploads\/2023\/03\/real-doll-company-s3r7-768x768.jpg 768w, https:\/\/zxdoll.com\/wp-content\/uploads\/2023\/03\/real-doll-company-s3r7-12x12.jpg 12w, https:\/\/zxdoll.com\/wp-content\/uploads\/2023\/03\/real-doll-company-s3r7-860x860.jpg 860w, https:\/\/zxdoll.com\/wp-content\/uploads\/2023\/03\/real-doll-company-s3r7-430x430.jpg 430w, https:\/\/zxdoll.com\/wp-content\/uploads\/2023\/03\/real-doll-company-s3r7-700x700.jpg 700w, https:\/\/zxdoll.com\/wp-content\/uploads\/2023\/03\/real-doll-company-s3r7.jpg 1001w\" sizes=\"(max-width: 150px) 100vw, 150px\" title=\"\"><\/a><\/li><li><a data-fancybox=\"gallery496\" href=\"https:\/\/zxdoll.com\/wp-content\/uploads\/2023\/03\/real-doll-company-s3r8-800x800.jpg\" class=\"eig-popup\" title=\"\" data-caption=\"\" target=\"_blank\"><i class=\"icon-view\"><\/i><span class=\"overlay\"><\/span><img loading=\"lazy\" decoding=\"async\" width=\"150\" height=\"150\" src=\"https:\/\/zxdoll.com\/wp-content\/uploads\/2023\/03\/real-doll-company-s3r8-150x150.jpg\" class=\"attachment-thumbnail size-thumbnail\" alt=\"\" srcset=\"https:\/\/zxdoll.com\/wp-content\/uploads\/2023\/03\/real-doll-company-s3r8-150x150.jpg 150w, https:\/\/zxdoll.com\/wp-content\/uploads\/2023\/03\/real-doll-company-s3r8-300x300.jpg 300w, https:\/\/zxdoll.com\/wp-content\/uploads\/2023\/03\/real-doll-company-s3r8-800x800.jpg 800w, https:\/\/zxdoll.com\/wp-content\/uploads\/2023\/03\/real-doll-company-s3r8-768x768.jpg 768w, https:\/\/zxdoll.com\/wp-content\/uploads\/2023\/03\/real-doll-company-s3r8-12x12.jpg 12w, https:\/\/zxdoll.com\/wp-content\/uploads\/2023\/03\/real-doll-company-s3r8-860x860.jpg 860w, https:\/\/zxdoll.com\/wp-content\/uploads\/2023\/03\/real-doll-company-s3r8-430x430.jpg 430w, https:\/\/zxdoll.com\/wp-content\/uploads\/2023\/03\/real-doll-company-s3r8-700x700.jpg 700w, https:\/\/zxdoll.com\/wp-content\/uploads\/2023\/03\/real-doll-company-s3r8.jpg 1001w\" sizes=\"(max-width: 150px) 100vw, 150px\" title=\"\"><\/a><\/li><li><a data-fancybox=\"gallery496\" href=\"https:\/\/zxdoll.com\/wp-content\/uploads\/2023\/03\/real-doll-company-s3r9-800x800.jpg\" class=\"eig-popup\" title=\"\" data-caption=\"\" target=\"_blank\"><i class=\"icon-view\"><\/i><span class=\"overlay\"><\/span><img loading=\"lazy\" decoding=\"async\" width=\"150\" height=\"150\" src=\"https:\/\/zxdoll.com\/wp-content\/uploads\/2023\/03\/real-doll-company-s3r9-150x150.jpg\" class=\"attachment-thumbnail size-thumbnail\" alt=\"\" srcset=\"https:\/\/zxdoll.com\/wp-content\/uploads\/2023\/03\/real-doll-company-s3r9-150x150.jpg 150w, https:\/\/zxdoll.com\/wp-content\/uploads\/2023\/03\/real-doll-company-s3r9-300x300.jpg 300w, https:\/\/zxdoll.com\/wp-content\/uploads\/2023\/03\/real-doll-company-s3r9-800x800.jpg 800w, https:\/\/zxdoll.com\/wp-content\/uploads\/2023\/03\/real-doll-company-s3r9-768x768.jpg 768w, https:\/\/zxdoll.com\/wp-content\/uploads\/2023\/03\/real-doll-company-s3r9-12x12.jpg 12w, https:\/\/zxdoll.com\/wp-content\/uploads\/2023\/03\/real-doll-company-s3r9-860x860.jpg 860w, https:\/\/zxdoll.com\/wp-content\/uploads\/2023\/03\/real-doll-company-s3r9-430x430.jpg 430w, https:\/\/zxdoll.com\/wp-content\/uploads\/2023\/03\/real-doll-company-s3r9-700x700.jpg 700w, https:\/\/zxdoll.com\/wp-content\/uploads\/2023\/03\/real-doll-company-s3r9.jpg 1001w\" sizes=\"(max-width: 150px) 100vw, 150px\" title=\"\"><\/a><\/li><li><a data-fancybox=\"gallery496\" href=\"https:\/\/zxdoll.com\/wp-content\/uploads\/2023\/03\/real-doll-company-s3r10-800x800.jpg\" class=\"eig-popup\" title=\"\" data-caption=\"\" target=\"_blank\"><i class=\"icon-view\"><\/i><span class=\"overlay\"><\/span><img loading=\"lazy\" decoding=\"async\" width=\"150\" height=\"150\" src=\"https:\/\/zxdoll.com\/wp-content\/uploads\/2023\/03\/real-doll-company-s3r10-150x150.jpg\" class=\"attachment-thumbnail size-thumbnail\" alt=\"\" srcset=\"https:\/\/zxdoll.com\/wp-content\/uploads\/2023\/03\/real-doll-company-s3r10-150x150.jpg 150w, https:\/\/zxdoll.com\/wp-content\/uploads\/2023\/03\/real-doll-company-s3r10-300x300.jpg 300w, https:\/\/zxdoll.com\/wp-content\/uploads\/2023\/03\/real-doll-company-s3r10-800x800.jpg 800w, https:\/\/zxdoll.com\/wp-content\/uploads\/2023\/03\/real-doll-company-s3r10-768x768.jpg 768w, https:\/\/zxdoll.com\/wp-content\/uploads\/2023\/03\/real-doll-company-s3r10-12x12.jpg 12w, https:\/\/zxdoll.com\/wp-content\/uploads\/2023\/03\/real-doll-company-s3r10-860x860.jpg 860w, https:\/\/zxdoll.com\/wp-content\/uploads\/2023\/03\/real-doll-company-s3r10-430x430.jpg 430w, https:\/\/zxdoll.com\/wp-content\/uploads\/2023\/03\/real-doll-company-s3r10-700x700.jpg 700w, https:\/\/zxdoll.com\/wp-content\/uploads\/2023\/03\/real-doll-company-s3r10.jpg 1001w\" sizes=\"(max-width: 150px) 100vw, 150px\" title=\"\"><\/a><\/li><li><a data-fancybox=\"gallery496\" href=\"https:\/\/zxdoll.com\/wp-content\/uploads\/2023\/03\/real-doll-company-s3r11-800x800.jpg\" class=\"eig-popup\" title=\"\" data-caption=\"\" target=\"_blank\"><i class=\"icon-view\"><\/i><span class=\"overlay\"><\/span><img loading=\"lazy\" decoding=\"async\" width=\"150\" height=\"150\" src=\"https:\/\/zxdoll.com\/wp-content\/uploads\/2023\/03\/real-doll-company-s3r11-150x150.jpg\" class=\"attachment-thumbnail size-thumbnail\" alt=\"\" srcset=\"https:\/\/zxdoll.com\/wp-content\/uploads\/2023\/03\/real-doll-company-s3r11-150x150.jpg 150w, https:\/\/zxdoll.com\/wp-content\/uploads\/2023\/03\/real-doll-company-s3r11-300x300.jpg 300w, https:\/\/zxdoll.com\/wp-content\/uploads\/2023\/03\/real-doll-company-s3r11-800x800.jpg 800w, https:\/\/zxdoll.com\/wp-content\/uploads\/2023\/03\/real-doll-company-s3r11-768x768.jpg 768w, https:\/\/zxdoll.com\/wp-content\/uploads\/2023\/03\/real-doll-company-s3r11-12x12.jpg 12w, https:\/\/zxdoll.com\/wp-content\/uploads\/2023\/03\/real-doll-company-s3r11-860x860.jpg 860w, https:\/\/zxdoll.com\/wp-content\/uploads\/2023\/03\/real-doll-company-s3r11-430x430.jpg 430w, https:\/\/zxdoll.com\/wp-content\/uploads\/2023\/03\/real-doll-company-s3r11-700x700.jpg 700w, https:\/\/zxdoll.com\/wp-content\/uploads\/2023\/03\/real-doll-company-s3r11.jpg 1001w\" sizes=\"(max-width: 150px) 100vw, 150px\" title=\"\"><\/a><\/li><li><a data-fancybox=\"gallery496\" href=\"https:\/\/zxdoll.com\/wp-content\/uploads\/2023\/03\/real-doll-company-s3r12-800x800.jpg\" class=\"eig-popup\" title=\"\" data-caption=\"\" target=\"_blank\"><i class=\"icon-view\"><\/i><span class=\"overlay\"><\/span><img loading=\"lazy\" decoding=\"async\" width=\"150\" height=\"150\" src=\"https:\/\/zxdoll.com\/wp-content\/uploads\/2023\/03\/real-doll-company-s3r12-150x150.jpg\" class=\"attachment-thumbnail size-thumbnail\" alt=\"\" srcset=\"https:\/\/zxdoll.com\/wp-content\/uploads\/2023\/03\/real-doll-company-s3r12-150x150.jpg 150w, https:\/\/zxdoll.com\/wp-content\/uploads\/2023\/03\/real-doll-company-s3r12-300x300.jpg 300w, https:\/\/zxdoll.com\/wp-content\/uploads\/2023\/03\/real-doll-company-s3r12-800x800.jpg 800w, https:\/\/zxdoll.com\/wp-content\/uploads\/2023\/03\/real-doll-company-s3r12-768x768.jpg 768w, https:\/\/zxdoll.com\/wp-content\/uploads\/2023\/03\/real-doll-company-s3r12-12x12.jpg 12w, https:\/\/zxdoll.com\/wp-content\/uploads\/2023\/03\/real-doll-company-s3r12-860x860.jpg 860w, https:\/\/zxdoll.com\/wp-content\/uploads\/2023\/03\/real-doll-company-s3r12-430x430.jpg 430w, https:\/\/zxdoll.com\/wp-content\/uploads\/2023\/03\/real-doll-company-s3r12-700x700.jpg 700w, https:\/\/zxdoll.com\/wp-content\/uploads\/2023\/03\/real-doll-company-s3r12.jpg 1001w\" sizes=\"(max-width: 150px) 100vw, 150px\" title=\"\"><\/a><\/li><li><a data-fancybox=\"gallery496\" href=\"https:\/\/zxdoll.com\/wp-content\/uploads\/2023\/03\/real-doll-company-s3r13-800x800.jpg\" class=\"eig-popup\" title=\"\" data-caption=\"\" target=\"_blank\"><i class=\"icon-view\"><\/i><span class=\"overlay\"><\/span><img loading=\"lazy\" decoding=\"async\" width=\"150\" height=\"150\" src=\"https:\/\/zxdoll.com\/wp-content\/uploads\/2023\/03\/real-doll-company-s3r13-150x150.jpg\" class=\"attachment-thumbnail size-thumbnail\" alt=\"\" srcset=\"https:\/\/zxdoll.com\/wp-content\/uploads\/2023\/03\/real-doll-company-s3r13-150x150.jpg 150w, https:\/\/zxdoll.com\/wp-content\/uploads\/2023\/03\/real-doll-company-s3r13-300x300.jpg 300w, https:\/\/zxdoll.com\/wp-content\/uploads\/2023\/03\/real-doll-company-s3r13-800x800.jpg 800w, https:\/\/zxdoll.com\/wp-content\/uploads\/2023\/03\/real-doll-company-s3r13-768x768.jpg 768w, https:\/\/zxdoll.com\/wp-content\/uploads\/2023\/03\/real-doll-company-s3r13-12x12.jpg 12w, https:\/\/zxdoll.com\/wp-content\/uploads\/2023\/03\/real-doll-company-s3r13-860x860.jpg 860w, https:\/\/zxdoll.com\/wp-content\/uploads\/2023\/03\/real-doll-company-s3r13-430x430.jpg 430w, https:\/\/zxdoll.com\/wp-content\/uploads\/2023\/03\/real-doll-company-s3r13-700x700.jpg 700w, https:\/\/zxdoll.com\/wp-content\/uploads\/2023\/03\/real-doll-company-s3r13.jpg 1001w\" sizes=\"(max-width: 150px) 100vw, 150px\" title=\"\"><\/a><\/li><li><a data-fancybox=\"gallery496\" href=\"https:\/\/zxdoll.com\/wp-content\/uploads\/2023\/03\/real-doll-company-s3r14-800x800.jpg\" class=\"eig-popup\" title=\"\" data-caption=\"\" target=\"_blank\"><i class=\"icon-view\"><\/i><span class=\"overlay\"><\/span><img loading=\"lazy\" decoding=\"async\" width=\"150\" height=\"150\" src=\"https:\/\/zxdoll.com\/wp-content\/uploads\/2023\/03\/real-doll-company-s3r14-150x150.jpg\" class=\"attachment-thumbnail size-thumbnail\" alt=\"\" srcset=\"https:\/\/zxdoll.com\/wp-content\/uploads\/2023\/03\/real-doll-company-s3r14-150x150.jpg 150w, https:\/\/zxdoll.com\/wp-content\/uploads\/2023\/03\/real-doll-company-s3r14-300x300.jpg 300w, https:\/\/zxdoll.com\/wp-content\/uploads\/2023\/03\/real-doll-company-s3r14-800x800.jpg 800w, https:\/\/zxdoll.com\/wp-content\/uploads\/2023\/03\/real-doll-company-s3r14-768x768.jpg 768w, https:\/\/zxdoll.com\/wp-content\/uploads\/2023\/03\/real-doll-company-s3r14-12x12.jpg 12w, https:\/\/zxdoll.com\/wp-content\/uploads\/2023\/03\/real-doll-company-s3r14-860x860.jpg 860w, https:\/\/zxdoll.com\/wp-content\/uploads\/2023\/03\/real-doll-company-s3r14-430x430.jpg 430w, https:\/\/zxdoll.com\/wp-content\/uploads\/2023\/03\/real-doll-company-s3r14-700x700.jpg 700w, https:\/\/zxdoll.com\/wp-content\/uploads\/2023\/03\/real-doll-company-s3r14.jpg 1001w\" sizes=\"(max-width: 150px) 100vw, 150px\" title=\"\"><\/a><\/li><li><a data-fancybox=\"gallery496\" href=\"https:\/\/zxdoll.com\/wp-content\/uploads\/2023\/03\/real-doll-company-s3r16-800x800.jpg\" class=\"eig-popup\" title=\"\" data-caption=\"\" target=\"_blank\"><i class=\"icon-view\"><\/i><span class=\"overlay\"><\/span><img loading=\"lazy\" decoding=\"async\" width=\"150\" height=\"150\" src=\"https:\/\/zxdoll.com\/wp-content\/uploads\/2023\/03\/real-doll-company-s3r16-150x150.jpg\" class=\"attachment-thumbnail size-thumbnail\" alt=\"\" srcset=\"https:\/\/zxdoll.com\/wp-content\/uploads\/2023\/03\/real-doll-company-s3r16-150x150.jpg 150w, https:\/\/zxdoll.com\/wp-content\/uploads\/2023\/03\/real-doll-company-s3r16-300x300.jpg 300w, https:\/\/zxdoll.com\/wp-content\/uploads\/2023\/03\/real-doll-company-s3r16-800x800.jpg 800w, https:\/\/zxdoll.com\/wp-content\/uploads\/2023\/03\/real-doll-company-s3r16-768x768.jpg 768w, https:\/\/zxdoll.com\/wp-content\/uploads\/2023\/03\/real-doll-company-s3r16-12x12.jpg 12w, https:\/\/zxdoll.com\/wp-content\/uploads\/2023\/03\/real-doll-company-s3r16-860x860.jpg 860w, https:\/\/zxdoll.com\/wp-content\/uploads\/2023\/03\/real-doll-company-s3r16-430x430.jpg 430w, https:\/\/zxdoll.com\/wp-content\/uploads\/2023\/03\/real-doll-company-s3r16-700x700.jpg 700w, https:\/\/zxdoll.com\/wp-content\/uploads\/2023\/03\/real-doll-company-s3r16.jpg 1001w\" sizes=\"(max-width: 150px) 100vw, 150px\" title=\"\"><\/a><\/li><li><a data-fancybox=\"gallery496\" href=\"https:\/\/zxdoll.com\/wp-content\/uploads\/2023\/03\/real-doll-company-s3r17-800x800.jpg\" class=\"eig-popup\" title=\"\" data-caption=\"\" target=\"_blank\"><i class=\"icon-view\"><\/i><span class=\"overlay\"><\/span><img loading=\"lazy\" decoding=\"async\" width=\"150\" height=\"150\" src=\"https:\/\/zxdoll.com\/wp-content\/uploads\/2023\/03\/real-doll-company-s3r17-150x150.jpg\" class=\"attachment-thumbnail size-thumbnail\" alt=\"\" srcset=\"https:\/\/zxdoll.com\/wp-content\/uploads\/2023\/03\/real-doll-company-s3r17-150x150.jpg 150w, https:\/\/zxdoll.com\/wp-content\/uploads\/2023\/03\/real-doll-company-s3r17-300x300.jpg 300w, https:\/\/zxdoll.com\/wp-content\/uploads\/2023\/03\/real-doll-company-s3r17-800x800.jpg 800w, https:\/\/zxdoll.com\/wp-content\/uploads\/2023\/03\/real-doll-company-s3r17-768x768.jpg 768w, https:\/\/zxdoll.com\/wp-content\/uploads\/2023\/03\/real-doll-company-s3r17-12x12.jpg 12w, https:\/\/zxdoll.com\/wp-content\/uploads\/2023\/03\/real-doll-company-s3r17-860x860.jpg 860w, https:\/\/zxdoll.com\/wp-content\/uploads\/2023\/03\/real-doll-company-s3r17-430x430.jpg 430w, https:\/\/zxdoll.com\/wp-content\/uploads\/2023\/03\/real-doll-company-s3r17-700x700.jpg 700w, https:\/\/zxdoll.com\/wp-content\/uploads\/2023\/03\/real-doll-company-s3r17.jpg 1001w\" sizes=\"(max-width: 150px) 100vw, 150px\" title=\"\"><\/a><\/li><li><a data-fancybox=\"gallery496\" href=\"https:\/\/zxdoll.com\/wp-content\/uploads\/2023\/03\/real-doll-company-s3r18-800x800.jpg\" class=\"eig-popup\" title=\"\" data-caption=\"\" target=\"_blank\"><i class=\"icon-view\"><\/i><span class=\"overlay\"><\/span><img loading=\"lazy\" decoding=\"async\" width=\"150\" height=\"150\" src=\"https:\/\/zxdoll.com\/wp-content\/uploads\/2023\/03\/real-doll-company-s3r18-150x150.jpg\" class=\"attachment-thumbnail size-thumbnail\" alt=\"\" srcset=\"https:\/\/zxdoll.com\/wp-content\/uploads\/2023\/03\/real-doll-company-s3r18-150x150.jpg 150w, https:\/\/zxdoll.com\/wp-content\/uploads\/2023\/03\/real-doll-company-s3r18-300x300.jpg 300w, https:\/\/zxdoll.com\/wp-content\/uploads\/2023\/03\/real-doll-company-s3r18-800x800.jpg 800w, https:\/\/zxdoll.com\/wp-content\/uploads\/2023\/03\/real-doll-company-s3r18-768x768.jpg 768w, https:\/\/zxdoll.com\/wp-content\/uploads\/2023\/03\/real-doll-company-s3r18-12x12.jpg 12w, https:\/\/zxdoll.com\/wp-content\/uploads\/2023\/03\/real-doll-company-s3r18-860x860.jpg 860w, https:\/\/zxdoll.com\/wp-content\/uploads\/2023\/03\/real-doll-company-s3r18-430x430.jpg 430w, https:\/\/zxdoll.com\/wp-content\/uploads\/2023\/03\/real-doll-company-s3r18-700x700.jpg 700w, https:\/\/zxdoll.com\/wp-content\/uploads\/2023\/03\/real-doll-company-s3r18.jpg 1001w\" sizes=\"(max-width: 150px) 100vw, 150px\" title=\"\"><\/a><\/li><\/ul>\n<h4>Tableaux des tailles<\/h4>\n<table width=\"203\">\n<tbody>\n<tr>\n<td width=\"124\">Mat\u00e9riel<\/td>\n<td width=\"79\">TPE<\/td>\n<\/tr>\n<tr>\n<td>Hauteur<\/td>\n<td>152cm<\/td>\n<\/tr>\n<tr>\n<td>Bousiller<\/td>\n<td>90cm<\/td>\n<\/tr>\n<tr>\n<td>Taille<\/td>\n<td>56cm<\/td>\n<\/tr>\n<tr>\n<td>Hanche<\/td>\n<td>102cm<\/td>\n<\/tr>\n<tr>\n<td>\u00c9paule<\/td>\n<td>33cm<\/td>\n<\/tr>\n<tr>\n<td>Bras<\/td>\n<td>46cm<\/td>\n<\/tr>\n<tr>\n<td>Jambe<\/td>\n<td>80cm<\/td>\n<\/tr>\n<tr>\n<td width=\"124\">Pied<\/td>\n<td>19cm<\/td>\n<\/tr>\n<tr>\n<td width=\"124\">Poids net<\/td>\n<td>37 kg<\/td>\n<\/tr>\n<tr>\n<td>Profondeur orale<\/td>\n<td>13cm<\/td>\n<\/tr>\n<tr>\n<td>Profondeur du vagin<\/td>\n<td>18cm<\/td>\n<\/tr>\n<tr>\n<td>Profondeur anale<\/td>\n<td>17cm<\/td>\n<\/tr>\n<\/tbody>\n<\/table>\n<h4>\u00c0 propos de la poup\u00e9e sexuelle<\/h4>\n<p>Toutes les poup\u00e9es ne sont pas livr\u00e9es avec une partie du corps compl\u00e8te ; certains viennent avec seulement un demi-torse. Peu importe si votre poup\u00e9e est un mannequin complet ou une poup\u00e9e sexuelle \u00e0 demi-torse\u00a0; la seule chose qui compte, c&#039;est qu&#039;elle soit toujours capable de vous satisfaire sexuellement.<\/p>\n<p>Notre poup\u00e9e sexuelle demi-torse est une poup\u00e9e sexuelle qui ne contient que les parties sup\u00e9rieures du corps, comme un sein, une t\u00eate et un vagin. La meilleure poup\u00e9e torse-sexuelle peut toujours fonctionner exceptionnellement bien m\u00eame si elle n&#039;a pas de membre ou de jambe. Les meilleures poup\u00e9es sexuelles torse \u00e0 vendre peuvent \u00eatre trouv\u00e9es sur notre site Web \u00e0 un prix tr\u00e8s abordable. C&#039;est une poup\u00e9e sexuelle asiatique, ce qui explique son beau visage. Le torse de poup\u00e9e sexuelle est surtout parfait pour un quickie, et bien qu&#039;elle soit une poup\u00e9e pour le sexe, vous pouvez toujours lui trouver un compagnon appropri\u00e9.<\/p>\n<p>Nous avons tellement de critiques de poup\u00e9es sexuelles incroyables sur cette poup\u00e9e, et cela prouve seulement qu&#039;il s&#039;agit de la meilleure poup\u00e9e de f\u00e9e \u00e0 vendre. Nos poup\u00e9es sont \u00e9galement exp\u00e9di\u00e9es dans toutes les r\u00e9gions du monde et nous nous assurons qu&#039;elle arrive dans un endroit s\u00fbr.<\/p>","protected":false},"excerpt":{"rendered":"<p>Images de poup\u00e9e de sexe Tableaux de taille Mat\u00e9riel TPE Hauteur 152 cm Buste 90 cm Taille 56 cm Hanche 102 cm \u00c9paule 33 cm Bras 46 cm Jambe<\/p>","protected":false},"featured_media":24206,"comment_status":"open","ping_status":"closed","template":"","meta":[],"product_brand":[],"product_cat":[96,112,230,77,116,115,119],"product_tag":[],"class_list":{"0":"post-24205","1":"product","2":"type-product","3":"status-publish","4":"has-post-thumbnail","6":"product_cat-real-sex-dolls","7":"product_cat-150cm-159cm-sex-dolls","8":"product_cat-36kg-40kg","9":"product_cat-bbw-sex-doll","10":"product_cat-big-boobs-sex-doll","11":"product_cat-big-booty-sex-doll","12":"product_cat-tpe-sex-doll","13":"pa_brand-sy-doll","14":"tm-has-options","16":"first","17":"instock","18":"sale","19":"shipping-taxable","20":"purchasable","21":"product-type-simple"},"_links":{"self":[{"href":"https:\/\/zxdoll.com\/fr\/wp-json\/wp\/v2\/product\/24205","targetHints":{"allow":["GET"]}}],"collection":[{"href":"https:\/\/zxdoll.com\/fr\/wp-json\/wp\/v2\/product"}],"about":[{"href":"https:\/\/zxdoll.com\/fr\/wp-json\/wp\/v2\/types\/product"}],"replies":[{"embeddable":true,"href":"https:\/\/zxdoll.com\/fr\/wp-json\/wp\/v2\/comments?post=24205"}],"version-history":[{"count":1,"href":"https:\/\/zxdoll.com\/fr\/wp-json\/wp\/v2\/product\/24205\/revisions"}],"predecessor-version":[{"id":101392,"href":"https:\/\/zxdoll.com\/fr\/wp-json\/wp\/v2\/product\/24205\/revisions\/101392"}],"wp:featuredmedia":[{"embeddable":true,"href":"https:\/\/zxdoll.com\/fr\/wp-json\/wp\/v2\/media\/24206"}],"wp:attachment":[{"href":"https:\/\/zxdoll.com\/fr\/wp-json\/wp\/v2\/media?parent=24205"}],"wp:term":[{"taxonomy":"product_brand","embeddable":true,"href":"https:\/\/zxdoll.com\/fr\/wp-json\/wp\/v2\/product_brand?post=24205"},{"taxonomy":"product_cat","embeddable":true,"href":"https:\/\/zxdoll.com\/fr\/wp-json\/wp\/v2\/product_cat?post=24205"},{"taxonomy":"product_tag","embeddable":true,"href":"https:\/\/zxdoll.com\/fr\/wp-json\/wp\/v2\/product_tag?post=24205"}],"curies":[{"name":"wp","href":"https:\/\/api.w.org\/{rel}","templated":true}]}}