{"id":23215,"date":"2023-03-12T05:47:29","date_gmt":"2023-03-11T21:47:29","guid":{"rendered":"https:\/\/zxdoll.com\/?post_type=product&#038;p=23215"},"modified":"2025-09-10T23:31:20","modified_gmt":"2025-09-10T15:31:20","slug":"cheap-realistic-life-like-tpe-real-dolls","status":"publish","type":"product","link":"https:\/\/zxdoll.com\/fr\/product\/cheap-realistic-life-like-tpe-real-dolls\/","title":{"rendered":"Pas cher R\u00e9aliste Vie Comme TPE Real Dolls Kristian 164cm"},"content":{"rendered":"<h4><strong>Images de poup\u00e9e de sexe<\/strong><\/h4>\n\t                <ul class=\"easy-image-gallery thumbnails-21 linked\">\r\n                    <li><a data-fancybox=\"gallery966\" href=\"https:\/\/zxdoll.com\/wp-content\/uploads\/2023\/03\/custom-sex-doll-head-s9k1-533x800.jpg\" class=\"eig-popup\" title=\"\" data-caption=\"\" target=\"_blank\"><i class=\"icon-view\"><\/i><span class=\"overlay\"><\/span><img decoding=\"async\" width=\"150\" height=\"150\" src=\"https:\/\/zxdoll.com\/wp-content\/uploads\/2023\/03\/custom-sex-doll-head-s9k1-150x150.jpg\" class=\"attachment-thumbnail size-thumbnail\" alt=\"\" title=\"\"><\/a><\/li><li><a data-fancybox=\"gallery966\" href=\"https:\/\/zxdoll.com\/wp-content\/uploads\/2023\/03\/custom-sex-doll-head-s9k3-533x800.jpg\" class=\"eig-popup\" title=\"\" data-caption=\"\" target=\"_blank\"><i class=\"icon-view\"><\/i><span class=\"overlay\"><\/span><img decoding=\"async\" width=\"150\" height=\"150\" src=\"https:\/\/zxdoll.com\/wp-content\/uploads\/2023\/03\/custom-sex-doll-head-s9k3-150x150.jpg\" class=\"attachment-thumbnail size-thumbnail\" alt=\"\" title=\"\"><\/a><\/li><li><a data-fancybox=\"gallery966\" href=\"https:\/\/zxdoll.com\/wp-content\/uploads\/2023\/03\/custom-sex-doll-head-s9k4-1.jpg\" class=\"eig-popup\" title=\"\" data-caption=\"\" target=\"_blank\"><i class=\"icon-view\"><\/i><span class=\"overlay\"><\/span><img decoding=\"async\" width=\"150\" height=\"150\" src=\"https:\/\/zxdoll.com\/wp-content\/uploads\/2023\/03\/custom-sex-doll-head-s9k4-1-150x150.jpg\" class=\"attachment-thumbnail size-thumbnail\" alt=\"\" title=\"\"><\/a><\/li><li><a data-fancybox=\"gallery966\" href=\"https:\/\/zxdoll.com\/wp-content\/uploads\/2023\/03\/custom-sex-doll-head-s9k5-533x800.jpg\" class=\"eig-popup\" title=\"\" data-caption=\"\" target=\"_blank\"><i class=\"icon-view\"><\/i><span class=\"overlay\"><\/span><img loading=\"lazy\" decoding=\"async\" width=\"150\" height=\"150\" src=\"https:\/\/zxdoll.com\/wp-content\/uploads\/2023\/03\/custom-sex-doll-head-s9k5-150x150.jpg\" class=\"attachment-thumbnail size-thumbnail\" alt=\"\" title=\"\"><\/a><\/li><li><a data-fancybox=\"gallery966\" href=\"https:\/\/zxdoll.com\/wp-content\/uploads\/2023\/03\/custom-sex-doll-head-s9k6-376x800.jpg\" class=\"eig-popup\" title=\"\" data-caption=\"\" target=\"_blank\"><i class=\"icon-view\"><\/i><span class=\"overlay\"><\/span><img loading=\"lazy\" decoding=\"async\" width=\"150\" height=\"150\" src=\"https:\/\/zxdoll.com\/wp-content\/uploads\/2023\/03\/custom-sex-doll-head-s9k6-150x150.jpg\" class=\"attachment-thumbnail size-thumbnail\" alt=\"\" title=\"\"><\/a><\/li><li><a data-fancybox=\"gallery966\" href=\"https:\/\/zxdoll.com\/wp-content\/uploads\/2023\/03\/custom-sex-doll-head-s9k7.jpg\" class=\"eig-popup\" title=\"\" data-caption=\"\" target=\"_blank\"><i class=\"icon-view\"><\/i><span class=\"overlay\"><\/span><img loading=\"lazy\" decoding=\"async\" width=\"150\" height=\"150\" src=\"https:\/\/zxdoll.com\/wp-content\/uploads\/2023\/03\/custom-sex-doll-head-s9k7-150x150.jpg\" class=\"attachment-thumbnail size-thumbnail\" alt=\"\" title=\"\"><\/a><\/li><li><a data-fancybox=\"gallery966\" href=\"https:\/\/zxdoll.com\/wp-content\/uploads\/2023\/03\/custom-sex-doll-head-s9k9.jpg\" class=\"eig-popup\" title=\"\" data-caption=\"\" target=\"_blank\"><i class=\"icon-view\"><\/i><span class=\"overlay\"><\/span><img loading=\"lazy\" decoding=\"async\" width=\"150\" height=\"150\" src=\"https:\/\/zxdoll.com\/wp-content\/uploads\/2023\/03\/custom-sex-doll-head-s9k9-150x150.jpg\" class=\"attachment-thumbnail size-thumbnail\" alt=\"\" title=\"\"><\/a><\/li><li><a data-fancybox=\"gallery966\" href=\"https:\/\/zxdoll.com\/wp-content\/uploads\/2023\/03\/custom-sex-doll-head-s9k10.jpg\" class=\"eig-popup\" title=\"\" data-caption=\"\" target=\"_blank\"><i class=\"icon-view\"><\/i><span class=\"overlay\"><\/span><img loading=\"lazy\" decoding=\"async\" width=\"150\" height=\"150\" src=\"https:\/\/zxdoll.com\/wp-content\/uploads\/2023\/03\/custom-sex-doll-head-s9k10-150x150.jpg\" class=\"attachment-thumbnail size-thumbnail\" alt=\"\" title=\"\"><\/a><\/li><li><a data-fancybox=\"gallery966\" href=\"https:\/\/zxdoll.com\/wp-content\/uploads\/2023\/03\/custom-sex-doll-head-s9k11.jpg\" class=\"eig-popup\" title=\"\" data-caption=\"\" target=\"_blank\"><i class=\"icon-view\"><\/i><span class=\"overlay\"><\/span><img loading=\"lazy\" decoding=\"async\" width=\"150\" height=\"150\" src=\"https:\/\/zxdoll.com\/wp-content\/uploads\/2023\/03\/custom-sex-doll-head-s9k11-150x150.jpg\" class=\"attachment-thumbnail size-thumbnail\" alt=\"\" title=\"\"><\/a><\/li><li><a data-fancybox=\"gallery966\" href=\"https:\/\/zxdoll.com\/wp-content\/uploads\/2023\/03\/custom-sex-doll-head-s9k13.jpg\" class=\"eig-popup\" title=\"\" data-caption=\"\" target=\"_blank\"><i class=\"icon-view\"><\/i><span class=\"overlay\"><\/span><img loading=\"lazy\" decoding=\"async\" width=\"150\" height=\"150\" src=\"https:\/\/zxdoll.com\/wp-content\/uploads\/2023\/03\/custom-sex-doll-head-s9k13-150x150.jpg\" class=\"attachment-thumbnail size-thumbnail\" alt=\"\" title=\"\"><\/a><\/li><li><a data-fancybox=\"gallery966\" href=\"https:\/\/zxdoll.com\/wp-content\/uploads\/2023\/03\/custom-sex-doll-head-s9k15.jpg\" class=\"eig-popup\" title=\"\" data-caption=\"\" target=\"_blank\"><i class=\"icon-view\"><\/i><span class=\"overlay\"><\/span><img loading=\"lazy\" decoding=\"async\" width=\"150\" height=\"150\" src=\"https:\/\/zxdoll.com\/wp-content\/uploads\/2023\/03\/custom-sex-doll-head-s9k15-150x150.jpg\" class=\"attachment-thumbnail size-thumbnail\" alt=\"\" title=\"\"><\/a><\/li><li><a data-fancybox=\"gallery966\" href=\"https:\/\/zxdoll.com\/wp-content\/uploads\/2023\/03\/custom-sex-doll-head-s9k16.jpg\" class=\"eig-popup\" title=\"\" data-caption=\"\" target=\"_blank\"><i class=\"icon-view\"><\/i><span class=\"overlay\"><\/span><img loading=\"lazy\" decoding=\"async\" width=\"150\" height=\"150\" src=\"https:\/\/zxdoll.com\/wp-content\/uploads\/2023\/03\/custom-sex-doll-head-s9k16-150x150.jpg\" class=\"attachment-thumbnail size-thumbnail\" alt=\"\" title=\"\"><\/a><\/li><li><a data-fancybox=\"gallery966\" href=\"https:\/\/zxdoll.com\/wp-content\/uploads\/2023\/03\/custom-sex-doll-head-s9k17.jpg\" class=\"eig-popup\" title=\"\" data-caption=\"\" target=\"_blank\"><i class=\"icon-view\"><\/i><span class=\"overlay\"><\/span><img loading=\"lazy\" decoding=\"async\" width=\"150\" height=\"150\" src=\"https:\/\/zxdoll.com\/wp-content\/uploads\/2023\/03\/custom-sex-doll-head-s9k17-150x150.jpg\" class=\"attachment-thumbnail size-thumbnail\" alt=\"\" title=\"\"><\/a><\/li><li><a data-fancybox=\"gallery966\" href=\"https:\/\/zxdoll.com\/wp-content\/uploads\/2023\/03\/custom-sex-doll-head-s9k18-533x800.jpg\" class=\"eig-popup\" title=\"\" data-caption=\"\" target=\"_blank\"><i class=\"icon-view\"><\/i><span class=\"overlay\"><\/span><img loading=\"lazy\" decoding=\"async\" width=\"150\" height=\"150\" src=\"https:\/\/zxdoll.com\/wp-content\/uploads\/2023\/03\/custom-sex-doll-head-s9k18-150x150.jpg\" class=\"attachment-thumbnail size-thumbnail\" alt=\"\" title=\"\"><\/a><\/li><li><a data-fancybox=\"gallery966\" href=\"https:\/\/zxdoll.com\/wp-content\/uploads\/2023\/03\/custom-sex-doll-head-s9k20-533x800.jpg\" class=\"eig-popup\" title=\"\" data-caption=\"\" target=\"_blank\"><i class=\"icon-view\"><\/i><span class=\"overlay\"><\/span><img loading=\"lazy\" decoding=\"async\" width=\"150\" height=\"150\" src=\"https:\/\/zxdoll.com\/wp-content\/uploads\/2023\/03\/custom-sex-doll-head-s9k20-150x150.jpg\" class=\"attachment-thumbnail size-thumbnail\" alt=\"\" title=\"\"><\/a><\/li><li><a data-fancybox=\"gallery966\" href=\"https:\/\/zxdoll.com\/wp-content\/uploads\/2023\/03\/custom-sex-doll-head-s9k21.jpg\" class=\"eig-popup\" title=\"\" data-caption=\"\" target=\"_blank\"><i class=\"icon-view\"><\/i><span class=\"overlay\"><\/span><img loading=\"lazy\" decoding=\"async\" width=\"150\" height=\"150\" src=\"https:\/\/zxdoll.com\/wp-content\/uploads\/2023\/03\/custom-sex-doll-head-s9k21-150x150.jpg\" class=\"attachment-thumbnail size-thumbnail\" alt=\"\" title=\"\"><\/a><\/li><li><a data-fancybox=\"gallery966\" href=\"https:\/\/zxdoll.com\/wp-content\/uploads\/2023\/03\/custom-sex-doll-head-s9k22.jpg\" class=\"eig-popup\" title=\"\" data-caption=\"\" target=\"_blank\"><i class=\"icon-view\"><\/i><span class=\"overlay\"><\/span><img loading=\"lazy\" decoding=\"async\" width=\"150\" height=\"150\" src=\"https:\/\/zxdoll.com\/wp-content\/uploads\/2023\/03\/custom-sex-doll-head-s9k22-150x150.jpg\" class=\"attachment-thumbnail size-thumbnail\" alt=\"\" title=\"\"><\/a><\/li><li><a data-fancybox=\"gallery966\" href=\"https:\/\/zxdoll.com\/wp-content\/uploads\/2023\/03\/custom-sex-doll-head-s9k23.jpg\" class=\"eig-popup\" title=\"\" data-caption=\"\" target=\"_blank\"><i class=\"icon-view\"><\/i><span class=\"overlay\"><\/span><img loading=\"lazy\" decoding=\"async\" width=\"150\" height=\"150\" src=\"https:\/\/zxdoll.com\/wp-content\/uploads\/2023\/03\/custom-sex-doll-head-s9k23-150x150.jpg\" class=\"attachment-thumbnail size-thumbnail\" alt=\"\" title=\"\"><\/a><\/li><li><a data-fancybox=\"gallery966\" href=\"https:\/\/zxdoll.com\/wp-content\/uploads\/2023\/03\/custom-sex-doll-head-s9k24-533x800.jpg\" class=\"eig-popup\" title=\"\" data-caption=\"\" target=\"_blank\"><i class=\"icon-view\"><\/i><span class=\"overlay\"><\/span><img loading=\"lazy\" decoding=\"async\" width=\"150\" height=\"150\" src=\"https:\/\/zxdoll.com\/wp-content\/uploads\/2023\/03\/custom-sex-doll-head-s9k24-150x150.jpg\" class=\"attachment-thumbnail size-thumbnail\" alt=\"\" title=\"\"><\/a><\/li><li><a data-fancybox=\"gallery966\" href=\"https:\/\/zxdoll.com\/wp-content\/uploads\/2023\/03\/custom-sex-doll-head-s9k25.jpg\" class=\"eig-popup\" title=\"\" data-caption=\"\" target=\"_blank\"><i class=\"icon-view\"><\/i><span class=\"overlay\"><\/span><img loading=\"lazy\" decoding=\"async\" width=\"100\" height=\"150\" src=\"https:\/\/zxdoll.com\/wp-content\/uploads\/2023\/03\/custom-sex-doll-head-s9k25.jpg\" class=\"attachment-thumbnail size-thumbnail\" alt=\"\" title=\"\"><\/a><\/li><li><a data-fancybox=\"gallery966\" href=\"https:\/\/zxdoll.com\/wp-content\/uploads\/2023\/03\/custom-sex-doll-head-s9k26.jpg\" class=\"eig-popup\" title=\"\" data-caption=\"\" target=\"_blank\"><i class=\"icon-view\"><\/i><span class=\"overlay\"><\/span><img loading=\"lazy\" decoding=\"async\" width=\"150\" height=\"150\" src=\"https:\/\/zxdoll.com\/wp-content\/uploads\/2023\/03\/custom-sex-doll-head-s9k26-150x150.jpg\" class=\"attachment-thumbnail size-thumbnail\" alt=\"\" title=\"\"><\/a><\/li><\/ul>\n<h4>Tableaux des tailles<\/h4>\n<table width=\"269\">\n<tbody>\n<tr>\n<td width=\"130\">Mat\u00e9riel<\/td>\n<td width=\"139\">TPE<\/td>\n<\/tr>\n<tr>\n<td>Hauteur<\/td>\n<td>164cm<\/td>\n<\/tr>\n<tr>\n<td>Sein<\/td>\n<td>99cm<\/td>\n<\/tr>\n<tr>\n<td>Taille<\/td>\n<td>62cm<\/td>\n<\/tr>\n<tr>\n<td>Hanche<\/td>\n<td>116cm<\/td>\n<\/tr>\n<tr>\n<td>\u00c9paule<\/td>\n<td>37cm<\/td>\n<\/tr>\n<tr>\n<td>Longueur de jambe<\/td>\n<td>71cm<\/td>\n<\/tr>\n<tr>\n<td>Longueur de bras<\/td>\n<td>60cm<\/td>\n<\/tr>\n<tr>\n<td>Longueur du pied<\/td>\n<td>22cm<\/td>\n<\/tr>\n<tr>\n<td>Poids net<\/td>\n<td>55KG<\/td>\n<\/tr>\n<tr>\n<td>Profondeur orale<\/td>\n<td>12cm<\/td>\n<\/tr>\n<tr>\n<td>Profondeur vaginale<\/td>\n<td>22cm<\/td>\n<\/tr>\n<tr>\n<td>Profondeur anale<\/td>\n<td>18cm<\/td>\n<\/tr>\n<\/tbody>\n<\/table>\n<h4>\u00c0 propos de la poup\u00e9e sexuelle<\/h4>\n<p>Les poup\u00e9es sexuelles japonaises r\u00e9elles sont le meilleur choix pour tout homme \u00e0 la recherche d&#039;une grande satisfaction. Il n&#039;y a pas de limite \u00e0 la quantit\u00e9 de comp\u00e9tences que cette petite beaut\u00e9 peut donner, elle est pleine de talent quand il s&#039;agit d&#039;\u00eatre une professionnelle au lit. Essayez-la dans diff\u00e9rentes positions et voyez si elle ne vous hachera pas avec sa vie comme les expressions et les comp\u00e9tences humaines.<\/p>\n<p>Charg\u00e9es d&#039;accessoires mignons, d&#039;un visage plus mignon et d&#039;une chatte tr\u00e8s chaude avec des seins gais, ces poup\u00e9es sexuelles r\u00e9alistes sont les meilleures pour passer un bon moment au lit. Ce sont les poup\u00e9es r\u00e9elles les plus pr\u00e9cieuses \u00e0 vendre. Rien ne se compare au toucher et \u00e0 la sensation d&#039;une vraie poup\u00e9e tpe, et c&#039;est l&#039;une des poup\u00e9es sexuelles r\u00e9elles bon march\u00e9 les plus baisables que vous obtiendrez.<\/p>\n<p>Si vous voulez une vraie exp\u00e9rience, une douce exp\u00e9rience, optez pour ces vraies poup\u00e9es sexuelles. Une poup\u00e9e qui est garantie de se sentir exactement comme n&#039;importe quelle fille humaine et m\u00eame mieux. Pensez \u00e0 ne m\u00eame pas avoir \u00e0 faire un trou dans votre poche, pour une vie sexuelle puissante avec la poup\u00e9e la plus douce qui a la chatte la plus douce de tous les temps\u00a0!<\/p>","protected":false},"excerpt":{"rendered":"<p>Images de poup\u00e9e de sexe Tableaux des tailles Mat\u00e9riel TPE Hauteur 164 cm Poitrine 99 cm Taille 62 cm Hanche 116 cm \u00c9paule 37 cm Longueur de jambe 71 cm<\/p>","protected":false},"featured_media":23236,"comment_status":"open","ping_status":"closed","template":"","meta":[],"product_brand":[],"product_cat":[75,77,116,115,100,233,119],"product_tag":[],"class_list":{"0":"post-23215","1":"product","2":"type-product","3":"status-publish","4":"has-post-thumbnail","6":"product_cat-160cm-170cm-sex-dolls","7":"product_cat-bbw-sex-doll","8":"product_cat-big-boobs-sex-doll","9":"product_cat-big-booty-sex-doll","10":"product_cat-lifelike-love-dolls","11":"product_cat-over-51kg","12":"product_cat-tpe-sex-doll","13":"pa_brand-hr-doll","14":"tm-has-options","16":"first","17":"instock","18":"sale","19":"shipping-taxable","20":"purchasable","21":"product-type-simple"},"_links":{"self":[{"href":"https:\/\/zxdoll.com\/fr\/wp-json\/wp\/v2\/product\/23215","targetHints":{"allow":["GET"]}}],"collection":[{"href":"https:\/\/zxdoll.com\/fr\/wp-json\/wp\/v2\/product"}],"about":[{"href":"https:\/\/zxdoll.com\/fr\/wp-json\/wp\/v2\/types\/product"}],"replies":[{"embeddable":true,"href":"https:\/\/zxdoll.com\/fr\/wp-json\/wp\/v2\/comments?post=23215"}],"version-history":[{"count":1,"href":"https:\/\/zxdoll.com\/fr\/wp-json\/wp\/v2\/product\/23215\/revisions"}],"predecessor-version":[{"id":197723,"href":"https:\/\/zxdoll.com\/fr\/wp-json\/wp\/v2\/product\/23215\/revisions\/197723"}],"wp:featuredmedia":[{"embeddable":true,"href":"https:\/\/zxdoll.com\/fr\/wp-json\/wp\/v2\/media\/23236"}],"wp:attachment":[{"href":"https:\/\/zxdoll.com\/fr\/wp-json\/wp\/v2\/media?parent=23215"}],"wp:term":[{"taxonomy":"product_brand","embeddable":true,"href":"https:\/\/zxdoll.com\/fr\/wp-json\/wp\/v2\/product_brand?post=23215"},{"taxonomy":"product_cat","embeddable":true,"href":"https:\/\/zxdoll.com\/fr\/wp-json\/wp\/v2\/product_cat?post=23215"},{"taxonomy":"product_tag","embeddable":true,"href":"https:\/\/zxdoll.com\/fr\/wp-json\/wp\/v2\/product_tag?post=23215"}],"curies":[{"name":"wp","href":"https:\/\/api.w.org\/{rel}","templated":true}]}}