{"id":23139,"date":"2023-03-12T05:38:23","date_gmt":"2023-03-11T21:38:23","guid":{"rendered":"https:\/\/zxdoll.com\/?post_type=product&#038;p=23139"},"modified":"2025-09-10T23:30:56","modified_gmt":"2025-09-10T15:30:56","slug":"real-life-looking-sex-dolls-for-men","status":"publish","type":"product","link":"https:\/\/zxdoll.com\/fr\/product\/real-life-looking-sex-dolls-for-men\/","title":{"rendered":"Poup\u00e9es sexuelles r\u00e9alistes pour hommes Prisca 164cm"},"content":{"rendered":"<h4><strong>Images de poup\u00e9e de sexe<\/strong><\/h4>\n\t                <ul class=\"easy-image-gallery thumbnails-23 linked\">\r\n                    <li><a data-fancybox=\"gallery818\" href=\"https:\/\/zxdoll.com\/wp-content\/uploads\/2023\/03\/jessica-sex-doll-s8k1-1-533x800.jpg\" class=\"eig-popup\" title=\"\" data-caption=\"\" target=\"_blank\"><i class=\"icon-view\"><\/i><span class=\"overlay\"><\/span><img decoding=\"async\" width=\"150\" height=\"150\" src=\"https:\/\/zxdoll.com\/wp-content\/uploads\/2023\/03\/jessica-sex-doll-s8k1-1-150x150.jpg\" class=\"attachment-thumbnail size-thumbnail\" alt=\"\" title=\"\"><\/a><\/li><li><a data-fancybox=\"gallery818\" href=\"https:\/\/zxdoll.com\/wp-content\/uploads\/2023\/03\/jessica-sex-doll-s8k2-533x800.jpg\" class=\"eig-popup\" title=\"\" data-caption=\"\" target=\"_blank\"><i class=\"icon-view\"><\/i><span class=\"overlay\"><\/span><img decoding=\"async\" width=\"150\" height=\"150\" src=\"https:\/\/zxdoll.com\/wp-content\/uploads\/2023\/03\/jessica-sex-doll-s8k2-150x150.jpg\" class=\"attachment-thumbnail size-thumbnail\" alt=\"\" title=\"\"><\/a><\/li><li><a data-fancybox=\"gallery818\" href=\"https:\/\/zxdoll.com\/wp-content\/uploads\/2023\/03\/jessica-sex-doll-s8k3-533x800.jpg\" class=\"eig-popup\" title=\"\" data-caption=\"\" target=\"_blank\"><i class=\"icon-view\"><\/i><span class=\"overlay\"><\/span><img decoding=\"async\" width=\"150\" height=\"150\" src=\"https:\/\/zxdoll.com\/wp-content\/uploads\/2023\/03\/jessica-sex-doll-s8k3-150x150.jpg\" class=\"attachment-thumbnail size-thumbnail\" alt=\"\" title=\"\"><\/a><\/li><li><a data-fancybox=\"gallery818\" href=\"https:\/\/zxdoll.com\/wp-content\/uploads\/2023\/03\/jessica-sex-doll-s8k4.jpg\" class=\"eig-popup\" title=\"\" data-caption=\"\" target=\"_blank\"><i class=\"icon-view\"><\/i><span class=\"overlay\"><\/span><img loading=\"lazy\" decoding=\"async\" width=\"150\" height=\"150\" src=\"https:\/\/zxdoll.com\/wp-content\/uploads\/2023\/03\/jessica-sex-doll-s8k4-150x150.jpg\" class=\"attachment-thumbnail size-thumbnail\" alt=\"\" title=\"\"><\/a><\/li><li><a data-fancybox=\"gallery818\" href=\"https:\/\/zxdoll.com\/wp-content\/uploads\/2023\/03\/jessica-sex-doll-s8k5-533x800.jpg\" class=\"eig-popup\" title=\"\" data-caption=\"\" target=\"_blank\"><i class=\"icon-view\"><\/i><span class=\"overlay\"><\/span><img loading=\"lazy\" decoding=\"async\" width=\"150\" height=\"150\" src=\"https:\/\/zxdoll.com\/wp-content\/uploads\/2023\/03\/jessica-sex-doll-s8k5-150x150.jpg\" class=\"attachment-thumbnail size-thumbnail\" alt=\"\" title=\"\"><\/a><\/li><li><a data-fancybox=\"gallery818\" href=\"https:\/\/zxdoll.com\/wp-content\/uploads\/2023\/03\/jessica-sex-doll-s8k6-533x800.jpg\" class=\"eig-popup\" title=\"\" data-caption=\"\" target=\"_blank\"><i class=\"icon-view\"><\/i><span class=\"overlay\"><\/span><img loading=\"lazy\" decoding=\"async\" width=\"150\" height=\"150\" src=\"https:\/\/zxdoll.com\/wp-content\/uploads\/2023\/03\/jessica-sex-doll-s8k6-150x150.jpg\" class=\"attachment-thumbnail size-thumbnail\" alt=\"\" title=\"\"><\/a><\/li><li><a data-fancybox=\"gallery818\" href=\"https:\/\/zxdoll.com\/wp-content\/uploads\/2023\/03\/jessica-sex-doll-s8k7-533x800.jpg\" class=\"eig-popup\" title=\"\" data-caption=\"\" target=\"_blank\"><i class=\"icon-view\"><\/i><span class=\"overlay\"><\/span><img loading=\"lazy\" decoding=\"async\" width=\"150\" height=\"150\" src=\"https:\/\/zxdoll.com\/wp-content\/uploads\/2023\/03\/jessica-sex-doll-s8k7-150x150.jpg\" class=\"attachment-thumbnail size-thumbnail\" alt=\"\" title=\"\"><\/a><\/li><li><a data-fancybox=\"gallery818\" href=\"https:\/\/zxdoll.com\/wp-content\/uploads\/2023\/03\/jessica-sex-doll-s8k8-533x800.jpg\" class=\"eig-popup\" title=\"\" data-caption=\"\" target=\"_blank\"><i class=\"icon-view\"><\/i><span class=\"overlay\"><\/span><img loading=\"lazy\" decoding=\"async\" width=\"150\" height=\"150\" src=\"https:\/\/zxdoll.com\/wp-content\/uploads\/2023\/03\/jessica-sex-doll-s8k8-150x150.jpg\" class=\"attachment-thumbnail size-thumbnail\" alt=\"\" title=\"\"><\/a><\/li><li><a data-fancybox=\"gallery818\" href=\"https:\/\/zxdoll.com\/wp-content\/uploads\/2023\/03\/jessica-sex-doll-s8k9-533x800.jpg\" class=\"eig-popup\" title=\"\" data-caption=\"\" target=\"_blank\"><i class=\"icon-view\"><\/i><span class=\"overlay\"><\/span><img loading=\"lazy\" decoding=\"async\" width=\"150\" height=\"150\" src=\"https:\/\/zxdoll.com\/wp-content\/uploads\/2023\/03\/jessica-sex-doll-s8k9-150x150.jpg\" class=\"attachment-thumbnail size-thumbnail\" alt=\"\" title=\"\"><\/a><\/li><li><a data-fancybox=\"gallery818\" href=\"https:\/\/zxdoll.com\/wp-content\/uploads\/2023\/03\/jessica-sex-doll-s8k10-533x800.jpg\" class=\"eig-popup\" title=\"\" data-caption=\"\" target=\"_blank\"><i class=\"icon-view\"><\/i><span class=\"overlay\"><\/span><img loading=\"lazy\" decoding=\"async\" width=\"150\" height=\"150\" src=\"https:\/\/zxdoll.com\/wp-content\/uploads\/2023\/03\/jessica-sex-doll-s8k10-150x150.jpg\" class=\"attachment-thumbnail size-thumbnail\" alt=\"\" title=\"\"><\/a><\/li><li><a data-fancybox=\"gallery818\" href=\"https:\/\/zxdoll.com\/wp-content\/uploads\/2023\/03\/jessica-sex-doll-s8k11-502x800.jpg\" class=\"eig-popup\" title=\"\" data-caption=\"\" target=\"_blank\"><i class=\"icon-view\"><\/i><span class=\"overlay\"><\/span><img loading=\"lazy\" decoding=\"async\" width=\"150\" height=\"150\" src=\"https:\/\/zxdoll.com\/wp-content\/uploads\/2023\/03\/jessica-sex-doll-s8k11-150x150.jpg\" class=\"attachment-thumbnail size-thumbnail\" alt=\"\" title=\"\"><\/a><\/li><li><a data-fancybox=\"gallery818\" href=\"https:\/\/zxdoll.com\/wp-content\/uploads\/2023\/03\/jessica-sex-doll-s8k12.jpg\" class=\"eig-popup\" title=\"\" data-caption=\"\" target=\"_blank\"><i class=\"icon-view\"><\/i><span class=\"overlay\"><\/span><img loading=\"lazy\" decoding=\"async\" width=\"150\" height=\"150\" src=\"https:\/\/zxdoll.com\/wp-content\/uploads\/2023\/03\/jessica-sex-doll-s8k12-150x150.jpg\" class=\"attachment-thumbnail size-thumbnail\" alt=\"\" title=\"\"><\/a><\/li><li><a data-fancybox=\"gallery818\" href=\"https:\/\/zxdoll.com\/wp-content\/uploads\/2023\/03\/jessica-sex-doll-s8k13-533x800.jpg\" class=\"eig-popup\" title=\"\" data-caption=\"\" target=\"_blank\"><i class=\"icon-view\"><\/i><span class=\"overlay\"><\/span><img loading=\"lazy\" decoding=\"async\" width=\"150\" height=\"150\" src=\"https:\/\/zxdoll.com\/wp-content\/uploads\/2023\/03\/jessica-sex-doll-s8k13-150x150.jpg\" class=\"attachment-thumbnail size-thumbnail\" alt=\"\" title=\"\"><\/a><\/li><li><a data-fancybox=\"gallery818\" href=\"https:\/\/zxdoll.com\/wp-content\/uploads\/2023\/03\/jessica-sex-doll-s8k14-533x800.jpg\" class=\"eig-popup\" title=\"\" data-caption=\"\" target=\"_blank\"><i class=\"icon-view\"><\/i><span class=\"overlay\"><\/span><img loading=\"lazy\" decoding=\"async\" width=\"150\" height=\"150\" src=\"https:\/\/zxdoll.com\/wp-content\/uploads\/2023\/03\/jessica-sex-doll-s8k14-150x150.jpg\" class=\"attachment-thumbnail size-thumbnail\" alt=\"\" title=\"\"><\/a><\/li><li><a data-fancybox=\"gallery818\" href=\"https:\/\/zxdoll.com\/wp-content\/uploads\/2023\/03\/jessica-sex-doll-s8k15-533x800.jpg\" class=\"eig-popup\" title=\"\" data-caption=\"\" target=\"_blank\"><i class=\"icon-view\"><\/i><span class=\"overlay\"><\/span><img loading=\"lazy\" decoding=\"async\" width=\"150\" height=\"150\" src=\"https:\/\/zxdoll.com\/wp-content\/uploads\/2023\/03\/jessica-sex-doll-s8k15-150x150.jpg\" class=\"attachment-thumbnail size-thumbnail\" alt=\"\" title=\"\"><\/a><\/li><li><a data-fancybox=\"gallery818\" href=\"https:\/\/zxdoll.com\/wp-content\/uploads\/2023\/03\/jessica-sex-doll-s8k16-533x800.jpg\" class=\"eig-popup\" title=\"\" data-caption=\"\" target=\"_blank\"><i class=\"icon-view\"><\/i><span class=\"overlay\"><\/span><img loading=\"lazy\" decoding=\"async\" width=\"150\" height=\"150\" src=\"https:\/\/zxdoll.com\/wp-content\/uploads\/2023\/03\/jessica-sex-doll-s8k16-150x150.jpg\" class=\"attachment-thumbnail size-thumbnail\" alt=\"\" title=\"\"><\/a><\/li><li><a data-fancybox=\"gallery818\" href=\"https:\/\/zxdoll.com\/wp-content\/uploads\/2023\/03\/jessica-sex-doll-s8k17-533x800.jpg\" class=\"eig-popup\" title=\"\" data-caption=\"\" target=\"_blank\"><i class=\"icon-view\"><\/i><span class=\"overlay\"><\/span><img loading=\"lazy\" decoding=\"async\" width=\"150\" height=\"150\" src=\"https:\/\/zxdoll.com\/wp-content\/uploads\/2023\/03\/jessica-sex-doll-s8k17-150x150.jpg\" class=\"attachment-thumbnail size-thumbnail\" alt=\"\" title=\"\"><\/a><\/li><li><a data-fancybox=\"gallery818\" href=\"https:\/\/zxdoll.com\/wp-content\/uploads\/2023\/03\/jessica-sex-doll-s8k18-533x800.jpg\" class=\"eig-popup\" title=\"\" data-caption=\"\" target=\"_blank\"><i class=\"icon-view\"><\/i><span class=\"overlay\"><\/span><img loading=\"lazy\" decoding=\"async\" width=\"150\" height=\"150\" src=\"https:\/\/zxdoll.com\/wp-content\/uploads\/2023\/03\/jessica-sex-doll-s8k18-150x150.jpg\" class=\"attachment-thumbnail size-thumbnail\" alt=\"\" title=\"\"><\/a><\/li><li><a data-fancybox=\"gallery818\" href=\"https:\/\/zxdoll.com\/wp-content\/uploads\/2023\/03\/jessica-sex-doll-s8k19-533x800.jpg\" class=\"eig-popup\" title=\"\" data-caption=\"\" target=\"_blank\"><i class=\"icon-view\"><\/i><span class=\"overlay\"><\/span><img loading=\"lazy\" decoding=\"async\" width=\"150\" height=\"150\" src=\"https:\/\/zxdoll.com\/wp-content\/uploads\/2023\/03\/jessica-sex-doll-s8k19-150x150.jpg\" class=\"attachment-thumbnail size-thumbnail\" alt=\"\" title=\"\"><\/a><\/li><li><a data-fancybox=\"gallery818\" href=\"https:\/\/zxdoll.com\/wp-content\/uploads\/2023\/03\/jessica-sex-doll-s8k20-533x800.jpg\" class=\"eig-popup\" title=\"\" data-caption=\"\" target=\"_blank\"><i class=\"icon-view\"><\/i><span class=\"overlay\"><\/span><img loading=\"lazy\" decoding=\"async\" width=\"150\" height=\"150\" src=\"https:\/\/zxdoll.com\/wp-content\/uploads\/2023\/03\/jessica-sex-doll-s8k20-150x150.jpg\" class=\"attachment-thumbnail size-thumbnail\" alt=\"\" title=\"\"><\/a><\/li><li><a data-fancybox=\"gallery818\" href=\"https:\/\/zxdoll.com\/wp-content\/uploads\/2023\/03\/jessica-sex-doll-s8k21-533x800.jpg\" class=\"eig-popup\" title=\"\" data-caption=\"\" target=\"_blank\"><i class=\"icon-view\"><\/i><span class=\"overlay\"><\/span><img loading=\"lazy\" decoding=\"async\" width=\"150\" height=\"150\" src=\"https:\/\/zxdoll.com\/wp-content\/uploads\/2023\/03\/jessica-sex-doll-s8k21-150x150.jpg\" class=\"attachment-thumbnail size-thumbnail\" alt=\"\" title=\"\"><\/a><\/li><li><a data-fancybox=\"gallery818\" href=\"https:\/\/zxdoll.com\/wp-content\/uploads\/2023\/03\/jessica-sex-doll-s8k22-533x800.jpg\" class=\"eig-popup\" title=\"\" data-caption=\"\" target=\"_blank\"><i class=\"icon-view\"><\/i><span class=\"overlay\"><\/span><img loading=\"lazy\" decoding=\"async\" width=\"150\" height=\"150\" src=\"https:\/\/zxdoll.com\/wp-content\/uploads\/2023\/03\/jessica-sex-doll-s8k22-150x150.jpg\" class=\"attachment-thumbnail size-thumbnail\" alt=\"\" title=\"\"><\/a><\/li><li><a data-fancybox=\"gallery818\" href=\"https:\/\/zxdoll.com\/wp-content\/uploads\/2023\/03\/jessica-sex-doll-s8k23.jpg\" class=\"eig-popup\" title=\"\" data-caption=\"\" target=\"_blank\"><i class=\"icon-view\"><\/i><span class=\"overlay\"><\/span><img loading=\"lazy\" decoding=\"async\" width=\"150\" height=\"150\" src=\"https:\/\/zxdoll.com\/wp-content\/uploads\/2023\/03\/jessica-sex-doll-s8k23-150x150.jpg\" class=\"attachment-thumbnail size-thumbnail\" alt=\"\" title=\"\"><\/a><\/li><\/ul>\n<h4>Tableaux des tailles<\/h4>\n<table width=\"269\">\n<tbody>\n<tr>\n<td width=\"130\">Mat\u00e9riel<\/td>\n<td width=\"139\">TPE<\/td>\n<\/tr>\n<tr>\n<td>Hauteur<\/td>\n<td>164cm<\/td>\n<\/tr>\n<tr>\n<td>Sein<\/td>\n<td>99cm<\/td>\n<\/tr>\n<tr>\n<td>Taille<\/td>\n<td>62cm<\/td>\n<\/tr>\n<tr>\n<td>Hanche<\/td>\n<td>116cm<\/td>\n<\/tr>\n<tr>\n<td>\u00c9paule<\/td>\n<td>37cm<\/td>\n<\/tr>\n<tr>\n<td>Longueur de jambe<\/td>\n<td>71cm<\/td>\n<\/tr>\n<tr>\n<td>Longueur de bras<\/td>\n<td>60cm<\/td>\n<\/tr>\n<tr>\n<td>Longueur du pied<\/td>\n<td>22cm<\/td>\n<\/tr>\n<tr>\n<td>Poids net<\/td>\n<td>55KG<\/td>\n<\/tr>\n<tr>\n<td>Profondeur orale<\/td>\n<td>12cm<\/td>\n<\/tr>\n<tr>\n<td>Profondeur vaginale<\/td>\n<td>22cm<\/td>\n<\/tr>\n<tr>\n<td>Profondeur anale<\/td>\n<td>18cm<\/td>\n<\/tr>\n<\/tbody>\n<\/table>\n<h4>\u00c0 propos de la poup\u00e9e sexuelle<\/h4>\n<p>Elle est m\u00e9chante et intelligente, et on dirait qu&#039;elle pourrait aussi avoir une attitude. C&#039;est une poup\u00e9e d&#039;amour pour les vrais hommes avec une imagination sexuelle vraiment incroyable. Ce n&#039;est pas une poup\u00e9e \u00e0 laisser de c\u00f4t\u00e9 car vous devriez \u00eatre pr\u00eat \u00e0 essayer beaucoup de choses sexy avec elle. Elle est coquine, d\u00e9cha\u00eenez-vous sur ce cul. La jolie poup\u00e9e Lori est incontournable.<\/p>\n<p>Cette attitude peut certainement \u00eatre apprivois\u00e9e, et elle est toute \u00e0 vous pour la sensation et l&#039;exp\u00e9rience totalement authentiques. Calmez-la, dominez-la et apprivoisez-la avec une baise incroyable vraiment coquine. Les poup\u00e9es de baise sont les meilleures pour se plier dans vos positions pr\u00e9f\u00e9r\u00e9es pour une satisfaction ultime. Une poup\u00e9e sexuelle en tpe r\u00e9aliste est tout ce dont vous avez besoin pour vraiment aller au-del\u00e0.<\/p>\n<p>Pourquoi ne pas essayer le potentiel infini des poup\u00e9es sexuelles d&#039;apparence r\u00e9elle, la satisfaction est sans fin avec une vraie poup\u00e9e sexuelle en direct, surmont\u00e9e d&#039;une chatte extr\u00eamement r\u00e9elle qui vous fera avancer sans fin. Une fois que vous avez go\u00fbt\u00e9, cela ne suffit jamais. Votre exp\u00e9rience avec elle ne ressemblera \u00e0 rien de ce que vous avez d\u00e9j\u00e0 v\u00e9cu.<\/p>","protected":false},"excerpt":{"rendered":"<p>Images de poup\u00e9e de sexe Tableaux des tailles Mat\u00e9riel TPE Hauteur 164 cm Poitrine 99 cm Taille 62 cm Hanche 116 cm \u00c9paule 37 cm Longueur de jambe 71 cm<\/p>","protected":false},"featured_media":23140,"comment_status":"open","ping_status":"closed","template":"","meta":[],"product_brand":[],"product_cat":[75,77,116,115,100,233,119],"product_tag":[],"class_list":{"0":"post-23139","1":"product","2":"type-product","3":"status-publish","4":"has-post-thumbnail","6":"product_cat-160cm-170cm-sex-dolls","7":"product_cat-bbw-sex-doll","8":"product_cat-big-boobs-sex-doll","9":"product_cat-big-booty-sex-doll","10":"product_cat-lifelike-love-dolls","11":"product_cat-over-51kg","12":"product_cat-tpe-sex-doll","13":"pa_brand-hr-doll","14":"tm-has-options","16":"first","17":"instock","18":"sale","19":"shipping-taxable","20":"purchasable","21":"product-type-simple"},"_links":{"self":[{"href":"https:\/\/zxdoll.com\/fr\/wp-json\/wp\/v2\/product\/23139","targetHints":{"allow":["GET"]}}],"collection":[{"href":"https:\/\/zxdoll.com\/fr\/wp-json\/wp\/v2\/product"}],"about":[{"href":"https:\/\/zxdoll.com\/fr\/wp-json\/wp\/v2\/types\/product"}],"replies":[{"embeddable":true,"href":"https:\/\/zxdoll.com\/fr\/wp-json\/wp\/v2\/comments?post=23139"}],"version-history":[{"count":1,"href":"https:\/\/zxdoll.com\/fr\/wp-json\/wp\/v2\/product\/23139\/revisions"}],"predecessor-version":[{"id":155084,"href":"https:\/\/zxdoll.com\/fr\/wp-json\/wp\/v2\/product\/23139\/revisions\/155084"}],"wp:featuredmedia":[{"embeddable":true,"href":"https:\/\/zxdoll.com\/fr\/wp-json\/wp\/v2\/media\/23140"}],"wp:attachment":[{"href":"https:\/\/zxdoll.com\/fr\/wp-json\/wp\/v2\/media?parent=23139"}],"wp:term":[{"taxonomy":"product_brand","embeddable":true,"href":"https:\/\/zxdoll.com\/fr\/wp-json\/wp\/v2\/product_brand?post=23139"},{"taxonomy":"product_cat","embeddable":true,"href":"https:\/\/zxdoll.com\/fr\/wp-json\/wp\/v2\/product_cat?post=23139"},{"taxonomy":"product_tag","embeddable":true,"href":"https:\/\/zxdoll.com\/fr\/wp-json\/wp\/v2\/product_tag?post=23139"}],"curies":[{"name":"wp","href":"https:\/\/api.w.org\/{rel}","templated":true}]}}