{"id":185683,"date":"2024-09-29T19:48:43","date_gmt":"2024-09-29T11:48:43","guid":{"rendered":"https:\/\/zxdoll.com\/?post_type=product&#038;p=185683"},"modified":"2024-10-03T00:45:12","modified_gmt":"2024-10-02T16:45:12","slug":"american-girl-doll-sex-tumblr","status":"publish","type":"product","link":"https:\/\/zxdoll.com\/fr\/product\/american-girl-doll-sex-tumblr\/","title":{"rendered":"Poup\u00e9e am\u00e9ricaine Sex Tumblr Suzetta 168cm"},"content":{"rendered":"<h4><strong>Images de poup\u00e9e de sexe<\/strong><\/h4>\n\t                <ul class=\"easy-image-gallery thumbnails-10 linked\">\r\n                    <li><a data-fancybox=\"gallery904\" href=\"https:\/\/zxdoll.com\/wp-content\/uploads\/2024\/09\/eevee-sex-doll-vNc30u1-533x800.jpg\" class=\"eig-popup\" title=\"\" data-caption=\"\" target=\"_blank\"><i class=\"icon-view\"><\/i><span class=\"overlay\"><\/span><img decoding=\"async\" width=\"150\" height=\"150\" src=\"https:\/\/zxdoll.com\/wp-content\/uploads\/2024\/09\/eevee-sex-doll-vNc30u1-150x150.jpg\" class=\"attachment-thumbnail size-thumbnail\" alt=\"\" title=\"\"><\/a><\/li><li><a data-fancybox=\"gallery904\" href=\"https:\/\/zxdoll.com\/wp-content\/uploads\/2024\/09\/eevee-sex-doll-vNc30u2-533x800.jpg\" class=\"eig-popup\" title=\"\" data-caption=\"\" target=\"_blank\"><i class=\"icon-view\"><\/i><span class=\"overlay\"><\/span><img decoding=\"async\" width=\"150\" height=\"150\" src=\"https:\/\/zxdoll.com\/wp-content\/uploads\/2024\/09\/eevee-sex-doll-vNc30u2-150x150.jpg\" class=\"attachment-thumbnail size-thumbnail\" alt=\"\" title=\"\"><\/a><\/li><li><a data-fancybox=\"gallery904\" href=\"https:\/\/zxdoll.com\/wp-content\/uploads\/2024\/09\/eevee-sex-doll-vNc30u3-533x800.jpg\" class=\"eig-popup\" title=\"\" data-caption=\"\" target=\"_blank\"><i class=\"icon-view\"><\/i><span class=\"overlay\"><\/span><img decoding=\"async\" width=\"150\" height=\"150\" src=\"https:\/\/zxdoll.com\/wp-content\/uploads\/2024\/09\/eevee-sex-doll-vNc30u3-150x150.jpg\" class=\"attachment-thumbnail size-thumbnail\" alt=\"\" title=\"\"><\/a><\/li><li><a data-fancybox=\"gallery904\" href=\"https:\/\/zxdoll.com\/wp-content\/uploads\/2024\/09\/eevee-sex-doll-vNc30u4-533x800.jpg\" class=\"eig-popup\" title=\"\" data-caption=\"\" target=\"_blank\"><i class=\"icon-view\"><\/i><span class=\"overlay\"><\/span><img loading=\"lazy\" decoding=\"async\" width=\"150\" height=\"150\" src=\"https:\/\/zxdoll.com\/wp-content\/uploads\/2024\/09\/eevee-sex-doll-vNc30u4-150x150.jpg\" class=\"attachment-thumbnail size-thumbnail\" alt=\"\" title=\"\"><\/a><\/li><li><a data-fancybox=\"gallery904\" href=\"https:\/\/zxdoll.com\/wp-content\/uploads\/2024\/09\/eevee-sex-doll-vNc30u5.jpg\" class=\"eig-popup\" title=\"\" data-caption=\"\" target=\"_blank\"><i class=\"icon-view\"><\/i><span class=\"overlay\"><\/span><img loading=\"lazy\" decoding=\"async\" width=\"150\" height=\"150\" src=\"https:\/\/zxdoll.com\/wp-content\/uploads\/2024\/09\/eevee-sex-doll-vNc30u5-150x150.jpg\" class=\"attachment-thumbnail size-thumbnail\" alt=\"\" title=\"\"><\/a><\/li><li><a data-fancybox=\"gallery904\" href=\"https:\/\/zxdoll.com\/wp-content\/uploads\/2024\/09\/eevee-sex-doll-vNc30u6-533x800.jpg\" class=\"eig-popup\" title=\"\" data-caption=\"\" target=\"_blank\"><i class=\"icon-view\"><\/i><span class=\"overlay\"><\/span><img loading=\"lazy\" decoding=\"async\" width=\"150\" height=\"150\" src=\"https:\/\/zxdoll.com\/wp-content\/uploads\/2024\/09\/eevee-sex-doll-vNc30u6-150x150.jpg\" class=\"attachment-thumbnail size-thumbnail\" alt=\"\" title=\"\"><\/a><\/li><li><a data-fancybox=\"gallery904\" href=\"https:\/\/zxdoll.com\/wp-content\/uploads\/2024\/09\/eevee-sex-doll-vNc30u7-533x800.jpg\" class=\"eig-popup\" title=\"\" data-caption=\"\" target=\"_blank\"><i class=\"icon-view\"><\/i><span class=\"overlay\"><\/span><img loading=\"lazy\" decoding=\"async\" width=\"150\" height=\"150\" src=\"https:\/\/zxdoll.com\/wp-content\/uploads\/2024\/09\/eevee-sex-doll-vNc30u7-150x150.jpg\" class=\"attachment-thumbnail size-thumbnail\" alt=\"\" title=\"\"><\/a><\/li><li><a data-fancybox=\"gallery904\" href=\"https:\/\/zxdoll.com\/wp-content\/uploads\/2024\/09\/eevee-sex-doll-vNc30u8-533x800.jpg\" class=\"eig-popup\" title=\"\" data-caption=\"\" target=\"_blank\"><i class=\"icon-view\"><\/i><span class=\"overlay\"><\/span><img loading=\"lazy\" decoding=\"async\" width=\"150\" height=\"150\" src=\"https:\/\/zxdoll.com\/wp-content\/uploads\/2024\/09\/eevee-sex-doll-vNc30u8-150x150.jpg\" class=\"attachment-thumbnail size-thumbnail\" alt=\"\" title=\"\"><\/a><\/li><li><a data-fancybox=\"gallery904\" href=\"https:\/\/zxdoll.com\/wp-content\/uploads\/2024\/09\/eevee-sex-doll-vNc30u24-533x800.jpg\" class=\"eig-popup\" title=\"\" data-caption=\"\" target=\"_blank\"><i class=\"icon-view\"><\/i><span class=\"overlay\"><\/span><img loading=\"lazy\" decoding=\"async\" width=\"150\" height=\"150\" src=\"https:\/\/zxdoll.com\/wp-content\/uploads\/2024\/09\/eevee-sex-doll-vNc30u24-150x150.jpg\" class=\"attachment-thumbnail size-thumbnail\" alt=\"\" title=\"\"><\/a><\/li><li><a data-fancybox=\"gallery904\" href=\"https:\/\/zxdoll.com\/wp-content\/uploads\/2024\/09\/eevee-sex-doll-vNc30u25.jpg\" class=\"eig-popup\" title=\"\" data-caption=\"\" target=\"_blank\"><i class=\"icon-view\"><\/i><span class=\"overlay\"><\/span><img loading=\"lazy\" decoding=\"async\" width=\"150\" height=\"150\" src=\"https:\/\/zxdoll.com\/wp-content\/uploads\/2024\/09\/eevee-sex-doll-vNc30u25-150x150.jpg\" class=\"attachment-thumbnail size-thumbnail\" alt=\"\" title=\"\"><\/a><\/li><\/ul>\n<h4>Tableaux des tailles<\/h4>\n<table width=\"349\">\n<tbody>\n<tr>\n<td width=\"177\">Mat\u00e9riel<\/td>\n<td width=\"172\">Enti\u00e8rement en silicone<\/td>\n<\/tr>\n<tr>\n<td>Taille du corps<\/td>\n<td>168cm<\/td>\n<\/tr>\n<tr>\n<td>Poids net<\/td>\n<td>35 kg<\/td>\n<\/tr>\n<tr>\n<td>Buste complet<\/td>\n<td>82cm<\/td>\n<\/tr>\n<tr>\n<td>Sous le buste<\/td>\n<td>60cm<\/td>\n<\/tr>\n<tr>\n<td>Taille<\/td>\n<td>54cm<\/td>\n<\/tr>\n<tr>\n<td>Hanche<\/td>\n<td>87cm<\/td>\n<\/tr>\n<tr>\n<td>Longueur du pied<\/td>\n<td>21cm<\/td>\n<\/tr>\n<tr>\n<td>\u00c9paule<\/td>\n<td>34cm<\/td>\n<\/tr>\n<tr>\n<td>Profondeur du vagin<\/td>\n<td>18cm<\/td>\n<\/tr>\n<tr>\n<td>Profondeur de l&#039;anus<\/td>\n<td>15cm<\/td>\n<\/tr>\n<tr>\n<td>Profondeur orale (t\u00eate molle)<\/td>\n<td>12cm<\/td>\n<\/tr>\n<\/tbody>\n<\/table>\n<h4>\u00c0 propos de la poup\u00e9e sexuelle<\/h4>\n<p>&nbsp;<\/p>","protected":false},"excerpt":{"rendered":"<p>Images de poup\u00e9es sexuelles Tableaux des tailles Mat\u00e9riau Silicone complet Taille du corps 168 cm Poids net 35 kg Poitrine compl\u00e8te 82 cm Sous la poitrine 60 cm<\/p>","protected":false},"featured_media":185705,"comment_status":"open","ping_status":"closed","template":"","meta":[],"product_brand":[],"product_cat":[234,75,229,80,155,110,107,117],"product_tag":[],"class_list":{"0":"post-185683","1":"product","2":"type-product","3":"status-publish","4":"has-post-thumbnail","6":"product_cat-234","7":"product_cat-160cm-170cm-sex-dolls","8":"product_cat-31kg-35kg","9":"product_cat-asian-sex-doll","10":"product_cat-lifelike-adult-dolls","11":"product_cat-silicone-sex-doll","12":"product_cat-skinny-sex-dolls","13":"product_cat-small-breast-sex-doll","14":"pa_brand-angelkiss-doll","15":"tm-has-options","17":"first","18":"instock","19":"sale","20":"shipping-taxable","21":"purchasable","22":"product-type-simple"},"_links":{"self":[{"href":"https:\/\/zxdoll.com\/fr\/wp-json\/wp\/v2\/product\/185683","targetHints":{"allow":["GET"]}}],"collection":[{"href":"https:\/\/zxdoll.com\/fr\/wp-json\/wp\/v2\/product"}],"about":[{"href":"https:\/\/zxdoll.com\/fr\/wp-json\/wp\/v2\/types\/product"}],"replies":[{"embeddable":true,"href":"https:\/\/zxdoll.com\/fr\/wp-json\/wp\/v2\/comments?post=185683"}],"version-history":[{"count":2,"href":"https:\/\/zxdoll.com\/fr\/wp-json\/wp\/v2\/product\/185683\/revisions"}],"predecessor-version":[{"id":185721,"href":"https:\/\/zxdoll.com\/fr\/wp-json\/wp\/v2\/product\/185683\/revisions\/185721"}],"wp:featuredmedia":[{"embeddable":true,"href":"https:\/\/zxdoll.com\/fr\/wp-json\/wp\/v2\/media\/185705"}],"wp:attachment":[{"href":"https:\/\/zxdoll.com\/fr\/wp-json\/wp\/v2\/media?parent=185683"}],"wp:term":[{"taxonomy":"product_brand","embeddable":true,"href":"https:\/\/zxdoll.com\/fr\/wp-json\/wp\/v2\/product_brand?post=185683"},{"taxonomy":"product_cat","embeddable":true,"href":"https:\/\/zxdoll.com\/fr\/wp-json\/wp\/v2\/product_cat?post=185683"},{"taxonomy":"product_tag","embeddable":true,"href":"https:\/\/zxdoll.com\/fr\/wp-json\/wp\/v2\/product_tag?post=185683"}],"curies":[{"name":"wp","href":"https:\/\/api.w.org\/{rel}","templated":true}]}}