{"id":185193,"date":"2024-09-29T13:01:59","date_gmt":"2024-09-29T05:01:59","guid":{"rendered":"https:\/\/zxdoll.com\/?post_type=product&#038;p=185193"},"modified":"2024-10-17T00:44:29","modified_gmt":"2024-10-16T16:44:29","slug":"sex-doll-vagina-ride-creampie","status":"publish","type":"product","link":"https:\/\/zxdoll.com\/fr\/product\/sex-doll-vagina-ride-creampie\/","title":{"rendered":"Poup\u00e9e Sexuelle Vagin Ride Creampie Dacie 153cm"},"content":{"rendered":"<h4><strong>Images de poup\u00e9e de sexe<\/strong><\/h4>\n\t                <ul class=\"easy-image-gallery thumbnails-10 linked\">\r\n                    <li><a data-fancybox=\"gallery506\" href=\"https:\/\/zxdoll.com\/wp-content\/uploads\/2024\/09\/akali-sex-doll-mAk03j1-580x800.jpg\" class=\"eig-popup\" title=\"\" data-caption=\"\" target=\"_blank\"><i class=\"icon-view\"><\/i><span class=\"overlay\"><\/span><img decoding=\"async\" width=\"150\" height=\"150\" src=\"https:\/\/zxdoll.com\/wp-content\/uploads\/2024\/09\/akali-sex-doll-mAk03j1-150x150.jpg\" class=\"attachment-thumbnail size-thumbnail\" alt=\"\" title=\"\"><\/a><\/li><li><a data-fancybox=\"gallery506\" href=\"https:\/\/zxdoll.com\/wp-content\/uploads\/2024\/09\/akali-sex-doll-mAk03j2-580x800.jpg\" class=\"eig-popup\" title=\"\" data-caption=\"\" target=\"_blank\"><i class=\"icon-view\"><\/i><span class=\"overlay\"><\/span><img decoding=\"async\" width=\"150\" height=\"150\" src=\"https:\/\/zxdoll.com\/wp-content\/uploads\/2024\/09\/akali-sex-doll-mAk03j2-150x150.jpg\" class=\"attachment-thumbnail size-thumbnail\" alt=\"\" title=\"\"><\/a><\/li><li><a data-fancybox=\"gallery506\" href=\"https:\/\/zxdoll.com\/wp-content\/uploads\/2024\/09\/akali-sex-doll-mAk03j3.jpg\" class=\"eig-popup\" title=\"\" data-caption=\"\" target=\"_blank\"><i class=\"icon-view\"><\/i><span class=\"overlay\"><\/span><img decoding=\"async\" width=\"150\" height=\"150\" src=\"https:\/\/zxdoll.com\/wp-content\/uploads\/2024\/09\/akali-sex-doll-mAk03j3-150x150.jpg\" class=\"attachment-thumbnail size-thumbnail\" alt=\"\" title=\"\"><\/a><\/li><li><a data-fancybox=\"gallery506\" href=\"https:\/\/zxdoll.com\/wp-content\/uploads\/2024\/09\/akali-sex-doll-mAk03j4.jpg\" class=\"eig-popup\" title=\"\" data-caption=\"\" target=\"_blank\"><i class=\"icon-view\"><\/i><span class=\"overlay\"><\/span><img loading=\"lazy\" decoding=\"async\" width=\"150\" height=\"150\" src=\"https:\/\/zxdoll.com\/wp-content\/uploads\/2024\/09\/akali-sex-doll-mAk03j4-150x150.jpg\" class=\"attachment-thumbnail size-thumbnail\" alt=\"\" title=\"\"><\/a><\/li><li><a data-fancybox=\"gallery506\" href=\"https:\/\/zxdoll.com\/wp-content\/uploads\/2024\/09\/akali-sex-doll-mAk03j5.jpg\" class=\"eig-popup\" title=\"\" data-caption=\"\" target=\"_blank\"><i class=\"icon-view\"><\/i><span class=\"overlay\"><\/span><img loading=\"lazy\" decoding=\"async\" width=\"150\" height=\"150\" src=\"https:\/\/zxdoll.com\/wp-content\/uploads\/2024\/09\/akali-sex-doll-mAk03j5-150x150.jpg\" class=\"attachment-thumbnail size-thumbnail\" alt=\"\" title=\"\"><\/a><\/li><li><a data-fancybox=\"gallery506\" href=\"https:\/\/zxdoll.com\/wp-content\/uploads\/2024\/09\/akali-sex-doll-mAk03j6-580x800.jpg\" class=\"eig-popup\" title=\"\" data-caption=\"\" target=\"_blank\"><i class=\"icon-view\"><\/i><span class=\"overlay\"><\/span><img loading=\"lazy\" decoding=\"async\" width=\"150\" height=\"150\" src=\"https:\/\/zxdoll.com\/wp-content\/uploads\/2024\/09\/akali-sex-doll-mAk03j6-150x150.jpg\" class=\"attachment-thumbnail size-thumbnail\" alt=\"\" title=\"\"><\/a><\/li><li><a data-fancybox=\"gallery506\" href=\"https:\/\/zxdoll.com\/wp-content\/uploads\/2024\/09\/akali-sex-doll-mAk03j7-580x800.jpg\" class=\"eig-popup\" title=\"\" data-caption=\"\" target=\"_blank\"><i class=\"icon-view\"><\/i><span class=\"overlay\"><\/span><img loading=\"lazy\" decoding=\"async\" width=\"150\" height=\"150\" src=\"https:\/\/zxdoll.com\/wp-content\/uploads\/2024\/09\/akali-sex-doll-mAk03j7-150x150.jpg\" class=\"attachment-thumbnail size-thumbnail\" alt=\"\" title=\"\"><\/a><\/li><li><a data-fancybox=\"gallery506\" href=\"https:\/\/zxdoll.com\/wp-content\/uploads\/2024\/09\/akali-sex-doll-mAk03j8-580x800.jpg\" class=\"eig-popup\" title=\"\" data-caption=\"\" target=\"_blank\"><i class=\"icon-view\"><\/i><span class=\"overlay\"><\/span><img loading=\"lazy\" decoding=\"async\" width=\"150\" height=\"150\" src=\"https:\/\/zxdoll.com\/wp-content\/uploads\/2024\/09\/akali-sex-doll-mAk03j8-150x150.jpg\" class=\"attachment-thumbnail size-thumbnail\" alt=\"\" title=\"\"><\/a><\/li><li><a data-fancybox=\"gallery506\" href=\"https:\/\/zxdoll.com\/wp-content\/uploads\/2024\/09\/akali-sex-doll-mAk03j9-580x800.jpg\" class=\"eig-popup\" title=\"\" data-caption=\"\" target=\"_blank\"><i class=\"icon-view\"><\/i><span class=\"overlay\"><\/span><img loading=\"lazy\" decoding=\"async\" width=\"150\" height=\"150\" src=\"https:\/\/zxdoll.com\/wp-content\/uploads\/2024\/09\/akali-sex-doll-mAk03j9-150x150.jpg\" class=\"attachment-thumbnail size-thumbnail\" alt=\"\" title=\"\"><\/a><\/li><li><a data-fancybox=\"gallery506\" href=\"https:\/\/zxdoll.com\/wp-content\/uploads\/2024\/09\/akali-sex-doll-mAk03j15-580x800.jpg\" class=\"eig-popup\" title=\"\" data-caption=\"\" target=\"_blank\"><i class=\"icon-view\"><\/i><span class=\"overlay\"><\/span><img loading=\"lazy\" decoding=\"async\" width=\"150\" height=\"150\" src=\"https:\/\/zxdoll.com\/wp-content\/uploads\/2024\/09\/akali-sex-doll-mAk03j15-150x150.jpg\" class=\"attachment-thumbnail size-thumbnail\" alt=\"\" title=\"\"><\/a><\/li><\/ul>\n<h4>Tableaux des tailles<\/h4>\n<table width=\"318\">\n<tbody>\n<tr>\n<td width=\"130\">Mat\u00e9riel<\/td>\n<td width=\"188\">T\u00eate en silicone + corps en TPE<\/td>\n<\/tr>\n<tr>\n<td width=\"130\">Hauteur<\/td>\n<td>153cm<\/td>\n<\/tr>\n<tr>\n<td>Bousiller<\/td>\n<td>88cm<\/td>\n<\/tr>\n<tr>\n<td>Sous le buste<\/td>\n<td>50cm<\/td>\n<\/tr>\n<tr>\n<td>Taille<\/td>\n<td>46cm<\/td>\n<\/tr>\n<tr>\n<td>Hanches<\/td>\n<td>88cm<\/td>\n<\/tr>\n<tr>\n<td width=\"130\">Profondeur vaginale<\/td>\n<td>18cm<\/td>\n<\/tr>\n<tr>\n<td width=\"130\">Profondeur anale<\/td>\n<td>16cm<\/td>\n<\/tr>\n<tr>\n<td width=\"130\">Poids net<\/td>\n<td>34 kg<\/td>\n<\/tr>\n<\/tbody>\n<\/table>\n<h4>\u00c0 propos de la poup\u00e9e sexuelle<\/h4>\n<p>&nbsp;<\/p>","protected":false},"excerpt":{"rendered":"<p>Images de poup\u00e9es sexuelles Tableaux des tailles Mat\u00e9riau Silicone T\u00eate + TPE Corps Hauteur 153cm Buste 88cm Sous la poitrine 50cm Taille 46cm<\/p>","protected":false},"featured_media":185216,"comment_status":"open","ping_status":"closed","template":"","meta":[],"product_brand":[],"product_cat":[234,112,229,80,116,192,107,211],"product_tag":[],"class_list":{"0":"post-185193","1":"product","2":"type-product","3":"status-publish","4":"has-post-thumbnail","6":"product_cat-234","7":"product_cat-150cm-159cm-sex-dolls","8":"product_cat-31kg-35kg","9":"product_cat-asian-sex-doll","10":"product_cat-big-boobs-sex-doll","11":"product_cat-hybrid-doll","12":"product_cat-skinny-sex-dolls","13":"product_cat-waifu-sex-doll","14":"pa_brand-aibei-doll","15":"tm-has-options","17":"first","18":"instock","19":"sale","20":"shipping-taxable","21":"purchasable","22":"product-type-simple"},"_links":{"self":[{"href":"https:\/\/zxdoll.com\/fr\/wp-json\/wp\/v2\/product\/185193","targetHints":{"allow":["GET"]}}],"collection":[{"href":"https:\/\/zxdoll.com\/fr\/wp-json\/wp\/v2\/product"}],"about":[{"href":"https:\/\/zxdoll.com\/fr\/wp-json\/wp\/v2\/types\/product"}],"replies":[{"embeddable":true,"href":"https:\/\/zxdoll.com\/fr\/wp-json\/wp\/v2\/comments?post=185193"}],"version-history":[{"count":3,"href":"https:\/\/zxdoll.com\/fr\/wp-json\/wp\/v2\/product\/185193\/revisions"}],"predecessor-version":[{"id":186901,"href":"https:\/\/zxdoll.com\/fr\/wp-json\/wp\/v2\/product\/185193\/revisions\/186901"}],"wp:featuredmedia":[{"embeddable":true,"href":"https:\/\/zxdoll.com\/fr\/wp-json\/wp\/v2\/media\/185216"}],"wp:attachment":[{"href":"https:\/\/zxdoll.com\/fr\/wp-json\/wp\/v2\/media?parent=185193"}],"wp:term":[{"taxonomy":"product_brand","embeddable":true,"href":"https:\/\/zxdoll.com\/fr\/wp-json\/wp\/v2\/product_brand?post=185193"},{"taxonomy":"product_cat","embeddable":true,"href":"https:\/\/zxdoll.com\/fr\/wp-json\/wp\/v2\/product_cat?post=185193"},{"taxonomy":"product_tag","embeddable":true,"href":"https:\/\/zxdoll.com\/fr\/wp-json\/wp\/v2\/product_tag?post=185193"}],"curies":[{"name":"wp","href":"https:\/\/api.w.org\/{rel}","templated":true}]}}