{"id":184745,"date":"2024-09-29T01:43:36","date_gmt":"2024-09-28T17:43:36","guid":{"rendered":"https:\/\/zxdoll.com\/?post_type=product&#038;p=184745"},"modified":"2024-10-02T23:57:52","modified_gmt":"2024-10-02T15:57:52","slug":"very-skinny-sex-doll-hot-ass","status":"publish","type":"product","link":"https:\/\/zxdoll.com\/fr\/product\/very-skinny-sex-doll-hot-ass\/","title":{"rendered":"Poup\u00e9e sexuelle tr\u00e8s maigre avec un cul chaud Sadella 166cm"},"content":{"rendered":"<h4><strong>Images de poup\u00e9e de sexe<\/strong><\/h4>\n\t                <ul class=\"easy-image-gallery thumbnails-12 linked\">\r\n                    <li><a data-fancybox=\"gallery851\" href=\"https:\/\/zxdoll.com\/wp-content\/uploads\/2024\/09\/kissing-sex-doll-vCf21p1-533x800.jpg\" class=\"eig-popup\" title=\"\" data-caption=\"\" target=\"_blank\"><i class=\"icon-view\"><\/i><span class=\"overlay\"><\/span><img decoding=\"async\" width=\"150\" height=\"150\" src=\"https:\/\/zxdoll.com\/wp-content\/uploads\/2024\/09\/kissing-sex-doll-vCf21p1-150x150.jpg\" class=\"attachment-thumbnail size-thumbnail\" alt=\"\" title=\"\"><\/a><\/li><li><a data-fancybox=\"gallery851\" href=\"https:\/\/zxdoll.com\/wp-content\/uploads\/2024\/09\/kissing-sex-doll-vCf21p2-533x800.jpg\" class=\"eig-popup\" title=\"\" data-caption=\"\" target=\"_blank\"><i class=\"icon-view\"><\/i><span class=\"overlay\"><\/span><img decoding=\"async\" width=\"150\" height=\"150\" src=\"https:\/\/zxdoll.com\/wp-content\/uploads\/2024\/09\/kissing-sex-doll-vCf21p2-150x150.jpg\" class=\"attachment-thumbnail size-thumbnail\" alt=\"\" title=\"\"><\/a><\/li><li><a data-fancybox=\"gallery851\" href=\"https:\/\/zxdoll.com\/wp-content\/uploads\/2024\/09\/kissing-sex-doll-vCf21p3-533x800.jpg\" class=\"eig-popup\" title=\"\" data-caption=\"\" target=\"_blank\"><i class=\"icon-view\"><\/i><span class=\"overlay\"><\/span><img decoding=\"async\" width=\"150\" height=\"150\" src=\"https:\/\/zxdoll.com\/wp-content\/uploads\/2024\/09\/kissing-sex-doll-vCf21p3-150x150.jpg\" class=\"attachment-thumbnail size-thumbnail\" alt=\"\" title=\"\"><\/a><\/li><li><a data-fancybox=\"gallery851\" href=\"https:\/\/zxdoll.com\/wp-content\/uploads\/2024\/09\/kissing-sex-doll-vCf21p5-533x800.jpg\" class=\"eig-popup\" title=\"\" data-caption=\"\" target=\"_blank\"><i class=\"icon-view\"><\/i><span class=\"overlay\"><\/span><img loading=\"lazy\" decoding=\"async\" width=\"150\" height=\"150\" src=\"https:\/\/zxdoll.com\/wp-content\/uploads\/2024\/09\/kissing-sex-doll-vCf21p5-150x150.jpg\" class=\"attachment-thumbnail size-thumbnail\" alt=\"\" title=\"\"><\/a><\/li><li><a data-fancybox=\"gallery851\" href=\"https:\/\/zxdoll.com\/wp-content\/uploads\/2024\/09\/kissing-sex-doll-vCf21p6-533x800.jpg\" class=\"eig-popup\" title=\"\" data-caption=\"\" target=\"_blank\"><i class=\"icon-view\"><\/i><span class=\"overlay\"><\/span><img loading=\"lazy\" decoding=\"async\" width=\"150\" height=\"150\" src=\"https:\/\/zxdoll.com\/wp-content\/uploads\/2024\/09\/kissing-sex-doll-vCf21p6-150x150.jpg\" class=\"attachment-thumbnail size-thumbnail\" alt=\"\" title=\"\"><\/a><\/li><li><a data-fancybox=\"gallery851\" href=\"https:\/\/zxdoll.com\/wp-content\/uploads\/2024\/09\/kissing-sex-doll-vCf21p7-533x800.jpg\" class=\"eig-popup\" title=\"\" data-caption=\"\" target=\"_blank\"><i class=\"icon-view\"><\/i><span class=\"overlay\"><\/span><img loading=\"lazy\" decoding=\"async\" width=\"150\" height=\"150\" src=\"https:\/\/zxdoll.com\/wp-content\/uploads\/2024\/09\/kissing-sex-doll-vCf21p7-150x150.jpg\" class=\"attachment-thumbnail size-thumbnail\" alt=\"\" title=\"\"><\/a><\/li><li><a data-fancybox=\"gallery851\" href=\"https:\/\/zxdoll.com\/wp-content\/uploads\/2024\/09\/kissing-sex-doll-vCf21p8-533x800.jpg\" class=\"eig-popup\" title=\"\" data-caption=\"\" target=\"_blank\"><i class=\"icon-view\"><\/i><span class=\"overlay\"><\/span><img loading=\"lazy\" decoding=\"async\" width=\"150\" height=\"150\" src=\"https:\/\/zxdoll.com\/wp-content\/uploads\/2024\/09\/kissing-sex-doll-vCf21p8-150x150.jpg\" class=\"attachment-thumbnail size-thumbnail\" alt=\"\" title=\"\"><\/a><\/li><li><a data-fancybox=\"gallery851\" href=\"https:\/\/zxdoll.com\/wp-content\/uploads\/2024\/09\/kissing-sex-doll-vCf21p9-533x800.jpg\" class=\"eig-popup\" title=\"\" data-caption=\"\" target=\"_blank\"><i class=\"icon-view\"><\/i><span class=\"overlay\"><\/span><img loading=\"lazy\" decoding=\"async\" width=\"150\" height=\"150\" src=\"https:\/\/zxdoll.com\/wp-content\/uploads\/2024\/09\/kissing-sex-doll-vCf21p9-150x150.jpg\" class=\"attachment-thumbnail size-thumbnail\" alt=\"\" title=\"\"><\/a><\/li><li><a data-fancybox=\"gallery851\" href=\"https:\/\/zxdoll.com\/wp-content\/uploads\/2024\/09\/kissing-sex-doll-vCf21p10-533x800.jpg\" class=\"eig-popup\" title=\"\" data-caption=\"\" target=\"_blank\"><i class=\"icon-view\"><\/i><span class=\"overlay\"><\/span><img loading=\"lazy\" decoding=\"async\" width=\"150\" height=\"150\" src=\"https:\/\/zxdoll.com\/wp-content\/uploads\/2024\/09\/kissing-sex-doll-vCf21p10-150x150.jpg\" class=\"attachment-thumbnail size-thumbnail\" alt=\"\" title=\"\"><\/a><\/li><li><a data-fancybox=\"gallery851\" href=\"https:\/\/zxdoll.com\/wp-content\/uploads\/2024\/09\/kissing-sex-doll-vCf21p11-533x800.jpg\" class=\"eig-popup\" title=\"\" data-caption=\"\" target=\"_blank\"><i class=\"icon-view\"><\/i><span class=\"overlay\"><\/span><img loading=\"lazy\" decoding=\"async\" width=\"150\" height=\"150\" src=\"https:\/\/zxdoll.com\/wp-content\/uploads\/2024\/09\/kissing-sex-doll-vCf21p11-150x150.jpg\" class=\"attachment-thumbnail size-thumbnail\" alt=\"\" title=\"\"><\/a><\/li><li><a data-fancybox=\"gallery851\" href=\"https:\/\/zxdoll.com\/wp-content\/uploads\/2024\/09\/kissing-sex-doll-vCf21p12-533x800.jpg\" class=\"eig-popup\" title=\"\" data-caption=\"\" target=\"_blank\"><i class=\"icon-view\"><\/i><span class=\"overlay\"><\/span><img loading=\"lazy\" decoding=\"async\" width=\"150\" height=\"150\" src=\"https:\/\/zxdoll.com\/wp-content\/uploads\/2024\/09\/kissing-sex-doll-vCf21p12-150x150.jpg\" class=\"attachment-thumbnail size-thumbnail\" alt=\"\" title=\"\"><\/a><\/li><li><a data-fancybox=\"gallery851\" href=\"https:\/\/zxdoll.com\/wp-content\/uploads\/2024\/09\/kissing-sex-doll-vCf21p13-533x800.jpg\" class=\"eig-popup\" title=\"\" data-caption=\"\" target=\"_blank\"><i class=\"icon-view\"><\/i><span class=\"overlay\"><\/span><img loading=\"lazy\" decoding=\"async\" width=\"150\" height=\"150\" src=\"https:\/\/zxdoll.com\/wp-content\/uploads\/2024\/09\/kissing-sex-doll-vCf21p13-150x150.jpg\" class=\"attachment-thumbnail size-thumbnail\" alt=\"\" title=\"\"><\/a><\/li><\/ul>\n<h4>Tableaux des tailles<\/h4>\n<table width=\"332\">\n<tbody>\n<tr>\n<td width=\"143\">Mat\u00e9riel<\/td>\n<td width=\"189\">TPE<\/td>\n<\/tr>\n<tr>\n<td>Hauteur<\/td>\n<td>166cm<\/td>\n<\/tr>\n<tr>\n<td>Tasse<\/td>\n<td>C<\/td>\n<\/tr>\n<tr>\n<td>Bousiller<\/td>\n<td>80cm<\/td>\n<\/tr>\n<tr>\n<td>Sous le buste<\/td>\n<td>62cm<\/td>\n<\/tr>\n<tr>\n<td>Taille<\/td>\n<td>53cm<\/td>\n<\/tr>\n<tr>\n<td>Hanche<\/td>\n<td>83cm<\/td>\n<\/tr>\n<tr>\n<td>\u00c9paule<\/td>\n<td>33cm<\/td>\n<\/tr>\n<tr>\n<td>Longueur de bras<\/td>\n<td>50cm<\/td>\n<\/tr>\n<tr>\n<td>Palmier<\/td>\n<td>17cm<\/td>\n<\/tr>\n<tr>\n<td>Longueur de jambe<\/td>\n<td>110cm<\/td>\n<\/tr>\n<tr>\n<td>Pied<\/td>\n<td>21cm<\/td>\n<\/tr>\n<tr>\n<td>Bouche<\/td>\n<td>13cm<\/td>\n<\/tr>\n<tr>\n<td>Vagin<\/td>\n<td>18cm<\/td>\n<\/tr>\n<tr>\n<td>Anus<\/td>\n<td>16cm<\/td>\n<\/tr>\n<tr>\n<td>Poids<\/td>\n<td>32.6kg<\/td>\n<\/tr>\n<\/tbody>\n<\/table>\n<h4>\u00c0 propos de la poup\u00e9e sexuelle<\/h4>\n<p>&nbsp;<\/p>","protected":false},"excerpt":{"rendered":"<p>Sex Doll Images Size Charts Material TPE Height 166cm Cup C Bust 80cm Under Bust 62cm Waist 53cm Hip 83cm<\/p>","protected":false},"featured_media":184764,"comment_status":"open","ping_status":"closed","template":"","meta":[],"product_brand":[],"product_cat":[234,75,229,80,169,107,117,119],"product_tag":[],"class_list":{"0":"post-184745","1":"product","2":"type-product","3":"status-publish","4":"has-post-thumbnail","6":"product_cat-234","7":"product_cat-160cm-170cm-sex-dolls","8":"product_cat-31kg-35kg","9":"product_cat-asian-sex-doll","10":"product_cat-sex-doll-on-sale","11":"product_cat-skinny-sex-dolls","12":"product_cat-small-breast-sex-doll","13":"product_cat-tpe-sex-doll","14":"pa_brand-jarliet-doll","15":"tm-has-options","17":"first","18":"instock","19":"sale","20":"shipping-taxable","21":"purchasable","22":"product-type-simple"},"_links":{"self":[{"href":"https:\/\/zxdoll.com\/fr\/wp-json\/wp\/v2\/product\/184745","targetHints":{"allow":["GET"]}}],"collection":[{"href":"https:\/\/zxdoll.com\/fr\/wp-json\/wp\/v2\/product"}],"about":[{"href":"https:\/\/zxdoll.com\/fr\/wp-json\/wp\/v2\/types\/product"}],"replies":[{"embeddable":true,"href":"https:\/\/zxdoll.com\/fr\/wp-json\/wp\/v2\/comments?post=184745"}],"version-history":[{"count":1,"href":"https:\/\/zxdoll.com\/fr\/wp-json\/wp\/v2\/product\/184745\/revisions"}],"predecessor-version":[{"id":184782,"href":"https:\/\/zxdoll.com\/fr\/wp-json\/wp\/v2\/product\/184745\/revisions\/184782"}],"wp:featuredmedia":[{"embeddable":true,"href":"https:\/\/zxdoll.com\/fr\/wp-json\/wp\/v2\/media\/184764"}],"wp:attachment":[{"href":"https:\/\/zxdoll.com\/fr\/wp-json\/wp\/v2\/media?parent=184745"}],"wp:term":[{"taxonomy":"product_brand","embeddable":true,"href":"https:\/\/zxdoll.com\/fr\/wp-json\/wp\/v2\/product_brand?post=184745"},{"taxonomy":"product_cat","embeddable":true,"href":"https:\/\/zxdoll.com\/fr\/wp-json\/wp\/v2\/product_cat?post=184745"},{"taxonomy":"product_tag","embeddable":true,"href":"https:\/\/zxdoll.com\/fr\/wp-json\/wp\/v2\/product_tag?post=184745"}],"curies":[{"name":"wp","href":"https:\/\/api.w.org\/{rel}","templated":true}]}}