{"id":183840,"date":"2024-09-27T02:33:28","date_gmt":"2024-09-26T18:33:28","guid":{"rendered":"https:\/\/zxdoll.com\/?post_type=product&#038;p=183840"},"modified":"2024-10-02T23:45:52","modified_gmt":"2024-10-02T15:45:52","slug":"youtuber-lebron-james-sex-doll","status":"publish","type":"product","link":"https:\/\/zxdoll.com\/fr\/product\/youtuber-lebron-james-sex-doll\/","title":{"rendered":"Poup\u00e9e sexuelle LeBron James de Youtubeur P\u00e9tunia 154cm"},"content":{"rendered":"<h4><strong>Images de poup\u00e9e de sexe<\/strong><\/h4>\n\t                <ul class=\"easy-image-gallery thumbnails-15 linked\">\r\n                    <li><a data-fancybox=\"gallery256\" href=\"https:\/\/zxdoll.com\/wp-content\/uploads\/2024\/09\/russian-sex-doll-xVi48g1-533x800.jpg\" class=\"eig-popup\" title=\"\" data-caption=\"\" target=\"_blank\"><i class=\"icon-view\"><\/i><span class=\"overlay\"><\/span><img decoding=\"async\" width=\"150\" height=\"150\" src=\"https:\/\/zxdoll.com\/wp-content\/uploads\/2024\/09\/russian-sex-doll-xVi48g1-150x150.jpg\" class=\"attachment-thumbnail size-thumbnail\" alt=\"\" title=\"\"><\/a><\/li><li><a data-fancybox=\"gallery256\" href=\"https:\/\/zxdoll.com\/wp-content\/uploads\/2024\/09\/russian-sex-doll-xVi48g2-533x800.jpg\" class=\"eig-popup\" title=\"\" data-caption=\"\" target=\"_blank\"><i class=\"icon-view\"><\/i><span class=\"overlay\"><\/span><img decoding=\"async\" width=\"150\" height=\"150\" src=\"https:\/\/zxdoll.com\/wp-content\/uploads\/2024\/09\/russian-sex-doll-xVi48g2-150x150.jpg\" class=\"attachment-thumbnail size-thumbnail\" alt=\"\" title=\"\"><\/a><\/li><li><a data-fancybox=\"gallery256\" href=\"https:\/\/zxdoll.com\/wp-content\/uploads\/2024\/09\/russian-sex-doll-xVi48g3-533x800.jpg\" class=\"eig-popup\" title=\"\" data-caption=\"\" target=\"_blank\"><i class=\"icon-view\"><\/i><span class=\"overlay\"><\/span><img decoding=\"async\" width=\"150\" height=\"150\" src=\"https:\/\/zxdoll.com\/wp-content\/uploads\/2024\/09\/russian-sex-doll-xVi48g3-150x150.jpg\" class=\"attachment-thumbnail size-thumbnail\" alt=\"\" title=\"\"><\/a><\/li><li><a data-fancybox=\"gallery256\" href=\"https:\/\/zxdoll.com\/wp-content\/uploads\/2024\/09\/russian-sex-doll-xVi48g4-533x800.jpg\" class=\"eig-popup\" title=\"\" data-caption=\"\" target=\"_blank\"><i class=\"icon-view\"><\/i><span class=\"overlay\"><\/span><img loading=\"lazy\" decoding=\"async\" width=\"150\" height=\"150\" src=\"https:\/\/zxdoll.com\/wp-content\/uploads\/2024\/09\/russian-sex-doll-xVi48g4-150x150.jpg\" class=\"attachment-thumbnail size-thumbnail\" alt=\"\" title=\"\"><\/a><\/li><li><a data-fancybox=\"gallery256\" href=\"https:\/\/zxdoll.com\/wp-content\/uploads\/2024\/09\/russian-sex-doll-xVi48g5-533x800.jpg\" class=\"eig-popup\" title=\"\" data-caption=\"\" target=\"_blank\"><i class=\"icon-view\"><\/i><span class=\"overlay\"><\/span><img loading=\"lazy\" decoding=\"async\" width=\"150\" height=\"150\" src=\"https:\/\/zxdoll.com\/wp-content\/uploads\/2024\/09\/russian-sex-doll-xVi48g5-150x150.jpg\" class=\"attachment-thumbnail size-thumbnail\" alt=\"\" title=\"\"><\/a><\/li><li><a data-fancybox=\"gallery256\" href=\"https:\/\/zxdoll.com\/wp-content\/uploads\/2024\/09\/russian-sex-doll-xVi48g6-533x800.jpg\" class=\"eig-popup\" title=\"\" data-caption=\"\" target=\"_blank\"><i class=\"icon-view\"><\/i><span class=\"overlay\"><\/span><img loading=\"lazy\" decoding=\"async\" width=\"150\" height=\"150\" src=\"https:\/\/zxdoll.com\/wp-content\/uploads\/2024\/09\/russian-sex-doll-xVi48g6-150x150.jpg\" class=\"attachment-thumbnail size-thumbnail\" alt=\"\" title=\"\"><\/a><\/li><li><a data-fancybox=\"gallery256\" href=\"https:\/\/zxdoll.com\/wp-content\/uploads\/2024\/09\/russian-sex-doll-xVi48g7-533x800.jpg\" class=\"eig-popup\" title=\"\" data-caption=\"\" target=\"_blank\"><i class=\"icon-view\"><\/i><span class=\"overlay\"><\/span><img loading=\"lazy\" decoding=\"async\" width=\"150\" height=\"150\" src=\"https:\/\/zxdoll.com\/wp-content\/uploads\/2024\/09\/russian-sex-doll-xVi48g7-150x150.jpg\" class=\"attachment-thumbnail size-thumbnail\" alt=\"\" title=\"\"><\/a><\/li><li><a data-fancybox=\"gallery256\" href=\"https:\/\/zxdoll.com\/wp-content\/uploads\/2024\/09\/russian-sex-doll-xVi48g8-533x800.jpg\" class=\"eig-popup\" title=\"\" data-caption=\"\" target=\"_blank\"><i class=\"icon-view\"><\/i><span class=\"overlay\"><\/span><img loading=\"lazy\" decoding=\"async\" width=\"150\" height=\"150\" src=\"https:\/\/zxdoll.com\/wp-content\/uploads\/2024\/09\/russian-sex-doll-xVi48g8-150x150.jpg\" class=\"attachment-thumbnail size-thumbnail\" alt=\"\" title=\"\"><\/a><\/li><li><a data-fancybox=\"gallery256\" href=\"https:\/\/zxdoll.com\/wp-content\/uploads\/2024\/09\/russian-sex-doll-xVi48g9-533x800.jpg\" class=\"eig-popup\" title=\"\" data-caption=\"\" target=\"_blank\"><i class=\"icon-view\"><\/i><span class=\"overlay\"><\/span><img loading=\"lazy\" decoding=\"async\" width=\"150\" height=\"150\" src=\"https:\/\/zxdoll.com\/wp-content\/uploads\/2024\/09\/russian-sex-doll-xVi48g9-150x150.jpg\" class=\"attachment-thumbnail size-thumbnail\" alt=\"\" title=\"\"><\/a><\/li><li><a data-fancybox=\"gallery256\" href=\"https:\/\/zxdoll.com\/wp-content\/uploads\/2024\/09\/russian-sex-doll-xVi48g10.jpg\" class=\"eig-popup\" title=\"\" data-caption=\"\" target=\"_blank\"><i class=\"icon-view\"><\/i><span class=\"overlay\"><\/span><img loading=\"lazy\" decoding=\"async\" width=\"150\" height=\"150\" src=\"https:\/\/zxdoll.com\/wp-content\/uploads\/2024\/09\/russian-sex-doll-xVi48g10-150x150.jpg\" class=\"attachment-thumbnail size-thumbnail\" alt=\"\" title=\"\"><\/a><\/li><li><a data-fancybox=\"gallery256\" href=\"https:\/\/zxdoll.com\/wp-content\/uploads\/2024\/09\/russian-sex-doll-xVi48g26-533x800.jpg\" class=\"eig-popup\" title=\"\" data-caption=\"\" target=\"_blank\"><i class=\"icon-view\"><\/i><span class=\"overlay\"><\/span><img loading=\"lazy\" decoding=\"async\" width=\"150\" height=\"150\" src=\"https:\/\/zxdoll.com\/wp-content\/uploads\/2024\/09\/russian-sex-doll-xVi48g26-150x150.jpg\" class=\"attachment-thumbnail size-thumbnail\" alt=\"\" title=\"\"><\/a><\/li><li><a data-fancybox=\"gallery256\" href=\"https:\/\/zxdoll.com\/wp-content\/uploads\/2024\/09\/russian-sex-doll-xVi48g27-533x800.jpg\" class=\"eig-popup\" title=\"\" data-caption=\"\" target=\"_blank\"><i class=\"icon-view\"><\/i><span class=\"overlay\"><\/span><img loading=\"lazy\" decoding=\"async\" width=\"150\" height=\"150\" src=\"https:\/\/zxdoll.com\/wp-content\/uploads\/2024\/09\/russian-sex-doll-xVi48g27-150x150.jpg\" class=\"attachment-thumbnail size-thumbnail\" alt=\"\" title=\"\"><\/a><\/li><li><a data-fancybox=\"gallery256\" href=\"https:\/\/zxdoll.com\/wp-content\/uploads\/2024\/09\/russian-sex-doll-xVi48g28-533x800.jpg\" class=\"eig-popup\" title=\"\" data-caption=\"\" target=\"_blank\"><i class=\"icon-view\"><\/i><span class=\"overlay\"><\/span><img loading=\"lazy\" decoding=\"async\" width=\"150\" height=\"150\" src=\"https:\/\/zxdoll.com\/wp-content\/uploads\/2024\/09\/russian-sex-doll-xVi48g28-150x150.jpg\" class=\"attachment-thumbnail size-thumbnail\" alt=\"\" title=\"\"><\/a><\/li><li><a data-fancybox=\"gallery256\" href=\"https:\/\/zxdoll.com\/wp-content\/uploads\/2024\/09\/russian-sex-doll-xVi48g29-533x800.jpg\" class=\"eig-popup\" title=\"\" data-caption=\"\" target=\"_blank\"><i class=\"icon-view\"><\/i><span class=\"overlay\"><\/span><img loading=\"lazy\" decoding=\"async\" width=\"150\" height=\"150\" src=\"https:\/\/zxdoll.com\/wp-content\/uploads\/2024\/09\/russian-sex-doll-xVi48g29-150x150.jpg\" class=\"attachment-thumbnail size-thumbnail\" alt=\"\" title=\"\"><\/a><\/li><li><a data-fancybox=\"gallery256\" href=\"https:\/\/zxdoll.com\/wp-content\/uploads\/2024\/09\/russian-sex-doll-xVi48g31-533x800.jpg\" class=\"eig-popup\" title=\"\" data-caption=\"\" target=\"_blank\"><i class=\"icon-view\"><\/i><span class=\"overlay\"><\/span><img loading=\"lazy\" decoding=\"async\" width=\"150\" height=\"150\" src=\"https:\/\/zxdoll.com\/wp-content\/uploads\/2024\/09\/russian-sex-doll-xVi48g31-150x150.jpg\" class=\"attachment-thumbnail size-thumbnail\" alt=\"\" title=\"\"><\/a><\/li><\/ul>\n<h4>Tableaux des tailles<\/h4>\n<table width=\"236\">\n<tbody>\n<tr>\n<td width=\"129\">Mat\u00e9riel<\/td>\n<td width=\"107\">Enti\u00e8rement en silicone<\/td>\n<\/tr>\n<tr>\n<td width=\"129\">Hauteur<\/td>\n<td>154cm<\/td>\n<\/tr>\n<tr>\n<td width=\"129\">Tasse<\/td>\n<td>D<\/td>\n<\/tr>\n<tr>\n<td width=\"129\">Bousiller<\/td>\n<td>85cm<\/td>\n<\/tr>\n<tr>\n<td width=\"129\">Sous le buste<\/td>\n<td>68cm<\/td>\n<\/tr>\n<tr>\n<td width=\"129\">Taille<\/td>\n<td>70cm<\/td>\n<\/tr>\n<tr>\n<td width=\"129\">Hanche<\/td>\n<td>98cm<\/td>\n<\/tr>\n<tr>\n<td width=\"129\">\u00c9paule<\/td>\n<td>38cm<\/td>\n<\/tr>\n<tr>\n<td width=\"129\">Longueur de bras<\/td>\n<td>48cm<\/td>\n<\/tr>\n<tr>\n<td width=\"129\">Palmier<\/td>\n<td>16cm<\/td>\n<\/tr>\n<tr>\n<td width=\"129\">Longueur de jambe<\/td>\n<td>94cm<\/td>\n<\/tr>\n<tr>\n<td width=\"129\">Pied<\/td>\n<td>22cm<\/td>\n<\/tr>\n<tr>\n<td width=\"129\">Vagin<\/td>\n<td>18cm<\/td>\n<\/tr>\n<tr>\n<td width=\"129\">Anus<\/td>\n<td>16cm<\/td>\n<\/tr>\n<tr>\n<td width=\"129\">Poids<\/td>\n<td>34,5 kg<\/td>\n<\/tr>\n<\/tbody>\n<\/table>\n<h4>\u00c0 propos de la poup\u00e9e sexuelle<\/h4>\n<p>&nbsp;<\/p>","protected":false},"excerpt":{"rendered":"<p>Sex Doll Images Size Charts Material Full Silicone Height 154cm Cup D Bust 85cm Under Bust 68cm Waist 70cm Hip<\/p>","protected":false},"featured_media":183876,"comment_status":"open","ping_status":"closed","template":"","meta":[],"product_brand":[],"product_cat":[234,112,229,80,116,110,107,214],"product_tag":[],"class_list":{"0":"post-183840","1":"product","2":"type-product","3":"status-publish","4":"has-post-thumbnail","6":"product_cat-234","7":"product_cat-150cm-159cm-sex-dolls","8":"product_cat-31kg-35kg","9":"product_cat-asian-sex-doll","10":"product_cat-big-boobs-sex-doll","11":"product_cat-silicone-sex-doll","12":"product_cat-skinny-sex-dolls","13":"product_cat-ultra-realistic-sex-doll","14":"pa_brand-jarliet-doll","15":"tm-has-options","17":"first","18":"instock","19":"sale","20":"shipping-taxable","21":"purchasable","22":"product-type-simple"},"_links":{"self":[{"href":"https:\/\/zxdoll.com\/fr\/wp-json\/wp\/v2\/product\/183840","targetHints":{"allow":["GET"]}}],"collection":[{"href":"https:\/\/zxdoll.com\/fr\/wp-json\/wp\/v2\/product"}],"about":[{"href":"https:\/\/zxdoll.com\/fr\/wp-json\/wp\/v2\/types\/product"}],"replies":[{"embeddable":true,"href":"https:\/\/zxdoll.com\/fr\/wp-json\/wp\/v2\/comments?post=183840"}],"version-history":[{"count":2,"href":"https:\/\/zxdoll.com\/fr\/wp-json\/wp\/v2\/product\/183840\/revisions"}],"predecessor-version":[{"id":183899,"href":"https:\/\/zxdoll.com\/fr\/wp-json\/wp\/v2\/product\/183840\/revisions\/183899"}],"wp:featuredmedia":[{"embeddable":true,"href":"https:\/\/zxdoll.com\/fr\/wp-json\/wp\/v2\/media\/183876"}],"wp:attachment":[{"href":"https:\/\/zxdoll.com\/fr\/wp-json\/wp\/v2\/media?parent=183840"}],"wp:term":[{"taxonomy":"product_brand","embeddable":true,"href":"https:\/\/zxdoll.com\/fr\/wp-json\/wp\/v2\/product_brand?post=183840"},{"taxonomy":"product_cat","embeddable":true,"href":"https:\/\/zxdoll.com\/fr\/wp-json\/wp\/v2\/product_cat?post=183840"},{"taxonomy":"product_tag","embeddable":true,"href":"https:\/\/zxdoll.com\/fr\/wp-json\/wp\/v2\/product_tag?post=183840"}],"curies":[{"name":"wp","href":"https:\/\/api.w.org\/{rel}","templated":true}]}}