{"id":177890,"date":"2024-09-22T02:39:54","date_gmt":"2024-09-21T18:39:54","guid":{"rendered":"https:\/\/zxdoll.com\/?post_type=product&#038;p=177890"},"modified":"2024-10-02T00:21:38","modified_gmt":"2024-10-01T16:21:38","slug":"king-cobra-jfs-sex-doll-review","status":"publish","type":"product","link":"https:\/\/zxdoll.com\/fr\/product\/king-cobra-jfs-sex-doll-review\/","title":{"rendered":"Avis sur la poup\u00e9e sexuelle King Cobra Jfs Perle 160cm"},"content":{"rendered":"<h4><strong>Images de poup\u00e9e de sexe<\/strong><\/h4>\n\t                <ul class=\"easy-image-gallery thumbnails-16 linked\">\r\n                    <li><a data-fancybox=\"gallery134\" href=\"https:\/\/zxdoll.com\/wp-content\/uploads\/2024\/09\/cutie-sex-doll-wFr90p1-533x800.jpg\" class=\"eig-popup\" title=\"\" data-caption=\"\" target=\"_blank\"><i class=\"icon-view\"><\/i><span class=\"overlay\"><\/span><img decoding=\"async\" width=\"150\" height=\"150\" src=\"https:\/\/zxdoll.com\/wp-content\/uploads\/2024\/09\/cutie-sex-doll-wFr90p1-150x150.jpg\" class=\"attachment-thumbnail size-thumbnail\" alt=\"\" title=\"\"><\/a><\/li><li><a data-fancybox=\"gallery134\" href=\"https:\/\/zxdoll.com\/wp-content\/uploads\/2024\/09\/cutie-sex-doll-wFr90p2-533x800.jpg\" class=\"eig-popup\" title=\"\" data-caption=\"\" target=\"_blank\"><i class=\"icon-view\"><\/i><span class=\"overlay\"><\/span><img decoding=\"async\" width=\"150\" height=\"150\" src=\"https:\/\/zxdoll.com\/wp-content\/uploads\/2024\/09\/cutie-sex-doll-wFr90p2-150x150.jpg\" class=\"attachment-thumbnail size-thumbnail\" alt=\"\" title=\"\"><\/a><\/li><li><a data-fancybox=\"gallery134\" href=\"https:\/\/zxdoll.com\/wp-content\/uploads\/2024\/09\/cutie-sex-doll-wFr90p3-533x800.jpg\" class=\"eig-popup\" title=\"\" data-caption=\"\" target=\"_blank\"><i class=\"icon-view\"><\/i><span class=\"overlay\"><\/span><img decoding=\"async\" width=\"150\" height=\"150\" src=\"https:\/\/zxdoll.com\/wp-content\/uploads\/2024\/09\/cutie-sex-doll-wFr90p3-150x150.jpg\" class=\"attachment-thumbnail size-thumbnail\" alt=\"\" title=\"\"><\/a><\/li><li><a data-fancybox=\"gallery134\" href=\"https:\/\/zxdoll.com\/wp-content\/uploads\/2024\/09\/cutie-sex-doll-wFr90p4-533x800.jpg\" class=\"eig-popup\" title=\"\" data-caption=\"\" target=\"_blank\"><i class=\"icon-view\"><\/i><span class=\"overlay\"><\/span><img loading=\"lazy\" decoding=\"async\" width=\"150\" height=\"150\" src=\"https:\/\/zxdoll.com\/wp-content\/uploads\/2024\/09\/cutie-sex-doll-wFr90p4-150x150.jpg\" class=\"attachment-thumbnail size-thumbnail\" alt=\"\" title=\"\"><\/a><\/li><li><a data-fancybox=\"gallery134\" href=\"https:\/\/zxdoll.com\/wp-content\/uploads\/2024\/09\/cutie-sex-doll-wFr90p5-533x800.jpg\" class=\"eig-popup\" title=\"\" data-caption=\"\" target=\"_blank\"><i class=\"icon-view\"><\/i><span class=\"overlay\"><\/span><img loading=\"lazy\" decoding=\"async\" width=\"150\" height=\"150\" src=\"https:\/\/zxdoll.com\/wp-content\/uploads\/2024\/09\/cutie-sex-doll-wFr90p5-150x150.jpg\" class=\"attachment-thumbnail size-thumbnail\" alt=\"\" title=\"\"><\/a><\/li><li><a data-fancybox=\"gallery134\" href=\"https:\/\/zxdoll.com\/wp-content\/uploads\/2024\/09\/cutie-sex-doll-wFr90p6-533x800.jpg\" class=\"eig-popup\" title=\"\" data-caption=\"\" target=\"_blank\"><i class=\"icon-view\"><\/i><span class=\"overlay\"><\/span><img loading=\"lazy\" decoding=\"async\" width=\"150\" height=\"150\" src=\"https:\/\/zxdoll.com\/wp-content\/uploads\/2024\/09\/cutie-sex-doll-wFr90p6-150x150.jpg\" class=\"attachment-thumbnail size-thumbnail\" alt=\"\" title=\"\"><\/a><\/li><li><a data-fancybox=\"gallery134\" href=\"https:\/\/zxdoll.com\/wp-content\/uploads\/2024\/09\/cutie-sex-doll-wFr90p7-533x800.jpg\" class=\"eig-popup\" title=\"\" data-caption=\"\" target=\"_blank\"><i class=\"icon-view\"><\/i><span class=\"overlay\"><\/span><img loading=\"lazy\" decoding=\"async\" width=\"150\" height=\"150\" src=\"https:\/\/zxdoll.com\/wp-content\/uploads\/2024\/09\/cutie-sex-doll-wFr90p7-150x150.jpg\" class=\"attachment-thumbnail size-thumbnail\" alt=\"\" title=\"\"><\/a><\/li><li><a data-fancybox=\"gallery134\" href=\"https:\/\/zxdoll.com\/wp-content\/uploads\/2024\/09\/cutie-sex-doll-wFr90p8-533x800.jpg\" class=\"eig-popup\" title=\"\" data-caption=\"\" target=\"_blank\"><i class=\"icon-view\"><\/i><span class=\"overlay\"><\/span><img loading=\"lazy\" decoding=\"async\" width=\"150\" height=\"150\" src=\"https:\/\/zxdoll.com\/wp-content\/uploads\/2024\/09\/cutie-sex-doll-wFr90p8-150x150.jpg\" class=\"attachment-thumbnail size-thumbnail\" alt=\"\" title=\"\"><\/a><\/li><li><a data-fancybox=\"gallery134\" href=\"https:\/\/zxdoll.com\/wp-content\/uploads\/2024\/09\/cutie-sex-doll-wFr90p17-533x800.jpg\" class=\"eig-popup\" title=\"\" data-caption=\"\" target=\"_blank\"><i class=\"icon-view\"><\/i><span class=\"overlay\"><\/span><img loading=\"lazy\" decoding=\"async\" width=\"150\" height=\"150\" src=\"https:\/\/zxdoll.com\/wp-content\/uploads\/2024\/09\/cutie-sex-doll-wFr90p17-150x150.jpg\" class=\"attachment-thumbnail size-thumbnail\" alt=\"\" title=\"\"><\/a><\/li><li><a data-fancybox=\"gallery134\" href=\"https:\/\/zxdoll.com\/wp-content\/uploads\/2024\/09\/cutie-sex-doll-wFr90p18-533x800.jpg\" class=\"eig-popup\" title=\"\" data-caption=\"\" target=\"_blank\"><i class=\"icon-view\"><\/i><span class=\"overlay\"><\/span><img loading=\"lazy\" decoding=\"async\" width=\"150\" height=\"150\" src=\"https:\/\/zxdoll.com\/wp-content\/uploads\/2024\/09\/cutie-sex-doll-wFr90p18-150x150.jpg\" class=\"attachment-thumbnail size-thumbnail\" alt=\"\" title=\"\"><\/a><\/li><li><a data-fancybox=\"gallery134\" href=\"https:\/\/zxdoll.com\/wp-content\/uploads\/2024\/09\/cutie-sex-doll-wFr90p19-533x800.jpg\" class=\"eig-popup\" title=\"\" data-caption=\"\" target=\"_blank\"><i class=\"icon-view\"><\/i><span class=\"overlay\"><\/span><img loading=\"lazy\" decoding=\"async\" width=\"150\" height=\"150\" src=\"https:\/\/zxdoll.com\/wp-content\/uploads\/2024\/09\/cutie-sex-doll-wFr90p19-150x150.jpg\" class=\"attachment-thumbnail size-thumbnail\" alt=\"\" title=\"\"><\/a><\/li><li><a data-fancybox=\"gallery134\" href=\"https:\/\/zxdoll.com\/wp-content\/uploads\/2024\/09\/cutie-sex-doll-wFr90p20-533x800.jpg\" class=\"eig-popup\" title=\"\" data-caption=\"\" target=\"_blank\"><i class=\"icon-view\"><\/i><span class=\"overlay\"><\/span><img loading=\"lazy\" decoding=\"async\" width=\"150\" height=\"150\" src=\"https:\/\/zxdoll.com\/wp-content\/uploads\/2024\/09\/cutie-sex-doll-wFr90p20-150x150.jpg\" class=\"attachment-thumbnail size-thumbnail\" alt=\"\" title=\"\"><\/a><\/li><li><a data-fancybox=\"gallery134\" href=\"https:\/\/zxdoll.com\/wp-content\/uploads\/2024\/09\/cutie-sex-doll-wFr90p21-533x800.jpg\" class=\"eig-popup\" title=\"\" data-caption=\"\" target=\"_blank\"><i class=\"icon-view\"><\/i><span class=\"overlay\"><\/span><img loading=\"lazy\" decoding=\"async\" width=\"150\" height=\"150\" src=\"https:\/\/zxdoll.com\/wp-content\/uploads\/2024\/09\/cutie-sex-doll-wFr90p21-150x150.jpg\" class=\"attachment-thumbnail size-thumbnail\" alt=\"\" title=\"\"><\/a><\/li><li><a data-fancybox=\"gallery134\" href=\"https:\/\/zxdoll.com\/wp-content\/uploads\/2024\/09\/cutie-sex-doll-wFr90p22-533x800.jpg\" class=\"eig-popup\" title=\"\" data-caption=\"\" target=\"_blank\"><i class=\"icon-view\"><\/i><span class=\"overlay\"><\/span><img loading=\"lazy\" decoding=\"async\" width=\"150\" height=\"150\" src=\"https:\/\/zxdoll.com\/wp-content\/uploads\/2024\/09\/cutie-sex-doll-wFr90p22-150x150.jpg\" class=\"attachment-thumbnail size-thumbnail\" alt=\"\" title=\"\"><\/a><\/li><li><a data-fancybox=\"gallery134\" href=\"https:\/\/zxdoll.com\/wp-content\/uploads\/2024\/09\/cutie-sex-doll-wFr90p23-533x800.jpg\" class=\"eig-popup\" title=\"\" data-caption=\"\" target=\"_blank\"><i class=\"icon-view\"><\/i><span class=\"overlay\"><\/span><img loading=\"lazy\" decoding=\"async\" width=\"150\" height=\"150\" src=\"https:\/\/zxdoll.com\/wp-content\/uploads\/2024\/09\/cutie-sex-doll-wFr90p23-150x150.jpg\" class=\"attachment-thumbnail size-thumbnail\" alt=\"\" title=\"\"><\/a><\/li><li><a data-fancybox=\"gallery134\" href=\"https:\/\/zxdoll.com\/wp-content\/uploads\/2024\/09\/cutie-sex-doll-wFr90p24-519x800.jpg\" class=\"eig-popup\" title=\"\" data-caption=\"\" target=\"_blank\"><i class=\"icon-view\"><\/i><span class=\"overlay\"><\/span><img loading=\"lazy\" decoding=\"async\" width=\"150\" height=\"150\" src=\"https:\/\/zxdoll.com\/wp-content\/uploads\/2024\/09\/cutie-sex-doll-wFr90p24-150x150.jpg\" class=\"attachment-thumbnail size-thumbnail\" alt=\"\" title=\"\"><\/a><\/li><\/ul>\n<h4>Tableaux des tailles<\/h4>\n<table width=\"256\">\n<tbody>\n<tr>\n<td width=\"129\">Mat\u00e9riel<\/td>\n<td width=\"127\">Enti\u00e8rement en silicone<\/td>\n<\/tr>\n<tr>\n<td>Hauteur<\/td>\n<td>160cm<\/td>\n<\/tr>\n<tr>\n<td>Le haut de la poitrine<\/td>\n<td>90cm<\/td>\n<\/tr>\n<tr>\n<td>Bas de la poitrine<\/td>\n<td>68cm<\/td>\n<\/tr>\n<tr>\n<td>Taille<\/td>\n<td>56cm<\/td>\n<\/tr>\n<tr>\n<td>Hanche<\/td>\n<td>93cm<\/td>\n<\/tr>\n<tr>\n<td>\u00c9paule<\/td>\n<td>33cm<\/td>\n<\/tr>\n<tr>\n<td>Bras<\/td>\n<td>66cm<\/td>\n<\/tr>\n<tr>\n<td>Jambe<\/td>\n<td>78cm<\/td>\n<\/tr>\n<tr>\n<td width=\"129\">Pied<\/td>\n<td>21cm<\/td>\n<\/tr>\n<tr>\n<td width=\"129\">Poids net<\/td>\n<td>27 kg<\/td>\n<\/tr>\n<tr>\n<td>Profondeur du vagin<\/td>\n<td>18cm<\/td>\n<\/tr>\n<tr>\n<td>Profondeur anale<\/td>\n<td>15cm<\/td>\n<\/tr>\n<\/tbody>\n<\/table>\n<h4>\u00c0 propos de la poup\u00e9e sexuelle<\/h4>\n<p>&nbsp;<\/p>","protected":false},"excerpt":{"rendered":"<p>Images de poup\u00e9es sexuelles Tableaux des tailles Mat\u00e9riau Enti\u00e8rement en silicone Hauteur 160 cm Haut de la poitrine 90 cm Bas de la poitrine 68 cm Taille 56 cm Hanche 93 cm<\/p>","protected":false},"featured_media":177892,"comment_status":"open","ping_status":"closed","template":"","meta":[],"product_brand":[],"product_cat":[234,75,228,80,116,219,110,107],"product_tag":[],"class_list":{"0":"post-177890","1":"product","2":"type-product","3":"status-publish","4":"has-post-thumbnail","6":"product_cat-234","7":"product_cat-160cm-170cm-sex-dolls","8":"product_cat-26kg-30kg","9":"product_cat-asian-sex-doll","10":"product_cat-big-boobs-sex-doll","11":"product_cat-sex-doll-xxx","12":"product_cat-silicone-sex-doll","13":"product_cat-skinny-sex-dolls","14":"pa_brand-doll-castle","15":"tm-has-options","17":"first","18":"instock","19":"sale","20":"shipping-taxable","21":"purchasable","22":"product-type-simple"},"_links":{"self":[{"href":"https:\/\/zxdoll.com\/fr\/wp-json\/wp\/v2\/product\/177890","targetHints":{"allow":["GET"]}}],"collection":[{"href":"https:\/\/zxdoll.com\/fr\/wp-json\/wp\/v2\/product"}],"about":[{"href":"https:\/\/zxdoll.com\/fr\/wp-json\/wp\/v2\/types\/product"}],"replies":[{"embeddable":true,"href":"https:\/\/zxdoll.com\/fr\/wp-json\/wp\/v2\/comments?post=177890"}],"version-history":[{"count":2,"href":"https:\/\/zxdoll.com\/fr\/wp-json\/wp\/v2\/product\/177890\/revisions"}],"predecessor-version":[{"id":177914,"href":"https:\/\/zxdoll.com\/fr\/wp-json\/wp\/v2\/product\/177890\/revisions\/177914"}],"wp:featuredmedia":[{"embeddable":true,"href":"https:\/\/zxdoll.com\/fr\/wp-json\/wp\/v2\/media\/177892"}],"wp:attachment":[{"href":"https:\/\/zxdoll.com\/fr\/wp-json\/wp\/v2\/media?parent=177890"}],"wp:term":[{"taxonomy":"product_brand","embeddable":true,"href":"https:\/\/zxdoll.com\/fr\/wp-json\/wp\/v2\/product_brand?post=177890"},{"taxonomy":"product_cat","embeddable":true,"href":"https:\/\/zxdoll.com\/fr\/wp-json\/wp\/v2\/product_cat?post=177890"},{"taxonomy":"product_tag","embeddable":true,"href":"https:\/\/zxdoll.com\/fr\/wp-json\/wp\/v2\/product_tag?post=177890"}],"curies":[{"name":"wp","href":"https:\/\/api.w.org\/{rel}","templated":true}]}}