{"id":17783,"date":"2023-03-02T03:40:37","date_gmt":"2023-03-01T19:40:37","guid":{"rendered":"https:\/\/zxdoll.com\/?post_type=product&#038;p=17783"},"modified":"2025-09-17T01:11:02","modified_gmt":"2025-09-16T17:11:02","slug":"affordable-nude-live-fuck-doll","status":"publish","type":"product","link":"https:\/\/zxdoll.com\/fr\/product\/affordable-nude-live-fuck-doll\/","title":{"rendered":"Poup\u00e9e sexuelle nue abordable Joete 165cm"},"content":{"rendered":"<h4><strong>Images de poup\u00e9e de sexe<\/strong><\/h4>\n\t                <ul class=\"easy-image-gallery thumbnails-7 linked\">\r\n                    <li><a data-fancybox=\"gallery770\" href=\"https:\/\/zxdoll.com\/wp-content\/uploads\/2023\/03\/big-doll-heads-s9k2-533x800.jpg\" class=\"eig-popup\" title=\"\" data-caption=\"\" target=\"_blank\"><i class=\"icon-view\"><\/i><span class=\"overlay\"><\/span><img decoding=\"async\" width=\"150\" height=\"150\" src=\"https:\/\/zxdoll.com\/wp-content\/uploads\/2023\/03\/big-doll-heads-s9k2-150x150.jpg\" class=\"attachment-thumbnail size-thumbnail\" alt=\"\" title=\"\"><\/a><\/li><li><a data-fancybox=\"gallery770\" href=\"https:\/\/zxdoll.com\/wp-content\/uploads\/2023\/03\/big-doll-heads-s9k3-1-533x800.jpg\" class=\"eig-popup\" title=\"\" data-caption=\"\" target=\"_blank\"><i class=\"icon-view\"><\/i><span class=\"overlay\"><\/span><img decoding=\"async\" width=\"150\" height=\"150\" src=\"https:\/\/zxdoll.com\/wp-content\/uploads\/2023\/03\/big-doll-heads-s9k3-1-150x150.jpg\" class=\"attachment-thumbnail size-thumbnail\" alt=\"\" title=\"\"><\/a><\/li><li><a data-fancybox=\"gallery770\" href=\"https:\/\/zxdoll.com\/wp-content\/uploads\/2023\/03\/big-doll-heads-s9k4-533x800.jpg\" class=\"eig-popup\" title=\"\" data-caption=\"\" target=\"_blank\"><i class=\"icon-view\"><\/i><span class=\"overlay\"><\/span><img decoding=\"async\" width=\"150\" height=\"150\" src=\"https:\/\/zxdoll.com\/wp-content\/uploads\/2023\/03\/big-doll-heads-s9k4-150x150.jpg\" class=\"attachment-thumbnail size-thumbnail\" alt=\"\" title=\"\"><\/a><\/li><li><a data-fancybox=\"gallery770\" href=\"https:\/\/zxdoll.com\/wp-content\/uploads\/2023\/03\/big-doll-heads-s9k5-533x800.jpg\" class=\"eig-popup\" title=\"\" data-caption=\"\" target=\"_blank\"><i class=\"icon-view\"><\/i><span class=\"overlay\"><\/span><img loading=\"lazy\" decoding=\"async\" width=\"150\" height=\"150\" src=\"https:\/\/zxdoll.com\/wp-content\/uploads\/2023\/03\/big-doll-heads-s9k5-150x150.jpg\" class=\"attachment-thumbnail size-thumbnail\" alt=\"\" title=\"\"><\/a><\/li><li><a data-fancybox=\"gallery770\" href=\"https:\/\/zxdoll.com\/wp-content\/uploads\/2023\/03\/big-doll-heads-s9k6-533x800.jpg\" class=\"eig-popup\" title=\"\" data-caption=\"\" target=\"_blank\"><i class=\"icon-view\"><\/i><span class=\"overlay\"><\/span><img loading=\"lazy\" decoding=\"async\" width=\"150\" height=\"150\" src=\"https:\/\/zxdoll.com\/wp-content\/uploads\/2023\/03\/big-doll-heads-s9k6-150x150.jpg\" class=\"attachment-thumbnail size-thumbnail\" alt=\"\" title=\"\"><\/a><\/li><li><a data-fancybox=\"gallery770\" href=\"https:\/\/zxdoll.com\/wp-content\/uploads\/2023\/03\/big-doll-heads-s9k7.jpg\" class=\"eig-popup\" title=\"\" data-caption=\"\" target=\"_blank\"><i class=\"icon-view\"><\/i><span class=\"overlay\"><\/span><img loading=\"lazy\" decoding=\"async\" width=\"100\" height=\"150\" src=\"https:\/\/zxdoll.com\/wp-content\/uploads\/2023\/03\/big-doll-heads-s9k7.jpg\" class=\"attachment-thumbnail size-thumbnail\" alt=\"\" title=\"\"><\/a><\/li><li><a data-fancybox=\"gallery770\" href=\"https:\/\/zxdoll.com\/wp-content\/uploads\/2023\/03\/big-doll-heads-s9k1-533x800.jpg\" class=\"eig-popup\" title=\"\" data-caption=\"\" target=\"_blank\"><i class=\"icon-view\"><\/i><span class=\"overlay\"><\/span><img loading=\"lazy\" decoding=\"async\" width=\"150\" height=\"150\" src=\"https:\/\/zxdoll.com\/wp-content\/uploads\/2023\/03\/big-doll-heads-s9k1-150x150.jpg\" class=\"attachment-thumbnail size-thumbnail\" alt=\"\" title=\"\"><\/a><\/li><\/ul>\n<h4>Tableaux des tailles<\/h4>\n<table width=\"269\">\n<tbody>\n<tr>\n<td width=\"130\">Mat\u00e9riel<\/td>\n<td width=\"139\">TPE<\/td>\n<\/tr>\n<tr>\n<td width=\"130\">Hauteur<\/td>\n<td width=\"139\">165cm<\/td>\n<\/tr>\n<tr>\n<td>Sein<\/td>\n<td>90cm<\/td>\n<\/tr>\n<tr>\n<td>Taille<\/td>\n<td>65cm<\/td>\n<\/tr>\n<tr>\n<td>Hanche<\/td>\n<td>91cm<\/td>\n<\/tr>\n<tr>\n<td>\u00c9paule<\/td>\n<td>36cm<\/td>\n<\/tr>\n<tr>\n<td>Longueur de bras<\/td>\n<td>60cm<\/td>\n<\/tr>\n<tr>\n<td>Longueur du pied<\/td>\n<td>22cm<\/td>\n<\/tr>\n<tr>\n<td>Poids net<\/td>\n<td>46KG<\/td>\n<\/tr>\n<tr>\n<td>Profondeur orale<\/td>\n<td>13cm<\/td>\n<\/tr>\n<tr>\n<td>Profondeur vaginale<\/td>\n<td>17cm<\/td>\n<\/tr>\n<tr>\n<td>Profondeur anale<\/td>\n<td>16cm<\/td>\n<\/tr>\n<\/tbody>\n<\/table>\n<h4>\u00c0 propos de la poup\u00e9e sexuelle<\/h4>\n<p>Certaines poup\u00e9es sexuelles factices sont tr\u00e8s ch\u00e8res tandis que d&#039;autres sont abordables. La plupart des gens pensent que les poup\u00e9es ch\u00e8res sont g\u00e9n\u00e9ralement les seules bonnes poup\u00e9es, mais ce n&#039;est pas vrai. Dans notre magasin, nous nous concentrons uniquement sur la garantie que nos vraies poup\u00e9es sexuelles sont abordables et bon march\u00e9 pour les nouveaux et les anciens utilisateurs.<\/p>\n<p>Avec la d\u00e9mo de poup\u00e9e sexuelle, vous pouvez avoir un aper\u00e7u de ce \u00e0 quoi ressemble votre poup\u00e9e sexuelle. Vous pouvez \u00e9galement apprendre la bonne fa\u00e7on d&#039;utiliser la poup\u00e9e sexuelle jessica grandeur nature. Si vous voulez une d\u00e9monstration de poup\u00e9e sexuelle de notre poup\u00e9e sexuelle factice, alors vous l&#039;aurez.<\/p>\n<p>Nos poup\u00e9es de baise en \u00e9b\u00e8ne sont l&#039;une des poup\u00e9es les plus chaudes du march\u00e9. Nous l&#039;appelons Jessica parce qu&#039;elle est une poup\u00e9e sexuelle sexy, et c&#039;est une poup\u00e9e sexuelle pour les personnes qui veulent avoir une relation intime hors de ce monde.<\/p>\n<p>La poup\u00e9e sexuelle Ebony est une poup\u00e9e sexuelle en direct. Elle a un beau corps, ses orifices sexuels sont attirants et attirants, elle est tr\u00e8s fid\u00e8le et elle donne toujours le meilleur d&#039;elle-m\u00eame. Non seulement Jessica est une poup\u00e9e sexuelle nue, mais son corps nu peut vous mettre instantan\u00e9ment dans l&#039;ambiance.<\/p>","protected":false},"excerpt":{"rendered":"<p>Images de poup\u00e9e de sexe Tableaux des tailles Mat\u00e9riel TPE Hauteur 165cm Poitrine 90cm Taille 65cm Hanche 91cm \u00c9paule 36cm Longueur du bras 60cm<\/p>","protected":false},"featured_media":17790,"comment_status":"open","ping_status":"closed","template":"","meta":[],"product_brand":[],"product_cat":[75,232,77,116,118,99,107,119],"product_tag":[],"class_list":{"0":"post-17783","1":"product","2":"type-product","3":"status-publish","4":"has-post-thumbnail","6":"product_cat-160cm-170cm-sex-dolls","7":"product_cat-46kg-50kg","8":"product_cat-bbw-sex-doll","9":"product_cat-big-boobs-sex-doll","10":"product_cat-ebony-sex-doll","11":"product_cat-life-size-sex-dolls","12":"product_cat-skinny-sex-dolls","13":"product_cat-tpe-sex-doll","14":"pa_brand-6ye-doll","15":"tm-has-options","17":"first","18":"instock","19":"sale","20":"shipping-taxable","21":"purchasable","22":"product-type-simple"},"_links":{"self":[{"href":"https:\/\/zxdoll.com\/fr\/wp-json\/wp\/v2\/product\/17783","targetHints":{"allow":["GET"]}}],"collection":[{"href":"https:\/\/zxdoll.com\/fr\/wp-json\/wp\/v2\/product"}],"about":[{"href":"https:\/\/zxdoll.com\/fr\/wp-json\/wp\/v2\/types\/product"}],"replies":[{"embeddable":true,"href":"https:\/\/zxdoll.com\/fr\/wp-json\/wp\/v2\/comments?post=17783"}],"version-history":[{"count":3,"href":"https:\/\/zxdoll.com\/fr\/wp-json\/wp\/v2\/product\/17783\/revisions"}],"predecessor-version":[{"id":186811,"href":"https:\/\/zxdoll.com\/fr\/wp-json\/wp\/v2\/product\/17783\/revisions\/186811"}],"wp:featuredmedia":[{"embeddable":true,"href":"https:\/\/zxdoll.com\/fr\/wp-json\/wp\/v2\/media\/17790"}],"wp:attachment":[{"href":"https:\/\/zxdoll.com\/fr\/wp-json\/wp\/v2\/media?parent=17783"}],"wp:term":[{"taxonomy":"product_brand","embeddable":true,"href":"https:\/\/zxdoll.com\/fr\/wp-json\/wp\/v2\/product_brand?post=17783"},{"taxonomy":"product_cat","embeddable":true,"href":"https:\/\/zxdoll.com\/fr\/wp-json\/wp\/v2\/product_cat?post=17783"},{"taxonomy":"product_tag","embeddable":true,"href":"https:\/\/zxdoll.com\/fr\/wp-json\/wp\/v2\/product_tag?post=17783"}],"curies":[{"name":"wp","href":"https:\/\/api.w.org\/{rel}","templated":true}]}}