{"id":177627,"date":"2024-09-21T23:03:20","date_gmt":"2024-09-21T15:03:20","guid":{"rendered":"https:\/\/zxdoll.com\/?post_type=product&#038;p=177627"},"modified":"2024-10-01T23:55:20","modified_gmt":"2024-10-01T15:55:20","slug":"where-to-throw-away-a-sex-doll","status":"publish","type":"product","link":"https:\/\/zxdoll.com\/fr\/product\/where-to-throw-away-a-sex-doll\/","title":{"rendered":"O\u00f9 jeter une poup\u00e9e sexuelle Halli 170cm"},"content":{"rendered":"<h4><strong>Images de poup\u00e9e de sexe<\/strong><\/h4>\n\t                <ul class=\"easy-image-gallery thumbnails-13 linked\">\r\n                    <li><a data-fancybox=\"gallery919\" href=\"https:\/\/zxdoll.com\/wp-content\/uploads\/2024\/09\/watch-sex-doll-sYz34w1-533x800.jpg\" class=\"eig-popup\" title=\"\" data-caption=\"\" target=\"_blank\"><i class=\"icon-view\"><\/i><span class=\"overlay\"><\/span><img decoding=\"async\" width=\"150\" height=\"150\" src=\"https:\/\/zxdoll.com\/wp-content\/uploads\/2024\/09\/watch-sex-doll-sYz34w1-150x150.jpg\" class=\"attachment-thumbnail size-thumbnail\" alt=\"\" title=\"\"><\/a><\/li><li><a data-fancybox=\"gallery919\" href=\"https:\/\/zxdoll.com\/wp-content\/uploads\/2024\/09\/watch-sex-doll-sYz34w2-533x800.jpg\" class=\"eig-popup\" title=\"\" data-caption=\"\" target=\"_blank\"><i class=\"icon-view\"><\/i><span class=\"overlay\"><\/span><img decoding=\"async\" width=\"150\" height=\"150\" src=\"https:\/\/zxdoll.com\/wp-content\/uploads\/2024\/09\/watch-sex-doll-sYz34w2-150x150.jpg\" class=\"attachment-thumbnail size-thumbnail\" alt=\"\" title=\"\"><\/a><\/li><li><a data-fancybox=\"gallery919\" href=\"https:\/\/zxdoll.com\/wp-content\/uploads\/2024\/09\/watch-sex-doll-sYz34w3-533x800.jpg\" class=\"eig-popup\" title=\"\" data-caption=\"\" target=\"_blank\"><i class=\"icon-view\"><\/i><span class=\"overlay\"><\/span><img decoding=\"async\" width=\"150\" height=\"150\" src=\"https:\/\/zxdoll.com\/wp-content\/uploads\/2024\/09\/watch-sex-doll-sYz34w3-150x150.jpg\" class=\"attachment-thumbnail size-thumbnail\" alt=\"\" title=\"\"><\/a><\/li><li><a data-fancybox=\"gallery919\" href=\"https:\/\/zxdoll.com\/wp-content\/uploads\/2024\/09\/watch-sex-doll-sYz34w4-533x800.jpg\" class=\"eig-popup\" title=\"\" data-caption=\"\" target=\"_blank\"><i class=\"icon-view\"><\/i><span class=\"overlay\"><\/span><img loading=\"lazy\" decoding=\"async\" width=\"150\" height=\"150\" src=\"https:\/\/zxdoll.com\/wp-content\/uploads\/2024\/09\/watch-sex-doll-sYz34w4-150x150.jpg\" class=\"attachment-thumbnail size-thumbnail\" alt=\"\" title=\"\"><\/a><\/li><li><a data-fancybox=\"gallery919\" href=\"https:\/\/zxdoll.com\/wp-content\/uploads\/2024\/09\/watch-sex-doll-sYz34w5-533x800.jpg\" class=\"eig-popup\" title=\"\" data-caption=\"\" target=\"_blank\"><i class=\"icon-view\"><\/i><span class=\"overlay\"><\/span><img loading=\"lazy\" decoding=\"async\" width=\"150\" height=\"150\" src=\"https:\/\/zxdoll.com\/wp-content\/uploads\/2024\/09\/watch-sex-doll-sYz34w5-150x150.jpg\" class=\"attachment-thumbnail size-thumbnail\" alt=\"\" title=\"\"><\/a><\/li><li><a data-fancybox=\"gallery919\" href=\"https:\/\/zxdoll.com\/wp-content\/uploads\/2024\/09\/watch-sex-doll-sYz34w6-533x800.jpg\" class=\"eig-popup\" title=\"\" data-caption=\"\" target=\"_blank\"><i class=\"icon-view\"><\/i><span class=\"overlay\"><\/span><img loading=\"lazy\" decoding=\"async\" width=\"150\" height=\"150\" src=\"https:\/\/zxdoll.com\/wp-content\/uploads\/2024\/09\/watch-sex-doll-sYz34w6-150x150.jpg\" class=\"attachment-thumbnail size-thumbnail\" alt=\"\" title=\"\"><\/a><\/li><li><a data-fancybox=\"gallery919\" href=\"https:\/\/zxdoll.com\/wp-content\/uploads\/2024\/09\/watch-sex-doll-sYz34w7-533x800.jpg\" class=\"eig-popup\" title=\"\" data-caption=\"\" target=\"_blank\"><i class=\"icon-view\"><\/i><span class=\"overlay\"><\/span><img loading=\"lazy\" decoding=\"async\" width=\"150\" height=\"150\" src=\"https:\/\/zxdoll.com\/wp-content\/uploads\/2024\/09\/watch-sex-doll-sYz34w7-150x150.jpg\" class=\"attachment-thumbnail size-thumbnail\" alt=\"\" title=\"\"><\/a><\/li><li><a data-fancybox=\"gallery919\" href=\"https:\/\/zxdoll.com\/wp-content\/uploads\/2024\/09\/watch-sex-doll-sYz34w21-533x800.jpg\" class=\"eig-popup\" title=\"\" data-caption=\"\" target=\"_blank\"><i class=\"icon-view\"><\/i><span class=\"overlay\"><\/span><img loading=\"lazy\" decoding=\"async\" width=\"150\" height=\"150\" src=\"https:\/\/zxdoll.com\/wp-content\/uploads\/2024\/09\/watch-sex-doll-sYz34w21-150x150.jpg\" class=\"attachment-thumbnail size-thumbnail\" alt=\"\" title=\"\"><\/a><\/li><li><a data-fancybox=\"gallery919\" href=\"https:\/\/zxdoll.com\/wp-content\/uploads\/2024\/09\/watch-sex-doll-sYz34w22-533x800.jpg\" class=\"eig-popup\" title=\"\" data-caption=\"\" target=\"_blank\"><i class=\"icon-view\"><\/i><span class=\"overlay\"><\/span><img loading=\"lazy\" decoding=\"async\" width=\"150\" height=\"150\" src=\"https:\/\/zxdoll.com\/wp-content\/uploads\/2024\/09\/watch-sex-doll-sYz34w22-150x150.jpg\" class=\"attachment-thumbnail size-thumbnail\" alt=\"\" title=\"\"><\/a><\/li><li><a data-fancybox=\"gallery919\" href=\"https:\/\/zxdoll.com\/wp-content\/uploads\/2024\/09\/watch-sex-doll-sYz34w23-449x800.jpg\" class=\"eig-popup\" title=\"\" data-caption=\"\" target=\"_blank\"><i class=\"icon-view\"><\/i><span class=\"overlay\"><\/span><img loading=\"lazy\" decoding=\"async\" width=\"150\" height=\"150\" src=\"https:\/\/zxdoll.com\/wp-content\/uploads\/2024\/09\/watch-sex-doll-sYz34w23-150x150.jpg\" class=\"attachment-thumbnail size-thumbnail\" alt=\"\" title=\"\"><\/a><\/li><li><a data-fancybox=\"gallery919\" href=\"https:\/\/zxdoll.com\/wp-content\/uploads\/2024\/09\/watch-sex-doll-sYz34w24-449x800.jpg\" class=\"eig-popup\" title=\"\" data-caption=\"\" target=\"_blank\"><i class=\"icon-view\"><\/i><span class=\"overlay\"><\/span><img loading=\"lazy\" decoding=\"async\" width=\"150\" height=\"150\" src=\"https:\/\/zxdoll.com\/wp-content\/uploads\/2024\/09\/watch-sex-doll-sYz34w24-150x150.jpg\" class=\"attachment-thumbnail size-thumbnail\" alt=\"\" title=\"\"><\/a><\/li><li><a data-fancybox=\"gallery919\" href=\"https:\/\/zxdoll.com\/wp-content\/uploads\/2024\/09\/watch-sex-doll-sYz34w25-449x800.jpg\" class=\"eig-popup\" title=\"\" data-caption=\"\" target=\"_blank\"><i class=\"icon-view\"><\/i><span class=\"overlay\"><\/span><img loading=\"lazy\" decoding=\"async\" width=\"150\" height=\"150\" src=\"https:\/\/zxdoll.com\/wp-content\/uploads\/2024\/09\/watch-sex-doll-sYz34w25-150x150.jpg\" class=\"attachment-thumbnail size-thumbnail\" alt=\"\" title=\"\"><\/a><\/li><li><a data-fancybox=\"gallery919\" href=\"https:\/\/zxdoll.com\/wp-content\/uploads\/2024\/09\/watch-sex-doll-sYz34w26-449x800.jpg\" class=\"eig-popup\" title=\"\" data-caption=\"\" target=\"_blank\"><i class=\"icon-view\"><\/i><span class=\"overlay\"><\/span><img loading=\"lazy\" decoding=\"async\" width=\"150\" height=\"150\" src=\"https:\/\/zxdoll.com\/wp-content\/uploads\/2024\/09\/watch-sex-doll-sYz34w26-150x150.jpg\" class=\"attachment-thumbnail size-thumbnail\" alt=\"\" title=\"\"><\/a><\/li><\/ul>\n<h4>Tableaux des tailles<\/h4>\n<table width=\"256\">\n<tbody>\n<tr>\n<td width=\"129\">Mat\u00e9riel<\/td>\n<td width=\"127\">TPE<\/td>\n<\/tr>\n<tr>\n<td>Hauteur<\/td>\n<td>170cm<\/td>\n<\/tr>\n<tr>\n<td>Le haut de la poitrine<\/td>\n<td>80cm<\/td>\n<\/tr>\n<tr>\n<td>Bas de la poitrine<\/td>\n<td>61cm<\/td>\n<\/tr>\n<tr>\n<td>Taille<\/td>\n<td>54cm<\/td>\n<\/tr>\n<tr>\n<td>Hanche<\/td>\n<td>90cm<\/td>\n<\/tr>\n<tr>\n<td>\u00c9paule<\/td>\n<td>35cm<\/td>\n<\/tr>\n<tr>\n<td>Bras<\/td>\n<td>67cm<\/td>\n<\/tr>\n<tr>\n<td>Jambe<\/td>\n<td>90cm<\/td>\n<\/tr>\n<tr>\n<td width=\"129\">Pied<\/td>\n<td>22cm<\/td>\n<\/tr>\n<tr>\n<td width=\"129\">Poids net<\/td>\n<td>38kg<\/td>\n<\/tr>\n<tr>\n<td>Profondeur orale<\/td>\n<td>12cm<\/td>\n<\/tr>\n<tr>\n<td>Profondeur du vagin<\/td>\n<td>18cm<\/td>\n<\/tr>\n<tr>\n<td>Profondeur anale<\/td>\n<td>15cm<\/td>\n<\/tr>\n<\/tbody>\n<\/table>\n<h4>\u00c0 propos de la poup\u00e9e sexuelle<\/h4>\n<p>&nbsp;<\/p>","protected":false},"excerpt":{"rendered":"<p>Images de poup\u00e9es sexuelles Tableaux des tailles Mat\u00e9riau TPE Hauteur 170 cm Haut de la poitrine 80 cm Bas de la poitrine 61 cm Taille 54 cm Hanche 90 cm \u00c9paule<\/p>","protected":false},"featured_media":177662,"comment_status":"open","ping_status":"closed","template":"","meta":[],"product_brand":[],"product_cat":[234,75,230,80,173,107,117,119],"product_tag":[],"class_list":{"0":"post-177627","1":"product","2":"type-product","3":"status-publish","4":"has-post-thumbnail","6":"product_cat-234","7":"product_cat-160cm-170cm-sex-dolls","8":"product_cat-36kg-40kg","9":"product_cat-asian-sex-doll","10":"product_cat-sexy-doll","11":"product_cat-skinny-sex-dolls","12":"product_cat-small-breast-sex-doll","13":"product_cat-tpe-sex-doll","14":"pa_brand-doll-castle","15":"tm-has-options","17":"first","18":"instock","19":"sale","20":"shipping-taxable","21":"purchasable","22":"product-type-simple"},"_links":{"self":[{"href":"https:\/\/zxdoll.com\/fr\/wp-json\/wp\/v2\/product\/177627","targetHints":{"allow":["GET"]}}],"collection":[{"href":"https:\/\/zxdoll.com\/fr\/wp-json\/wp\/v2\/product"}],"about":[{"href":"https:\/\/zxdoll.com\/fr\/wp-json\/wp\/v2\/types\/product"}],"replies":[{"embeddable":true,"href":"https:\/\/zxdoll.com\/fr\/wp-json\/wp\/v2\/comments?post=177627"}],"version-history":[{"count":2,"href":"https:\/\/zxdoll.com\/fr\/wp-json\/wp\/v2\/product\/177627\/revisions"}],"predecessor-version":[{"id":177695,"href":"https:\/\/zxdoll.com\/fr\/wp-json\/wp\/v2\/product\/177627\/revisions\/177695"}],"wp:featuredmedia":[{"embeddable":true,"href":"https:\/\/zxdoll.com\/fr\/wp-json\/wp\/v2\/media\/177662"}],"wp:attachment":[{"href":"https:\/\/zxdoll.com\/fr\/wp-json\/wp\/v2\/media?parent=177627"}],"wp:term":[{"taxonomy":"product_brand","embeddable":true,"href":"https:\/\/zxdoll.com\/fr\/wp-json\/wp\/v2\/product_brand?post=177627"},{"taxonomy":"product_cat","embeddable":true,"href":"https:\/\/zxdoll.com\/fr\/wp-json\/wp\/v2\/product_cat?post=177627"},{"taxonomy":"product_tag","embeddable":true,"href":"https:\/\/zxdoll.com\/fr\/wp-json\/wp\/v2\/product_tag?post=177627"}],"curies":[{"name":"wp","href":"https:\/\/api.w.org\/{rel}","templated":true}]}}