{"id":175631,"date":"2024-09-20T04:27:52","date_gmt":"2024-09-19T20:27:52","guid":{"rendered":"https:\/\/zxdoll.com\/?post_type=product&#038;p=175631"},"modified":"2024-10-01T05:11:16","modified_gmt":"2024-09-30T21:11:16","slug":"realistic-sex-doll-big-breasts","status":"publish","type":"product","link":"https:\/\/zxdoll.com\/fr\/product\/realistic-sex-doll-big-breasts\/","title":{"rendered":"Poup\u00e9e sexuelle r\u00e9aliste \u00e0 gros seins Erinn 169 cm"},"content":{"rendered":"<h4><strong>Images de poup\u00e9e de sexe<\/strong><\/h4>\n\t                <ul class=\"easy-image-gallery thumbnails-10 linked\">\r\n                    <li><a data-fancybox=\"gallery462\" href=\"https:\/\/zxdoll.com\/wp-content\/uploads\/2024\/09\/sex-naked-doll-qTz64f1.jpg\" class=\"eig-popup\" title=\"\" data-caption=\"\" target=\"_blank\"><i class=\"icon-view\"><\/i><span class=\"overlay\"><\/span><img decoding=\"async\" width=\"150\" height=\"150\" src=\"https:\/\/zxdoll.com\/wp-content\/uploads\/2024\/09\/sex-naked-doll-qTz64f1-150x150.jpg\" class=\"attachment-thumbnail size-thumbnail\" alt=\"\" title=\"\"><\/a><\/li><li><a data-fancybox=\"gallery462\" href=\"https:\/\/zxdoll.com\/wp-content\/uploads\/2024\/09\/sex-naked-doll-qTz64f5-533x800.jpg\" class=\"eig-popup\" title=\"\" data-caption=\"\" target=\"_blank\"><i class=\"icon-view\"><\/i><span class=\"overlay\"><\/span><img decoding=\"async\" width=\"150\" height=\"150\" src=\"https:\/\/zxdoll.com\/wp-content\/uploads\/2024\/09\/sex-naked-doll-qTz64f5-150x150.jpg\" class=\"attachment-thumbnail size-thumbnail\" alt=\"\" title=\"\"><\/a><\/li><li><a data-fancybox=\"gallery462\" href=\"https:\/\/zxdoll.com\/wp-content\/uploads\/2024\/09\/sex-naked-doll-qTz64f7-1-533x800.jpg\" class=\"eig-popup\" title=\"\" data-caption=\"\" target=\"_blank\"><i class=\"icon-view\"><\/i><span class=\"overlay\"><\/span><img decoding=\"async\" width=\"150\" height=\"150\" src=\"https:\/\/zxdoll.com\/wp-content\/uploads\/2024\/09\/sex-naked-doll-qTz64f7-1-150x150.jpg\" class=\"attachment-thumbnail size-thumbnail\" alt=\"\" title=\"\"><\/a><\/li><li><a data-fancybox=\"gallery462\" href=\"https:\/\/zxdoll.com\/wp-content\/uploads\/2024\/09\/sex-naked-doll-qTz64f13-533x800.jpg\" class=\"eig-popup\" title=\"\" data-caption=\"\" target=\"_blank\"><i class=\"icon-view\"><\/i><span class=\"overlay\"><\/span><img loading=\"lazy\" decoding=\"async\" width=\"150\" height=\"150\" src=\"https:\/\/zxdoll.com\/wp-content\/uploads\/2024\/09\/sex-naked-doll-qTz64f13-150x150.jpg\" class=\"attachment-thumbnail size-thumbnail\" alt=\"\" title=\"\"><\/a><\/li><li><a data-fancybox=\"gallery462\" href=\"https:\/\/zxdoll.com\/wp-content\/uploads\/2024\/09\/sex-naked-doll-qTz64f14-533x800.jpg\" class=\"eig-popup\" title=\"\" data-caption=\"\" target=\"_blank\"><i class=\"icon-view\"><\/i><span class=\"overlay\"><\/span><img loading=\"lazy\" decoding=\"async\" width=\"150\" height=\"150\" src=\"https:\/\/zxdoll.com\/wp-content\/uploads\/2024\/09\/sex-naked-doll-qTz64f14-150x150.jpg\" class=\"attachment-thumbnail size-thumbnail\" alt=\"\" title=\"\"><\/a><\/li><li><a data-fancybox=\"gallery462\" href=\"https:\/\/zxdoll.com\/wp-content\/uploads\/2024\/09\/sex-naked-doll-qTz64f15-533x800.jpg\" class=\"eig-popup\" title=\"\" data-caption=\"\" target=\"_blank\"><i class=\"icon-view\"><\/i><span class=\"overlay\"><\/span><img loading=\"lazy\" decoding=\"async\" width=\"150\" height=\"150\" src=\"https:\/\/zxdoll.com\/wp-content\/uploads\/2024\/09\/sex-naked-doll-qTz64f15-150x150.jpg\" class=\"attachment-thumbnail size-thumbnail\" alt=\"\" title=\"\"><\/a><\/li><li><a data-fancybox=\"gallery462\" href=\"https:\/\/zxdoll.com\/wp-content\/uploads\/2024\/09\/sex-naked-doll-qTz64f16.jpg\" class=\"eig-popup\" title=\"\" data-caption=\"\" target=\"_blank\"><i class=\"icon-view\"><\/i><span class=\"overlay\"><\/span><img loading=\"lazy\" decoding=\"async\" width=\"150\" height=\"150\" src=\"https:\/\/zxdoll.com\/wp-content\/uploads\/2024\/09\/sex-naked-doll-qTz64f16-150x150.jpg\" class=\"attachment-thumbnail size-thumbnail\" alt=\"\" title=\"\"><\/a><\/li><li><a data-fancybox=\"gallery462\" href=\"https:\/\/zxdoll.com\/wp-content\/uploads\/2024\/09\/sex-naked-doll-qTz64f17.jpg\" class=\"eig-popup\" title=\"\" data-caption=\"\" target=\"_blank\"><i class=\"icon-view\"><\/i><span class=\"overlay\"><\/span><img loading=\"lazy\" decoding=\"async\" width=\"150\" height=\"150\" src=\"https:\/\/zxdoll.com\/wp-content\/uploads\/2024\/09\/sex-naked-doll-qTz64f17-150x150.jpg\" class=\"attachment-thumbnail size-thumbnail\" alt=\"\" title=\"\"><\/a><\/li><li><a data-fancybox=\"gallery462\" href=\"https:\/\/zxdoll.com\/wp-content\/uploads\/2024\/09\/sex-naked-doll-qTz64f18-533x800.jpg\" class=\"eig-popup\" title=\"\" data-caption=\"\" target=\"_blank\"><i class=\"icon-view\"><\/i><span class=\"overlay\"><\/span><img loading=\"lazy\" decoding=\"async\" width=\"150\" height=\"150\" src=\"https:\/\/zxdoll.com\/wp-content\/uploads\/2024\/09\/sex-naked-doll-qTz64f18-150x150.jpg\" class=\"attachment-thumbnail size-thumbnail\" alt=\"\" title=\"\"><\/a><\/li><li><a data-fancybox=\"gallery462\" href=\"https:\/\/zxdoll.com\/wp-content\/uploads\/2024\/09\/sex-naked-doll-qTz64f19.jpg\" class=\"eig-popup\" title=\"\" data-caption=\"\" target=\"_blank\"><i class=\"icon-view\"><\/i><span class=\"overlay\"><\/span><img loading=\"lazy\" decoding=\"async\" width=\"150\" height=\"150\" src=\"https:\/\/zxdoll.com\/wp-content\/uploads\/2024\/09\/sex-naked-doll-qTz64f19-150x150.jpg\" class=\"attachment-thumbnail size-thumbnail\" alt=\"\" title=\"\"><\/a><\/li><\/ul>\n<h4>Tableaux des tailles<\/h4>\n<table width=\"349\">\n<tbody>\n<tr>\n<td width=\"210\">Mat\u00e9riel<\/td>\n<td width=\"139\">Enti\u00e8rement en silicone<\/td>\n<\/tr>\n<tr>\n<td>Hauteur<\/td>\n<td>169cm<\/td>\n<\/tr>\n<tr>\n<td>Sein<\/td>\n<td>80cm<\/td>\n<\/tr>\n<tr>\n<td>Sous la poitrine<\/td>\n<td>67cm<\/td>\n<\/tr>\n<tr>\n<td>Taille<\/td>\n<td>57cm<\/td>\n<\/tr>\n<tr>\n<td>Hanche<\/td>\n<td>90cm<\/td>\n<\/tr>\n<tr>\n<td>Longueur de bras<\/td>\n<td>63cm<\/td>\n<\/tr>\n<tr>\n<td>Largeur d&#039;\u00e9paule<\/td>\n<td>35cm<\/td>\n<\/tr>\n<tr>\n<td>Ligne de mollet<\/td>\n<td>30cm<\/td>\n<\/tr>\n<tr>\n<td>Ligne de cuisse<\/td>\n<td>48cm<\/td>\n<\/tr>\n<tr>\n<td>Longueur de jambe<\/td>\n<td>89cm<\/td>\n<\/tr>\n<tr>\n<td>Taille des pieds<\/td>\n<td>22cm<\/td>\n<\/tr>\n<tr>\n<td>Profondeur buccale (t\u00eate molle uniquement)<\/td>\n<td>12cm<\/td>\n<\/tr>\n<tr>\n<td>Profondeur vaginale<\/td>\n<td>18cm<\/td>\n<\/tr>\n<tr>\n<td>Profondeur anale<\/td>\n<td>16cm<\/td>\n<\/tr>\n<tr>\n<td>Poids net<\/td>\n<td>34 kg<\/td>\n<\/tr>\n<\/tbody>\n<\/table>\n<p>&nbsp;<\/p>\n<p>&nbsp;<\/p>\n<p>&nbsp;<\/p>\n<p>&nbsp;<\/p>\n<h4>\u00c0 propos de la poup\u00e9e sexuelle<\/h4>\n<p>&nbsp;<\/p>","protected":false},"excerpt":{"rendered":"<p>Sex Doll Images Size Charts Material Full Silicone Height 169cm Breast 80cm Under Breast 67cm Waist 57cm Hip 90cm Arm<\/p>","protected":false},"featured_media":175651,"comment_status":"open","ping_status":"closed","template":"","meta":[],"product_brand":[],"product_cat":[234,75,229,80,166,110,107,117],"product_tag":[],"class_list":{"0":"post-175631","1":"product","2":"type-product","3":"status-publish","4":"has-post-thumbnail","6":"product_cat-234","7":"product_cat-160cm-170cm-sex-dolls","8":"product_cat-31kg-35kg","9":"product_cat-asian-sex-doll","10":"product_cat-sexy-sex-dolls","11":"product_cat-silicone-sex-doll","12":"product_cat-skinny-sex-dolls","13":"product_cat-small-breast-sex-doll","14":"pa_brand-irontech-doll","15":"tm-has-options","17":"first","18":"instock","19":"sale","20":"shipping-taxable","21":"purchasable","22":"product-type-simple"},"_links":{"self":[{"href":"https:\/\/zxdoll.com\/fr\/wp-json\/wp\/v2\/product\/175631","targetHints":{"allow":["GET"]}}],"collection":[{"href":"https:\/\/zxdoll.com\/fr\/wp-json\/wp\/v2\/product"}],"about":[{"href":"https:\/\/zxdoll.com\/fr\/wp-json\/wp\/v2\/types\/product"}],"replies":[{"embeddable":true,"href":"https:\/\/zxdoll.com\/fr\/wp-json\/wp\/v2\/comments?post=175631"}],"version-history":[{"count":2,"href":"https:\/\/zxdoll.com\/fr\/wp-json\/wp\/v2\/product\/175631\/revisions"}],"predecessor-version":[{"id":175677,"href":"https:\/\/zxdoll.com\/fr\/wp-json\/wp\/v2\/product\/175631\/revisions\/175677"}],"wp:featuredmedia":[{"embeddable":true,"href":"https:\/\/zxdoll.com\/fr\/wp-json\/wp\/v2\/media\/175651"}],"wp:attachment":[{"href":"https:\/\/zxdoll.com\/fr\/wp-json\/wp\/v2\/media?parent=175631"}],"wp:term":[{"taxonomy":"product_brand","embeddable":true,"href":"https:\/\/zxdoll.com\/fr\/wp-json\/wp\/v2\/product_brand?post=175631"},{"taxonomy":"product_cat","embeddable":true,"href":"https:\/\/zxdoll.com\/fr\/wp-json\/wp\/v2\/product_cat?post=175631"},{"taxonomy":"product_tag","embeddable":true,"href":"https:\/\/zxdoll.com\/fr\/wp-json\/wp\/v2\/product_tag?post=175631"}],"curies":[{"name":"wp","href":"https:\/\/api.w.org\/{rel}","templated":true}]}}