{"id":173813,"date":"2024-09-20T00:37:18","date_gmt":"2024-09-19T16:37:18","guid":{"rendered":"https:\/\/zxdoll.com\/?post_type=product&#038;p=173813"},"modified":"2024-10-04T03:25:57","modified_gmt":"2024-10-03T19:25:57","slug":"he-thought-she-was-a-sex-doll","status":"publish","type":"product","link":"https:\/\/zxdoll.com\/fr\/product\/he-thought-she-was-a-sex-doll\/","title":{"rendered":"Il pensait qu&#039;elle \u00e9tait une poup\u00e9e sexuelle Dorisa 170cm"},"content":{"rendered":"<h4><strong>Images de poup\u00e9e de sexe<\/strong><\/h4>\n\t                <ul class=\"easy-image-gallery thumbnails-24 linked\">\r\n                    <li><a data-fancybox=\"gallery430\" href=\"https:\/\/zxdoll.com\/wp-content\/uploads\/2024\/09\/make-doll-wig-nh6ytc1-533x800.jpg\" class=\"eig-popup\" title=\"\" data-caption=\"\" target=\"_blank\"><i class=\"icon-view\"><\/i><span class=\"overlay\"><\/span><img decoding=\"async\" width=\"150\" height=\"150\" src=\"https:\/\/zxdoll.com\/wp-content\/uploads\/2024\/09\/make-doll-wig-nh6ytc1-150x150.jpg\" class=\"attachment-thumbnail size-thumbnail\" alt=\"\" title=\"\"><\/a><\/li><li><a data-fancybox=\"gallery430\" href=\"https:\/\/zxdoll.com\/wp-content\/uploads\/2024\/09\/make-doll-wig-nh6ytc2-533x800.jpg\" class=\"eig-popup\" title=\"\" data-caption=\"\" target=\"_blank\"><i class=\"icon-view\"><\/i><span class=\"overlay\"><\/span><img decoding=\"async\" width=\"150\" height=\"150\" src=\"https:\/\/zxdoll.com\/wp-content\/uploads\/2024\/09\/make-doll-wig-nh6ytc2-150x150.jpg\" class=\"attachment-thumbnail size-thumbnail\" alt=\"\" title=\"\"><\/a><\/li><li><a data-fancybox=\"gallery430\" href=\"https:\/\/zxdoll.com\/wp-content\/uploads\/2024\/09\/make-doll-wig-nh6ytc3-533x800.jpg\" class=\"eig-popup\" title=\"\" data-caption=\"\" target=\"_blank\"><i class=\"icon-view\"><\/i><span class=\"overlay\"><\/span><img decoding=\"async\" width=\"150\" height=\"150\" src=\"https:\/\/zxdoll.com\/wp-content\/uploads\/2024\/09\/make-doll-wig-nh6ytc3-150x150.jpg\" class=\"attachment-thumbnail size-thumbnail\" alt=\"\" title=\"\"><\/a><\/li><li><a data-fancybox=\"gallery430\" href=\"https:\/\/zxdoll.com\/wp-content\/uploads\/2024\/09\/make-doll-wig-nh6ytc4-533x800.jpg\" class=\"eig-popup\" title=\"\" data-caption=\"\" target=\"_blank\"><i class=\"icon-view\"><\/i><span class=\"overlay\"><\/span><img loading=\"lazy\" decoding=\"async\" width=\"150\" height=\"150\" src=\"https:\/\/zxdoll.com\/wp-content\/uploads\/2024\/09\/make-doll-wig-nh6ytc4-150x150.jpg\" class=\"attachment-thumbnail size-thumbnail\" alt=\"\" title=\"\"><\/a><\/li><li><a data-fancybox=\"gallery430\" href=\"https:\/\/zxdoll.com\/wp-content\/uploads\/2024\/09\/make-doll-wig-nh6ytc5-533x800.jpg\" class=\"eig-popup\" title=\"\" data-caption=\"\" target=\"_blank\"><i class=\"icon-view\"><\/i><span class=\"overlay\"><\/span><img loading=\"lazy\" decoding=\"async\" width=\"150\" height=\"150\" src=\"https:\/\/zxdoll.com\/wp-content\/uploads\/2024\/09\/make-doll-wig-nh6ytc5-150x150.jpg\" class=\"attachment-thumbnail size-thumbnail\" alt=\"\" title=\"\"><\/a><\/li><li><a data-fancybox=\"gallery430\" href=\"https:\/\/zxdoll.com\/wp-content\/uploads\/2024\/09\/make-doll-wig-nh6ytc6-533x800.jpg\" class=\"eig-popup\" title=\"\" data-caption=\"\" target=\"_blank\"><i class=\"icon-view\"><\/i><span class=\"overlay\"><\/span><img loading=\"lazy\" decoding=\"async\" width=\"150\" height=\"150\" src=\"https:\/\/zxdoll.com\/wp-content\/uploads\/2024\/09\/make-doll-wig-nh6ytc6-150x150.jpg\" class=\"attachment-thumbnail size-thumbnail\" alt=\"\" title=\"\"><\/a><\/li><li><a data-fancybox=\"gallery430\" href=\"https:\/\/zxdoll.com\/wp-content\/uploads\/2024\/09\/make-doll-wig-nh6ytc7-533x800.jpg\" class=\"eig-popup\" title=\"\" data-caption=\"\" target=\"_blank\"><i class=\"icon-view\"><\/i><span class=\"overlay\"><\/span><img loading=\"lazy\" decoding=\"async\" width=\"150\" height=\"150\" src=\"https:\/\/zxdoll.com\/wp-content\/uploads\/2024\/09\/make-doll-wig-nh6ytc7-150x150.jpg\" class=\"attachment-thumbnail size-thumbnail\" alt=\"\" title=\"\"><\/a><\/li><li><a data-fancybox=\"gallery430\" href=\"https:\/\/zxdoll.com\/wp-content\/uploads\/2024\/09\/make-doll-wig-nh6ytc8-1-533x800.jpg\" class=\"eig-popup\" title=\"\" data-caption=\"\" target=\"_blank\"><i class=\"icon-view\"><\/i><span class=\"overlay\"><\/span><img loading=\"lazy\" decoding=\"async\" width=\"150\" height=\"150\" src=\"https:\/\/zxdoll.com\/wp-content\/uploads\/2024\/09\/make-doll-wig-nh6ytc8-1-150x150.jpg\" class=\"attachment-thumbnail size-thumbnail\" alt=\"\" title=\"\"><\/a><\/li><li><a data-fancybox=\"gallery430\" href=\"https:\/\/zxdoll.com\/wp-content\/uploads\/2024\/09\/make-doll-wig-nh6ytc9-533x800.jpg\" class=\"eig-popup\" title=\"\" data-caption=\"\" target=\"_blank\"><i class=\"icon-view\"><\/i><span class=\"overlay\"><\/span><img loading=\"lazy\" decoding=\"async\" width=\"150\" height=\"150\" src=\"https:\/\/zxdoll.com\/wp-content\/uploads\/2024\/09\/make-doll-wig-nh6ytc9-150x150.jpg\" class=\"attachment-thumbnail size-thumbnail\" alt=\"\" title=\"\"><\/a><\/li><li><a data-fancybox=\"gallery430\" href=\"https:\/\/zxdoll.com\/wp-content\/uploads\/2024\/09\/make-doll-wig-nh6ytc10-533x800.jpg\" class=\"eig-popup\" title=\"\" data-caption=\"\" target=\"_blank\"><i class=\"icon-view\"><\/i><span class=\"overlay\"><\/span><img loading=\"lazy\" decoding=\"async\" width=\"150\" height=\"150\" src=\"https:\/\/zxdoll.com\/wp-content\/uploads\/2024\/09\/make-doll-wig-nh6ytc10-150x150.jpg\" class=\"attachment-thumbnail size-thumbnail\" alt=\"\" title=\"\"><\/a><\/li><li><a data-fancybox=\"gallery430\" href=\"https:\/\/zxdoll.com\/wp-content\/uploads\/2024\/09\/make-doll-wig-nh6ytc11-533x800.jpg\" class=\"eig-popup\" title=\"\" data-caption=\"\" target=\"_blank\"><i class=\"icon-view\"><\/i><span class=\"overlay\"><\/span><img loading=\"lazy\" decoding=\"async\" width=\"150\" height=\"150\" src=\"https:\/\/zxdoll.com\/wp-content\/uploads\/2024\/09\/make-doll-wig-nh6ytc11-150x150.jpg\" class=\"attachment-thumbnail size-thumbnail\" alt=\"\" title=\"\"><\/a><\/li><li><a data-fancybox=\"gallery430\" href=\"https:\/\/zxdoll.com\/wp-content\/uploads\/2024\/09\/make-doll-wig-nh6ytc12-533x800.jpg\" class=\"eig-popup\" title=\"\" data-caption=\"\" target=\"_blank\"><i class=\"icon-view\"><\/i><span class=\"overlay\"><\/span><img loading=\"lazy\" decoding=\"async\" width=\"150\" height=\"150\" src=\"https:\/\/zxdoll.com\/wp-content\/uploads\/2024\/09\/make-doll-wig-nh6ytc12-150x150.jpg\" class=\"attachment-thumbnail size-thumbnail\" alt=\"\" title=\"\"><\/a><\/li><li><a data-fancybox=\"gallery430\" href=\"https:\/\/zxdoll.com\/wp-content\/uploads\/2024\/09\/make-doll-wig-nh6ytc13-533x800.jpg\" class=\"eig-popup\" title=\"\" data-caption=\"\" target=\"_blank\"><i class=\"icon-view\"><\/i><span class=\"overlay\"><\/span><img loading=\"lazy\" decoding=\"async\" width=\"150\" height=\"150\" src=\"https:\/\/zxdoll.com\/wp-content\/uploads\/2024\/09\/make-doll-wig-nh6ytc13-150x150.jpg\" class=\"attachment-thumbnail size-thumbnail\" alt=\"\" title=\"\"><\/a><\/li><li><a data-fancybox=\"gallery430\" href=\"https:\/\/zxdoll.com\/wp-content\/uploads\/2024\/09\/make-doll-wig-nh6ytc14-533x800.jpg\" class=\"eig-popup\" title=\"\" data-caption=\"\" target=\"_blank\"><i class=\"icon-view\"><\/i><span class=\"overlay\"><\/span><img loading=\"lazy\" decoding=\"async\" width=\"150\" height=\"150\" src=\"https:\/\/zxdoll.com\/wp-content\/uploads\/2024\/09\/make-doll-wig-nh6ytc14-150x150.jpg\" class=\"attachment-thumbnail size-thumbnail\" alt=\"\" title=\"\"><\/a><\/li><li><a data-fancybox=\"gallery430\" href=\"https:\/\/zxdoll.com\/wp-content\/uploads\/2024\/09\/make-doll-wig-nh6ytc15-533x800.jpg\" class=\"eig-popup\" title=\"\" data-caption=\"\" target=\"_blank\"><i class=\"icon-view\"><\/i><span class=\"overlay\"><\/span><img loading=\"lazy\" decoding=\"async\" width=\"150\" height=\"150\" src=\"https:\/\/zxdoll.com\/wp-content\/uploads\/2024\/09\/make-doll-wig-nh6ytc15-150x150.jpg\" class=\"attachment-thumbnail size-thumbnail\" alt=\"\" title=\"\"><\/a><\/li><li><a data-fancybox=\"gallery430\" href=\"https:\/\/zxdoll.com\/wp-content\/uploads\/2024\/09\/make-doll-wig-nh6ytc16-533x800.jpg\" class=\"eig-popup\" title=\"\" data-caption=\"\" target=\"_blank\"><i class=\"icon-view\"><\/i><span class=\"overlay\"><\/span><img loading=\"lazy\" decoding=\"async\" width=\"150\" height=\"150\" src=\"https:\/\/zxdoll.com\/wp-content\/uploads\/2024\/09\/make-doll-wig-nh6ytc16-150x150.jpg\" class=\"attachment-thumbnail size-thumbnail\" alt=\"\" title=\"\"><\/a><\/li><li><a data-fancybox=\"gallery430\" href=\"https:\/\/zxdoll.com\/wp-content\/uploads\/2024\/09\/make-doll-wig-nh6ytc17-533x800.jpg\" class=\"eig-popup\" title=\"\" data-caption=\"\" target=\"_blank\"><i class=\"icon-view\"><\/i><span class=\"overlay\"><\/span><img loading=\"lazy\" decoding=\"async\" width=\"150\" height=\"150\" src=\"https:\/\/zxdoll.com\/wp-content\/uploads\/2024\/09\/make-doll-wig-nh6ytc17-150x150.jpg\" class=\"attachment-thumbnail size-thumbnail\" alt=\"\" title=\"\"><\/a><\/li><li><a data-fancybox=\"gallery430\" href=\"https:\/\/zxdoll.com\/wp-content\/uploads\/2024\/09\/make-doll-wig-nh6ytc18-533x800.jpg\" class=\"eig-popup\" title=\"\" data-caption=\"\" target=\"_blank\"><i class=\"icon-view\"><\/i><span class=\"overlay\"><\/span><img loading=\"lazy\" decoding=\"async\" width=\"150\" height=\"150\" src=\"https:\/\/zxdoll.com\/wp-content\/uploads\/2024\/09\/make-doll-wig-nh6ytc18-150x150.jpg\" class=\"attachment-thumbnail size-thumbnail\" alt=\"\" title=\"\"><\/a><\/li><li><a data-fancybox=\"gallery430\" href=\"https:\/\/zxdoll.com\/wp-content\/uploads\/2024\/09\/make-doll-wig-nh6ytc19-533x800.jpg\" class=\"eig-popup\" title=\"\" data-caption=\"\" target=\"_blank\"><i class=\"icon-view\"><\/i><span class=\"overlay\"><\/span><img loading=\"lazy\" decoding=\"async\" width=\"150\" height=\"150\" src=\"https:\/\/zxdoll.com\/wp-content\/uploads\/2024\/09\/make-doll-wig-nh6ytc19-150x150.jpg\" class=\"attachment-thumbnail size-thumbnail\" alt=\"\" title=\"\"><\/a><\/li><li><a data-fancybox=\"gallery430\" href=\"https:\/\/zxdoll.com\/wp-content\/uploads\/2024\/09\/make-doll-wig-nh6ytc20-533x800.jpg\" class=\"eig-popup\" title=\"\" data-caption=\"\" target=\"_blank\"><i class=\"icon-view\"><\/i><span class=\"overlay\"><\/span><img loading=\"lazy\" decoding=\"async\" width=\"150\" height=\"150\" src=\"https:\/\/zxdoll.com\/wp-content\/uploads\/2024\/09\/make-doll-wig-nh6ytc20-150x150.jpg\" class=\"attachment-thumbnail size-thumbnail\" alt=\"\" title=\"\"><\/a><\/li><li><a data-fancybox=\"gallery430\" href=\"https:\/\/zxdoll.com\/wp-content\/uploads\/2024\/09\/make-doll-wig-nh6ytc21-533x800.jpg\" class=\"eig-popup\" title=\"\" data-caption=\"\" target=\"_blank\"><i class=\"icon-view\"><\/i><span class=\"overlay\"><\/span><img loading=\"lazy\" decoding=\"async\" width=\"150\" height=\"150\" src=\"https:\/\/zxdoll.com\/wp-content\/uploads\/2024\/09\/make-doll-wig-nh6ytc21-150x150.jpg\" class=\"attachment-thumbnail size-thumbnail\" alt=\"\" title=\"\"><\/a><\/li><li><a data-fancybox=\"gallery430\" href=\"https:\/\/zxdoll.com\/wp-content\/uploads\/2024\/09\/make-doll-wig-nh6ytc22-533x800.jpg\" class=\"eig-popup\" title=\"\" data-caption=\"\" target=\"_blank\"><i class=\"icon-view\"><\/i><span class=\"overlay\"><\/span><img loading=\"lazy\" decoding=\"async\" width=\"150\" height=\"150\" src=\"https:\/\/zxdoll.com\/wp-content\/uploads\/2024\/09\/make-doll-wig-nh6ytc22-150x150.jpg\" class=\"attachment-thumbnail size-thumbnail\" alt=\"\" title=\"\"><\/a><\/li><li><a data-fancybox=\"gallery430\" href=\"https:\/\/zxdoll.com\/wp-content\/uploads\/2024\/09\/make-doll-wig-nh6ytc23-533x800.jpg\" class=\"eig-popup\" title=\"\" data-caption=\"\" target=\"_blank\"><i class=\"icon-view\"><\/i><span class=\"overlay\"><\/span><img loading=\"lazy\" decoding=\"async\" width=\"150\" height=\"150\" src=\"https:\/\/zxdoll.com\/wp-content\/uploads\/2024\/09\/make-doll-wig-nh6ytc23-150x150.jpg\" class=\"attachment-thumbnail size-thumbnail\" alt=\"\" title=\"\"><\/a><\/li><li><a data-fancybox=\"gallery430\" href=\"https:\/\/zxdoll.com\/wp-content\/uploads\/2024\/09\/make-doll-wig-nh6ytc24-533x800.jpg\" class=\"eig-popup\" title=\"\" data-caption=\"\" target=\"_blank\"><i class=\"icon-view\"><\/i><span class=\"overlay\"><\/span><img loading=\"lazy\" decoding=\"async\" width=\"150\" height=\"150\" src=\"https:\/\/zxdoll.com\/wp-content\/uploads\/2024\/09\/make-doll-wig-nh6ytc24-150x150.jpg\" class=\"attachment-thumbnail size-thumbnail\" alt=\"\" title=\"\"><\/a><\/li><\/ul>\n<h4>Tableaux des tailles<\/h4>\n<table width=\"336\">\n<tbody>\n<tr>\n<td width=\"163\">Mat\u00e9riel<\/td>\n<td width=\"173\">Enti\u00e8rement en silicone<\/td>\n<\/tr>\n<tr>\n<td width=\"163\">Hauteur<\/td>\n<td>Bonnet D 170 cm<\/td>\n<\/tr>\n<tr>\n<td width=\"163\">\u00c9paule<\/td>\n<td>33cm<\/td>\n<\/tr>\n<tr>\n<td width=\"163\">Partie sup\u00e9rieure du sein<\/td>\n<td>84cm<\/td>\n<\/tr>\n<tr>\n<td width=\"163\">Partie inf\u00e9rieure de la poitrine<\/td>\n<td>62cm<\/td>\n<\/tr>\n<tr>\n<td>Taille<\/td>\n<td>58cm<\/td>\n<\/tr>\n<tr>\n<td>Hanche<\/td>\n<td>88cm<\/td>\n<\/tr>\n<tr>\n<td width=\"163\">Tour de cuisse<\/td>\n<td>50cm<\/td>\n<\/tr>\n<tr>\n<td width=\"163\">Sangle de mollet<\/td>\n<td>30cm<\/td>\n<\/tr>\n<tr>\n<td width=\"163\">Longueur de la jambe<\/td>\n<td>85cm<\/td>\n<\/tr>\n<tr>\n<td width=\"163\">Longueur des pieds<\/td>\n<td>22cm<\/td>\n<\/tr>\n<tr>\n<td width=\"163\">Poids net<\/td>\n<td>37,5 kg<\/td>\n<\/tr>\n<tr>\n<td>Profondeur de la bouche<\/td>\n<td>Pas disponible<\/td>\n<\/tr>\n<tr>\n<td>Profondeur du vagin<\/td>\n<td>18cm<\/td>\n<\/tr>\n<tr>\n<td>Profondeur anale<\/td>\n<td>16cm<\/td>\n<\/tr>\n<\/tbody>\n<\/table>\n<h4>\u00c0 propos de la poup\u00e9e sexuelle<\/h4>\n<p>&nbsp;<\/p>","protected":false},"excerpt":{"rendered":"<p>Sex Doll Images Size Charts Material Full Silicone Height 170cm D-cup Shoulder 33cm Upper Breast 84cm Lower Breast 62cm Waist<\/p>","protected":false},"featured_media":174089,"comment_status":"open","ping_status":"closed","template":"","meta":[],"product_brand":[],"product_cat":[234,75,230,80,206,110,107,117],"product_tag":[],"class_list":{"0":"post-173813","1":"product","2":"type-product","3":"status-publish","4":"has-post-thumbnail","6":"product_cat-234","7":"product_cat-160cm-170cm-sex-dolls","8":"product_cat-36kg-40kg","9":"product_cat-asian-sex-doll","10":"product_cat-real-feel-sex-doll","11":"product_cat-silicone-sex-doll","12":"product_cat-skinny-sex-dolls","13":"product_cat-small-breast-sex-doll","14":"pa_brand-jx-doll","15":"tm-has-options","17":"first","18":"instock","19":"sale","20":"shipping-taxable","21":"purchasable","22":"product-type-simple"},"_links":{"self":[{"href":"https:\/\/zxdoll.com\/fr\/wp-json\/wp\/v2\/product\/173813","targetHints":{"allow":["GET"]}}],"collection":[{"href":"https:\/\/zxdoll.com\/fr\/wp-json\/wp\/v2\/product"}],"about":[{"href":"https:\/\/zxdoll.com\/fr\/wp-json\/wp\/v2\/types\/product"}],"replies":[{"embeddable":true,"href":"https:\/\/zxdoll.com\/fr\/wp-json\/wp\/v2\/comments?post=173813"}],"version-history":[{"count":1,"href":"https:\/\/zxdoll.com\/fr\/wp-json\/wp\/v2\/product\/173813\/revisions"}],"predecessor-version":[{"id":174168,"href":"https:\/\/zxdoll.com\/fr\/wp-json\/wp\/v2\/product\/173813\/revisions\/174168"}],"wp:featuredmedia":[{"embeddable":true,"href":"https:\/\/zxdoll.com\/fr\/wp-json\/wp\/v2\/media\/174089"}],"wp:attachment":[{"href":"https:\/\/zxdoll.com\/fr\/wp-json\/wp\/v2\/media?parent=173813"}],"wp:term":[{"taxonomy":"product_brand","embeddable":true,"href":"https:\/\/zxdoll.com\/fr\/wp-json\/wp\/v2\/product_brand?post=173813"},{"taxonomy":"product_cat","embeddable":true,"href":"https:\/\/zxdoll.com\/fr\/wp-json\/wp\/v2\/product_cat?post=173813"},{"taxonomy":"product_tag","embeddable":true,"href":"https:\/\/zxdoll.com\/fr\/wp-json\/wp\/v2\/product_tag?post=173813"}],"curies":[{"name":"wp","href":"https:\/\/api.w.org\/{rel}","templated":true}]}}