{"id":169955,"date":"2024-09-18T04:48:57","date_gmt":"2024-09-17T20:48:57","guid":{"rendered":"https:\/\/zxdoll.com\/?post_type=product&#038;p=169955"},"modified":"2024-10-01T03:19:02","modified_gmt":"2024-09-30T19:19:02","slug":"girl-inside-horse-sex-doll-xxx","status":"publish","type":"product","link":"https:\/\/zxdoll.com\/fr\/product\/girl-inside-horse-sex-doll-xxx\/","title":{"rendered":"Fille \u00e0 l&#039;int\u00e9rieur de la poup\u00e9e sexuelle de cheval Xxx Duane 160cm"},"content":{"rendered":"<h4><strong>Images de poup\u00e9e de sexe<\/strong><\/h4>\n\t                <ul class=\"easy-image-gallery thumbnails-12 linked\">\r\n                    <li><a data-fancybox=\"gallery372\" href=\"https:\/\/zxdoll.com\/wp-content\/uploads\/2024\/09\/dh168-sex-doll-bCi84v2-545x800.jpg\" class=\"eig-popup\" title=\"\" data-caption=\"\" target=\"_blank\"><i class=\"icon-view\"><\/i><span class=\"overlay\"><\/span><img decoding=\"async\" width=\"150\" height=\"150\" src=\"https:\/\/zxdoll.com\/wp-content\/uploads\/2024\/09\/dh168-sex-doll-bCi84v2-150x150.jpg\" class=\"attachment-thumbnail size-thumbnail\" alt=\"\" title=\"\"><\/a><\/li><li><a data-fancybox=\"gallery372\" href=\"https:\/\/zxdoll.com\/wp-content\/uploads\/2024\/09\/dh168-sex-doll-bCi84v3-533x800.jpg\" class=\"eig-popup\" title=\"\" data-caption=\"\" target=\"_blank\"><i class=\"icon-view\"><\/i><span class=\"overlay\"><\/span><img decoding=\"async\" width=\"150\" height=\"150\" src=\"https:\/\/zxdoll.com\/wp-content\/uploads\/2024\/09\/dh168-sex-doll-bCi84v3-150x150.jpg\" class=\"attachment-thumbnail size-thumbnail\" alt=\"\" title=\"\"><\/a><\/li><li><a data-fancybox=\"gallery372\" href=\"https:\/\/zxdoll.com\/wp-content\/uploads\/2024\/09\/dh168-sex-doll-bCi84v4-533x800.jpg\" class=\"eig-popup\" title=\"\" data-caption=\"\" target=\"_blank\"><i class=\"icon-view\"><\/i><span class=\"overlay\"><\/span><img decoding=\"async\" width=\"150\" height=\"150\" src=\"https:\/\/zxdoll.com\/wp-content\/uploads\/2024\/09\/dh168-sex-doll-bCi84v4-150x150.jpg\" class=\"attachment-thumbnail size-thumbnail\" alt=\"\" title=\"\"><\/a><\/li><li><a data-fancybox=\"gallery372\" href=\"https:\/\/zxdoll.com\/wp-content\/uploads\/2024\/09\/dh168-sex-doll-bCi84v5-533x800.jpg\" class=\"eig-popup\" title=\"\" data-caption=\"\" target=\"_blank\"><i class=\"icon-view\"><\/i><span class=\"overlay\"><\/span><img loading=\"lazy\" decoding=\"async\" width=\"150\" height=\"150\" src=\"https:\/\/zxdoll.com\/wp-content\/uploads\/2024\/09\/dh168-sex-doll-bCi84v5-150x150.jpg\" class=\"attachment-thumbnail size-thumbnail\" alt=\"\" title=\"\"><\/a><\/li><li><a data-fancybox=\"gallery372\" href=\"https:\/\/zxdoll.com\/wp-content\/uploads\/2024\/09\/dh168-sex-doll-bCi84v6-506x800.jpg\" class=\"eig-popup\" title=\"\" data-caption=\"\" target=\"_blank\"><i class=\"icon-view\"><\/i><span class=\"overlay\"><\/span><img loading=\"lazy\" decoding=\"async\" width=\"150\" height=\"150\" src=\"https:\/\/zxdoll.com\/wp-content\/uploads\/2024\/09\/dh168-sex-doll-bCi84v6-150x150.jpg\" class=\"attachment-thumbnail size-thumbnail\" alt=\"\" title=\"\"><\/a><\/li><li><a data-fancybox=\"gallery372\" href=\"https:\/\/zxdoll.com\/wp-content\/uploads\/2024\/09\/dh168-sex-doll-bCi84v7-533x800.jpg\" class=\"eig-popup\" title=\"\" data-caption=\"\" target=\"_blank\"><i class=\"icon-view\"><\/i><span class=\"overlay\"><\/span><img loading=\"lazy\" decoding=\"async\" width=\"150\" height=\"150\" src=\"https:\/\/zxdoll.com\/wp-content\/uploads\/2024\/09\/dh168-sex-doll-bCi84v7-150x150.jpg\" class=\"attachment-thumbnail size-thumbnail\" alt=\"\" title=\"\"><\/a><\/li><li><a data-fancybox=\"gallery372\" href=\"https:\/\/zxdoll.com\/wp-content\/uploads\/2024\/09\/dh168-sex-doll-bCi84v8-533x800.jpg\" class=\"eig-popup\" title=\"\" data-caption=\"\" target=\"_blank\"><i class=\"icon-view\"><\/i><span class=\"overlay\"><\/span><img loading=\"lazy\" decoding=\"async\" width=\"150\" height=\"150\" src=\"https:\/\/zxdoll.com\/wp-content\/uploads\/2024\/09\/dh168-sex-doll-bCi84v8-150x150.jpg\" class=\"attachment-thumbnail size-thumbnail\" alt=\"\" title=\"\"><\/a><\/li><li><a data-fancybox=\"gallery372\" href=\"https:\/\/zxdoll.com\/wp-content\/uploads\/2024\/09\/dh168-sex-doll-bCi84v9-533x800.jpg\" class=\"eig-popup\" title=\"\" data-caption=\"\" target=\"_blank\"><i class=\"icon-view\"><\/i><span class=\"overlay\"><\/span><img loading=\"lazy\" decoding=\"async\" width=\"150\" height=\"150\" src=\"https:\/\/zxdoll.com\/wp-content\/uploads\/2024\/09\/dh168-sex-doll-bCi84v9-150x150.jpg\" class=\"attachment-thumbnail size-thumbnail\" alt=\"\" title=\"\"><\/a><\/li><li><a data-fancybox=\"gallery372\" href=\"https:\/\/zxdoll.com\/wp-content\/uploads\/2024\/09\/dh168-sex-doll-bCi84v10-533x800.jpg\" class=\"eig-popup\" title=\"\" data-caption=\"\" target=\"_blank\"><i class=\"icon-view\"><\/i><span class=\"overlay\"><\/span><img loading=\"lazy\" decoding=\"async\" width=\"150\" height=\"150\" src=\"https:\/\/zxdoll.com\/wp-content\/uploads\/2024\/09\/dh168-sex-doll-bCi84v10-150x150.jpg\" class=\"attachment-thumbnail size-thumbnail\" alt=\"\" title=\"\"><\/a><\/li><li><a data-fancybox=\"gallery372\" href=\"https:\/\/zxdoll.com\/wp-content\/uploads\/2024\/09\/dh168-sex-doll-bCi84v11-533x800.jpg\" class=\"eig-popup\" title=\"\" data-caption=\"\" target=\"_blank\"><i class=\"icon-view\"><\/i><span class=\"overlay\"><\/span><img loading=\"lazy\" decoding=\"async\" width=\"150\" height=\"150\" src=\"https:\/\/zxdoll.com\/wp-content\/uploads\/2024\/09\/dh168-sex-doll-bCi84v11-150x150.jpg\" class=\"attachment-thumbnail size-thumbnail\" alt=\"\" title=\"\"><\/a><\/li><li><a data-fancybox=\"gallery372\" href=\"https:\/\/zxdoll.com\/wp-content\/uploads\/2024\/09\/dh168-sex-doll-bCi84v12-533x800.jpg\" class=\"eig-popup\" title=\"\" data-caption=\"\" target=\"_blank\"><i class=\"icon-view\"><\/i><span class=\"overlay\"><\/span><img loading=\"lazy\" decoding=\"async\" width=\"150\" height=\"150\" src=\"https:\/\/zxdoll.com\/wp-content\/uploads\/2024\/09\/dh168-sex-doll-bCi84v12-150x150.jpg\" class=\"attachment-thumbnail size-thumbnail\" alt=\"\" title=\"\"><\/a><\/li><li><a data-fancybox=\"gallery372\" href=\"https:\/\/zxdoll.com\/wp-content\/uploads\/2024\/09\/dh168-sex-doll-bCi84v13-510x800.jpg\" class=\"eig-popup\" title=\"\" data-caption=\"\" target=\"_blank\"><i class=\"icon-view\"><\/i><span class=\"overlay\"><\/span><img loading=\"lazy\" decoding=\"async\" width=\"150\" height=\"150\" src=\"https:\/\/zxdoll.com\/wp-content\/uploads\/2024\/09\/dh168-sex-doll-bCi84v13-150x150.jpg\" class=\"attachment-thumbnail size-thumbnail\" alt=\"\" title=\"\"><\/a><\/li><\/ul>\n<h4>Tableaux des tailles<\/h4>\n<table width=\"349\">\n<tbody>\n<tr>\n<td width=\"177\">Mat\u00e9riel<\/td>\n<td width=\"172\">TPE<\/td>\n<\/tr>\n<tr>\n<td>Hauteur<\/td>\n<td>160cm<\/td>\n<\/tr>\n<tr>\n<td>Poids net<\/td>\n<td>36 kg<\/td>\n<\/tr>\n<tr>\n<td>Bousiller<\/td>\n<td>84cm<\/td>\n<\/tr>\n<tr>\n<td>Taille<\/td>\n<td>74cm<\/td>\n<\/tr>\n<tr>\n<td>Hanche<\/td>\n<td>74cm<\/td>\n<\/tr>\n<tr>\n<td>Profondeur orale<\/td>\n<td>12cm<\/td>\n<\/tr>\n<tr>\n<td>Profondeur anale<\/td>\n<td>17cm<\/td>\n<\/tr>\n<tr>\n<td>P\u00e9nis<\/td>\n<td>19cm\/23cm\/26cm<\/td>\n<\/tr>\n<\/tbody>\n<\/table>\n<p>&nbsp;<\/p>\n<p>&nbsp;<\/p>\n<h4>\u00c0 propos de la poup\u00e9e sexuelle<\/h4>\n<p>&nbsp;<\/p>","protected":false},"excerpt":{"rendered":"<p>Sex Doll Images Size Charts Material TPE Height 160cm Net Weight 36kg Bust 84cm Waist 74cm Hip 74cm Oral depth<\/p>","protected":false},"featured_media":169967,"comment_status":"open","ping_status":"closed","template":"","meta":[],"product_brand":[],"product_cat":[234,75,230,197,119],"product_tag":[],"class_list":{"0":"post-169955","1":"product","2":"type-product","3":"status-publish","4":"has-post-thumbnail","6":"product_cat-234","7":"product_cat-160cm-170cm-sex-dolls","8":"product_cat-36kg-40kg","9":"product_cat-gay-male-sex-doll","10":"product_cat-tpe-sex-doll","11":"pa_brand-climax-doll","12":"tm-has-options","14":"first","15":"instock","16":"sale","17":"shipping-taxable","18":"purchasable","19":"product-type-simple"},"_links":{"self":[{"href":"https:\/\/zxdoll.com\/fr\/wp-json\/wp\/v2\/product\/169955","targetHints":{"allow":["GET"]}}],"collection":[{"href":"https:\/\/zxdoll.com\/fr\/wp-json\/wp\/v2\/product"}],"about":[{"href":"https:\/\/zxdoll.com\/fr\/wp-json\/wp\/v2\/types\/product"}],"replies":[{"embeddable":true,"href":"https:\/\/zxdoll.com\/fr\/wp-json\/wp\/v2\/comments?post=169955"}],"version-history":[{"count":2,"href":"https:\/\/zxdoll.com\/fr\/wp-json\/wp\/v2\/product\/169955\/revisions"}],"predecessor-version":[{"id":169982,"href":"https:\/\/zxdoll.com\/fr\/wp-json\/wp\/v2\/product\/169955\/revisions\/169982"}],"wp:featuredmedia":[{"embeddable":true,"href":"https:\/\/zxdoll.com\/fr\/wp-json\/wp\/v2\/media\/169967"}],"wp:attachment":[{"href":"https:\/\/zxdoll.com\/fr\/wp-json\/wp\/v2\/media?parent=169955"}],"wp:term":[{"taxonomy":"product_brand","embeddable":true,"href":"https:\/\/zxdoll.com\/fr\/wp-json\/wp\/v2\/product_brand?post=169955"},{"taxonomy":"product_cat","embeddable":true,"href":"https:\/\/zxdoll.com\/fr\/wp-json\/wp\/v2\/product_cat?post=169955"},{"taxonomy":"product_tag","embeddable":true,"href":"https:\/\/zxdoll.com\/fr\/wp-json\/wp\/v2\/product_tag?post=169955"}],"curies":[{"name":"wp","href":"https:\/\/api.w.org\/{rel}","templated":true}]}}