{"id":167646,"date":"2024-09-16T21:59:21","date_gmt":"2024-09-16T13:59:21","guid":{"rendered":"https:\/\/zxdoll.com\/?post_type=product&#038;p=167646"},"modified":"2024-10-04T02:13:51","modified_gmt":"2024-10-03T18:13:51","slug":"woman-has-sex-with-a-real-doll","status":"publish","type":"product","link":"https:\/\/zxdoll.com\/fr\/product\/woman-has-sex-with-a-real-doll\/","title":{"rendered":"Une femme a des relations sexuelles avec une vraie poup\u00e9e Betsey 165cm"},"content":{"rendered":"<h4><strong>Images de poup\u00e9e de sexe<\/strong><\/h4>\n\t                <ul class=\"easy-image-gallery thumbnails-20 linked\">\r\n                    <li><a data-fancybox=\"gallery551\" href=\"https:\/\/zxdoll.com\/wp-content\/uploads\/2024\/09\/kyle-sex-doll-lAp38s1-533x800.jpg\" class=\"eig-popup\" title=\"\" data-caption=\"\" target=\"_blank\"><i class=\"icon-view\"><\/i><span class=\"overlay\"><\/span><img decoding=\"async\" width=\"150\" height=\"150\" src=\"https:\/\/zxdoll.com\/wp-content\/uploads\/2024\/09\/kyle-sex-doll-lAp38s1-150x150.jpg\" class=\"attachment-thumbnail size-thumbnail\" alt=\"\" title=\"\"><\/a><\/li><li><a data-fancybox=\"gallery551\" href=\"https:\/\/zxdoll.com\/wp-content\/uploads\/2024\/09\/kyle-sex-doll-lAp38s2-533x800.jpg\" class=\"eig-popup\" title=\"\" data-caption=\"\" target=\"_blank\"><i class=\"icon-view\"><\/i><span class=\"overlay\"><\/span><img decoding=\"async\" width=\"150\" height=\"150\" src=\"https:\/\/zxdoll.com\/wp-content\/uploads\/2024\/09\/kyle-sex-doll-lAp38s2-150x150.jpg\" class=\"attachment-thumbnail size-thumbnail\" alt=\"\" title=\"\"><\/a><\/li><li><a data-fancybox=\"gallery551\" href=\"https:\/\/zxdoll.com\/wp-content\/uploads\/2024\/09\/kyle-sex-doll-lAp38s3-533x800.jpg\" class=\"eig-popup\" title=\"\" data-caption=\"\" target=\"_blank\"><i class=\"icon-view\"><\/i><span class=\"overlay\"><\/span><img decoding=\"async\" width=\"150\" height=\"150\" src=\"https:\/\/zxdoll.com\/wp-content\/uploads\/2024\/09\/kyle-sex-doll-lAp38s3-150x150.jpg\" class=\"attachment-thumbnail size-thumbnail\" alt=\"\" title=\"\"><\/a><\/li><li><a data-fancybox=\"gallery551\" href=\"https:\/\/zxdoll.com\/wp-content\/uploads\/2024\/09\/kyle-sex-doll-lAp38s4-533x800.jpg\" class=\"eig-popup\" title=\"\" data-caption=\"\" target=\"_blank\"><i class=\"icon-view\"><\/i><span class=\"overlay\"><\/span><img loading=\"lazy\" decoding=\"async\" width=\"150\" height=\"150\" src=\"https:\/\/zxdoll.com\/wp-content\/uploads\/2024\/09\/kyle-sex-doll-lAp38s4-150x150.jpg\" class=\"attachment-thumbnail size-thumbnail\" alt=\"\" title=\"\"><\/a><\/li><li><a data-fancybox=\"gallery551\" href=\"https:\/\/zxdoll.com\/wp-content\/uploads\/2024\/09\/kyle-sex-doll-lAp38s5-1-533x800.jpg\" class=\"eig-popup\" title=\"\" data-caption=\"\" target=\"_blank\"><i class=\"icon-view\"><\/i><span class=\"overlay\"><\/span><img loading=\"lazy\" decoding=\"async\" width=\"150\" height=\"150\" src=\"https:\/\/zxdoll.com\/wp-content\/uploads\/2024\/09\/kyle-sex-doll-lAp38s5-1-150x150.jpg\" class=\"attachment-thumbnail size-thumbnail\" alt=\"\" title=\"\"><\/a><\/li><li><a data-fancybox=\"gallery551\" href=\"https:\/\/zxdoll.com\/wp-content\/uploads\/2024\/09\/kyle-sex-doll-lAp38s6-533x800.jpg\" class=\"eig-popup\" title=\"\" data-caption=\"\" target=\"_blank\"><i class=\"icon-view\"><\/i><span class=\"overlay\"><\/span><img loading=\"lazy\" decoding=\"async\" width=\"150\" height=\"150\" src=\"https:\/\/zxdoll.com\/wp-content\/uploads\/2024\/09\/kyle-sex-doll-lAp38s6-150x150.jpg\" class=\"attachment-thumbnail size-thumbnail\" alt=\"\" title=\"\"><\/a><\/li><li><a data-fancybox=\"gallery551\" href=\"https:\/\/zxdoll.com\/wp-content\/uploads\/2024\/09\/kyle-sex-doll-lAp38s7-533x800.jpg\" class=\"eig-popup\" title=\"\" data-caption=\"\" target=\"_blank\"><i class=\"icon-view\"><\/i><span class=\"overlay\"><\/span><img loading=\"lazy\" decoding=\"async\" width=\"150\" height=\"150\" src=\"https:\/\/zxdoll.com\/wp-content\/uploads\/2024\/09\/kyle-sex-doll-lAp38s7-150x150.jpg\" class=\"attachment-thumbnail size-thumbnail\" alt=\"\" title=\"\"><\/a><\/li><li><a data-fancybox=\"gallery551\" href=\"https:\/\/zxdoll.com\/wp-content\/uploads\/2024\/09\/kyle-sex-doll-lAp38s8-533x800.jpg\" class=\"eig-popup\" title=\"\" data-caption=\"\" target=\"_blank\"><i class=\"icon-view\"><\/i><span class=\"overlay\"><\/span><img loading=\"lazy\" decoding=\"async\" width=\"150\" height=\"150\" src=\"https:\/\/zxdoll.com\/wp-content\/uploads\/2024\/09\/kyle-sex-doll-lAp38s8-150x150.jpg\" class=\"attachment-thumbnail size-thumbnail\" alt=\"\" title=\"\"><\/a><\/li><li><a data-fancybox=\"gallery551\" href=\"https:\/\/zxdoll.com\/wp-content\/uploads\/2024\/09\/kyle-sex-doll-lAp38s9-533x800.jpg\" class=\"eig-popup\" title=\"\" data-caption=\"\" target=\"_blank\"><i class=\"icon-view\"><\/i><span class=\"overlay\"><\/span><img loading=\"lazy\" decoding=\"async\" width=\"150\" height=\"150\" src=\"https:\/\/zxdoll.com\/wp-content\/uploads\/2024\/09\/kyle-sex-doll-lAp38s9-150x150.jpg\" class=\"attachment-thumbnail size-thumbnail\" alt=\"\" title=\"\"><\/a><\/li><li><a data-fancybox=\"gallery551\" href=\"https:\/\/zxdoll.com\/wp-content\/uploads\/2024\/09\/kyle-sex-doll-lAp38s10-533x800.jpg\" class=\"eig-popup\" title=\"\" data-caption=\"\" target=\"_blank\"><i class=\"icon-view\"><\/i><span class=\"overlay\"><\/span><img loading=\"lazy\" decoding=\"async\" width=\"150\" height=\"150\" src=\"https:\/\/zxdoll.com\/wp-content\/uploads\/2024\/09\/kyle-sex-doll-lAp38s10-150x150.jpg\" class=\"attachment-thumbnail size-thumbnail\" alt=\"\" title=\"\"><\/a><\/li><li><a data-fancybox=\"gallery551\" href=\"https:\/\/zxdoll.com\/wp-content\/uploads\/2024\/09\/kyle-sex-doll-lAp38s11-533x800.jpg\" class=\"eig-popup\" title=\"\" data-caption=\"\" target=\"_blank\"><i class=\"icon-view\"><\/i><span class=\"overlay\"><\/span><img loading=\"lazy\" decoding=\"async\" width=\"150\" height=\"150\" src=\"https:\/\/zxdoll.com\/wp-content\/uploads\/2024\/09\/kyle-sex-doll-lAp38s11-150x150.jpg\" class=\"attachment-thumbnail size-thumbnail\" alt=\"\" title=\"\"><\/a><\/li><li><a data-fancybox=\"gallery551\" href=\"https:\/\/zxdoll.com\/wp-content\/uploads\/2024\/09\/kyle-sex-doll-lAp38s12-533x800.jpg\" class=\"eig-popup\" title=\"\" data-caption=\"\" target=\"_blank\"><i class=\"icon-view\"><\/i><span class=\"overlay\"><\/span><img loading=\"lazy\" decoding=\"async\" width=\"150\" height=\"150\" src=\"https:\/\/zxdoll.com\/wp-content\/uploads\/2024\/09\/kyle-sex-doll-lAp38s12-150x150.jpg\" class=\"attachment-thumbnail size-thumbnail\" alt=\"\" title=\"\"><\/a><\/li><li><a data-fancybox=\"gallery551\" href=\"https:\/\/zxdoll.com\/wp-content\/uploads\/2024\/09\/kyle-sex-doll-lAp38s13-533x800.jpg\" class=\"eig-popup\" title=\"\" data-caption=\"\" target=\"_blank\"><i class=\"icon-view\"><\/i><span class=\"overlay\"><\/span><img loading=\"lazy\" decoding=\"async\" width=\"150\" height=\"150\" src=\"https:\/\/zxdoll.com\/wp-content\/uploads\/2024\/09\/kyle-sex-doll-lAp38s13-150x150.jpg\" class=\"attachment-thumbnail size-thumbnail\" alt=\"\" title=\"\"><\/a><\/li><li><a data-fancybox=\"gallery551\" href=\"https:\/\/zxdoll.com\/wp-content\/uploads\/2024\/09\/kyle-sex-doll-lAp38s14-533x800.jpg\" class=\"eig-popup\" title=\"\" data-caption=\"\" target=\"_blank\"><i class=\"icon-view\"><\/i><span class=\"overlay\"><\/span><img loading=\"lazy\" decoding=\"async\" width=\"150\" height=\"150\" src=\"https:\/\/zxdoll.com\/wp-content\/uploads\/2024\/09\/kyle-sex-doll-lAp38s14-150x150.jpg\" class=\"attachment-thumbnail size-thumbnail\" alt=\"\" title=\"\"><\/a><\/li><li><a data-fancybox=\"gallery551\" href=\"https:\/\/zxdoll.com\/wp-content\/uploads\/2024\/09\/kyle-sex-doll-lAp38s15-533x800.jpg\" class=\"eig-popup\" title=\"\" data-caption=\"\" target=\"_blank\"><i class=\"icon-view\"><\/i><span class=\"overlay\"><\/span><img loading=\"lazy\" decoding=\"async\" width=\"150\" height=\"150\" src=\"https:\/\/zxdoll.com\/wp-content\/uploads\/2024\/09\/kyle-sex-doll-lAp38s15-150x150.jpg\" class=\"attachment-thumbnail size-thumbnail\" alt=\"\" title=\"\"><\/a><\/li><li><a data-fancybox=\"gallery551\" href=\"https:\/\/zxdoll.com\/wp-content\/uploads\/2024\/09\/kyle-sex-doll-lAp38s16.jpg\" class=\"eig-popup\" title=\"\" data-caption=\"\" target=\"_blank\"><i class=\"icon-view\"><\/i><span class=\"overlay\"><\/span><img loading=\"lazy\" decoding=\"async\" width=\"150\" height=\"150\" src=\"https:\/\/zxdoll.com\/wp-content\/uploads\/2024\/09\/kyle-sex-doll-lAp38s16-150x150.jpg\" class=\"attachment-thumbnail size-thumbnail\" alt=\"\" title=\"\"><\/a><\/li><li><a data-fancybox=\"gallery551\" href=\"https:\/\/zxdoll.com\/wp-content\/uploads\/2024\/09\/kyle-sex-doll-lAp38s17-533x800.jpg\" class=\"eig-popup\" title=\"\" data-caption=\"\" target=\"_blank\"><i class=\"icon-view\"><\/i><span class=\"overlay\"><\/span><img loading=\"lazy\" decoding=\"async\" width=\"150\" height=\"150\" src=\"https:\/\/zxdoll.com\/wp-content\/uploads\/2024\/09\/kyle-sex-doll-lAp38s17-150x150.jpg\" class=\"attachment-thumbnail size-thumbnail\" alt=\"\" title=\"\"><\/a><\/li><li><a data-fancybox=\"gallery551\" href=\"https:\/\/zxdoll.com\/wp-content\/uploads\/2024\/09\/kyle-sex-doll-lAp38s18-533x800.jpg\" class=\"eig-popup\" title=\"\" data-caption=\"\" target=\"_blank\"><i class=\"icon-view\"><\/i><span class=\"overlay\"><\/span><img loading=\"lazy\" decoding=\"async\" width=\"150\" height=\"150\" src=\"https:\/\/zxdoll.com\/wp-content\/uploads\/2024\/09\/kyle-sex-doll-lAp38s18-150x150.jpg\" class=\"attachment-thumbnail size-thumbnail\" alt=\"\" title=\"\"><\/a><\/li><li><a data-fancybox=\"gallery551\" href=\"https:\/\/zxdoll.com\/wp-content\/uploads\/2024\/09\/kyle-sex-doll-lAp38s19-533x800.jpg\" class=\"eig-popup\" title=\"\" data-caption=\"\" target=\"_blank\"><i class=\"icon-view\"><\/i><span class=\"overlay\"><\/span><img loading=\"lazy\" decoding=\"async\" width=\"150\" height=\"150\" src=\"https:\/\/zxdoll.com\/wp-content\/uploads\/2024\/09\/kyle-sex-doll-lAp38s19-150x150.jpg\" class=\"attachment-thumbnail size-thumbnail\" alt=\"\" title=\"\"><\/a><\/li><li><a data-fancybox=\"gallery551\" href=\"https:\/\/zxdoll.com\/wp-content\/uploads\/2024\/09\/kyle-sex-doll-lAp38s20-533x800.jpg\" class=\"eig-popup\" title=\"\" data-caption=\"\" target=\"_blank\"><i class=\"icon-view\"><\/i><span class=\"overlay\"><\/span><img loading=\"lazy\" decoding=\"async\" width=\"150\" height=\"150\" src=\"https:\/\/zxdoll.com\/wp-content\/uploads\/2024\/09\/kyle-sex-doll-lAp38s20-150x150.jpg\" class=\"attachment-thumbnail size-thumbnail\" alt=\"\" title=\"\"><\/a><\/li><\/ul>\n<h4>Tableaux des tailles<\/h4>\n<table width=\"336\">\n<tbody>\n<tr>\n<td width=\"163\">Mat\u00e9riel<\/td>\n<td width=\"173\">T\u00eate TPE + Corps TPE<\/td>\n<\/tr>\n<tr>\n<td width=\"163\">Hauteur<\/td>\n<td>Bonnet E 165 cm<\/td>\n<\/tr>\n<tr>\n<td width=\"163\">\u00c9paule<\/td>\n<td>32cm<\/td>\n<\/tr>\n<tr>\n<td width=\"163\">Partie sup\u00e9rieure du sein<\/td>\n<td>82cm<\/td>\n<\/tr>\n<tr>\n<td width=\"163\">Partie inf\u00e9rieure de la poitrine<\/td>\n<td>59cm<\/td>\n<\/tr>\n<tr>\n<td>Taille<\/td>\n<td>54cm<\/td>\n<\/tr>\n<tr>\n<td>Hanche<\/td>\n<td>86cm<\/td>\n<\/tr>\n<tr>\n<td width=\"163\">Tour de cuisse<\/td>\n<td>51cm<\/td>\n<\/tr>\n<tr>\n<td width=\"163\">Sangle de mollet<\/td>\n<td>29cm<\/td>\n<\/tr>\n<tr>\n<td width=\"163\">Longueur de la jambe<\/td>\n<td>89cm<\/td>\n<\/tr>\n<tr>\n<td width=\"163\">Longueur des pieds<\/td>\n<td>23cm<\/td>\n<\/tr>\n<tr>\n<td width=\"163\">Poids net<\/td>\n<td>37 kg<\/td>\n<\/tr>\n<tr>\n<td>Profondeur de la bouche<\/td>\n<td>12cm<\/td>\n<\/tr>\n<tr>\n<td>Profondeur du vagin<\/td>\n<td>18cm<\/td>\n<\/tr>\n<tr>\n<td>Profondeur anale<\/td>\n<td>16cm<\/td>\n<\/tr>\n<\/tbody>\n<\/table>\n<h4>\u00c0 propos de la poup\u00e9e sexuelle<\/h4>\n<p>&nbsp;<\/p>","protected":false},"excerpt":{"rendered":"<p>Images de poup\u00e9es sexuelles Tableaux des tailles Mat\u00e9riau TPE T\u00eate + TPE Corps Hauteur 165 cm Bonnet E \u00c9paule 32 cm Haut Poitrine 82 cm Bas<\/p>","protected":false},"featured_media":167844,"comment_status":"open","ping_status":"closed","template":"","meta":[],"product_brand":[],"product_cat":[234,75,230,80,116,210,107,119],"product_tag":[],"class_list":{"0":"post-167646","1":"product","2":"type-product","3":"status-publish","4":"has-post-thumbnail","6":"product_cat-234","7":"product_cat-160cm-170cm-sex-dolls","8":"product_cat-36kg-40kg","9":"product_cat-asian-sex-doll","10":"product_cat-big-boobs-sex-doll","11":"product_cat-sex-doll-tumblr","12":"product_cat-skinny-sex-dolls","13":"product_cat-tpe-sex-doll","14":"pa_brand-galaxy-doll","15":"tm-has-options","17":"first","18":"instock","19":"sale","20":"shipping-taxable","21":"purchasable","22":"product-type-simple"},"_links":{"self":[{"href":"https:\/\/zxdoll.com\/fr\/wp-json\/wp\/v2\/product\/167646","targetHints":{"allow":["GET"]}}],"collection":[{"href":"https:\/\/zxdoll.com\/fr\/wp-json\/wp\/v2\/product"}],"about":[{"href":"https:\/\/zxdoll.com\/fr\/wp-json\/wp\/v2\/types\/product"}],"replies":[{"embeddable":true,"href":"https:\/\/zxdoll.com\/fr\/wp-json\/wp\/v2\/comments?post=167646"}],"version-history":[{"count":1,"href":"https:\/\/zxdoll.com\/fr\/wp-json\/wp\/v2\/product\/167646\/revisions"}],"predecessor-version":[{"id":167900,"href":"https:\/\/zxdoll.com\/fr\/wp-json\/wp\/v2\/product\/167646\/revisions\/167900"}],"wp:featuredmedia":[{"embeddable":true,"href":"https:\/\/zxdoll.com\/fr\/wp-json\/wp\/v2\/media\/167844"}],"wp:attachment":[{"href":"https:\/\/zxdoll.com\/fr\/wp-json\/wp\/v2\/media?parent=167646"}],"wp:term":[{"taxonomy":"product_brand","embeddable":true,"href":"https:\/\/zxdoll.com\/fr\/wp-json\/wp\/v2\/product_brand?post=167646"},{"taxonomy":"product_cat","embeddable":true,"href":"https:\/\/zxdoll.com\/fr\/wp-json\/wp\/v2\/product_cat?post=167646"},{"taxonomy":"product_tag","embeddable":true,"href":"https:\/\/zxdoll.com\/fr\/wp-json\/wp\/v2\/product_tag?post=167646"}],"curies":[{"name":"wp","href":"https:\/\/api.w.org\/{rel}","templated":true}]}}