{"id":167464,"date":"2024-09-16T21:45:55","date_gmt":"2024-09-16T13:45:55","guid":{"rendered":"https:\/\/zxdoll.com\/?post_type=product&#038;p=167464"},"modified":"2024-10-04T02:10:53","modified_gmt":"2024-10-03T18:10:53","slug":"hyper-elastic-polymer-sex-doll","status":"publish","type":"product","link":"https:\/\/zxdoll.com\/fr\/product\/hyper-elastic-polymer-sex-doll\/","title":{"rendered":"Poup\u00e9e sexuelle en polym\u00e8re hyper \u00e9lastique Barbra 162 cm"},"content":{"rendered":"<h4><strong>Images de poup\u00e9e de sexe<\/strong><\/h4>\n\t                <ul class=\"easy-image-gallery thumbnails-11 linked\">\r\n                    <li><a data-fancybox=\"gallery942\" href=\"https:\/\/zxdoll.com\/wp-content\/uploads\/2024\/09\/life-size-adult-dolls-k87tfv1-533x800.jpg\" class=\"eig-popup\" title=\"\" data-caption=\"\" target=\"_blank\"><i class=\"icon-view\"><\/i><span class=\"overlay\"><\/span><img decoding=\"async\" width=\"150\" height=\"150\" src=\"https:\/\/zxdoll.com\/wp-content\/uploads\/2024\/09\/life-size-adult-dolls-k87tfv1-150x150.jpg\" class=\"attachment-thumbnail size-thumbnail\" alt=\"\" title=\"\"><\/a><\/li><li><a data-fancybox=\"gallery942\" href=\"https:\/\/zxdoll.com\/wp-content\/uploads\/2024\/09\/life-size-adult-dolls-k87tfv2-1-533x800.jpg\" class=\"eig-popup\" title=\"\" data-caption=\"\" target=\"_blank\"><i class=\"icon-view\"><\/i><span class=\"overlay\"><\/span><img decoding=\"async\" width=\"150\" height=\"150\" src=\"https:\/\/zxdoll.com\/wp-content\/uploads\/2024\/09\/life-size-adult-dolls-k87tfv2-1-150x150.jpg\" class=\"attachment-thumbnail size-thumbnail\" alt=\"\" title=\"\"><\/a><\/li><li><a data-fancybox=\"gallery942\" href=\"https:\/\/zxdoll.com\/wp-content\/uploads\/2024\/09\/life-size-adult-dolls-k87tfv3-533x800.jpg\" class=\"eig-popup\" title=\"\" data-caption=\"\" target=\"_blank\"><i class=\"icon-view\"><\/i><span class=\"overlay\"><\/span><img decoding=\"async\" width=\"150\" height=\"150\" src=\"https:\/\/zxdoll.com\/wp-content\/uploads\/2024\/09\/life-size-adult-dolls-k87tfv3-150x150.jpg\" class=\"attachment-thumbnail size-thumbnail\" alt=\"\" title=\"\"><\/a><\/li><li><a data-fancybox=\"gallery942\" href=\"https:\/\/zxdoll.com\/wp-content\/uploads\/2024\/09\/life-size-adult-dolls-k87tfv4.jpg\" class=\"eig-popup\" title=\"\" data-caption=\"\" target=\"_blank\"><i class=\"icon-view\"><\/i><span class=\"overlay\"><\/span><img loading=\"lazy\" decoding=\"async\" width=\"150\" height=\"150\" src=\"https:\/\/zxdoll.com\/wp-content\/uploads\/2024\/09\/life-size-adult-dolls-k87tfv4-150x150.jpg\" class=\"attachment-thumbnail size-thumbnail\" alt=\"\" title=\"\"><\/a><\/li><li><a data-fancybox=\"gallery942\" href=\"https:\/\/zxdoll.com\/wp-content\/uploads\/2024\/09\/life-size-adult-dolls-k87tfv5-533x800.jpg\" class=\"eig-popup\" title=\"\" data-caption=\"\" target=\"_blank\"><i class=\"icon-view\"><\/i><span class=\"overlay\"><\/span><img loading=\"lazy\" decoding=\"async\" width=\"150\" height=\"150\" src=\"https:\/\/zxdoll.com\/wp-content\/uploads\/2024\/09\/life-size-adult-dolls-k87tfv5-150x150.jpg\" class=\"attachment-thumbnail size-thumbnail\" alt=\"\" title=\"\"><\/a><\/li><li><a data-fancybox=\"gallery942\" href=\"https:\/\/zxdoll.com\/wp-content\/uploads\/2024\/09\/life-size-adult-dolls-k87tfv6.jpg\" class=\"eig-popup\" title=\"\" data-caption=\"\" target=\"_blank\"><i class=\"icon-view\"><\/i><span class=\"overlay\"><\/span><img loading=\"lazy\" decoding=\"async\" width=\"150\" height=\"150\" src=\"https:\/\/zxdoll.com\/wp-content\/uploads\/2024\/09\/life-size-adult-dolls-k87tfv6-150x150.jpg\" class=\"attachment-thumbnail size-thumbnail\" alt=\"\" title=\"\"><\/a><\/li><li><a data-fancybox=\"gallery942\" href=\"https:\/\/zxdoll.com\/wp-content\/uploads\/2024\/09\/life-size-adult-dolls-k87tfv7.jpg\" class=\"eig-popup\" title=\"\" data-caption=\"\" target=\"_blank\"><i class=\"icon-view\"><\/i><span class=\"overlay\"><\/span><img loading=\"lazy\" decoding=\"async\" width=\"150\" height=\"150\" src=\"https:\/\/zxdoll.com\/wp-content\/uploads\/2024\/09\/life-size-adult-dolls-k87tfv7-150x150.jpg\" class=\"attachment-thumbnail size-thumbnail\" alt=\"\" title=\"\"><\/a><\/li><li><a data-fancybox=\"gallery942\" href=\"https:\/\/zxdoll.com\/wp-content\/uploads\/2024\/09\/life-size-adult-dolls-k87tfv8-533x800.jpg\" class=\"eig-popup\" title=\"\" data-caption=\"\" target=\"_blank\"><i class=\"icon-view\"><\/i><span class=\"overlay\"><\/span><img loading=\"lazy\" decoding=\"async\" width=\"150\" height=\"150\" src=\"https:\/\/zxdoll.com\/wp-content\/uploads\/2024\/09\/life-size-adult-dolls-k87tfv8-150x150.jpg\" class=\"attachment-thumbnail size-thumbnail\" alt=\"\" title=\"\"><\/a><\/li><li><a data-fancybox=\"gallery942\" href=\"https:\/\/zxdoll.com\/wp-content\/uploads\/2024\/09\/life-size-adult-dolls-k87tfv9.jpg\" class=\"eig-popup\" title=\"\" data-caption=\"\" target=\"_blank\"><i class=\"icon-view\"><\/i><span class=\"overlay\"><\/span><img loading=\"lazy\" decoding=\"async\" width=\"150\" height=\"150\" src=\"https:\/\/zxdoll.com\/wp-content\/uploads\/2024\/09\/life-size-adult-dolls-k87tfv9-150x150.jpg\" class=\"attachment-thumbnail size-thumbnail\" alt=\"\" title=\"\"><\/a><\/li><li><a data-fancybox=\"gallery942\" href=\"https:\/\/zxdoll.com\/wp-content\/uploads\/2024\/09\/life-size-adult-dolls-k87tfv10-533x800.jpg\" class=\"eig-popup\" title=\"\" data-caption=\"\" target=\"_blank\"><i class=\"icon-view\"><\/i><span class=\"overlay\"><\/span><img loading=\"lazy\" decoding=\"async\" width=\"150\" height=\"150\" src=\"https:\/\/zxdoll.com\/wp-content\/uploads\/2024\/09\/life-size-adult-dolls-k87tfv10-150x150.jpg\" class=\"attachment-thumbnail size-thumbnail\" alt=\"\" title=\"\"><\/a><\/li><li><a data-fancybox=\"gallery942\" href=\"https:\/\/zxdoll.com\/wp-content\/uploads\/2024\/09\/life-size-adult-dolls-k87tfv11-533x800.jpg\" class=\"eig-popup\" title=\"\" data-caption=\"\" target=\"_blank\"><i class=\"icon-view\"><\/i><span class=\"overlay\"><\/span><img loading=\"lazy\" decoding=\"async\" width=\"150\" height=\"150\" src=\"https:\/\/zxdoll.com\/wp-content\/uploads\/2024\/09\/life-size-adult-dolls-k87tfv11-150x150.jpg\" class=\"attachment-thumbnail size-thumbnail\" alt=\"\" title=\"\"><\/a><\/li><\/ul>\n<h4>Tableaux des tailles<\/h4>\n<table width=\"336\">\n<tbody>\n<tr>\n<td width=\"163\">Mat\u00e9riel<\/td>\n<td width=\"173\">T\u00eate TPE + Corps TPE<\/td>\n<\/tr>\n<tr>\n<td width=\"163\">Hauteur<\/td>\n<td>Bonnet J 162 cm<\/td>\n<\/tr>\n<tr>\n<td width=\"163\">\u00c9paule<\/td>\n<td>37cm<\/td>\n<\/tr>\n<tr>\n<td width=\"163\">Partie sup\u00e9rieure du sein<\/td>\n<td>96cm<\/td>\n<\/tr>\n<tr>\n<td width=\"163\">Partie inf\u00e9rieure de la poitrine<\/td>\n<td>66cm<\/td>\n<\/tr>\n<tr>\n<td>Taille<\/td>\n<td>64cm<\/td>\n<\/tr>\n<tr>\n<td>Hanche<\/td>\n<td>114cm<\/td>\n<\/tr>\n<tr>\n<td width=\"163\">Tour de cuisse<\/td>\n<td>64cm<\/td>\n<\/tr>\n<tr>\n<td width=\"163\">Sangle de mollet<\/td>\n<td>36cm<\/td>\n<\/tr>\n<tr>\n<td width=\"163\">Longueur de la jambe<\/td>\n<td>90cm<\/td>\n<\/tr>\n<tr>\n<td width=\"163\">Longueur des pieds<\/td>\n<td>23cm<\/td>\n<\/tr>\n<tr>\n<td width=\"163\">Poids net<\/td>\n<td>49kg<\/td>\n<\/tr>\n<tr>\n<td>Profondeur de la bouche<\/td>\n<td>12cm<\/td>\n<\/tr>\n<tr>\n<td>Profondeur du vagin<\/td>\n<td>18cm<\/td>\n<\/tr>\n<tr>\n<td>Profondeur anale<\/td>\n<td>16cm<\/td>\n<\/tr>\n<\/tbody>\n<\/table>\n<h4>\u00c0 propos de la poup\u00e9e sexuelle<\/h4>\n<p>&nbsp;<\/p>","protected":false},"excerpt":{"rendered":"<p>Images de poup\u00e9es sexuelles Tableaux des tailles Mat\u00e9riau TPE T\u00eate + TPE Corps Hauteur 162 cm Bonnet J \u00c9paule 37 cm Haut Poitrine 96 cm Bas<\/p>","protected":false},"featured_media":167550,"comment_status":"open","ping_status":"closed","template":"","meta":[],"product_brand":[],"product_cat":[234,75,232,80,77,116,210,119],"product_tag":[],"class_list":{"0":"post-167464","1":"product","2":"type-product","3":"status-publish","4":"has-post-thumbnail","6":"product_cat-234","7":"product_cat-160cm-170cm-sex-dolls","8":"product_cat-46kg-50kg","9":"product_cat-asian-sex-doll","10":"product_cat-bbw-sex-doll","11":"product_cat-big-boobs-sex-doll","12":"product_cat-sex-doll-tumblr","13":"product_cat-tpe-sex-doll","14":"pa_brand-galaxy-doll","15":"tm-has-options","17":"first","18":"instock","19":"sale","20":"shipping-taxable","21":"purchasable","22":"product-type-simple"},"_links":{"self":[{"href":"https:\/\/zxdoll.com\/fr\/wp-json\/wp\/v2\/product\/167464","targetHints":{"allow":["GET"]}}],"collection":[{"href":"https:\/\/zxdoll.com\/fr\/wp-json\/wp\/v2\/product"}],"about":[{"href":"https:\/\/zxdoll.com\/fr\/wp-json\/wp\/v2\/types\/product"}],"replies":[{"embeddable":true,"href":"https:\/\/zxdoll.com\/fr\/wp-json\/wp\/v2\/comments?post=167464"}],"version-history":[{"count":1,"href":"https:\/\/zxdoll.com\/fr\/wp-json\/wp\/v2\/product\/167464\/revisions"}],"predecessor-version":[{"id":167629,"href":"https:\/\/zxdoll.com\/fr\/wp-json\/wp\/v2\/product\/167464\/revisions\/167629"}],"wp:featuredmedia":[{"embeddable":true,"href":"https:\/\/zxdoll.com\/fr\/wp-json\/wp\/v2\/media\/167550"}],"wp:attachment":[{"href":"https:\/\/zxdoll.com\/fr\/wp-json\/wp\/v2\/media?parent=167464"}],"wp:term":[{"taxonomy":"product_brand","embeddable":true,"href":"https:\/\/zxdoll.com\/fr\/wp-json\/wp\/v2\/product_brand?post=167464"},{"taxonomy":"product_cat","embeddable":true,"href":"https:\/\/zxdoll.com\/fr\/wp-json\/wp\/v2\/product_cat?post=167464"},{"taxonomy":"product_tag","embeddable":true,"href":"https:\/\/zxdoll.com\/fr\/wp-json\/wp\/v2\/product_tag?post=167464"}],"curies":[{"name":"wp","href":"https:\/\/api.w.org\/{rel}","templated":true}]}}