{"id":165746,"date":"2024-09-16T03:09:02","date_gmt":"2024-09-15T19:09:02","guid":{"rendered":"https:\/\/zxdoll.com\/?post_type=product&#038;p=165746"},"modified":"2024-10-03T01:15:20","modified_gmt":"2024-10-02T17:15:20","slug":"realistic-sex-doll-auburn-doll","status":"publish","type":"product","link":"https:\/\/zxdoll.com\/fr\/product\/realistic-sex-doll-auburn-doll\/","title":{"rendered":"Poup\u00e9e sexuelle r\u00e9aliste Auburn Doll Emerie 161cm"},"content":{"rendered":"<h4><strong>Images de poup\u00e9e de sexe<\/strong><\/h4>\n\t                <ul class=\"easy-image-gallery thumbnails-18 linked\">\r\n                    <li><a data-fancybox=\"gallery990\" href=\"https:\/\/zxdoll.com\/wp-content\/uploads\/2024\/09\/lolly-sex-doll-uAd28v1-533x800.jpg\" class=\"eig-popup\" title=\"\" data-caption=\"\" target=\"_blank\"><i class=\"icon-view\"><\/i><span class=\"overlay\"><\/span><img decoding=\"async\" width=\"150\" height=\"150\" src=\"https:\/\/zxdoll.com\/wp-content\/uploads\/2024\/09\/lolly-sex-doll-uAd28v1-150x150.jpg\" class=\"attachment-thumbnail size-thumbnail\" alt=\"\" title=\"\"><\/a><\/li><li><a data-fancybox=\"gallery990\" href=\"https:\/\/zxdoll.com\/wp-content\/uploads\/2024\/09\/lolly-sex-doll-uAd28v2.jpg\" class=\"eig-popup\" title=\"\" data-caption=\"\" target=\"_blank\"><i class=\"icon-view\"><\/i><span class=\"overlay\"><\/span><img decoding=\"async\" width=\"150\" height=\"150\" src=\"https:\/\/zxdoll.com\/wp-content\/uploads\/2024\/09\/lolly-sex-doll-uAd28v2-150x150.jpg\" class=\"attachment-thumbnail size-thumbnail\" alt=\"\" title=\"\"><\/a><\/li><li><a data-fancybox=\"gallery990\" href=\"https:\/\/zxdoll.com\/wp-content\/uploads\/2024\/09\/lolly-sex-doll-uAd28v3.jpg\" class=\"eig-popup\" title=\"\" data-caption=\"\" target=\"_blank\"><i class=\"icon-view\"><\/i><span class=\"overlay\"><\/span><img decoding=\"async\" width=\"150\" height=\"150\" src=\"https:\/\/zxdoll.com\/wp-content\/uploads\/2024\/09\/lolly-sex-doll-uAd28v3-150x150.jpg\" class=\"attachment-thumbnail size-thumbnail\" alt=\"\" title=\"\"><\/a><\/li><li><a data-fancybox=\"gallery990\" href=\"https:\/\/zxdoll.com\/wp-content\/uploads\/2024\/09\/lolly-sex-doll-uAd28v4-533x800.jpg\" class=\"eig-popup\" title=\"\" data-caption=\"\" target=\"_blank\"><i class=\"icon-view\"><\/i><span class=\"overlay\"><\/span><img loading=\"lazy\" decoding=\"async\" width=\"150\" height=\"150\" src=\"https:\/\/zxdoll.com\/wp-content\/uploads\/2024\/09\/lolly-sex-doll-uAd28v4-150x150.jpg\" class=\"attachment-thumbnail size-thumbnail\" alt=\"\" title=\"\"><\/a><\/li><li><a data-fancybox=\"gallery990\" href=\"https:\/\/zxdoll.com\/wp-content\/uploads\/2024\/09\/lolly-sex-doll-uAd28v5-533x800.jpg\" class=\"eig-popup\" title=\"\" data-caption=\"\" target=\"_blank\"><i class=\"icon-view\"><\/i><span class=\"overlay\"><\/span><img loading=\"lazy\" decoding=\"async\" width=\"150\" height=\"150\" src=\"https:\/\/zxdoll.com\/wp-content\/uploads\/2024\/09\/lolly-sex-doll-uAd28v5-150x150.jpg\" class=\"attachment-thumbnail size-thumbnail\" alt=\"\" title=\"\"><\/a><\/li><li><a data-fancybox=\"gallery990\" href=\"https:\/\/zxdoll.com\/wp-content\/uploads\/2024\/09\/lolly-sex-doll-uAd28v6.jpg\" class=\"eig-popup\" title=\"\" data-caption=\"\" target=\"_blank\"><i class=\"icon-view\"><\/i><span class=\"overlay\"><\/span><img loading=\"lazy\" decoding=\"async\" width=\"150\" height=\"150\" src=\"https:\/\/zxdoll.com\/wp-content\/uploads\/2024\/09\/lolly-sex-doll-uAd28v6-150x150.jpg\" class=\"attachment-thumbnail size-thumbnail\" alt=\"\" title=\"\"><\/a><\/li><li><a data-fancybox=\"gallery990\" href=\"https:\/\/zxdoll.com\/wp-content\/uploads\/2024\/09\/lolly-sex-doll-uAd28v7.jpg\" class=\"eig-popup\" title=\"\" data-caption=\"\" target=\"_blank\"><i class=\"icon-view\"><\/i><span class=\"overlay\"><\/span><img loading=\"lazy\" decoding=\"async\" width=\"150\" height=\"150\" src=\"https:\/\/zxdoll.com\/wp-content\/uploads\/2024\/09\/lolly-sex-doll-uAd28v7-150x150.jpg\" class=\"attachment-thumbnail size-thumbnail\" alt=\"\" title=\"\"><\/a><\/li><li><a data-fancybox=\"gallery990\" href=\"https:\/\/zxdoll.com\/wp-content\/uploads\/2024\/09\/lolly-sex-doll-uAd28v8-533x800.jpg\" class=\"eig-popup\" title=\"\" data-caption=\"\" target=\"_blank\"><i class=\"icon-view\"><\/i><span class=\"overlay\"><\/span><img loading=\"lazy\" decoding=\"async\" width=\"150\" height=\"150\" src=\"https:\/\/zxdoll.com\/wp-content\/uploads\/2024\/09\/lolly-sex-doll-uAd28v8-150x150.jpg\" class=\"attachment-thumbnail size-thumbnail\" alt=\"\" title=\"\"><\/a><\/li><li><a data-fancybox=\"gallery990\" href=\"https:\/\/zxdoll.com\/wp-content\/uploads\/2024\/09\/lolly-sex-doll-uAd28v9-533x800.jpg\" class=\"eig-popup\" title=\"\" data-caption=\"\" target=\"_blank\"><i class=\"icon-view\"><\/i><span class=\"overlay\"><\/span><img loading=\"lazy\" decoding=\"async\" width=\"150\" height=\"150\" src=\"https:\/\/zxdoll.com\/wp-content\/uploads\/2024\/09\/lolly-sex-doll-uAd28v9-150x150.jpg\" class=\"attachment-thumbnail size-thumbnail\" alt=\"\" title=\"\"><\/a><\/li><li><a data-fancybox=\"gallery990\" href=\"https:\/\/zxdoll.com\/wp-content\/uploads\/2024\/09\/lolly-sex-doll-uAd28v10-533x800.jpg\" class=\"eig-popup\" title=\"\" data-caption=\"\" target=\"_blank\"><i class=\"icon-view\"><\/i><span class=\"overlay\"><\/span><img loading=\"lazy\" decoding=\"async\" width=\"150\" height=\"150\" src=\"https:\/\/zxdoll.com\/wp-content\/uploads\/2024\/09\/lolly-sex-doll-uAd28v10-150x150.jpg\" class=\"attachment-thumbnail size-thumbnail\" alt=\"\" title=\"\"><\/a><\/li><li><a data-fancybox=\"gallery990\" href=\"https:\/\/zxdoll.com\/wp-content\/uploads\/2024\/09\/lolly-sex-doll-uAd28v11-533x800.jpg\" class=\"eig-popup\" title=\"\" data-caption=\"\" target=\"_blank\"><i class=\"icon-view\"><\/i><span class=\"overlay\"><\/span><img loading=\"lazy\" decoding=\"async\" width=\"150\" height=\"150\" src=\"https:\/\/zxdoll.com\/wp-content\/uploads\/2024\/09\/lolly-sex-doll-uAd28v11-150x150.jpg\" class=\"attachment-thumbnail size-thumbnail\" alt=\"\" title=\"\"><\/a><\/li><li><a data-fancybox=\"gallery990\" href=\"https:\/\/zxdoll.com\/wp-content\/uploads\/2024\/09\/lolly-sex-doll-uAd28v12-533x800.jpg\" class=\"eig-popup\" title=\"\" data-caption=\"\" target=\"_blank\"><i class=\"icon-view\"><\/i><span class=\"overlay\"><\/span><img loading=\"lazy\" decoding=\"async\" width=\"150\" height=\"150\" src=\"https:\/\/zxdoll.com\/wp-content\/uploads\/2024\/09\/lolly-sex-doll-uAd28v12-150x150.jpg\" class=\"attachment-thumbnail size-thumbnail\" alt=\"\" title=\"\"><\/a><\/li><li><a data-fancybox=\"gallery990\" href=\"https:\/\/zxdoll.com\/wp-content\/uploads\/2024\/09\/lolly-sex-doll-uAd28v13-533x800.jpg\" class=\"eig-popup\" title=\"\" data-caption=\"\" target=\"_blank\"><i class=\"icon-view\"><\/i><span class=\"overlay\"><\/span><img loading=\"lazy\" decoding=\"async\" width=\"150\" height=\"150\" src=\"https:\/\/zxdoll.com\/wp-content\/uploads\/2024\/09\/lolly-sex-doll-uAd28v13-150x150.jpg\" class=\"attachment-thumbnail size-thumbnail\" alt=\"\" title=\"\"><\/a><\/li><li><a data-fancybox=\"gallery990\" href=\"https:\/\/zxdoll.com\/wp-content\/uploads\/2024\/09\/lolly-sex-doll-uAd28v14-533x800.jpg\" class=\"eig-popup\" title=\"\" data-caption=\"\" target=\"_blank\"><i class=\"icon-view\"><\/i><span class=\"overlay\"><\/span><img loading=\"lazy\" decoding=\"async\" width=\"150\" height=\"150\" src=\"https:\/\/zxdoll.com\/wp-content\/uploads\/2024\/09\/lolly-sex-doll-uAd28v14-150x150.jpg\" class=\"attachment-thumbnail size-thumbnail\" alt=\"\" title=\"\"><\/a><\/li><li><a data-fancybox=\"gallery990\" href=\"https:\/\/zxdoll.com\/wp-content\/uploads\/2024\/09\/lolly-sex-doll-uAd28v15-1-533x800.jpg\" class=\"eig-popup\" title=\"\" data-caption=\"\" target=\"_blank\"><i class=\"icon-view\"><\/i><span class=\"overlay\"><\/span><img loading=\"lazy\" decoding=\"async\" width=\"150\" height=\"150\" src=\"https:\/\/zxdoll.com\/wp-content\/uploads\/2024\/09\/lolly-sex-doll-uAd28v15-1-150x150.jpg\" class=\"attachment-thumbnail size-thumbnail\" alt=\"\" title=\"\"><\/a><\/li><li><a data-fancybox=\"gallery990\" href=\"https:\/\/zxdoll.com\/wp-content\/uploads\/2024\/09\/lolly-sex-doll-uAd28v16-533x800.jpg\" class=\"eig-popup\" title=\"\" data-caption=\"\" target=\"_blank\"><i class=\"icon-view\"><\/i><span class=\"overlay\"><\/span><img loading=\"lazy\" decoding=\"async\" width=\"150\" height=\"150\" src=\"https:\/\/zxdoll.com\/wp-content\/uploads\/2024\/09\/lolly-sex-doll-uAd28v16-150x150.jpg\" class=\"attachment-thumbnail size-thumbnail\" alt=\"\" title=\"\"><\/a><\/li><li><a data-fancybox=\"gallery990\" href=\"https:\/\/zxdoll.com\/wp-content\/uploads\/2024\/09\/lolly-sex-doll-uAd28v17-533x800.jpg\" class=\"eig-popup\" title=\"\" data-caption=\"\" target=\"_blank\"><i class=\"icon-view\"><\/i><span class=\"overlay\"><\/span><img loading=\"lazy\" decoding=\"async\" width=\"150\" height=\"150\" src=\"https:\/\/zxdoll.com\/wp-content\/uploads\/2024\/09\/lolly-sex-doll-uAd28v17-150x150.jpg\" class=\"attachment-thumbnail size-thumbnail\" alt=\"\" title=\"\"><\/a><\/li><li><a data-fancybox=\"gallery990\" href=\"https:\/\/zxdoll.com\/wp-content\/uploads\/2024\/09\/lolly-sex-doll-uAd28v18-533x800.jpg\" class=\"eig-popup\" title=\"\" data-caption=\"\" target=\"_blank\"><i class=\"icon-view\"><\/i><span class=\"overlay\"><\/span><img loading=\"lazy\" decoding=\"async\" width=\"150\" height=\"150\" src=\"https:\/\/zxdoll.com\/wp-content\/uploads\/2024\/09\/lolly-sex-doll-uAd28v18-150x150.jpg\" class=\"attachment-thumbnail size-thumbnail\" alt=\"\" title=\"\"><\/a><\/li><\/ul>\n<h4>Tableaux des tailles<\/h4>\n<table width=\"221\">\n<tbody>\n<tr>\n<td width=\"127\">Mat\u00e9riel<\/td>\n<td width=\"94\">TPE<\/td>\n<\/tr>\n<tr>\n<td>Hauteur<\/td>\n<td width=\"94\">161cm<\/td>\n<\/tr>\n<tr>\n<td>Taille de poitrine<\/td>\n<td width=\"94\">28F<\/td>\n<\/tr>\n<tr>\n<td>Buste complet<\/td>\n<td width=\"94\">83cm<\/td>\n<\/tr>\n<tr>\n<td>Taille<\/td>\n<td width=\"94\">50cm<\/td>\n<\/tr>\n<tr>\n<td>Hanche<\/td>\n<td width=\"94\">89cm<\/td>\n<\/tr>\n<tr>\n<td>Pied<\/td>\n<td width=\"94\">21cm<\/td>\n<\/tr>\n<tr>\n<td>Profondeur orale<\/td>\n<td width=\"94\">15cm<\/td>\n<\/tr>\n<tr>\n<td>Profondeur du vagin<\/td>\n<td width=\"94\">17cm<\/td>\n<\/tr>\n<tr>\n<td>Profondeur anale<\/td>\n<td width=\"94\">17cm<\/td>\n<\/tr>\n<tr>\n<td width=\"127\">Poids net<\/td>\n<td width=\"94\">35 kg<\/td>\n<\/tr>\n<\/tbody>\n<\/table>\n<h4>\u00c0 propos de la poup\u00e9e sexuelle<\/h4>\n<p>&nbsp;<\/p>","protected":false},"excerpt":{"rendered":"<p>Images de poup\u00e9es sexuelles Tableau des tailles Mat\u00e9riau TPE Hauteur 161 cm Taille du buste 28F Buste complet 83 cm Taille 50 cm Hanche 89 cm Pied<\/p>","protected":false},"featured_media":165839,"comment_status":"open","ping_status":"closed","template":"","meta":[],"product_brand":[],"product_cat":[234,75,229,80,116,167,107,119],"product_tag":[],"class_list":{"0":"post-165746","1":"product","2":"type-product","3":"status-publish","4":"has-post-thumbnail","6":"product_cat-234","7":"product_cat-160cm-170cm-sex-dolls","8":"product_cat-31kg-35kg","9":"product_cat-asian-sex-doll","10":"product_cat-big-boobs-sex-doll","11":"product_cat-life-like-sex-dolls","12":"product_cat-skinny-sex-dolls","13":"product_cat-tpe-sex-doll","14":"pa_brand-se-doll","15":"tm-has-options","17":"first","18":"instock","19":"sale","20":"shipping-taxable","21":"purchasable","22":"product-type-simple"},"_links":{"self":[{"href":"https:\/\/zxdoll.com\/fr\/wp-json\/wp\/v2\/product\/165746","targetHints":{"allow":["GET"]}}],"collection":[{"href":"https:\/\/zxdoll.com\/fr\/wp-json\/wp\/v2\/product"}],"about":[{"href":"https:\/\/zxdoll.com\/fr\/wp-json\/wp\/v2\/types\/product"}],"replies":[{"embeddable":true,"href":"https:\/\/zxdoll.com\/fr\/wp-json\/wp\/v2\/comments?post=165746"}],"version-history":[{"count":1,"href":"https:\/\/zxdoll.com\/fr\/wp-json\/wp\/v2\/product\/165746\/revisions"}],"predecessor-version":[{"id":165969,"href":"https:\/\/zxdoll.com\/fr\/wp-json\/wp\/v2\/product\/165746\/revisions\/165969"}],"wp:featuredmedia":[{"embeddable":true,"href":"https:\/\/zxdoll.com\/fr\/wp-json\/wp\/v2\/media\/165839"}],"wp:attachment":[{"href":"https:\/\/zxdoll.com\/fr\/wp-json\/wp\/v2\/media?parent=165746"}],"wp:term":[{"taxonomy":"product_brand","embeddable":true,"href":"https:\/\/zxdoll.com\/fr\/wp-json\/wp\/v2\/product_brand?post=165746"},{"taxonomy":"product_cat","embeddable":true,"href":"https:\/\/zxdoll.com\/fr\/wp-json\/wp\/v2\/product_cat?post=165746"},{"taxonomy":"product_tag","embeddable":true,"href":"https:\/\/zxdoll.com\/fr\/wp-json\/wp\/v2\/product_tag?post=165746"}],"curies":[{"name":"wp","href":"https:\/\/api.w.org\/{rel}","templated":true}]}}