{"id":147732,"date":"2023-08-07T23:51:09","date_gmt":"2023-08-07T15:51:09","guid":{"rendered":"https:\/\/zxdoll.com\/?post_type=product&#038;p=147732"},"modified":"2025-09-13T00:00:16","modified_gmt":"2025-09-12T16:00:16","slug":"sex-doll-hard-fuck-big-ass","status":"publish","type":"product","link":"https:\/\/zxdoll.com\/fr\/product\/sex-doll-hard-fuck-big-ass\/","title":{"rendered":"Poup\u00e9e sexuelle baise hard gros cul Anica 150cm"},"content":{"rendered":"<h4><strong>Images de poup\u00e9e de sexe<\/strong><\/h4>\n\t                <ul class=\"easy-image-gallery thumbnails-24 linked\">\r\n                    <li><a data-fancybox=\"gallery704\" href=\"https:\/\/zxdoll.com\/wp-content\/uploads\/2023\/08\/living-sex-doll-sh9ka3-533x800.jpg\" class=\"eig-popup\" title=\"\" data-caption=\"\" target=\"_blank\"><i class=\"icon-view\"><\/i><span class=\"overlay\"><\/span><img decoding=\"async\" width=\"150\" height=\"150\" src=\"https:\/\/zxdoll.com\/wp-content\/uploads\/2023\/08\/living-sex-doll-sh9ka3-150x150.jpg\" class=\"attachment-thumbnail size-thumbnail\" alt=\"\" title=\"\"><\/a><\/li><li><a data-fancybox=\"gallery704\" href=\"https:\/\/zxdoll.com\/wp-content\/uploads\/2023\/08\/living-sex-doll-sh9ka5-533x800.jpg\" class=\"eig-popup\" title=\"\" data-caption=\"\" target=\"_blank\"><i class=\"icon-view\"><\/i><span class=\"overlay\"><\/span><img decoding=\"async\" width=\"150\" height=\"150\" src=\"https:\/\/zxdoll.com\/wp-content\/uploads\/2023\/08\/living-sex-doll-sh9ka5-150x150.jpg\" class=\"attachment-thumbnail size-thumbnail\" alt=\"\" title=\"\"><\/a><\/li><li><a data-fancybox=\"gallery704\" href=\"https:\/\/zxdoll.com\/wp-content\/uploads\/2023\/08\/living-sex-doll-sh9ka10-533x800.jpg\" class=\"eig-popup\" title=\"\" data-caption=\"\" target=\"_blank\"><i class=\"icon-view\"><\/i><span class=\"overlay\"><\/span><img decoding=\"async\" width=\"150\" height=\"150\" src=\"https:\/\/zxdoll.com\/wp-content\/uploads\/2023\/08\/living-sex-doll-sh9ka10-150x150.jpg\" class=\"attachment-thumbnail size-thumbnail\" alt=\"\" title=\"\"><\/a><\/li><li><a data-fancybox=\"gallery704\" href=\"https:\/\/zxdoll.com\/wp-content\/uploads\/2023\/08\/living-sex-doll-sh9ka18-1-533x800.jpg\" class=\"eig-popup\" title=\"\" data-caption=\"\" target=\"_blank\"><i class=\"icon-view\"><\/i><span class=\"overlay\"><\/span><img loading=\"lazy\" decoding=\"async\" width=\"150\" height=\"150\" src=\"https:\/\/zxdoll.com\/wp-content\/uploads\/2023\/08\/living-sex-doll-sh9ka18-1-150x150.jpg\" class=\"attachment-thumbnail size-thumbnail\" alt=\"\" title=\"\"><\/a><\/li><li><a data-fancybox=\"gallery704\" href=\"https:\/\/zxdoll.com\/wp-content\/uploads\/2023\/08\/living-sex-doll-sh9ka21-533x800.jpg\" class=\"eig-popup\" title=\"\" data-caption=\"\" target=\"_blank\"><i class=\"icon-view\"><\/i><span class=\"overlay\"><\/span><img loading=\"lazy\" decoding=\"async\" width=\"150\" height=\"150\" src=\"https:\/\/zxdoll.com\/wp-content\/uploads\/2023\/08\/living-sex-doll-sh9ka21-150x150.jpg\" class=\"attachment-thumbnail size-thumbnail\" alt=\"\" title=\"\"><\/a><\/li><li><a data-fancybox=\"gallery704\" href=\"https:\/\/zxdoll.com\/wp-content\/uploads\/2023\/08\/living-sex-doll-sh9ka32-533x800.jpg\" class=\"eig-popup\" title=\"\" data-caption=\"\" target=\"_blank\"><i class=\"icon-view\"><\/i><span class=\"overlay\"><\/span><img loading=\"lazy\" decoding=\"async\" width=\"150\" height=\"150\" src=\"https:\/\/zxdoll.com\/wp-content\/uploads\/2023\/08\/living-sex-doll-sh9ka32-150x150.jpg\" class=\"attachment-thumbnail size-thumbnail\" alt=\"\" title=\"\"><\/a><\/li><li><a data-fancybox=\"gallery704\" href=\"https:\/\/zxdoll.com\/wp-content\/uploads\/2023\/08\/living-sex-doll-sh9ka40-533x800.jpg\" class=\"eig-popup\" title=\"\" data-caption=\"\" target=\"_blank\"><i class=\"icon-view\"><\/i><span class=\"overlay\"><\/span><img loading=\"lazy\" decoding=\"async\" width=\"150\" height=\"150\" src=\"https:\/\/zxdoll.com\/wp-content\/uploads\/2023\/08\/living-sex-doll-sh9ka40-150x150.jpg\" class=\"attachment-thumbnail size-thumbnail\" alt=\"\" title=\"\"><\/a><\/li><li><a data-fancybox=\"gallery704\" href=\"https:\/\/zxdoll.com\/wp-content\/uploads\/2023\/08\/living-sex-doll-sh9ka54-533x800.jpg\" class=\"eig-popup\" title=\"\" data-caption=\"\" target=\"_blank\"><i class=\"icon-view\"><\/i><span class=\"overlay\"><\/span><img loading=\"lazy\" decoding=\"async\" width=\"150\" height=\"150\" src=\"https:\/\/zxdoll.com\/wp-content\/uploads\/2023\/08\/living-sex-doll-sh9ka54-150x150.jpg\" class=\"attachment-thumbnail size-thumbnail\" alt=\"\" title=\"\"><\/a><\/li><li><a data-fancybox=\"gallery704\" href=\"https:\/\/zxdoll.com\/wp-content\/uploads\/2023\/08\/living-sex-doll-sh9ka55-533x800.jpg\" class=\"eig-popup\" title=\"\" data-caption=\"\" target=\"_blank\"><i class=\"icon-view\"><\/i><span class=\"overlay\"><\/span><img loading=\"lazy\" decoding=\"async\" width=\"150\" height=\"150\" src=\"https:\/\/zxdoll.com\/wp-content\/uploads\/2023\/08\/living-sex-doll-sh9ka55-150x150.jpg\" class=\"attachment-thumbnail size-thumbnail\" alt=\"\" title=\"\"><\/a><\/li><li><a data-fancybox=\"gallery704\" href=\"https:\/\/zxdoll.com\/wp-content\/uploads\/2023\/08\/living-sex-doll-sh9ka60.jpg\" class=\"eig-popup\" title=\"\" data-caption=\"\" target=\"_blank\"><i class=\"icon-view\"><\/i><span class=\"overlay\"><\/span><img loading=\"lazy\" decoding=\"async\" width=\"150\" height=\"150\" src=\"https:\/\/zxdoll.com\/wp-content\/uploads\/2023\/08\/living-sex-doll-sh9ka60-150x150.jpg\" class=\"attachment-thumbnail size-thumbnail\" alt=\"\" title=\"\"><\/a><\/li><li><a data-fancybox=\"gallery704\" href=\"https:\/\/zxdoll.com\/wp-content\/uploads\/2023\/08\/living-sex-doll-sh9ka70.jpg\" class=\"eig-popup\" title=\"\" data-caption=\"\" target=\"_blank\"><i class=\"icon-view\"><\/i><span class=\"overlay\"><\/span><img loading=\"lazy\" decoding=\"async\" width=\"150\" height=\"150\" src=\"https:\/\/zxdoll.com\/wp-content\/uploads\/2023\/08\/living-sex-doll-sh9ka70-150x150.jpg\" class=\"attachment-thumbnail size-thumbnail\" alt=\"\" title=\"\"><\/a><\/li><li><a data-fancybox=\"gallery704\" href=\"https:\/\/zxdoll.com\/wp-content\/uploads\/2023\/08\/living-sex-doll-sh9ka75-533x800.jpg\" class=\"eig-popup\" title=\"\" data-caption=\"\" target=\"_blank\"><i class=\"icon-view\"><\/i><span class=\"overlay\"><\/span><img loading=\"lazy\" decoding=\"async\" width=\"150\" height=\"150\" src=\"https:\/\/zxdoll.com\/wp-content\/uploads\/2023\/08\/living-sex-doll-sh9ka75-150x150.jpg\" class=\"attachment-thumbnail size-thumbnail\" alt=\"\" title=\"\"><\/a><\/li><li><a data-fancybox=\"gallery704\" href=\"https:\/\/zxdoll.com\/wp-content\/uploads\/2023\/08\/living-sex-doll-sh9ka78-1.jpg\" class=\"eig-popup\" title=\"\" data-caption=\"\" target=\"_blank\"><i class=\"icon-view\"><\/i><span class=\"overlay\"><\/span><img loading=\"lazy\" decoding=\"async\" width=\"150\" height=\"150\" src=\"https:\/\/zxdoll.com\/wp-content\/uploads\/2023\/08\/living-sex-doll-sh9ka78-1-150x150.jpg\" class=\"attachment-thumbnail size-thumbnail\" alt=\"\" title=\"\"><\/a><\/li><li><a data-fancybox=\"gallery704\" href=\"https:\/\/zxdoll.com\/wp-content\/uploads\/2023\/08\/living-sex-doll-sh9ka86-533x800.jpg\" class=\"eig-popup\" title=\"\" data-caption=\"\" target=\"_blank\"><i class=\"icon-view\"><\/i><span class=\"overlay\"><\/span><img loading=\"lazy\" decoding=\"async\" width=\"150\" height=\"150\" src=\"https:\/\/zxdoll.com\/wp-content\/uploads\/2023\/08\/living-sex-doll-sh9ka86-150x150.jpg\" class=\"attachment-thumbnail size-thumbnail\" alt=\"\" title=\"\"><\/a><\/li><li><a data-fancybox=\"gallery704\" href=\"https:\/\/zxdoll.com\/wp-content\/uploads\/2023\/08\/living-sex-doll-sh9ka87-533x800.jpg\" class=\"eig-popup\" title=\"\" data-caption=\"\" target=\"_blank\"><i class=\"icon-view\"><\/i><span class=\"overlay\"><\/span><img loading=\"lazy\" decoding=\"async\" width=\"150\" height=\"150\" src=\"https:\/\/zxdoll.com\/wp-content\/uploads\/2023\/08\/living-sex-doll-sh9ka87-150x150.jpg\" class=\"attachment-thumbnail size-thumbnail\" alt=\"\" title=\"\"><\/a><\/li><li><a data-fancybox=\"gallery704\" href=\"https:\/\/zxdoll.com\/wp-content\/uploads\/2023\/08\/living-sex-doll-sh9ka88-533x800.jpg\" class=\"eig-popup\" title=\"\" data-caption=\"\" target=\"_blank\"><i class=\"icon-view\"><\/i><span class=\"overlay\"><\/span><img loading=\"lazy\" decoding=\"async\" width=\"150\" height=\"150\" src=\"https:\/\/zxdoll.com\/wp-content\/uploads\/2023\/08\/living-sex-doll-sh9ka88-150x150.jpg\" class=\"attachment-thumbnail size-thumbnail\" alt=\"\" title=\"\"><\/a><\/li><li><a data-fancybox=\"gallery704\" href=\"https:\/\/zxdoll.com\/wp-content\/uploads\/2023\/08\/living-sex-doll-sh9ka93.jpg\" class=\"eig-popup\" title=\"\" data-caption=\"\" target=\"_blank\"><i class=\"icon-view\"><\/i><span class=\"overlay\"><\/span><img loading=\"lazy\" decoding=\"async\" width=\"150\" height=\"150\" src=\"https:\/\/zxdoll.com\/wp-content\/uploads\/2023\/08\/living-sex-doll-sh9ka93-150x150.jpg\" class=\"attachment-thumbnail size-thumbnail\" alt=\"\" title=\"\"><\/a><\/li><li><a data-fancybox=\"gallery704\" href=\"https:\/\/zxdoll.com\/wp-content\/uploads\/2023\/08\/living-sex-doll-sh9ka94.jpg\" class=\"eig-popup\" title=\"\" data-caption=\"\" target=\"_blank\"><i class=\"icon-view\"><\/i><span class=\"overlay\"><\/span><img loading=\"lazy\" decoding=\"async\" width=\"150\" height=\"150\" src=\"https:\/\/zxdoll.com\/wp-content\/uploads\/2023\/08\/living-sex-doll-sh9ka94-150x150.jpg\" class=\"attachment-thumbnail size-thumbnail\" alt=\"\" title=\"\"><\/a><\/li><li><a data-fancybox=\"gallery704\" href=\"https:\/\/zxdoll.com\/wp-content\/uploads\/2023\/08\/living-sex-doll-sh9ka98-533x800.jpg\" class=\"eig-popup\" title=\"\" data-caption=\"\" target=\"_blank\"><i class=\"icon-view\"><\/i><span class=\"overlay\"><\/span><img loading=\"lazy\" decoding=\"async\" width=\"150\" height=\"150\" src=\"https:\/\/zxdoll.com\/wp-content\/uploads\/2023\/08\/living-sex-doll-sh9ka98-150x150.jpg\" class=\"attachment-thumbnail size-thumbnail\" alt=\"\" title=\"\"><\/a><\/li><li><a data-fancybox=\"gallery704\" href=\"https:\/\/zxdoll.com\/wp-content\/uploads\/2023\/08\/living-sex-doll-sh9ka102-533x800.jpg\" class=\"eig-popup\" title=\"\" data-caption=\"\" target=\"_blank\"><i class=\"icon-view\"><\/i><span class=\"overlay\"><\/span><img loading=\"lazy\" decoding=\"async\" width=\"150\" height=\"150\" src=\"https:\/\/zxdoll.com\/wp-content\/uploads\/2023\/08\/living-sex-doll-sh9ka102-150x150.jpg\" class=\"attachment-thumbnail size-thumbnail\" alt=\"\" title=\"\"><\/a><\/li><li><a data-fancybox=\"gallery704\" href=\"https:\/\/zxdoll.com\/wp-content\/uploads\/2023\/08\/living-sex-doll-sh9ka106.jpg\" class=\"eig-popup\" title=\"\" data-caption=\"\" target=\"_blank\"><i class=\"icon-view\"><\/i><span class=\"overlay\"><\/span><img loading=\"lazy\" decoding=\"async\" width=\"150\" height=\"150\" src=\"https:\/\/zxdoll.com\/wp-content\/uploads\/2023\/08\/living-sex-doll-sh9ka106-150x150.jpg\" class=\"attachment-thumbnail size-thumbnail\" alt=\"\" title=\"\"><\/a><\/li><li><a data-fancybox=\"gallery704\" href=\"https:\/\/zxdoll.com\/wp-content\/uploads\/2023\/08\/living-sex-doll-sh9ka107-533x800.jpg\" class=\"eig-popup\" title=\"\" data-caption=\"\" target=\"_blank\"><i class=\"icon-view\"><\/i><span class=\"overlay\"><\/span><img loading=\"lazy\" decoding=\"async\" width=\"150\" height=\"150\" src=\"https:\/\/zxdoll.com\/wp-content\/uploads\/2023\/08\/living-sex-doll-sh9ka107-150x150.jpg\" class=\"attachment-thumbnail size-thumbnail\" alt=\"\" title=\"\"><\/a><\/li><li><a data-fancybox=\"gallery704\" href=\"https:\/\/zxdoll.com\/wp-content\/uploads\/2023\/08\/living-sex-doll-sh9ka111-533x800.jpg\" class=\"eig-popup\" title=\"\" data-caption=\"\" target=\"_blank\"><i class=\"icon-view\"><\/i><span class=\"overlay\"><\/span><img loading=\"lazy\" decoding=\"async\" width=\"150\" height=\"150\" src=\"https:\/\/zxdoll.com\/wp-content\/uploads\/2023\/08\/living-sex-doll-sh9ka111-150x150.jpg\" class=\"attachment-thumbnail size-thumbnail\" alt=\"\" title=\"\"><\/a><\/li><li><a data-fancybox=\"gallery704\" href=\"https:\/\/zxdoll.com\/wp-content\/uploads\/2023\/08\/living-sex-doll-sh9ka115-533x800.jpg\" class=\"eig-popup\" title=\"\" data-caption=\"\" target=\"_blank\"><i class=\"icon-view\"><\/i><span class=\"overlay\"><\/span><img loading=\"lazy\" decoding=\"async\" width=\"150\" height=\"150\" src=\"https:\/\/zxdoll.com\/wp-content\/uploads\/2023\/08\/living-sex-doll-sh9ka115-150x150.jpg\" class=\"attachment-thumbnail size-thumbnail\" alt=\"\" title=\"\"><\/a><\/li><\/ul>\n<h4>Tableaux des tailles<\/h4>\n<table width=\"313\">\n<tbody>\n<tr>\n<td width=\"129\">Mat\u00e9riel<\/td>\n<td width=\"184\">T\u00eate en silicone + corps en TPE<\/td>\n<\/tr>\n<tr>\n<td>Hauteur<\/td>\n<td>150cm<\/td>\n<\/tr>\n<tr>\n<td>Poids net<\/td>\n<td>32 kg<\/td>\n<\/tr>\n<tr>\n<td>Buste complet<\/td>\n<td>82cm<\/td>\n<\/tr>\n<tr>\n<td>Sous le buste<\/td>\n<td>64cm<\/td>\n<\/tr>\n<tr>\n<td>Tasse<\/td>\n<td>D<\/td>\n<\/tr>\n<tr>\n<td>Taille<\/td>\n<td>56cm<\/td>\n<\/tr>\n<tr>\n<td>Hanche<\/td>\n<td>86cm<\/td>\n<\/tr>\n<tr>\n<td>Oral<\/td>\n<td>Facultatif<\/td>\n<\/tr>\n<tr>\n<td>Vagin<\/td>\n<td>18cm<\/td>\n<\/tr>\n<tr>\n<td>Anus<\/td>\n<td>18cm<\/td>\n<\/tr>\n<tr>\n<td>\u00c9paule<\/td>\n<td>35cm<\/td>\n<\/tr>\n<tr>\n<td>Bras<\/td>\n<td>59cm<\/td>\n<\/tr>\n<tr>\n<td>Jambe<\/td>\n<td>76cm<\/td>\n<\/tr>\n<tr>\n<td>Pied<\/td>\n<td>21,5 cm<\/td>\n<\/tr>\n<\/tbody>\n<\/table>\n<h4>\u00c0 propos de la poup\u00e9e sexuelle<\/h4>\n<p>&nbsp;<\/p>","protected":false},"excerpt":{"rendered":"<p>Images de poup\u00e9es sexuelles Tableaux de tailles Mat\u00e9riau T\u00eate en silicone + TPE Hauteur du corps 150 cm Poids net 32 kg Buste complet 82 cm sous<\/p>","protected":false},"featured_media":147756,"comment_status":"open","ping_status":"closed","template":"","meta":[],"product_brand":[],"product_cat":[112,229,116,192,107,213],"product_tag":[],"class_list":{"0":"post-147732","1":"product","2":"type-product","3":"status-publish","4":"has-post-thumbnail","6":"product_cat-150cm-159cm-sex-dolls","7":"product_cat-31kg-35kg","8":"product_cat-big-boobs-sex-doll","9":"product_cat-hybrid-doll","10":"product_cat-skinny-sex-dolls","11":"product_cat-solid-sex-doll","12":"pa_brand-jiusheng-doll","13":"tm-has-options","15":"first","16":"instock","17":"sale","18":"shipping-taxable","19":"purchasable","20":"product-type-simple"},"_links":{"self":[{"href":"https:\/\/zxdoll.com\/fr\/wp-json\/wp\/v2\/product\/147732","targetHints":{"allow":["GET"]}}],"collection":[{"href":"https:\/\/zxdoll.com\/fr\/wp-json\/wp\/v2\/product"}],"about":[{"href":"https:\/\/zxdoll.com\/fr\/wp-json\/wp\/v2\/types\/product"}],"replies":[{"embeddable":true,"href":"https:\/\/zxdoll.com\/fr\/wp-json\/wp\/v2\/comments?post=147732"}],"version-history":[{"count":1,"href":"https:\/\/zxdoll.com\/fr\/wp-json\/wp\/v2\/product\/147732\/revisions"}],"predecessor-version":[{"id":147832,"href":"https:\/\/zxdoll.com\/fr\/wp-json\/wp\/v2\/product\/147732\/revisions\/147832"}],"wp:featuredmedia":[{"embeddable":true,"href":"https:\/\/zxdoll.com\/fr\/wp-json\/wp\/v2\/media\/147756"}],"wp:attachment":[{"href":"https:\/\/zxdoll.com\/fr\/wp-json\/wp\/v2\/media?parent=147732"}],"wp:term":[{"taxonomy":"product_brand","embeddable":true,"href":"https:\/\/zxdoll.com\/fr\/wp-json\/wp\/v2\/product_brand?post=147732"},{"taxonomy":"product_cat","embeddable":true,"href":"https:\/\/zxdoll.com\/fr\/wp-json\/wp\/v2\/product_cat?post=147732"},{"taxonomy":"product_tag","embeddable":true,"href":"https:\/\/zxdoll.com\/fr\/wp-json\/wp\/v2\/product_tag?post=147732"}],"curies":[{"name":"wp","href":"https:\/\/api.w.org\/{rel}","templated":true}]}}