{"id":138696,"date":"2023-08-04T23:03:59","date_gmt":"2023-08-04T15:03:59","guid":{"rendered":"https:\/\/zxdoll.com\/?post_type=product&#038;p=138696"},"modified":"2025-09-14T00:39:21","modified_gmt":"2025-09-13T16:39:21","slug":"huge-cock-uses-sex-doll-ass","status":"publish","type":"product","link":"https:\/\/zxdoll.com\/fr\/product\/huge-cock-uses-sex-doll-ass\/","title":{"rendered":"Une \u00e9norme bite utilise le cul de poup\u00e9e sexuelle Paola 158 cm"},"content":{"rendered":"<h4><strong>Images de poup\u00e9e de sexe<\/strong><\/h4>\n\t                <ul class=\"easy-image-gallery thumbnails-9 linked\">\r\n                    <li><a data-fancybox=\"gallery211\" href=\"https:\/\/zxdoll.com\/wp-content\/uploads\/2023\/08\/sex-doll-blonde-4r2x1-800x800.jpg\" class=\"eig-popup\" title=\"\" data-caption=\"\" target=\"_blank\"><i class=\"icon-view\"><\/i><span class=\"overlay\"><\/span><img decoding=\"async\" width=\"150\" height=\"150\" src=\"https:\/\/zxdoll.com\/wp-content\/uploads\/2023\/08\/sex-doll-blonde-4r2x1-150x150.jpg\" class=\"attachment-thumbnail size-thumbnail\" alt=\"\" srcset=\"https:\/\/zxdoll.com\/wp-content\/uploads\/2023\/08\/sex-doll-blonde-4r2x1-150x150.jpg 150w, https:\/\/zxdoll.com\/wp-content\/uploads\/2023\/08\/sex-doll-blonde-4r2x1-300x300.jpg 300w, https:\/\/zxdoll.com\/wp-content\/uploads\/2023\/08\/sex-doll-blonde-4r2x1-800x800.jpg 800w, https:\/\/zxdoll.com\/wp-content\/uploads\/2023\/08\/sex-doll-blonde-4r2x1-768x768.jpg 768w, https:\/\/zxdoll.com\/wp-content\/uploads\/2023\/08\/sex-doll-blonde-4r2x1-12x12.jpg 12w, https:\/\/zxdoll.com\/wp-content\/uploads\/2023\/08\/sex-doll-blonde-4r2x1-860x860.jpg 860w, https:\/\/zxdoll.com\/wp-content\/uploads\/2023\/08\/sex-doll-blonde-4r2x1-430x430.jpg 430w, https:\/\/zxdoll.com\/wp-content\/uploads\/2023\/08\/sex-doll-blonde-4r2x1-700x700.jpg 700w, https:\/\/zxdoll.com\/wp-content\/uploads\/2023\/08\/sex-doll-blonde-4r2x1.jpg 1000w\" sizes=\"(max-width: 150px) 100vw, 150px\" title=\"\"><\/a><\/li><li><a data-fancybox=\"gallery211\" href=\"https:\/\/zxdoll.com\/wp-content\/uploads\/2023\/08\/sex-doll-blonde-4r2x2-800x800.jpg\" class=\"eig-popup\" title=\"\" data-caption=\"\" target=\"_blank\"><i class=\"icon-view\"><\/i><span class=\"overlay\"><\/span><img decoding=\"async\" width=\"150\" height=\"150\" src=\"https:\/\/zxdoll.com\/wp-content\/uploads\/2023\/08\/sex-doll-blonde-4r2x2-150x150.jpg\" class=\"attachment-thumbnail size-thumbnail\" alt=\"\" srcset=\"https:\/\/zxdoll.com\/wp-content\/uploads\/2023\/08\/sex-doll-blonde-4r2x2-150x150.jpg 150w, https:\/\/zxdoll.com\/wp-content\/uploads\/2023\/08\/sex-doll-blonde-4r2x2-300x300.jpg 300w, https:\/\/zxdoll.com\/wp-content\/uploads\/2023\/08\/sex-doll-blonde-4r2x2-800x800.jpg 800w, https:\/\/zxdoll.com\/wp-content\/uploads\/2023\/08\/sex-doll-blonde-4r2x2-768x768.jpg 768w, https:\/\/zxdoll.com\/wp-content\/uploads\/2023\/08\/sex-doll-blonde-4r2x2-12x12.jpg 12w, https:\/\/zxdoll.com\/wp-content\/uploads\/2023\/08\/sex-doll-blonde-4r2x2-860x860.jpg 860w, https:\/\/zxdoll.com\/wp-content\/uploads\/2023\/08\/sex-doll-blonde-4r2x2-430x430.jpg 430w, https:\/\/zxdoll.com\/wp-content\/uploads\/2023\/08\/sex-doll-blonde-4r2x2-700x700.jpg 700w, https:\/\/zxdoll.com\/wp-content\/uploads\/2023\/08\/sex-doll-blonde-4r2x2.jpg 1000w\" sizes=\"(max-width: 150px) 100vw, 150px\" title=\"\"><\/a><\/li><li><a data-fancybox=\"gallery211\" href=\"https:\/\/zxdoll.com\/wp-content\/uploads\/2023\/08\/sex-doll-blonde-4r2x3-800x800.jpg\" class=\"eig-popup\" title=\"\" data-caption=\"\" target=\"_blank\"><i class=\"icon-view\"><\/i><span class=\"overlay\"><\/span><img decoding=\"async\" width=\"150\" height=\"150\" src=\"https:\/\/zxdoll.com\/wp-content\/uploads\/2023\/08\/sex-doll-blonde-4r2x3-150x150.jpg\" class=\"attachment-thumbnail size-thumbnail\" alt=\"\" srcset=\"https:\/\/zxdoll.com\/wp-content\/uploads\/2023\/08\/sex-doll-blonde-4r2x3-150x150.jpg 150w, https:\/\/zxdoll.com\/wp-content\/uploads\/2023\/08\/sex-doll-blonde-4r2x3-300x300.jpg 300w, https:\/\/zxdoll.com\/wp-content\/uploads\/2023\/08\/sex-doll-blonde-4r2x3-800x800.jpg 800w, https:\/\/zxdoll.com\/wp-content\/uploads\/2023\/08\/sex-doll-blonde-4r2x3-768x768.jpg 768w, https:\/\/zxdoll.com\/wp-content\/uploads\/2023\/08\/sex-doll-blonde-4r2x3-12x12.jpg 12w, https:\/\/zxdoll.com\/wp-content\/uploads\/2023\/08\/sex-doll-blonde-4r2x3-860x860.jpg 860w, https:\/\/zxdoll.com\/wp-content\/uploads\/2023\/08\/sex-doll-blonde-4r2x3-430x430.jpg 430w, https:\/\/zxdoll.com\/wp-content\/uploads\/2023\/08\/sex-doll-blonde-4r2x3-700x700.jpg 700w, https:\/\/zxdoll.com\/wp-content\/uploads\/2023\/08\/sex-doll-blonde-4r2x3.jpg 1000w\" sizes=\"(max-width: 150px) 100vw, 150px\" title=\"\"><\/a><\/li><li><a data-fancybox=\"gallery211\" href=\"https:\/\/zxdoll.com\/wp-content\/uploads\/2023\/08\/sex-doll-blonde-4r2x4-800x800.jpg\" class=\"eig-popup\" title=\"\" data-caption=\"\" target=\"_blank\"><i class=\"icon-view\"><\/i><span class=\"overlay\"><\/span><img loading=\"lazy\" decoding=\"async\" width=\"150\" height=\"150\" src=\"https:\/\/zxdoll.com\/wp-content\/uploads\/2023\/08\/sex-doll-blonde-4r2x4-150x150.jpg\" class=\"attachment-thumbnail size-thumbnail\" alt=\"\" srcset=\"https:\/\/zxdoll.com\/wp-content\/uploads\/2023\/08\/sex-doll-blonde-4r2x4-150x150.jpg 150w, https:\/\/zxdoll.com\/wp-content\/uploads\/2023\/08\/sex-doll-blonde-4r2x4-300x300.jpg 300w, https:\/\/zxdoll.com\/wp-content\/uploads\/2023\/08\/sex-doll-blonde-4r2x4-800x800.jpg 800w, https:\/\/zxdoll.com\/wp-content\/uploads\/2023\/08\/sex-doll-blonde-4r2x4-768x768.jpg 768w, https:\/\/zxdoll.com\/wp-content\/uploads\/2023\/08\/sex-doll-blonde-4r2x4-12x12.jpg 12w, https:\/\/zxdoll.com\/wp-content\/uploads\/2023\/08\/sex-doll-blonde-4r2x4-860x860.jpg 860w, https:\/\/zxdoll.com\/wp-content\/uploads\/2023\/08\/sex-doll-blonde-4r2x4-430x430.jpg 430w, https:\/\/zxdoll.com\/wp-content\/uploads\/2023\/08\/sex-doll-blonde-4r2x4-700x700.jpg 700w, https:\/\/zxdoll.com\/wp-content\/uploads\/2023\/08\/sex-doll-blonde-4r2x4.jpg 1000w\" sizes=\"(max-width: 150px) 100vw, 150px\" title=\"\"><\/a><\/li><li><a data-fancybox=\"gallery211\" href=\"https:\/\/zxdoll.com\/wp-content\/uploads\/2023\/08\/sex-doll-blonde-4r2x5-800x800.jpg\" class=\"eig-popup\" title=\"\" data-caption=\"\" target=\"_blank\"><i class=\"icon-view\"><\/i><span class=\"overlay\"><\/span><img loading=\"lazy\" decoding=\"async\" width=\"150\" height=\"150\" src=\"https:\/\/zxdoll.com\/wp-content\/uploads\/2023\/08\/sex-doll-blonde-4r2x5-150x150.jpg\" class=\"attachment-thumbnail size-thumbnail\" alt=\"\" srcset=\"https:\/\/zxdoll.com\/wp-content\/uploads\/2023\/08\/sex-doll-blonde-4r2x5-150x150.jpg 150w, https:\/\/zxdoll.com\/wp-content\/uploads\/2023\/08\/sex-doll-blonde-4r2x5-300x300.jpg 300w, https:\/\/zxdoll.com\/wp-content\/uploads\/2023\/08\/sex-doll-blonde-4r2x5-800x800.jpg 800w, https:\/\/zxdoll.com\/wp-content\/uploads\/2023\/08\/sex-doll-blonde-4r2x5-768x768.jpg 768w, https:\/\/zxdoll.com\/wp-content\/uploads\/2023\/08\/sex-doll-blonde-4r2x5-12x12.jpg 12w, https:\/\/zxdoll.com\/wp-content\/uploads\/2023\/08\/sex-doll-blonde-4r2x5-860x860.jpg 860w, https:\/\/zxdoll.com\/wp-content\/uploads\/2023\/08\/sex-doll-blonde-4r2x5-430x430.jpg 430w, https:\/\/zxdoll.com\/wp-content\/uploads\/2023\/08\/sex-doll-blonde-4r2x5-700x700.jpg 700w, https:\/\/zxdoll.com\/wp-content\/uploads\/2023\/08\/sex-doll-blonde-4r2x5.jpg 1000w\" sizes=\"(max-width: 150px) 100vw, 150px\" title=\"\"><\/a><\/li><li><a data-fancybox=\"gallery211\" href=\"https:\/\/zxdoll.com\/wp-content\/uploads\/2023\/08\/sex-doll-blonde-4r2x6-800x800.jpg\" class=\"eig-popup\" title=\"\" data-caption=\"\" target=\"_blank\"><i class=\"icon-view\"><\/i><span class=\"overlay\"><\/span><img loading=\"lazy\" decoding=\"async\" width=\"150\" height=\"150\" src=\"https:\/\/zxdoll.com\/wp-content\/uploads\/2023\/08\/sex-doll-blonde-4r2x6-150x150.jpg\" class=\"attachment-thumbnail size-thumbnail\" alt=\"\" srcset=\"https:\/\/zxdoll.com\/wp-content\/uploads\/2023\/08\/sex-doll-blonde-4r2x6-150x150.jpg 150w, https:\/\/zxdoll.com\/wp-content\/uploads\/2023\/08\/sex-doll-blonde-4r2x6-300x300.jpg 300w, https:\/\/zxdoll.com\/wp-content\/uploads\/2023\/08\/sex-doll-blonde-4r2x6-800x800.jpg 800w, https:\/\/zxdoll.com\/wp-content\/uploads\/2023\/08\/sex-doll-blonde-4r2x6-768x768.jpg 768w, https:\/\/zxdoll.com\/wp-content\/uploads\/2023\/08\/sex-doll-blonde-4r2x6-12x12.jpg 12w, https:\/\/zxdoll.com\/wp-content\/uploads\/2023\/08\/sex-doll-blonde-4r2x6-860x860.jpg 860w, https:\/\/zxdoll.com\/wp-content\/uploads\/2023\/08\/sex-doll-blonde-4r2x6-430x430.jpg 430w, https:\/\/zxdoll.com\/wp-content\/uploads\/2023\/08\/sex-doll-blonde-4r2x6-700x700.jpg 700w, https:\/\/zxdoll.com\/wp-content\/uploads\/2023\/08\/sex-doll-blonde-4r2x6.jpg 1000w\" sizes=\"(max-width: 150px) 100vw, 150px\" title=\"\"><\/a><\/li><li><a data-fancybox=\"gallery211\" href=\"https:\/\/zxdoll.com\/wp-content\/uploads\/2023\/08\/sex-doll-blonde-4r2x7-800x800.jpg\" class=\"eig-popup\" title=\"\" data-caption=\"\" target=\"_blank\"><i class=\"icon-view\"><\/i><span class=\"overlay\"><\/span><img loading=\"lazy\" decoding=\"async\" width=\"150\" height=\"150\" src=\"https:\/\/zxdoll.com\/wp-content\/uploads\/2023\/08\/sex-doll-blonde-4r2x7-150x150.jpg\" class=\"attachment-thumbnail size-thumbnail\" alt=\"\" srcset=\"https:\/\/zxdoll.com\/wp-content\/uploads\/2023\/08\/sex-doll-blonde-4r2x7-150x150.jpg 150w, https:\/\/zxdoll.com\/wp-content\/uploads\/2023\/08\/sex-doll-blonde-4r2x7-300x300.jpg 300w, https:\/\/zxdoll.com\/wp-content\/uploads\/2023\/08\/sex-doll-blonde-4r2x7-800x800.jpg 800w, https:\/\/zxdoll.com\/wp-content\/uploads\/2023\/08\/sex-doll-blonde-4r2x7-768x768.jpg 768w, https:\/\/zxdoll.com\/wp-content\/uploads\/2023\/08\/sex-doll-blonde-4r2x7-12x12.jpg 12w, https:\/\/zxdoll.com\/wp-content\/uploads\/2023\/08\/sex-doll-blonde-4r2x7-860x860.jpg 860w, https:\/\/zxdoll.com\/wp-content\/uploads\/2023\/08\/sex-doll-blonde-4r2x7-430x430.jpg 430w, https:\/\/zxdoll.com\/wp-content\/uploads\/2023\/08\/sex-doll-blonde-4r2x7-700x700.jpg 700w, https:\/\/zxdoll.com\/wp-content\/uploads\/2023\/08\/sex-doll-blonde-4r2x7.jpg 1000w\" sizes=\"(max-width: 150px) 100vw, 150px\" title=\"\"><\/a><\/li><li><a data-fancybox=\"gallery211\" href=\"https:\/\/zxdoll.com\/wp-content\/uploads\/2023\/08\/sex-doll-blonde-4r2x8-800x800.jpg\" class=\"eig-popup\" title=\"\" data-caption=\"\" target=\"_blank\"><i class=\"icon-view\"><\/i><span class=\"overlay\"><\/span><img loading=\"lazy\" decoding=\"async\" width=\"150\" height=\"150\" src=\"https:\/\/zxdoll.com\/wp-content\/uploads\/2023\/08\/sex-doll-blonde-4r2x8-150x150.jpg\" class=\"attachment-thumbnail size-thumbnail\" alt=\"\" srcset=\"https:\/\/zxdoll.com\/wp-content\/uploads\/2023\/08\/sex-doll-blonde-4r2x8-150x150.jpg 150w, https:\/\/zxdoll.com\/wp-content\/uploads\/2023\/08\/sex-doll-blonde-4r2x8-300x300.jpg 300w, https:\/\/zxdoll.com\/wp-content\/uploads\/2023\/08\/sex-doll-blonde-4r2x8-800x800.jpg 800w, https:\/\/zxdoll.com\/wp-content\/uploads\/2023\/08\/sex-doll-blonde-4r2x8-768x768.jpg 768w, https:\/\/zxdoll.com\/wp-content\/uploads\/2023\/08\/sex-doll-blonde-4r2x8-12x12.jpg 12w, https:\/\/zxdoll.com\/wp-content\/uploads\/2023\/08\/sex-doll-blonde-4r2x8-860x860.jpg 860w, https:\/\/zxdoll.com\/wp-content\/uploads\/2023\/08\/sex-doll-blonde-4r2x8-430x430.jpg 430w, https:\/\/zxdoll.com\/wp-content\/uploads\/2023\/08\/sex-doll-blonde-4r2x8-700x700.jpg 700w, https:\/\/zxdoll.com\/wp-content\/uploads\/2023\/08\/sex-doll-blonde-4r2x8.jpg 1000w\" sizes=\"(max-width: 150px) 100vw, 150px\" title=\"\"><\/a><\/li><li><a data-fancybox=\"gallery211\" href=\"https:\/\/zxdoll.com\/wp-content\/uploads\/2023\/08\/sex-doll-blonde-4r2x9-533x800.jpg\" class=\"eig-popup\" title=\"\" data-caption=\"\" target=\"_blank\"><i class=\"icon-view\"><\/i><span class=\"overlay\"><\/span><img loading=\"lazy\" decoding=\"async\" width=\"150\" height=\"150\" src=\"https:\/\/zxdoll.com\/wp-content\/uploads\/2023\/08\/sex-doll-blonde-4r2x9-150x150.jpg\" class=\"attachment-thumbnail size-thumbnail\" alt=\"\" title=\"\"><\/a><\/li><\/ul>\n<h4>Tableaux des tailles<\/h4>\n<table width=\"334\">\n<tbody>\n<tr>\n<td width=\"145\">Mat\u00e9riel<\/td>\n<td width=\"189\">TPE<\/td>\n<\/tr>\n<tr>\n<td>Hauteur<\/td>\n<td>158cm<\/td>\n<\/tr>\n<tr>\n<td>Sein<\/td>\n<td>82cm<\/td>\n<\/tr>\n<tr>\n<td>Taille<\/td>\n<td>44cm<\/td>\n<\/tr>\n<tr>\n<td>Hanche<\/td>\n<td>80cm<\/td>\n<\/tr>\n<tr>\n<td>Longueur de jambe<\/td>\n<td>85cm<\/td>\n<\/tr>\n<tr>\n<td>Longueur du pied<\/td>\n<td>19cm<\/td>\n<\/tr>\n<tr>\n<td>Profondeur du vagin<\/td>\n<td>17cm<\/td>\n<\/tr>\n<tr>\n<td>Profondeur anale<\/td>\n<td>17cm<\/td>\n<\/tr>\n<tr>\n<td>Profondeur orale<\/td>\n<td>12cm<\/td>\n<\/tr>\n<tr>\n<td>Poids net<\/td>\n<td>30KG<\/td>\n<\/tr>\n<\/tbody>\n<\/table>\n<h4>\u00c0 propos de la poup\u00e9e sexuelle<\/h4>\n<p>&nbsp;<\/p>","protected":false},"excerpt":{"rendered":"<p>Images de poup\u00e9es sexuelles Tableau des tailles Mat\u00e9riau TPE Hauteur 158 cm Poitrine 82 cm Taille 44 cm Hanche 80 cm Longueur de jambe 85 cm Longueur du pied<\/p>","protected":false},"featured_media":138707,"comment_status":"open","ping_status":"closed","template":"","meta":[],"product_brand":[],"product_cat":[171,112,228,107,117,119],"product_tag":[],"class_list":{"0":"post-138696","1":"product","2":"type-product","3":"status-publish","4":"has-post-thumbnail","6":"product_cat-naked-sex-doll","7":"product_cat-150cm-159cm-sex-dolls","8":"product_cat-26kg-30kg","9":"product_cat-skinny-sex-dolls","10":"product_cat-small-breast-sex-doll","11":"product_cat-tpe-sex-doll","12":"pa_brand-cos-doll","13":"tm-has-options","15":"first","16":"instock","17":"sale","18":"shipping-taxable","19":"purchasable","20":"product-type-simple"},"_links":{"self":[{"href":"https:\/\/zxdoll.com\/fr\/wp-json\/wp\/v2\/product\/138696","targetHints":{"allow":["GET"]}}],"collection":[{"href":"https:\/\/zxdoll.com\/fr\/wp-json\/wp\/v2\/product"}],"about":[{"href":"https:\/\/zxdoll.com\/fr\/wp-json\/wp\/v2\/types\/product"}],"replies":[{"embeddable":true,"href":"https:\/\/zxdoll.com\/fr\/wp-json\/wp\/v2\/comments?post=138696"}],"version-history":[{"count":2,"href":"https:\/\/zxdoll.com\/fr\/wp-json\/wp\/v2\/product\/138696\/revisions"}],"predecessor-version":[{"id":138747,"href":"https:\/\/zxdoll.com\/fr\/wp-json\/wp\/v2\/product\/138696\/revisions\/138747"}],"wp:featuredmedia":[{"embeddable":true,"href":"https:\/\/zxdoll.com\/fr\/wp-json\/wp\/v2\/media\/138707"}],"wp:attachment":[{"href":"https:\/\/zxdoll.com\/fr\/wp-json\/wp\/v2\/media?parent=138696"}],"wp:term":[{"taxonomy":"product_brand","embeddable":true,"href":"https:\/\/zxdoll.com\/fr\/wp-json\/wp\/v2\/product_brand?post=138696"},{"taxonomy":"product_cat","embeddable":true,"href":"https:\/\/zxdoll.com\/fr\/wp-json\/wp\/v2\/product_cat?post=138696"},{"taxonomy":"product_tag","embeddable":true,"href":"https:\/\/zxdoll.com\/fr\/wp-json\/wp\/v2\/product_tag?post=138696"}],"curies":[{"name":"wp","href":"https:\/\/api.w.org\/{rel}","templated":true}]}}