{"id":124696,"date":"2023-07-27T22:35:13","date_gmt":"2023-07-27T14:35:13","guid":{"rendered":"https:\/\/zxdoll.com\/?post_type=product&#038;p=124696"},"modified":"2025-09-14T23:32:23","modified_gmt":"2025-09-14T15:32:23","slug":"sex-doll-with-inch-cock-ass","status":"publish","type":"product","link":"https:\/\/zxdoll.com\/fr\/product\/sex-doll-with-inch-cock-ass\/","title":{"rendered":"Ashley Doll Sex Galleries Gros Seins Neilla 168cm"},"content":{"rendered":"<h4><strong>Images de poup\u00e9e de sexe<\/strong><\/h4>\n\t                <ul class=\"easy-image-gallery thumbnails-22 linked\">\r\n                    <li><a data-fancybox=\"gallery283\" href=\"https:\/\/zxdoll.com\/wp-content\/uploads\/2023\/07\/white-girl-doll-fhlx1-533x800.jpg\" class=\"eig-popup\" title=\"\" data-caption=\"\" target=\"_blank\"><i class=\"icon-view\"><\/i><span class=\"overlay\"><\/span><img decoding=\"async\" width=\"150\" height=\"150\" src=\"https:\/\/zxdoll.com\/wp-content\/uploads\/2023\/07\/white-girl-doll-fhlx1-150x150.jpg\" class=\"attachment-thumbnail size-thumbnail\" alt=\"\" title=\"\"><\/a><\/li><li><a data-fancybox=\"gallery283\" href=\"https:\/\/zxdoll.com\/wp-content\/uploads\/2023\/07\/white-girl-doll-fhlx2-533x800.jpg\" class=\"eig-popup\" title=\"\" data-caption=\"\" target=\"_blank\"><i class=\"icon-view\"><\/i><span class=\"overlay\"><\/span><img decoding=\"async\" width=\"150\" height=\"150\" src=\"https:\/\/zxdoll.com\/wp-content\/uploads\/2023\/07\/white-girl-doll-fhlx2-150x150.jpg\" class=\"attachment-thumbnail size-thumbnail\" alt=\"\" title=\"\"><\/a><\/li><li><a data-fancybox=\"gallery283\" href=\"https:\/\/zxdoll.com\/wp-content\/uploads\/2023\/07\/white-girl-doll-fhlx6-533x800.jpg\" class=\"eig-popup\" title=\"\" data-caption=\"\" target=\"_blank\"><i class=\"icon-view\"><\/i><span class=\"overlay\"><\/span><img decoding=\"async\" width=\"150\" height=\"150\" src=\"https:\/\/zxdoll.com\/wp-content\/uploads\/2023\/07\/white-girl-doll-fhlx6-150x150.jpg\" class=\"attachment-thumbnail size-thumbnail\" alt=\"\" title=\"\"><\/a><\/li><li><a data-fancybox=\"gallery283\" href=\"https:\/\/zxdoll.com\/wp-content\/uploads\/2023\/07\/white-girl-doll-fhlx7.jpg\" class=\"eig-popup\" title=\"\" data-caption=\"\" target=\"_blank\"><i class=\"icon-view\"><\/i><span class=\"overlay\"><\/span><img loading=\"lazy\" decoding=\"async\" width=\"100\" height=\"150\" src=\"https:\/\/zxdoll.com\/wp-content\/uploads\/2023\/07\/white-girl-doll-fhlx7.jpg\" class=\"attachment-thumbnail size-thumbnail\" alt=\"\" title=\"\"><\/a><\/li><li><a data-fancybox=\"gallery283\" href=\"https:\/\/zxdoll.com\/wp-content\/uploads\/2023\/07\/white-girl-doll-fhlx9-533x800.jpg\" class=\"eig-popup\" title=\"\" data-caption=\"\" target=\"_blank\"><i class=\"icon-view\"><\/i><span class=\"overlay\"><\/span><img loading=\"lazy\" decoding=\"async\" width=\"150\" height=\"150\" src=\"https:\/\/zxdoll.com\/wp-content\/uploads\/2023\/07\/white-girl-doll-fhlx9-150x150.jpg\" class=\"attachment-thumbnail size-thumbnail\" alt=\"\" title=\"\"><\/a><\/li><li><a data-fancybox=\"gallery283\" href=\"https:\/\/zxdoll.com\/wp-content\/uploads\/2023\/07\/white-girl-doll-fhlx11-533x800.jpg\" class=\"eig-popup\" title=\"\" data-caption=\"\" target=\"_blank\"><i class=\"icon-view\"><\/i><span class=\"overlay\"><\/span><img loading=\"lazy\" decoding=\"async\" width=\"150\" height=\"150\" src=\"https:\/\/zxdoll.com\/wp-content\/uploads\/2023\/07\/white-girl-doll-fhlx11-150x150.jpg\" class=\"attachment-thumbnail size-thumbnail\" alt=\"\" title=\"\"><\/a><\/li><li><a data-fancybox=\"gallery283\" href=\"https:\/\/zxdoll.com\/wp-content\/uploads\/2023\/07\/white-girl-doll-fhlx12-533x800.jpg\" class=\"eig-popup\" title=\"\" data-caption=\"\" target=\"_blank\"><i class=\"icon-view\"><\/i><span class=\"overlay\"><\/span><img loading=\"lazy\" decoding=\"async\" width=\"150\" height=\"150\" src=\"https:\/\/zxdoll.com\/wp-content\/uploads\/2023\/07\/white-girl-doll-fhlx12-150x150.jpg\" class=\"attachment-thumbnail size-thumbnail\" alt=\"\" title=\"\"><\/a><\/li><li><a data-fancybox=\"gallery283\" href=\"https:\/\/zxdoll.com\/wp-content\/uploads\/2023\/07\/white-girl-doll-fhlx13-533x800.jpg\" class=\"eig-popup\" title=\"\" data-caption=\"\" target=\"_blank\"><i class=\"icon-view\"><\/i><span class=\"overlay\"><\/span><img loading=\"lazy\" decoding=\"async\" width=\"150\" height=\"150\" src=\"https:\/\/zxdoll.com\/wp-content\/uploads\/2023\/07\/white-girl-doll-fhlx13-150x150.jpg\" class=\"attachment-thumbnail size-thumbnail\" alt=\"\" title=\"\"><\/a><\/li><li><a data-fancybox=\"gallery283\" href=\"https:\/\/zxdoll.com\/wp-content\/uploads\/2023\/07\/white-girl-doll-fhlx16.jpg\" class=\"eig-popup\" title=\"\" data-caption=\"\" target=\"_blank\"><i class=\"icon-view\"><\/i><span class=\"overlay\"><\/span><img loading=\"lazy\" decoding=\"async\" width=\"150\" height=\"150\" src=\"https:\/\/zxdoll.com\/wp-content\/uploads\/2023\/07\/white-girl-doll-fhlx16-150x150.jpg\" class=\"attachment-thumbnail size-thumbnail\" alt=\"\" title=\"\"><\/a><\/li><li><a data-fancybox=\"gallery283\" href=\"https:\/\/zxdoll.com\/wp-content\/uploads\/2023\/07\/white-girl-doll-fhlx22-533x800.jpg\" class=\"eig-popup\" title=\"\" data-caption=\"\" target=\"_blank\"><i class=\"icon-view\"><\/i><span class=\"overlay\"><\/span><img loading=\"lazy\" decoding=\"async\" width=\"150\" height=\"150\" src=\"https:\/\/zxdoll.com\/wp-content\/uploads\/2023\/07\/white-girl-doll-fhlx22-150x150.jpg\" class=\"attachment-thumbnail size-thumbnail\" alt=\"\" title=\"\"><\/a><\/li><li><a data-fancybox=\"gallery283\" href=\"https:\/\/zxdoll.com\/wp-content\/uploads\/2023\/07\/white-girl-doll-fhlx25.jpg\" class=\"eig-popup\" title=\"\" data-caption=\"\" target=\"_blank\"><i class=\"icon-view\"><\/i><span class=\"overlay\"><\/span><img loading=\"lazy\" decoding=\"async\" width=\"150\" height=\"150\" src=\"https:\/\/zxdoll.com\/wp-content\/uploads\/2023\/07\/white-girl-doll-fhlx25-150x150.jpg\" class=\"attachment-thumbnail size-thumbnail\" alt=\"\" title=\"\"><\/a><\/li><li><a data-fancybox=\"gallery283\" href=\"https:\/\/zxdoll.com\/wp-content\/uploads\/2023\/07\/white-girl-doll-fhlx26-533x800.jpg\" class=\"eig-popup\" title=\"\" data-caption=\"\" target=\"_blank\"><i class=\"icon-view\"><\/i><span class=\"overlay\"><\/span><img loading=\"lazy\" decoding=\"async\" width=\"150\" height=\"150\" src=\"https:\/\/zxdoll.com\/wp-content\/uploads\/2023\/07\/white-girl-doll-fhlx26-150x150.jpg\" class=\"attachment-thumbnail size-thumbnail\" alt=\"\" title=\"\"><\/a><\/li><li><a data-fancybox=\"gallery283\" href=\"https:\/\/zxdoll.com\/wp-content\/uploads\/2023\/07\/white-girl-doll-fhlx29.jpg\" class=\"eig-popup\" title=\"\" data-caption=\"\" target=\"_blank\"><i class=\"icon-view\"><\/i><span class=\"overlay\"><\/span><img loading=\"lazy\" decoding=\"async\" width=\"150\" height=\"150\" src=\"https:\/\/zxdoll.com\/wp-content\/uploads\/2023\/07\/white-girl-doll-fhlx29-150x150.jpg\" class=\"attachment-thumbnail size-thumbnail\" alt=\"\" title=\"\"><\/a><\/li><li><a data-fancybox=\"gallery283\" href=\"https:\/\/zxdoll.com\/wp-content\/uploads\/2023\/07\/white-girl-doll-fhlx30-533x800.jpg\" class=\"eig-popup\" title=\"\" data-caption=\"\" target=\"_blank\"><i class=\"icon-view\"><\/i><span class=\"overlay\"><\/span><img loading=\"lazy\" decoding=\"async\" width=\"150\" height=\"150\" src=\"https:\/\/zxdoll.com\/wp-content\/uploads\/2023\/07\/white-girl-doll-fhlx30-150x150.jpg\" class=\"attachment-thumbnail size-thumbnail\" alt=\"\" title=\"\"><\/a><\/li><li><a data-fancybox=\"gallery283\" href=\"https:\/\/zxdoll.com\/wp-content\/uploads\/2023\/07\/white-girl-doll-fhlx31-533x800.jpg\" class=\"eig-popup\" title=\"\" data-caption=\"\" target=\"_blank\"><i class=\"icon-view\"><\/i><span class=\"overlay\"><\/span><img loading=\"lazy\" decoding=\"async\" width=\"150\" height=\"150\" src=\"https:\/\/zxdoll.com\/wp-content\/uploads\/2023\/07\/white-girl-doll-fhlx31-150x150.jpg\" class=\"attachment-thumbnail size-thumbnail\" alt=\"\" title=\"\"><\/a><\/li><li><a data-fancybox=\"gallery283\" href=\"https:\/\/zxdoll.com\/wp-content\/uploads\/2023\/07\/white-girl-doll-fhlx32.jpg\" class=\"eig-popup\" title=\"\" data-caption=\"\" target=\"_blank\"><i class=\"icon-view\"><\/i><span class=\"overlay\"><\/span><img loading=\"lazy\" decoding=\"async\" width=\"150\" height=\"150\" src=\"https:\/\/zxdoll.com\/wp-content\/uploads\/2023\/07\/white-girl-doll-fhlx32-150x150.jpg\" class=\"attachment-thumbnail size-thumbnail\" alt=\"\" title=\"\"><\/a><\/li><li><a data-fancybox=\"gallery283\" href=\"https:\/\/zxdoll.com\/wp-content\/uploads\/2023\/07\/white-girl-doll-fhlx36-533x800.jpg\" class=\"eig-popup\" title=\"\" data-caption=\"\" target=\"_blank\"><i class=\"icon-view\"><\/i><span class=\"overlay\"><\/span><img loading=\"lazy\" decoding=\"async\" width=\"150\" height=\"150\" src=\"https:\/\/zxdoll.com\/wp-content\/uploads\/2023\/07\/white-girl-doll-fhlx36-150x150.jpg\" class=\"attachment-thumbnail size-thumbnail\" alt=\"\" title=\"\"><\/a><\/li><li><a data-fancybox=\"gallery283\" href=\"https:\/\/zxdoll.com\/wp-content\/uploads\/2023\/07\/white-girl-doll-fhlx37-533x800.jpg\" class=\"eig-popup\" title=\"\" data-caption=\"\" target=\"_blank\"><i class=\"icon-view\"><\/i><span class=\"overlay\"><\/span><img loading=\"lazy\" decoding=\"async\" width=\"150\" height=\"150\" src=\"https:\/\/zxdoll.com\/wp-content\/uploads\/2023\/07\/white-girl-doll-fhlx37-150x150.jpg\" class=\"attachment-thumbnail size-thumbnail\" alt=\"\" title=\"\"><\/a><\/li><li><a data-fancybox=\"gallery283\" href=\"https:\/\/zxdoll.com\/wp-content\/uploads\/2023\/07\/white-girl-doll-fhlx39-533x800.jpg\" class=\"eig-popup\" title=\"\" data-caption=\"\" target=\"_blank\"><i class=\"icon-view\"><\/i><span class=\"overlay\"><\/span><img loading=\"lazy\" decoding=\"async\" width=\"150\" height=\"150\" src=\"https:\/\/zxdoll.com\/wp-content\/uploads\/2023\/07\/white-girl-doll-fhlx39-150x150.jpg\" class=\"attachment-thumbnail size-thumbnail\" alt=\"\" title=\"\"><\/a><\/li><li><a data-fancybox=\"gallery283\" href=\"https:\/\/zxdoll.com\/wp-content\/uploads\/2023\/07\/white-girl-doll-fhlx41.jpg\" class=\"eig-popup\" title=\"\" data-caption=\"\" target=\"_blank\"><i class=\"icon-view\"><\/i><span class=\"overlay\"><\/span><img loading=\"lazy\" decoding=\"async\" width=\"150\" height=\"150\" src=\"https:\/\/zxdoll.com\/wp-content\/uploads\/2023\/07\/white-girl-doll-fhlx41-150x150.jpg\" class=\"attachment-thumbnail size-thumbnail\" alt=\"\" title=\"\"><\/a><\/li><li><a data-fancybox=\"gallery283\" href=\"https:\/\/zxdoll.com\/wp-content\/uploads\/2023\/07\/white-girl-doll-fhlx42-533x800.jpg\" class=\"eig-popup\" title=\"\" data-caption=\"\" target=\"_blank\"><i class=\"icon-view\"><\/i><span class=\"overlay\"><\/span><img loading=\"lazy\" decoding=\"async\" width=\"150\" height=\"150\" src=\"https:\/\/zxdoll.com\/wp-content\/uploads\/2023\/07\/white-girl-doll-fhlx42-150x150.jpg\" class=\"attachment-thumbnail size-thumbnail\" alt=\"\" title=\"\"><\/a><\/li><li><a data-fancybox=\"gallery283\" href=\"https:\/\/zxdoll.com\/wp-content\/uploads\/2023\/07\/white-girl-doll-fhlx44-533x800.jpg\" class=\"eig-popup\" title=\"\" data-caption=\"\" target=\"_blank\"><i class=\"icon-view\"><\/i><span class=\"overlay\"><\/span><img loading=\"lazy\" decoding=\"async\" width=\"150\" height=\"150\" src=\"https:\/\/zxdoll.com\/wp-content\/uploads\/2023\/07\/white-girl-doll-fhlx44-150x150.jpg\" class=\"attachment-thumbnail size-thumbnail\" alt=\"\" title=\"\"><\/a><\/li><\/ul>\n<h4>Tableaux des tailles<\/h4>\n<table width=\"269\">\n<tbody>\n<tr>\n<td width=\"130\">Mat\u00e9riel<\/td>\n<td width=\"139\">TPE<\/td>\n<\/tr>\n<tr>\n<td>Hauteur<\/td>\n<td>168cm<\/td>\n<\/tr>\n<tr>\n<td>Sein<\/td>\n<td>95cm<\/td>\n<\/tr>\n<tr>\n<td>Taille<\/td>\n<td>61cm<\/td>\n<\/tr>\n<tr>\n<td>Hanche<\/td>\n<td>98cm<\/td>\n<\/tr>\n<tr>\n<td>Largeur d&#039;\u00e9paule<\/td>\n<td>36cm<\/td>\n<\/tr>\n<tr>\n<td>Longueur de bras<\/td>\n<td>68cm<\/td>\n<\/tr>\n<tr>\n<td>Longueur de la main<\/td>\n<td>16cm<\/td>\n<\/tr>\n<tr>\n<td>Longueur de jambe<\/td>\n<td>97cm<\/td>\n<\/tr>\n<tr>\n<td>Cuisse Ligne<\/td>\n<td>57cm<\/td>\n<\/tr>\n<tr>\n<td>Ligne de mollet<\/td>\n<td>33cm<\/td>\n<\/tr>\n<tr>\n<td>Taille des pieds<\/td>\n<td>19cm<\/td>\n<\/tr>\n<tr>\n<td>Profondeur orale<\/td>\n<td>10 cm<\/td>\n<\/tr>\n<tr>\n<td>Profondeur du vagin<\/td>\n<td>14cm<\/td>\n<\/tr>\n<tr>\n<td>Profondeur anale<\/td>\n<td>10 cm<\/td>\n<\/tr>\n<tr>\n<td>Poids net<\/td>\n<td>44,8 kg<\/td>\n<\/tr>\n<\/tbody>\n<\/table>\n<h4>\u00c0 propos de la poup\u00e9e sexuelle<\/h4>\n<p>&nbsp;<\/p>","protected":false},"excerpt":{"rendered":"<p>Images de poup\u00e9es sexuelles Tableau des tailles Mat\u00e9riau TPE Hauteur 168 cm Poitrine 95 cm Taille 61 cm Hanche 98 cm Largeur des \u00e9paules 36 cm Longueur des bras<\/p>","protected":false},"featured_media":124708,"comment_status":"open","ping_status":"closed","template":"","meta":[],"product_brand":[],"product_cat":[165,75,231,116,107,119],"product_tag":[],"class_list":{"0":"post-124696","1":"product","2":"type-product","3":"status-publish","4":"has-post-thumbnail","6":"product_cat-fine-love-dolls","7":"product_cat-160cm-170cm-sex-dolls","8":"product_cat-41kg-45kg","9":"product_cat-big-boobs-sex-doll","10":"product_cat-skinny-sex-dolls","11":"product_cat-tpe-sex-doll","12":"pa_brand-qita-doll","13":"tm-has-options","15":"first","16":"instock","17":"sale","18":"shipping-taxable","19":"purchasable","20":"product-type-simple"},"_links":{"self":[{"href":"https:\/\/zxdoll.com\/fr\/wp-json\/wp\/v2\/product\/124696","targetHints":{"allow":["GET"]}}],"collection":[{"href":"https:\/\/zxdoll.com\/fr\/wp-json\/wp\/v2\/product"}],"about":[{"href":"https:\/\/zxdoll.com\/fr\/wp-json\/wp\/v2\/types\/product"}],"replies":[{"embeddable":true,"href":"https:\/\/zxdoll.com\/fr\/wp-json\/wp\/v2\/comments?post=124696"}],"version-history":[{"count":2,"href":"https:\/\/zxdoll.com\/fr\/wp-json\/wp\/v2\/product\/124696\/revisions"}],"predecessor-version":[{"id":197788,"href":"https:\/\/zxdoll.com\/fr\/wp-json\/wp\/v2\/product\/124696\/revisions\/197788"}],"wp:featuredmedia":[{"embeddable":true,"href":"https:\/\/zxdoll.com\/fr\/wp-json\/wp\/v2\/media\/124708"}],"wp:attachment":[{"href":"https:\/\/zxdoll.com\/fr\/wp-json\/wp\/v2\/media?parent=124696"}],"wp:term":[{"taxonomy":"product_brand","embeddable":true,"href":"https:\/\/zxdoll.com\/fr\/wp-json\/wp\/v2\/product_brand?post=124696"},{"taxonomy":"product_cat","embeddable":true,"href":"https:\/\/zxdoll.com\/fr\/wp-json\/wp\/v2\/product_cat?post=124696"},{"taxonomy":"product_tag","embeddable":true,"href":"https:\/\/zxdoll.com\/fr\/wp-json\/wp\/v2\/product_tag?post=124696"}],"curies":[{"name":"wp","href":"https:\/\/api.w.org\/{rel}","templated":true}]}}